{"id":42981,"date":"2024-05-29T12:57:40","date_gmt":"2024-05-29T10:57:40","guid":{"rendered":"https:\/\/www.booksonthemove.fr\/produit\/la-decolonisation-nest-pas-une-metaphore\/"},"modified":"2025-05-30T11:56:28","modified_gmt":"2025-05-30T09:56:28","slug":"la-decolonisation-nest-pas-une-metaphore","status":"publish","type":"product","link":"https:\/\/www.booksonthemove.fr\/en\/produit\/la-decolonisation-nest-pas-une-metaphore\/","title":{"rendered":"La d\u00e9colonisation n&#8217;est pas une m\u00e9taphore"},"content":{"rendered":"<p>Dans cet essai, Eve Tuck et K. Wayne Yang rappellent une chose simple : la d\u00e9colonisation, c\u2019est la restitution aux autochtones de leurs vies et de leurs terres. Elle n&#8217;est pas la m\u00e9taphore d&#8217;autre chose, quand bien m\u00eame cette autre chose tendrait \u00e0 am\u00e9liorer nos soci\u00e9t\u00e9s. Les luttes pour la justice sociale, l\u2019\u00e9laboration de m\u00e9thodologies critiques ou le d\u00e9centrement des perspectives coloniales, si importants soient-ils, ont des objectifs qui ne convergent pas n\u00e9cessairement avec le processus de d\u00e9colonisation. La m\u00e9taphorisation de la d\u00e9colonisation donne acc\u00e8s \u00e0 toute une gamme d&#8217;esquives, ou \u00ab man\u0153uvres de disculpation \u00bb, qui permet souvent de se r\u00e9concilier avec la situation coloniale.<\/p>\n","protected":false},"excerpt":{"rendered":"<p><b>AUTEUR.ES : <\/b>Eve Tuck et Wayne Yang<br \/>\n<b>EDITEUR : <\/b>rot-bo-krik (2022)<\/p>\n<p><strong>BROCH\u00c9 :<\/strong>\u00a0128 pages<br \/>\n<b>LANGUE : <\/b>Fran\u00e7ais<br \/>\n<strong>ISBN13 :<\/strong> 978-2-9580620-2-6<\/p>\n","protected":false},"featured_media":42980,"template":"","meta":[],"product_brand":[],"product_cat":[727,162],"product_tag":[],"class_list":{"0":"post-42981","1":"product","2":"type-product","3":"status-publish","4":"has-post-thumbnail","6":"product_cat-anti-postcolonialism-en","7":"product_cat-french-en","9":"first","10":"instock","11":"taxable","12":"shipping-taxable","13":"purchasable","14":"product-type-simple"},"yoast_head":"<!-- This site is optimized with the Yoast SEO plugin v27.5 - https:\/\/yoast.com\/product\/yoast-seo-wordpress\/ -->\n<title>La d\u00e9colonisation n&#039;est pas une m\u00e9taphore - Books on the Move<\/title>\n<meta name=\"robots\" content=\"index, follow, max-snippet:-1, max-image-preview:large, max-video-preview:-1\" \/>\n<link rel=\"canonical\" href=\"https:\/\/www.booksonthemove.fr\/produit\/la-decolonisation-nest-pas-une-metaphore\/\" \/>\n<meta property=\"og:locale\" content=\"en_US\" \/>\n<meta property=\"og:type\" content=\"article\" \/>\n<meta property=\"og:title\" content=\"La d\u00e9colonisation n&#039;est pas une m\u00e9taphore - Books on the Move\" \/>\n<meta property=\"og:description\" content=\"AUTEUR.ES : Eve Tuck et Wayne Yang EDITEUR : rot-bo-krik (2022)  BROCH\u00c9 :\u00a0128 pages LANGUE : Fran\u00e7ais ISBN13 : 978-2-9580620-2-6\" \/>\n<meta property=\"og:url\" content=\"https:\/\/www.booksonthemove.fr\/produit\/la-decolonisation-nest-pas-une-metaphore\/\" \/>\n<meta property=\"og:site_name\" content=\"Books on the Move\" \/>\n<meta property=\"article:publisher\" content=\"https:\/\/www.facebook.com\/Librairiebooksonthemove\/\" \/>\n<meta property=\"article:modified_time\" content=\"2025-05-30T09:56:28+00:00\" \/>\n<meta property=\"og:image\" content=\"https:\/\/www.booksonthemove.fr\/media\/bom_2719.jpeg\" \/>\n\t<meta property=\"og:image:width\" content=\"618\" \/>\n\t<meta property=\"og:image:height\" content=\"900\" \/>\n\t<meta property=\"og:image:type\" content=\"image\/jpeg\" \/>\n<meta name=\"twitter:card\" content=\"summary_large_image\" \/>\n<script type=\"application\/ld+json\" class=\"yoast-schema-graph\">{\"@context\":\"https:\\\/\\\/schema.org\",\"@graph\":[{\"@type\":\"WebPage\",\"@id\":\"https:\\\/\\\/www.booksonthemove.fr\\\/produit\\\/la-decolonisation-nest-pas-une-metaphore\\\/\",\"url\":\"https:\\\/\\\/www.booksonthemove.fr\\\/produit\\\/la-decolonisation-nest-pas-une-metaphore\\\/\",\"name\":\"La d\u00e9colonisation n'est pas une m\u00e9taphore - Books on the Move\",\"isPartOf\":{\"@id\":\"https:\\\/\\\/www.booksonthemove.fr\\\/#website\"},\"primaryImageOfPage\":{\"@id\":\"https:\\\/\\\/www.booksonthemove.fr\\\/produit\\\/la-decolonisation-nest-pas-une-metaphore\\\/#primaryimage\"},\"image\":{\"@id\":\"https:\\\/\\\/www.booksonthemove.fr\\\/produit\\\/la-decolonisation-nest-pas-une-metaphore\\\/#primaryimage\"},\"thumbnailUrl\":\"https:\\\/\\\/www.booksonthemove.fr\\\/media\\\/bom_2719.jpeg\",\"datePublished\":\"2024-05-29T10:57:40+00:00\",\"dateModified\":\"2025-05-30T09:56:28+00:00\",\"breadcrumb\":{\"@id\":\"https:\\\/\\\/www.booksonthemove.fr\\\/produit\\\/la-decolonisation-nest-pas-une-metaphore\\\/#breadcrumb\"},\"inLanguage\":\"en-US\",\"potentialAction\":[{\"@type\":\"ReadAction\",\"target\":[\"https:\\\/\\\/www.booksonthemove.fr\\\/produit\\\/la-decolonisation-nest-pas-une-metaphore\\\/\"]}]},{\"@type\":\"ImageObject\",\"inLanguage\":\"en-US\",\"@id\":\"https:\\\/\\\/www.booksonthemove.fr\\\/produit\\\/la-decolonisation-nest-pas-une-metaphore\\\/#primaryimage\",\"url\":\"https:\\\/\\\/www.booksonthemove.fr\\\/media\\\/bom_2719.jpeg\",\"contentUrl\":\"https:\\\/\\\/www.booksonthemove.fr\\\/media\\\/bom_2719.jpeg\",\"width\":618,\"height\":900},{\"@type\":\"BreadcrumbList\",\"@id\":\"https:\\\/\\\/www.booksonthemove.fr\\\/produit\\\/la-decolonisation-nest-pas-une-metaphore\\\/#breadcrumb\",\"itemListElement\":[{\"@type\":\"ListItem\",\"position\":1,\"name\":\"Accueil\",\"item\":\"https:\\\/\\\/www.booksonthemove.fr\\\/en\\\/\"},{\"@type\":\"ListItem\",\"position\":2,\"name\":\"online store\",\"item\":\"https:\\\/\\\/www.booksonthemove.fr\\\/en\\\/online-shop\\\/\"},{\"@type\":\"ListItem\",\"position\":3,\"name\":\"La d\u00e9colonisation n&rsquo;est pas une m\u00e9taphore\"}]},{\"@type\":\"WebSite\",\"@id\":\"https:\\\/\\\/www.booksonthemove.fr\\\/#website\",\"url\":\"https:\\\/\\\/www.booksonthemove.fr\\\/\",\"name\":\"Books on the Move\",\"description\":\"librairie nomade - danse - mouvement - performance\",\"publisher\":{\"@id\":\"https:\\\/\\\/www.booksonthemove.fr\\\/#organization\"},\"potentialAction\":[{\"@type\":\"SearchAction\",\"target\":{\"@type\":\"EntryPoint\",\"urlTemplate\":\"https:\\\/\\\/www.booksonthemove.fr\\\/?s={search_term_string}\"},\"query-input\":{\"@type\":\"PropertyValueSpecification\",\"valueRequired\":true,\"valueName\":\"search_term_string\"}}],\"inLanguage\":\"en-US\"},{\"@type\":\"Organization\",\"@id\":\"https:\\\/\\\/www.booksonthemove.fr\\\/#organization\",\"name\":\"Books on the Move\",\"url\":\"https:\\\/\\\/www.booksonthemove.fr\\\/\",\"logo\":{\"@type\":\"ImageObject\",\"inLanguage\":\"en-US\",\"@id\":\"https:\\\/\\\/www.booksonthemove.fr\\\/#\\\/schema\\\/logo\\\/image\\\/\",\"url\":\"https:\\\/\\\/www.booksonthemove.fr\\\/media\\\/logo-NB-400.jpg\",\"contentUrl\":\"https:\\\/\\\/www.booksonthemove.fr\\\/media\\\/logo-NB-400.jpg\",\"width\":400,\"height\":143,\"caption\":\"Books on the Move\"},\"image\":{\"@id\":\"https:\\\/\\\/www.booksonthemove.fr\\\/#\\\/schema\\\/logo\\\/image\\\/\"},\"sameAs\":[\"https:\\\/\\\/www.facebook.com\\\/Librairiebooksonthemove\\\/\"]}]}<\/script>\n<!-- \/ Yoast SEO plugin. -->","yoast_head_json":{"title":"La d\u00e9colonisation n'est pas une m\u00e9taphore - Books on the Move","robots":{"index":"index","follow":"follow","max-snippet":"max-snippet:-1","max-image-preview":"max-image-preview:large","max-video-preview":"max-video-preview:-1"},"canonical":"https:\/\/www.booksonthemove.fr\/produit\/la-decolonisation-nest-pas-une-metaphore\/","og_locale":"en_US","og_type":"article","og_title":"La d\u00e9colonisation n'est pas une m\u00e9taphore - Books on the Move","og_description":"AUTEUR.ES : Eve Tuck et Wayne Yang EDITEUR : rot-bo-krik (2022)  BROCH\u00c9 :\u00a0128 pages LANGUE : Fran\u00e7ais ISBN13 : 978-2-9580620-2-6","og_url":"https:\/\/www.booksonthemove.fr\/produit\/la-decolonisation-nest-pas-une-metaphore\/","og_site_name":"Books on the Move","article_publisher":"https:\/\/www.facebook.com\/Librairiebooksonthemove\/","article_modified_time":"2025-05-30T09:56:28+00:00","og_image":[{"width":618,"height":900,"url":"https:\/\/www.booksonthemove.fr\/media\/bom_2719.jpeg","type":"image\/jpeg"}],"twitter_card":"summary_large_image","schema":{"@context":"https:\/\/schema.org","@graph":[{"@type":"WebPage","@id":"https:\/\/www.booksonthemove.fr\/produit\/la-decolonisation-nest-pas-une-metaphore\/","url":"https:\/\/www.booksonthemove.fr\/produit\/la-decolonisation-nest-pas-une-metaphore\/","name":"La d\u00e9colonisation n'est pas une m\u00e9taphore - Books on the Move","isPartOf":{"@id":"https:\/\/www.booksonthemove.fr\/#website"},"primaryImageOfPage":{"@id":"https:\/\/www.booksonthemove.fr\/produit\/la-decolonisation-nest-pas-une-metaphore\/#primaryimage"},"image":{"@id":"https:\/\/www.booksonthemove.fr\/produit\/la-decolonisation-nest-pas-une-metaphore\/#primaryimage"},"thumbnailUrl":"https:\/\/www.booksonthemove.fr\/media\/bom_2719.jpeg","datePublished":"2024-05-29T10:57:40+00:00","dateModified":"2025-05-30T09:56:28+00:00","breadcrumb":{"@id":"https:\/\/www.booksonthemove.fr\/produit\/la-decolonisation-nest-pas-une-metaphore\/#breadcrumb"},"inLanguage":"en-US","potentialAction":[{"@type":"ReadAction","target":["https:\/\/www.booksonthemove.fr\/produit\/la-decolonisation-nest-pas-une-metaphore\/"]}]},{"@type":"ImageObject","inLanguage":"en-US","@id":"https:\/\/www.booksonthemove.fr\/produit\/la-decolonisation-nest-pas-une-metaphore\/#primaryimage","url":"https:\/\/www.booksonthemove.fr\/media\/bom_2719.jpeg","contentUrl":"https:\/\/www.booksonthemove.fr\/media\/bom_2719.jpeg","width":618,"height":900},{"@type":"BreadcrumbList","@id":"https:\/\/www.booksonthemove.fr\/produit\/la-decolonisation-nest-pas-une-metaphore\/#breadcrumb","itemListElement":[{"@type":"ListItem","position":1,"name":"Accueil","item":"https:\/\/www.booksonthemove.fr\/en\/"},{"@type":"ListItem","position":2,"name":"online store","item":"https:\/\/www.booksonthemove.fr\/en\/online-shop\/"},{"@type":"ListItem","position":3,"name":"La d\u00e9colonisation n&rsquo;est pas une m\u00e9taphore"}]},{"@type":"WebSite","@id":"https:\/\/www.booksonthemove.fr\/#website","url":"https:\/\/www.booksonthemove.fr\/","name":"Books on the Move","description":"librairie nomade - danse - mouvement - performance","publisher":{"@id":"https:\/\/www.booksonthemove.fr\/#organization"},"potentialAction":[{"@type":"SearchAction","target":{"@type":"EntryPoint","urlTemplate":"https:\/\/www.booksonthemove.fr\/?s={search_term_string}"},"query-input":{"@type":"PropertyValueSpecification","valueRequired":true,"valueName":"search_term_string"}}],"inLanguage":"en-US"},{"@type":"Organization","@id":"https:\/\/www.booksonthemove.fr\/#organization","name":"Books on the Move","url":"https:\/\/www.booksonthemove.fr\/","logo":{"@type":"ImageObject","inLanguage":"en-US","@id":"https:\/\/www.booksonthemove.fr\/#\/schema\/logo\/image\/","url":"https:\/\/www.booksonthemove.fr\/media\/logo-NB-400.jpg","contentUrl":"https:\/\/www.booksonthemove.fr\/media\/logo-NB-400.jpg","width":400,"height":143,"caption":"Books on the Move"},"image":{"@id":"https:\/\/www.booksonthemove.fr\/#\/schema\/logo\/image\/"},"sameAs":["https:\/\/www.facebook.com\/Librairiebooksonthemove\/"]}]}},"_links":{"self":[{"href":"https:\/\/www.booksonthemove.fr\/en\/wp-json\/wp\/v2\/product\/42981","targetHints":{"allow":["GET"]}}],"collection":[{"href":"https:\/\/www.booksonthemove.fr\/en\/wp-json\/wp\/v2\/product"}],"about":[{"href":"https:\/\/www.booksonthemove.fr\/en\/wp-json\/wp\/v2\/types\/product"}],"wp:featuredmedia":[{"embeddable":true,"href":"https:\/\/www.booksonthemove.fr\/en\/wp-json\/wp\/v2\/media\/42980"}],"wp:attachment":[{"href":"https:\/\/www.booksonthemove.fr\/en\/wp-json\/wp\/v2\/media?parent=42981"}],"wp:term":[{"taxonomy":"product_brand","embeddable":true,"href":"https:\/\/www.booksonthemove.fr\/en\/wp-json\/wp\/v2\/product_brand?post=42981"},{"taxonomy":"product_cat","embeddable":true,"href":"https:\/\/www.booksonthemove.fr\/en\/wp-json\/wp\/v2\/product_cat?post=42981"},{"taxonomy":"product_tag","embeddable":true,"href":"https:\/\/www.booksonthemove.fr\/en\/wp-json\/wp\/v2\/product_tag?post=42981"}],"curies":[{"name":"wp","href":"https:\/\/api.w.org\/{rel}","templated":true}]}}