{"id":43075,"date":"2024-06-23T10:14:50","date_gmt":"2024-06-23T08:14:50","guid":{"rendered":"https:\/\/www.booksonthemove.fr\/produit\/soin-du-corps-soin-de-soi\/"},"modified":"2026-03-30T17:14:36","modified_gmt":"2026-03-30T15:14:36","slug":"soin-du-corps-soin-de-soi","status":"publish","type":"product","link":"https:\/\/www.booksonthemove.fr\/en\/produit\/soin-du-corps-soin-de-soi\/","title":{"rendered":"Soin du corps, soin de soi"},"content":{"rendered":"<p>Le corps, centre n\u00e9vralgique de notre vitalit\u00e9, conditionne l\u2019ensemble de notre v\u00e9cu. De fait, qu\u2019est-ce que la maladie, si ce n\u2019est l\u2019entrave de notre puissance d\u2019agir, une atteinte directe \u00e0 notre \u00ab\u00a0corpor\u00e9it\u00e9\u00a0\u00bb ? En parall\u00e8le de l\u2019approche classique sur le traitement m\u00e9dical, l\u2019ouvrage d\u00e9veloppe une nouvelle th\u00e9orie, s\u2019appuyant sur de nombreuses recherches scientifiques, autour des bienfaits de l\u2019activit\u00e9 physique adapt\u00e9e, afin de lutter contre les pathologies et les cons\u00e9quences du vieillissement. Bien plus qu\u2019une simple m\u00e9thode pour r\u00e9parer un \u00ab\u00a0corps machine\u00a0\u00bb, l\u2019activit\u00e9 physique adapt\u00e9e permet de saisir la sant\u00e9 comme l\u2019exp\u00e9rience d\u2019un \u00ab\u00a0corps vivant\u00a0\u00bb, \u00e0 la fois individuelle et singuli\u00e8re. Ainsi par-del\u00e0 ses vertus th\u00e9rapeutiques, le programme d\u2019APA offre aux patients la possibilit\u00e9 de retrouver le sentiment d\u2019unit\u00e9 et de compl\u00e9tude, ab\u00eem\u00e9 par la maladie.<\/p>\n","protected":false},"excerpt":{"rendered":"<p class=\"bodytext\"><strong>AUTEURE :<\/strong> sous la direction de <span class=\"author notFaded\" data-width=\"200\">Jean-Christophe Mino <span class=\"contribution\"><span class=\"a-color-secondary\">, <\/span><\/span><\/span><span class=\"author notFaded\" data-width=\"180\">Jean-Daniel Muller &amp;<span class=\"contribution\"><span class=\"a-color-secondary\">\u00a0<\/span><\/span><\/span><span class=\"author notFaded\" data-width=\"175\">Jean-Michel Ricard<\/span><br \/>\n<strong>\u00c9DITEUR :<\/strong> PUF (2018)<\/p>\n<p><strong>BROCH\u00c9 :<\/strong> 96 pages<br \/>\n<strong>LANGUE :<\/strong> Fran\u00e7ais<br \/>\n<strong>ISBN13 :<\/strong> 978-2-130-81155-8<\/p>\n","protected":false},"featured_media":43074,"template":"","meta":[],"product_brand":[],"product_cat":[162,242],"product_tag":[],"class_list":{"0":"post-43075","1":"product","2":"type-product","3":"status-publish","4":"has-post-thumbnail","6":"product_cat-french-en","7":"product_cat-medecine-health-en","9":"first","10":"outofstock","11":"taxable","12":"shipping-taxable","13":"purchasable","14":"product-type-simple"},"yoast_head":"<!-- This site is optimized with the Yoast SEO plugin v27.5 - https:\/\/yoast.com\/product\/yoast-seo-wordpress\/ -->\n<title>Soin du corps, soin de soi - Books on the Move<\/title>\n<meta name=\"robots\" content=\"index, follow, max-snippet:-1, max-image-preview:large, max-video-preview:-1\" \/>\n<link rel=\"canonical\" href=\"https:\/\/www.booksonthemove.fr\/en\/produit\/soin-du-corps-soin-de-soi\/\" \/>\n<meta property=\"og:locale\" content=\"en_US\" \/>\n<meta property=\"og:type\" content=\"article\" \/>\n<meta property=\"og:title\" content=\"Soin du corps, soin de soi - Books on the Move\" \/>\n<meta property=\"og:description\" content=\"AUTEURE : sous la direction de Jean-Christophe Mino , Jean-Daniel Muller &amp;\u00a0Jean-Michel Ricard \u00c9DITEUR : PUF (2018) BROCH\u00c9 : 96 pages LANGUE : Fran\u00e7ais ISBN13 : 978-2-130-81155-8\" \/>\n<meta property=\"og:url\" content=\"https:\/\/www.booksonthemove.fr\/en\/produit\/soin-du-corps-soin-de-soi\/\" \/>\n<meta property=\"og:site_name\" content=\"Books on the Move\" \/>\n<meta property=\"article:publisher\" content=\"https:\/\/www.facebook.com\/Librairiebooksonthemove\/\" \/>\n<meta property=\"article:modified_time\" content=\"2026-03-30T15:14:36+00:00\" \/>\n<meta property=\"og:image\" content=\"https:\/\/www.booksonthemove.fr\/media\/bom_2770.jpeg\" \/>\n\t<meta property=\"og:image:width\" content=\"523\" \/>\n\t<meta property=\"og:image:height\" content=\"800\" \/>\n\t<meta property=\"og:image:type\" content=\"image\/jpeg\" \/>\n<meta name=\"twitter:card\" content=\"summary_large_image\" \/>\n<script type=\"application\/ld+json\" class=\"yoast-schema-graph\">{\"@context\":\"https:\\\/\\\/schema.org\",\"@graph\":[{\"@type\":\"WebPage\",\"@id\":\"https:\\\/\\\/www.booksonthemove.fr\\\/en\\\/produit\\\/soin-du-corps-soin-de-soi\\\/\",\"url\":\"https:\\\/\\\/www.booksonthemove.fr\\\/en\\\/produit\\\/soin-du-corps-soin-de-soi\\\/\",\"name\":\"Soin du corps, soin de soi - Books on the Move\",\"isPartOf\":{\"@id\":\"https:\\\/\\\/www.booksonthemove.fr\\\/#website\"},\"primaryImageOfPage\":{\"@id\":\"https:\\\/\\\/www.booksonthemove.fr\\\/en\\\/produit\\\/soin-du-corps-soin-de-soi\\\/#primaryimage\"},\"image\":{\"@id\":\"https:\\\/\\\/www.booksonthemove.fr\\\/en\\\/produit\\\/soin-du-corps-soin-de-soi\\\/#primaryimage\"},\"thumbnailUrl\":\"https:\\\/\\\/www.booksonthemove.fr\\\/media\\\/bom_2770.jpeg\",\"datePublished\":\"2024-06-23T08:14:50+00:00\",\"dateModified\":\"2026-03-30T15:14:36+00:00\",\"breadcrumb\":{\"@id\":\"https:\\\/\\\/www.booksonthemove.fr\\\/en\\\/produit\\\/soin-du-corps-soin-de-soi\\\/#breadcrumb\"},\"inLanguage\":\"en-US\",\"potentialAction\":[{\"@type\":\"ReadAction\",\"target\":[\"https:\\\/\\\/www.booksonthemove.fr\\\/en\\\/produit\\\/soin-du-corps-soin-de-soi\\\/\"]}]},{\"@type\":\"ImageObject\",\"inLanguage\":\"en-US\",\"@id\":\"https:\\\/\\\/www.booksonthemove.fr\\\/en\\\/produit\\\/soin-du-corps-soin-de-soi\\\/#primaryimage\",\"url\":\"https:\\\/\\\/www.booksonthemove.fr\\\/media\\\/bom_2770.jpeg\",\"contentUrl\":\"https:\\\/\\\/www.booksonthemove.fr\\\/media\\\/bom_2770.jpeg\",\"width\":523,\"height\":800},{\"@type\":\"BreadcrumbList\",\"@id\":\"https:\\\/\\\/www.booksonthemove.fr\\\/en\\\/produit\\\/soin-du-corps-soin-de-soi\\\/#breadcrumb\",\"itemListElement\":[{\"@type\":\"ListItem\",\"position\":1,\"name\":\"Accueil\",\"item\":\"https:\\\/\\\/www.booksonthemove.fr\\\/en\\\/\"},{\"@type\":\"ListItem\",\"position\":2,\"name\":\"online store\",\"item\":\"https:\\\/\\\/www.booksonthemove.fr\\\/en\\\/online-shop\\\/\"},{\"@type\":\"ListItem\",\"position\":3,\"name\":\"Soin du corps, soin de soi\"}]},{\"@type\":\"WebSite\",\"@id\":\"https:\\\/\\\/www.booksonthemove.fr\\\/#website\",\"url\":\"https:\\\/\\\/www.booksonthemove.fr\\\/\",\"name\":\"Books on the Move\",\"description\":\"librairie nomade - danse - mouvement - performance\",\"publisher\":{\"@id\":\"https:\\\/\\\/www.booksonthemove.fr\\\/#organization\"},\"potentialAction\":[{\"@type\":\"SearchAction\",\"target\":{\"@type\":\"EntryPoint\",\"urlTemplate\":\"https:\\\/\\\/www.booksonthemove.fr\\\/?s={search_term_string}\"},\"query-input\":{\"@type\":\"PropertyValueSpecification\",\"valueRequired\":true,\"valueName\":\"search_term_string\"}}],\"inLanguage\":\"en-US\"},{\"@type\":\"Organization\",\"@id\":\"https:\\\/\\\/www.booksonthemove.fr\\\/#organization\",\"name\":\"Books on the Move\",\"url\":\"https:\\\/\\\/www.booksonthemove.fr\\\/\",\"logo\":{\"@type\":\"ImageObject\",\"inLanguage\":\"en-US\",\"@id\":\"https:\\\/\\\/www.booksonthemove.fr\\\/#\\\/schema\\\/logo\\\/image\\\/\",\"url\":\"https:\\\/\\\/www.booksonthemove.fr\\\/media\\\/logo-NB-400.jpg\",\"contentUrl\":\"https:\\\/\\\/www.booksonthemove.fr\\\/media\\\/logo-NB-400.jpg\",\"width\":400,\"height\":143,\"caption\":\"Books on the Move\"},\"image\":{\"@id\":\"https:\\\/\\\/www.booksonthemove.fr\\\/#\\\/schema\\\/logo\\\/image\\\/\"},\"sameAs\":[\"https:\\\/\\\/www.facebook.com\\\/Librairiebooksonthemove\\\/\"]}]}<\/script>\n<!-- \/ Yoast SEO plugin. -->","yoast_head_json":{"title":"Soin du corps, soin de soi - Books on the Move","robots":{"index":"index","follow":"follow","max-snippet":"max-snippet:-1","max-image-preview":"max-image-preview:large","max-video-preview":"max-video-preview:-1"},"canonical":"https:\/\/www.booksonthemove.fr\/en\/produit\/soin-du-corps-soin-de-soi\/","og_locale":"en_US","og_type":"article","og_title":"Soin du corps, soin de soi - Books on the Move","og_description":"AUTEURE : sous la direction de Jean-Christophe Mino , Jean-Daniel Muller &amp;\u00a0Jean-Michel Ricard \u00c9DITEUR : PUF (2018) BROCH\u00c9 : 96 pages LANGUE : Fran\u00e7ais ISBN13 : 978-2-130-81155-8","og_url":"https:\/\/www.booksonthemove.fr\/en\/produit\/soin-du-corps-soin-de-soi\/","og_site_name":"Books on the Move","article_publisher":"https:\/\/www.facebook.com\/Librairiebooksonthemove\/","article_modified_time":"2026-03-30T15:14:36+00:00","og_image":[{"width":523,"height":800,"url":"https:\/\/www.booksonthemove.fr\/media\/bom_2770.jpeg","type":"image\/jpeg"}],"twitter_card":"summary_large_image","schema":{"@context":"https:\/\/schema.org","@graph":[{"@type":"WebPage","@id":"https:\/\/www.booksonthemove.fr\/en\/produit\/soin-du-corps-soin-de-soi\/","url":"https:\/\/www.booksonthemove.fr\/en\/produit\/soin-du-corps-soin-de-soi\/","name":"Soin du corps, soin de soi - Books on the Move","isPartOf":{"@id":"https:\/\/www.booksonthemove.fr\/#website"},"primaryImageOfPage":{"@id":"https:\/\/www.booksonthemove.fr\/en\/produit\/soin-du-corps-soin-de-soi\/#primaryimage"},"image":{"@id":"https:\/\/www.booksonthemove.fr\/en\/produit\/soin-du-corps-soin-de-soi\/#primaryimage"},"thumbnailUrl":"https:\/\/www.booksonthemove.fr\/media\/bom_2770.jpeg","datePublished":"2024-06-23T08:14:50+00:00","dateModified":"2026-03-30T15:14:36+00:00","breadcrumb":{"@id":"https:\/\/www.booksonthemove.fr\/en\/produit\/soin-du-corps-soin-de-soi\/#breadcrumb"},"inLanguage":"en-US","potentialAction":[{"@type":"ReadAction","target":["https:\/\/www.booksonthemove.fr\/en\/produit\/soin-du-corps-soin-de-soi\/"]}]},{"@type":"ImageObject","inLanguage":"en-US","@id":"https:\/\/www.booksonthemove.fr\/en\/produit\/soin-du-corps-soin-de-soi\/#primaryimage","url":"https:\/\/www.booksonthemove.fr\/media\/bom_2770.jpeg","contentUrl":"https:\/\/www.booksonthemove.fr\/media\/bom_2770.jpeg","width":523,"height":800},{"@type":"BreadcrumbList","@id":"https:\/\/www.booksonthemove.fr\/en\/produit\/soin-du-corps-soin-de-soi\/#breadcrumb","itemListElement":[{"@type":"ListItem","position":1,"name":"Accueil","item":"https:\/\/www.booksonthemove.fr\/en\/"},{"@type":"ListItem","position":2,"name":"online store","item":"https:\/\/www.booksonthemove.fr\/en\/online-shop\/"},{"@type":"ListItem","position":3,"name":"Soin du corps, soin de soi"}]},{"@type":"WebSite","@id":"https:\/\/www.booksonthemove.fr\/#website","url":"https:\/\/www.booksonthemove.fr\/","name":"Books on the Move","description":"librairie nomade - danse - mouvement - performance","publisher":{"@id":"https:\/\/www.booksonthemove.fr\/#organization"},"potentialAction":[{"@type":"SearchAction","target":{"@type":"EntryPoint","urlTemplate":"https:\/\/www.booksonthemove.fr\/?s={search_term_string}"},"query-input":{"@type":"PropertyValueSpecification","valueRequired":true,"valueName":"search_term_string"}}],"inLanguage":"en-US"},{"@type":"Organization","@id":"https:\/\/www.booksonthemove.fr\/#organization","name":"Books on the Move","url":"https:\/\/www.booksonthemove.fr\/","logo":{"@type":"ImageObject","inLanguage":"en-US","@id":"https:\/\/www.booksonthemove.fr\/#\/schema\/logo\/image\/","url":"https:\/\/www.booksonthemove.fr\/media\/logo-NB-400.jpg","contentUrl":"https:\/\/www.booksonthemove.fr\/media\/logo-NB-400.jpg","width":400,"height":143,"caption":"Books on the Move"},"image":{"@id":"https:\/\/www.booksonthemove.fr\/#\/schema\/logo\/image\/"},"sameAs":["https:\/\/www.facebook.com\/Librairiebooksonthemove\/"]}]}},"_links":{"self":[{"href":"https:\/\/www.booksonthemove.fr\/en\/wp-json\/wp\/v2\/product\/43075","targetHints":{"allow":["GET"]}}],"collection":[{"href":"https:\/\/www.booksonthemove.fr\/en\/wp-json\/wp\/v2\/product"}],"about":[{"href":"https:\/\/www.booksonthemove.fr\/en\/wp-json\/wp\/v2\/types\/product"}],"wp:featuredmedia":[{"embeddable":true,"href":"https:\/\/www.booksonthemove.fr\/en\/wp-json\/wp\/v2\/media\/43074"}],"wp:attachment":[{"href":"https:\/\/www.booksonthemove.fr\/en\/wp-json\/wp\/v2\/media?parent=43075"}],"wp:term":[{"taxonomy":"product_brand","embeddable":true,"href":"https:\/\/www.booksonthemove.fr\/en\/wp-json\/wp\/v2\/product_brand?post=43075"},{"taxonomy":"product_cat","embeddable":true,"href":"https:\/\/www.booksonthemove.fr\/en\/wp-json\/wp\/v2\/product_cat?post=43075"},{"taxonomy":"product_tag","embeddable":true,"href":"https:\/\/www.booksonthemove.fr\/en\/wp-json\/wp\/v2\/product_tag?post=43075"}],"curies":[{"name":"wp","href":"https:\/\/api.w.org\/{rel}","templated":true}]}}