{"id":43421,"date":"2024-07-29T17:54:31","date_gmt":"2024-07-29T15:54:31","guid":{"rendered":"https:\/\/www.booksonthemove.fr\/produit\/la-memoire-de-la-foret-un-recit-choregraphique\/"},"modified":"2026-03-06T15:26:59","modified_gmt":"2026-03-06T14:26:59","slug":"la-memoire-de-la-foret-un-recit-choregraphique","status":"publish","type":"product","link":"https:\/\/www.booksonthemove.fr\/en\/produit\/la-memoire-de-la-foret-un-recit-choregraphique\/","title":{"rendered":"La m\u00e9moire de la for\u00eat &#8211; un r\u00e9cit chor\u00e9graphique"},"content":{"rendered":"<p><em>La m\u00e9moire de la for\u00eat<\/em>\u00a0rassemble des entretiens r\u00e9alis\u00e9s aupr\u00e8s d\u2019adultes et enfants autour de la question &#8220;Comment vivez-vous la for\u00eat ?\u00a0\u00bb.\u00a0Les r\u00e9cits, qui t\u00e9moignent des\u00a0multiples r\u00e9ceptions et relations de l\u2019homme avec ce milieu, racontent notre humanit\u00e9.<br \/>\nComment la for\u00eat construit-elle silencieusement des rep\u00e8res-sources pour celui qui y habite ou s\u2019y prom\u00e8ne ? Comment le silence, les lumi\u00e8res, les couleurs, le langage des oiseaux, les sons, la pr\u00e9sence du v\u00e9g\u00e9tal informent le syst\u00e8me nerveux et r\u00e9activent les sens\u00a0?\u00a0De la communaut\u00e9 de arbres \u00e0 la communaut\u00e9 des hommes, quelle transmission\u00a0? Comment sommes-nous en relation dans notre culture ? Quelle part de notre culture se rend perm\u00e9able, poreuse \u00e0 notre nature ?Pouvons &#8211; nous r\u00e9activer cette m\u00e9moire profonde afin qu\u2019elle nous soutienne et nous accompagne aujourd\u2019hui, dans nos actes, nos paroles et nos relations ?<\/p>\n","protected":false},"excerpt":{"rendered":"<p class=\"bodytext\"><strong>AUTEUR\u00b7E\u00b7S :<\/strong>\u00a0Clara Cornil et David Subal<br \/>\n<strong>\u00c9DITEUR :<\/strong> \u00e9ditions du milieu<\/p>\n<p><strong>BROCH\u00c9 :<\/strong> 224 pages<br \/>\n<strong>LANGUE :<\/strong> Fran\u00e7ais<br \/>\n<strong>ISBN13 :<\/strong> 978-2-9574105-0-7<\/p>\n","protected":false},"featured_media":43504,"template":"","meta":[],"product_brand":[],"product_cat":[209,162,287,292],"product_tag":[],"class_list":{"0":"post-43421","1":"product","2":"type-product","3":"status-publish","4":"has-post-thumbnail","6":"product_cat-environment-en","7":"product_cat-french-en","8":"product_cat-the-sensory-touch","9":"product_cat-nature-en","11":"first","12":"outofstock","13":"taxable","14":"shipping-taxable","15":"purchasable","16":"product-type-simple"},"yoast_head":"<!-- This site is optimized with the Yoast SEO plugin v27.5 - https:\/\/yoast.com\/product\/yoast-seo-wordpress\/ -->\n<title>La m\u00e9moire de la for\u00eat - un r\u00e9cit chor\u00e9graphique - Books on the Move<\/title>\n<meta name=\"robots\" content=\"index, follow, max-snippet:-1, max-image-preview:large, max-video-preview:-1\" \/>\n<link rel=\"canonical\" href=\"https:\/\/www.booksonthemove.fr\/en\/produit\/la-memoire-de-la-foret-un-recit-choregraphique\/\" \/>\n<meta property=\"og:locale\" content=\"en_US\" \/>\n<meta property=\"og:type\" content=\"article\" \/>\n<meta property=\"og:title\" content=\"La m\u00e9moire de la for\u00eat - un r\u00e9cit chor\u00e9graphique - Books on the Move\" \/>\n<meta property=\"og:description\" content=\"AUTEUR\u00b7E\u00b7S :\u00a0Clara Cornil et David Subal \u00c9DITEUR : \u00e9ditions du milieu BROCH\u00c9 : 224 pages LANGUE : Fran\u00e7ais ISBN13 : 978-2-9574105-0-7\" \/>\n<meta property=\"og:url\" content=\"https:\/\/www.booksonthemove.fr\/en\/produit\/la-memoire-de-la-foret-un-recit-choregraphique\/\" \/>\n<meta property=\"og:site_name\" content=\"Books on the Move\" \/>\n<meta property=\"article:publisher\" content=\"https:\/\/www.facebook.com\/Librairiebooksonthemove\/\" \/>\n<meta property=\"article:modified_time\" content=\"2026-03-06T14:26:59+00:00\" \/>\n<meta property=\"og:image\" content=\"https:\/\/www.booksonthemove.fr\/media\/bom_2624-1.jpeg\" \/>\n\t<meta property=\"og:image:width\" content=\"513\" \/>\n\t<meta property=\"og:image:height\" content=\"857\" \/>\n\t<meta property=\"og:image:type\" content=\"image\/jpeg\" \/>\n<meta name=\"twitter:card\" content=\"summary_large_image\" \/>\n<script type=\"application\/ld+json\" class=\"yoast-schema-graph\">{\"@context\":\"https:\\\/\\\/schema.org\",\"@graph\":[{\"@type\":\"WebPage\",\"@id\":\"https:\\\/\\\/www.booksonthemove.fr\\\/en\\\/produit\\\/la-memoire-de-la-foret-un-recit-choregraphique\\\/\",\"url\":\"https:\\\/\\\/www.booksonthemove.fr\\\/en\\\/produit\\\/la-memoire-de-la-foret-un-recit-choregraphique\\\/\",\"name\":\"La m\u00e9moire de la for\u00eat - un r\u00e9cit chor\u00e9graphique - Books on the Move\",\"isPartOf\":{\"@id\":\"https:\\\/\\\/www.booksonthemove.fr\\\/#website\"},\"primaryImageOfPage\":{\"@id\":\"https:\\\/\\\/www.booksonthemove.fr\\\/en\\\/produit\\\/la-memoire-de-la-foret-un-recit-choregraphique\\\/#primaryimage\"},\"image\":{\"@id\":\"https:\\\/\\\/www.booksonthemove.fr\\\/en\\\/produit\\\/la-memoire-de-la-foret-un-recit-choregraphique\\\/#primaryimage\"},\"thumbnailUrl\":\"https:\\\/\\\/www.booksonthemove.fr\\\/media\\\/bom_2624-1.jpeg\",\"datePublished\":\"2024-07-29T15:54:31+00:00\",\"dateModified\":\"2026-03-06T14:26:59+00:00\",\"breadcrumb\":{\"@id\":\"https:\\\/\\\/www.booksonthemove.fr\\\/en\\\/produit\\\/la-memoire-de-la-foret-un-recit-choregraphique\\\/#breadcrumb\"},\"inLanguage\":\"en-US\",\"potentialAction\":[{\"@type\":\"ReadAction\",\"target\":[\"https:\\\/\\\/www.booksonthemove.fr\\\/en\\\/produit\\\/la-memoire-de-la-foret-un-recit-choregraphique\\\/\"]}]},{\"@type\":\"ImageObject\",\"inLanguage\":\"en-US\",\"@id\":\"https:\\\/\\\/www.booksonthemove.fr\\\/en\\\/produit\\\/la-memoire-de-la-foret-un-recit-choregraphique\\\/#primaryimage\",\"url\":\"https:\\\/\\\/www.booksonthemove.fr\\\/media\\\/bom_2624-1.jpeg\",\"contentUrl\":\"https:\\\/\\\/www.booksonthemove.fr\\\/media\\\/bom_2624-1.jpeg\",\"width\":513,\"height\":857},{\"@type\":\"BreadcrumbList\",\"@id\":\"https:\\\/\\\/www.booksonthemove.fr\\\/en\\\/produit\\\/la-memoire-de-la-foret-un-recit-choregraphique\\\/#breadcrumb\",\"itemListElement\":[{\"@type\":\"ListItem\",\"position\":1,\"name\":\"Accueil\",\"item\":\"https:\\\/\\\/www.booksonthemove.fr\\\/en\\\/\"},{\"@type\":\"ListItem\",\"position\":2,\"name\":\"online store\",\"item\":\"https:\\\/\\\/www.booksonthemove.fr\\\/en\\\/online-shop\\\/\"},{\"@type\":\"ListItem\",\"position\":3,\"name\":\"La m\u00e9moire de la for\u00eat &#8211; un r\u00e9cit chor\u00e9graphique\"}]},{\"@type\":\"WebSite\",\"@id\":\"https:\\\/\\\/www.booksonthemove.fr\\\/#website\",\"url\":\"https:\\\/\\\/www.booksonthemove.fr\\\/\",\"name\":\"Books on the Move\",\"description\":\"librairie nomade - danse - mouvement - performance\",\"publisher\":{\"@id\":\"https:\\\/\\\/www.booksonthemove.fr\\\/#organization\"},\"potentialAction\":[{\"@type\":\"SearchAction\",\"target\":{\"@type\":\"EntryPoint\",\"urlTemplate\":\"https:\\\/\\\/www.booksonthemove.fr\\\/?s={search_term_string}\"},\"query-input\":{\"@type\":\"PropertyValueSpecification\",\"valueRequired\":true,\"valueName\":\"search_term_string\"}}],\"inLanguage\":\"en-US\"},{\"@type\":\"Organization\",\"@id\":\"https:\\\/\\\/www.booksonthemove.fr\\\/#organization\",\"name\":\"Books on the Move\",\"url\":\"https:\\\/\\\/www.booksonthemove.fr\\\/\",\"logo\":{\"@type\":\"ImageObject\",\"inLanguage\":\"en-US\",\"@id\":\"https:\\\/\\\/www.booksonthemove.fr\\\/#\\\/schema\\\/logo\\\/image\\\/\",\"url\":\"https:\\\/\\\/www.booksonthemove.fr\\\/media\\\/logo-NB-400.jpg\",\"contentUrl\":\"https:\\\/\\\/www.booksonthemove.fr\\\/media\\\/logo-NB-400.jpg\",\"width\":400,\"height\":143,\"caption\":\"Books on the Move\"},\"image\":{\"@id\":\"https:\\\/\\\/www.booksonthemove.fr\\\/#\\\/schema\\\/logo\\\/image\\\/\"},\"sameAs\":[\"https:\\\/\\\/www.facebook.com\\\/Librairiebooksonthemove\\\/\"]}]}<\/script>\n<!-- \/ Yoast SEO plugin. -->","yoast_head_json":{"title":"La m\u00e9moire de la for\u00eat - un r\u00e9cit chor\u00e9graphique - Books on the Move","robots":{"index":"index","follow":"follow","max-snippet":"max-snippet:-1","max-image-preview":"max-image-preview:large","max-video-preview":"max-video-preview:-1"},"canonical":"https:\/\/www.booksonthemove.fr\/en\/produit\/la-memoire-de-la-foret-un-recit-choregraphique\/","og_locale":"en_US","og_type":"article","og_title":"La m\u00e9moire de la for\u00eat - un r\u00e9cit chor\u00e9graphique - Books on the Move","og_description":"AUTEUR\u00b7E\u00b7S :\u00a0Clara Cornil et David Subal \u00c9DITEUR : \u00e9ditions du milieu BROCH\u00c9 : 224 pages LANGUE : Fran\u00e7ais ISBN13 : 978-2-9574105-0-7","og_url":"https:\/\/www.booksonthemove.fr\/en\/produit\/la-memoire-de-la-foret-un-recit-choregraphique\/","og_site_name":"Books on the Move","article_publisher":"https:\/\/www.facebook.com\/Librairiebooksonthemove\/","article_modified_time":"2026-03-06T14:26:59+00:00","og_image":[{"width":513,"height":857,"url":"https:\/\/www.booksonthemove.fr\/media\/bom_2624-1.jpeg","type":"image\/jpeg"}],"twitter_card":"summary_large_image","schema":{"@context":"https:\/\/schema.org","@graph":[{"@type":"WebPage","@id":"https:\/\/www.booksonthemove.fr\/en\/produit\/la-memoire-de-la-foret-un-recit-choregraphique\/","url":"https:\/\/www.booksonthemove.fr\/en\/produit\/la-memoire-de-la-foret-un-recit-choregraphique\/","name":"La m\u00e9moire de la for\u00eat - un r\u00e9cit chor\u00e9graphique - Books on the Move","isPartOf":{"@id":"https:\/\/www.booksonthemove.fr\/#website"},"primaryImageOfPage":{"@id":"https:\/\/www.booksonthemove.fr\/en\/produit\/la-memoire-de-la-foret-un-recit-choregraphique\/#primaryimage"},"image":{"@id":"https:\/\/www.booksonthemove.fr\/en\/produit\/la-memoire-de-la-foret-un-recit-choregraphique\/#primaryimage"},"thumbnailUrl":"https:\/\/www.booksonthemove.fr\/media\/bom_2624-1.jpeg","datePublished":"2024-07-29T15:54:31+00:00","dateModified":"2026-03-06T14:26:59+00:00","breadcrumb":{"@id":"https:\/\/www.booksonthemove.fr\/en\/produit\/la-memoire-de-la-foret-un-recit-choregraphique\/#breadcrumb"},"inLanguage":"en-US","potentialAction":[{"@type":"ReadAction","target":["https:\/\/www.booksonthemove.fr\/en\/produit\/la-memoire-de-la-foret-un-recit-choregraphique\/"]}]},{"@type":"ImageObject","inLanguage":"en-US","@id":"https:\/\/www.booksonthemove.fr\/en\/produit\/la-memoire-de-la-foret-un-recit-choregraphique\/#primaryimage","url":"https:\/\/www.booksonthemove.fr\/media\/bom_2624-1.jpeg","contentUrl":"https:\/\/www.booksonthemove.fr\/media\/bom_2624-1.jpeg","width":513,"height":857},{"@type":"BreadcrumbList","@id":"https:\/\/www.booksonthemove.fr\/en\/produit\/la-memoire-de-la-foret-un-recit-choregraphique\/#breadcrumb","itemListElement":[{"@type":"ListItem","position":1,"name":"Accueil","item":"https:\/\/www.booksonthemove.fr\/en\/"},{"@type":"ListItem","position":2,"name":"online store","item":"https:\/\/www.booksonthemove.fr\/en\/online-shop\/"},{"@type":"ListItem","position":3,"name":"La m\u00e9moire de la for\u00eat &#8211; un r\u00e9cit chor\u00e9graphique"}]},{"@type":"WebSite","@id":"https:\/\/www.booksonthemove.fr\/#website","url":"https:\/\/www.booksonthemove.fr\/","name":"Books on the Move","description":"librairie nomade - danse - mouvement - performance","publisher":{"@id":"https:\/\/www.booksonthemove.fr\/#organization"},"potentialAction":[{"@type":"SearchAction","target":{"@type":"EntryPoint","urlTemplate":"https:\/\/www.booksonthemove.fr\/?s={search_term_string}"},"query-input":{"@type":"PropertyValueSpecification","valueRequired":true,"valueName":"search_term_string"}}],"inLanguage":"en-US"},{"@type":"Organization","@id":"https:\/\/www.booksonthemove.fr\/#organization","name":"Books on the Move","url":"https:\/\/www.booksonthemove.fr\/","logo":{"@type":"ImageObject","inLanguage":"en-US","@id":"https:\/\/www.booksonthemove.fr\/#\/schema\/logo\/image\/","url":"https:\/\/www.booksonthemove.fr\/media\/logo-NB-400.jpg","contentUrl":"https:\/\/www.booksonthemove.fr\/media\/logo-NB-400.jpg","width":400,"height":143,"caption":"Books on the Move"},"image":{"@id":"https:\/\/www.booksonthemove.fr\/#\/schema\/logo\/image\/"},"sameAs":["https:\/\/www.facebook.com\/Librairiebooksonthemove\/"]}]}},"_links":{"self":[{"href":"https:\/\/www.booksonthemove.fr\/en\/wp-json\/wp\/v2\/product\/43421","targetHints":{"allow":["GET"]}}],"collection":[{"href":"https:\/\/www.booksonthemove.fr\/en\/wp-json\/wp\/v2\/product"}],"about":[{"href":"https:\/\/www.booksonthemove.fr\/en\/wp-json\/wp\/v2\/types\/product"}],"wp:featuredmedia":[{"embeddable":true,"href":"https:\/\/www.booksonthemove.fr\/en\/wp-json\/wp\/v2\/media\/43504"}],"wp:attachment":[{"href":"https:\/\/www.booksonthemove.fr\/en\/wp-json\/wp\/v2\/media?parent=43421"}],"wp:term":[{"taxonomy":"product_brand","embeddable":true,"href":"https:\/\/www.booksonthemove.fr\/en\/wp-json\/wp\/v2\/product_brand?post=43421"},{"taxonomy":"product_cat","embeddable":true,"href":"https:\/\/www.booksonthemove.fr\/en\/wp-json\/wp\/v2\/product_cat?post=43421"},{"taxonomy":"product_tag","embeddable":true,"href":"https:\/\/www.booksonthemove.fr\/en\/wp-json\/wp\/v2\/product_tag?post=43421"}],"curies":[{"name":"wp","href":"https:\/\/api.w.org\/{rel}","templated":true}]}}