{"id":43433,"date":"2024-08-02T14:25:18","date_gmt":"2024-08-02T12:25:18","guid":{"rendered":"https:\/\/www.booksonthemove.fr\/produit\/apprendre-a-voir-le-point-de-vue-du-vivant\/"},"modified":"2026-01-28T12:13:20","modified_gmt":"2026-01-28T11:13:20","slug":"apprendre-a-voir-le-point-de-vue-du-vivant","status":"publish","type":"product","link":"https:\/\/www.booksonthemove.fr\/en\/produit\/apprendre-a-voir-le-point-de-vue-du-vivant\/","title":{"rendered":"Apprendre \u00e0 voir &#8211; Le point de vue du vivant"},"content":{"rendered":"<p>Une for\u00eat ? Un paysage charmant. Un corbeau ? Un sinistre pr\u00e9sage. Une rose ? L\u2019\u00eatre aim\u00e9. Le monde vivant est \u00e0 la fois omnipr\u00e9sent dans notre culture et d\u00e9cid\u00e9ment absent. Car percevoir le vivant comme un d\u00e9cor, un symbole ou un support de nos \u00e9motions sont autant de mani\u00e8res de ne pas le voir. Et si nous apprenions \u00e0 voir le vivant autrement ? Si nous entrions dans un monde r\u00e9anim\u00e9, repeupl\u00e9 par les points de vue d\u2019autres \u00eatres que nous ? Ce livre se propose d\u2019\u00e9quiper notre oeil pour saisir le vivant autour de nous comme foisonnant d\u2019histoires imm\u00e9moriales, de relations invisibles et de significations insoup\u00e7onn\u00e9es. Sur le chemin de cette m\u00e9tamorphose, nous avons pour guides celles et ceux qui ont pass\u00e9 leur vie \u00e0 apprendre \u00e0 voir le vivant dans son abondance de signes et de sens : des artistes peintres et des femmes naturalistes du XIXe si\u00e8cle anglais et am\u00e9ricain. Le livre enqu\u00eate sur leurs arts de l\u2019attention, diff\u00e9rents mais compl\u00e9mentaires, qui ont su tisser ensemble savoirs et sensibilit\u00e9. \u00c0 travers cette exploration, c\u2019est une autre disponibilit\u00e9 au monde qui fait surface.<br \/>\nChaque jour est une occasion inou\u00efe et renouvel\u00e9e d\u2019apprendre \u00e0 voir.<\/p>\n","protected":false},"excerpt":{"rendered":"<p class=\"bodytext\"><strong>AUTEURE :<\/strong>\u00a0Estelle Zhong Mengual<br \/>\n<strong>\u00c9DITEUR :<\/strong> Actes Sud (2021)<\/p>\n<p><strong>BROCH\u00c9 :<\/strong>\u00a0256 pages<br \/>\n<strong>LANGUE :<\/strong> Fran\u00e7ais<br \/>\n<strong>ISBN13 :<\/strong> 978-2-330-15164-5<\/p>\n","protected":false},"featured_media":43432,"template":"","meta":[],"product_brand":[],"product_cat":[658,209,202,162,292],"product_tag":[],"class_list":{"0":"post-43433","1":"product","2":"type-product","3":"status-publish","4":"has-post-thumbnail","6":"product_cat-ecofeminisme-en","7":"product_cat-environment-en","8":"product_cat-feminism-en","9":"product_cat-french-en","10":"product_cat-nature-en","12":"first","13":"outofstock","14":"taxable","15":"shipping-taxable","16":"purchasable","17":"product-type-simple"},"yoast_head":"<!-- This site is optimized with the Yoast SEO plugin v27.4 - https:\/\/yoast.com\/product\/yoast-seo-wordpress\/ -->\n<title>Apprendre \u00e0 voir - Le point de vue du vivant - Books on the Move<\/title>\n<meta name=\"robots\" content=\"index, follow, max-snippet:-1, max-image-preview:large, max-video-preview:-1\" \/>\n<link rel=\"canonical\" href=\"https:\/\/www.booksonthemove.fr\/en\/produit\/apprendre-a-voir-le-point-de-vue-du-vivant\/\" \/>\n<meta property=\"og:locale\" content=\"en_US\" \/>\n<meta property=\"og:type\" content=\"article\" \/>\n<meta property=\"og:title\" content=\"Apprendre \u00e0 voir - Le point de vue du vivant - Books on the Move\" \/>\n<meta property=\"og:description\" content=\"AUTEURE :\u00a0Estelle Zhong Mengual \u00c9DITEUR : Actes Sud (2021) BROCH\u00c9 :\u00a0256 pages LANGUE : Fran\u00e7ais ISBN13 : 978-2-330-15164-5\" \/>\n<meta property=\"og:url\" content=\"https:\/\/www.booksonthemove.fr\/en\/produit\/apprendre-a-voir-le-point-de-vue-du-vivant\/\" \/>\n<meta property=\"og:site_name\" content=\"Books on the Move\" \/>\n<meta property=\"article:publisher\" content=\"https:\/\/www.facebook.com\/Librairiebooksonthemove\/\" \/>\n<meta property=\"article:modified_time\" content=\"2026-01-28T11:13:20+00:00\" \/>\n<meta property=\"og:image\" content=\"https:\/\/www.booksonthemove.fr\/media\/bom_2728.jpeg\" \/>\n\t<meta property=\"og:image:width\" content=\"441\" \/>\n\t<meta property=\"og:image:height\" content=\"600\" \/>\n\t<meta property=\"og:image:type\" content=\"image\/jpeg\" \/>\n<meta name=\"twitter:card\" content=\"summary_large_image\" \/>\n<script type=\"application\/ld+json\" class=\"yoast-schema-graph\">{\"@context\":\"https:\\\/\\\/schema.org\",\"@graph\":[{\"@type\":\"WebPage\",\"@id\":\"https:\\\/\\\/www.booksonthemove.fr\\\/en\\\/produit\\\/apprendre-a-voir-le-point-de-vue-du-vivant\\\/\",\"url\":\"https:\\\/\\\/www.booksonthemove.fr\\\/en\\\/produit\\\/apprendre-a-voir-le-point-de-vue-du-vivant\\\/\",\"name\":\"Apprendre \u00e0 voir - Le point de vue du vivant - Books on the Move\",\"isPartOf\":{\"@id\":\"https:\\\/\\\/www.booksonthemove.fr\\\/#website\"},\"primaryImageOfPage\":{\"@id\":\"https:\\\/\\\/www.booksonthemove.fr\\\/en\\\/produit\\\/apprendre-a-voir-le-point-de-vue-du-vivant\\\/#primaryimage\"},\"image\":{\"@id\":\"https:\\\/\\\/www.booksonthemove.fr\\\/en\\\/produit\\\/apprendre-a-voir-le-point-de-vue-du-vivant\\\/#primaryimage\"},\"thumbnailUrl\":\"https:\\\/\\\/www.booksonthemove.fr\\\/media\\\/bom_2728.jpeg\",\"datePublished\":\"2024-08-02T12:25:18+00:00\",\"dateModified\":\"2026-01-28T11:13:20+00:00\",\"breadcrumb\":{\"@id\":\"https:\\\/\\\/www.booksonthemove.fr\\\/en\\\/produit\\\/apprendre-a-voir-le-point-de-vue-du-vivant\\\/#breadcrumb\"},\"inLanguage\":\"en-US\",\"potentialAction\":[{\"@type\":\"ReadAction\",\"target\":[\"https:\\\/\\\/www.booksonthemove.fr\\\/en\\\/produit\\\/apprendre-a-voir-le-point-de-vue-du-vivant\\\/\"]}]},{\"@type\":\"ImageObject\",\"inLanguage\":\"en-US\",\"@id\":\"https:\\\/\\\/www.booksonthemove.fr\\\/en\\\/produit\\\/apprendre-a-voir-le-point-de-vue-du-vivant\\\/#primaryimage\",\"url\":\"https:\\\/\\\/www.booksonthemove.fr\\\/media\\\/bom_2728.jpeg\",\"contentUrl\":\"https:\\\/\\\/www.booksonthemove.fr\\\/media\\\/bom_2728.jpeg\",\"width\":441,\"height\":600},{\"@type\":\"BreadcrumbList\",\"@id\":\"https:\\\/\\\/www.booksonthemove.fr\\\/en\\\/produit\\\/apprendre-a-voir-le-point-de-vue-du-vivant\\\/#breadcrumb\",\"itemListElement\":[{\"@type\":\"ListItem\",\"position\":1,\"name\":\"Accueil\",\"item\":\"https:\\\/\\\/www.booksonthemove.fr\\\/en\\\/\"},{\"@type\":\"ListItem\",\"position\":2,\"name\":\"online store\",\"item\":\"https:\\\/\\\/www.booksonthemove.fr\\\/en\\\/online-shop\\\/\"},{\"@type\":\"ListItem\",\"position\":3,\"name\":\"Apprendre \u00e0 voir &#8211; Le point de vue du vivant\"}]},{\"@type\":\"WebSite\",\"@id\":\"https:\\\/\\\/www.booksonthemove.fr\\\/#website\",\"url\":\"https:\\\/\\\/www.booksonthemove.fr\\\/\",\"name\":\"Books on the Move\",\"description\":\"librairie nomade - danse - mouvement - performance\",\"publisher\":{\"@id\":\"https:\\\/\\\/www.booksonthemove.fr\\\/#organization\"},\"potentialAction\":[{\"@type\":\"SearchAction\",\"target\":{\"@type\":\"EntryPoint\",\"urlTemplate\":\"https:\\\/\\\/www.booksonthemove.fr\\\/?s={search_term_string}\"},\"query-input\":{\"@type\":\"PropertyValueSpecification\",\"valueRequired\":true,\"valueName\":\"search_term_string\"}}],\"inLanguage\":\"en-US\"},{\"@type\":\"Organization\",\"@id\":\"https:\\\/\\\/www.booksonthemove.fr\\\/#organization\",\"name\":\"Books on the Move\",\"url\":\"https:\\\/\\\/www.booksonthemove.fr\\\/\",\"logo\":{\"@type\":\"ImageObject\",\"inLanguage\":\"en-US\",\"@id\":\"https:\\\/\\\/www.booksonthemove.fr\\\/#\\\/schema\\\/logo\\\/image\\\/\",\"url\":\"https:\\\/\\\/www.booksonthemove.fr\\\/media\\\/logo-NB-400.jpg\",\"contentUrl\":\"https:\\\/\\\/www.booksonthemove.fr\\\/media\\\/logo-NB-400.jpg\",\"width\":400,\"height\":143,\"caption\":\"Books on the Move\"},\"image\":{\"@id\":\"https:\\\/\\\/www.booksonthemove.fr\\\/#\\\/schema\\\/logo\\\/image\\\/\"},\"sameAs\":[\"https:\\\/\\\/www.facebook.com\\\/Librairiebooksonthemove\\\/\"]}]}<\/script>\n<!-- \/ Yoast SEO plugin. -->","yoast_head_json":{"title":"Apprendre \u00e0 voir - Le point de vue du vivant - Books on the Move","robots":{"index":"index","follow":"follow","max-snippet":"max-snippet:-1","max-image-preview":"max-image-preview:large","max-video-preview":"max-video-preview:-1"},"canonical":"https:\/\/www.booksonthemove.fr\/en\/produit\/apprendre-a-voir-le-point-de-vue-du-vivant\/","og_locale":"en_US","og_type":"article","og_title":"Apprendre \u00e0 voir - Le point de vue du vivant - Books on the Move","og_description":"AUTEURE :\u00a0Estelle Zhong Mengual \u00c9DITEUR : Actes Sud (2021) BROCH\u00c9 :\u00a0256 pages LANGUE : Fran\u00e7ais ISBN13 : 978-2-330-15164-5","og_url":"https:\/\/www.booksonthemove.fr\/en\/produit\/apprendre-a-voir-le-point-de-vue-du-vivant\/","og_site_name":"Books on the Move","article_publisher":"https:\/\/www.facebook.com\/Librairiebooksonthemove\/","article_modified_time":"2026-01-28T11:13:20+00:00","og_image":[{"width":441,"height":600,"url":"https:\/\/www.booksonthemove.fr\/media\/bom_2728.jpeg","type":"image\/jpeg"}],"twitter_card":"summary_large_image","schema":{"@context":"https:\/\/schema.org","@graph":[{"@type":"WebPage","@id":"https:\/\/www.booksonthemove.fr\/en\/produit\/apprendre-a-voir-le-point-de-vue-du-vivant\/","url":"https:\/\/www.booksonthemove.fr\/en\/produit\/apprendre-a-voir-le-point-de-vue-du-vivant\/","name":"Apprendre \u00e0 voir - Le point de vue du vivant - Books on the Move","isPartOf":{"@id":"https:\/\/www.booksonthemove.fr\/#website"},"primaryImageOfPage":{"@id":"https:\/\/www.booksonthemove.fr\/en\/produit\/apprendre-a-voir-le-point-de-vue-du-vivant\/#primaryimage"},"image":{"@id":"https:\/\/www.booksonthemove.fr\/en\/produit\/apprendre-a-voir-le-point-de-vue-du-vivant\/#primaryimage"},"thumbnailUrl":"https:\/\/www.booksonthemove.fr\/media\/bom_2728.jpeg","datePublished":"2024-08-02T12:25:18+00:00","dateModified":"2026-01-28T11:13:20+00:00","breadcrumb":{"@id":"https:\/\/www.booksonthemove.fr\/en\/produit\/apprendre-a-voir-le-point-de-vue-du-vivant\/#breadcrumb"},"inLanguage":"en-US","potentialAction":[{"@type":"ReadAction","target":["https:\/\/www.booksonthemove.fr\/en\/produit\/apprendre-a-voir-le-point-de-vue-du-vivant\/"]}]},{"@type":"ImageObject","inLanguage":"en-US","@id":"https:\/\/www.booksonthemove.fr\/en\/produit\/apprendre-a-voir-le-point-de-vue-du-vivant\/#primaryimage","url":"https:\/\/www.booksonthemove.fr\/media\/bom_2728.jpeg","contentUrl":"https:\/\/www.booksonthemove.fr\/media\/bom_2728.jpeg","width":441,"height":600},{"@type":"BreadcrumbList","@id":"https:\/\/www.booksonthemove.fr\/en\/produit\/apprendre-a-voir-le-point-de-vue-du-vivant\/#breadcrumb","itemListElement":[{"@type":"ListItem","position":1,"name":"Accueil","item":"https:\/\/www.booksonthemove.fr\/en\/"},{"@type":"ListItem","position":2,"name":"online store","item":"https:\/\/www.booksonthemove.fr\/en\/online-shop\/"},{"@type":"ListItem","position":3,"name":"Apprendre \u00e0 voir &#8211; Le point de vue du vivant"}]},{"@type":"WebSite","@id":"https:\/\/www.booksonthemove.fr\/#website","url":"https:\/\/www.booksonthemove.fr\/","name":"Books on the Move","description":"librairie nomade - danse - mouvement - performance","publisher":{"@id":"https:\/\/www.booksonthemove.fr\/#organization"},"potentialAction":[{"@type":"SearchAction","target":{"@type":"EntryPoint","urlTemplate":"https:\/\/www.booksonthemove.fr\/?s={search_term_string}"},"query-input":{"@type":"PropertyValueSpecification","valueRequired":true,"valueName":"search_term_string"}}],"inLanguage":"en-US"},{"@type":"Organization","@id":"https:\/\/www.booksonthemove.fr\/#organization","name":"Books on the Move","url":"https:\/\/www.booksonthemove.fr\/","logo":{"@type":"ImageObject","inLanguage":"en-US","@id":"https:\/\/www.booksonthemove.fr\/#\/schema\/logo\/image\/","url":"https:\/\/www.booksonthemove.fr\/media\/logo-NB-400.jpg","contentUrl":"https:\/\/www.booksonthemove.fr\/media\/logo-NB-400.jpg","width":400,"height":143,"caption":"Books on the Move"},"image":{"@id":"https:\/\/www.booksonthemove.fr\/#\/schema\/logo\/image\/"},"sameAs":["https:\/\/www.facebook.com\/Librairiebooksonthemove\/"]}]}},"_links":{"self":[{"href":"https:\/\/www.booksonthemove.fr\/en\/wp-json\/wp\/v2\/product\/43433","targetHints":{"allow":["GET"]}}],"collection":[{"href":"https:\/\/www.booksonthemove.fr\/en\/wp-json\/wp\/v2\/product"}],"about":[{"href":"https:\/\/www.booksonthemove.fr\/en\/wp-json\/wp\/v2\/types\/product"}],"wp:featuredmedia":[{"embeddable":true,"href":"https:\/\/www.booksonthemove.fr\/en\/wp-json\/wp\/v2\/media\/43432"}],"wp:attachment":[{"href":"https:\/\/www.booksonthemove.fr\/en\/wp-json\/wp\/v2\/media?parent=43433"}],"wp:term":[{"taxonomy":"product_brand","embeddable":true,"href":"https:\/\/www.booksonthemove.fr\/en\/wp-json\/wp\/v2\/product_brand?post=43433"},{"taxonomy":"product_cat","embeddable":true,"href":"https:\/\/www.booksonthemove.fr\/en\/wp-json\/wp\/v2\/product_cat?post=43433"},{"taxonomy":"product_tag","embeddable":true,"href":"https:\/\/www.booksonthemove.fr\/en\/wp-json\/wp\/v2\/product_tag?post=43433"}],"curies":[{"name":"wp","href":"https:\/\/api.w.org\/{rel}","templated":true}]}}