{"id":43460,"date":"2024-08-02T16:50:05","date_gmt":"2024-08-02T14:50:05","guid":{"rendered":"https:\/\/www.booksonthemove.fr\/produit\/les-feuilles-revue-suspensive-n1\/"},"modified":"2026-03-12T15:42:01","modified_gmt":"2026-03-12T14:42:01","slug":"les-feuilles-revue-suspensive-n1","status":"publish","type":"product","link":"https:\/\/www.booksonthemove.fr\/en\/produit\/les-feuilles-revue-suspensive-n1\/","title":{"rendered":"Les feuilles &#8211; revue suspensive n\u00b01"},"content":{"rendered":"<div class=\"accroche\">L&#8217;artiste suspensive Chlo\u00e9 Moglia convie des auteurices et chercheureuses (Camille Froidevaux-Metterie, M\u00e9lanie Jouen, \u00c9tienne Klein, David Le Breton) \u00e0 \u00e9crire avec elle, ce que le geste de se tenir au-dessus du vide engendre comme senti et pens\u00e9e. Dans ce premier num\u00e9ro des\u00a0<em>Feuilles<\/em>, \u00e0 travers la verticalit\u00e9, le vertige et le risque, il est ici question de puissance et d&#8217;\u00e9gards.<\/div>\n<div class=\"citation\">\u00catre suspensive, c&#8217;est se suspendre \u00e0 des lignes.\u00a0C&#8217;est le prolongement d&#8217;une enfance o\u00f9 on grimpe aux arbres. L\u00e0-haut, il faut aller doucement, suivre le fil de la ligne, du souffle, ne pas chercher \u00e0 produire une figure mais sentir. Le risque aiguise l&#8217;attention, c&#8217;est tout l&#8217;int\u00e9r\u00eat.\u00a0Le geste \u2013 si simple en apparence \u2013 de se tenir au-dessus du vide, ouvre des espaces de recherche, d&#8217;observation et de cr\u00e9ation que l&#8217;artiste suspensive Chlo\u00e9 Moglia d\u00e9plie entre ces pages, en invitant chacun, chacune \u00e0 \u00eatre feuilles, suspendues.<\/div>\n<div class=\"bioAuteur\">Initi\u00e9e par l&#8217;artiste suspensive Chlo\u00e9 Moglia, publi\u00e9e par la compagnie Rhizome, <em>Les Feuilles<\/em> est une revue qui accueille de mani\u00e8re saisonni\u00e8re les \u00e9crits d&#8217;auteurices et chercheureuses autour de la pratique et de la notion de suspension.<\/div>\n","protected":false},"excerpt":{"rendered":"<p><b>AUTEURICE : <\/b>sous la direction de Chlo\u00e9 Moglia<br \/>\n<b>EDITEUR : <\/b>Rhizome (2024)<\/p>\n<p><b>RELIURE AGRAF\u00c9 : <\/b>40 pages<br \/>\n<b>LANGUE : <\/b>Fran\u00e7ais<br \/>\n<strong>ISBN :<\/strong> 978-2-9591574-0-0<\/p>\n","protected":false},"featured_media":43459,"template":"","meta":[],"product_brand":[],"product_cat":[162,206,211],"product_tag":[],"class_list":{"0":"post-43460","1":"product","2":"type-product","3":"status-publish","4":"has-post-thumbnail","6":"product_cat-french-en","7":"product_cat-philosophy-aesthetics-en","8":"product_cat-magazines-en","10":"first","11":"instock","12":"taxable","13":"shipping-taxable","14":"purchasable","15":"product-type-simple"},"yoast_head":"<!-- This site is optimized with the Yoast SEO plugin v27.5 - https:\/\/yoast.com\/product\/yoast-seo-wordpress\/ -->\n<title>Les feuilles - revue suspensive n\u00b01 - Books on the Move<\/title>\n<meta name=\"robots\" content=\"index, follow, max-snippet:-1, max-image-preview:large, max-video-preview:-1\" \/>\n<link rel=\"canonical\" href=\"https:\/\/www.booksonthemove.fr\/en\/produit\/les-feuilles-revue-suspensive-n1\/\" \/>\n<meta property=\"og:locale\" content=\"en_US\" \/>\n<meta property=\"og:type\" content=\"article\" \/>\n<meta property=\"og:title\" content=\"Les feuilles - revue suspensive n\u00b01 - Books on the Move\" \/>\n<meta property=\"og:description\" content=\"AUTEURICE : sous la direction de Chlo\u00e9 Moglia EDITEUR : Rhizome (2024)  RELIURE AGRAF\u00c9 : 40 pages LANGUE : Fran\u00e7ais ISBN : 978-2-9591574-0-0\" \/>\n<meta property=\"og:url\" content=\"https:\/\/www.booksonthemove.fr\/en\/produit\/les-feuilles-revue-suspensive-n1\/\" \/>\n<meta property=\"og:site_name\" content=\"Books on the Move\" \/>\n<meta property=\"article:publisher\" content=\"https:\/\/www.facebook.com\/Librairiebooksonthemove\/\" \/>\n<meta property=\"article:modified_time\" content=\"2026-03-12T14:42:01+00:00\" \/>\n<meta property=\"og:image\" content=\"https:\/\/www.booksonthemove.fr\/media\/bom_2748.jpeg\" \/>\n\t<meta property=\"og:image:width\" content=\"324\" \/>\n\t<meta property=\"og:image:height\" content=\"577\" \/>\n\t<meta property=\"og:image:type\" content=\"image\/jpeg\" \/>\n<meta name=\"twitter:card\" content=\"summary_large_image\" \/>\n<script type=\"application\/ld+json\" class=\"yoast-schema-graph\">{\"@context\":\"https:\\\/\\\/schema.org\",\"@graph\":[{\"@type\":\"WebPage\",\"@id\":\"https:\\\/\\\/www.booksonthemove.fr\\\/en\\\/produit\\\/les-feuilles-revue-suspensive-n1\\\/\",\"url\":\"https:\\\/\\\/www.booksonthemove.fr\\\/en\\\/produit\\\/les-feuilles-revue-suspensive-n1\\\/\",\"name\":\"Les feuilles - revue suspensive n\u00b01 - Books on the Move\",\"isPartOf\":{\"@id\":\"https:\\\/\\\/www.booksonthemove.fr\\\/#website\"},\"primaryImageOfPage\":{\"@id\":\"https:\\\/\\\/www.booksonthemove.fr\\\/en\\\/produit\\\/les-feuilles-revue-suspensive-n1\\\/#primaryimage\"},\"image\":{\"@id\":\"https:\\\/\\\/www.booksonthemove.fr\\\/en\\\/produit\\\/les-feuilles-revue-suspensive-n1\\\/#primaryimage\"},\"thumbnailUrl\":\"https:\\\/\\\/www.booksonthemove.fr\\\/media\\\/bom_2748.jpeg\",\"datePublished\":\"2024-08-02T14:50:05+00:00\",\"dateModified\":\"2026-03-12T14:42:01+00:00\",\"breadcrumb\":{\"@id\":\"https:\\\/\\\/www.booksonthemove.fr\\\/en\\\/produit\\\/les-feuilles-revue-suspensive-n1\\\/#breadcrumb\"},\"inLanguage\":\"en-US\",\"potentialAction\":[{\"@type\":\"ReadAction\",\"target\":[\"https:\\\/\\\/www.booksonthemove.fr\\\/en\\\/produit\\\/les-feuilles-revue-suspensive-n1\\\/\"]}]},{\"@type\":\"ImageObject\",\"inLanguage\":\"en-US\",\"@id\":\"https:\\\/\\\/www.booksonthemove.fr\\\/en\\\/produit\\\/les-feuilles-revue-suspensive-n1\\\/#primaryimage\",\"url\":\"https:\\\/\\\/www.booksonthemove.fr\\\/media\\\/bom_2748.jpeg\",\"contentUrl\":\"https:\\\/\\\/www.booksonthemove.fr\\\/media\\\/bom_2748.jpeg\",\"width\":324,\"height\":577},{\"@type\":\"BreadcrumbList\",\"@id\":\"https:\\\/\\\/www.booksonthemove.fr\\\/en\\\/produit\\\/les-feuilles-revue-suspensive-n1\\\/#breadcrumb\",\"itemListElement\":[{\"@type\":\"ListItem\",\"position\":1,\"name\":\"Accueil\",\"item\":\"https:\\\/\\\/www.booksonthemove.fr\\\/en\\\/\"},{\"@type\":\"ListItem\",\"position\":2,\"name\":\"online store\",\"item\":\"https:\\\/\\\/www.booksonthemove.fr\\\/en\\\/online-shop\\\/\"},{\"@type\":\"ListItem\",\"position\":3,\"name\":\"Les feuilles &#8211; revue suspensive n\u00b01\"}]},{\"@type\":\"WebSite\",\"@id\":\"https:\\\/\\\/www.booksonthemove.fr\\\/#website\",\"url\":\"https:\\\/\\\/www.booksonthemove.fr\\\/\",\"name\":\"Books on the Move\",\"description\":\"librairie nomade - danse - mouvement - performance\",\"publisher\":{\"@id\":\"https:\\\/\\\/www.booksonthemove.fr\\\/#organization\"},\"potentialAction\":[{\"@type\":\"SearchAction\",\"target\":{\"@type\":\"EntryPoint\",\"urlTemplate\":\"https:\\\/\\\/www.booksonthemove.fr\\\/?s={search_term_string}\"},\"query-input\":{\"@type\":\"PropertyValueSpecification\",\"valueRequired\":true,\"valueName\":\"search_term_string\"}}],\"inLanguage\":\"en-US\"},{\"@type\":\"Organization\",\"@id\":\"https:\\\/\\\/www.booksonthemove.fr\\\/#organization\",\"name\":\"Books on the Move\",\"url\":\"https:\\\/\\\/www.booksonthemove.fr\\\/\",\"logo\":{\"@type\":\"ImageObject\",\"inLanguage\":\"en-US\",\"@id\":\"https:\\\/\\\/www.booksonthemove.fr\\\/#\\\/schema\\\/logo\\\/image\\\/\",\"url\":\"https:\\\/\\\/www.booksonthemove.fr\\\/media\\\/logo-NB-400.jpg\",\"contentUrl\":\"https:\\\/\\\/www.booksonthemove.fr\\\/media\\\/logo-NB-400.jpg\",\"width\":400,\"height\":143,\"caption\":\"Books on the Move\"},\"image\":{\"@id\":\"https:\\\/\\\/www.booksonthemove.fr\\\/#\\\/schema\\\/logo\\\/image\\\/\"},\"sameAs\":[\"https:\\\/\\\/www.facebook.com\\\/Librairiebooksonthemove\\\/\"]}]}<\/script>\n<!-- \/ Yoast SEO plugin. -->","yoast_head_json":{"title":"Les feuilles - revue suspensive n\u00b01 - Books on the Move","robots":{"index":"index","follow":"follow","max-snippet":"max-snippet:-1","max-image-preview":"max-image-preview:large","max-video-preview":"max-video-preview:-1"},"canonical":"https:\/\/www.booksonthemove.fr\/en\/produit\/les-feuilles-revue-suspensive-n1\/","og_locale":"en_US","og_type":"article","og_title":"Les feuilles - revue suspensive n\u00b01 - Books on the Move","og_description":"AUTEURICE : sous la direction de Chlo\u00e9 Moglia EDITEUR : Rhizome (2024)  RELIURE AGRAF\u00c9 : 40 pages LANGUE : Fran\u00e7ais ISBN : 978-2-9591574-0-0","og_url":"https:\/\/www.booksonthemove.fr\/en\/produit\/les-feuilles-revue-suspensive-n1\/","og_site_name":"Books on the Move","article_publisher":"https:\/\/www.facebook.com\/Librairiebooksonthemove\/","article_modified_time":"2026-03-12T14:42:01+00:00","og_image":[{"width":324,"height":577,"url":"https:\/\/www.booksonthemove.fr\/media\/bom_2748.jpeg","type":"image\/jpeg"}],"twitter_card":"summary_large_image","schema":{"@context":"https:\/\/schema.org","@graph":[{"@type":"WebPage","@id":"https:\/\/www.booksonthemove.fr\/en\/produit\/les-feuilles-revue-suspensive-n1\/","url":"https:\/\/www.booksonthemove.fr\/en\/produit\/les-feuilles-revue-suspensive-n1\/","name":"Les feuilles - revue suspensive n\u00b01 - Books on the Move","isPartOf":{"@id":"https:\/\/www.booksonthemove.fr\/#website"},"primaryImageOfPage":{"@id":"https:\/\/www.booksonthemove.fr\/en\/produit\/les-feuilles-revue-suspensive-n1\/#primaryimage"},"image":{"@id":"https:\/\/www.booksonthemove.fr\/en\/produit\/les-feuilles-revue-suspensive-n1\/#primaryimage"},"thumbnailUrl":"https:\/\/www.booksonthemove.fr\/media\/bom_2748.jpeg","datePublished":"2024-08-02T14:50:05+00:00","dateModified":"2026-03-12T14:42:01+00:00","breadcrumb":{"@id":"https:\/\/www.booksonthemove.fr\/en\/produit\/les-feuilles-revue-suspensive-n1\/#breadcrumb"},"inLanguage":"en-US","potentialAction":[{"@type":"ReadAction","target":["https:\/\/www.booksonthemove.fr\/en\/produit\/les-feuilles-revue-suspensive-n1\/"]}]},{"@type":"ImageObject","inLanguage":"en-US","@id":"https:\/\/www.booksonthemove.fr\/en\/produit\/les-feuilles-revue-suspensive-n1\/#primaryimage","url":"https:\/\/www.booksonthemove.fr\/media\/bom_2748.jpeg","contentUrl":"https:\/\/www.booksonthemove.fr\/media\/bom_2748.jpeg","width":324,"height":577},{"@type":"BreadcrumbList","@id":"https:\/\/www.booksonthemove.fr\/en\/produit\/les-feuilles-revue-suspensive-n1\/#breadcrumb","itemListElement":[{"@type":"ListItem","position":1,"name":"Accueil","item":"https:\/\/www.booksonthemove.fr\/en\/"},{"@type":"ListItem","position":2,"name":"online store","item":"https:\/\/www.booksonthemove.fr\/en\/online-shop\/"},{"@type":"ListItem","position":3,"name":"Les feuilles &#8211; revue suspensive n\u00b01"}]},{"@type":"WebSite","@id":"https:\/\/www.booksonthemove.fr\/#website","url":"https:\/\/www.booksonthemove.fr\/","name":"Books on the Move","description":"librairie nomade - danse - mouvement - performance","publisher":{"@id":"https:\/\/www.booksonthemove.fr\/#organization"},"potentialAction":[{"@type":"SearchAction","target":{"@type":"EntryPoint","urlTemplate":"https:\/\/www.booksonthemove.fr\/?s={search_term_string}"},"query-input":{"@type":"PropertyValueSpecification","valueRequired":true,"valueName":"search_term_string"}}],"inLanguage":"en-US"},{"@type":"Organization","@id":"https:\/\/www.booksonthemove.fr\/#organization","name":"Books on the Move","url":"https:\/\/www.booksonthemove.fr\/","logo":{"@type":"ImageObject","inLanguage":"en-US","@id":"https:\/\/www.booksonthemove.fr\/#\/schema\/logo\/image\/","url":"https:\/\/www.booksonthemove.fr\/media\/logo-NB-400.jpg","contentUrl":"https:\/\/www.booksonthemove.fr\/media\/logo-NB-400.jpg","width":400,"height":143,"caption":"Books on the Move"},"image":{"@id":"https:\/\/www.booksonthemove.fr\/#\/schema\/logo\/image\/"},"sameAs":["https:\/\/www.facebook.com\/Librairiebooksonthemove\/"]}]}},"_links":{"self":[{"href":"https:\/\/www.booksonthemove.fr\/en\/wp-json\/wp\/v2\/product\/43460","targetHints":{"allow":["GET"]}}],"collection":[{"href":"https:\/\/www.booksonthemove.fr\/en\/wp-json\/wp\/v2\/product"}],"about":[{"href":"https:\/\/www.booksonthemove.fr\/en\/wp-json\/wp\/v2\/types\/product"}],"wp:featuredmedia":[{"embeddable":true,"href":"https:\/\/www.booksonthemove.fr\/en\/wp-json\/wp\/v2\/media\/43459"}],"wp:attachment":[{"href":"https:\/\/www.booksonthemove.fr\/en\/wp-json\/wp\/v2\/media?parent=43460"}],"wp:term":[{"taxonomy":"product_brand","embeddable":true,"href":"https:\/\/www.booksonthemove.fr\/en\/wp-json\/wp\/v2\/product_brand?post=43460"},{"taxonomy":"product_cat","embeddable":true,"href":"https:\/\/www.booksonthemove.fr\/en\/wp-json\/wp\/v2\/product_cat?post=43460"},{"taxonomy":"product_tag","embeddable":true,"href":"https:\/\/www.booksonthemove.fr\/en\/wp-json\/wp\/v2\/product_tag?post=43460"}],"curies":[{"name":"wp","href":"https:\/\/api.w.org\/{rel}","templated":true}]}}