{"id":43485,"date":"2024-08-09T13:52:20","date_gmt":"2024-08-09T11:52:20","guid":{"rendered":"https:\/\/www.booksonthemove.fr\/produit\/volume-what-you-see-is-what-you-hear-n6\/"},"modified":"2024-08-30T17:14:49","modified_gmt":"2024-08-30T15:14:49","slug":"volume-what-you-see-is-what-you-hear-n6","status":"publish","type":"product","link":"https:\/\/www.booksonthemove.fr\/en\/produit\/volume-what-you-see-is-what-you-hear-n6\/","title":{"rendered":"Volume \u2013 What You See Is What You Hear n\u00b06"},"content":{"rendered":"<div class=\"accroche\">Le sixi\u00e8me num\u00e9ro de la revue d&#8217;art contemporain sur le son (textes critiques et monographiques, analyses historiques, entretiens, interventions d&#8217;artistes&#8230;) explore les m\u00e9andres des espaces de production et autres paysages sonores, notamment \u00e0 travers les \u0153uvres de Marie Cool Fabio Balducci, Martin Kersels, Raymond Gervais, Janet Cardiff &amp; George Bures Miller ou Dan Peterman, de la performance de Marcel Broodthaers au <em>Speakers&#8217; Corner<\/em>, de la revue <em>Audio Arts<\/em>. Avec des interventions in\u00e9dites d&#8217;Arnaud Maguet et de Cocktail Designers.<\/div>\n<div class=\"accroche\"><em>Volume<\/em> \u2013 <em>What You See Is What You Hear<\/em> se pr\u00e9sente comme la premi\u00e8re revue d\u2019art contemporain sp\u00e9cialis\u00e9e sur le son. Ni revue musicale, ni revue d\u2019art sonore, <em>Volume<\/em>envisage le son du point de vue des arts plastiques.<\/div>\n<div><\/div>\n<div>\/<\/div>\n<div><\/div>\n<div><em>Volume<\/em> #6 explores the production spaces and other soundscapes, through the works of Marie Cool Fabio Balducci, Martin Kersels, Raymond Gervais, Janet Cardiff &amp; George Bures Miller or Dan Peterman, Marcel Broodthaers&#8217; performance at <em>Speakers&#8217; Corner<\/em>, and <em>Audio Arts<\/em> magazine. With special interventions by Arnaud Maguet and Cocktail Designers.<\/div>\n<div><em>Volume<\/em> \u2013 <em>What You See Is What You Hear<\/em> is the first magazine devoted to sound issues in art, and to the complex relationships between visual and sound forms, both in contemporary art and history.<\/div>\n","protected":false},"excerpt":{"rendered":"<p><b>AUTEUR\u00b7ES :<\/b> Sous la direction de Rapha\u00ebl Brunel et Anne-Lou Vicente<br \/>\n<strong>\u00c9DITEUR :<\/strong> What You See Is What You Hear (2013)<\/p>\n<p><strong>BROCH\u00c9 :<\/strong> 120 pages<br \/>\n<strong>LANGUE :<\/strong>\u00a0Bilingue fran\u00e7ais\/anglais<br \/>\n<strong>ISBN13 :<\/strong> 978-2-919217-09-0<\/p>\n","protected":false},"featured_media":43484,"template":"","meta":[],"product_brand":[],"product_cat":[135,162,211,283],"product_tag":[],"class_list":{"0":"post-43485","1":"product","2":"type-product","3":"status-publish","4":"has-post-thumbnail","6":"product_cat-english-en","7":"product_cat-french-en","8":"product_cat-magazines-en","9":"product_cat-sound-art","11":"first","12":"instock","13":"taxable","14":"shipping-taxable","15":"purchasable","16":"product-type-simple"},"yoast_head":"<!-- This site is optimized with the Yoast SEO plugin v27.5 - https:\/\/yoast.com\/product\/yoast-seo-wordpress\/ -->\n<title>Volume \u2013 What You See Is What You Hear n\u00b06 - Books on the Move<\/title>\n<meta name=\"robots\" content=\"index, follow, max-snippet:-1, max-image-preview:large, max-video-preview:-1\" \/>\n<link rel=\"canonical\" href=\"https:\/\/www.booksonthemove.fr\/en\/produit\/volume-what-you-see-is-what-you-hear-n6\/\" \/>\n<meta property=\"og:locale\" content=\"en_US\" \/>\n<meta property=\"og:type\" content=\"article\" \/>\n<meta property=\"og:title\" content=\"Volume \u2013 What You See Is What You Hear n\u00b06 - Books on the Move\" \/>\n<meta property=\"og:description\" content=\"AUTEUR\u00b7ES : Sous la direction de Rapha\u00ebl Brunel et Anne-Lou Vicente \u00c9DITEUR : What You See Is What You Hear (2013)  BROCH\u00c9 : 120 pages LANGUE :\u00a0Bilingue fran\u00e7ais\/anglais ISBN13 : 978-2-919217-09-0\" \/>\n<meta property=\"og:url\" content=\"https:\/\/www.booksonthemove.fr\/en\/produit\/volume-what-you-see-is-what-you-hear-n6\/\" \/>\n<meta property=\"og:site_name\" content=\"Books on the Move\" \/>\n<meta property=\"article:publisher\" content=\"https:\/\/www.facebook.com\/Librairiebooksonthemove\/\" \/>\n<meta property=\"article:modified_time\" content=\"2024-08-30T15:14:49+00:00\" \/>\n<meta property=\"og:image\" content=\"https:\/\/www.booksonthemove.fr\/media\/bom_2784.jpeg\" \/>\n\t<meta property=\"og:image:width\" content=\"702\" \/>\n\t<meta property=\"og:image:height\" content=\"900\" \/>\n\t<meta property=\"og:image:type\" content=\"image\/jpeg\" \/>\n<meta name=\"twitter:card\" content=\"summary_large_image\" \/>\n<script type=\"application\/ld+json\" class=\"yoast-schema-graph\">{\"@context\":\"https:\\\/\\\/schema.org\",\"@graph\":[{\"@type\":\"WebPage\",\"@id\":\"https:\\\/\\\/www.booksonthemove.fr\\\/en\\\/produit\\\/volume-what-you-see-is-what-you-hear-n6\\\/\",\"url\":\"https:\\\/\\\/www.booksonthemove.fr\\\/en\\\/produit\\\/volume-what-you-see-is-what-you-hear-n6\\\/\",\"name\":\"Volume \u2013 What You See Is What You Hear n\u00b06 - Books on the Move\",\"isPartOf\":{\"@id\":\"https:\\\/\\\/www.booksonthemove.fr\\\/#website\"},\"primaryImageOfPage\":{\"@id\":\"https:\\\/\\\/www.booksonthemove.fr\\\/en\\\/produit\\\/volume-what-you-see-is-what-you-hear-n6\\\/#primaryimage\"},\"image\":{\"@id\":\"https:\\\/\\\/www.booksonthemove.fr\\\/en\\\/produit\\\/volume-what-you-see-is-what-you-hear-n6\\\/#primaryimage\"},\"thumbnailUrl\":\"https:\\\/\\\/www.booksonthemove.fr\\\/media\\\/bom_2784.jpeg\",\"datePublished\":\"2024-08-09T11:52:20+00:00\",\"dateModified\":\"2024-08-30T15:14:49+00:00\",\"breadcrumb\":{\"@id\":\"https:\\\/\\\/www.booksonthemove.fr\\\/en\\\/produit\\\/volume-what-you-see-is-what-you-hear-n6\\\/#breadcrumb\"},\"inLanguage\":\"en-US\",\"potentialAction\":[{\"@type\":\"ReadAction\",\"target\":[\"https:\\\/\\\/www.booksonthemove.fr\\\/en\\\/produit\\\/volume-what-you-see-is-what-you-hear-n6\\\/\"]}]},{\"@type\":\"ImageObject\",\"inLanguage\":\"en-US\",\"@id\":\"https:\\\/\\\/www.booksonthemove.fr\\\/en\\\/produit\\\/volume-what-you-see-is-what-you-hear-n6\\\/#primaryimage\",\"url\":\"https:\\\/\\\/www.booksonthemove.fr\\\/media\\\/bom_2784.jpeg\",\"contentUrl\":\"https:\\\/\\\/www.booksonthemove.fr\\\/media\\\/bom_2784.jpeg\",\"width\":702,\"height\":900},{\"@type\":\"BreadcrumbList\",\"@id\":\"https:\\\/\\\/www.booksonthemove.fr\\\/en\\\/produit\\\/volume-what-you-see-is-what-you-hear-n6\\\/#breadcrumb\",\"itemListElement\":[{\"@type\":\"ListItem\",\"position\":1,\"name\":\"Accueil\",\"item\":\"https:\\\/\\\/www.booksonthemove.fr\\\/en\\\/\"},{\"@type\":\"ListItem\",\"position\":2,\"name\":\"online store\",\"item\":\"https:\\\/\\\/www.booksonthemove.fr\\\/en\\\/online-shop\\\/\"},{\"@type\":\"ListItem\",\"position\":3,\"name\":\"Volume \u2013 What You See Is What You Hear n\u00b06\"}]},{\"@type\":\"WebSite\",\"@id\":\"https:\\\/\\\/www.booksonthemove.fr\\\/#website\",\"url\":\"https:\\\/\\\/www.booksonthemove.fr\\\/\",\"name\":\"Books on the Move\",\"description\":\"librairie nomade - danse - mouvement - performance\",\"publisher\":{\"@id\":\"https:\\\/\\\/www.booksonthemove.fr\\\/#organization\"},\"potentialAction\":[{\"@type\":\"SearchAction\",\"target\":{\"@type\":\"EntryPoint\",\"urlTemplate\":\"https:\\\/\\\/www.booksonthemove.fr\\\/?s={search_term_string}\"},\"query-input\":{\"@type\":\"PropertyValueSpecification\",\"valueRequired\":true,\"valueName\":\"search_term_string\"}}],\"inLanguage\":\"en-US\"},{\"@type\":\"Organization\",\"@id\":\"https:\\\/\\\/www.booksonthemove.fr\\\/#organization\",\"name\":\"Books on the Move\",\"url\":\"https:\\\/\\\/www.booksonthemove.fr\\\/\",\"logo\":{\"@type\":\"ImageObject\",\"inLanguage\":\"en-US\",\"@id\":\"https:\\\/\\\/www.booksonthemove.fr\\\/#\\\/schema\\\/logo\\\/image\\\/\",\"url\":\"https:\\\/\\\/www.booksonthemove.fr\\\/media\\\/logo-NB-400.jpg\",\"contentUrl\":\"https:\\\/\\\/www.booksonthemove.fr\\\/media\\\/logo-NB-400.jpg\",\"width\":400,\"height\":143,\"caption\":\"Books on the Move\"},\"image\":{\"@id\":\"https:\\\/\\\/www.booksonthemove.fr\\\/#\\\/schema\\\/logo\\\/image\\\/\"},\"sameAs\":[\"https:\\\/\\\/www.facebook.com\\\/Librairiebooksonthemove\\\/\"]}]}<\/script>\n<!-- \/ Yoast SEO plugin. -->","yoast_head_json":{"title":"Volume \u2013 What You See Is What You Hear n\u00b06 - Books on the Move","robots":{"index":"index","follow":"follow","max-snippet":"max-snippet:-1","max-image-preview":"max-image-preview:large","max-video-preview":"max-video-preview:-1"},"canonical":"https:\/\/www.booksonthemove.fr\/en\/produit\/volume-what-you-see-is-what-you-hear-n6\/","og_locale":"en_US","og_type":"article","og_title":"Volume \u2013 What You See Is What You Hear n\u00b06 - Books on the Move","og_description":"AUTEUR\u00b7ES : Sous la direction de Rapha\u00ebl Brunel et Anne-Lou Vicente \u00c9DITEUR : What You See Is What You Hear (2013)  BROCH\u00c9 : 120 pages LANGUE :\u00a0Bilingue fran\u00e7ais\/anglais ISBN13 : 978-2-919217-09-0","og_url":"https:\/\/www.booksonthemove.fr\/en\/produit\/volume-what-you-see-is-what-you-hear-n6\/","og_site_name":"Books on the Move","article_publisher":"https:\/\/www.facebook.com\/Librairiebooksonthemove\/","article_modified_time":"2024-08-30T15:14:49+00:00","og_image":[{"width":702,"height":900,"url":"https:\/\/www.booksonthemove.fr\/media\/bom_2784.jpeg","type":"image\/jpeg"}],"twitter_card":"summary_large_image","schema":{"@context":"https:\/\/schema.org","@graph":[{"@type":"WebPage","@id":"https:\/\/www.booksonthemove.fr\/en\/produit\/volume-what-you-see-is-what-you-hear-n6\/","url":"https:\/\/www.booksonthemove.fr\/en\/produit\/volume-what-you-see-is-what-you-hear-n6\/","name":"Volume \u2013 What You See Is What You Hear n\u00b06 - Books on the Move","isPartOf":{"@id":"https:\/\/www.booksonthemove.fr\/#website"},"primaryImageOfPage":{"@id":"https:\/\/www.booksonthemove.fr\/en\/produit\/volume-what-you-see-is-what-you-hear-n6\/#primaryimage"},"image":{"@id":"https:\/\/www.booksonthemove.fr\/en\/produit\/volume-what-you-see-is-what-you-hear-n6\/#primaryimage"},"thumbnailUrl":"https:\/\/www.booksonthemove.fr\/media\/bom_2784.jpeg","datePublished":"2024-08-09T11:52:20+00:00","dateModified":"2024-08-30T15:14:49+00:00","breadcrumb":{"@id":"https:\/\/www.booksonthemove.fr\/en\/produit\/volume-what-you-see-is-what-you-hear-n6\/#breadcrumb"},"inLanguage":"en-US","potentialAction":[{"@type":"ReadAction","target":["https:\/\/www.booksonthemove.fr\/en\/produit\/volume-what-you-see-is-what-you-hear-n6\/"]}]},{"@type":"ImageObject","inLanguage":"en-US","@id":"https:\/\/www.booksonthemove.fr\/en\/produit\/volume-what-you-see-is-what-you-hear-n6\/#primaryimage","url":"https:\/\/www.booksonthemove.fr\/media\/bom_2784.jpeg","contentUrl":"https:\/\/www.booksonthemove.fr\/media\/bom_2784.jpeg","width":702,"height":900},{"@type":"BreadcrumbList","@id":"https:\/\/www.booksonthemove.fr\/en\/produit\/volume-what-you-see-is-what-you-hear-n6\/#breadcrumb","itemListElement":[{"@type":"ListItem","position":1,"name":"Accueil","item":"https:\/\/www.booksonthemove.fr\/en\/"},{"@type":"ListItem","position":2,"name":"online store","item":"https:\/\/www.booksonthemove.fr\/en\/online-shop\/"},{"@type":"ListItem","position":3,"name":"Volume \u2013 What You See Is What You Hear n\u00b06"}]},{"@type":"WebSite","@id":"https:\/\/www.booksonthemove.fr\/#website","url":"https:\/\/www.booksonthemove.fr\/","name":"Books on the Move","description":"librairie nomade - danse - mouvement - performance","publisher":{"@id":"https:\/\/www.booksonthemove.fr\/#organization"},"potentialAction":[{"@type":"SearchAction","target":{"@type":"EntryPoint","urlTemplate":"https:\/\/www.booksonthemove.fr\/?s={search_term_string}"},"query-input":{"@type":"PropertyValueSpecification","valueRequired":true,"valueName":"search_term_string"}}],"inLanguage":"en-US"},{"@type":"Organization","@id":"https:\/\/www.booksonthemove.fr\/#organization","name":"Books on the Move","url":"https:\/\/www.booksonthemove.fr\/","logo":{"@type":"ImageObject","inLanguage":"en-US","@id":"https:\/\/www.booksonthemove.fr\/#\/schema\/logo\/image\/","url":"https:\/\/www.booksonthemove.fr\/media\/logo-NB-400.jpg","contentUrl":"https:\/\/www.booksonthemove.fr\/media\/logo-NB-400.jpg","width":400,"height":143,"caption":"Books on the Move"},"image":{"@id":"https:\/\/www.booksonthemove.fr\/#\/schema\/logo\/image\/"},"sameAs":["https:\/\/www.facebook.com\/Librairiebooksonthemove\/"]}]}},"_links":{"self":[{"href":"https:\/\/www.booksonthemove.fr\/en\/wp-json\/wp\/v2\/product\/43485","targetHints":{"allow":["GET"]}}],"collection":[{"href":"https:\/\/www.booksonthemove.fr\/en\/wp-json\/wp\/v2\/product"}],"about":[{"href":"https:\/\/www.booksonthemove.fr\/en\/wp-json\/wp\/v2\/types\/product"}],"wp:featuredmedia":[{"embeddable":true,"href":"https:\/\/www.booksonthemove.fr\/en\/wp-json\/wp\/v2\/media\/43484"}],"wp:attachment":[{"href":"https:\/\/www.booksonthemove.fr\/en\/wp-json\/wp\/v2\/media?parent=43485"}],"wp:term":[{"taxonomy":"product_brand","embeddable":true,"href":"https:\/\/www.booksonthemove.fr\/en\/wp-json\/wp\/v2\/product_brand?post=43485"},{"taxonomy":"product_cat","embeddable":true,"href":"https:\/\/www.booksonthemove.fr\/en\/wp-json\/wp\/v2\/product_cat?post=43485"},{"taxonomy":"product_tag","embeddable":true,"href":"https:\/\/www.booksonthemove.fr\/en\/wp-json\/wp\/v2\/product_tag?post=43485"}],"curies":[{"name":"wp","href":"https:\/\/api.w.org\/{rel}","templated":true}]}}