{"id":43489,"date":"2024-08-09T14:01:48","date_gmt":"2024-08-09T12:01:48","guid":{"rendered":"https:\/\/www.booksonthemove.fr\/produit\/volume-what-you-see-is-what-you-hear-n7-numero-special-entretiens\/"},"modified":"2024-08-30T17:11:32","modified_gmt":"2024-08-30T15:11:32","slug":"volume-what-you-see-is-what-you-hear-n7-numero-special-entretiens","status":"publish","type":"product","link":"https:\/\/www.booksonthemove.fr\/en\/produit\/volume-what-you-see-is-what-you-hear-n7-numero-special-entretiens\/","title":{"rendered":"Volume \u2013 What You See Is What You Hear n\u00b07 &#8211; Num\u00e9ro sp\u00e9cial entretiens"},"content":{"rendered":"<div class=\"citation\">\n<p>\u2014 Pourquoi un num\u00e9ro sp\u00e9cial d\u00e9di\u00e9 \u00e0 l&#8217;entretien ?<\/p>\n<p>\u2014 Pr\u00e9sent dans la revue depuis le premier num\u00e9ro, ce r\u00e9gime de texte se r\u00e9v\u00e8le intrins\u00e8quement li\u00e9 \u00e0 la parole \u2013 du moins au dialogue, puisque cet \u00e9change ne se fait pas n\u00e9cessairement de vive voix. En cela, il rec\u00e8le un potentiel \u00e9minemment sonore, non seulement via ce qui se dit, mais aussi ce qui peut s&#8217;entendre en marge de la discussion.<br \/>\nAussi avons-nous eu envie de lui consacrer un num\u00e9ro entier car, tout en r\u00e9sonnant avec la sp\u00e9cificit\u00e9 de la revue d&#8217;art contemporain sur le son qu&#8217;est VOLUME, il offre un large \u00e9ventail de possibilit\u00e9s en termes de format et de ton. Sans pr\u00e9tendre ni viser \u00e0 l&#8217;exhaustivit\u00e9, cet opus tente ainsi de refl\u00e9ter une telle diversit\u00e9, en m\u00eame temps qu&#8217;il s&#8217;attache \u00e0 faire cohabiter, au sein d&#8217;une m\u00eame publication, une multitude de voix.<br \/>\nAux diff\u00e9rents textes regroup\u00e9s ici autour de la notion de \u00ab\u00a0son \u00e9largi\u00a0\u00bb s&#8217;ajoutent trois interventions artistiques qui, pour leur part, font \u00e9cho \u00e0 l&#8217;essence dialogique de l&#8217;entretien, voire la rejouent.<\/p>\n<\/div>\n<div class=\"note\">Entretiens avec Tarek Atoui, Olaf Nicolai, David Sanson, Mungo Thomson, Steve Roden, S\u00e9bastien Roux, Anri Sala&#8230;<\/div>\n<div><\/div>\n<div class=\"bioAuteur\"><em>Volume<\/em> \u2013 <em>What You See Is What You Hear<\/em> se pr\u00e9sente comme la premi\u00e8re revue d&#8217;art contemporain sp\u00e9cialis\u00e9e sur le son. Ni revue musicale, ni revue d&#8217;art sonore, <em>Volume<\/em>envisage le son du point de vue des arts plastiques.<\/div>\n<div><\/div>\n<div>\/<\/div>\n<div><\/div>\n<div>\n<div class=\"citation\">\u2013 Why a special issue devoted to the interview?<\/p>\n<p>\u2013 This kind of text has been a feature of the magazine since the very first issue, and is intrinsically bound up with words \u2013\u00a0or at least with dialogue, because interviews are not necessarily conducted in person. As such, the interview has an eminently acoustic potential, not only through what is said, but also via what can be heard on the sidelines of the discussion.<br \/>\nSo we were keen to devote a whole issue to it because, while echoing the specific nature of the contemporary art magazine about sound that VOLUME is, it also offers a wide range of possibilities in terms of format and tone. Without claiming or aiming to be exhaustive, this issue also tries to reflect this kind of diversity, at the same time as it endeavours to get a host of different voices to co-exist in one and the same publication.<br \/>\nAdded to the different essays brought together around the notion of an \u201cexpanded sound\u201d are three artistic contributions which, for their part, echo the dialogic essence of the interview, or even re-enact it.<\/p>\n<p>(&#8230;)<\/p><\/div>\n<div class=\"note\">Interviews with Tarek Atoui, Olaf Nicolai, David Sanson, Mungo Thomson, Steve Roden, S\u00e9bastien Roux, Anri Sala&#8230;<\/div>\n<div class=\"bioAuteur\"><em>Volume<\/em> \u2013 <em>What You See Is What You Hear<\/em> is the first magazine devoted to sound issues in art, and to the complex relationships between visual and sound forms, both in contemporary art and history.<\/div>\n<\/div>\n","protected":false},"excerpt":{"rendered":"<p><b>AUTEUR\u00b7ES :<\/b> Sous la direction de Rapha\u00ebl Brunel et Anne-Lou Vicente<br \/>\n<strong>\u00c9DITEUR :<\/strong> What You See Is What You Hear (2013)<\/p>\n<p><strong>BROCH\u00c9 :<\/strong> 160 pages<br \/>\n<strong>LANGUE :<\/strong>\u00a0Bilingue fran\u00e7ais\/anglais<br \/>\n<strong>ISBN13 :<\/strong> 978-2-919217-12-0<\/p>\n","protected":false},"featured_media":43488,"template":"","meta":[],"product_brand":[],"product_cat":[135,162,211,283],"product_tag":[],"class_list":{"0":"post-43489","1":"product","2":"type-product","3":"status-publish","4":"has-post-thumbnail","6":"product_cat-english-en","7":"product_cat-french-en","8":"product_cat-magazines-en","9":"product_cat-sound-art","11":"first","12":"instock","13":"taxable","14":"shipping-taxable","15":"purchasable","16":"product-type-simple"},"yoast_head":"<!-- This site is optimized with the Yoast SEO plugin v27.4 - https:\/\/yoast.com\/product\/yoast-seo-wordpress\/ -->\n<title>Volume \u2013 What You See Is What You Hear n\u00b07 - Num\u00e9ro sp\u00e9cial entretiens - Books on the Move<\/title>\n<meta name=\"robots\" content=\"index, follow, max-snippet:-1, max-image-preview:large, max-video-preview:-1\" \/>\n<link rel=\"canonical\" href=\"https:\/\/www.booksonthemove.fr\/en\/produit\/volume-what-you-see-is-what-you-hear-n7-numero-special-entretiens\/\" \/>\n<meta property=\"og:locale\" content=\"en_US\" \/>\n<meta property=\"og:type\" content=\"article\" \/>\n<meta property=\"og:title\" content=\"Volume \u2013 What You See Is What You Hear n\u00b07 - Num\u00e9ro sp\u00e9cial entretiens - Books on the Move\" \/>\n<meta property=\"og:description\" content=\"AUTEUR\u00b7ES : Sous la direction de Rapha\u00ebl Brunel et Anne-Lou Vicente \u00c9DITEUR : What You See Is What You Hear (2013)  BROCH\u00c9 : 160 pages LANGUE :\u00a0Bilingue fran\u00e7ais\/anglais ISBN13 : 978-2-919217-12-0\" \/>\n<meta property=\"og:url\" content=\"https:\/\/www.booksonthemove.fr\/en\/produit\/volume-what-you-see-is-what-you-hear-n7-numero-special-entretiens\/\" \/>\n<meta property=\"og:site_name\" content=\"Books on the Move\" \/>\n<meta property=\"article:publisher\" content=\"https:\/\/www.facebook.com\/Librairiebooksonthemove\/\" \/>\n<meta property=\"article:modified_time\" content=\"2024-08-30T15:11:32+00:00\" \/>\n<meta property=\"og:image\" content=\"https:\/\/www.booksonthemove.fr\/media\/bom_2785.jpeg\" \/>\n\t<meta property=\"og:image:width\" content=\"700\" \/>\n\t<meta property=\"og:image:height\" content=\"900\" \/>\n\t<meta property=\"og:image:type\" content=\"image\/jpeg\" \/>\n<meta name=\"twitter:card\" content=\"summary_large_image\" \/>\n<script type=\"application\/ld+json\" class=\"yoast-schema-graph\">{\"@context\":\"https:\\\/\\\/schema.org\",\"@graph\":[{\"@type\":\"WebPage\",\"@id\":\"https:\\\/\\\/www.booksonthemove.fr\\\/en\\\/produit\\\/volume-what-you-see-is-what-you-hear-n7-numero-special-entretiens\\\/\",\"url\":\"https:\\\/\\\/www.booksonthemove.fr\\\/en\\\/produit\\\/volume-what-you-see-is-what-you-hear-n7-numero-special-entretiens\\\/\",\"name\":\"Volume \u2013 What You See Is What You Hear n\u00b07 - Num\u00e9ro sp\u00e9cial entretiens - Books on the Move\",\"isPartOf\":{\"@id\":\"https:\\\/\\\/www.booksonthemove.fr\\\/#website\"},\"primaryImageOfPage\":{\"@id\":\"https:\\\/\\\/www.booksonthemove.fr\\\/en\\\/produit\\\/volume-what-you-see-is-what-you-hear-n7-numero-special-entretiens\\\/#primaryimage\"},\"image\":{\"@id\":\"https:\\\/\\\/www.booksonthemove.fr\\\/en\\\/produit\\\/volume-what-you-see-is-what-you-hear-n7-numero-special-entretiens\\\/#primaryimage\"},\"thumbnailUrl\":\"https:\\\/\\\/www.booksonthemove.fr\\\/media\\\/bom_2785.jpeg\",\"datePublished\":\"2024-08-09T12:01:48+00:00\",\"dateModified\":\"2024-08-30T15:11:32+00:00\",\"breadcrumb\":{\"@id\":\"https:\\\/\\\/www.booksonthemove.fr\\\/en\\\/produit\\\/volume-what-you-see-is-what-you-hear-n7-numero-special-entretiens\\\/#breadcrumb\"},\"inLanguage\":\"en-US\",\"potentialAction\":[{\"@type\":\"ReadAction\",\"target\":[\"https:\\\/\\\/www.booksonthemove.fr\\\/en\\\/produit\\\/volume-what-you-see-is-what-you-hear-n7-numero-special-entretiens\\\/\"]}]},{\"@type\":\"ImageObject\",\"inLanguage\":\"en-US\",\"@id\":\"https:\\\/\\\/www.booksonthemove.fr\\\/en\\\/produit\\\/volume-what-you-see-is-what-you-hear-n7-numero-special-entretiens\\\/#primaryimage\",\"url\":\"https:\\\/\\\/www.booksonthemove.fr\\\/media\\\/bom_2785.jpeg\",\"contentUrl\":\"https:\\\/\\\/www.booksonthemove.fr\\\/media\\\/bom_2785.jpeg\",\"width\":700,\"height\":900},{\"@type\":\"BreadcrumbList\",\"@id\":\"https:\\\/\\\/www.booksonthemove.fr\\\/en\\\/produit\\\/volume-what-you-see-is-what-you-hear-n7-numero-special-entretiens\\\/#breadcrumb\",\"itemListElement\":[{\"@type\":\"ListItem\",\"position\":1,\"name\":\"Accueil\",\"item\":\"https:\\\/\\\/www.booksonthemove.fr\\\/en\\\/\"},{\"@type\":\"ListItem\",\"position\":2,\"name\":\"online store\",\"item\":\"https:\\\/\\\/www.booksonthemove.fr\\\/en\\\/online-shop\\\/\"},{\"@type\":\"ListItem\",\"position\":3,\"name\":\"Volume \u2013 What You See Is What You Hear n\u00b07 &#8211; Num\u00e9ro sp\u00e9cial entretiens\"}]},{\"@type\":\"WebSite\",\"@id\":\"https:\\\/\\\/www.booksonthemove.fr\\\/#website\",\"url\":\"https:\\\/\\\/www.booksonthemove.fr\\\/\",\"name\":\"Books on the Move\",\"description\":\"librairie nomade - danse - mouvement - performance\",\"publisher\":{\"@id\":\"https:\\\/\\\/www.booksonthemove.fr\\\/#organization\"},\"potentialAction\":[{\"@type\":\"SearchAction\",\"target\":{\"@type\":\"EntryPoint\",\"urlTemplate\":\"https:\\\/\\\/www.booksonthemove.fr\\\/?s={search_term_string}\"},\"query-input\":{\"@type\":\"PropertyValueSpecification\",\"valueRequired\":true,\"valueName\":\"search_term_string\"}}],\"inLanguage\":\"en-US\"},{\"@type\":\"Organization\",\"@id\":\"https:\\\/\\\/www.booksonthemove.fr\\\/#organization\",\"name\":\"Books on the Move\",\"url\":\"https:\\\/\\\/www.booksonthemove.fr\\\/\",\"logo\":{\"@type\":\"ImageObject\",\"inLanguage\":\"en-US\",\"@id\":\"https:\\\/\\\/www.booksonthemove.fr\\\/#\\\/schema\\\/logo\\\/image\\\/\",\"url\":\"https:\\\/\\\/www.booksonthemove.fr\\\/media\\\/logo-NB-400.jpg\",\"contentUrl\":\"https:\\\/\\\/www.booksonthemove.fr\\\/media\\\/logo-NB-400.jpg\",\"width\":400,\"height\":143,\"caption\":\"Books on the Move\"},\"image\":{\"@id\":\"https:\\\/\\\/www.booksonthemove.fr\\\/#\\\/schema\\\/logo\\\/image\\\/\"},\"sameAs\":[\"https:\\\/\\\/www.facebook.com\\\/Librairiebooksonthemove\\\/\"]}]}<\/script>\n<!-- \/ Yoast SEO plugin. -->","yoast_head_json":{"title":"Volume \u2013 What You See Is What You Hear n\u00b07 - Num\u00e9ro sp\u00e9cial entretiens - Books on the Move","robots":{"index":"index","follow":"follow","max-snippet":"max-snippet:-1","max-image-preview":"max-image-preview:large","max-video-preview":"max-video-preview:-1"},"canonical":"https:\/\/www.booksonthemove.fr\/en\/produit\/volume-what-you-see-is-what-you-hear-n7-numero-special-entretiens\/","og_locale":"en_US","og_type":"article","og_title":"Volume \u2013 What You See Is What You Hear n\u00b07 - Num\u00e9ro sp\u00e9cial entretiens - Books on the Move","og_description":"AUTEUR\u00b7ES : Sous la direction de Rapha\u00ebl Brunel et Anne-Lou Vicente \u00c9DITEUR : What You See Is What You Hear (2013)  BROCH\u00c9 : 160 pages LANGUE :\u00a0Bilingue fran\u00e7ais\/anglais ISBN13 : 978-2-919217-12-0","og_url":"https:\/\/www.booksonthemove.fr\/en\/produit\/volume-what-you-see-is-what-you-hear-n7-numero-special-entretiens\/","og_site_name":"Books on the Move","article_publisher":"https:\/\/www.facebook.com\/Librairiebooksonthemove\/","article_modified_time":"2024-08-30T15:11:32+00:00","og_image":[{"width":700,"height":900,"url":"https:\/\/www.booksonthemove.fr\/media\/bom_2785.jpeg","type":"image\/jpeg"}],"twitter_card":"summary_large_image","schema":{"@context":"https:\/\/schema.org","@graph":[{"@type":"WebPage","@id":"https:\/\/www.booksonthemove.fr\/en\/produit\/volume-what-you-see-is-what-you-hear-n7-numero-special-entretiens\/","url":"https:\/\/www.booksonthemove.fr\/en\/produit\/volume-what-you-see-is-what-you-hear-n7-numero-special-entretiens\/","name":"Volume \u2013 What You See Is What You Hear n\u00b07 - Num\u00e9ro sp\u00e9cial entretiens - Books on the Move","isPartOf":{"@id":"https:\/\/www.booksonthemove.fr\/#website"},"primaryImageOfPage":{"@id":"https:\/\/www.booksonthemove.fr\/en\/produit\/volume-what-you-see-is-what-you-hear-n7-numero-special-entretiens\/#primaryimage"},"image":{"@id":"https:\/\/www.booksonthemove.fr\/en\/produit\/volume-what-you-see-is-what-you-hear-n7-numero-special-entretiens\/#primaryimage"},"thumbnailUrl":"https:\/\/www.booksonthemove.fr\/media\/bom_2785.jpeg","datePublished":"2024-08-09T12:01:48+00:00","dateModified":"2024-08-30T15:11:32+00:00","breadcrumb":{"@id":"https:\/\/www.booksonthemove.fr\/en\/produit\/volume-what-you-see-is-what-you-hear-n7-numero-special-entretiens\/#breadcrumb"},"inLanguage":"en-US","potentialAction":[{"@type":"ReadAction","target":["https:\/\/www.booksonthemove.fr\/en\/produit\/volume-what-you-see-is-what-you-hear-n7-numero-special-entretiens\/"]}]},{"@type":"ImageObject","inLanguage":"en-US","@id":"https:\/\/www.booksonthemove.fr\/en\/produit\/volume-what-you-see-is-what-you-hear-n7-numero-special-entretiens\/#primaryimage","url":"https:\/\/www.booksonthemove.fr\/media\/bom_2785.jpeg","contentUrl":"https:\/\/www.booksonthemove.fr\/media\/bom_2785.jpeg","width":700,"height":900},{"@type":"BreadcrumbList","@id":"https:\/\/www.booksonthemove.fr\/en\/produit\/volume-what-you-see-is-what-you-hear-n7-numero-special-entretiens\/#breadcrumb","itemListElement":[{"@type":"ListItem","position":1,"name":"Accueil","item":"https:\/\/www.booksonthemove.fr\/en\/"},{"@type":"ListItem","position":2,"name":"online store","item":"https:\/\/www.booksonthemove.fr\/en\/online-shop\/"},{"@type":"ListItem","position":3,"name":"Volume \u2013 What You See Is What You Hear n\u00b07 &#8211; Num\u00e9ro sp\u00e9cial entretiens"}]},{"@type":"WebSite","@id":"https:\/\/www.booksonthemove.fr\/#website","url":"https:\/\/www.booksonthemove.fr\/","name":"Books on the Move","description":"librairie nomade - danse - mouvement - performance","publisher":{"@id":"https:\/\/www.booksonthemove.fr\/#organization"},"potentialAction":[{"@type":"SearchAction","target":{"@type":"EntryPoint","urlTemplate":"https:\/\/www.booksonthemove.fr\/?s={search_term_string}"},"query-input":{"@type":"PropertyValueSpecification","valueRequired":true,"valueName":"search_term_string"}}],"inLanguage":"en-US"},{"@type":"Organization","@id":"https:\/\/www.booksonthemove.fr\/#organization","name":"Books on the Move","url":"https:\/\/www.booksonthemove.fr\/","logo":{"@type":"ImageObject","inLanguage":"en-US","@id":"https:\/\/www.booksonthemove.fr\/#\/schema\/logo\/image\/","url":"https:\/\/www.booksonthemove.fr\/media\/logo-NB-400.jpg","contentUrl":"https:\/\/www.booksonthemove.fr\/media\/logo-NB-400.jpg","width":400,"height":143,"caption":"Books on the Move"},"image":{"@id":"https:\/\/www.booksonthemove.fr\/#\/schema\/logo\/image\/"},"sameAs":["https:\/\/www.facebook.com\/Librairiebooksonthemove\/"]}]}},"_links":{"self":[{"href":"https:\/\/www.booksonthemove.fr\/en\/wp-json\/wp\/v2\/product\/43489","targetHints":{"allow":["GET"]}}],"collection":[{"href":"https:\/\/www.booksonthemove.fr\/en\/wp-json\/wp\/v2\/product"}],"about":[{"href":"https:\/\/www.booksonthemove.fr\/en\/wp-json\/wp\/v2\/types\/product"}],"wp:featuredmedia":[{"embeddable":true,"href":"https:\/\/www.booksonthemove.fr\/en\/wp-json\/wp\/v2\/media\/43488"}],"wp:attachment":[{"href":"https:\/\/www.booksonthemove.fr\/en\/wp-json\/wp\/v2\/media?parent=43489"}],"wp:term":[{"taxonomy":"product_brand","embeddable":true,"href":"https:\/\/www.booksonthemove.fr\/en\/wp-json\/wp\/v2\/product_brand?post=43489"},{"taxonomy":"product_cat","embeddable":true,"href":"https:\/\/www.booksonthemove.fr\/en\/wp-json\/wp\/v2\/product_cat?post=43489"},{"taxonomy":"product_tag","embeddable":true,"href":"https:\/\/www.booksonthemove.fr\/en\/wp-json\/wp\/v2\/product_tag?post=43489"}],"curies":[{"name":"wp","href":"https:\/\/api.w.org\/{rel}","templated":true}]}}