{"id":43497,"date":"2024-08-09T14:10:05","date_gmt":"2024-08-09T12:10:05","guid":{"rendered":"https:\/\/www.booksonthemove.fr\/produit\/vehicule-n-07\/"},"modified":"2025-11-10T14:17:36","modified_gmt":"2025-11-10T13:17:36","slug":"vehicule-n-07","status":"publish","type":"product","link":"https:\/\/www.booksonthemove.fr\/en\/produit\/vehicule-n-07\/","title":{"rendered":"V\u00e9hicule n\u00b0 07"},"content":{"rendered":"<p>Le nouveau num\u00e9ro de la revue-objet annuelle rassemble 13 \u00ab partitions \u00bb d\u2019artistes<br \/>\n\u00e0 activer par le lecteur :<br \/>\nAziyad\u00e9 Baudouin-Talec, Micka\u00ebl Berdugo, Jocelyn Cottencin, Matali Crasset, Zo\u00e9e Dahan,\u00a0Ines Dobelle, Garance Dor, Fr\u00e9d\u00e9ric Dumond, Diane Giorgis, Olivia Grandville,\u00a0Vincent Menu, Alain Michard, Aur\u00e9lie Noury, Nicolas Richard.<\/p>\n<p>Publi\u00e9 par les \u00e9ditions Vroum, V\u00e9hicule est un projet de Garance Dor et Vincent Menu\u00a0qui invitent des artistes contemporains de diff\u00e9rentes disciplines \u00e0 transmettre une partition.<\/p>\n<p>Une partition c\u2019est-\u00e0-dire : une pi\u00e8ce \u00e0 interpr\u00e9ter, un mode d\u2019emploi \u00e0 d\u00e9ployer,\u00a0une suggestion \u00e0 mettre en \u0153uvre, un projet \u00e0 r\u00e9aliser, un script \u00e0 activer, une notation-tremplin.<br \/>\nToutes les partitions sont \u00e0 activer par le lecteur\u00a0avec ou sans comp\u00e9tences dans le champ artistique concern\u00e9.<\/p>\n<p><em>V\u00e9hicule<\/em> est une publication \u00e0 la forme singuli\u00e8re\u00a0: une pochette de format carr\u00e9e, de la dimension d\u2019un 33 tours, remplie d\u2019imprim\u00e9s de diff\u00e9rents formats. <em>V\u00e9hicule<\/em> para\u00eet chaque ann\u00e9e.<\/p>\n","protected":false},"excerpt":{"rendered":"<p><strong>DIRECTEUR\u00b7RICE\u00b7S DE PUBLICATION : <\/strong>Garance Dor et Vincent Menu<br \/>\n<strong>EDITEUR :<\/strong>\u00a0\u00c9ditions Vroum (2024)<\/p>\n<p>brochures de dimensions variables rassembl\u00e9es sous pochette transparente<br \/>\n<strong>LANGUE :<\/strong> Fran\u00e7ais<br \/>\n<strong>ISBN :<\/strong> 978-2-493008-14-5<\/p>\n","protected":false},"featured_media":43496,"template":"","meta":[],"product_brand":[],"product_cat":[162,243],"product_tag":[],"class_list":{"0":"post-43497","1":"product","2":"type-product","3":"status-publish","4":"has-post-thumbnail","6":"product_cat-french-en","7":"product_cat-scores-en","9":"first","10":"instock","11":"taxable","12":"shipping-taxable","13":"purchasable","14":"product-type-simple"},"yoast_head":"<!-- This site is optimized with the Yoast SEO plugin v27.5 - https:\/\/yoast.com\/product\/yoast-seo-wordpress\/ -->\n<title>V\u00e9hicule n\u00b0 07 - Books on the Move<\/title>\n<meta name=\"robots\" content=\"index, follow, max-snippet:-1, max-image-preview:large, max-video-preview:-1\" \/>\n<link rel=\"canonical\" href=\"https:\/\/www.booksonthemove.fr\/en\/produit\/vehicule-n-07\/\" \/>\n<meta property=\"og:locale\" content=\"en_US\" \/>\n<meta property=\"og:type\" content=\"article\" \/>\n<meta property=\"og:title\" content=\"V\u00e9hicule n\u00b0 07 - Books on the Move\" \/>\n<meta property=\"og:description\" content=\"DIRECTEUR\u00b7RICE\u00b7S DE PUBLICATION : Garance Dor et Vincent Menu EDITEUR :\u00a0\u00c9ditions Vroum (2024)  brochures de dimensions variables rassembl\u00e9es sous pochette transparente LANGUE : Fran\u00e7ais ISBN : 978-2-493008-14-5\" \/>\n<meta property=\"og:url\" content=\"https:\/\/www.booksonthemove.fr\/en\/produit\/vehicule-n-07\/\" \/>\n<meta property=\"og:site_name\" content=\"Books on the Move\" \/>\n<meta property=\"article:publisher\" content=\"https:\/\/www.facebook.com\/Librairiebooksonthemove\/\" \/>\n<meta property=\"article:modified_time\" content=\"2025-11-10T13:17:36+00:00\" \/>\n<meta property=\"og:image\" content=\"https:\/\/www.booksonthemove.fr\/media\/bom_2786.jpeg\" \/>\n\t<meta property=\"og:image:width\" content=\"900\" \/>\n\t<meta property=\"og:image:height\" content=\"868\" \/>\n\t<meta property=\"og:image:type\" content=\"image\/jpeg\" \/>\n<meta name=\"twitter:card\" content=\"summary_large_image\" \/>\n<script type=\"application\/ld+json\" class=\"yoast-schema-graph\">{\"@context\":\"https:\\\/\\\/schema.org\",\"@graph\":[{\"@type\":\"WebPage\",\"@id\":\"https:\\\/\\\/www.booksonthemove.fr\\\/en\\\/produit\\\/vehicule-n-07\\\/\",\"url\":\"https:\\\/\\\/www.booksonthemove.fr\\\/en\\\/produit\\\/vehicule-n-07\\\/\",\"name\":\"V\u00e9hicule n\u00b0 07 - Books on the Move\",\"isPartOf\":{\"@id\":\"https:\\\/\\\/www.booksonthemove.fr\\\/#website\"},\"primaryImageOfPage\":{\"@id\":\"https:\\\/\\\/www.booksonthemove.fr\\\/en\\\/produit\\\/vehicule-n-07\\\/#primaryimage\"},\"image\":{\"@id\":\"https:\\\/\\\/www.booksonthemove.fr\\\/en\\\/produit\\\/vehicule-n-07\\\/#primaryimage\"},\"thumbnailUrl\":\"https:\\\/\\\/www.booksonthemove.fr\\\/media\\\/bom_2786.jpeg\",\"datePublished\":\"2024-08-09T12:10:05+00:00\",\"dateModified\":\"2025-11-10T13:17:36+00:00\",\"breadcrumb\":{\"@id\":\"https:\\\/\\\/www.booksonthemove.fr\\\/en\\\/produit\\\/vehicule-n-07\\\/#breadcrumb\"},\"inLanguage\":\"en-US\",\"potentialAction\":[{\"@type\":\"ReadAction\",\"target\":[\"https:\\\/\\\/www.booksonthemove.fr\\\/en\\\/produit\\\/vehicule-n-07\\\/\"]}]},{\"@type\":\"ImageObject\",\"inLanguage\":\"en-US\",\"@id\":\"https:\\\/\\\/www.booksonthemove.fr\\\/en\\\/produit\\\/vehicule-n-07\\\/#primaryimage\",\"url\":\"https:\\\/\\\/www.booksonthemove.fr\\\/media\\\/bom_2786.jpeg\",\"contentUrl\":\"https:\\\/\\\/www.booksonthemove.fr\\\/media\\\/bom_2786.jpeg\",\"width\":900,\"height\":868},{\"@type\":\"BreadcrumbList\",\"@id\":\"https:\\\/\\\/www.booksonthemove.fr\\\/en\\\/produit\\\/vehicule-n-07\\\/#breadcrumb\",\"itemListElement\":[{\"@type\":\"ListItem\",\"position\":1,\"name\":\"Accueil\",\"item\":\"https:\\\/\\\/www.booksonthemove.fr\\\/en\\\/\"},{\"@type\":\"ListItem\",\"position\":2,\"name\":\"online store\",\"item\":\"https:\\\/\\\/www.booksonthemove.fr\\\/en\\\/online-shop\\\/\"},{\"@type\":\"ListItem\",\"position\":3,\"name\":\"V\u00e9hicule n\u00b0 07\"}]},{\"@type\":\"WebSite\",\"@id\":\"https:\\\/\\\/www.booksonthemove.fr\\\/#website\",\"url\":\"https:\\\/\\\/www.booksonthemove.fr\\\/\",\"name\":\"Books on the Move\",\"description\":\"librairie nomade - danse - mouvement - performance\",\"publisher\":{\"@id\":\"https:\\\/\\\/www.booksonthemove.fr\\\/#organization\"},\"potentialAction\":[{\"@type\":\"SearchAction\",\"target\":{\"@type\":\"EntryPoint\",\"urlTemplate\":\"https:\\\/\\\/www.booksonthemove.fr\\\/?s={search_term_string}\"},\"query-input\":{\"@type\":\"PropertyValueSpecification\",\"valueRequired\":true,\"valueName\":\"search_term_string\"}}],\"inLanguage\":\"en-US\"},{\"@type\":\"Organization\",\"@id\":\"https:\\\/\\\/www.booksonthemove.fr\\\/#organization\",\"name\":\"Books on the Move\",\"url\":\"https:\\\/\\\/www.booksonthemove.fr\\\/\",\"logo\":{\"@type\":\"ImageObject\",\"inLanguage\":\"en-US\",\"@id\":\"https:\\\/\\\/www.booksonthemove.fr\\\/#\\\/schema\\\/logo\\\/image\\\/\",\"url\":\"https:\\\/\\\/www.booksonthemove.fr\\\/media\\\/logo-NB-400.jpg\",\"contentUrl\":\"https:\\\/\\\/www.booksonthemove.fr\\\/media\\\/logo-NB-400.jpg\",\"width\":400,\"height\":143,\"caption\":\"Books on the Move\"},\"image\":{\"@id\":\"https:\\\/\\\/www.booksonthemove.fr\\\/#\\\/schema\\\/logo\\\/image\\\/\"},\"sameAs\":[\"https:\\\/\\\/www.facebook.com\\\/Librairiebooksonthemove\\\/\"]}]}<\/script>\n<!-- \/ Yoast SEO plugin. -->","yoast_head_json":{"title":"V\u00e9hicule n\u00b0 07 - Books on the Move","robots":{"index":"index","follow":"follow","max-snippet":"max-snippet:-1","max-image-preview":"max-image-preview:large","max-video-preview":"max-video-preview:-1"},"canonical":"https:\/\/www.booksonthemove.fr\/en\/produit\/vehicule-n-07\/","og_locale":"en_US","og_type":"article","og_title":"V\u00e9hicule n\u00b0 07 - Books on the Move","og_description":"DIRECTEUR\u00b7RICE\u00b7S DE PUBLICATION : Garance Dor et Vincent Menu EDITEUR :\u00a0\u00c9ditions Vroum (2024)  brochures de dimensions variables rassembl\u00e9es sous pochette transparente LANGUE : Fran\u00e7ais ISBN : 978-2-493008-14-5","og_url":"https:\/\/www.booksonthemove.fr\/en\/produit\/vehicule-n-07\/","og_site_name":"Books on the Move","article_publisher":"https:\/\/www.facebook.com\/Librairiebooksonthemove\/","article_modified_time":"2025-11-10T13:17:36+00:00","og_image":[{"width":900,"height":868,"url":"https:\/\/www.booksonthemove.fr\/media\/bom_2786.jpeg","type":"image\/jpeg"}],"twitter_card":"summary_large_image","schema":{"@context":"https:\/\/schema.org","@graph":[{"@type":"WebPage","@id":"https:\/\/www.booksonthemove.fr\/en\/produit\/vehicule-n-07\/","url":"https:\/\/www.booksonthemove.fr\/en\/produit\/vehicule-n-07\/","name":"V\u00e9hicule n\u00b0 07 - Books on the Move","isPartOf":{"@id":"https:\/\/www.booksonthemove.fr\/#website"},"primaryImageOfPage":{"@id":"https:\/\/www.booksonthemove.fr\/en\/produit\/vehicule-n-07\/#primaryimage"},"image":{"@id":"https:\/\/www.booksonthemove.fr\/en\/produit\/vehicule-n-07\/#primaryimage"},"thumbnailUrl":"https:\/\/www.booksonthemove.fr\/media\/bom_2786.jpeg","datePublished":"2024-08-09T12:10:05+00:00","dateModified":"2025-11-10T13:17:36+00:00","breadcrumb":{"@id":"https:\/\/www.booksonthemove.fr\/en\/produit\/vehicule-n-07\/#breadcrumb"},"inLanguage":"en-US","potentialAction":[{"@type":"ReadAction","target":["https:\/\/www.booksonthemove.fr\/en\/produit\/vehicule-n-07\/"]}]},{"@type":"ImageObject","inLanguage":"en-US","@id":"https:\/\/www.booksonthemove.fr\/en\/produit\/vehicule-n-07\/#primaryimage","url":"https:\/\/www.booksonthemove.fr\/media\/bom_2786.jpeg","contentUrl":"https:\/\/www.booksonthemove.fr\/media\/bom_2786.jpeg","width":900,"height":868},{"@type":"BreadcrumbList","@id":"https:\/\/www.booksonthemove.fr\/en\/produit\/vehicule-n-07\/#breadcrumb","itemListElement":[{"@type":"ListItem","position":1,"name":"Accueil","item":"https:\/\/www.booksonthemove.fr\/en\/"},{"@type":"ListItem","position":2,"name":"online store","item":"https:\/\/www.booksonthemove.fr\/en\/online-shop\/"},{"@type":"ListItem","position":3,"name":"V\u00e9hicule n\u00b0 07"}]},{"@type":"WebSite","@id":"https:\/\/www.booksonthemove.fr\/#website","url":"https:\/\/www.booksonthemove.fr\/","name":"Books on the Move","description":"librairie nomade - danse - mouvement - performance","publisher":{"@id":"https:\/\/www.booksonthemove.fr\/#organization"},"potentialAction":[{"@type":"SearchAction","target":{"@type":"EntryPoint","urlTemplate":"https:\/\/www.booksonthemove.fr\/?s={search_term_string}"},"query-input":{"@type":"PropertyValueSpecification","valueRequired":true,"valueName":"search_term_string"}}],"inLanguage":"en-US"},{"@type":"Organization","@id":"https:\/\/www.booksonthemove.fr\/#organization","name":"Books on the Move","url":"https:\/\/www.booksonthemove.fr\/","logo":{"@type":"ImageObject","inLanguage":"en-US","@id":"https:\/\/www.booksonthemove.fr\/#\/schema\/logo\/image\/","url":"https:\/\/www.booksonthemove.fr\/media\/logo-NB-400.jpg","contentUrl":"https:\/\/www.booksonthemove.fr\/media\/logo-NB-400.jpg","width":400,"height":143,"caption":"Books on the Move"},"image":{"@id":"https:\/\/www.booksonthemove.fr\/#\/schema\/logo\/image\/"},"sameAs":["https:\/\/www.facebook.com\/Librairiebooksonthemove\/"]}]}},"_links":{"self":[{"href":"https:\/\/www.booksonthemove.fr\/en\/wp-json\/wp\/v2\/product\/43497","targetHints":{"allow":["GET"]}}],"collection":[{"href":"https:\/\/www.booksonthemove.fr\/en\/wp-json\/wp\/v2\/product"}],"about":[{"href":"https:\/\/www.booksonthemove.fr\/en\/wp-json\/wp\/v2\/types\/product"}],"wp:featuredmedia":[{"embeddable":true,"href":"https:\/\/www.booksonthemove.fr\/en\/wp-json\/wp\/v2\/media\/43496"}],"wp:attachment":[{"href":"https:\/\/www.booksonthemove.fr\/en\/wp-json\/wp\/v2\/media?parent=43497"}],"wp:term":[{"taxonomy":"product_brand","embeddable":true,"href":"https:\/\/www.booksonthemove.fr\/en\/wp-json\/wp\/v2\/product_brand?post=43497"},{"taxonomy":"product_cat","embeddable":true,"href":"https:\/\/www.booksonthemove.fr\/en\/wp-json\/wp\/v2\/product_cat?post=43497"},{"taxonomy":"product_tag","embeddable":true,"href":"https:\/\/www.booksonthemove.fr\/en\/wp-json\/wp\/v2\/product_tag?post=43497"}],"curies":[{"name":"wp","href":"https:\/\/api.w.org\/{rel}","templated":true}]}}