{"id":43501,"date":"2024-08-09T12:00:13","date_gmt":"2024-08-09T10:00:13","guid":{"rendered":"https:\/\/www.booksonthemove.fr\/produit\/questionology-are-you-here\/"},"modified":"2025-07-22T14:06:23","modified_gmt":"2025-07-22T12:06:23","slug":"questionology-are-you-here","status":"publish","type":"product","link":"https:\/\/www.booksonthemove.fr\/en\/produit\/questionology-are-you-here\/","title":{"rendered":"Questionology &#8211; Are you here ?"},"content":{"rendered":"<p>Un zine con\u00e7u comme un cahier d&#8217;exercices sur l&#8217;art appliqu\u00e9 du questionnement par l&#8217;artiste et \u00e9crivaine Cordula Daus et la chor\u00e9graphe Charlotta Ruth.<\/p>\n<p>This is the age of the answering machine. Of infinite input fields, of prompts and problem solving, of algorithmic feeding frenzy. But wait. Who\/what is behind this text? Have you been reading these lines for real? Are you here?<br \/>\nSince 2019 the writer Cordula Daus and the choreographer Charlotta Ruth have explored and trained what might be the last genuinely human quality: how to question, how to make oneself response-able. Together they have created environments, performances, writing exercises and live situations where ideas become material to be touched and processed between people.<br \/>\nQuestionology \u2013 Are you here? is a zine and exercise book for all those who&#8217;d like to know more about the applied art of questioning. Unfolding across three conversations, the zine recombines tricks and moves from midwives, Socratic maieutics, witchcraft and malfunctioning technology. In the opening text an anonymous author-mechanism lures the reader into a series of questions trying to grasp what reading is. Secondly, Daus &amp; Ruth meet the sound artist and editor Brandon LaBelle to reactivate elements of the participatory work Questionology \u2013 Program for Applied Questioning (co-produced by brut Vienna, 2021). Equipped with new vegetable names and a towel, the three try out different selves and stances including one of the most complicated ones: listening. Thirdly, the artist Erik Valentin Berg joins the conversation to examine the field of artistic research. Together they defend each others&#8217; titles, fight over &#8216;useless art&#8217; and get caught in a failed thesis scandal. Hope to meet you there!<\/p>\n","protected":false},"excerpt":{"rendered":"<p><b>AUTHORS: <\/b>Cordula Daus and Charlotta Ruth<br \/>\n<b>PUBLISHER: <\/b>Errant Bodies (2024)<\/p>\n<p><b>PAPERBACK: <\/b>56 pages<br \/>\n<b>LANGUAGE: <\/b>English<br \/>\n<strong>ISBN13: <\/strong>978-3-9825585-0-9<\/p>\n","protected":false},"featured_media":43500,"template":"","meta":[],"product_brand":[],"product_cat":[135,243],"product_tag":[],"class_list":{"0":"post-43501","1":"product","2":"type-product","3":"status-publish","4":"has-post-thumbnail","6":"product_cat-english-en","7":"product_cat-scores-en","9":"first","10":"instock","11":"taxable","12":"shipping-taxable","13":"purchasable","14":"product-type-simple"},"yoast_head":"<!-- This site is optimized with the Yoast SEO plugin v27.5 - https:\/\/yoast.com\/product\/yoast-seo-wordpress\/ -->\n<title>Questionology - Are you here ? - Books on the Move<\/title>\n<meta name=\"robots\" content=\"index, follow, max-snippet:-1, max-image-preview:large, max-video-preview:-1\" \/>\n<link rel=\"canonical\" href=\"https:\/\/www.booksonthemove.fr\/en\/produit\/questionology-are-you-here\/\" \/>\n<meta property=\"og:locale\" content=\"en_US\" \/>\n<meta property=\"og:type\" content=\"article\" \/>\n<meta property=\"og:title\" content=\"Questionology - Are you here ? - Books on the Move\" \/>\n<meta property=\"og:description\" content=\"AUTHORS: Cordula Daus and Charlotta Ruth PUBLISHER: Errant Bodies (2024)  PAPERBACK: 56 pages LANGUAGE: English ISBN13: 978-3-9825585-0-9\" \/>\n<meta property=\"og:url\" content=\"https:\/\/www.booksonthemove.fr\/en\/produit\/questionology-are-you-here\/\" \/>\n<meta property=\"og:site_name\" content=\"Books on the Move\" \/>\n<meta property=\"article:publisher\" content=\"https:\/\/www.facebook.com\/Librairiebooksonthemove\/\" \/>\n<meta property=\"article:modified_time\" content=\"2025-07-22T12:06:23+00:00\" \/>\n<meta property=\"og:image\" content=\"https:\/\/www.booksonthemove.fr\/media\/bom_2787.jpeg\" \/>\n\t<meta property=\"og:image:width\" content=\"580\" \/>\n\t<meta property=\"og:image:height\" content=\"801\" \/>\n\t<meta property=\"og:image:type\" content=\"image\/jpeg\" \/>\n<meta name=\"twitter:card\" content=\"summary_large_image\" \/>\n<script type=\"application\/ld+json\" class=\"yoast-schema-graph\">{\"@context\":\"https:\\\/\\\/schema.org\",\"@graph\":[{\"@type\":\"WebPage\",\"@id\":\"https:\\\/\\\/www.booksonthemove.fr\\\/en\\\/produit\\\/questionology-are-you-here\\\/\",\"url\":\"https:\\\/\\\/www.booksonthemove.fr\\\/en\\\/produit\\\/questionology-are-you-here\\\/\",\"name\":\"Questionology - Are you here ? - Books on the Move\",\"isPartOf\":{\"@id\":\"https:\\\/\\\/www.booksonthemove.fr\\\/#website\"},\"primaryImageOfPage\":{\"@id\":\"https:\\\/\\\/www.booksonthemove.fr\\\/en\\\/produit\\\/questionology-are-you-here\\\/#primaryimage\"},\"image\":{\"@id\":\"https:\\\/\\\/www.booksonthemove.fr\\\/en\\\/produit\\\/questionology-are-you-here\\\/#primaryimage\"},\"thumbnailUrl\":\"https:\\\/\\\/www.booksonthemove.fr\\\/media\\\/bom_2787.jpeg\",\"datePublished\":\"2024-08-09T10:00:13+00:00\",\"dateModified\":\"2025-07-22T12:06:23+00:00\",\"breadcrumb\":{\"@id\":\"https:\\\/\\\/www.booksonthemove.fr\\\/en\\\/produit\\\/questionology-are-you-here\\\/#breadcrumb\"},\"inLanguage\":\"en-US\",\"potentialAction\":[{\"@type\":\"ReadAction\",\"target\":[\"https:\\\/\\\/www.booksonthemove.fr\\\/en\\\/produit\\\/questionology-are-you-here\\\/\"]}]},{\"@type\":\"ImageObject\",\"inLanguage\":\"en-US\",\"@id\":\"https:\\\/\\\/www.booksonthemove.fr\\\/en\\\/produit\\\/questionology-are-you-here\\\/#primaryimage\",\"url\":\"https:\\\/\\\/www.booksonthemove.fr\\\/media\\\/bom_2787.jpeg\",\"contentUrl\":\"https:\\\/\\\/www.booksonthemove.fr\\\/media\\\/bom_2787.jpeg\",\"width\":580,\"height\":801},{\"@type\":\"BreadcrumbList\",\"@id\":\"https:\\\/\\\/www.booksonthemove.fr\\\/en\\\/produit\\\/questionology-are-you-here\\\/#breadcrumb\",\"itemListElement\":[{\"@type\":\"ListItem\",\"position\":1,\"name\":\"Accueil\",\"item\":\"https:\\\/\\\/www.booksonthemove.fr\\\/en\\\/\"},{\"@type\":\"ListItem\",\"position\":2,\"name\":\"online store\",\"item\":\"https:\\\/\\\/www.booksonthemove.fr\\\/en\\\/online-shop\\\/\"},{\"@type\":\"ListItem\",\"position\":3,\"name\":\"Questionology &#8211; Are you here ?\"}]},{\"@type\":\"WebSite\",\"@id\":\"https:\\\/\\\/www.booksonthemove.fr\\\/#website\",\"url\":\"https:\\\/\\\/www.booksonthemove.fr\\\/\",\"name\":\"Books on the Move\",\"description\":\"librairie nomade - danse - mouvement - performance\",\"publisher\":{\"@id\":\"https:\\\/\\\/www.booksonthemove.fr\\\/#organization\"},\"potentialAction\":[{\"@type\":\"SearchAction\",\"target\":{\"@type\":\"EntryPoint\",\"urlTemplate\":\"https:\\\/\\\/www.booksonthemove.fr\\\/?s={search_term_string}\"},\"query-input\":{\"@type\":\"PropertyValueSpecification\",\"valueRequired\":true,\"valueName\":\"search_term_string\"}}],\"inLanguage\":\"en-US\"},{\"@type\":\"Organization\",\"@id\":\"https:\\\/\\\/www.booksonthemove.fr\\\/#organization\",\"name\":\"Books on the Move\",\"url\":\"https:\\\/\\\/www.booksonthemove.fr\\\/\",\"logo\":{\"@type\":\"ImageObject\",\"inLanguage\":\"en-US\",\"@id\":\"https:\\\/\\\/www.booksonthemove.fr\\\/#\\\/schema\\\/logo\\\/image\\\/\",\"url\":\"https:\\\/\\\/www.booksonthemove.fr\\\/media\\\/logo-NB-400.jpg\",\"contentUrl\":\"https:\\\/\\\/www.booksonthemove.fr\\\/media\\\/logo-NB-400.jpg\",\"width\":400,\"height\":143,\"caption\":\"Books on the Move\"},\"image\":{\"@id\":\"https:\\\/\\\/www.booksonthemove.fr\\\/#\\\/schema\\\/logo\\\/image\\\/\"},\"sameAs\":[\"https:\\\/\\\/www.facebook.com\\\/Librairiebooksonthemove\\\/\"]}]}<\/script>\n<!-- \/ Yoast SEO plugin. -->","yoast_head_json":{"title":"Questionology - Are you here ? - Books on the Move","robots":{"index":"index","follow":"follow","max-snippet":"max-snippet:-1","max-image-preview":"max-image-preview:large","max-video-preview":"max-video-preview:-1"},"canonical":"https:\/\/www.booksonthemove.fr\/en\/produit\/questionology-are-you-here\/","og_locale":"en_US","og_type":"article","og_title":"Questionology - Are you here ? - Books on the Move","og_description":"AUTHORS: Cordula Daus and Charlotta Ruth PUBLISHER: Errant Bodies (2024)  PAPERBACK: 56 pages LANGUAGE: English ISBN13: 978-3-9825585-0-9","og_url":"https:\/\/www.booksonthemove.fr\/en\/produit\/questionology-are-you-here\/","og_site_name":"Books on the Move","article_publisher":"https:\/\/www.facebook.com\/Librairiebooksonthemove\/","article_modified_time":"2025-07-22T12:06:23+00:00","og_image":[{"width":580,"height":801,"url":"https:\/\/www.booksonthemove.fr\/media\/bom_2787.jpeg","type":"image\/jpeg"}],"twitter_card":"summary_large_image","schema":{"@context":"https:\/\/schema.org","@graph":[{"@type":"WebPage","@id":"https:\/\/www.booksonthemove.fr\/en\/produit\/questionology-are-you-here\/","url":"https:\/\/www.booksonthemove.fr\/en\/produit\/questionology-are-you-here\/","name":"Questionology - Are you here ? - Books on the Move","isPartOf":{"@id":"https:\/\/www.booksonthemove.fr\/#website"},"primaryImageOfPage":{"@id":"https:\/\/www.booksonthemove.fr\/en\/produit\/questionology-are-you-here\/#primaryimage"},"image":{"@id":"https:\/\/www.booksonthemove.fr\/en\/produit\/questionology-are-you-here\/#primaryimage"},"thumbnailUrl":"https:\/\/www.booksonthemove.fr\/media\/bom_2787.jpeg","datePublished":"2024-08-09T10:00:13+00:00","dateModified":"2025-07-22T12:06:23+00:00","breadcrumb":{"@id":"https:\/\/www.booksonthemove.fr\/en\/produit\/questionology-are-you-here\/#breadcrumb"},"inLanguage":"en-US","potentialAction":[{"@type":"ReadAction","target":["https:\/\/www.booksonthemove.fr\/en\/produit\/questionology-are-you-here\/"]}]},{"@type":"ImageObject","inLanguage":"en-US","@id":"https:\/\/www.booksonthemove.fr\/en\/produit\/questionology-are-you-here\/#primaryimage","url":"https:\/\/www.booksonthemove.fr\/media\/bom_2787.jpeg","contentUrl":"https:\/\/www.booksonthemove.fr\/media\/bom_2787.jpeg","width":580,"height":801},{"@type":"BreadcrumbList","@id":"https:\/\/www.booksonthemove.fr\/en\/produit\/questionology-are-you-here\/#breadcrumb","itemListElement":[{"@type":"ListItem","position":1,"name":"Accueil","item":"https:\/\/www.booksonthemove.fr\/en\/"},{"@type":"ListItem","position":2,"name":"online store","item":"https:\/\/www.booksonthemove.fr\/en\/online-shop\/"},{"@type":"ListItem","position":3,"name":"Questionology &#8211; Are you here ?"}]},{"@type":"WebSite","@id":"https:\/\/www.booksonthemove.fr\/#website","url":"https:\/\/www.booksonthemove.fr\/","name":"Books on the Move","description":"librairie nomade - danse - mouvement - performance","publisher":{"@id":"https:\/\/www.booksonthemove.fr\/#organization"},"potentialAction":[{"@type":"SearchAction","target":{"@type":"EntryPoint","urlTemplate":"https:\/\/www.booksonthemove.fr\/?s={search_term_string}"},"query-input":{"@type":"PropertyValueSpecification","valueRequired":true,"valueName":"search_term_string"}}],"inLanguage":"en-US"},{"@type":"Organization","@id":"https:\/\/www.booksonthemove.fr\/#organization","name":"Books on the Move","url":"https:\/\/www.booksonthemove.fr\/","logo":{"@type":"ImageObject","inLanguage":"en-US","@id":"https:\/\/www.booksonthemove.fr\/#\/schema\/logo\/image\/","url":"https:\/\/www.booksonthemove.fr\/media\/logo-NB-400.jpg","contentUrl":"https:\/\/www.booksonthemove.fr\/media\/logo-NB-400.jpg","width":400,"height":143,"caption":"Books on the Move"},"image":{"@id":"https:\/\/www.booksonthemove.fr\/#\/schema\/logo\/image\/"},"sameAs":["https:\/\/www.facebook.com\/Librairiebooksonthemove\/"]}]}},"_links":{"self":[{"href":"https:\/\/www.booksonthemove.fr\/en\/wp-json\/wp\/v2\/product\/43501","targetHints":{"allow":["GET"]}}],"collection":[{"href":"https:\/\/www.booksonthemove.fr\/en\/wp-json\/wp\/v2\/product"}],"about":[{"href":"https:\/\/www.booksonthemove.fr\/en\/wp-json\/wp\/v2\/types\/product"}],"wp:featuredmedia":[{"embeddable":true,"href":"https:\/\/www.booksonthemove.fr\/en\/wp-json\/wp\/v2\/media\/43500"}],"wp:attachment":[{"href":"https:\/\/www.booksonthemove.fr\/en\/wp-json\/wp\/v2\/media?parent=43501"}],"wp:term":[{"taxonomy":"product_brand","embeddable":true,"href":"https:\/\/www.booksonthemove.fr\/en\/wp-json\/wp\/v2\/product_brand?post=43501"},{"taxonomy":"product_cat","embeddable":true,"href":"https:\/\/www.booksonthemove.fr\/en\/wp-json\/wp\/v2\/product_cat?post=43501"},{"taxonomy":"product_tag","embeddable":true,"href":"https:\/\/www.booksonthemove.fr\/en\/wp-json\/wp\/v2\/product_tag?post=43501"}],"curies":[{"name":"wp","href":"https:\/\/api.w.org\/{rel}","templated":true}]}}