{"id":44110,"date":"2024-11-04T15:22:41","date_gmt":"2024-11-04T14:22:41","guid":{"rendered":"https:\/\/www.booksonthemove.fr\/produit\/habiter-en-oiseau\/"},"modified":"2025-12-07T12:46:23","modified_gmt":"2025-12-07T11:46:23","slug":"habiter-en-oiseau","status":"publish","type":"product","link":"https:\/\/www.booksonthemove.fr\/en\/produit\/habiter-en-oiseau\/","title":{"rendered":"Habiter en oiseau"},"content":{"rendered":"<p>Qu\u2019est-ce que serait un territoire du point de vue des animaux ? Vinciane Despret m\u00e8ne l\u2019enqu\u00eate aupr\u00e8s des ornithologues.<br \/>\nCar ce qui l\u2019int\u00e9resse surtout, c\u2019est d\u2019observer la naissance et le d\u00e9veloppement de l\u2019int\u00e9r\u00eat que les scientifiques portent aux oiseaux.<br \/>\nO\u00f9 l\u2019on voit alors que, plus on \u00e9tudie les oiseaux, plus les choses se compliquent. De nouvelles mani\u00e8res de faire territoire apparaissent, bien plus complexes que les ornithologues ne pouvaient l\u2019imaginer. Et si ces mani\u00e8res n\u2019\u00e9taient que du spectacle, des parades dont personne n\u2019est vraiment dupe ? Et si ce n\u2019\u00e9tait qu\u2019un jeu, pour \u201cfaire semblant\u201d ? Et si l\u2019on pr\u00eatait attention au fait que les territoires sont toujours coll\u00e9s les uns aux autres ? Ne seraient-ils pas, alors, une fa\u00e7on pour les oiseaux de continuer \u00e0 vivre ensemble en \u00e9tant autrement organis\u00e9s ?<\/p>\n<p>Sous la plume de Vinciane Despret, oiseaux et ornithologues deviennent intens\u00e9ment vivants et extr\u00eamement attachants. \u00c0 l\u2019issue de ce livre, on ne devrait plus consid\u00e9rer la notion de territoire comme allant de soi. Et l\u2019on n\u2019entendra peut-\u00eatre plus de la m\u00eame fa\u00e7on les oiseaux chanter.<\/p>\n","protected":false},"excerpt":{"rendered":"<p class=\"bodytext\"><strong>AUTEURE :<\/strong>\u00a0Vinciane Despret<br \/>\n<strong>\u00c9DITEUR :<\/strong>\u00a0Actes Sud (2019)<\/p>\n<p><strong>BROCH\u00c9 :<\/strong>\u00a0224 pages<br \/>\n<strong>LANGUE :<\/strong> Fran\u00e7ais<br \/>\n<strong>ISBN :<\/strong> 978-2-330-12673-5<\/p>\n","protected":false},"featured_media":44109,"template":"","meta":[],"product_brand":[],"product_cat":[209,162,294],"product_tag":[],"class_list":{"0":"post-44110","1":"product","2":"type-product","3":"status-publish","4":"has-post-thumbnail","6":"product_cat-environment-en","7":"product_cat-french-en","8":"product_cat-science-en","10":"first","11":"outofstock","12":"taxable","13":"shipping-taxable","14":"purchasable","15":"product-type-simple"},"yoast_head":"<!-- This site is optimized with the Yoast SEO plugin v27.5 - https:\/\/yoast.com\/product\/yoast-seo-wordpress\/ -->\n<title>Habiter en oiseau - Books on the Move<\/title>\n<meta name=\"robots\" content=\"index, follow, max-snippet:-1, max-image-preview:large, max-video-preview:-1\" \/>\n<link rel=\"canonical\" href=\"https:\/\/www.booksonthemove.fr\/en\/produit\/habiter-en-oiseau\/\" \/>\n<meta property=\"og:locale\" content=\"en_US\" \/>\n<meta property=\"og:type\" content=\"article\" \/>\n<meta property=\"og:title\" content=\"Habiter en oiseau - Books on the Move\" \/>\n<meta property=\"og:description\" content=\"AUTEURE :\u00a0Vinciane Despret \u00c9DITEUR :\u00a0Actes Sud (2019) BROCH\u00c9 :\u00a0224 pages LANGUE : Fran\u00e7ais ISBN : 978-2-330-12673-5\" \/>\n<meta property=\"og:url\" content=\"https:\/\/www.booksonthemove.fr\/en\/produit\/habiter-en-oiseau\/\" \/>\n<meta property=\"og:site_name\" content=\"Books on the Move\" \/>\n<meta property=\"article:publisher\" content=\"https:\/\/www.facebook.com\/Librairiebooksonthemove\/\" \/>\n<meta property=\"article:modified_time\" content=\"2025-12-07T11:46:23+00:00\" \/>\n<meta property=\"og:image\" content=\"https:\/\/www.booksonthemove.fr\/media\/bom_2829.jpeg\" \/>\n\t<meta property=\"og:image:width\" content=\"558\" \/>\n\t<meta property=\"og:image:height\" content=\"900\" \/>\n\t<meta property=\"og:image:type\" content=\"image\/jpeg\" \/>\n<meta name=\"twitter:card\" content=\"summary_large_image\" \/>\n<script type=\"application\/ld+json\" class=\"yoast-schema-graph\">{\"@context\":\"https:\\\/\\\/schema.org\",\"@graph\":[{\"@type\":\"WebPage\",\"@id\":\"https:\\\/\\\/www.booksonthemove.fr\\\/en\\\/produit\\\/habiter-en-oiseau\\\/\",\"url\":\"https:\\\/\\\/www.booksonthemove.fr\\\/en\\\/produit\\\/habiter-en-oiseau\\\/\",\"name\":\"Habiter en oiseau - Books on the Move\",\"isPartOf\":{\"@id\":\"https:\\\/\\\/www.booksonthemove.fr\\\/#website\"},\"primaryImageOfPage\":{\"@id\":\"https:\\\/\\\/www.booksonthemove.fr\\\/en\\\/produit\\\/habiter-en-oiseau\\\/#primaryimage\"},\"image\":{\"@id\":\"https:\\\/\\\/www.booksonthemove.fr\\\/en\\\/produit\\\/habiter-en-oiseau\\\/#primaryimage\"},\"thumbnailUrl\":\"https:\\\/\\\/www.booksonthemove.fr\\\/media\\\/bom_2829.jpeg\",\"datePublished\":\"2024-11-04T14:22:41+00:00\",\"dateModified\":\"2025-12-07T11:46:23+00:00\",\"breadcrumb\":{\"@id\":\"https:\\\/\\\/www.booksonthemove.fr\\\/en\\\/produit\\\/habiter-en-oiseau\\\/#breadcrumb\"},\"inLanguage\":\"en-US\",\"potentialAction\":[{\"@type\":\"ReadAction\",\"target\":[\"https:\\\/\\\/www.booksonthemove.fr\\\/en\\\/produit\\\/habiter-en-oiseau\\\/\"]}]},{\"@type\":\"ImageObject\",\"inLanguage\":\"en-US\",\"@id\":\"https:\\\/\\\/www.booksonthemove.fr\\\/en\\\/produit\\\/habiter-en-oiseau\\\/#primaryimage\",\"url\":\"https:\\\/\\\/www.booksonthemove.fr\\\/media\\\/bom_2829.jpeg\",\"contentUrl\":\"https:\\\/\\\/www.booksonthemove.fr\\\/media\\\/bom_2829.jpeg\",\"width\":558,\"height\":900},{\"@type\":\"BreadcrumbList\",\"@id\":\"https:\\\/\\\/www.booksonthemove.fr\\\/en\\\/produit\\\/habiter-en-oiseau\\\/#breadcrumb\",\"itemListElement\":[{\"@type\":\"ListItem\",\"position\":1,\"name\":\"Accueil\",\"item\":\"https:\\\/\\\/www.booksonthemove.fr\\\/en\\\/\"},{\"@type\":\"ListItem\",\"position\":2,\"name\":\"online store\",\"item\":\"https:\\\/\\\/www.booksonthemove.fr\\\/en\\\/online-shop\\\/\"},{\"@type\":\"ListItem\",\"position\":3,\"name\":\"Habiter en oiseau\"}]},{\"@type\":\"WebSite\",\"@id\":\"https:\\\/\\\/www.booksonthemove.fr\\\/#website\",\"url\":\"https:\\\/\\\/www.booksonthemove.fr\\\/\",\"name\":\"Books on the Move\",\"description\":\"librairie nomade - danse - mouvement - performance\",\"publisher\":{\"@id\":\"https:\\\/\\\/www.booksonthemove.fr\\\/#organization\"},\"potentialAction\":[{\"@type\":\"SearchAction\",\"target\":{\"@type\":\"EntryPoint\",\"urlTemplate\":\"https:\\\/\\\/www.booksonthemove.fr\\\/?s={search_term_string}\"},\"query-input\":{\"@type\":\"PropertyValueSpecification\",\"valueRequired\":true,\"valueName\":\"search_term_string\"}}],\"inLanguage\":\"en-US\"},{\"@type\":\"Organization\",\"@id\":\"https:\\\/\\\/www.booksonthemove.fr\\\/#organization\",\"name\":\"Books on the Move\",\"url\":\"https:\\\/\\\/www.booksonthemove.fr\\\/\",\"logo\":{\"@type\":\"ImageObject\",\"inLanguage\":\"en-US\",\"@id\":\"https:\\\/\\\/www.booksonthemove.fr\\\/#\\\/schema\\\/logo\\\/image\\\/\",\"url\":\"https:\\\/\\\/www.booksonthemove.fr\\\/media\\\/logo-NB-400.jpg\",\"contentUrl\":\"https:\\\/\\\/www.booksonthemove.fr\\\/media\\\/logo-NB-400.jpg\",\"width\":400,\"height\":143,\"caption\":\"Books on the Move\"},\"image\":{\"@id\":\"https:\\\/\\\/www.booksonthemove.fr\\\/#\\\/schema\\\/logo\\\/image\\\/\"},\"sameAs\":[\"https:\\\/\\\/www.facebook.com\\\/Librairiebooksonthemove\\\/\"]}]}<\/script>\n<!-- \/ Yoast SEO plugin. -->","yoast_head_json":{"title":"Habiter en oiseau - Books on the Move","robots":{"index":"index","follow":"follow","max-snippet":"max-snippet:-1","max-image-preview":"max-image-preview:large","max-video-preview":"max-video-preview:-1"},"canonical":"https:\/\/www.booksonthemove.fr\/en\/produit\/habiter-en-oiseau\/","og_locale":"en_US","og_type":"article","og_title":"Habiter en oiseau - Books on the Move","og_description":"AUTEURE :\u00a0Vinciane Despret \u00c9DITEUR :\u00a0Actes Sud (2019) BROCH\u00c9 :\u00a0224 pages LANGUE : Fran\u00e7ais ISBN : 978-2-330-12673-5","og_url":"https:\/\/www.booksonthemove.fr\/en\/produit\/habiter-en-oiseau\/","og_site_name":"Books on the Move","article_publisher":"https:\/\/www.facebook.com\/Librairiebooksonthemove\/","article_modified_time":"2025-12-07T11:46:23+00:00","og_image":[{"width":558,"height":900,"url":"https:\/\/www.booksonthemove.fr\/media\/bom_2829.jpeg","type":"image\/jpeg"}],"twitter_card":"summary_large_image","schema":{"@context":"https:\/\/schema.org","@graph":[{"@type":"WebPage","@id":"https:\/\/www.booksonthemove.fr\/en\/produit\/habiter-en-oiseau\/","url":"https:\/\/www.booksonthemove.fr\/en\/produit\/habiter-en-oiseau\/","name":"Habiter en oiseau - Books on the Move","isPartOf":{"@id":"https:\/\/www.booksonthemove.fr\/#website"},"primaryImageOfPage":{"@id":"https:\/\/www.booksonthemove.fr\/en\/produit\/habiter-en-oiseau\/#primaryimage"},"image":{"@id":"https:\/\/www.booksonthemove.fr\/en\/produit\/habiter-en-oiseau\/#primaryimage"},"thumbnailUrl":"https:\/\/www.booksonthemove.fr\/media\/bom_2829.jpeg","datePublished":"2024-11-04T14:22:41+00:00","dateModified":"2025-12-07T11:46:23+00:00","breadcrumb":{"@id":"https:\/\/www.booksonthemove.fr\/en\/produit\/habiter-en-oiseau\/#breadcrumb"},"inLanguage":"en-US","potentialAction":[{"@type":"ReadAction","target":["https:\/\/www.booksonthemove.fr\/en\/produit\/habiter-en-oiseau\/"]}]},{"@type":"ImageObject","inLanguage":"en-US","@id":"https:\/\/www.booksonthemove.fr\/en\/produit\/habiter-en-oiseau\/#primaryimage","url":"https:\/\/www.booksonthemove.fr\/media\/bom_2829.jpeg","contentUrl":"https:\/\/www.booksonthemove.fr\/media\/bom_2829.jpeg","width":558,"height":900},{"@type":"BreadcrumbList","@id":"https:\/\/www.booksonthemove.fr\/en\/produit\/habiter-en-oiseau\/#breadcrumb","itemListElement":[{"@type":"ListItem","position":1,"name":"Accueil","item":"https:\/\/www.booksonthemove.fr\/en\/"},{"@type":"ListItem","position":2,"name":"online store","item":"https:\/\/www.booksonthemove.fr\/en\/online-shop\/"},{"@type":"ListItem","position":3,"name":"Habiter en oiseau"}]},{"@type":"WebSite","@id":"https:\/\/www.booksonthemove.fr\/#website","url":"https:\/\/www.booksonthemove.fr\/","name":"Books on the Move","description":"librairie nomade - danse - mouvement - performance","publisher":{"@id":"https:\/\/www.booksonthemove.fr\/#organization"},"potentialAction":[{"@type":"SearchAction","target":{"@type":"EntryPoint","urlTemplate":"https:\/\/www.booksonthemove.fr\/?s={search_term_string}"},"query-input":{"@type":"PropertyValueSpecification","valueRequired":true,"valueName":"search_term_string"}}],"inLanguage":"en-US"},{"@type":"Organization","@id":"https:\/\/www.booksonthemove.fr\/#organization","name":"Books on the Move","url":"https:\/\/www.booksonthemove.fr\/","logo":{"@type":"ImageObject","inLanguage":"en-US","@id":"https:\/\/www.booksonthemove.fr\/#\/schema\/logo\/image\/","url":"https:\/\/www.booksonthemove.fr\/media\/logo-NB-400.jpg","contentUrl":"https:\/\/www.booksonthemove.fr\/media\/logo-NB-400.jpg","width":400,"height":143,"caption":"Books on the Move"},"image":{"@id":"https:\/\/www.booksonthemove.fr\/#\/schema\/logo\/image\/"},"sameAs":["https:\/\/www.facebook.com\/Librairiebooksonthemove\/"]}]}},"_links":{"self":[{"href":"https:\/\/www.booksonthemove.fr\/en\/wp-json\/wp\/v2\/product\/44110","targetHints":{"allow":["GET"]}}],"collection":[{"href":"https:\/\/www.booksonthemove.fr\/en\/wp-json\/wp\/v2\/product"}],"about":[{"href":"https:\/\/www.booksonthemove.fr\/en\/wp-json\/wp\/v2\/types\/product"}],"wp:featuredmedia":[{"embeddable":true,"href":"https:\/\/www.booksonthemove.fr\/en\/wp-json\/wp\/v2\/media\/44109"}],"wp:attachment":[{"href":"https:\/\/www.booksonthemove.fr\/en\/wp-json\/wp\/v2\/media?parent=44110"}],"wp:term":[{"taxonomy":"product_brand","embeddable":true,"href":"https:\/\/www.booksonthemove.fr\/en\/wp-json\/wp\/v2\/product_brand?post=44110"},{"taxonomy":"product_cat","embeddable":true,"href":"https:\/\/www.booksonthemove.fr\/en\/wp-json\/wp\/v2\/product_cat?post=44110"},{"taxonomy":"product_tag","embeddable":true,"href":"https:\/\/www.booksonthemove.fr\/en\/wp-json\/wp\/v2\/product_tag?post=44110"}],"curies":[{"name":"wp","href":"https:\/\/api.w.org\/{rel}","templated":true}]}}