{"id":44150,"date":"2024-11-13T22:45:29","date_gmt":"2024-11-13T21:45:29","guid":{"rendered":"https:\/\/www.booksonthemove.fr\/produit\/penser-laction-un-systeme-dentrainement-de-lacteur%c2%b7rice\/"},"modified":"2026-01-15T20:20:20","modified_gmt":"2026-01-15T19:20:20","slug":"penser-laction-un-systeme-dentrainement-de-lacteur%c2%b7rice","status":"publish","type":"product","link":"https:\/\/www.booksonthemove.fr\/en\/produit\/penser-laction-un-systeme-dentrainement-de-lacteur%c2%b7rice\/","title":{"rendered":"Penser l&#8217;action &#8211; un syst\u00e8me d&#8217;entra\u00eenement de l&#8217;acteur\u00b7rice"},"content":{"rendered":"<p>Ce livre offre une trace document\u00e9e de la technique de jeu d\u00e9velopp\u00e9e par Oscar G\u00f3mez Mata au fil des ann\u00e9es dans diff\u00e9rents contextes p\u00e9dagogiques. Manuel \u00e0 disposition des acteur\u00b7rices, il expose un syst\u00e8me de travail structur\u00e9 et en rel\u00e8ve les enjeux esth\u00e9tiques.<\/p>\n<p><em>Penser l\u2019action<\/em> explore le vocabulaire employ\u00e9 pour d\u00e9crire l\u2019activit\u00e9 de l\u2019acteur\u00b7rice qui, parce qu\u2019elle appartient au domaine du sensible, reste encore mal identifi\u00e9e. L\u2019attention port\u00e9e \u00e0 l\u2019observation et \u00e0 la description des exercices en fait un guide pratique aussi bien qu\u2019un ouvrage de r\u00e9flexion th\u00e9orique qui s\u2019inscrit dans le champ des \u00e9tudes th\u00e9\u00e2trales et de l\u2019analyse des pratiques artistiques.<\/p>\n<p>Ancr\u00e9e dans les champs de la danse et du th\u00e9\u00e2tre, la collection Pratiques dirig\u00e9e par Yvane Chapuis se consacre \u00e0 l\u2019analyse des pratiques des arts performatifs.<\/p>\n","protected":false},"excerpt":{"rendered":"<p><strong>AUTEUR\u00b7ES :<\/strong> Yvane Chapuis &amp; Oscar G\u00f3mez Mata<br \/>\n<strong>EDITEUR :<\/strong> \u00c9ditions B42 (2023)<\/p>\n<p><strong>BROCH\u00c9 :<\/strong> 112 pages<br \/>\n<strong>LANGUE :<\/strong> Fran\u00e7ais<br \/>\n<strong>ISBN13 :<\/strong> 978 2 490 07780 9<\/p>\n","protected":false},"featured_media":44149,"template":"","meta":[],"product_brand":[],"product_cat":[162,710,241],"product_tag":[],"class_list":{"0":"post-44150","1":"product","2":"type-product","3":"status-publish","4":"has-post-thumbnail","6":"product_cat-french-en","7":"product_cat-pratique-recherche-en","8":"product_cat-theater-en","10":"first","11":"instock","12":"taxable","13":"shipping-taxable","14":"purchasable","15":"product-type-simple"},"yoast_head":"<!-- This site is optimized with the Yoast SEO plugin v27.5 - https:\/\/yoast.com\/product\/yoast-seo-wordpress\/ -->\n<title>Penser l&#039;action - un syst\u00e8me d&#039;entra\u00eenement de l&#039;acteur\u00b7rice - Books on the Move<\/title>\n<meta name=\"robots\" content=\"index, follow, max-snippet:-1, max-image-preview:large, max-video-preview:-1\" \/>\n<link rel=\"canonical\" href=\"https:\/\/www.booksonthemove.fr\/en\/produit\/penser-laction-un-systeme-dentrainement-de-lacteur\u00b7rice\/\" \/>\n<meta property=\"og:locale\" content=\"en_US\" \/>\n<meta property=\"og:type\" content=\"article\" \/>\n<meta property=\"og:title\" content=\"Penser l&#039;action - un syst\u00e8me d&#039;entra\u00eenement de l&#039;acteur\u00b7rice - Books on the Move\" \/>\n<meta property=\"og:description\" content=\"AUTEUR\u00b7ES : Yvane Chapuis &amp; Oscar G\u00f3mez Mata EDITEUR : \u00c9ditions B42 (2023)  BROCH\u00c9 : 112 pages LANGUE : Fran\u00e7ais ISBN13 : 978 2 490 07780 9\" \/>\n<meta property=\"og:url\" content=\"https:\/\/www.booksonthemove.fr\/en\/produit\/penser-laction-un-systeme-dentrainement-de-lacteur\u00b7rice\/\" \/>\n<meta property=\"og:site_name\" content=\"Books on the Move\" \/>\n<meta property=\"article:publisher\" content=\"https:\/\/www.facebook.com\/Librairiebooksonthemove\/\" \/>\n<meta property=\"article:modified_time\" content=\"2026-01-15T19:20:20+00:00\" \/>\n<meta property=\"og:image\" content=\"https:\/\/www.booksonthemove.fr\/media\/bom_2843.jpg\" \/>\n\t<meta property=\"og:image:width\" content=\"921\" \/>\n\t<meta property=\"og:image:height\" content=\"1500\" \/>\n\t<meta property=\"og:image:type\" content=\"image\/jpeg\" \/>\n<meta name=\"twitter:card\" content=\"summary_large_image\" \/>\n<script type=\"application\/ld+json\" class=\"yoast-schema-graph\">{\"@context\":\"https:\\\/\\\/schema.org\",\"@graph\":[{\"@type\":\"WebPage\",\"@id\":\"https:\\\/\\\/www.booksonthemove.fr\\\/en\\\/produit\\\/penser-laction-un-systeme-dentrainement-de-lacteur%c2%b7rice\\\/\",\"url\":\"https:\\\/\\\/www.booksonthemove.fr\\\/en\\\/produit\\\/penser-laction-un-systeme-dentrainement-de-lacteur%c2%b7rice\\\/\",\"name\":\"Penser l'action - un syst\u00e8me d'entra\u00eenement de l'acteur\u00b7rice - Books on the Move\",\"isPartOf\":{\"@id\":\"https:\\\/\\\/www.booksonthemove.fr\\\/#website\"},\"primaryImageOfPage\":{\"@id\":\"https:\\\/\\\/www.booksonthemove.fr\\\/en\\\/produit\\\/penser-laction-un-systeme-dentrainement-de-lacteur%c2%b7rice\\\/#primaryimage\"},\"image\":{\"@id\":\"https:\\\/\\\/www.booksonthemove.fr\\\/en\\\/produit\\\/penser-laction-un-systeme-dentrainement-de-lacteur%c2%b7rice\\\/#primaryimage\"},\"thumbnailUrl\":\"https:\\\/\\\/www.booksonthemove.fr\\\/media\\\/bom_2843.jpg\",\"datePublished\":\"2024-11-13T21:45:29+00:00\",\"dateModified\":\"2026-01-15T19:20:20+00:00\",\"breadcrumb\":{\"@id\":\"https:\\\/\\\/www.booksonthemove.fr\\\/en\\\/produit\\\/penser-laction-un-systeme-dentrainement-de-lacteur%c2%b7rice\\\/#breadcrumb\"},\"inLanguage\":\"en-US\",\"potentialAction\":[{\"@type\":\"ReadAction\",\"target\":[\"https:\\\/\\\/www.booksonthemove.fr\\\/en\\\/produit\\\/penser-laction-un-systeme-dentrainement-de-lacteur%c2%b7rice\\\/\"]}]},{\"@type\":\"ImageObject\",\"inLanguage\":\"en-US\",\"@id\":\"https:\\\/\\\/www.booksonthemove.fr\\\/en\\\/produit\\\/penser-laction-un-systeme-dentrainement-de-lacteur%c2%b7rice\\\/#primaryimage\",\"url\":\"https:\\\/\\\/www.booksonthemove.fr\\\/media\\\/bom_2843.jpg\",\"contentUrl\":\"https:\\\/\\\/www.booksonthemove.fr\\\/media\\\/bom_2843.jpg\",\"width\":921,\"height\":1500},{\"@type\":\"BreadcrumbList\",\"@id\":\"https:\\\/\\\/www.booksonthemove.fr\\\/en\\\/produit\\\/penser-laction-un-systeme-dentrainement-de-lacteur%c2%b7rice\\\/#breadcrumb\",\"itemListElement\":[{\"@type\":\"ListItem\",\"position\":1,\"name\":\"Accueil\",\"item\":\"https:\\\/\\\/www.booksonthemove.fr\\\/en\\\/\"},{\"@type\":\"ListItem\",\"position\":2,\"name\":\"online store\",\"item\":\"https:\\\/\\\/www.booksonthemove.fr\\\/en\\\/online-shop\\\/\"},{\"@type\":\"ListItem\",\"position\":3,\"name\":\"Penser l&rsquo;action &#8211; un syst\u00e8me d&rsquo;entra\u00eenement de l&rsquo;acteur\u00b7rice\"}]},{\"@type\":\"WebSite\",\"@id\":\"https:\\\/\\\/www.booksonthemove.fr\\\/#website\",\"url\":\"https:\\\/\\\/www.booksonthemove.fr\\\/\",\"name\":\"Books on the Move\",\"description\":\"librairie nomade - danse - mouvement - performance\",\"publisher\":{\"@id\":\"https:\\\/\\\/www.booksonthemove.fr\\\/#organization\"},\"potentialAction\":[{\"@type\":\"SearchAction\",\"target\":{\"@type\":\"EntryPoint\",\"urlTemplate\":\"https:\\\/\\\/www.booksonthemove.fr\\\/?s={search_term_string}\"},\"query-input\":{\"@type\":\"PropertyValueSpecification\",\"valueRequired\":true,\"valueName\":\"search_term_string\"}}],\"inLanguage\":\"en-US\"},{\"@type\":\"Organization\",\"@id\":\"https:\\\/\\\/www.booksonthemove.fr\\\/#organization\",\"name\":\"Books on the Move\",\"url\":\"https:\\\/\\\/www.booksonthemove.fr\\\/\",\"logo\":{\"@type\":\"ImageObject\",\"inLanguage\":\"en-US\",\"@id\":\"https:\\\/\\\/www.booksonthemove.fr\\\/#\\\/schema\\\/logo\\\/image\\\/\",\"url\":\"https:\\\/\\\/www.booksonthemove.fr\\\/media\\\/logo-NB-400.jpg\",\"contentUrl\":\"https:\\\/\\\/www.booksonthemove.fr\\\/media\\\/logo-NB-400.jpg\",\"width\":400,\"height\":143,\"caption\":\"Books on the Move\"},\"image\":{\"@id\":\"https:\\\/\\\/www.booksonthemove.fr\\\/#\\\/schema\\\/logo\\\/image\\\/\"},\"sameAs\":[\"https:\\\/\\\/www.facebook.com\\\/Librairiebooksonthemove\\\/\"]}]}<\/script>\n<!-- \/ Yoast SEO plugin. -->","yoast_head_json":{"title":"Penser l'action - un syst\u00e8me d'entra\u00eenement de l'acteur\u00b7rice - Books on the Move","robots":{"index":"index","follow":"follow","max-snippet":"max-snippet:-1","max-image-preview":"max-image-preview:large","max-video-preview":"max-video-preview:-1"},"canonical":"https:\/\/www.booksonthemove.fr\/en\/produit\/penser-laction-un-systeme-dentrainement-de-lacteur\u00b7rice\/","og_locale":"en_US","og_type":"article","og_title":"Penser l'action - un syst\u00e8me d'entra\u00eenement de l'acteur\u00b7rice - Books on the Move","og_description":"AUTEUR\u00b7ES : Yvane Chapuis &amp; Oscar G\u00f3mez Mata EDITEUR : \u00c9ditions B42 (2023)  BROCH\u00c9 : 112 pages LANGUE : Fran\u00e7ais ISBN13 : 978 2 490 07780 9","og_url":"https:\/\/www.booksonthemove.fr\/en\/produit\/penser-laction-un-systeme-dentrainement-de-lacteur\u00b7rice\/","og_site_name":"Books on the Move","article_publisher":"https:\/\/www.facebook.com\/Librairiebooksonthemove\/","article_modified_time":"2026-01-15T19:20:20+00:00","og_image":[{"width":921,"height":1500,"url":"https:\/\/www.booksonthemove.fr\/media\/bom_2843.jpg","type":"image\/jpeg"}],"twitter_card":"summary_large_image","schema":{"@context":"https:\/\/schema.org","@graph":[{"@type":"WebPage","@id":"https:\/\/www.booksonthemove.fr\/en\/produit\/penser-laction-un-systeme-dentrainement-de-lacteur%c2%b7rice\/","url":"https:\/\/www.booksonthemove.fr\/en\/produit\/penser-laction-un-systeme-dentrainement-de-lacteur%c2%b7rice\/","name":"Penser l'action - un syst\u00e8me d'entra\u00eenement de l'acteur\u00b7rice - Books on the Move","isPartOf":{"@id":"https:\/\/www.booksonthemove.fr\/#website"},"primaryImageOfPage":{"@id":"https:\/\/www.booksonthemove.fr\/en\/produit\/penser-laction-un-systeme-dentrainement-de-lacteur%c2%b7rice\/#primaryimage"},"image":{"@id":"https:\/\/www.booksonthemove.fr\/en\/produit\/penser-laction-un-systeme-dentrainement-de-lacteur%c2%b7rice\/#primaryimage"},"thumbnailUrl":"https:\/\/www.booksonthemove.fr\/media\/bom_2843.jpg","datePublished":"2024-11-13T21:45:29+00:00","dateModified":"2026-01-15T19:20:20+00:00","breadcrumb":{"@id":"https:\/\/www.booksonthemove.fr\/en\/produit\/penser-laction-un-systeme-dentrainement-de-lacteur%c2%b7rice\/#breadcrumb"},"inLanguage":"en-US","potentialAction":[{"@type":"ReadAction","target":["https:\/\/www.booksonthemove.fr\/en\/produit\/penser-laction-un-systeme-dentrainement-de-lacteur%c2%b7rice\/"]}]},{"@type":"ImageObject","inLanguage":"en-US","@id":"https:\/\/www.booksonthemove.fr\/en\/produit\/penser-laction-un-systeme-dentrainement-de-lacteur%c2%b7rice\/#primaryimage","url":"https:\/\/www.booksonthemove.fr\/media\/bom_2843.jpg","contentUrl":"https:\/\/www.booksonthemove.fr\/media\/bom_2843.jpg","width":921,"height":1500},{"@type":"BreadcrumbList","@id":"https:\/\/www.booksonthemove.fr\/en\/produit\/penser-laction-un-systeme-dentrainement-de-lacteur%c2%b7rice\/#breadcrumb","itemListElement":[{"@type":"ListItem","position":1,"name":"Accueil","item":"https:\/\/www.booksonthemove.fr\/en\/"},{"@type":"ListItem","position":2,"name":"online store","item":"https:\/\/www.booksonthemove.fr\/en\/online-shop\/"},{"@type":"ListItem","position":3,"name":"Penser l&rsquo;action &#8211; un syst\u00e8me d&rsquo;entra\u00eenement de l&rsquo;acteur\u00b7rice"}]},{"@type":"WebSite","@id":"https:\/\/www.booksonthemove.fr\/#website","url":"https:\/\/www.booksonthemove.fr\/","name":"Books on the Move","description":"librairie nomade - danse - mouvement - performance","publisher":{"@id":"https:\/\/www.booksonthemove.fr\/#organization"},"potentialAction":[{"@type":"SearchAction","target":{"@type":"EntryPoint","urlTemplate":"https:\/\/www.booksonthemove.fr\/?s={search_term_string}"},"query-input":{"@type":"PropertyValueSpecification","valueRequired":true,"valueName":"search_term_string"}}],"inLanguage":"en-US"},{"@type":"Organization","@id":"https:\/\/www.booksonthemove.fr\/#organization","name":"Books on the Move","url":"https:\/\/www.booksonthemove.fr\/","logo":{"@type":"ImageObject","inLanguage":"en-US","@id":"https:\/\/www.booksonthemove.fr\/#\/schema\/logo\/image\/","url":"https:\/\/www.booksonthemove.fr\/media\/logo-NB-400.jpg","contentUrl":"https:\/\/www.booksonthemove.fr\/media\/logo-NB-400.jpg","width":400,"height":143,"caption":"Books on the Move"},"image":{"@id":"https:\/\/www.booksonthemove.fr\/#\/schema\/logo\/image\/"},"sameAs":["https:\/\/www.facebook.com\/Librairiebooksonthemove\/"]}]}},"_links":{"self":[{"href":"https:\/\/www.booksonthemove.fr\/en\/wp-json\/wp\/v2\/product\/44150","targetHints":{"allow":["GET"]}}],"collection":[{"href":"https:\/\/www.booksonthemove.fr\/en\/wp-json\/wp\/v2\/product"}],"about":[{"href":"https:\/\/www.booksonthemove.fr\/en\/wp-json\/wp\/v2\/types\/product"}],"wp:featuredmedia":[{"embeddable":true,"href":"https:\/\/www.booksonthemove.fr\/en\/wp-json\/wp\/v2\/media\/44149"}],"wp:attachment":[{"href":"https:\/\/www.booksonthemove.fr\/en\/wp-json\/wp\/v2\/media?parent=44150"}],"wp:term":[{"taxonomy":"product_brand","embeddable":true,"href":"https:\/\/www.booksonthemove.fr\/en\/wp-json\/wp\/v2\/product_brand?post=44150"},{"taxonomy":"product_cat","embeddable":true,"href":"https:\/\/www.booksonthemove.fr\/en\/wp-json\/wp\/v2\/product_cat?post=44150"},{"taxonomy":"product_tag","embeddable":true,"href":"https:\/\/www.booksonthemove.fr\/en\/wp-json\/wp\/v2\/product_tag?post=44150"}],"curies":[{"name":"wp","href":"https:\/\/api.w.org\/{rel}","templated":true}]}}