{"id":44198,"date":"2024-11-23T20:30:46","date_gmt":"2024-11-23T19:30:46","guid":{"rendered":"https:\/\/www.booksonthemove.fr\/produit\/penser-avec-whitehead-une-libre-et-sauvage-creation-de-concepts\/"},"modified":"2024-12-09T18:01:36","modified_gmt":"2024-12-09T17:01:36","slug":"penser-avec-whitehead-une-libre-et-sauvage-creation-de-concepts","status":"publish","type":"product","link":"https:\/\/www.booksonthemove.fr\/en\/produit\/penser-avec-whitehead-une-libre-et-sauvage-creation-de-concepts\/","title":{"rendered":"Penser avec Whitehead &#8211; Une libre et sauvage cr\u00e9ation de concepts"},"content":{"rendered":"<p>L&#8217;ambition de ce livre, et elle est grande, est de faire vivre \u00e0 son lecteur, qu&#8217;il soit ou non philosophe, le trajet fulgurant qui, en quelques ann\u00e9es, a transform\u00e9 le math\u00e9maticien Alfred North Whitehead en philosophe sp\u00e9culatif.<\/p>\n<p>De la pierre grise que je vois l\u00e0 jusqu&#8217;\u00e0 la cr\u00e9ation du Dieu qu&#8217;exige la coh\u00e9rence sp\u00e9culative, il s&#8217;agit bel et bien de cette \u00ablibre et sauvage cr\u00e9ation de concepts\u00bb associ\u00e9e \u00e0 la philosophie anglaise par Deleuze et Guattari dans <i>Qu&#8217;est-ce que la philosophie ?<\/i> Mais \u00absauvage\u00bb signifie d&#8217;abord ici l&#8217;humour d&#8217;une mise \u00e0 l&#8217;aventure de tous les \u00abnous savons bien\u00bb qui rassurent, et l&#8217;exp\u00e9rimentation tranquille des concepts qui portent \u00e0 leur plus haut degr\u00e9, pour les faire converger, libert\u00e9 et contrainte, audace et obligation.<\/p>\n<p>De l&#8217;aventure, nul ne devrait ramener une doctrine ou un mode de pens\u00e9e unanime ; plut\u00f4t, diff\u00e9rent pour chacun, un certain go\u00fbt pour les questions qui mettent en risque, et une grande indiff\u00e9rence aux mots d&#8217;ordre qui pr\u00e9tendent nous dire comment penser.<\/p>\n","protected":false},"excerpt":{"rendered":"<p><strong>AUTEURE :<\/strong> Isabelle Stengers<br \/>\n<strong>EDITEUR :<\/strong> Seuil (2002)<\/p>\n<p><strong>BROCH\u00c9 :<\/strong> 600 pages<br \/>\n<strong>LANGUE :<\/strong> Fran\u00e7ais<br \/>\n<strong>ISBN13 :<\/strong> 978-2-020-53560-1<\/p>\n","protected":false},"featured_media":44197,"template":"","meta":[],"product_brand":[],"product_cat":[162,206],"product_tag":[],"class_list":{"0":"post-44198","1":"product","2":"type-product","3":"status-publish","4":"has-post-thumbnail","6":"product_cat-french-en","7":"product_cat-philosophy-aesthetics-en","9":"first","10":"instock","11":"taxable","12":"shipping-taxable","13":"purchasable","14":"product-type-simple"},"yoast_head":"<!-- This site is optimized with the Yoast SEO plugin v27.4 - https:\/\/yoast.com\/product\/yoast-seo-wordpress\/ -->\n<title>Penser avec Whitehead - Une libre et sauvage cr\u00e9ation de concepts - Books on the Move<\/title>\n<meta name=\"robots\" content=\"index, follow, max-snippet:-1, max-image-preview:large, max-video-preview:-1\" \/>\n<link rel=\"canonical\" href=\"https:\/\/www.booksonthemove.fr\/en\/produit\/penser-avec-whitehead-une-libre-et-sauvage-creation-de-concepts\/\" \/>\n<meta property=\"og:locale\" content=\"en_US\" \/>\n<meta property=\"og:type\" content=\"article\" \/>\n<meta property=\"og:title\" content=\"Penser avec Whitehead - Une libre et sauvage cr\u00e9ation de concepts - Books on the Move\" \/>\n<meta property=\"og:description\" content=\"AUTEURE : Isabelle Stengers EDITEUR : Seuil (2002)  BROCH\u00c9 : 600 pages LANGUE : Fran\u00e7ais ISBN13 : 978-2-020-53560-1\" \/>\n<meta property=\"og:url\" content=\"https:\/\/www.booksonthemove.fr\/en\/produit\/penser-avec-whitehead-une-libre-et-sauvage-creation-de-concepts\/\" \/>\n<meta property=\"og:site_name\" content=\"Books on the Move\" \/>\n<meta property=\"article:publisher\" content=\"https:\/\/www.facebook.com\/Librairiebooksonthemove\/\" \/>\n<meta property=\"article:modified_time\" content=\"2024-12-09T17:01:36+00:00\" \/>\n<meta property=\"og:image\" content=\"https:\/\/www.booksonthemove.fr\/media\/bom_2820.jpg\" \/>\n\t<meta property=\"og:image:width\" content=\"341\" \/>\n\t<meta property=\"og:image:height\" content=\"500\" \/>\n\t<meta property=\"og:image:type\" content=\"image\/jpeg\" \/>\n<meta name=\"twitter:card\" content=\"summary_large_image\" \/>\n<script type=\"application\/ld+json\" class=\"yoast-schema-graph\">{\"@context\":\"https:\\\/\\\/schema.org\",\"@graph\":[{\"@type\":\"WebPage\",\"@id\":\"https:\\\/\\\/www.booksonthemove.fr\\\/en\\\/produit\\\/penser-avec-whitehead-une-libre-et-sauvage-creation-de-concepts\\\/\",\"url\":\"https:\\\/\\\/www.booksonthemove.fr\\\/en\\\/produit\\\/penser-avec-whitehead-une-libre-et-sauvage-creation-de-concepts\\\/\",\"name\":\"Penser avec Whitehead - Une libre et sauvage cr\u00e9ation de concepts - Books on the Move\",\"isPartOf\":{\"@id\":\"https:\\\/\\\/www.booksonthemove.fr\\\/#website\"},\"primaryImageOfPage\":{\"@id\":\"https:\\\/\\\/www.booksonthemove.fr\\\/en\\\/produit\\\/penser-avec-whitehead-une-libre-et-sauvage-creation-de-concepts\\\/#primaryimage\"},\"image\":{\"@id\":\"https:\\\/\\\/www.booksonthemove.fr\\\/en\\\/produit\\\/penser-avec-whitehead-une-libre-et-sauvage-creation-de-concepts\\\/#primaryimage\"},\"thumbnailUrl\":\"https:\\\/\\\/www.booksonthemove.fr\\\/media\\\/bom_2820.jpg\",\"datePublished\":\"2024-11-23T19:30:46+00:00\",\"dateModified\":\"2024-12-09T17:01:36+00:00\",\"breadcrumb\":{\"@id\":\"https:\\\/\\\/www.booksonthemove.fr\\\/en\\\/produit\\\/penser-avec-whitehead-une-libre-et-sauvage-creation-de-concepts\\\/#breadcrumb\"},\"inLanguage\":\"en-US\",\"potentialAction\":[{\"@type\":\"ReadAction\",\"target\":[\"https:\\\/\\\/www.booksonthemove.fr\\\/en\\\/produit\\\/penser-avec-whitehead-une-libre-et-sauvage-creation-de-concepts\\\/\"]}]},{\"@type\":\"ImageObject\",\"inLanguage\":\"en-US\",\"@id\":\"https:\\\/\\\/www.booksonthemove.fr\\\/en\\\/produit\\\/penser-avec-whitehead-une-libre-et-sauvage-creation-de-concepts\\\/#primaryimage\",\"url\":\"https:\\\/\\\/www.booksonthemove.fr\\\/media\\\/bom_2820.jpg\",\"contentUrl\":\"https:\\\/\\\/www.booksonthemove.fr\\\/media\\\/bom_2820.jpg\",\"width\":341,\"height\":500},{\"@type\":\"BreadcrumbList\",\"@id\":\"https:\\\/\\\/www.booksonthemove.fr\\\/en\\\/produit\\\/penser-avec-whitehead-une-libre-et-sauvage-creation-de-concepts\\\/#breadcrumb\",\"itemListElement\":[{\"@type\":\"ListItem\",\"position\":1,\"name\":\"Accueil\",\"item\":\"https:\\\/\\\/www.booksonthemove.fr\\\/en\\\/\"},{\"@type\":\"ListItem\",\"position\":2,\"name\":\"online store\",\"item\":\"https:\\\/\\\/www.booksonthemove.fr\\\/en\\\/online-shop\\\/\"},{\"@type\":\"ListItem\",\"position\":3,\"name\":\"Penser avec Whitehead &#8211; Une libre et sauvage cr\u00e9ation de concepts\"}]},{\"@type\":\"WebSite\",\"@id\":\"https:\\\/\\\/www.booksonthemove.fr\\\/#website\",\"url\":\"https:\\\/\\\/www.booksonthemove.fr\\\/\",\"name\":\"Books on the Move\",\"description\":\"librairie nomade - danse - mouvement - performance\",\"publisher\":{\"@id\":\"https:\\\/\\\/www.booksonthemove.fr\\\/#organization\"},\"potentialAction\":[{\"@type\":\"SearchAction\",\"target\":{\"@type\":\"EntryPoint\",\"urlTemplate\":\"https:\\\/\\\/www.booksonthemove.fr\\\/?s={search_term_string}\"},\"query-input\":{\"@type\":\"PropertyValueSpecification\",\"valueRequired\":true,\"valueName\":\"search_term_string\"}}],\"inLanguage\":\"en-US\"},{\"@type\":\"Organization\",\"@id\":\"https:\\\/\\\/www.booksonthemove.fr\\\/#organization\",\"name\":\"Books on the Move\",\"url\":\"https:\\\/\\\/www.booksonthemove.fr\\\/\",\"logo\":{\"@type\":\"ImageObject\",\"inLanguage\":\"en-US\",\"@id\":\"https:\\\/\\\/www.booksonthemove.fr\\\/#\\\/schema\\\/logo\\\/image\\\/\",\"url\":\"https:\\\/\\\/www.booksonthemove.fr\\\/media\\\/logo-NB-400.jpg\",\"contentUrl\":\"https:\\\/\\\/www.booksonthemove.fr\\\/media\\\/logo-NB-400.jpg\",\"width\":400,\"height\":143,\"caption\":\"Books on the Move\"},\"image\":{\"@id\":\"https:\\\/\\\/www.booksonthemove.fr\\\/#\\\/schema\\\/logo\\\/image\\\/\"},\"sameAs\":[\"https:\\\/\\\/www.facebook.com\\\/Librairiebooksonthemove\\\/\"]}]}<\/script>\n<!-- \/ Yoast SEO plugin. -->","yoast_head_json":{"title":"Penser avec Whitehead - Une libre et sauvage cr\u00e9ation de concepts - Books on the Move","robots":{"index":"index","follow":"follow","max-snippet":"max-snippet:-1","max-image-preview":"max-image-preview:large","max-video-preview":"max-video-preview:-1"},"canonical":"https:\/\/www.booksonthemove.fr\/en\/produit\/penser-avec-whitehead-une-libre-et-sauvage-creation-de-concepts\/","og_locale":"en_US","og_type":"article","og_title":"Penser avec Whitehead - Une libre et sauvage cr\u00e9ation de concepts - Books on the Move","og_description":"AUTEURE : Isabelle Stengers EDITEUR : Seuil (2002)  BROCH\u00c9 : 600 pages LANGUE : Fran\u00e7ais ISBN13 : 978-2-020-53560-1","og_url":"https:\/\/www.booksonthemove.fr\/en\/produit\/penser-avec-whitehead-une-libre-et-sauvage-creation-de-concepts\/","og_site_name":"Books on the Move","article_publisher":"https:\/\/www.facebook.com\/Librairiebooksonthemove\/","article_modified_time":"2024-12-09T17:01:36+00:00","og_image":[{"width":341,"height":500,"url":"https:\/\/www.booksonthemove.fr\/media\/bom_2820.jpg","type":"image\/jpeg"}],"twitter_card":"summary_large_image","schema":{"@context":"https:\/\/schema.org","@graph":[{"@type":"WebPage","@id":"https:\/\/www.booksonthemove.fr\/en\/produit\/penser-avec-whitehead-une-libre-et-sauvage-creation-de-concepts\/","url":"https:\/\/www.booksonthemove.fr\/en\/produit\/penser-avec-whitehead-une-libre-et-sauvage-creation-de-concepts\/","name":"Penser avec Whitehead - Une libre et sauvage cr\u00e9ation de concepts - Books on the Move","isPartOf":{"@id":"https:\/\/www.booksonthemove.fr\/#website"},"primaryImageOfPage":{"@id":"https:\/\/www.booksonthemove.fr\/en\/produit\/penser-avec-whitehead-une-libre-et-sauvage-creation-de-concepts\/#primaryimage"},"image":{"@id":"https:\/\/www.booksonthemove.fr\/en\/produit\/penser-avec-whitehead-une-libre-et-sauvage-creation-de-concepts\/#primaryimage"},"thumbnailUrl":"https:\/\/www.booksonthemove.fr\/media\/bom_2820.jpg","datePublished":"2024-11-23T19:30:46+00:00","dateModified":"2024-12-09T17:01:36+00:00","breadcrumb":{"@id":"https:\/\/www.booksonthemove.fr\/en\/produit\/penser-avec-whitehead-une-libre-et-sauvage-creation-de-concepts\/#breadcrumb"},"inLanguage":"en-US","potentialAction":[{"@type":"ReadAction","target":["https:\/\/www.booksonthemove.fr\/en\/produit\/penser-avec-whitehead-une-libre-et-sauvage-creation-de-concepts\/"]}]},{"@type":"ImageObject","inLanguage":"en-US","@id":"https:\/\/www.booksonthemove.fr\/en\/produit\/penser-avec-whitehead-une-libre-et-sauvage-creation-de-concepts\/#primaryimage","url":"https:\/\/www.booksonthemove.fr\/media\/bom_2820.jpg","contentUrl":"https:\/\/www.booksonthemove.fr\/media\/bom_2820.jpg","width":341,"height":500},{"@type":"BreadcrumbList","@id":"https:\/\/www.booksonthemove.fr\/en\/produit\/penser-avec-whitehead-une-libre-et-sauvage-creation-de-concepts\/#breadcrumb","itemListElement":[{"@type":"ListItem","position":1,"name":"Accueil","item":"https:\/\/www.booksonthemove.fr\/en\/"},{"@type":"ListItem","position":2,"name":"online store","item":"https:\/\/www.booksonthemove.fr\/en\/online-shop\/"},{"@type":"ListItem","position":3,"name":"Penser avec Whitehead &#8211; Une libre et sauvage cr\u00e9ation de concepts"}]},{"@type":"WebSite","@id":"https:\/\/www.booksonthemove.fr\/#website","url":"https:\/\/www.booksonthemove.fr\/","name":"Books on the Move","description":"librairie nomade - danse - mouvement - performance","publisher":{"@id":"https:\/\/www.booksonthemove.fr\/#organization"},"potentialAction":[{"@type":"SearchAction","target":{"@type":"EntryPoint","urlTemplate":"https:\/\/www.booksonthemove.fr\/?s={search_term_string}"},"query-input":{"@type":"PropertyValueSpecification","valueRequired":true,"valueName":"search_term_string"}}],"inLanguage":"en-US"},{"@type":"Organization","@id":"https:\/\/www.booksonthemove.fr\/#organization","name":"Books on the Move","url":"https:\/\/www.booksonthemove.fr\/","logo":{"@type":"ImageObject","inLanguage":"en-US","@id":"https:\/\/www.booksonthemove.fr\/#\/schema\/logo\/image\/","url":"https:\/\/www.booksonthemove.fr\/media\/logo-NB-400.jpg","contentUrl":"https:\/\/www.booksonthemove.fr\/media\/logo-NB-400.jpg","width":400,"height":143,"caption":"Books on the Move"},"image":{"@id":"https:\/\/www.booksonthemove.fr\/#\/schema\/logo\/image\/"},"sameAs":["https:\/\/www.facebook.com\/Librairiebooksonthemove\/"]}]}},"_links":{"self":[{"href":"https:\/\/www.booksonthemove.fr\/en\/wp-json\/wp\/v2\/product\/44198","targetHints":{"allow":["GET"]}}],"collection":[{"href":"https:\/\/www.booksonthemove.fr\/en\/wp-json\/wp\/v2\/product"}],"about":[{"href":"https:\/\/www.booksonthemove.fr\/en\/wp-json\/wp\/v2\/types\/product"}],"wp:featuredmedia":[{"embeddable":true,"href":"https:\/\/www.booksonthemove.fr\/en\/wp-json\/wp\/v2\/media\/44197"}],"wp:attachment":[{"href":"https:\/\/www.booksonthemove.fr\/en\/wp-json\/wp\/v2\/media?parent=44198"}],"wp:term":[{"taxonomy":"product_brand","embeddable":true,"href":"https:\/\/www.booksonthemove.fr\/en\/wp-json\/wp\/v2\/product_brand?post=44198"},{"taxonomy":"product_cat","embeddable":true,"href":"https:\/\/www.booksonthemove.fr\/en\/wp-json\/wp\/v2\/product_cat?post=44198"},{"taxonomy":"product_tag","embeddable":true,"href":"https:\/\/www.booksonthemove.fr\/en\/wp-json\/wp\/v2\/product_tag?post=44198"}],"curies":[{"name":"wp","href":"https:\/\/api.w.org\/{rel}","templated":true}]}}