{"id":44357,"date":"2024-12-09T18:00:29","date_gmt":"2024-12-09T17:00:29","guid":{"rendered":"https:\/\/www.booksonthemove.fr\/produit\/francine-lancelot-danse-populaire-danse-savante-musique-baroque-des-ecritures-de-la-danse\/"},"modified":"2024-12-12T22:28:49","modified_gmt":"2024-12-12T21:28:49","slug":"francine-lancelot-danse-populaire-danse-savante-musique-baroque-des-ecritures-de-la-danse","status":"publish","type":"product","link":"https:\/\/www.booksonthemove.fr\/en\/produit\/francine-lancelot-danse-populaire-danse-savante-musique-baroque-des-ecritures-de-la-danse\/","title":{"rendered":"Francine Lancelot &#8211; Danse populaire, danse savante, musique baroque &#8211; Des \u00e9critures de la danse"},"content":{"rendered":"<p>Lorsque Francine Lancelot d\u00e9couvre la \u00ab danse libre \u00bb h\u00e9rit\u00e9e d\u2019Isadora Duncan ; elle d\u00e9cide d\u2019en faire son m\u00e9tier. Son app\u00e9tit \u00e0 d\u00e9couvrir est immense ; elle se forme en danse moderne et classique, yoga, mime, acrobatie. Plus inhabituel, elle s\u2019initie \u00e0 la notation de la danse selon le syst\u00e8me invent\u00e9 par Pierre Cont\u00e9 en 1931. Puis la d\u00e9couverte des danses traditionnelles collectives la touche en plein c\u0153ur. Elle se forme alors aupr\u00e8s de l\u2019ethnologue Jean-Michel Guilcher au mus\u00e9e des Arts et Traditions Populaires, \u00e0 l\u2019histoire de la danse et au collectage de r\u00e9pertoires (Vivarais, Auvergne, Languedoc et Provence puis Vend\u00e9e, Haute-Bretagne et B\u00e9arn). Parall\u00e8lement, elle pr\u00e9sente une ma\u00eetrise sur l\u2019\u00e9criture Beauchamp-Feuillet, puis une th\u00e8se sur la Farandole et trouve une cl\u00e9 pour d\u00e9chiffrer l\u2019\u00e9criture Beauchamp-Feuillet. D\u00e8s lors, les partitions baroques lui sont ouvertes. En 1980, elle cr\u00e9e sa compagnie <em>Ris &amp; Danceries<\/em> et pr\u00e9sente des spectacles chor\u00e9graphiques. En 1984, elle triomphe \u00e0 l\u2019Op\u00e9ra de Paris avec Noureev et \u00e0 partir de l\u00e0 participera r\u00e9guli\u00e8rement \u00e0 des op\u00e9ras ou com\u00e9dies-ballets. P\u00e9dagogue remarquable, elle enseigne tout au long de sa carri\u00e8re des danses traditionnelles, de la Renaissance ou baroque. Elle est aussi l\u2019auteur avec toute une \u00e9quipe d\u2019un catalogue raisonn\u00e9 \u00ab la Belle Dance \u00bb.<br \/>\nCe parcours exceptionnel nous est cont\u00e9 par Sophie G\u00e9linier qui a r\u00e9colt\u00e9 plus de cinquante entretiens. Tout \u00e0 la fois danseuse et administratrice de la compagnie, elle nous restitue les aventures d\u2019une vie passionn\u00e9ment d\u00e9vou\u00e9e \u00e0 la recherche et \u00e0 la danse dans sa diversit\u00e9.<\/p>\n","protected":false},"excerpt":{"rendered":"<p><strong>AUTEURE :<\/strong>\u00a0Sophie G\u00e9linier<br \/>\n<strong>EDITEUR :<\/strong>\u00a0L&#8217;\u0153il d&#8217;or (2024)<\/p>\n<p><strong>BROCH\u00c9 :<\/strong>\u00a0458 pages<br \/>\n<strong>LANGUE :<\/strong> Fran\u00e7ais<br \/>\n<strong>ISBN :<\/strong> 9782490437375<\/p>\n","protected":false},"featured_media":44356,"template":"","meta":[],"product_brand":[],"product_cat":[240,162,169,254],"product_tag":[],"class_list":{"0":"post-44357","1":"product","2":"type-product","3":"status-publish","4":"has-post-thumbnail","6":"product_cat-choreography-en","7":"product_cat-french-en","8":"product_cat-interviews-conversations-en","9":"product_cat-traditional-dance","11":"first","12":"instock","13":"taxable","14":"shipping-taxable","15":"purchasable","16":"product-type-simple"},"yoast_head":"<!-- This site is optimized with the Yoast SEO plugin v27.5 - https:\/\/yoast.com\/product\/yoast-seo-wordpress\/ -->\n<title>Francine Lancelot - Danse populaire, danse savante, musique baroque - Des \u00e9critures de la danse - Books on the Move<\/title>\n<meta name=\"robots\" content=\"index, follow, max-snippet:-1, max-image-preview:large, max-video-preview:-1\" \/>\n<link rel=\"canonical\" href=\"https:\/\/www.booksonthemove.fr\/produit\/francine-lancelot-danse-populaire-danse-savante-musique-baroque-des-ecritures-de-la-danse\/\" \/>\n<meta property=\"og:locale\" content=\"en_US\" \/>\n<meta property=\"og:type\" content=\"article\" \/>\n<meta property=\"og:title\" content=\"Francine Lancelot - Danse populaire, danse savante, musique baroque - Des \u00e9critures de la danse - Books on the Move\" \/>\n<meta property=\"og:description\" content=\"AUTEURE :\u00a0Sophie G\u00e9linier EDITEUR :\u00a0L&#039;\u0153il d&#039;or (2024)  BROCH\u00c9 :\u00a0458 pages LANGUE : Fran\u00e7ais ISBN : 9782490437375\" \/>\n<meta property=\"og:url\" content=\"https:\/\/www.booksonthemove.fr\/produit\/francine-lancelot-danse-populaire-danse-savante-musique-baroque-des-ecritures-de-la-danse\/\" \/>\n<meta property=\"og:site_name\" content=\"Books on the Move\" \/>\n<meta property=\"article:publisher\" content=\"https:\/\/www.facebook.com\/Librairiebooksonthemove\/\" \/>\n<meta property=\"article:modified_time\" content=\"2024-12-12T21:28:49+00:00\" \/>\n<meta property=\"og:image\" content=\"https:\/\/www.booksonthemove.fr\/media\/bom_2858.jpeg\" \/>\n\t<meta property=\"og:image:width\" content=\"411\" \/>\n\t<meta property=\"og:image:height\" content=\"577\" \/>\n\t<meta property=\"og:image:type\" content=\"image\/jpeg\" \/>\n<meta name=\"twitter:card\" content=\"summary_large_image\" \/>\n<script type=\"application\/ld+json\" class=\"yoast-schema-graph\">{\"@context\":\"https:\\\/\\\/schema.org\",\"@graph\":[{\"@type\":\"WebPage\",\"@id\":\"https:\\\/\\\/www.booksonthemove.fr\\\/produit\\\/francine-lancelot-danse-populaire-danse-savante-musique-baroque-des-ecritures-de-la-danse\\\/\",\"url\":\"https:\\\/\\\/www.booksonthemove.fr\\\/produit\\\/francine-lancelot-danse-populaire-danse-savante-musique-baroque-des-ecritures-de-la-danse\\\/\",\"name\":\"Francine Lancelot - Danse populaire, danse savante, musique baroque - Des \u00e9critures de la danse - Books on the Move\",\"isPartOf\":{\"@id\":\"https:\\\/\\\/www.booksonthemove.fr\\\/#website\"},\"primaryImageOfPage\":{\"@id\":\"https:\\\/\\\/www.booksonthemove.fr\\\/produit\\\/francine-lancelot-danse-populaire-danse-savante-musique-baroque-des-ecritures-de-la-danse\\\/#primaryimage\"},\"image\":{\"@id\":\"https:\\\/\\\/www.booksonthemove.fr\\\/produit\\\/francine-lancelot-danse-populaire-danse-savante-musique-baroque-des-ecritures-de-la-danse\\\/#primaryimage\"},\"thumbnailUrl\":\"https:\\\/\\\/www.booksonthemove.fr\\\/media\\\/bom_2858.jpeg\",\"datePublished\":\"2024-12-09T17:00:29+00:00\",\"dateModified\":\"2024-12-12T21:28:49+00:00\",\"breadcrumb\":{\"@id\":\"https:\\\/\\\/www.booksonthemove.fr\\\/produit\\\/francine-lancelot-danse-populaire-danse-savante-musique-baroque-des-ecritures-de-la-danse\\\/#breadcrumb\"},\"inLanguage\":\"en-US\",\"potentialAction\":[{\"@type\":\"ReadAction\",\"target\":[\"https:\\\/\\\/www.booksonthemove.fr\\\/produit\\\/francine-lancelot-danse-populaire-danse-savante-musique-baroque-des-ecritures-de-la-danse\\\/\"]}]},{\"@type\":\"ImageObject\",\"inLanguage\":\"en-US\",\"@id\":\"https:\\\/\\\/www.booksonthemove.fr\\\/produit\\\/francine-lancelot-danse-populaire-danse-savante-musique-baroque-des-ecritures-de-la-danse\\\/#primaryimage\",\"url\":\"https:\\\/\\\/www.booksonthemove.fr\\\/media\\\/bom_2858.jpeg\",\"contentUrl\":\"https:\\\/\\\/www.booksonthemove.fr\\\/media\\\/bom_2858.jpeg\",\"width\":411,\"height\":577},{\"@type\":\"BreadcrumbList\",\"@id\":\"https:\\\/\\\/www.booksonthemove.fr\\\/produit\\\/francine-lancelot-danse-populaire-danse-savante-musique-baroque-des-ecritures-de-la-danse\\\/#breadcrumb\",\"itemListElement\":[{\"@type\":\"ListItem\",\"position\":1,\"name\":\"Accueil\",\"item\":\"https:\\\/\\\/www.booksonthemove.fr\\\/en\\\/\"},{\"@type\":\"ListItem\",\"position\":2,\"name\":\"online store\",\"item\":\"https:\\\/\\\/www.booksonthemove.fr\\\/en\\\/online-shop\\\/\"},{\"@type\":\"ListItem\",\"position\":3,\"name\":\"Francine Lancelot &#8211; Danse populaire, danse savante, musique baroque &#8211; Des \u00e9critures de la danse\"}]},{\"@type\":\"WebSite\",\"@id\":\"https:\\\/\\\/www.booksonthemove.fr\\\/#website\",\"url\":\"https:\\\/\\\/www.booksonthemove.fr\\\/\",\"name\":\"Books on the Move\",\"description\":\"librairie nomade - danse - mouvement - performance\",\"publisher\":{\"@id\":\"https:\\\/\\\/www.booksonthemove.fr\\\/#organization\"},\"potentialAction\":[{\"@type\":\"SearchAction\",\"target\":{\"@type\":\"EntryPoint\",\"urlTemplate\":\"https:\\\/\\\/www.booksonthemove.fr\\\/?s={search_term_string}\"},\"query-input\":{\"@type\":\"PropertyValueSpecification\",\"valueRequired\":true,\"valueName\":\"search_term_string\"}}],\"inLanguage\":\"en-US\"},{\"@type\":\"Organization\",\"@id\":\"https:\\\/\\\/www.booksonthemove.fr\\\/#organization\",\"name\":\"Books on the Move\",\"url\":\"https:\\\/\\\/www.booksonthemove.fr\\\/\",\"logo\":{\"@type\":\"ImageObject\",\"inLanguage\":\"en-US\",\"@id\":\"https:\\\/\\\/www.booksonthemove.fr\\\/#\\\/schema\\\/logo\\\/image\\\/\",\"url\":\"https:\\\/\\\/www.booksonthemove.fr\\\/media\\\/logo-NB-400.jpg\",\"contentUrl\":\"https:\\\/\\\/www.booksonthemove.fr\\\/media\\\/logo-NB-400.jpg\",\"width\":400,\"height\":143,\"caption\":\"Books on the Move\"},\"image\":{\"@id\":\"https:\\\/\\\/www.booksonthemove.fr\\\/#\\\/schema\\\/logo\\\/image\\\/\"},\"sameAs\":[\"https:\\\/\\\/www.facebook.com\\\/Librairiebooksonthemove\\\/\"]}]}<\/script>\n<!-- \/ Yoast SEO plugin. -->","yoast_head_json":{"title":"Francine Lancelot - Danse populaire, danse savante, musique baroque - Des \u00e9critures de la danse - Books on the Move","robots":{"index":"index","follow":"follow","max-snippet":"max-snippet:-1","max-image-preview":"max-image-preview:large","max-video-preview":"max-video-preview:-1"},"canonical":"https:\/\/www.booksonthemove.fr\/produit\/francine-lancelot-danse-populaire-danse-savante-musique-baroque-des-ecritures-de-la-danse\/","og_locale":"en_US","og_type":"article","og_title":"Francine Lancelot - Danse populaire, danse savante, musique baroque - Des \u00e9critures de la danse - Books on the Move","og_description":"AUTEURE :\u00a0Sophie G\u00e9linier EDITEUR :\u00a0L'\u0153il d'or (2024)  BROCH\u00c9 :\u00a0458 pages LANGUE : Fran\u00e7ais ISBN : 9782490437375","og_url":"https:\/\/www.booksonthemove.fr\/produit\/francine-lancelot-danse-populaire-danse-savante-musique-baroque-des-ecritures-de-la-danse\/","og_site_name":"Books on the Move","article_publisher":"https:\/\/www.facebook.com\/Librairiebooksonthemove\/","article_modified_time":"2024-12-12T21:28:49+00:00","og_image":[{"width":411,"height":577,"url":"https:\/\/www.booksonthemove.fr\/media\/bom_2858.jpeg","type":"image\/jpeg"}],"twitter_card":"summary_large_image","schema":{"@context":"https:\/\/schema.org","@graph":[{"@type":"WebPage","@id":"https:\/\/www.booksonthemove.fr\/produit\/francine-lancelot-danse-populaire-danse-savante-musique-baroque-des-ecritures-de-la-danse\/","url":"https:\/\/www.booksonthemove.fr\/produit\/francine-lancelot-danse-populaire-danse-savante-musique-baroque-des-ecritures-de-la-danse\/","name":"Francine Lancelot - Danse populaire, danse savante, musique baroque - Des \u00e9critures de la danse - Books on the Move","isPartOf":{"@id":"https:\/\/www.booksonthemove.fr\/#website"},"primaryImageOfPage":{"@id":"https:\/\/www.booksonthemove.fr\/produit\/francine-lancelot-danse-populaire-danse-savante-musique-baroque-des-ecritures-de-la-danse\/#primaryimage"},"image":{"@id":"https:\/\/www.booksonthemove.fr\/produit\/francine-lancelot-danse-populaire-danse-savante-musique-baroque-des-ecritures-de-la-danse\/#primaryimage"},"thumbnailUrl":"https:\/\/www.booksonthemove.fr\/media\/bom_2858.jpeg","datePublished":"2024-12-09T17:00:29+00:00","dateModified":"2024-12-12T21:28:49+00:00","breadcrumb":{"@id":"https:\/\/www.booksonthemove.fr\/produit\/francine-lancelot-danse-populaire-danse-savante-musique-baroque-des-ecritures-de-la-danse\/#breadcrumb"},"inLanguage":"en-US","potentialAction":[{"@type":"ReadAction","target":["https:\/\/www.booksonthemove.fr\/produit\/francine-lancelot-danse-populaire-danse-savante-musique-baroque-des-ecritures-de-la-danse\/"]}]},{"@type":"ImageObject","inLanguage":"en-US","@id":"https:\/\/www.booksonthemove.fr\/produit\/francine-lancelot-danse-populaire-danse-savante-musique-baroque-des-ecritures-de-la-danse\/#primaryimage","url":"https:\/\/www.booksonthemove.fr\/media\/bom_2858.jpeg","contentUrl":"https:\/\/www.booksonthemove.fr\/media\/bom_2858.jpeg","width":411,"height":577},{"@type":"BreadcrumbList","@id":"https:\/\/www.booksonthemove.fr\/produit\/francine-lancelot-danse-populaire-danse-savante-musique-baroque-des-ecritures-de-la-danse\/#breadcrumb","itemListElement":[{"@type":"ListItem","position":1,"name":"Accueil","item":"https:\/\/www.booksonthemove.fr\/en\/"},{"@type":"ListItem","position":2,"name":"online store","item":"https:\/\/www.booksonthemove.fr\/en\/online-shop\/"},{"@type":"ListItem","position":3,"name":"Francine Lancelot &#8211; Danse populaire, danse savante, musique baroque &#8211; Des \u00e9critures de la danse"}]},{"@type":"WebSite","@id":"https:\/\/www.booksonthemove.fr\/#website","url":"https:\/\/www.booksonthemove.fr\/","name":"Books on the Move","description":"librairie nomade - danse - mouvement - performance","publisher":{"@id":"https:\/\/www.booksonthemove.fr\/#organization"},"potentialAction":[{"@type":"SearchAction","target":{"@type":"EntryPoint","urlTemplate":"https:\/\/www.booksonthemove.fr\/?s={search_term_string}"},"query-input":{"@type":"PropertyValueSpecification","valueRequired":true,"valueName":"search_term_string"}}],"inLanguage":"en-US"},{"@type":"Organization","@id":"https:\/\/www.booksonthemove.fr\/#organization","name":"Books on the Move","url":"https:\/\/www.booksonthemove.fr\/","logo":{"@type":"ImageObject","inLanguage":"en-US","@id":"https:\/\/www.booksonthemove.fr\/#\/schema\/logo\/image\/","url":"https:\/\/www.booksonthemove.fr\/media\/logo-NB-400.jpg","contentUrl":"https:\/\/www.booksonthemove.fr\/media\/logo-NB-400.jpg","width":400,"height":143,"caption":"Books on the Move"},"image":{"@id":"https:\/\/www.booksonthemove.fr\/#\/schema\/logo\/image\/"},"sameAs":["https:\/\/www.facebook.com\/Librairiebooksonthemove\/"]}]}},"_links":{"self":[{"href":"https:\/\/www.booksonthemove.fr\/en\/wp-json\/wp\/v2\/product\/44357","targetHints":{"allow":["GET"]}}],"collection":[{"href":"https:\/\/www.booksonthemove.fr\/en\/wp-json\/wp\/v2\/product"}],"about":[{"href":"https:\/\/www.booksonthemove.fr\/en\/wp-json\/wp\/v2\/types\/product"}],"wp:featuredmedia":[{"embeddable":true,"href":"https:\/\/www.booksonthemove.fr\/en\/wp-json\/wp\/v2\/media\/44356"}],"wp:attachment":[{"href":"https:\/\/www.booksonthemove.fr\/en\/wp-json\/wp\/v2\/media?parent=44357"}],"wp:term":[{"taxonomy":"product_brand","embeddable":true,"href":"https:\/\/www.booksonthemove.fr\/en\/wp-json\/wp\/v2\/product_brand?post=44357"},{"taxonomy":"product_cat","embeddable":true,"href":"https:\/\/www.booksonthemove.fr\/en\/wp-json\/wp\/v2\/product_cat?post=44357"},{"taxonomy":"product_tag","embeddable":true,"href":"https:\/\/www.booksonthemove.fr\/en\/wp-json\/wp\/v2\/product_tag?post=44357"}],"curies":[{"name":"wp","href":"https:\/\/api.w.org\/{rel}","templated":true}]}}