{"id":44361,"date":"2024-12-08T18:00:14","date_gmt":"2024-12-08T17:00:14","guid":{"rendered":"https:\/\/www.booksonthemove.fr\/produit\/sur-la-piste-animale\/"},"modified":"2026-04-15T23:16:04","modified_gmt":"2026-04-15T21:16:04","slug":"sur-la-piste-animale","status":"publish","type":"product","link":"https:\/\/www.booksonthemove.fr\/en\/produit\/sur-la-piste-animale\/","title":{"rendered":"Sur la piste animale"},"content":{"rendered":"<p>Nul n\u2019existe sans laisser de traces. Pister est, alors, une mani\u00e8re tr\u00e8s s\u00fbre pour apprendre \u00e0 conna\u00eetre quelqu\u2019un : de l\u2019ours du Yellowstone aux loups du Var, de la panth\u00e8re des neiges du Kirghizistan aux lombrics de nos composts d\u2019appartement. \u00c0 travers les r\u00e9cits de ses exp\u00e9riences de pistage, Baptiste Morizot nous invite \u00e0 voir par les yeux des grands pr\u00e9dateurs qu\u2019il rencontre. Pister, c\u2019est d\u00e9crypter indices et empreintes \u00e0 la mani\u00e8re d\u2019un d\u00e9tective sauvage pour demander : qui habite ici ? Comment vivent- ils ? Et surtout, comment faire monde commun avec eux ? \u00c0 partir du terrain, le pistage devient philosophique : il se transforme en une pratique de la sensibilit\u00e9, en la recherche d\u2019une autre qualit\u00e9 d\u2019attention. C\u2019est une exp\u00e9dition vers des contr\u00e9es inexplor\u00e9es : nos relations au vivant et \u00e0 nos animalit\u00e9s int\u00e9rieures.<\/p>\n","protected":false},"excerpt":{"rendered":"<p class=\"bodytext\"><strong>AUTEUR :<\/strong>\u00a0Baptiste Morizot<br \/>\n<strong>\u00c9DITEUR :<\/strong> Actes Sud (2021)<\/p>\n<p><strong>BROCH\u00c9 :<\/strong>\u00a0208 pages<br \/>\n<strong>LANGUE :<\/strong> Fran\u00e7ais<br \/>\n<strong>ISBN :<\/strong> 978-2-330-15248-2<\/p>\n","protected":false},"featured_media":45586,"template":"","meta":[],"product_brand":[],"product_cat":[224,266,209,162,292],"product_tag":[],"class_list":{"0":"post-44361","1":"product","2":"type-product","3":"status-publish","4":"has-post-thumbnail","6":"product_cat-animal-related-en","7":"product_cat-canada-en","8":"product_cat-environment-en","9":"product_cat-french-en","10":"product_cat-nature-en","12":"first","13":"instock","14":"taxable","15":"shipping-taxable","16":"purchasable","17":"product-type-simple"},"yoast_head":"<!-- This site is optimized with the Yoast SEO plugin v27.4 - https:\/\/yoast.com\/product\/yoast-seo-wordpress\/ -->\n<title>Sur la piste animale - Books on the Move<\/title>\n<meta name=\"robots\" content=\"index, follow, max-snippet:-1, max-image-preview:large, max-video-preview:-1\" \/>\n<link rel=\"canonical\" href=\"https:\/\/www.booksonthemove.fr\/en\/produit\/sur-la-piste-animale\/\" \/>\n<meta property=\"og:locale\" content=\"en_US\" \/>\n<meta property=\"og:type\" content=\"article\" \/>\n<meta property=\"og:title\" content=\"Sur la piste animale - Books on the Move\" \/>\n<meta property=\"og:description\" content=\"AUTEUR :\u00a0Baptiste Morizot \u00c9DITEUR : Actes Sud (2021) BROCH\u00c9 :\u00a0208 pages LANGUE : Fran\u00e7ais ISBN : 978-2-330-15248-2\" \/>\n<meta property=\"og:url\" content=\"https:\/\/www.booksonthemove.fr\/en\/produit\/sur-la-piste-animale\/\" \/>\n<meta property=\"og:site_name\" content=\"Books on the Move\" \/>\n<meta property=\"article:publisher\" content=\"https:\/\/www.facebook.com\/Librairiebooksonthemove\/\" \/>\n<meta property=\"article:modified_time\" content=\"2026-04-15T21:16:04+00:00\" \/>\n<meta property=\"og:image\" content=\"https:\/\/www.booksonthemove.fr\/media\/bom_2827.jpg\" \/>\n\t<meta property=\"og:image:width\" content=\"468\" \/>\n\t<meta property=\"og:image:height\" content=\"749\" \/>\n\t<meta property=\"og:image:type\" content=\"image\/jpeg\" \/>\n<meta name=\"twitter:card\" content=\"summary_large_image\" \/>\n<script type=\"application\/ld+json\" class=\"yoast-schema-graph\">{\"@context\":\"https:\\\/\\\/schema.org\",\"@graph\":[{\"@type\":\"WebPage\",\"@id\":\"https:\\\/\\\/www.booksonthemove.fr\\\/en\\\/produit\\\/sur-la-piste-animale\\\/\",\"url\":\"https:\\\/\\\/www.booksonthemove.fr\\\/en\\\/produit\\\/sur-la-piste-animale\\\/\",\"name\":\"Sur la piste animale - Books on the Move\",\"isPartOf\":{\"@id\":\"https:\\\/\\\/www.booksonthemove.fr\\\/#website\"},\"primaryImageOfPage\":{\"@id\":\"https:\\\/\\\/www.booksonthemove.fr\\\/en\\\/produit\\\/sur-la-piste-animale\\\/#primaryimage\"},\"image\":{\"@id\":\"https:\\\/\\\/www.booksonthemove.fr\\\/en\\\/produit\\\/sur-la-piste-animale\\\/#primaryimage\"},\"thumbnailUrl\":\"https:\\\/\\\/www.booksonthemove.fr\\\/media\\\/bom_2827.jpg\",\"datePublished\":\"2024-12-08T17:00:14+00:00\",\"dateModified\":\"2026-04-15T21:16:04+00:00\",\"breadcrumb\":{\"@id\":\"https:\\\/\\\/www.booksonthemove.fr\\\/en\\\/produit\\\/sur-la-piste-animale\\\/#breadcrumb\"},\"inLanguage\":\"en-US\",\"potentialAction\":[{\"@type\":\"ReadAction\",\"target\":[\"https:\\\/\\\/www.booksonthemove.fr\\\/en\\\/produit\\\/sur-la-piste-animale\\\/\"]}]},{\"@type\":\"ImageObject\",\"inLanguage\":\"en-US\",\"@id\":\"https:\\\/\\\/www.booksonthemove.fr\\\/en\\\/produit\\\/sur-la-piste-animale\\\/#primaryimage\",\"url\":\"https:\\\/\\\/www.booksonthemove.fr\\\/media\\\/bom_2827.jpg\",\"contentUrl\":\"https:\\\/\\\/www.booksonthemove.fr\\\/media\\\/bom_2827.jpg\",\"width\":468,\"height\":749},{\"@type\":\"BreadcrumbList\",\"@id\":\"https:\\\/\\\/www.booksonthemove.fr\\\/en\\\/produit\\\/sur-la-piste-animale\\\/#breadcrumb\",\"itemListElement\":[{\"@type\":\"ListItem\",\"position\":1,\"name\":\"Accueil\",\"item\":\"https:\\\/\\\/www.booksonthemove.fr\\\/en\\\/\"},{\"@type\":\"ListItem\",\"position\":2,\"name\":\"online store\",\"item\":\"https:\\\/\\\/www.booksonthemove.fr\\\/en\\\/online-shop\\\/\"},{\"@type\":\"ListItem\",\"position\":3,\"name\":\"Sur la piste animale\"}]},{\"@type\":\"WebSite\",\"@id\":\"https:\\\/\\\/www.booksonthemove.fr\\\/#website\",\"url\":\"https:\\\/\\\/www.booksonthemove.fr\\\/\",\"name\":\"Books on the Move\",\"description\":\"librairie nomade - danse - mouvement - performance\",\"publisher\":{\"@id\":\"https:\\\/\\\/www.booksonthemove.fr\\\/#organization\"},\"potentialAction\":[{\"@type\":\"SearchAction\",\"target\":{\"@type\":\"EntryPoint\",\"urlTemplate\":\"https:\\\/\\\/www.booksonthemove.fr\\\/?s={search_term_string}\"},\"query-input\":{\"@type\":\"PropertyValueSpecification\",\"valueRequired\":true,\"valueName\":\"search_term_string\"}}],\"inLanguage\":\"en-US\"},{\"@type\":\"Organization\",\"@id\":\"https:\\\/\\\/www.booksonthemove.fr\\\/#organization\",\"name\":\"Books on the Move\",\"url\":\"https:\\\/\\\/www.booksonthemove.fr\\\/\",\"logo\":{\"@type\":\"ImageObject\",\"inLanguage\":\"en-US\",\"@id\":\"https:\\\/\\\/www.booksonthemove.fr\\\/#\\\/schema\\\/logo\\\/image\\\/\",\"url\":\"https:\\\/\\\/www.booksonthemove.fr\\\/media\\\/logo-NB-400.jpg\",\"contentUrl\":\"https:\\\/\\\/www.booksonthemove.fr\\\/media\\\/logo-NB-400.jpg\",\"width\":400,\"height\":143,\"caption\":\"Books on the Move\"},\"image\":{\"@id\":\"https:\\\/\\\/www.booksonthemove.fr\\\/#\\\/schema\\\/logo\\\/image\\\/\"},\"sameAs\":[\"https:\\\/\\\/www.facebook.com\\\/Librairiebooksonthemove\\\/\"]}]}<\/script>\n<!-- \/ Yoast SEO plugin. -->","yoast_head_json":{"title":"Sur la piste animale - Books on the Move","robots":{"index":"index","follow":"follow","max-snippet":"max-snippet:-1","max-image-preview":"max-image-preview:large","max-video-preview":"max-video-preview:-1"},"canonical":"https:\/\/www.booksonthemove.fr\/en\/produit\/sur-la-piste-animale\/","og_locale":"en_US","og_type":"article","og_title":"Sur la piste animale - Books on the Move","og_description":"AUTEUR :\u00a0Baptiste Morizot \u00c9DITEUR : Actes Sud (2021) BROCH\u00c9 :\u00a0208 pages LANGUE : Fran\u00e7ais ISBN : 978-2-330-15248-2","og_url":"https:\/\/www.booksonthemove.fr\/en\/produit\/sur-la-piste-animale\/","og_site_name":"Books on the Move","article_publisher":"https:\/\/www.facebook.com\/Librairiebooksonthemove\/","article_modified_time":"2026-04-15T21:16:04+00:00","og_image":[{"width":468,"height":749,"url":"https:\/\/www.booksonthemove.fr\/media\/bom_2827.jpg","type":"image\/jpeg"}],"twitter_card":"summary_large_image","schema":{"@context":"https:\/\/schema.org","@graph":[{"@type":"WebPage","@id":"https:\/\/www.booksonthemove.fr\/en\/produit\/sur-la-piste-animale\/","url":"https:\/\/www.booksonthemove.fr\/en\/produit\/sur-la-piste-animale\/","name":"Sur la piste animale - Books on the Move","isPartOf":{"@id":"https:\/\/www.booksonthemove.fr\/#website"},"primaryImageOfPage":{"@id":"https:\/\/www.booksonthemove.fr\/en\/produit\/sur-la-piste-animale\/#primaryimage"},"image":{"@id":"https:\/\/www.booksonthemove.fr\/en\/produit\/sur-la-piste-animale\/#primaryimage"},"thumbnailUrl":"https:\/\/www.booksonthemove.fr\/media\/bom_2827.jpg","datePublished":"2024-12-08T17:00:14+00:00","dateModified":"2026-04-15T21:16:04+00:00","breadcrumb":{"@id":"https:\/\/www.booksonthemove.fr\/en\/produit\/sur-la-piste-animale\/#breadcrumb"},"inLanguage":"en-US","potentialAction":[{"@type":"ReadAction","target":["https:\/\/www.booksonthemove.fr\/en\/produit\/sur-la-piste-animale\/"]}]},{"@type":"ImageObject","inLanguage":"en-US","@id":"https:\/\/www.booksonthemove.fr\/en\/produit\/sur-la-piste-animale\/#primaryimage","url":"https:\/\/www.booksonthemove.fr\/media\/bom_2827.jpg","contentUrl":"https:\/\/www.booksonthemove.fr\/media\/bom_2827.jpg","width":468,"height":749},{"@type":"BreadcrumbList","@id":"https:\/\/www.booksonthemove.fr\/en\/produit\/sur-la-piste-animale\/#breadcrumb","itemListElement":[{"@type":"ListItem","position":1,"name":"Accueil","item":"https:\/\/www.booksonthemove.fr\/en\/"},{"@type":"ListItem","position":2,"name":"online store","item":"https:\/\/www.booksonthemove.fr\/en\/online-shop\/"},{"@type":"ListItem","position":3,"name":"Sur la piste animale"}]},{"@type":"WebSite","@id":"https:\/\/www.booksonthemove.fr\/#website","url":"https:\/\/www.booksonthemove.fr\/","name":"Books on the Move","description":"librairie nomade - danse - mouvement - performance","publisher":{"@id":"https:\/\/www.booksonthemove.fr\/#organization"},"potentialAction":[{"@type":"SearchAction","target":{"@type":"EntryPoint","urlTemplate":"https:\/\/www.booksonthemove.fr\/?s={search_term_string}"},"query-input":{"@type":"PropertyValueSpecification","valueRequired":true,"valueName":"search_term_string"}}],"inLanguage":"en-US"},{"@type":"Organization","@id":"https:\/\/www.booksonthemove.fr\/#organization","name":"Books on the Move","url":"https:\/\/www.booksonthemove.fr\/","logo":{"@type":"ImageObject","inLanguage":"en-US","@id":"https:\/\/www.booksonthemove.fr\/#\/schema\/logo\/image\/","url":"https:\/\/www.booksonthemove.fr\/media\/logo-NB-400.jpg","contentUrl":"https:\/\/www.booksonthemove.fr\/media\/logo-NB-400.jpg","width":400,"height":143,"caption":"Books on the Move"},"image":{"@id":"https:\/\/www.booksonthemove.fr\/#\/schema\/logo\/image\/"},"sameAs":["https:\/\/www.facebook.com\/Librairiebooksonthemove\/"]}]}},"_links":{"self":[{"href":"https:\/\/www.booksonthemove.fr\/en\/wp-json\/wp\/v2\/product\/44361","targetHints":{"allow":["GET"]}}],"collection":[{"href":"https:\/\/www.booksonthemove.fr\/en\/wp-json\/wp\/v2\/product"}],"about":[{"href":"https:\/\/www.booksonthemove.fr\/en\/wp-json\/wp\/v2\/types\/product"}],"wp:featuredmedia":[{"embeddable":true,"href":"https:\/\/www.booksonthemove.fr\/en\/wp-json\/wp\/v2\/media\/45586"}],"wp:attachment":[{"href":"https:\/\/www.booksonthemove.fr\/en\/wp-json\/wp\/v2\/media?parent=44361"}],"wp:term":[{"taxonomy":"product_brand","embeddable":true,"href":"https:\/\/www.booksonthemove.fr\/en\/wp-json\/wp\/v2\/product_brand?post=44361"},{"taxonomy":"product_cat","embeddable":true,"href":"https:\/\/www.booksonthemove.fr\/en\/wp-json\/wp\/v2\/product_cat?post=44361"},{"taxonomy":"product_tag","embeddable":true,"href":"https:\/\/www.booksonthemove.fr\/en\/wp-json\/wp\/v2\/product_tag?post=44361"}],"curies":[{"name":"wp","href":"https:\/\/api.w.org\/{rel}","templated":true}]}}