{"id":44495,"date":"2025-01-08T11:34:11","date_gmt":"2025-01-08T10:34:11","guid":{"rendered":"https:\/\/www.booksonthemove.fr\/produit\/defaire-la-police\/"},"modified":"2026-04-09T12:48:57","modified_gmt":"2026-04-09T10:48:57","slug":"defaire-la-police","status":"publish","type":"product","link":"https:\/\/www.booksonthemove.fr\/en\/produit\/defaire-la-police\/","title":{"rendered":"D\u00e9faire la police"},"content":{"rendered":"<div class=\"textFon\">\n<p>\u00ab Faut-il en finir avec la police ? \u00bb La question se pose avec une nouvelle intensit\u00e9 depuis le mouvement mondial d\u00e9clench\u00e9 par la mort de George Floyd aux \u00c9tats-Unis.<br \/>\nAlors que les violences polici\u00e8res sont de plus en plus visibles, l\u2019image du gardien de la paix et l\u2019id\u00e9e que la police serait un service public tendent \u00e0 s\u2019effriter. Il est maintenant entendu que l\u2019institution polici\u00e8re est la garante d\u2019un certain ordre, d\u2019un certain r\u00e9gime de domination. Dans le contexte de d\u00e9fiance et de surench\u00e8re qui est le n\u00f4tre, il para\u00eet moins pertinent de r\u00e9fl\u00e9chir \u00e0 une \u00e9ni\u00e8me r\u00e9forme que de se demander comment r\u00e9soudre nos conflits sans elle, comment la neutraliser, la priver de sa l\u00e9gitimit\u00e9 et de ses moyens.<br \/>\n<em>D\u00e9faire la police<\/em> examine ces questions \u00e9pineuses \u00e0 partir des exp\u00e9riences, des probl\u00e8mes et des d\u00e9bats qu\u2019elles ont suscit\u00e9s avec des contributions d&#8217;Elsa Dorlin, J\u00e9r\u00f4me Baschet, Serge Quadruppani, le Collectif Matsuda, Irene et Guy Lerouge.<\/p>\n<\/div>\n","protected":false},"excerpt":{"rendered":"<p><b>AUTEUR\u00b7ES : <\/b>J\u00e9r\u00f4me Baschet, Elsa Dorlin, Irene et Guy Lerouge, collectif Matsuda et Serge Quadruppani<br \/>\n<b>EDITEUR : <\/b>\u00c9ditions Divergences (2021)<\/p>\n<p><strong>BROCH\u00c9 :<\/strong>\u00a0136 pages<br \/>\n<b>LANGUE : <\/b>Fran\u00e7ais<br \/>\n<strong>ISBN13 :<\/strong> 9791097088391<\/p>\n","protected":false},"featured_media":44494,"template":"","meta":[],"product_brand":[],"product_cat":[162,330,148,222],"product_tag":[],"class_list":{"0":"post-44495","1":"product","2":"type-product","3":"status-publish","4":"has-post-thumbnail","6":"product_cat-french-en","7":"product_cat-non-classe","8":"product_cat-politics-en","9":"product_cat-social-studies-en","11":"first","12":"instock","13":"taxable","14":"shipping-taxable","15":"purchasable","16":"product-type-simple"},"yoast_head":"<!-- This site is optimized with the Yoast SEO plugin v27.4 - https:\/\/yoast.com\/product\/yoast-seo-wordpress\/ -->\n<title>D\u00e9faire la police - Books on the Move<\/title>\n<meta name=\"robots\" content=\"index, follow, max-snippet:-1, max-image-preview:large, max-video-preview:-1\" \/>\n<link rel=\"canonical\" href=\"https:\/\/www.booksonthemove.fr\/en\/produit\/defaire-la-police\/\" \/>\n<meta property=\"og:locale\" content=\"en_US\" \/>\n<meta property=\"og:type\" content=\"article\" \/>\n<meta property=\"og:title\" content=\"D\u00e9faire la police - Books on the Move\" \/>\n<meta property=\"og:description\" content=\"AUTEUR\u00b7ES : J\u00e9r\u00f4me Baschet, Elsa Dorlin, Irene et Guy Lerouge, collectif Matsuda et Serge Quadruppani EDITEUR : \u00c9ditions Divergences (2021)  BROCH\u00c9 :\u00a0136 pages LANGUE : Fran\u00e7ais ISBN13 : 9791097088391\" \/>\n<meta property=\"og:url\" content=\"https:\/\/www.booksonthemove.fr\/en\/produit\/defaire-la-police\/\" \/>\n<meta property=\"og:site_name\" content=\"Books on the Move\" \/>\n<meta property=\"article:publisher\" content=\"https:\/\/www.facebook.com\/Librairiebooksonthemove\/\" \/>\n<meta property=\"article:modified_time\" content=\"2026-04-09T10:48:57+00:00\" \/>\n<meta property=\"og:image\" content=\"https:\/\/www.booksonthemove.fr\/media\/bom_2879.jpg\" \/>\n\t<meta property=\"og:image:width\" content=\"540\" \/>\n\t<meta property=\"og:image:height\" content=\"900\" \/>\n\t<meta property=\"og:image:type\" content=\"image\/jpeg\" \/>\n<meta name=\"twitter:card\" content=\"summary_large_image\" \/>\n<script type=\"application\/ld+json\" class=\"yoast-schema-graph\">{\"@context\":\"https:\\\/\\\/schema.org\",\"@graph\":[{\"@type\":\"WebPage\",\"@id\":\"https:\\\/\\\/www.booksonthemove.fr\\\/en\\\/produit\\\/defaire-la-police\\\/\",\"url\":\"https:\\\/\\\/www.booksonthemove.fr\\\/en\\\/produit\\\/defaire-la-police\\\/\",\"name\":\"D\u00e9faire la police - Books on the Move\",\"isPartOf\":{\"@id\":\"https:\\\/\\\/www.booksonthemove.fr\\\/#website\"},\"primaryImageOfPage\":{\"@id\":\"https:\\\/\\\/www.booksonthemove.fr\\\/en\\\/produit\\\/defaire-la-police\\\/#primaryimage\"},\"image\":{\"@id\":\"https:\\\/\\\/www.booksonthemove.fr\\\/en\\\/produit\\\/defaire-la-police\\\/#primaryimage\"},\"thumbnailUrl\":\"https:\\\/\\\/www.booksonthemove.fr\\\/media\\\/bom_2879.jpg\",\"datePublished\":\"2025-01-08T10:34:11+00:00\",\"dateModified\":\"2026-04-09T10:48:57+00:00\",\"breadcrumb\":{\"@id\":\"https:\\\/\\\/www.booksonthemove.fr\\\/en\\\/produit\\\/defaire-la-police\\\/#breadcrumb\"},\"inLanguage\":\"en-US\",\"potentialAction\":[{\"@type\":\"ReadAction\",\"target\":[\"https:\\\/\\\/www.booksonthemove.fr\\\/en\\\/produit\\\/defaire-la-police\\\/\"]}]},{\"@type\":\"ImageObject\",\"inLanguage\":\"en-US\",\"@id\":\"https:\\\/\\\/www.booksonthemove.fr\\\/en\\\/produit\\\/defaire-la-police\\\/#primaryimage\",\"url\":\"https:\\\/\\\/www.booksonthemove.fr\\\/media\\\/bom_2879.jpg\",\"contentUrl\":\"https:\\\/\\\/www.booksonthemove.fr\\\/media\\\/bom_2879.jpg\",\"width\":540,\"height\":900},{\"@type\":\"BreadcrumbList\",\"@id\":\"https:\\\/\\\/www.booksonthemove.fr\\\/en\\\/produit\\\/defaire-la-police\\\/#breadcrumb\",\"itemListElement\":[{\"@type\":\"ListItem\",\"position\":1,\"name\":\"Accueil\",\"item\":\"https:\\\/\\\/www.booksonthemove.fr\\\/en\\\/\"},{\"@type\":\"ListItem\",\"position\":2,\"name\":\"online store\",\"item\":\"https:\\\/\\\/www.booksonthemove.fr\\\/en\\\/online-shop\\\/\"},{\"@type\":\"ListItem\",\"position\":3,\"name\":\"D\u00e9faire la police\"}]},{\"@type\":\"WebSite\",\"@id\":\"https:\\\/\\\/www.booksonthemove.fr\\\/#website\",\"url\":\"https:\\\/\\\/www.booksonthemove.fr\\\/\",\"name\":\"Books on the Move\",\"description\":\"librairie nomade - danse - mouvement - performance\",\"publisher\":{\"@id\":\"https:\\\/\\\/www.booksonthemove.fr\\\/#organization\"},\"potentialAction\":[{\"@type\":\"SearchAction\",\"target\":{\"@type\":\"EntryPoint\",\"urlTemplate\":\"https:\\\/\\\/www.booksonthemove.fr\\\/?s={search_term_string}\"},\"query-input\":{\"@type\":\"PropertyValueSpecification\",\"valueRequired\":true,\"valueName\":\"search_term_string\"}}],\"inLanguage\":\"en-US\"},{\"@type\":\"Organization\",\"@id\":\"https:\\\/\\\/www.booksonthemove.fr\\\/#organization\",\"name\":\"Books on the Move\",\"url\":\"https:\\\/\\\/www.booksonthemove.fr\\\/\",\"logo\":{\"@type\":\"ImageObject\",\"inLanguage\":\"en-US\",\"@id\":\"https:\\\/\\\/www.booksonthemove.fr\\\/#\\\/schema\\\/logo\\\/image\\\/\",\"url\":\"https:\\\/\\\/www.booksonthemove.fr\\\/media\\\/logo-NB-400.jpg\",\"contentUrl\":\"https:\\\/\\\/www.booksonthemove.fr\\\/media\\\/logo-NB-400.jpg\",\"width\":400,\"height\":143,\"caption\":\"Books on the Move\"},\"image\":{\"@id\":\"https:\\\/\\\/www.booksonthemove.fr\\\/#\\\/schema\\\/logo\\\/image\\\/\"},\"sameAs\":[\"https:\\\/\\\/www.facebook.com\\\/Librairiebooksonthemove\\\/\"]}]}<\/script>\n<!-- \/ Yoast SEO plugin. -->","yoast_head_json":{"title":"D\u00e9faire la police - Books on the Move","robots":{"index":"index","follow":"follow","max-snippet":"max-snippet:-1","max-image-preview":"max-image-preview:large","max-video-preview":"max-video-preview:-1"},"canonical":"https:\/\/www.booksonthemove.fr\/en\/produit\/defaire-la-police\/","og_locale":"en_US","og_type":"article","og_title":"D\u00e9faire la police - Books on the Move","og_description":"AUTEUR\u00b7ES : J\u00e9r\u00f4me Baschet, Elsa Dorlin, Irene et Guy Lerouge, collectif Matsuda et Serge Quadruppani EDITEUR : \u00c9ditions Divergences (2021)  BROCH\u00c9 :\u00a0136 pages LANGUE : Fran\u00e7ais ISBN13 : 9791097088391","og_url":"https:\/\/www.booksonthemove.fr\/en\/produit\/defaire-la-police\/","og_site_name":"Books on the Move","article_publisher":"https:\/\/www.facebook.com\/Librairiebooksonthemove\/","article_modified_time":"2026-04-09T10:48:57+00:00","og_image":[{"width":540,"height":900,"url":"https:\/\/www.booksonthemove.fr\/media\/bom_2879.jpg","type":"image\/jpeg"}],"twitter_card":"summary_large_image","schema":{"@context":"https:\/\/schema.org","@graph":[{"@type":"WebPage","@id":"https:\/\/www.booksonthemove.fr\/en\/produit\/defaire-la-police\/","url":"https:\/\/www.booksonthemove.fr\/en\/produit\/defaire-la-police\/","name":"D\u00e9faire la police - Books on the Move","isPartOf":{"@id":"https:\/\/www.booksonthemove.fr\/#website"},"primaryImageOfPage":{"@id":"https:\/\/www.booksonthemove.fr\/en\/produit\/defaire-la-police\/#primaryimage"},"image":{"@id":"https:\/\/www.booksonthemove.fr\/en\/produit\/defaire-la-police\/#primaryimage"},"thumbnailUrl":"https:\/\/www.booksonthemove.fr\/media\/bom_2879.jpg","datePublished":"2025-01-08T10:34:11+00:00","dateModified":"2026-04-09T10:48:57+00:00","breadcrumb":{"@id":"https:\/\/www.booksonthemove.fr\/en\/produit\/defaire-la-police\/#breadcrumb"},"inLanguage":"en-US","potentialAction":[{"@type":"ReadAction","target":["https:\/\/www.booksonthemove.fr\/en\/produit\/defaire-la-police\/"]}]},{"@type":"ImageObject","inLanguage":"en-US","@id":"https:\/\/www.booksonthemove.fr\/en\/produit\/defaire-la-police\/#primaryimage","url":"https:\/\/www.booksonthemove.fr\/media\/bom_2879.jpg","contentUrl":"https:\/\/www.booksonthemove.fr\/media\/bom_2879.jpg","width":540,"height":900},{"@type":"BreadcrumbList","@id":"https:\/\/www.booksonthemove.fr\/en\/produit\/defaire-la-police\/#breadcrumb","itemListElement":[{"@type":"ListItem","position":1,"name":"Accueil","item":"https:\/\/www.booksonthemove.fr\/en\/"},{"@type":"ListItem","position":2,"name":"online store","item":"https:\/\/www.booksonthemove.fr\/en\/online-shop\/"},{"@type":"ListItem","position":3,"name":"D\u00e9faire la police"}]},{"@type":"WebSite","@id":"https:\/\/www.booksonthemove.fr\/#website","url":"https:\/\/www.booksonthemove.fr\/","name":"Books on the Move","description":"librairie nomade - danse - mouvement - performance","publisher":{"@id":"https:\/\/www.booksonthemove.fr\/#organization"},"potentialAction":[{"@type":"SearchAction","target":{"@type":"EntryPoint","urlTemplate":"https:\/\/www.booksonthemove.fr\/?s={search_term_string}"},"query-input":{"@type":"PropertyValueSpecification","valueRequired":true,"valueName":"search_term_string"}}],"inLanguage":"en-US"},{"@type":"Organization","@id":"https:\/\/www.booksonthemove.fr\/#organization","name":"Books on the Move","url":"https:\/\/www.booksonthemove.fr\/","logo":{"@type":"ImageObject","inLanguage":"en-US","@id":"https:\/\/www.booksonthemove.fr\/#\/schema\/logo\/image\/","url":"https:\/\/www.booksonthemove.fr\/media\/logo-NB-400.jpg","contentUrl":"https:\/\/www.booksonthemove.fr\/media\/logo-NB-400.jpg","width":400,"height":143,"caption":"Books on the Move"},"image":{"@id":"https:\/\/www.booksonthemove.fr\/#\/schema\/logo\/image\/"},"sameAs":["https:\/\/www.facebook.com\/Librairiebooksonthemove\/"]}]}},"_links":{"self":[{"href":"https:\/\/www.booksonthemove.fr\/en\/wp-json\/wp\/v2\/product\/44495","targetHints":{"allow":["GET"]}}],"collection":[{"href":"https:\/\/www.booksonthemove.fr\/en\/wp-json\/wp\/v2\/product"}],"about":[{"href":"https:\/\/www.booksonthemove.fr\/en\/wp-json\/wp\/v2\/types\/product"}],"wp:featuredmedia":[{"embeddable":true,"href":"https:\/\/www.booksonthemove.fr\/en\/wp-json\/wp\/v2\/media\/44494"}],"wp:attachment":[{"href":"https:\/\/www.booksonthemove.fr\/en\/wp-json\/wp\/v2\/media?parent=44495"}],"wp:term":[{"taxonomy":"product_brand","embeddable":true,"href":"https:\/\/www.booksonthemove.fr\/en\/wp-json\/wp\/v2\/product_brand?post=44495"},{"taxonomy":"product_cat","embeddable":true,"href":"https:\/\/www.booksonthemove.fr\/en\/wp-json\/wp\/v2\/product_cat?post=44495"},{"taxonomy":"product_tag","embeddable":true,"href":"https:\/\/www.booksonthemove.fr\/en\/wp-json\/wp\/v2\/product_tag?post=44495"}],"curies":[{"name":"wp","href":"https:\/\/api.w.org\/{rel}","templated":true}]}}