{"id":44508,"date":"2025-01-08T13:00:36","date_gmt":"2025-01-08T12:00:36","guid":{"rendered":"https:\/\/www.booksonthemove.fr\/produit\/en-quete-dimages-ecritures-sensibles-en-recherche-creation\/"},"modified":"2025-02-24T12:33:25","modified_gmt":"2025-02-24T11:33:25","slug":"en-quete-dimages-ecritures-sensibles-en-recherche-creation","status":"publish","type":"product","link":"https:\/\/www.booksonthemove.fr\/en\/produit\/en-quete-dimages-ecritures-sensibles-en-recherche-creation\/","title":{"rendered":"En qu\u00eate d&#8217;images &#8211; \u00c9critures sensibles en recherche-cr\u00e9ation"},"content":{"rendered":"<p>Comment agencer des perspectives sociales et des formes sensibles\u00a0? \u00c0 quelles conditions l&#8217;hybridation des pratiques artistiques et scientifiques est-elle fructueuse\u00a0? Comment collectiviser des pratiques de recherche-cr\u00e9ation\u00a0? Comment permettent-elles d&#8217;explorer \/ documenter \/ restituer des mondes en reconfiguration\u00a0? Comment activer des rencontres, bifurcations, exp\u00e9riences in\u00e9dites par la recherche-cr\u00e9ation\u00a0?<br \/>\nDans une vis\u00e9e de r\u00e9flexion \u00e9pist\u00e9mologique sur les formes sensibles d&#8217;\u00e9criture de la recherche \u00e0 la crois\u00e9e de l&#8217;art, du design, de l&#8217;anthropologie et de l&#8217;ergonomie, cet ouvrage documente des projets singuliers d&#8217;enqu\u00eate-cr\u00e9ation et d\u00e9voile leurs coulisses. Par l&#8217;observation et la description des actions, des protocoles, des formes et des dispositifs, il propose de faire \u00e9merger des fondements \u00e9pist\u00e9mologiques pour penser et produire des projets de recherche-cr\u00e9ation. Pour ce faire, il dessine aussi les contours d&#8217;une sc\u00e8ne exp\u00e9rimentale faisant de la recherche par l&#8217;image une voie heuristique pour la production d&#8217;un savoir sensible.<br \/>\nL&#8217;ouvrage se cl\u00f4t de mani\u00e8re ouverte par un ab\u00e9c\u00e9daire dont les termes invitent \u00e0 effectuer des gestes, engager des protocoles et croiser des m\u00e9thodes.<br \/>\nPens\u00e9 comme un manuel exp\u00e9rimental, le livre active l&#8217;exploration de diverses mani\u00e8res de faire la recherche-cr\u00e9ation.<\/p>\n<p>Contributions de Anne Bationo-Tillon, Ana\u00efs Bloch, Sarah Bouyain, Francesca Cozzolino, Caroline Doutre, FIBRA Collectivo (Lucia Monge, Gabriela Flores del Pozo, Gianine Tabja), Studio Folder (Marco Ferrari, Elisa Pasqual, Alessandro Busi, Aaron Gillett, Claudia Mainardi), Barbara Glowczewski, Emmanuel Grimaud, Sophie Houdart, Sophie Krier, Coralie Maurin, Sandra Nogry, Nicolas Nova, C\u00e9dric Parizot, M\u00e9lanie Pavy, Kristina Solomoukha, Douglas Edric Stanley, St\u00e9phane Verlet Bott\u00e9ro, Fran\u00e7oise Wittman.<\/p>\n","protected":false},"excerpt":{"rendered":"<p><b>AUTEUR\u00b7ES : <\/b>sous la direction d&#8217;Anne Bationo-Tillon, Francesca Cozzolino, Sophie Krier et Nicolas Nova<br \/>\n<b>EDITEUR : <\/b>les presses du r\u00e9el (2024)<\/p>\n<p><strong>BROCH\u00c9 :<\/strong>\u00a0320 pages<br \/>\n<b>LANGUE : <\/b>Fran\u00e7ais<br \/>\n<strong>ISBN13 :<\/strong> 978-2-37896-413-9<\/p>\n","protected":false},"featured_media":44507,"template":"","meta":[],"product_brand":[],"product_cat":[281,162,291,294],"product_tag":[],"class_list":{"0":"post-44508","1":"product","2":"type-product","3":"status-publish","4":"has-post-thumbnail","6":"product_cat-anthropology","7":"product_cat-french-en","8":"product_cat-pluridisciplinarity","9":"product_cat-science-en","11":"first","12":"instock","13":"taxable","14":"shipping-taxable","15":"purchasable","16":"product-type-simple"},"yoast_head":"<!-- This site is optimized with the Yoast SEO plugin v27.5 - https:\/\/yoast.com\/product\/yoast-seo-wordpress\/ -->\n<title>En qu\u00eate d&#039;images - \u00c9critures sensibles en recherche-cr\u00e9ation - Books on the Move<\/title>\n<meta name=\"robots\" content=\"index, follow, max-snippet:-1, max-image-preview:large, max-video-preview:-1\" \/>\n<link rel=\"canonical\" href=\"https:\/\/www.booksonthemove.fr\/produit\/en-quete-dimages-ecritures-sensibles-en-recherche-creation\/\" \/>\n<meta property=\"og:locale\" content=\"en_US\" \/>\n<meta property=\"og:type\" content=\"article\" \/>\n<meta property=\"og:title\" content=\"En qu\u00eate d&#039;images - \u00c9critures sensibles en recherche-cr\u00e9ation - Books on the Move\" \/>\n<meta property=\"og:description\" content=\"AUTEUR\u00b7ES : sous la direction d&#039;Anne Bationo-Tillon, Francesca Cozzolino, Sophie Krier et Nicolas Nova EDITEUR : les presses du r\u00e9el (2024)  BROCH\u00c9 :\u00a0320 pages LANGUE : Fran\u00e7ais ISBN13 : 978-2-37896-413-9\" \/>\n<meta property=\"og:url\" content=\"https:\/\/www.booksonthemove.fr\/produit\/en-quete-dimages-ecritures-sensibles-en-recherche-creation\/\" \/>\n<meta property=\"og:site_name\" content=\"Books on the Move\" \/>\n<meta property=\"article:publisher\" content=\"https:\/\/www.facebook.com\/Librairiebooksonthemove\/\" \/>\n<meta property=\"article:modified_time\" content=\"2025-02-24T11:33:25+00:00\" \/>\n<meta property=\"og:image\" content=\"https:\/\/www.booksonthemove.fr\/media\/bom_2870.jpg\" \/>\n\t<meta property=\"og:image:width\" content=\"575\" \/>\n\t<meta property=\"og:image:height\" content=\"900\" \/>\n\t<meta property=\"og:image:type\" content=\"image\/jpeg\" \/>\n<meta name=\"twitter:card\" content=\"summary_large_image\" \/>\n<script type=\"application\/ld+json\" class=\"yoast-schema-graph\">{\"@context\":\"https:\\\/\\\/schema.org\",\"@graph\":[{\"@type\":\"WebPage\",\"@id\":\"https:\\\/\\\/www.booksonthemove.fr\\\/produit\\\/en-quete-dimages-ecritures-sensibles-en-recherche-creation\\\/\",\"url\":\"https:\\\/\\\/www.booksonthemove.fr\\\/produit\\\/en-quete-dimages-ecritures-sensibles-en-recherche-creation\\\/\",\"name\":\"En qu\u00eate d'images - \u00c9critures sensibles en recherche-cr\u00e9ation - Books on the Move\",\"isPartOf\":{\"@id\":\"https:\\\/\\\/www.booksonthemove.fr\\\/#website\"},\"primaryImageOfPage\":{\"@id\":\"https:\\\/\\\/www.booksonthemove.fr\\\/produit\\\/en-quete-dimages-ecritures-sensibles-en-recherche-creation\\\/#primaryimage\"},\"image\":{\"@id\":\"https:\\\/\\\/www.booksonthemove.fr\\\/produit\\\/en-quete-dimages-ecritures-sensibles-en-recherche-creation\\\/#primaryimage\"},\"thumbnailUrl\":\"https:\\\/\\\/www.booksonthemove.fr\\\/media\\\/bom_2870.jpg\",\"datePublished\":\"2025-01-08T12:00:36+00:00\",\"dateModified\":\"2025-02-24T11:33:25+00:00\",\"breadcrumb\":{\"@id\":\"https:\\\/\\\/www.booksonthemove.fr\\\/produit\\\/en-quete-dimages-ecritures-sensibles-en-recherche-creation\\\/#breadcrumb\"},\"inLanguage\":\"en-US\",\"potentialAction\":[{\"@type\":\"ReadAction\",\"target\":[\"https:\\\/\\\/www.booksonthemove.fr\\\/produit\\\/en-quete-dimages-ecritures-sensibles-en-recherche-creation\\\/\"]}]},{\"@type\":\"ImageObject\",\"inLanguage\":\"en-US\",\"@id\":\"https:\\\/\\\/www.booksonthemove.fr\\\/produit\\\/en-quete-dimages-ecritures-sensibles-en-recherche-creation\\\/#primaryimage\",\"url\":\"https:\\\/\\\/www.booksonthemove.fr\\\/media\\\/bom_2870.jpg\",\"contentUrl\":\"https:\\\/\\\/www.booksonthemove.fr\\\/media\\\/bom_2870.jpg\",\"width\":575,\"height\":900},{\"@type\":\"BreadcrumbList\",\"@id\":\"https:\\\/\\\/www.booksonthemove.fr\\\/produit\\\/en-quete-dimages-ecritures-sensibles-en-recherche-creation\\\/#breadcrumb\",\"itemListElement\":[{\"@type\":\"ListItem\",\"position\":1,\"name\":\"Accueil\",\"item\":\"https:\\\/\\\/www.booksonthemove.fr\\\/en\\\/\"},{\"@type\":\"ListItem\",\"position\":2,\"name\":\"online store\",\"item\":\"https:\\\/\\\/www.booksonthemove.fr\\\/en\\\/online-shop\\\/\"},{\"@type\":\"ListItem\",\"position\":3,\"name\":\"En qu\u00eate d&rsquo;images &#8211; \u00c9critures sensibles en recherche-cr\u00e9ation\"}]},{\"@type\":\"WebSite\",\"@id\":\"https:\\\/\\\/www.booksonthemove.fr\\\/#website\",\"url\":\"https:\\\/\\\/www.booksonthemove.fr\\\/\",\"name\":\"Books on the Move\",\"description\":\"librairie nomade - danse - mouvement - performance\",\"publisher\":{\"@id\":\"https:\\\/\\\/www.booksonthemove.fr\\\/#organization\"},\"potentialAction\":[{\"@type\":\"SearchAction\",\"target\":{\"@type\":\"EntryPoint\",\"urlTemplate\":\"https:\\\/\\\/www.booksonthemove.fr\\\/?s={search_term_string}\"},\"query-input\":{\"@type\":\"PropertyValueSpecification\",\"valueRequired\":true,\"valueName\":\"search_term_string\"}}],\"inLanguage\":\"en-US\"},{\"@type\":\"Organization\",\"@id\":\"https:\\\/\\\/www.booksonthemove.fr\\\/#organization\",\"name\":\"Books on the Move\",\"url\":\"https:\\\/\\\/www.booksonthemove.fr\\\/\",\"logo\":{\"@type\":\"ImageObject\",\"inLanguage\":\"en-US\",\"@id\":\"https:\\\/\\\/www.booksonthemove.fr\\\/#\\\/schema\\\/logo\\\/image\\\/\",\"url\":\"https:\\\/\\\/www.booksonthemove.fr\\\/media\\\/logo-NB-400.jpg\",\"contentUrl\":\"https:\\\/\\\/www.booksonthemove.fr\\\/media\\\/logo-NB-400.jpg\",\"width\":400,\"height\":143,\"caption\":\"Books on the Move\"},\"image\":{\"@id\":\"https:\\\/\\\/www.booksonthemove.fr\\\/#\\\/schema\\\/logo\\\/image\\\/\"},\"sameAs\":[\"https:\\\/\\\/www.facebook.com\\\/Librairiebooksonthemove\\\/\"]}]}<\/script>\n<!-- \/ Yoast SEO plugin. -->","yoast_head_json":{"title":"En qu\u00eate d'images - \u00c9critures sensibles en recherche-cr\u00e9ation - Books on the Move","robots":{"index":"index","follow":"follow","max-snippet":"max-snippet:-1","max-image-preview":"max-image-preview:large","max-video-preview":"max-video-preview:-1"},"canonical":"https:\/\/www.booksonthemove.fr\/produit\/en-quete-dimages-ecritures-sensibles-en-recherche-creation\/","og_locale":"en_US","og_type":"article","og_title":"En qu\u00eate d'images - \u00c9critures sensibles en recherche-cr\u00e9ation - Books on the Move","og_description":"AUTEUR\u00b7ES : sous la direction d'Anne Bationo-Tillon, Francesca Cozzolino, Sophie Krier et Nicolas Nova EDITEUR : les presses du r\u00e9el (2024)  BROCH\u00c9 :\u00a0320 pages LANGUE : Fran\u00e7ais ISBN13 : 978-2-37896-413-9","og_url":"https:\/\/www.booksonthemove.fr\/produit\/en-quete-dimages-ecritures-sensibles-en-recherche-creation\/","og_site_name":"Books on the Move","article_publisher":"https:\/\/www.facebook.com\/Librairiebooksonthemove\/","article_modified_time":"2025-02-24T11:33:25+00:00","og_image":[{"width":575,"height":900,"url":"https:\/\/www.booksonthemove.fr\/media\/bom_2870.jpg","type":"image\/jpeg"}],"twitter_card":"summary_large_image","schema":{"@context":"https:\/\/schema.org","@graph":[{"@type":"WebPage","@id":"https:\/\/www.booksonthemove.fr\/produit\/en-quete-dimages-ecritures-sensibles-en-recherche-creation\/","url":"https:\/\/www.booksonthemove.fr\/produit\/en-quete-dimages-ecritures-sensibles-en-recherche-creation\/","name":"En qu\u00eate d'images - \u00c9critures sensibles en recherche-cr\u00e9ation - Books on the Move","isPartOf":{"@id":"https:\/\/www.booksonthemove.fr\/#website"},"primaryImageOfPage":{"@id":"https:\/\/www.booksonthemove.fr\/produit\/en-quete-dimages-ecritures-sensibles-en-recherche-creation\/#primaryimage"},"image":{"@id":"https:\/\/www.booksonthemove.fr\/produit\/en-quete-dimages-ecritures-sensibles-en-recherche-creation\/#primaryimage"},"thumbnailUrl":"https:\/\/www.booksonthemove.fr\/media\/bom_2870.jpg","datePublished":"2025-01-08T12:00:36+00:00","dateModified":"2025-02-24T11:33:25+00:00","breadcrumb":{"@id":"https:\/\/www.booksonthemove.fr\/produit\/en-quete-dimages-ecritures-sensibles-en-recherche-creation\/#breadcrumb"},"inLanguage":"en-US","potentialAction":[{"@type":"ReadAction","target":["https:\/\/www.booksonthemove.fr\/produit\/en-quete-dimages-ecritures-sensibles-en-recherche-creation\/"]}]},{"@type":"ImageObject","inLanguage":"en-US","@id":"https:\/\/www.booksonthemove.fr\/produit\/en-quete-dimages-ecritures-sensibles-en-recherche-creation\/#primaryimage","url":"https:\/\/www.booksonthemove.fr\/media\/bom_2870.jpg","contentUrl":"https:\/\/www.booksonthemove.fr\/media\/bom_2870.jpg","width":575,"height":900},{"@type":"BreadcrumbList","@id":"https:\/\/www.booksonthemove.fr\/produit\/en-quete-dimages-ecritures-sensibles-en-recherche-creation\/#breadcrumb","itemListElement":[{"@type":"ListItem","position":1,"name":"Accueil","item":"https:\/\/www.booksonthemove.fr\/en\/"},{"@type":"ListItem","position":2,"name":"online store","item":"https:\/\/www.booksonthemove.fr\/en\/online-shop\/"},{"@type":"ListItem","position":3,"name":"En qu\u00eate d&rsquo;images &#8211; \u00c9critures sensibles en recherche-cr\u00e9ation"}]},{"@type":"WebSite","@id":"https:\/\/www.booksonthemove.fr\/#website","url":"https:\/\/www.booksonthemove.fr\/","name":"Books on the Move","description":"librairie nomade - danse - mouvement - performance","publisher":{"@id":"https:\/\/www.booksonthemove.fr\/#organization"},"potentialAction":[{"@type":"SearchAction","target":{"@type":"EntryPoint","urlTemplate":"https:\/\/www.booksonthemove.fr\/?s={search_term_string}"},"query-input":{"@type":"PropertyValueSpecification","valueRequired":true,"valueName":"search_term_string"}}],"inLanguage":"en-US"},{"@type":"Organization","@id":"https:\/\/www.booksonthemove.fr\/#organization","name":"Books on the Move","url":"https:\/\/www.booksonthemove.fr\/","logo":{"@type":"ImageObject","inLanguage":"en-US","@id":"https:\/\/www.booksonthemove.fr\/#\/schema\/logo\/image\/","url":"https:\/\/www.booksonthemove.fr\/media\/logo-NB-400.jpg","contentUrl":"https:\/\/www.booksonthemove.fr\/media\/logo-NB-400.jpg","width":400,"height":143,"caption":"Books on the Move"},"image":{"@id":"https:\/\/www.booksonthemove.fr\/#\/schema\/logo\/image\/"},"sameAs":["https:\/\/www.facebook.com\/Librairiebooksonthemove\/"]}]}},"_links":{"self":[{"href":"https:\/\/www.booksonthemove.fr\/en\/wp-json\/wp\/v2\/product\/44508","targetHints":{"allow":["GET"]}}],"collection":[{"href":"https:\/\/www.booksonthemove.fr\/en\/wp-json\/wp\/v2\/product"}],"about":[{"href":"https:\/\/www.booksonthemove.fr\/en\/wp-json\/wp\/v2\/types\/product"}],"wp:featuredmedia":[{"embeddable":true,"href":"https:\/\/www.booksonthemove.fr\/en\/wp-json\/wp\/v2\/media\/44507"}],"wp:attachment":[{"href":"https:\/\/www.booksonthemove.fr\/en\/wp-json\/wp\/v2\/media?parent=44508"}],"wp:term":[{"taxonomy":"product_brand","embeddable":true,"href":"https:\/\/www.booksonthemove.fr\/en\/wp-json\/wp\/v2\/product_brand?post=44508"},{"taxonomy":"product_cat","embeddable":true,"href":"https:\/\/www.booksonthemove.fr\/en\/wp-json\/wp\/v2\/product_cat?post=44508"},{"taxonomy":"product_tag","embeddable":true,"href":"https:\/\/www.booksonthemove.fr\/en\/wp-json\/wp\/v2\/product_tag?post=44508"}],"curies":[{"name":"wp","href":"https:\/\/api.w.org\/{rel}","templated":true}]}}