{"id":44544,"date":"2025-04-11T20:12:55","date_gmt":"2025-04-11T18:12:55","guid":{"rendered":"https:\/\/www.booksonthemove.fr\/produit\/inventrices-portraits-de-femmes-qui-ont-change-le-monde\/"},"modified":"2025-05-09T23:00:27","modified_gmt":"2025-05-09T21:00:27","slug":"inventrices-portraits-de-femmes-qui-ont-change-le-monde","status":"publish","type":"product","link":"https:\/\/www.booksonthemove.fr\/en\/produit\/inventrices-portraits-de-femmes-qui-ont-change-le-monde\/","title":{"rendered":"Inventrices &#8211; Portraits de femmes qui ont chang\u00e9 le monde"},"content":{"rendered":"<p>Costanza Calenda, Jeanne Barret, Flora Tristan, Hedy Lamarr, Matilda Joslyn Gage\u00a0; ces femmes ont toutes marqu\u00e9 l\u2019histoire, pourtant qui, aujourd\u2019hui, conna\u00eet leurs noms\u00a0? Leurs inventions dans les domaines scientifiques, politiques ou artistiques ont \u00e9t\u00e9 d\u00e9terminantes, mais la post\u00e9rit\u00e9 les a syst\u00e9matiquement \u00e9clips\u00e9es.<br \/>\nFaisant le constat de cette invisibilisation, H\u00e9l\u00e8ne Giannecchini et Chlo\u00e9 Dugit-Gros s\u2019emparent des trajectoires de seize femmes, d\u2019\u00e9poques et de milieux divers, pour remettre en lumi\u00e8re leurs contributions majeures \u00e0 la m\u00e9decine, au cin\u00e9ma, \u00e0 la physique, \u00e0 la cartographie des fonds marins ou plus largement \u00e0 la lutte pour les droits des femmes. T\u00e2chant de leur redonner une voix, de les incarner par le dessin et par le texte, elles retracent leurs questionnements, rendent compte de leurs d\u00e9couvertes et de leur d\u00e9termination. Ce livre tente, \u00e0 sa mani\u00e8re, de lutter contre l\u2019oubli, car si le mot \u00ab\u00a0inventrice\u00a0\u00bb n\u2019est jamais utilis\u00e9, si ces femmes sont \u00e9cart\u00e9es des livres d\u2019histoire, c\u2019est un pan entier de notre matrimoine qui\u00a0dispara\u00eet.<\/p>\n","protected":false},"excerpt":{"rendered":"<p><strong>AUTEURES :<\/strong> H\u00e9l\u00e8ne Giannecchini &amp; Chlo\u00e9 Dugit-Gros<br \/>\n<strong>EDITEUR :<\/strong> Cambourakis (2024)<\/p>\n<p><strong>BROCH\u00c9:<\/strong>\u00a0152 pages<br \/>\n<strong>LANGUE:<\/strong> Fran\u00e7ais<br \/>\n<strong>ISBN13:<\/strong> 978-2-36624-891-3<\/p>\n","protected":false},"featured_media":44543,"template":"","meta":[],"product_brand":[],"product_cat":[202,162],"product_tag":[],"class_list":{"0":"post-44544","1":"product","2":"type-product","3":"status-publish","4":"has-post-thumbnail","6":"product_cat-feminism-en","7":"product_cat-french-en","9":"first","10":"instock","11":"taxable","12":"shipping-taxable","13":"purchasable","14":"product-type-simple"},"yoast_head":"<!-- This site is optimized with the Yoast SEO plugin v27.5 - https:\/\/yoast.com\/product\/yoast-seo-wordpress\/ -->\n<title>Inventrices - Portraits de femmes qui ont chang\u00e9 le monde - Books on the Move<\/title>\n<meta name=\"robots\" content=\"index, follow, max-snippet:-1, max-image-preview:large, max-video-preview:-1\" \/>\n<link rel=\"canonical\" href=\"https:\/\/www.booksonthemove.fr\/produit\/inventrices-portraits-de-femmes-qui-ont-change-le-monde\/\" \/>\n<meta property=\"og:locale\" content=\"en_US\" \/>\n<meta property=\"og:type\" content=\"article\" \/>\n<meta property=\"og:title\" content=\"Inventrices - Portraits de femmes qui ont chang\u00e9 le monde - Books on the Move\" \/>\n<meta property=\"og:description\" content=\"AUTEURES : H\u00e9l\u00e8ne Giannecchini &amp; Chlo\u00e9 Dugit-Gros EDITEUR : Cambourakis (2024)  BROCH\u00c9:\u00a0152 pages LANGUE: Fran\u00e7ais ISBN13: 978-2-36624-891-3\" \/>\n<meta property=\"og:url\" content=\"https:\/\/www.booksonthemove.fr\/produit\/inventrices-portraits-de-femmes-qui-ont-change-le-monde\/\" \/>\n<meta property=\"og:site_name\" content=\"Books on the Move\" \/>\n<meta property=\"article:publisher\" content=\"https:\/\/www.facebook.com\/Librairiebooksonthemove\/\" \/>\n<meta property=\"article:modified_time\" content=\"2025-05-09T21:00:27+00:00\" \/>\n<meta property=\"og:image\" content=\"https:\/\/www.booksonthemove.fr\/media\/bom_2852.jpeg\" \/>\n\t<meta property=\"og:image:width\" content=\"605\" \/>\n\t<meta property=\"og:image:height\" content=\"900\" \/>\n\t<meta property=\"og:image:type\" content=\"image\/jpeg\" \/>\n<meta name=\"twitter:card\" content=\"summary_large_image\" \/>\n<script type=\"application\/ld+json\" class=\"yoast-schema-graph\">{\"@context\":\"https:\\\/\\\/schema.org\",\"@graph\":[{\"@type\":\"WebPage\",\"@id\":\"https:\\\/\\\/www.booksonthemove.fr\\\/produit\\\/inventrices-portraits-de-femmes-qui-ont-change-le-monde\\\/\",\"url\":\"https:\\\/\\\/www.booksonthemove.fr\\\/produit\\\/inventrices-portraits-de-femmes-qui-ont-change-le-monde\\\/\",\"name\":\"Inventrices - Portraits de femmes qui ont chang\u00e9 le monde - Books on the Move\",\"isPartOf\":{\"@id\":\"https:\\\/\\\/www.booksonthemove.fr\\\/#website\"},\"primaryImageOfPage\":{\"@id\":\"https:\\\/\\\/www.booksonthemove.fr\\\/produit\\\/inventrices-portraits-de-femmes-qui-ont-change-le-monde\\\/#primaryimage\"},\"image\":{\"@id\":\"https:\\\/\\\/www.booksonthemove.fr\\\/produit\\\/inventrices-portraits-de-femmes-qui-ont-change-le-monde\\\/#primaryimage\"},\"thumbnailUrl\":\"https:\\\/\\\/www.booksonthemove.fr\\\/media\\\/bom_2852.jpeg\",\"datePublished\":\"2025-04-11T18:12:55+00:00\",\"dateModified\":\"2025-05-09T21:00:27+00:00\",\"breadcrumb\":{\"@id\":\"https:\\\/\\\/www.booksonthemove.fr\\\/produit\\\/inventrices-portraits-de-femmes-qui-ont-change-le-monde\\\/#breadcrumb\"},\"inLanguage\":\"en-US\",\"potentialAction\":[{\"@type\":\"ReadAction\",\"target\":[\"https:\\\/\\\/www.booksonthemove.fr\\\/produit\\\/inventrices-portraits-de-femmes-qui-ont-change-le-monde\\\/\"]}]},{\"@type\":\"ImageObject\",\"inLanguage\":\"en-US\",\"@id\":\"https:\\\/\\\/www.booksonthemove.fr\\\/produit\\\/inventrices-portraits-de-femmes-qui-ont-change-le-monde\\\/#primaryimage\",\"url\":\"https:\\\/\\\/www.booksonthemove.fr\\\/media\\\/bom_2852.jpeg\",\"contentUrl\":\"https:\\\/\\\/www.booksonthemove.fr\\\/media\\\/bom_2852.jpeg\",\"width\":605,\"height\":900},{\"@type\":\"BreadcrumbList\",\"@id\":\"https:\\\/\\\/www.booksonthemove.fr\\\/produit\\\/inventrices-portraits-de-femmes-qui-ont-change-le-monde\\\/#breadcrumb\",\"itemListElement\":[{\"@type\":\"ListItem\",\"position\":1,\"name\":\"Accueil\",\"item\":\"https:\\\/\\\/www.booksonthemove.fr\\\/en\\\/\"},{\"@type\":\"ListItem\",\"position\":2,\"name\":\"online store\",\"item\":\"https:\\\/\\\/www.booksonthemove.fr\\\/en\\\/online-shop\\\/\"},{\"@type\":\"ListItem\",\"position\":3,\"name\":\"Inventrices &#8211; Portraits de femmes qui ont chang\u00e9 le monde\"}]},{\"@type\":\"WebSite\",\"@id\":\"https:\\\/\\\/www.booksonthemove.fr\\\/#website\",\"url\":\"https:\\\/\\\/www.booksonthemove.fr\\\/\",\"name\":\"Books on the Move\",\"description\":\"librairie nomade - danse - mouvement - performance\",\"publisher\":{\"@id\":\"https:\\\/\\\/www.booksonthemove.fr\\\/#organization\"},\"potentialAction\":[{\"@type\":\"SearchAction\",\"target\":{\"@type\":\"EntryPoint\",\"urlTemplate\":\"https:\\\/\\\/www.booksonthemove.fr\\\/?s={search_term_string}\"},\"query-input\":{\"@type\":\"PropertyValueSpecification\",\"valueRequired\":true,\"valueName\":\"search_term_string\"}}],\"inLanguage\":\"en-US\"},{\"@type\":\"Organization\",\"@id\":\"https:\\\/\\\/www.booksonthemove.fr\\\/#organization\",\"name\":\"Books on the Move\",\"url\":\"https:\\\/\\\/www.booksonthemove.fr\\\/\",\"logo\":{\"@type\":\"ImageObject\",\"inLanguage\":\"en-US\",\"@id\":\"https:\\\/\\\/www.booksonthemove.fr\\\/#\\\/schema\\\/logo\\\/image\\\/\",\"url\":\"https:\\\/\\\/www.booksonthemove.fr\\\/media\\\/logo-NB-400.jpg\",\"contentUrl\":\"https:\\\/\\\/www.booksonthemove.fr\\\/media\\\/logo-NB-400.jpg\",\"width\":400,\"height\":143,\"caption\":\"Books on the Move\"},\"image\":{\"@id\":\"https:\\\/\\\/www.booksonthemove.fr\\\/#\\\/schema\\\/logo\\\/image\\\/\"},\"sameAs\":[\"https:\\\/\\\/www.facebook.com\\\/Librairiebooksonthemove\\\/\"]}]}<\/script>\n<!-- \/ Yoast SEO plugin. -->","yoast_head_json":{"title":"Inventrices - Portraits de femmes qui ont chang\u00e9 le monde - Books on the Move","robots":{"index":"index","follow":"follow","max-snippet":"max-snippet:-1","max-image-preview":"max-image-preview:large","max-video-preview":"max-video-preview:-1"},"canonical":"https:\/\/www.booksonthemove.fr\/produit\/inventrices-portraits-de-femmes-qui-ont-change-le-monde\/","og_locale":"en_US","og_type":"article","og_title":"Inventrices - Portraits de femmes qui ont chang\u00e9 le monde - Books on the Move","og_description":"AUTEURES : H\u00e9l\u00e8ne Giannecchini &amp; Chlo\u00e9 Dugit-Gros EDITEUR : Cambourakis (2024)  BROCH\u00c9:\u00a0152 pages LANGUE: Fran\u00e7ais ISBN13: 978-2-36624-891-3","og_url":"https:\/\/www.booksonthemove.fr\/produit\/inventrices-portraits-de-femmes-qui-ont-change-le-monde\/","og_site_name":"Books on the Move","article_publisher":"https:\/\/www.facebook.com\/Librairiebooksonthemove\/","article_modified_time":"2025-05-09T21:00:27+00:00","og_image":[{"width":605,"height":900,"url":"https:\/\/www.booksonthemove.fr\/media\/bom_2852.jpeg","type":"image\/jpeg"}],"twitter_card":"summary_large_image","schema":{"@context":"https:\/\/schema.org","@graph":[{"@type":"WebPage","@id":"https:\/\/www.booksonthemove.fr\/produit\/inventrices-portraits-de-femmes-qui-ont-change-le-monde\/","url":"https:\/\/www.booksonthemove.fr\/produit\/inventrices-portraits-de-femmes-qui-ont-change-le-monde\/","name":"Inventrices - Portraits de femmes qui ont chang\u00e9 le monde - Books on the Move","isPartOf":{"@id":"https:\/\/www.booksonthemove.fr\/#website"},"primaryImageOfPage":{"@id":"https:\/\/www.booksonthemove.fr\/produit\/inventrices-portraits-de-femmes-qui-ont-change-le-monde\/#primaryimage"},"image":{"@id":"https:\/\/www.booksonthemove.fr\/produit\/inventrices-portraits-de-femmes-qui-ont-change-le-monde\/#primaryimage"},"thumbnailUrl":"https:\/\/www.booksonthemove.fr\/media\/bom_2852.jpeg","datePublished":"2025-04-11T18:12:55+00:00","dateModified":"2025-05-09T21:00:27+00:00","breadcrumb":{"@id":"https:\/\/www.booksonthemove.fr\/produit\/inventrices-portraits-de-femmes-qui-ont-change-le-monde\/#breadcrumb"},"inLanguage":"en-US","potentialAction":[{"@type":"ReadAction","target":["https:\/\/www.booksonthemove.fr\/produit\/inventrices-portraits-de-femmes-qui-ont-change-le-monde\/"]}]},{"@type":"ImageObject","inLanguage":"en-US","@id":"https:\/\/www.booksonthemove.fr\/produit\/inventrices-portraits-de-femmes-qui-ont-change-le-monde\/#primaryimage","url":"https:\/\/www.booksonthemove.fr\/media\/bom_2852.jpeg","contentUrl":"https:\/\/www.booksonthemove.fr\/media\/bom_2852.jpeg","width":605,"height":900},{"@type":"BreadcrumbList","@id":"https:\/\/www.booksonthemove.fr\/produit\/inventrices-portraits-de-femmes-qui-ont-change-le-monde\/#breadcrumb","itemListElement":[{"@type":"ListItem","position":1,"name":"Accueil","item":"https:\/\/www.booksonthemove.fr\/en\/"},{"@type":"ListItem","position":2,"name":"online store","item":"https:\/\/www.booksonthemove.fr\/en\/online-shop\/"},{"@type":"ListItem","position":3,"name":"Inventrices &#8211; Portraits de femmes qui ont chang\u00e9 le monde"}]},{"@type":"WebSite","@id":"https:\/\/www.booksonthemove.fr\/#website","url":"https:\/\/www.booksonthemove.fr\/","name":"Books on the Move","description":"librairie nomade - danse - mouvement - performance","publisher":{"@id":"https:\/\/www.booksonthemove.fr\/#organization"},"potentialAction":[{"@type":"SearchAction","target":{"@type":"EntryPoint","urlTemplate":"https:\/\/www.booksonthemove.fr\/?s={search_term_string}"},"query-input":{"@type":"PropertyValueSpecification","valueRequired":true,"valueName":"search_term_string"}}],"inLanguage":"en-US"},{"@type":"Organization","@id":"https:\/\/www.booksonthemove.fr\/#organization","name":"Books on the Move","url":"https:\/\/www.booksonthemove.fr\/","logo":{"@type":"ImageObject","inLanguage":"en-US","@id":"https:\/\/www.booksonthemove.fr\/#\/schema\/logo\/image\/","url":"https:\/\/www.booksonthemove.fr\/media\/logo-NB-400.jpg","contentUrl":"https:\/\/www.booksonthemove.fr\/media\/logo-NB-400.jpg","width":400,"height":143,"caption":"Books on the Move"},"image":{"@id":"https:\/\/www.booksonthemove.fr\/#\/schema\/logo\/image\/"},"sameAs":["https:\/\/www.facebook.com\/Librairiebooksonthemove\/"]}]}},"_links":{"self":[{"href":"https:\/\/www.booksonthemove.fr\/en\/wp-json\/wp\/v2\/product\/44544","targetHints":{"allow":["GET"]}}],"collection":[{"href":"https:\/\/www.booksonthemove.fr\/en\/wp-json\/wp\/v2\/product"}],"about":[{"href":"https:\/\/www.booksonthemove.fr\/en\/wp-json\/wp\/v2\/types\/product"}],"wp:featuredmedia":[{"embeddable":true,"href":"https:\/\/www.booksonthemove.fr\/en\/wp-json\/wp\/v2\/media\/44543"}],"wp:attachment":[{"href":"https:\/\/www.booksonthemove.fr\/en\/wp-json\/wp\/v2\/media?parent=44544"}],"wp:term":[{"taxonomy":"product_brand","embeddable":true,"href":"https:\/\/www.booksonthemove.fr\/en\/wp-json\/wp\/v2\/product_brand?post=44544"},{"taxonomy":"product_cat","embeddable":true,"href":"https:\/\/www.booksonthemove.fr\/en\/wp-json\/wp\/v2\/product_cat?post=44544"},{"taxonomy":"product_tag","embeddable":true,"href":"https:\/\/www.booksonthemove.fr\/en\/wp-json\/wp\/v2\/product_tag?post=44544"}],"curies":[{"name":"wp","href":"https:\/\/api.w.org\/{rel}","templated":true}]}}