{"id":44550,"date":"2025-01-06T17:02:14","date_gmt":"2025-01-06T16:02:14","guid":{"rendered":"https:\/\/www.booksonthemove.fr\/produit\/lettres-aux-jeunes-poetesses\/"},"modified":"2025-10-02T19:25:28","modified_gmt":"2025-10-02T17:25:28","slug":"lettres-aux-jeunes-poetesses","status":"publish","type":"product","link":"https:\/\/www.booksonthemove.fr\/en\/produit\/lettres-aux-jeunes-poetesses\/","title":{"rendered":"Lettres aux jeunes po\u00e9tesses"},"content":{"rendered":"<p>Vingt et une po\u00e9tesses francophones racontent ce qu\u2019est <em>\u00e9crire<\/em> et <em>\u00eatre<\/em> une femme ou une personne non binaire aujourd\u2019hui. Vingt et une po\u00e9tesses, musiciennes, slameuses: Une arm\u00e9e de guerri\u00e8res, agentes de leurs propres d\u00e9sirs, qui avance, prend la parole, confie ses combats et d\u00e9livre la po\u00e9sie de ses repr\u00e9sentations traditionnelles. Ces lettres font de l\u2019\u00e9criture une mati\u00e8re vivante et politique. Elles disent un d\u00e9sir de transmission, un r\u00eave de l\u2019autre, l\u2019histoire d\u2019une reconqu\u00eate de soi. Un recueil inspirant et anim\u00e9 d\u2019une vigueur plurielle et sensible, destin\u00e9 \u00e0 toutes et \u00e0 tous. \u00c0 qui souhaite faire une place \u00e0 l\u2019\u00e9criture dans sa vie.<\/p>\n<p>Auteur\u00b7ices : Aur\u00e9lie Olivier, Chlo\u00e9 Delaume, Sonia Chiambretto, R\u00e9becca Chaillon, Adel Tincelin, Rim Battal, Liliane Giraudon, Ryoko Sekiguchi, Nathalie Quintane, Milady Renoir, Sophie G. Lucas, Marina Skalova, Lisette Lomb\u00e9, \u00c9dith Azam, Ouanessa Younsi, Sandra Moussemp\u00e8s, Mich\u00e8le Metal, RER QIniti\u00e9 et pr\u00e9fac\u00e9 par Aur\u00e9lie Olivier.<\/p>\n","protected":false},"excerpt":{"rendered":"<p class=\"bodytext\"><strong>AUTEUR\u00b7ES :<\/strong> initi\u00e9 et pr\u00e9fac\u00e9 par Aur\u00e9lie Olivier<br \/>\n<strong>\u00c9DITEUR :<\/strong>\u00a0L&#8217;Arche (2021)<\/p>\n<p><strong>BROCH\u00c9 :<\/strong>\u00a0144 pages<br \/>\n<strong>LANGUE :<\/strong> Fran\u00e7ais<br \/>\n<strong>ISBN :<\/strong> 978-2-381-98021-8<\/p>\n","protected":false},"featured_media":44549,"template":"","meta":[],"product_brand":[],"product_cat":[202,162,199],"product_tag":[],"class_list":{"0":"post-44550","1":"product","2":"type-product","3":"status-publish","4":"has-post-thumbnail","6":"product_cat-feminism-en","7":"product_cat-french-en","8":"product_cat-poetry-en","10":"first","11":"instock","12":"taxable","13":"shipping-taxable","14":"purchasable","15":"product-type-simple"},"yoast_head":"<!-- This site is optimized with the Yoast SEO plugin v27.4 - https:\/\/yoast.com\/product\/yoast-seo-wordpress\/ -->\n<title>Lettres aux jeunes po\u00e9tesses - Books on the Move<\/title>\n<meta name=\"robots\" content=\"index, follow, max-snippet:-1, max-image-preview:large, max-video-preview:-1\" \/>\n<link rel=\"canonical\" href=\"https:\/\/www.booksonthemove.fr\/en\/produit\/lettres-aux-jeunes-poetesses\/\" \/>\n<meta property=\"og:locale\" content=\"en_US\" \/>\n<meta property=\"og:type\" content=\"article\" \/>\n<meta property=\"og:title\" content=\"Lettres aux jeunes po\u00e9tesses - Books on the Move\" \/>\n<meta property=\"og:description\" content=\"AUTEUR\u00b7ES : initi\u00e9 et pr\u00e9fac\u00e9 par Aur\u00e9lie Olivier \u00c9DITEUR :\u00a0L&#039;Arche (2021) BROCH\u00c9 :\u00a0144 pages LANGUE : Fran\u00e7ais ISBN : 978-2-381-98021-8\" \/>\n<meta property=\"og:url\" content=\"https:\/\/www.booksonthemove.fr\/en\/produit\/lettres-aux-jeunes-poetesses\/\" \/>\n<meta property=\"og:site_name\" content=\"Books on the Move\" \/>\n<meta property=\"article:publisher\" content=\"https:\/\/www.facebook.com\/Librairiebooksonthemove\/\" \/>\n<meta property=\"article:modified_time\" content=\"2025-10-02T17:25:28+00:00\" \/>\n<meta property=\"og:image\" content=\"https:\/\/www.booksonthemove.fr\/media\/bom_2862.jpeg\" \/>\n\t<meta property=\"og:image:width\" content=\"580\" \/>\n\t<meta property=\"og:image:height\" content=\"900\" \/>\n\t<meta property=\"og:image:type\" content=\"image\/jpeg\" \/>\n<meta name=\"twitter:card\" content=\"summary_large_image\" \/>\n<script type=\"application\/ld+json\" class=\"yoast-schema-graph\">{\"@context\":\"https:\\\/\\\/schema.org\",\"@graph\":[{\"@type\":\"WebPage\",\"@id\":\"https:\\\/\\\/www.booksonthemove.fr\\\/en\\\/produit\\\/lettres-aux-jeunes-poetesses\\\/\",\"url\":\"https:\\\/\\\/www.booksonthemove.fr\\\/en\\\/produit\\\/lettres-aux-jeunes-poetesses\\\/\",\"name\":\"Lettres aux jeunes po\u00e9tesses - Books on the Move\",\"isPartOf\":{\"@id\":\"https:\\\/\\\/www.booksonthemove.fr\\\/#website\"},\"primaryImageOfPage\":{\"@id\":\"https:\\\/\\\/www.booksonthemove.fr\\\/en\\\/produit\\\/lettres-aux-jeunes-poetesses\\\/#primaryimage\"},\"image\":{\"@id\":\"https:\\\/\\\/www.booksonthemove.fr\\\/en\\\/produit\\\/lettres-aux-jeunes-poetesses\\\/#primaryimage\"},\"thumbnailUrl\":\"https:\\\/\\\/www.booksonthemove.fr\\\/media\\\/bom_2862.jpeg\",\"datePublished\":\"2025-01-06T16:02:14+00:00\",\"dateModified\":\"2025-10-02T17:25:28+00:00\",\"breadcrumb\":{\"@id\":\"https:\\\/\\\/www.booksonthemove.fr\\\/en\\\/produit\\\/lettres-aux-jeunes-poetesses\\\/#breadcrumb\"},\"inLanguage\":\"en-US\",\"potentialAction\":[{\"@type\":\"ReadAction\",\"target\":[\"https:\\\/\\\/www.booksonthemove.fr\\\/en\\\/produit\\\/lettres-aux-jeunes-poetesses\\\/\"]}]},{\"@type\":\"ImageObject\",\"inLanguage\":\"en-US\",\"@id\":\"https:\\\/\\\/www.booksonthemove.fr\\\/en\\\/produit\\\/lettres-aux-jeunes-poetesses\\\/#primaryimage\",\"url\":\"https:\\\/\\\/www.booksonthemove.fr\\\/media\\\/bom_2862.jpeg\",\"contentUrl\":\"https:\\\/\\\/www.booksonthemove.fr\\\/media\\\/bom_2862.jpeg\",\"width\":580,\"height\":900},{\"@type\":\"BreadcrumbList\",\"@id\":\"https:\\\/\\\/www.booksonthemove.fr\\\/en\\\/produit\\\/lettres-aux-jeunes-poetesses\\\/#breadcrumb\",\"itemListElement\":[{\"@type\":\"ListItem\",\"position\":1,\"name\":\"Accueil\",\"item\":\"https:\\\/\\\/www.booksonthemove.fr\\\/en\\\/\"},{\"@type\":\"ListItem\",\"position\":2,\"name\":\"online store\",\"item\":\"https:\\\/\\\/www.booksonthemove.fr\\\/en\\\/online-shop\\\/\"},{\"@type\":\"ListItem\",\"position\":3,\"name\":\"Lettres aux jeunes po\u00e9tesses\"}]},{\"@type\":\"WebSite\",\"@id\":\"https:\\\/\\\/www.booksonthemove.fr\\\/#website\",\"url\":\"https:\\\/\\\/www.booksonthemove.fr\\\/\",\"name\":\"Books on the Move\",\"description\":\"librairie nomade - danse - mouvement - performance\",\"publisher\":{\"@id\":\"https:\\\/\\\/www.booksonthemove.fr\\\/#organization\"},\"potentialAction\":[{\"@type\":\"SearchAction\",\"target\":{\"@type\":\"EntryPoint\",\"urlTemplate\":\"https:\\\/\\\/www.booksonthemove.fr\\\/?s={search_term_string}\"},\"query-input\":{\"@type\":\"PropertyValueSpecification\",\"valueRequired\":true,\"valueName\":\"search_term_string\"}}],\"inLanguage\":\"en-US\"},{\"@type\":\"Organization\",\"@id\":\"https:\\\/\\\/www.booksonthemove.fr\\\/#organization\",\"name\":\"Books on the Move\",\"url\":\"https:\\\/\\\/www.booksonthemove.fr\\\/\",\"logo\":{\"@type\":\"ImageObject\",\"inLanguage\":\"en-US\",\"@id\":\"https:\\\/\\\/www.booksonthemove.fr\\\/#\\\/schema\\\/logo\\\/image\\\/\",\"url\":\"https:\\\/\\\/www.booksonthemove.fr\\\/media\\\/logo-NB-400.jpg\",\"contentUrl\":\"https:\\\/\\\/www.booksonthemove.fr\\\/media\\\/logo-NB-400.jpg\",\"width\":400,\"height\":143,\"caption\":\"Books on the Move\"},\"image\":{\"@id\":\"https:\\\/\\\/www.booksonthemove.fr\\\/#\\\/schema\\\/logo\\\/image\\\/\"},\"sameAs\":[\"https:\\\/\\\/www.facebook.com\\\/Librairiebooksonthemove\\\/\"]}]}<\/script>\n<!-- \/ Yoast SEO plugin. -->","yoast_head_json":{"title":"Lettres aux jeunes po\u00e9tesses - Books on the Move","robots":{"index":"index","follow":"follow","max-snippet":"max-snippet:-1","max-image-preview":"max-image-preview:large","max-video-preview":"max-video-preview:-1"},"canonical":"https:\/\/www.booksonthemove.fr\/en\/produit\/lettres-aux-jeunes-poetesses\/","og_locale":"en_US","og_type":"article","og_title":"Lettres aux jeunes po\u00e9tesses - Books on the Move","og_description":"AUTEUR\u00b7ES : initi\u00e9 et pr\u00e9fac\u00e9 par Aur\u00e9lie Olivier \u00c9DITEUR :\u00a0L'Arche (2021) BROCH\u00c9 :\u00a0144 pages LANGUE : Fran\u00e7ais ISBN : 978-2-381-98021-8","og_url":"https:\/\/www.booksonthemove.fr\/en\/produit\/lettres-aux-jeunes-poetesses\/","og_site_name":"Books on the Move","article_publisher":"https:\/\/www.facebook.com\/Librairiebooksonthemove\/","article_modified_time":"2025-10-02T17:25:28+00:00","og_image":[{"width":580,"height":900,"url":"https:\/\/www.booksonthemove.fr\/media\/bom_2862.jpeg","type":"image\/jpeg"}],"twitter_card":"summary_large_image","schema":{"@context":"https:\/\/schema.org","@graph":[{"@type":"WebPage","@id":"https:\/\/www.booksonthemove.fr\/en\/produit\/lettres-aux-jeunes-poetesses\/","url":"https:\/\/www.booksonthemove.fr\/en\/produit\/lettres-aux-jeunes-poetesses\/","name":"Lettres aux jeunes po\u00e9tesses - Books on the Move","isPartOf":{"@id":"https:\/\/www.booksonthemove.fr\/#website"},"primaryImageOfPage":{"@id":"https:\/\/www.booksonthemove.fr\/en\/produit\/lettres-aux-jeunes-poetesses\/#primaryimage"},"image":{"@id":"https:\/\/www.booksonthemove.fr\/en\/produit\/lettres-aux-jeunes-poetesses\/#primaryimage"},"thumbnailUrl":"https:\/\/www.booksonthemove.fr\/media\/bom_2862.jpeg","datePublished":"2025-01-06T16:02:14+00:00","dateModified":"2025-10-02T17:25:28+00:00","breadcrumb":{"@id":"https:\/\/www.booksonthemove.fr\/en\/produit\/lettres-aux-jeunes-poetesses\/#breadcrumb"},"inLanguage":"en-US","potentialAction":[{"@type":"ReadAction","target":["https:\/\/www.booksonthemove.fr\/en\/produit\/lettres-aux-jeunes-poetesses\/"]}]},{"@type":"ImageObject","inLanguage":"en-US","@id":"https:\/\/www.booksonthemove.fr\/en\/produit\/lettres-aux-jeunes-poetesses\/#primaryimage","url":"https:\/\/www.booksonthemove.fr\/media\/bom_2862.jpeg","contentUrl":"https:\/\/www.booksonthemove.fr\/media\/bom_2862.jpeg","width":580,"height":900},{"@type":"BreadcrumbList","@id":"https:\/\/www.booksonthemove.fr\/en\/produit\/lettres-aux-jeunes-poetesses\/#breadcrumb","itemListElement":[{"@type":"ListItem","position":1,"name":"Accueil","item":"https:\/\/www.booksonthemove.fr\/en\/"},{"@type":"ListItem","position":2,"name":"online store","item":"https:\/\/www.booksonthemove.fr\/en\/online-shop\/"},{"@type":"ListItem","position":3,"name":"Lettres aux jeunes po\u00e9tesses"}]},{"@type":"WebSite","@id":"https:\/\/www.booksonthemove.fr\/#website","url":"https:\/\/www.booksonthemove.fr\/","name":"Books on the Move","description":"librairie nomade - danse - mouvement - performance","publisher":{"@id":"https:\/\/www.booksonthemove.fr\/#organization"},"potentialAction":[{"@type":"SearchAction","target":{"@type":"EntryPoint","urlTemplate":"https:\/\/www.booksonthemove.fr\/?s={search_term_string}"},"query-input":{"@type":"PropertyValueSpecification","valueRequired":true,"valueName":"search_term_string"}}],"inLanguage":"en-US"},{"@type":"Organization","@id":"https:\/\/www.booksonthemove.fr\/#organization","name":"Books on the Move","url":"https:\/\/www.booksonthemove.fr\/","logo":{"@type":"ImageObject","inLanguage":"en-US","@id":"https:\/\/www.booksonthemove.fr\/#\/schema\/logo\/image\/","url":"https:\/\/www.booksonthemove.fr\/media\/logo-NB-400.jpg","contentUrl":"https:\/\/www.booksonthemove.fr\/media\/logo-NB-400.jpg","width":400,"height":143,"caption":"Books on the Move"},"image":{"@id":"https:\/\/www.booksonthemove.fr\/#\/schema\/logo\/image\/"},"sameAs":["https:\/\/www.facebook.com\/Librairiebooksonthemove\/"]}]}},"_links":{"self":[{"href":"https:\/\/www.booksonthemove.fr\/en\/wp-json\/wp\/v2\/product\/44550","targetHints":{"allow":["GET"]}}],"collection":[{"href":"https:\/\/www.booksonthemove.fr\/en\/wp-json\/wp\/v2\/product"}],"about":[{"href":"https:\/\/www.booksonthemove.fr\/en\/wp-json\/wp\/v2\/types\/product"}],"wp:featuredmedia":[{"embeddable":true,"href":"https:\/\/www.booksonthemove.fr\/en\/wp-json\/wp\/v2\/media\/44549"}],"wp:attachment":[{"href":"https:\/\/www.booksonthemove.fr\/en\/wp-json\/wp\/v2\/media?parent=44550"}],"wp:term":[{"taxonomy":"product_brand","embeddable":true,"href":"https:\/\/www.booksonthemove.fr\/en\/wp-json\/wp\/v2\/product_brand?post=44550"},{"taxonomy":"product_cat","embeddable":true,"href":"https:\/\/www.booksonthemove.fr\/en\/wp-json\/wp\/v2\/product_cat?post=44550"},{"taxonomy":"product_tag","embeddable":true,"href":"https:\/\/www.booksonthemove.fr\/en\/wp-json\/wp\/v2\/product_tag?post=44550"}],"curies":[{"name":"wp","href":"https:\/\/api.w.org\/{rel}","templated":true}]}}