{"id":44576,"date":"2025-01-06T17:41:29","date_gmt":"2025-01-06T16:41:29","guid":{"rendered":"https:\/\/www.booksonthemove.fr\/produit\/la-marche-dans-les-arts-du-spectacle\/"},"modified":"2026-02-24T11:07:54","modified_gmt":"2026-02-24T10:07:54","slug":"la-marche-dans-les-arts-du-spectacle","status":"publish","type":"product","link":"https:\/\/www.booksonthemove.fr\/en\/produit\/la-marche-dans-les-arts-du-spectacle\/","title":{"rendered":"La marche dans les arts du spectacle"},"content":{"rendered":"<p>La marche va-t-elle de soi ?<br \/>\nLa question peut para\u00eetre incongrue. Pourtant, la marche ne rev\u00eat aucune \u00e9vidence : elle est, \u00e0 chaque instant, lutte contre la gravit\u00e9 qui nous entra\u00eene vers le sol. Elle est d\u2019autant moins \u00e9vidente qu\u2019elle est, par-del\u00e0 sa physique, m\u00e9taphorique, signalant le repli sur soi, le vagabondage, d\u2019errance ou, au contraire, l\u2019ouverture aux autres. Comment, d\u00e8s lors, repr\u00e9senter la marche ? Si elle vaut pour tous les arts, cette question prend un sens particulier dans les arts vivants du fait de l\u2019effectivit\u00e9 m\u00eame de la marche.<br \/>\nElle est le mouvement z\u00e9ro des corps qui se d\u00e9placent au plateau.<br \/>\n\u00c0 partir de ressources emprunt\u00e9es \u00e0 l\u2019anthropologie, \u00e0 l\u2019histoire, \u00e0 la philosophie ou \u00e0 la sociologie, il nous a sembl\u00e9 n\u00e9cessaire de penser les pratiques de la marche des artistes d\u2019aujourd\u2019hui, chez qui la d\u00e9marche confine souvent \u00e0 la d\u00e9route. Dans les oeuvres \u00e9tudi\u00e9es, la marche \u00e9chappe \u00e0 toute destination comme \u00e0 toute signification pour mobiliser non seulement les interpr\u00e8tes mais aussi les spectateurs mus par ce qui se joue non pas face \u00e0 eux, mais avec eux.<\/p>\n<p>Con\u00e7us lors de la derni\u00e8re crise sanitaire, les chapitres de cet ouvrage ont \u00e9t\u00e9 \u00e9crits \u00e0 un moment o\u00f9 la marche n\u2019allait plus de soi. Sinon impossible, elle \u00e9tait restreinte et contrainte par les pouvoirs publics. Aussi avons-nous pens\u00e9 ce livre comme une invitation au voyage \u00e0 travers les repr\u00e9sentations de la marche dans les arts vivants contemporains.<\/p>\n","protected":false},"excerpt":{"rendered":"<p><b>AUTEURS : <\/b>sous la direction de Sylvain Diaz et Guillaume Sint\u00e8s<br \/>\n<b>EDITEUR : <\/b>Deuxi\u00e8me \u00e9poque (2024)<\/p>\n<p><strong>BROCH\u00c9 :<\/strong>\u00a0272 pages<br \/>\n<b>LANGUE : <\/b>Fran\u00e7ais<br \/>\n<strong>ISBN13 :<\/strong> 978-2-37769-118-0<\/p>\n","protected":false},"featured_media":44575,"template":"","meta":[],"product_brand":[],"product_cat":[281,162,352,222],"product_tag":[],"class_list":{"0":"post-44576","1":"product","2":"type-product","3":"status-publish","4":"has-post-thumbnail","6":"product_cat-anthropology","7":"product_cat-french-en","8":"product_cat-la-marche-en","9":"product_cat-social-studies-en","11":"first","12":"instock","13":"taxable","14":"shipping-taxable","15":"purchasable","16":"product-type-simple"},"yoast_head":"<!-- This site is optimized with the Yoast SEO plugin v27.5 - https:\/\/yoast.com\/product\/yoast-seo-wordpress\/ -->\n<title>La marche dans les arts du spectacle - Books on the Move<\/title>\n<meta name=\"robots\" content=\"index, follow, max-snippet:-1, max-image-preview:large, max-video-preview:-1\" \/>\n<link rel=\"canonical\" href=\"https:\/\/www.booksonthemove.fr\/en\/produit\/la-marche-dans-les-arts-du-spectacle\/\" \/>\n<meta property=\"og:locale\" content=\"en_US\" \/>\n<meta property=\"og:type\" content=\"article\" \/>\n<meta property=\"og:title\" content=\"La marche dans les arts du spectacle - Books on the Move\" \/>\n<meta property=\"og:description\" content=\"AUTEURS : sous la direction de Sylvain Diaz et Guillaume Sint\u00e8s EDITEUR : Deuxi\u00e8me \u00e9poque (2024)  BROCH\u00c9 :\u00a0272 pages LANGUE : Fran\u00e7ais ISBN13 : 978-2-37769-118-0\" \/>\n<meta property=\"og:url\" content=\"https:\/\/www.booksonthemove.fr\/en\/produit\/la-marche-dans-les-arts-du-spectacle\/\" \/>\n<meta property=\"og:site_name\" content=\"Books on the Move\" \/>\n<meta property=\"article:publisher\" content=\"https:\/\/www.facebook.com\/Librairiebooksonthemove\/\" \/>\n<meta property=\"article:modified_time\" content=\"2026-02-24T10:07:54+00:00\" \/>\n<meta property=\"og:image\" content=\"https:\/\/www.booksonthemove.fr\/media\/bom_2884.jpeg\" \/>\n\t<meta property=\"og:image:width\" content=\"530\" \/>\n\t<meta property=\"og:image:height\" content=\"799\" \/>\n\t<meta property=\"og:image:type\" content=\"image\/jpeg\" \/>\n<meta name=\"twitter:card\" content=\"summary_large_image\" \/>\n<script type=\"application\/ld+json\" class=\"yoast-schema-graph\">{\"@context\":\"https:\\\/\\\/schema.org\",\"@graph\":[{\"@type\":\"WebPage\",\"@id\":\"https:\\\/\\\/www.booksonthemove.fr\\\/en\\\/produit\\\/la-marche-dans-les-arts-du-spectacle\\\/\",\"url\":\"https:\\\/\\\/www.booksonthemove.fr\\\/en\\\/produit\\\/la-marche-dans-les-arts-du-spectacle\\\/\",\"name\":\"La marche dans les arts du spectacle - Books on the Move\",\"isPartOf\":{\"@id\":\"https:\\\/\\\/www.booksonthemove.fr\\\/#website\"},\"primaryImageOfPage\":{\"@id\":\"https:\\\/\\\/www.booksonthemove.fr\\\/en\\\/produit\\\/la-marche-dans-les-arts-du-spectacle\\\/#primaryimage\"},\"image\":{\"@id\":\"https:\\\/\\\/www.booksonthemove.fr\\\/en\\\/produit\\\/la-marche-dans-les-arts-du-spectacle\\\/#primaryimage\"},\"thumbnailUrl\":\"https:\\\/\\\/www.booksonthemove.fr\\\/media\\\/bom_2884.jpeg\",\"datePublished\":\"2025-01-06T16:41:29+00:00\",\"dateModified\":\"2026-02-24T10:07:54+00:00\",\"breadcrumb\":{\"@id\":\"https:\\\/\\\/www.booksonthemove.fr\\\/en\\\/produit\\\/la-marche-dans-les-arts-du-spectacle\\\/#breadcrumb\"},\"inLanguage\":\"en-US\",\"potentialAction\":[{\"@type\":\"ReadAction\",\"target\":[\"https:\\\/\\\/www.booksonthemove.fr\\\/en\\\/produit\\\/la-marche-dans-les-arts-du-spectacle\\\/\"]}]},{\"@type\":\"ImageObject\",\"inLanguage\":\"en-US\",\"@id\":\"https:\\\/\\\/www.booksonthemove.fr\\\/en\\\/produit\\\/la-marche-dans-les-arts-du-spectacle\\\/#primaryimage\",\"url\":\"https:\\\/\\\/www.booksonthemove.fr\\\/media\\\/bom_2884.jpeg\",\"contentUrl\":\"https:\\\/\\\/www.booksonthemove.fr\\\/media\\\/bom_2884.jpeg\",\"width\":530,\"height\":799},{\"@type\":\"BreadcrumbList\",\"@id\":\"https:\\\/\\\/www.booksonthemove.fr\\\/en\\\/produit\\\/la-marche-dans-les-arts-du-spectacle\\\/#breadcrumb\",\"itemListElement\":[{\"@type\":\"ListItem\",\"position\":1,\"name\":\"Accueil\",\"item\":\"https:\\\/\\\/www.booksonthemove.fr\\\/en\\\/\"},{\"@type\":\"ListItem\",\"position\":2,\"name\":\"online store\",\"item\":\"https:\\\/\\\/www.booksonthemove.fr\\\/en\\\/online-shop\\\/\"},{\"@type\":\"ListItem\",\"position\":3,\"name\":\"La marche dans les arts du spectacle\"}]},{\"@type\":\"WebSite\",\"@id\":\"https:\\\/\\\/www.booksonthemove.fr\\\/#website\",\"url\":\"https:\\\/\\\/www.booksonthemove.fr\\\/\",\"name\":\"Books on the Move\",\"description\":\"librairie nomade - danse - mouvement - performance\",\"publisher\":{\"@id\":\"https:\\\/\\\/www.booksonthemove.fr\\\/#organization\"},\"potentialAction\":[{\"@type\":\"SearchAction\",\"target\":{\"@type\":\"EntryPoint\",\"urlTemplate\":\"https:\\\/\\\/www.booksonthemove.fr\\\/?s={search_term_string}\"},\"query-input\":{\"@type\":\"PropertyValueSpecification\",\"valueRequired\":true,\"valueName\":\"search_term_string\"}}],\"inLanguage\":\"en-US\"},{\"@type\":\"Organization\",\"@id\":\"https:\\\/\\\/www.booksonthemove.fr\\\/#organization\",\"name\":\"Books on the Move\",\"url\":\"https:\\\/\\\/www.booksonthemove.fr\\\/\",\"logo\":{\"@type\":\"ImageObject\",\"inLanguage\":\"en-US\",\"@id\":\"https:\\\/\\\/www.booksonthemove.fr\\\/#\\\/schema\\\/logo\\\/image\\\/\",\"url\":\"https:\\\/\\\/www.booksonthemove.fr\\\/media\\\/logo-NB-400.jpg\",\"contentUrl\":\"https:\\\/\\\/www.booksonthemove.fr\\\/media\\\/logo-NB-400.jpg\",\"width\":400,\"height\":143,\"caption\":\"Books on the Move\"},\"image\":{\"@id\":\"https:\\\/\\\/www.booksonthemove.fr\\\/#\\\/schema\\\/logo\\\/image\\\/\"},\"sameAs\":[\"https:\\\/\\\/www.facebook.com\\\/Librairiebooksonthemove\\\/\"]}]}<\/script>\n<!-- \/ Yoast SEO plugin. -->","yoast_head_json":{"title":"La marche dans les arts du spectacle - Books on the Move","robots":{"index":"index","follow":"follow","max-snippet":"max-snippet:-1","max-image-preview":"max-image-preview:large","max-video-preview":"max-video-preview:-1"},"canonical":"https:\/\/www.booksonthemove.fr\/en\/produit\/la-marche-dans-les-arts-du-spectacle\/","og_locale":"en_US","og_type":"article","og_title":"La marche dans les arts du spectacle - Books on the Move","og_description":"AUTEURS : sous la direction de Sylvain Diaz et Guillaume Sint\u00e8s EDITEUR : Deuxi\u00e8me \u00e9poque (2024)  BROCH\u00c9 :\u00a0272 pages LANGUE : Fran\u00e7ais ISBN13 : 978-2-37769-118-0","og_url":"https:\/\/www.booksonthemove.fr\/en\/produit\/la-marche-dans-les-arts-du-spectacle\/","og_site_name":"Books on the Move","article_publisher":"https:\/\/www.facebook.com\/Librairiebooksonthemove\/","article_modified_time":"2026-02-24T10:07:54+00:00","og_image":[{"width":530,"height":799,"url":"https:\/\/www.booksonthemove.fr\/media\/bom_2884.jpeg","type":"image\/jpeg"}],"twitter_card":"summary_large_image","schema":{"@context":"https:\/\/schema.org","@graph":[{"@type":"WebPage","@id":"https:\/\/www.booksonthemove.fr\/en\/produit\/la-marche-dans-les-arts-du-spectacle\/","url":"https:\/\/www.booksonthemove.fr\/en\/produit\/la-marche-dans-les-arts-du-spectacle\/","name":"La marche dans les arts du spectacle - Books on the Move","isPartOf":{"@id":"https:\/\/www.booksonthemove.fr\/#website"},"primaryImageOfPage":{"@id":"https:\/\/www.booksonthemove.fr\/en\/produit\/la-marche-dans-les-arts-du-spectacle\/#primaryimage"},"image":{"@id":"https:\/\/www.booksonthemove.fr\/en\/produit\/la-marche-dans-les-arts-du-spectacle\/#primaryimage"},"thumbnailUrl":"https:\/\/www.booksonthemove.fr\/media\/bom_2884.jpeg","datePublished":"2025-01-06T16:41:29+00:00","dateModified":"2026-02-24T10:07:54+00:00","breadcrumb":{"@id":"https:\/\/www.booksonthemove.fr\/en\/produit\/la-marche-dans-les-arts-du-spectacle\/#breadcrumb"},"inLanguage":"en-US","potentialAction":[{"@type":"ReadAction","target":["https:\/\/www.booksonthemove.fr\/en\/produit\/la-marche-dans-les-arts-du-spectacle\/"]}]},{"@type":"ImageObject","inLanguage":"en-US","@id":"https:\/\/www.booksonthemove.fr\/en\/produit\/la-marche-dans-les-arts-du-spectacle\/#primaryimage","url":"https:\/\/www.booksonthemove.fr\/media\/bom_2884.jpeg","contentUrl":"https:\/\/www.booksonthemove.fr\/media\/bom_2884.jpeg","width":530,"height":799},{"@type":"BreadcrumbList","@id":"https:\/\/www.booksonthemove.fr\/en\/produit\/la-marche-dans-les-arts-du-spectacle\/#breadcrumb","itemListElement":[{"@type":"ListItem","position":1,"name":"Accueil","item":"https:\/\/www.booksonthemove.fr\/en\/"},{"@type":"ListItem","position":2,"name":"online store","item":"https:\/\/www.booksonthemove.fr\/en\/online-shop\/"},{"@type":"ListItem","position":3,"name":"La marche dans les arts du spectacle"}]},{"@type":"WebSite","@id":"https:\/\/www.booksonthemove.fr\/#website","url":"https:\/\/www.booksonthemove.fr\/","name":"Books on the Move","description":"librairie nomade - danse - mouvement - performance","publisher":{"@id":"https:\/\/www.booksonthemove.fr\/#organization"},"potentialAction":[{"@type":"SearchAction","target":{"@type":"EntryPoint","urlTemplate":"https:\/\/www.booksonthemove.fr\/?s={search_term_string}"},"query-input":{"@type":"PropertyValueSpecification","valueRequired":true,"valueName":"search_term_string"}}],"inLanguage":"en-US"},{"@type":"Organization","@id":"https:\/\/www.booksonthemove.fr\/#organization","name":"Books on the Move","url":"https:\/\/www.booksonthemove.fr\/","logo":{"@type":"ImageObject","inLanguage":"en-US","@id":"https:\/\/www.booksonthemove.fr\/#\/schema\/logo\/image\/","url":"https:\/\/www.booksonthemove.fr\/media\/logo-NB-400.jpg","contentUrl":"https:\/\/www.booksonthemove.fr\/media\/logo-NB-400.jpg","width":400,"height":143,"caption":"Books on the Move"},"image":{"@id":"https:\/\/www.booksonthemove.fr\/#\/schema\/logo\/image\/"},"sameAs":["https:\/\/www.facebook.com\/Librairiebooksonthemove\/"]}]}},"_links":{"self":[{"href":"https:\/\/www.booksonthemove.fr\/en\/wp-json\/wp\/v2\/product\/44576","targetHints":{"allow":["GET"]}}],"collection":[{"href":"https:\/\/www.booksonthemove.fr\/en\/wp-json\/wp\/v2\/product"}],"about":[{"href":"https:\/\/www.booksonthemove.fr\/en\/wp-json\/wp\/v2\/types\/product"}],"wp:featuredmedia":[{"embeddable":true,"href":"https:\/\/www.booksonthemove.fr\/en\/wp-json\/wp\/v2\/media\/44575"}],"wp:attachment":[{"href":"https:\/\/www.booksonthemove.fr\/en\/wp-json\/wp\/v2\/media?parent=44576"}],"wp:term":[{"taxonomy":"product_brand","embeddable":true,"href":"https:\/\/www.booksonthemove.fr\/en\/wp-json\/wp\/v2\/product_brand?post=44576"},{"taxonomy":"product_cat","embeddable":true,"href":"https:\/\/www.booksonthemove.fr\/en\/wp-json\/wp\/v2\/product_cat?post=44576"},{"taxonomy":"product_tag","embeddable":true,"href":"https:\/\/www.booksonthemove.fr\/en\/wp-json\/wp\/v2\/product_tag?post=44576"}],"curies":[{"name":"wp","href":"https:\/\/api.w.org\/{rel}","templated":true}]}}