{"id":44585,"date":"2025-01-09T17:30:34","date_gmt":"2025-01-09T16:30:34","guid":{"rendered":"https:\/\/www.booksonthemove.fr\/produit\/rage-assassine-mettre-fin-au-racisme\/"},"modified":"2025-05-30T12:18:41","modified_gmt":"2025-05-30T10:18:41","slug":"rage-assassine-mettre-fin-au-racisme","status":"publish","type":"product","link":"https:\/\/www.booksonthemove.fr\/en\/produit\/rage-assassine-mettre-fin-au-racisme\/","title":{"rendered":"Rage assassine &#8211; Mettre fin au racisme"},"content":{"rendered":"<p>Avant que Black Lives Matter et #MeToo ne viennent secouer l\u2019Am\u00e9rique et le monde occidental, bell hooks montrait, dans cet essai incisif, que l\u2019abolition du racisme et l\u2019\u00e9radication du sexisme vont de pair. Sans le f\u00e9minisme, la lutte antiraciste reste une affaire d\u2019hommes. Sans l\u2019antiracisme, le f\u00e9minisme s\u2019expose \u00e0 servir de courroie aux logiques de domination raciale. L&#8217;autrice insiste sur le bien-fond\u00e9 de la rage qui anime les masses populaires et la jeunesse noire et sur la n\u00e9cessit\u00e9 d\u2019en faire un moteur de changement social radical. Elle propose une th\u00e9orie et une pratique r\u00e9volutionnaires, dont la fin est une communaut\u00e9 solidaire fond\u00e9e sur l\u2019\u00e9galit\u00e9 r\u00e9elle et la volont\u00e9 de tou.te.s de travailler au changement.<\/p>\n","protected":false},"excerpt":{"rendered":"<p><strong>AUTEURE :<\/strong> Bell Hooks<br \/>\n<strong>EDITEUR :<\/strong> \u00c9ditions Divergences (2023)<\/p>\n<p><strong>BROCH\u00c9 :<\/strong>\u00a0360 pages<br \/>\n<strong>LANGUE :<\/strong> Fran\u00e7ais<br \/>\n<strong>ISBN :<\/strong> 9791097088642<\/p>\n","protected":false},"featured_media":44584,"template":"","meta":[],"product_brand":[],"product_cat":[728,227,202,162,148],"product_tag":[],"class_list":{"0":"post-44585","1":"product","2":"type-product","3":"status-publish","4":"has-post-thumbnail","6":"product_cat-black-studies-en","7":"product_cat-essays-en","8":"product_cat-feminism-en","9":"product_cat-french-en","10":"product_cat-politics-en","12":"first","13":"instock","14":"taxable","15":"shipping-taxable","16":"purchasable","17":"product-type-simple"},"yoast_head":"<!-- This site is optimized with the Yoast SEO plugin v27.5 - https:\/\/yoast.com\/product\/yoast-seo-wordpress\/ -->\n<title>Rage assassine - Mettre fin au racisme - Books on the Move<\/title>\n<meta name=\"robots\" content=\"index, follow, max-snippet:-1, max-image-preview:large, max-video-preview:-1\" \/>\n<link rel=\"canonical\" href=\"https:\/\/www.booksonthemove.fr\/produit\/rage-assassine-mettre-fin-au-racisme\/\" \/>\n<meta property=\"og:locale\" content=\"en_US\" \/>\n<meta property=\"og:type\" content=\"article\" \/>\n<meta property=\"og:title\" content=\"Rage assassine - Mettre fin au racisme - Books on the Move\" \/>\n<meta property=\"og:description\" content=\"AUTEURE : Bell Hooks EDITEUR : \u00c9ditions Divergences (2023)  BROCH\u00c9 :\u00a0360 pages LANGUE : Fran\u00e7ais ISBN : 9791097088642\" \/>\n<meta property=\"og:url\" content=\"https:\/\/www.booksonthemove.fr\/produit\/rage-assassine-mettre-fin-au-racisme\/\" \/>\n<meta property=\"og:site_name\" content=\"Books on the Move\" \/>\n<meta property=\"article:publisher\" content=\"https:\/\/www.facebook.com\/Librairiebooksonthemove\/\" \/>\n<meta property=\"article:modified_time\" content=\"2025-05-30T10:18:41+00:00\" \/>\n<meta property=\"og:image\" content=\"https:\/\/www.booksonthemove.fr\/media\/bom_2885.jpeg\" \/>\n\t<meta property=\"og:image:width\" content=\"540\" \/>\n\t<meta property=\"og:image:height\" content=\"900\" \/>\n\t<meta property=\"og:image:type\" content=\"image\/jpeg\" \/>\n<meta name=\"twitter:card\" content=\"summary_large_image\" \/>\n<script type=\"application\/ld+json\" class=\"yoast-schema-graph\">{\"@context\":\"https:\\\/\\\/schema.org\",\"@graph\":[{\"@type\":\"WebPage\",\"@id\":\"https:\\\/\\\/www.booksonthemove.fr\\\/produit\\\/rage-assassine-mettre-fin-au-racisme\\\/\",\"url\":\"https:\\\/\\\/www.booksonthemove.fr\\\/produit\\\/rage-assassine-mettre-fin-au-racisme\\\/\",\"name\":\"Rage assassine - Mettre fin au racisme - Books on the Move\",\"isPartOf\":{\"@id\":\"https:\\\/\\\/www.booksonthemove.fr\\\/#website\"},\"primaryImageOfPage\":{\"@id\":\"https:\\\/\\\/www.booksonthemove.fr\\\/produit\\\/rage-assassine-mettre-fin-au-racisme\\\/#primaryimage\"},\"image\":{\"@id\":\"https:\\\/\\\/www.booksonthemove.fr\\\/produit\\\/rage-assassine-mettre-fin-au-racisme\\\/#primaryimage\"},\"thumbnailUrl\":\"https:\\\/\\\/www.booksonthemove.fr\\\/media\\\/bom_2885.jpeg\",\"datePublished\":\"2025-01-09T16:30:34+00:00\",\"dateModified\":\"2025-05-30T10:18:41+00:00\",\"breadcrumb\":{\"@id\":\"https:\\\/\\\/www.booksonthemove.fr\\\/produit\\\/rage-assassine-mettre-fin-au-racisme\\\/#breadcrumb\"},\"inLanguage\":\"en-US\",\"potentialAction\":[{\"@type\":\"ReadAction\",\"target\":[\"https:\\\/\\\/www.booksonthemove.fr\\\/produit\\\/rage-assassine-mettre-fin-au-racisme\\\/\"]}]},{\"@type\":\"ImageObject\",\"inLanguage\":\"en-US\",\"@id\":\"https:\\\/\\\/www.booksonthemove.fr\\\/produit\\\/rage-assassine-mettre-fin-au-racisme\\\/#primaryimage\",\"url\":\"https:\\\/\\\/www.booksonthemove.fr\\\/media\\\/bom_2885.jpeg\",\"contentUrl\":\"https:\\\/\\\/www.booksonthemove.fr\\\/media\\\/bom_2885.jpeg\",\"width\":540,\"height\":900},{\"@type\":\"BreadcrumbList\",\"@id\":\"https:\\\/\\\/www.booksonthemove.fr\\\/produit\\\/rage-assassine-mettre-fin-au-racisme\\\/#breadcrumb\",\"itemListElement\":[{\"@type\":\"ListItem\",\"position\":1,\"name\":\"Accueil\",\"item\":\"https:\\\/\\\/www.booksonthemove.fr\\\/en\\\/\"},{\"@type\":\"ListItem\",\"position\":2,\"name\":\"online store\",\"item\":\"https:\\\/\\\/www.booksonthemove.fr\\\/en\\\/online-shop\\\/\"},{\"@type\":\"ListItem\",\"position\":3,\"name\":\"Rage assassine &#8211; Mettre fin au racisme\"}]},{\"@type\":\"WebSite\",\"@id\":\"https:\\\/\\\/www.booksonthemove.fr\\\/#website\",\"url\":\"https:\\\/\\\/www.booksonthemove.fr\\\/\",\"name\":\"Books on the Move\",\"description\":\"librairie nomade - danse - mouvement - performance\",\"publisher\":{\"@id\":\"https:\\\/\\\/www.booksonthemove.fr\\\/#organization\"},\"potentialAction\":[{\"@type\":\"SearchAction\",\"target\":{\"@type\":\"EntryPoint\",\"urlTemplate\":\"https:\\\/\\\/www.booksonthemove.fr\\\/?s={search_term_string}\"},\"query-input\":{\"@type\":\"PropertyValueSpecification\",\"valueRequired\":true,\"valueName\":\"search_term_string\"}}],\"inLanguage\":\"en-US\"},{\"@type\":\"Organization\",\"@id\":\"https:\\\/\\\/www.booksonthemove.fr\\\/#organization\",\"name\":\"Books on the Move\",\"url\":\"https:\\\/\\\/www.booksonthemove.fr\\\/\",\"logo\":{\"@type\":\"ImageObject\",\"inLanguage\":\"en-US\",\"@id\":\"https:\\\/\\\/www.booksonthemove.fr\\\/#\\\/schema\\\/logo\\\/image\\\/\",\"url\":\"https:\\\/\\\/www.booksonthemove.fr\\\/media\\\/logo-NB-400.jpg\",\"contentUrl\":\"https:\\\/\\\/www.booksonthemove.fr\\\/media\\\/logo-NB-400.jpg\",\"width\":400,\"height\":143,\"caption\":\"Books on the Move\"},\"image\":{\"@id\":\"https:\\\/\\\/www.booksonthemove.fr\\\/#\\\/schema\\\/logo\\\/image\\\/\"},\"sameAs\":[\"https:\\\/\\\/www.facebook.com\\\/Librairiebooksonthemove\\\/\"]}]}<\/script>\n<!-- \/ Yoast SEO plugin. -->","yoast_head_json":{"title":"Rage assassine - Mettre fin au racisme - Books on the Move","robots":{"index":"index","follow":"follow","max-snippet":"max-snippet:-1","max-image-preview":"max-image-preview:large","max-video-preview":"max-video-preview:-1"},"canonical":"https:\/\/www.booksonthemove.fr\/produit\/rage-assassine-mettre-fin-au-racisme\/","og_locale":"en_US","og_type":"article","og_title":"Rage assassine - Mettre fin au racisme - Books on the Move","og_description":"AUTEURE : Bell Hooks EDITEUR : \u00c9ditions Divergences (2023)  BROCH\u00c9 :\u00a0360 pages LANGUE : Fran\u00e7ais ISBN : 9791097088642","og_url":"https:\/\/www.booksonthemove.fr\/produit\/rage-assassine-mettre-fin-au-racisme\/","og_site_name":"Books on the Move","article_publisher":"https:\/\/www.facebook.com\/Librairiebooksonthemove\/","article_modified_time":"2025-05-30T10:18:41+00:00","og_image":[{"width":540,"height":900,"url":"https:\/\/www.booksonthemove.fr\/media\/bom_2885.jpeg","type":"image\/jpeg"}],"twitter_card":"summary_large_image","schema":{"@context":"https:\/\/schema.org","@graph":[{"@type":"WebPage","@id":"https:\/\/www.booksonthemove.fr\/produit\/rage-assassine-mettre-fin-au-racisme\/","url":"https:\/\/www.booksonthemove.fr\/produit\/rage-assassine-mettre-fin-au-racisme\/","name":"Rage assassine - Mettre fin au racisme - Books on the Move","isPartOf":{"@id":"https:\/\/www.booksonthemove.fr\/#website"},"primaryImageOfPage":{"@id":"https:\/\/www.booksonthemove.fr\/produit\/rage-assassine-mettre-fin-au-racisme\/#primaryimage"},"image":{"@id":"https:\/\/www.booksonthemove.fr\/produit\/rage-assassine-mettre-fin-au-racisme\/#primaryimage"},"thumbnailUrl":"https:\/\/www.booksonthemove.fr\/media\/bom_2885.jpeg","datePublished":"2025-01-09T16:30:34+00:00","dateModified":"2025-05-30T10:18:41+00:00","breadcrumb":{"@id":"https:\/\/www.booksonthemove.fr\/produit\/rage-assassine-mettre-fin-au-racisme\/#breadcrumb"},"inLanguage":"en-US","potentialAction":[{"@type":"ReadAction","target":["https:\/\/www.booksonthemove.fr\/produit\/rage-assassine-mettre-fin-au-racisme\/"]}]},{"@type":"ImageObject","inLanguage":"en-US","@id":"https:\/\/www.booksonthemove.fr\/produit\/rage-assassine-mettre-fin-au-racisme\/#primaryimage","url":"https:\/\/www.booksonthemove.fr\/media\/bom_2885.jpeg","contentUrl":"https:\/\/www.booksonthemove.fr\/media\/bom_2885.jpeg","width":540,"height":900},{"@type":"BreadcrumbList","@id":"https:\/\/www.booksonthemove.fr\/produit\/rage-assassine-mettre-fin-au-racisme\/#breadcrumb","itemListElement":[{"@type":"ListItem","position":1,"name":"Accueil","item":"https:\/\/www.booksonthemove.fr\/en\/"},{"@type":"ListItem","position":2,"name":"online store","item":"https:\/\/www.booksonthemove.fr\/en\/online-shop\/"},{"@type":"ListItem","position":3,"name":"Rage assassine &#8211; Mettre fin au racisme"}]},{"@type":"WebSite","@id":"https:\/\/www.booksonthemove.fr\/#website","url":"https:\/\/www.booksonthemove.fr\/","name":"Books on the Move","description":"librairie nomade - danse - mouvement - performance","publisher":{"@id":"https:\/\/www.booksonthemove.fr\/#organization"},"potentialAction":[{"@type":"SearchAction","target":{"@type":"EntryPoint","urlTemplate":"https:\/\/www.booksonthemove.fr\/?s={search_term_string}"},"query-input":{"@type":"PropertyValueSpecification","valueRequired":true,"valueName":"search_term_string"}}],"inLanguage":"en-US"},{"@type":"Organization","@id":"https:\/\/www.booksonthemove.fr\/#organization","name":"Books on the Move","url":"https:\/\/www.booksonthemove.fr\/","logo":{"@type":"ImageObject","inLanguage":"en-US","@id":"https:\/\/www.booksonthemove.fr\/#\/schema\/logo\/image\/","url":"https:\/\/www.booksonthemove.fr\/media\/logo-NB-400.jpg","contentUrl":"https:\/\/www.booksonthemove.fr\/media\/logo-NB-400.jpg","width":400,"height":143,"caption":"Books on the Move"},"image":{"@id":"https:\/\/www.booksonthemove.fr\/#\/schema\/logo\/image\/"},"sameAs":["https:\/\/www.facebook.com\/Librairiebooksonthemove\/"]}]}},"_links":{"self":[{"href":"https:\/\/www.booksonthemove.fr\/en\/wp-json\/wp\/v2\/product\/44585","targetHints":{"allow":["GET"]}}],"collection":[{"href":"https:\/\/www.booksonthemove.fr\/en\/wp-json\/wp\/v2\/product"}],"about":[{"href":"https:\/\/www.booksonthemove.fr\/en\/wp-json\/wp\/v2\/types\/product"}],"wp:featuredmedia":[{"embeddable":true,"href":"https:\/\/www.booksonthemove.fr\/en\/wp-json\/wp\/v2\/media\/44584"}],"wp:attachment":[{"href":"https:\/\/www.booksonthemove.fr\/en\/wp-json\/wp\/v2\/media?parent=44585"}],"wp:term":[{"taxonomy":"product_brand","embeddable":true,"href":"https:\/\/www.booksonthemove.fr\/en\/wp-json\/wp\/v2\/product_brand?post=44585"},{"taxonomy":"product_cat","embeddable":true,"href":"https:\/\/www.booksonthemove.fr\/en\/wp-json\/wp\/v2\/product_cat?post=44585"},{"taxonomy":"product_tag","embeddable":true,"href":"https:\/\/www.booksonthemove.fr\/en\/wp-json\/wp\/v2\/product_tag?post=44585"}],"curies":[{"name":"wp","href":"https:\/\/api.w.org\/{rel}","templated":true}]}}