{"id":44637,"date":"2025-01-23T11:56:34","date_gmt":"2025-01-23T10:56:34","guid":{"rendered":"https:\/\/www.booksonthemove.fr\/produit\/labc-de-la-guerre\/"},"modified":"2025-02-20T20:53:33","modified_gmt":"2025-02-20T19:53:33","slug":"labc-de-la-guerre","status":"publish","type":"product","link":"https:\/\/www.booksonthemove.fr\/en\/produit\/labc-de-la-guerre\/","title":{"rendered":"L&#8217;ABC de la guerre"},"content":{"rendered":"<p>La premi\u00e8re \u00e9dition de <em>L\u2019ABC de la guerre\u00a0<\/em>remonte au temps de l\u2019ancienne RDA \u2013 la d\u00e9funte R\u00e9publique D\u00e9mocratique Allemande. Une r\u00e9publique qui s\u2019\u00e9tait donn\u00e9e comme maxime de cr\u00e9er une soci\u00e9t\u00e9 nouvelle \u2013 dans laquelle des termes comme justice, paix et suppression des diff\u00e9rences de classes constituaient les assises du vocabulaire politique. C\u2019est dans cette r\u00e9publique, que Brecht avait pourtant choisie comme lieu de travail, que <em>L\u2019ABC de la guerre\u00a0<\/em>n\u2019obtint pas l\u2019autorisation n\u00e9cessaire pour \u00eatre imprim\u00e9. Trop pacifiste aux yeux des instances de l\u2019\u00c9tat. Bravant la censure, Brecht prit en 1954 la responsabilit\u00e9 de son impression et \u00e9crivit \u00e0 la maison d\u2019\u00e9dition qu\u2019un membre de l\u2019Acad\u00e9mie des arts, comme lui, ne d\u00e9pendait pas d\u2019une autorisation officielle.<br \/>\nLa relation entre textes et images est saisissante, Brecht les appelait des \u00ab\u00a0photogrammes\u00a0\u00bb. Ces textes ne sont pas \u00e0 lire comme des l\u00e9gendes mais de petits po\u00e8mes \u00e0 part enti\u00e8re, qui entrent en dialogue avec les photos. Ouvrant largement l\u2019horizon \u00e0 la pens\u00e9e, ils d\u00e9passent l\u2019actualit\u00e9 de l\u2019\u00e9poque pour nous parler d\u2019aujourd\u2019hui, et de toutes les guerres.<\/p>\n","protected":false},"excerpt":{"rendered":"<p><b>AUTEUR :<\/b> Bertolt Brecht<br \/>\n<b>EDITEUR : <\/b>L&#8217;Arche (2015)<\/p>\n<p><strong>BROCH\u00c9 :<\/strong>\u00a0208 pages<br \/>\n<b>LANGUE : <\/b>Fran\u00e7ais \/ Allemand<br \/>\n<strong>ISBN13 :<\/strong> 9782851818706<\/p>\n","protected":false},"featured_media":44636,"template":"","meta":[],"product_brand":[],"product_cat":[167,210,162,219],"product_tag":[],"class_list":{"0":"post-44637","1":"product","2":"type-product","3":"status-publish","4":"has-post-thumbnail","6":"product_cat-german-en","7":"product_cat-archivesdocumentation-en","8":"product_cat-french-en","9":"product_cat-literature-en","11":"first","12":"instock","13":"taxable","14":"shipping-taxable","15":"purchasable","16":"product-type-simple"},"yoast_head":"<!-- This site is optimized with the Yoast SEO plugin v27.5 - https:\/\/yoast.com\/product\/yoast-seo-wordpress\/ -->\n<title>L&#039;ABC de la guerre - Books on the Move<\/title>\n<meta name=\"robots\" content=\"index, follow, max-snippet:-1, max-image-preview:large, max-video-preview:-1\" \/>\n<link rel=\"canonical\" href=\"https:\/\/www.booksonthemove.fr\/produit\/labc-de-la-guerre\/\" \/>\n<meta property=\"og:locale\" content=\"en_US\" \/>\n<meta property=\"og:type\" content=\"article\" \/>\n<meta property=\"og:title\" content=\"L&#039;ABC de la guerre - Books on the Move\" \/>\n<meta property=\"og:description\" content=\"AUTEUR : Bertolt Brecht EDITEUR : L&#039;Arche (2015)  BROCH\u00c9 :\u00a0208 pages LANGUE : Fran\u00e7ais \/ Allemand ISBN13 : 9782851818706\" \/>\n<meta property=\"og:url\" content=\"https:\/\/www.booksonthemove.fr\/produit\/labc-de-la-guerre\/\" \/>\n<meta property=\"og:site_name\" content=\"Books on the Move\" \/>\n<meta property=\"article:publisher\" content=\"https:\/\/www.facebook.com\/Librairiebooksonthemove\/\" \/>\n<meta property=\"article:modified_time\" content=\"2025-02-20T19:53:33+00:00\" \/>\n<meta property=\"og:image\" content=\"https:\/\/www.booksonthemove.fr\/media\/bom_2891.jpeg\" \/>\n\t<meta property=\"og:image:width\" content=\"576\" \/>\n\t<meta property=\"og:image:height\" content=\"900\" \/>\n\t<meta property=\"og:image:type\" content=\"image\/jpeg\" \/>\n<meta name=\"twitter:card\" content=\"summary_large_image\" \/>\n<script type=\"application\/ld+json\" class=\"yoast-schema-graph\">{\"@context\":\"https:\\\/\\\/schema.org\",\"@graph\":[{\"@type\":\"WebPage\",\"@id\":\"https:\\\/\\\/www.booksonthemove.fr\\\/produit\\\/labc-de-la-guerre\\\/\",\"url\":\"https:\\\/\\\/www.booksonthemove.fr\\\/produit\\\/labc-de-la-guerre\\\/\",\"name\":\"L'ABC de la guerre - Books on the Move\",\"isPartOf\":{\"@id\":\"https:\\\/\\\/www.booksonthemove.fr\\\/#website\"},\"primaryImageOfPage\":{\"@id\":\"https:\\\/\\\/www.booksonthemove.fr\\\/produit\\\/labc-de-la-guerre\\\/#primaryimage\"},\"image\":{\"@id\":\"https:\\\/\\\/www.booksonthemove.fr\\\/produit\\\/labc-de-la-guerre\\\/#primaryimage\"},\"thumbnailUrl\":\"https:\\\/\\\/www.booksonthemove.fr\\\/media\\\/bom_2891.jpeg\",\"datePublished\":\"2025-01-23T10:56:34+00:00\",\"dateModified\":\"2025-02-20T19:53:33+00:00\",\"breadcrumb\":{\"@id\":\"https:\\\/\\\/www.booksonthemove.fr\\\/produit\\\/labc-de-la-guerre\\\/#breadcrumb\"},\"inLanguage\":\"en-US\",\"potentialAction\":[{\"@type\":\"ReadAction\",\"target\":[\"https:\\\/\\\/www.booksonthemove.fr\\\/produit\\\/labc-de-la-guerre\\\/\"]}]},{\"@type\":\"ImageObject\",\"inLanguage\":\"en-US\",\"@id\":\"https:\\\/\\\/www.booksonthemove.fr\\\/produit\\\/labc-de-la-guerre\\\/#primaryimage\",\"url\":\"https:\\\/\\\/www.booksonthemove.fr\\\/media\\\/bom_2891.jpeg\",\"contentUrl\":\"https:\\\/\\\/www.booksonthemove.fr\\\/media\\\/bom_2891.jpeg\",\"width\":576,\"height\":900},{\"@type\":\"BreadcrumbList\",\"@id\":\"https:\\\/\\\/www.booksonthemove.fr\\\/produit\\\/labc-de-la-guerre\\\/#breadcrumb\",\"itemListElement\":[{\"@type\":\"ListItem\",\"position\":1,\"name\":\"Accueil\",\"item\":\"https:\\\/\\\/www.booksonthemove.fr\\\/en\\\/\"},{\"@type\":\"ListItem\",\"position\":2,\"name\":\"online store\",\"item\":\"https:\\\/\\\/www.booksonthemove.fr\\\/en\\\/online-shop\\\/\"},{\"@type\":\"ListItem\",\"position\":3,\"name\":\"L&rsquo;ABC de la guerre\"}]},{\"@type\":\"WebSite\",\"@id\":\"https:\\\/\\\/www.booksonthemove.fr\\\/#website\",\"url\":\"https:\\\/\\\/www.booksonthemove.fr\\\/\",\"name\":\"Books on the Move\",\"description\":\"librairie nomade - danse - mouvement - performance\",\"publisher\":{\"@id\":\"https:\\\/\\\/www.booksonthemove.fr\\\/#organization\"},\"potentialAction\":[{\"@type\":\"SearchAction\",\"target\":{\"@type\":\"EntryPoint\",\"urlTemplate\":\"https:\\\/\\\/www.booksonthemove.fr\\\/?s={search_term_string}\"},\"query-input\":{\"@type\":\"PropertyValueSpecification\",\"valueRequired\":true,\"valueName\":\"search_term_string\"}}],\"inLanguage\":\"en-US\"},{\"@type\":\"Organization\",\"@id\":\"https:\\\/\\\/www.booksonthemove.fr\\\/#organization\",\"name\":\"Books on the Move\",\"url\":\"https:\\\/\\\/www.booksonthemove.fr\\\/\",\"logo\":{\"@type\":\"ImageObject\",\"inLanguage\":\"en-US\",\"@id\":\"https:\\\/\\\/www.booksonthemove.fr\\\/#\\\/schema\\\/logo\\\/image\\\/\",\"url\":\"https:\\\/\\\/www.booksonthemove.fr\\\/media\\\/logo-NB-400.jpg\",\"contentUrl\":\"https:\\\/\\\/www.booksonthemove.fr\\\/media\\\/logo-NB-400.jpg\",\"width\":400,\"height\":143,\"caption\":\"Books on the Move\"},\"image\":{\"@id\":\"https:\\\/\\\/www.booksonthemove.fr\\\/#\\\/schema\\\/logo\\\/image\\\/\"},\"sameAs\":[\"https:\\\/\\\/www.facebook.com\\\/Librairiebooksonthemove\\\/\"]}]}<\/script>\n<!-- \/ Yoast SEO plugin. -->","yoast_head_json":{"title":"L'ABC de la guerre - Books on the Move","robots":{"index":"index","follow":"follow","max-snippet":"max-snippet:-1","max-image-preview":"max-image-preview:large","max-video-preview":"max-video-preview:-1"},"canonical":"https:\/\/www.booksonthemove.fr\/produit\/labc-de-la-guerre\/","og_locale":"en_US","og_type":"article","og_title":"L'ABC de la guerre - Books on the Move","og_description":"AUTEUR : Bertolt Brecht EDITEUR : L'Arche (2015)  BROCH\u00c9 :\u00a0208 pages LANGUE : Fran\u00e7ais \/ Allemand ISBN13 : 9782851818706","og_url":"https:\/\/www.booksonthemove.fr\/produit\/labc-de-la-guerre\/","og_site_name":"Books on the Move","article_publisher":"https:\/\/www.facebook.com\/Librairiebooksonthemove\/","article_modified_time":"2025-02-20T19:53:33+00:00","og_image":[{"width":576,"height":900,"url":"https:\/\/www.booksonthemove.fr\/media\/bom_2891.jpeg","type":"image\/jpeg"}],"twitter_card":"summary_large_image","schema":{"@context":"https:\/\/schema.org","@graph":[{"@type":"WebPage","@id":"https:\/\/www.booksonthemove.fr\/produit\/labc-de-la-guerre\/","url":"https:\/\/www.booksonthemove.fr\/produit\/labc-de-la-guerre\/","name":"L'ABC de la guerre - Books on the Move","isPartOf":{"@id":"https:\/\/www.booksonthemove.fr\/#website"},"primaryImageOfPage":{"@id":"https:\/\/www.booksonthemove.fr\/produit\/labc-de-la-guerre\/#primaryimage"},"image":{"@id":"https:\/\/www.booksonthemove.fr\/produit\/labc-de-la-guerre\/#primaryimage"},"thumbnailUrl":"https:\/\/www.booksonthemove.fr\/media\/bom_2891.jpeg","datePublished":"2025-01-23T10:56:34+00:00","dateModified":"2025-02-20T19:53:33+00:00","breadcrumb":{"@id":"https:\/\/www.booksonthemove.fr\/produit\/labc-de-la-guerre\/#breadcrumb"},"inLanguage":"en-US","potentialAction":[{"@type":"ReadAction","target":["https:\/\/www.booksonthemove.fr\/produit\/labc-de-la-guerre\/"]}]},{"@type":"ImageObject","inLanguage":"en-US","@id":"https:\/\/www.booksonthemove.fr\/produit\/labc-de-la-guerre\/#primaryimage","url":"https:\/\/www.booksonthemove.fr\/media\/bom_2891.jpeg","contentUrl":"https:\/\/www.booksonthemove.fr\/media\/bom_2891.jpeg","width":576,"height":900},{"@type":"BreadcrumbList","@id":"https:\/\/www.booksonthemove.fr\/produit\/labc-de-la-guerre\/#breadcrumb","itemListElement":[{"@type":"ListItem","position":1,"name":"Accueil","item":"https:\/\/www.booksonthemove.fr\/en\/"},{"@type":"ListItem","position":2,"name":"online store","item":"https:\/\/www.booksonthemove.fr\/en\/online-shop\/"},{"@type":"ListItem","position":3,"name":"L&rsquo;ABC de la guerre"}]},{"@type":"WebSite","@id":"https:\/\/www.booksonthemove.fr\/#website","url":"https:\/\/www.booksonthemove.fr\/","name":"Books on the Move","description":"librairie nomade - danse - mouvement - performance","publisher":{"@id":"https:\/\/www.booksonthemove.fr\/#organization"},"potentialAction":[{"@type":"SearchAction","target":{"@type":"EntryPoint","urlTemplate":"https:\/\/www.booksonthemove.fr\/?s={search_term_string}"},"query-input":{"@type":"PropertyValueSpecification","valueRequired":true,"valueName":"search_term_string"}}],"inLanguage":"en-US"},{"@type":"Organization","@id":"https:\/\/www.booksonthemove.fr\/#organization","name":"Books on the Move","url":"https:\/\/www.booksonthemove.fr\/","logo":{"@type":"ImageObject","inLanguage":"en-US","@id":"https:\/\/www.booksonthemove.fr\/#\/schema\/logo\/image\/","url":"https:\/\/www.booksonthemove.fr\/media\/logo-NB-400.jpg","contentUrl":"https:\/\/www.booksonthemove.fr\/media\/logo-NB-400.jpg","width":400,"height":143,"caption":"Books on the Move"},"image":{"@id":"https:\/\/www.booksonthemove.fr\/#\/schema\/logo\/image\/"},"sameAs":["https:\/\/www.facebook.com\/Librairiebooksonthemove\/"]}]}},"_links":{"self":[{"href":"https:\/\/www.booksonthemove.fr\/en\/wp-json\/wp\/v2\/product\/44637","targetHints":{"allow":["GET"]}}],"collection":[{"href":"https:\/\/www.booksonthemove.fr\/en\/wp-json\/wp\/v2\/product"}],"about":[{"href":"https:\/\/www.booksonthemove.fr\/en\/wp-json\/wp\/v2\/types\/product"}],"wp:featuredmedia":[{"embeddable":true,"href":"https:\/\/www.booksonthemove.fr\/en\/wp-json\/wp\/v2\/media\/44636"}],"wp:attachment":[{"href":"https:\/\/www.booksonthemove.fr\/en\/wp-json\/wp\/v2\/media?parent=44637"}],"wp:term":[{"taxonomy":"product_brand","embeddable":true,"href":"https:\/\/www.booksonthemove.fr\/en\/wp-json\/wp\/v2\/product_brand?post=44637"},{"taxonomy":"product_cat","embeddable":true,"href":"https:\/\/www.booksonthemove.fr\/en\/wp-json\/wp\/v2\/product_cat?post=44637"},{"taxonomy":"product_tag","embeddable":true,"href":"https:\/\/www.booksonthemove.fr\/en\/wp-json\/wp\/v2\/product_tag?post=44637"}],"curies":[{"name":"wp","href":"https:\/\/api.w.org\/{rel}","templated":true}]}}