{"id":44821,"date":"2025-02-24T23:20:47","date_gmt":"2025-02-24T22:20:47","guid":{"rendered":"https:\/\/www.booksonthemove.fr\/produit\/lorque-la-femme-et-lhirondelle-mille-et-un-sauvage\/"},"modified":"2026-03-07T19:45:15","modified_gmt":"2026-03-07T18:45:15","slug":"lorque-la-femme-et-lhirondelle-mille-et-un-sauvage","status":"publish","type":"product","link":"https:\/\/www.booksonthemove.fr\/en\/produit\/lorque-la-femme-et-lhirondelle-mille-et-un-sauvage\/","title":{"rendered":"L\u2019Orque, la Femme et l\u2019Hirondelle &#8211; Mille et un Sauvage"},"content":{"rendered":"<p>Le sauvage n\u2019est pas le propre d\u2019un ailleurs, mais en tout lieu, fait de seuils, de passages et de reconfigurations. Il est transhistorique et transversal aux \u00ab\u2009cultures\u2009\u00bb et \u00e0 l\u2019id\u00e9e de \u00ab\u2009nature\u2009\u00bb. Son murmure tenace se propage des confins d\u2019une r\u00e9gion foresti\u00e8re ou de l\u2019oc\u00e9an \u00e0 l\u2019intime de nos existences. Le sauvage c\u2019est la part insaisissable et intotalisable du monde dont la multiplicit\u00e9 des formes vivantes est une expression. Ce livre est compos\u00e9 de deux types de textes qui se r\u00e9pondent et se compl\u00e8tent\u2009: d\u2019une part, de r\u00e9cits \u00e9labor\u00e9s \u00e0 partir de rencontres avec des animaux sauvages dans de vastes espaces \u2013\u00a0du massif pyr\u00e9n\u00e9en aux fjords de Norv\u00e8ge\u00a0\u2013, ou encore dans un centre de soin\u2009; et d\u2019autre part, de r\u00e9flexions sur l\u2019exp\u00e9rience de l\u2019alt\u00e9rit\u00e9 \u00e0 laquelle ce monde nous expose. La rencontre avec l\u2019animal sauvage, l\u2019orque ou l\u2019hirondelle, permet d\u2019\u00e9prouver un commun inattendu, une r\u00e9ciprocit\u00e9 sensible, une \u00e9thique vivante \u00ab\u2009d\u00e9j\u00e0 l\u00e0\u2009\u00bb. Contre l\u2019effacement du vivant, il importe de repenser les relations entre les esp\u00e8ces, notre fa\u00e7on de sentir et de conna\u00eetre, et nous ouvrir \u00e0 l\u2019inconnu, parce que nous sommes sauvages.<\/p>\n","protected":false},"excerpt":{"rendered":"<p><strong>AUTEURE :<\/strong> St\u00e9phanie Chanvallon<br \/>\n<strong>EDITEUR :<\/strong> \u00c9ditions Dehors (2024)<\/p>\n<p><strong>BROCH\u00c9 :<\/strong> 320 pages<br \/>\n<strong>LANGUE :<\/strong> Fran\u00e7ais<br \/>\n<strong>ISBN13 :<\/strong> 978-2-3675-1036-7<\/p>\n","protected":false},"featured_media":44825,"template":"","meta":[],"product_brand":[],"product_cat":[224,365,209,227,162,292],"product_tag":[],"class_list":{"0":"post-44821","1":"product","2":"type-product","3":"status-publish","4":"has-post-thumbnail","6":"product_cat-animal-related-en","7":"product_cat-care-en","8":"product_cat-environment-en","9":"product_cat-essays-en","10":"product_cat-french-en","11":"product_cat-nature-en","13":"first","14":"outofstock","15":"taxable","16":"shipping-taxable","17":"purchasable","18":"product-type-simple"},"yoast_head":"<!-- This site is optimized with the Yoast SEO plugin v27.4 - https:\/\/yoast.com\/product\/yoast-seo-wordpress\/ -->\n<title>L\u2019Orque, la Femme et l\u2019Hirondelle - Mille et un Sauvage - Books on the Move<\/title>\n<meta name=\"robots\" content=\"index, follow, max-snippet:-1, max-image-preview:large, max-video-preview:-1\" \/>\n<link rel=\"canonical\" href=\"https:\/\/www.booksonthemove.fr\/en\/produit\/lorque-la-femme-et-lhirondelle-mille-et-un-sauvage\/\" \/>\n<meta property=\"og:locale\" content=\"en_US\" \/>\n<meta property=\"og:type\" content=\"article\" \/>\n<meta property=\"og:title\" content=\"L\u2019Orque, la Femme et l\u2019Hirondelle - Mille et un Sauvage - Books on the Move\" \/>\n<meta property=\"og:description\" content=\"AUTEURE : St\u00e9phanie Chanvallon EDITEUR : \u00c9ditions Dehors (2024)  BROCH\u00c9 : 320 pages LANGUE : Fran\u00e7ais ISBN13 : 978-2-3675-1036-7\" \/>\n<meta property=\"og:url\" content=\"https:\/\/www.booksonthemove.fr\/en\/produit\/lorque-la-femme-et-lhirondelle-mille-et-un-sauvage\/\" \/>\n<meta property=\"og:site_name\" content=\"Books on the Move\" \/>\n<meta property=\"article:publisher\" content=\"https:\/\/www.facebook.com\/Librairiebooksonthemove\/\" \/>\n<meta property=\"article:modified_time\" content=\"2026-03-07T18:45:15+00:00\" \/>\n<meta property=\"og:image\" content=\"https:\/\/www.booksonthemove.fr\/media\/bom_2903.jpeg\" \/>\n\t<meta property=\"og:image:width\" content=\"807\" \/>\n\t<meta property=\"og:image:height\" content=\"1280\" \/>\n\t<meta property=\"og:image:type\" content=\"image\/jpeg\" \/>\n<meta name=\"twitter:card\" content=\"summary_large_image\" \/>\n<script type=\"application\/ld+json\" class=\"yoast-schema-graph\">{\"@context\":\"https:\\\/\\\/schema.org\",\"@graph\":[{\"@type\":\"WebPage\",\"@id\":\"https:\\\/\\\/www.booksonthemove.fr\\\/en\\\/produit\\\/lorque-la-femme-et-lhirondelle-mille-et-un-sauvage\\\/\",\"url\":\"https:\\\/\\\/www.booksonthemove.fr\\\/en\\\/produit\\\/lorque-la-femme-et-lhirondelle-mille-et-un-sauvage\\\/\",\"name\":\"L\u2019Orque, la Femme et l\u2019Hirondelle - Mille et un Sauvage - Books on the Move\",\"isPartOf\":{\"@id\":\"https:\\\/\\\/www.booksonthemove.fr\\\/#website\"},\"primaryImageOfPage\":{\"@id\":\"https:\\\/\\\/www.booksonthemove.fr\\\/en\\\/produit\\\/lorque-la-femme-et-lhirondelle-mille-et-un-sauvage\\\/#primaryimage\"},\"image\":{\"@id\":\"https:\\\/\\\/www.booksonthemove.fr\\\/en\\\/produit\\\/lorque-la-femme-et-lhirondelle-mille-et-un-sauvage\\\/#primaryimage\"},\"thumbnailUrl\":\"https:\\\/\\\/www.booksonthemove.fr\\\/media\\\/bom_2903.jpeg\",\"datePublished\":\"2025-02-24T22:20:47+00:00\",\"dateModified\":\"2026-03-07T18:45:15+00:00\",\"breadcrumb\":{\"@id\":\"https:\\\/\\\/www.booksonthemove.fr\\\/en\\\/produit\\\/lorque-la-femme-et-lhirondelle-mille-et-un-sauvage\\\/#breadcrumb\"},\"inLanguage\":\"en-US\",\"potentialAction\":[{\"@type\":\"ReadAction\",\"target\":[\"https:\\\/\\\/www.booksonthemove.fr\\\/en\\\/produit\\\/lorque-la-femme-et-lhirondelle-mille-et-un-sauvage\\\/\"]}]},{\"@type\":\"ImageObject\",\"inLanguage\":\"en-US\",\"@id\":\"https:\\\/\\\/www.booksonthemove.fr\\\/en\\\/produit\\\/lorque-la-femme-et-lhirondelle-mille-et-un-sauvage\\\/#primaryimage\",\"url\":\"https:\\\/\\\/www.booksonthemove.fr\\\/media\\\/bom_2903.jpeg\",\"contentUrl\":\"https:\\\/\\\/www.booksonthemove.fr\\\/media\\\/bom_2903.jpeg\",\"width\":807,\"height\":1280},{\"@type\":\"BreadcrumbList\",\"@id\":\"https:\\\/\\\/www.booksonthemove.fr\\\/en\\\/produit\\\/lorque-la-femme-et-lhirondelle-mille-et-un-sauvage\\\/#breadcrumb\",\"itemListElement\":[{\"@type\":\"ListItem\",\"position\":1,\"name\":\"Accueil\",\"item\":\"https:\\\/\\\/www.booksonthemove.fr\\\/en\\\/\"},{\"@type\":\"ListItem\",\"position\":2,\"name\":\"online store\",\"item\":\"https:\\\/\\\/www.booksonthemove.fr\\\/en\\\/online-shop\\\/\"},{\"@type\":\"ListItem\",\"position\":3,\"name\":\"L\u2019Orque, la Femme et l\u2019Hirondelle &#8211; Mille et un Sauvage\"}]},{\"@type\":\"WebSite\",\"@id\":\"https:\\\/\\\/www.booksonthemove.fr\\\/#website\",\"url\":\"https:\\\/\\\/www.booksonthemove.fr\\\/\",\"name\":\"Books on the Move\",\"description\":\"librairie nomade - danse - mouvement - performance\",\"publisher\":{\"@id\":\"https:\\\/\\\/www.booksonthemove.fr\\\/#organization\"},\"potentialAction\":[{\"@type\":\"SearchAction\",\"target\":{\"@type\":\"EntryPoint\",\"urlTemplate\":\"https:\\\/\\\/www.booksonthemove.fr\\\/?s={search_term_string}\"},\"query-input\":{\"@type\":\"PropertyValueSpecification\",\"valueRequired\":true,\"valueName\":\"search_term_string\"}}],\"inLanguage\":\"en-US\"},{\"@type\":\"Organization\",\"@id\":\"https:\\\/\\\/www.booksonthemove.fr\\\/#organization\",\"name\":\"Books on the Move\",\"url\":\"https:\\\/\\\/www.booksonthemove.fr\\\/\",\"logo\":{\"@type\":\"ImageObject\",\"inLanguage\":\"en-US\",\"@id\":\"https:\\\/\\\/www.booksonthemove.fr\\\/#\\\/schema\\\/logo\\\/image\\\/\",\"url\":\"https:\\\/\\\/www.booksonthemove.fr\\\/media\\\/logo-NB-400.jpg\",\"contentUrl\":\"https:\\\/\\\/www.booksonthemove.fr\\\/media\\\/logo-NB-400.jpg\",\"width\":400,\"height\":143,\"caption\":\"Books on the Move\"},\"image\":{\"@id\":\"https:\\\/\\\/www.booksonthemove.fr\\\/#\\\/schema\\\/logo\\\/image\\\/\"},\"sameAs\":[\"https:\\\/\\\/www.facebook.com\\\/Librairiebooksonthemove\\\/\"]}]}<\/script>\n<!-- \/ Yoast SEO plugin. -->","yoast_head_json":{"title":"L\u2019Orque, la Femme et l\u2019Hirondelle - Mille et un Sauvage - Books on the Move","robots":{"index":"index","follow":"follow","max-snippet":"max-snippet:-1","max-image-preview":"max-image-preview:large","max-video-preview":"max-video-preview:-1"},"canonical":"https:\/\/www.booksonthemove.fr\/en\/produit\/lorque-la-femme-et-lhirondelle-mille-et-un-sauvage\/","og_locale":"en_US","og_type":"article","og_title":"L\u2019Orque, la Femme et l\u2019Hirondelle - Mille et un Sauvage - Books on the Move","og_description":"AUTEURE : St\u00e9phanie Chanvallon EDITEUR : \u00c9ditions Dehors (2024)  BROCH\u00c9 : 320 pages LANGUE : Fran\u00e7ais ISBN13 : 978-2-3675-1036-7","og_url":"https:\/\/www.booksonthemove.fr\/en\/produit\/lorque-la-femme-et-lhirondelle-mille-et-un-sauvage\/","og_site_name":"Books on the Move","article_publisher":"https:\/\/www.facebook.com\/Librairiebooksonthemove\/","article_modified_time":"2026-03-07T18:45:15+00:00","og_image":[{"width":807,"height":1280,"url":"https:\/\/www.booksonthemove.fr\/media\/bom_2903.jpeg","type":"image\/jpeg"}],"twitter_card":"summary_large_image","schema":{"@context":"https:\/\/schema.org","@graph":[{"@type":"WebPage","@id":"https:\/\/www.booksonthemove.fr\/en\/produit\/lorque-la-femme-et-lhirondelle-mille-et-un-sauvage\/","url":"https:\/\/www.booksonthemove.fr\/en\/produit\/lorque-la-femme-et-lhirondelle-mille-et-un-sauvage\/","name":"L\u2019Orque, la Femme et l\u2019Hirondelle - Mille et un Sauvage - Books on the Move","isPartOf":{"@id":"https:\/\/www.booksonthemove.fr\/#website"},"primaryImageOfPage":{"@id":"https:\/\/www.booksonthemove.fr\/en\/produit\/lorque-la-femme-et-lhirondelle-mille-et-un-sauvage\/#primaryimage"},"image":{"@id":"https:\/\/www.booksonthemove.fr\/en\/produit\/lorque-la-femme-et-lhirondelle-mille-et-un-sauvage\/#primaryimage"},"thumbnailUrl":"https:\/\/www.booksonthemove.fr\/media\/bom_2903.jpeg","datePublished":"2025-02-24T22:20:47+00:00","dateModified":"2026-03-07T18:45:15+00:00","breadcrumb":{"@id":"https:\/\/www.booksonthemove.fr\/en\/produit\/lorque-la-femme-et-lhirondelle-mille-et-un-sauvage\/#breadcrumb"},"inLanguage":"en-US","potentialAction":[{"@type":"ReadAction","target":["https:\/\/www.booksonthemove.fr\/en\/produit\/lorque-la-femme-et-lhirondelle-mille-et-un-sauvage\/"]}]},{"@type":"ImageObject","inLanguage":"en-US","@id":"https:\/\/www.booksonthemove.fr\/en\/produit\/lorque-la-femme-et-lhirondelle-mille-et-un-sauvage\/#primaryimage","url":"https:\/\/www.booksonthemove.fr\/media\/bom_2903.jpeg","contentUrl":"https:\/\/www.booksonthemove.fr\/media\/bom_2903.jpeg","width":807,"height":1280},{"@type":"BreadcrumbList","@id":"https:\/\/www.booksonthemove.fr\/en\/produit\/lorque-la-femme-et-lhirondelle-mille-et-un-sauvage\/#breadcrumb","itemListElement":[{"@type":"ListItem","position":1,"name":"Accueil","item":"https:\/\/www.booksonthemove.fr\/en\/"},{"@type":"ListItem","position":2,"name":"online store","item":"https:\/\/www.booksonthemove.fr\/en\/online-shop\/"},{"@type":"ListItem","position":3,"name":"L\u2019Orque, la Femme et l\u2019Hirondelle &#8211; Mille et un Sauvage"}]},{"@type":"WebSite","@id":"https:\/\/www.booksonthemove.fr\/#website","url":"https:\/\/www.booksonthemove.fr\/","name":"Books on the Move","description":"librairie nomade - danse - mouvement - performance","publisher":{"@id":"https:\/\/www.booksonthemove.fr\/#organization"},"potentialAction":[{"@type":"SearchAction","target":{"@type":"EntryPoint","urlTemplate":"https:\/\/www.booksonthemove.fr\/?s={search_term_string}"},"query-input":{"@type":"PropertyValueSpecification","valueRequired":true,"valueName":"search_term_string"}}],"inLanguage":"en-US"},{"@type":"Organization","@id":"https:\/\/www.booksonthemove.fr\/#organization","name":"Books on the Move","url":"https:\/\/www.booksonthemove.fr\/","logo":{"@type":"ImageObject","inLanguage":"en-US","@id":"https:\/\/www.booksonthemove.fr\/#\/schema\/logo\/image\/","url":"https:\/\/www.booksonthemove.fr\/media\/logo-NB-400.jpg","contentUrl":"https:\/\/www.booksonthemove.fr\/media\/logo-NB-400.jpg","width":400,"height":143,"caption":"Books on the Move"},"image":{"@id":"https:\/\/www.booksonthemove.fr\/#\/schema\/logo\/image\/"},"sameAs":["https:\/\/www.facebook.com\/Librairiebooksonthemove\/"]}]}},"_links":{"self":[{"href":"https:\/\/www.booksonthemove.fr\/en\/wp-json\/wp\/v2\/product\/44821","targetHints":{"allow":["GET"]}}],"collection":[{"href":"https:\/\/www.booksonthemove.fr\/en\/wp-json\/wp\/v2\/product"}],"about":[{"href":"https:\/\/www.booksonthemove.fr\/en\/wp-json\/wp\/v2\/types\/product"}],"wp:featuredmedia":[{"embeddable":true,"href":"https:\/\/www.booksonthemove.fr\/en\/wp-json\/wp\/v2\/media\/44825"}],"wp:attachment":[{"href":"https:\/\/www.booksonthemove.fr\/en\/wp-json\/wp\/v2\/media?parent=44821"}],"wp:term":[{"taxonomy":"product_brand","embeddable":true,"href":"https:\/\/www.booksonthemove.fr\/en\/wp-json\/wp\/v2\/product_brand?post=44821"},{"taxonomy":"product_cat","embeddable":true,"href":"https:\/\/www.booksonthemove.fr\/en\/wp-json\/wp\/v2\/product_cat?post=44821"},{"taxonomy":"product_tag","embeddable":true,"href":"https:\/\/www.booksonthemove.fr\/en\/wp-json\/wp\/v2\/product_tag?post=44821"}],"curies":[{"name":"wp","href":"https:\/\/api.w.org\/{rel}","templated":true}]}}