{"id":44841,"date":"2025-02-25T21:07:44","date_gmt":"2025-02-25T20:07:44","guid":{"rendered":"https:\/\/www.booksonthemove.fr\/produit\/boum-boum-politiques-du-dancefloor\/"},"modified":"2026-04-09T12:47:08","modified_gmt":"2026-04-09T10:47:08","slug":"boum-boum-politiques-du-dancefloor","status":"publish","type":"product","link":"https:\/\/www.booksonthemove.fr\/en\/produit\/boum-boum-politiques-du-dancefloor\/","title":{"rendered":"Boum Boum &#8211; Politiques du dancefloor"},"content":{"rendered":"<p>&#8220;La f\u00eate est politique.&#8221; Ce slogan peine \u00e0 convaincre aujourd&#8217;hui. Le dancefloor, investi par le capitalisme, s&#8217;\u00e9dulcore dans son devenir ambiance. Le pouvoir mobilise la puissance de la f\u00eate pour c\u00e9l\u00e9brer une identit\u00e9 nationale fantasm\u00e9e, et r\u00e9prime en m\u00eame temps ceux et celles qui lui \u00e9chappent. Pourtant il survit dans la f\u00eate contemporaine une politique en mode mineur : espaces de r\u00e9invention de soi, g\u00e9om\u00e9tries sociales alternatives, formes \u00e9ph\u00e9m\u00e8res de communs et terreau de joie pour les luttes. De l&#8217;intime au collectif, ce livre est autant la cartographie de ces paradoxes festifs qu&#8217;une ode \u00e0 la f\u00eate comme une zone \u00e0 d\u00e9fendre contre la colonisation par le jour de nos sociabilit\u00e9s. Pr\u00e9face de Gorge Bataille et postface de Florian Gait\u00e9.<\/p>\n","protected":false},"excerpt":{"rendered":"<p><strong>AUTEUR :<\/strong> Arnaud Idelon<br \/>\n<strong>EDITEUR :<\/strong> \u00c9ditions Divergences (2025)<\/p>\n<p><strong>BROCH\u00c9 :<\/strong> 210 pages<br \/>\n<strong>LANGUE :<\/strong> Fran\u00e7ais<br \/>\n<strong>ISBN :<\/strong> 979 1 097 08877 4<\/p>\n","protected":false},"featured_media":44838,"template":"","meta":[],"product_brand":[],"product_cat":[146,162,148],"product_tag":[],"class_list":{"0":"post-44841","1":"product","2":"type-product","3":"status-publish","4":"has-post-thumbnail","6":"product_cat-theoretical-texts-en","7":"product_cat-french-en","8":"product_cat-politics-en","10":"first","11":"instock","12":"taxable","13":"shipping-taxable","14":"purchasable","15":"product-type-simple"},"yoast_head":"<!-- This site is optimized with the Yoast SEO plugin v27.5 - https:\/\/yoast.com\/product\/yoast-seo-wordpress\/ -->\n<title>Boum Boum - Politiques du dancefloor - Books on the Move<\/title>\n<meta name=\"robots\" content=\"index, follow, max-snippet:-1, max-image-preview:large, max-video-preview:-1\" \/>\n<link rel=\"canonical\" href=\"https:\/\/www.booksonthemove.fr\/en\/produit\/boum-boum-politiques-du-dancefloor\/\" \/>\n<meta property=\"og:locale\" content=\"en_US\" \/>\n<meta property=\"og:type\" content=\"article\" \/>\n<meta property=\"og:title\" content=\"Boum Boum - Politiques du dancefloor - Books on the Move\" \/>\n<meta property=\"og:description\" content=\"AUTEUR : Arnaud Idelon EDITEUR : \u00c9ditions Divergences (2025)  BROCH\u00c9 : 210 pages LANGUE : Fran\u00e7ais ISBN : 979 1 097 08877 4\" \/>\n<meta property=\"og:url\" content=\"https:\/\/www.booksonthemove.fr\/en\/produit\/boum-boum-politiques-du-dancefloor\/\" \/>\n<meta property=\"og:site_name\" content=\"Books on the Move\" \/>\n<meta property=\"article:publisher\" content=\"https:\/\/www.facebook.com\/Librairiebooksonthemove\/\" \/>\n<meta property=\"article:modified_time\" content=\"2026-04-09T10:47:08+00:00\" \/>\n<meta property=\"og:image\" content=\"https:\/\/www.booksonthemove.fr\/media\/bom_2896.jpg\" \/>\n\t<meta property=\"og:image:width\" content=\"660\" \/>\n\t<meta property=\"og:image:height\" content=\"1100\" \/>\n\t<meta property=\"og:image:type\" content=\"image\/jpeg\" \/>\n<meta name=\"twitter:card\" content=\"summary_large_image\" \/>\n<script type=\"application\/ld+json\" class=\"yoast-schema-graph\">{\"@context\":\"https:\\\/\\\/schema.org\",\"@graph\":[{\"@type\":\"WebPage\",\"@id\":\"https:\\\/\\\/www.booksonthemove.fr\\\/en\\\/produit\\\/boum-boum-politiques-du-dancefloor\\\/\",\"url\":\"https:\\\/\\\/www.booksonthemove.fr\\\/en\\\/produit\\\/boum-boum-politiques-du-dancefloor\\\/\",\"name\":\"Boum Boum - Politiques du dancefloor - Books on the Move\",\"isPartOf\":{\"@id\":\"https:\\\/\\\/www.booksonthemove.fr\\\/#website\"},\"primaryImageOfPage\":{\"@id\":\"https:\\\/\\\/www.booksonthemove.fr\\\/en\\\/produit\\\/boum-boum-politiques-du-dancefloor\\\/#primaryimage\"},\"image\":{\"@id\":\"https:\\\/\\\/www.booksonthemove.fr\\\/en\\\/produit\\\/boum-boum-politiques-du-dancefloor\\\/#primaryimage\"},\"thumbnailUrl\":\"https:\\\/\\\/www.booksonthemove.fr\\\/media\\\/bom_2896.jpg\",\"datePublished\":\"2025-02-25T20:07:44+00:00\",\"dateModified\":\"2026-04-09T10:47:08+00:00\",\"breadcrumb\":{\"@id\":\"https:\\\/\\\/www.booksonthemove.fr\\\/en\\\/produit\\\/boum-boum-politiques-du-dancefloor\\\/#breadcrumb\"},\"inLanguage\":\"en-US\",\"potentialAction\":[{\"@type\":\"ReadAction\",\"target\":[\"https:\\\/\\\/www.booksonthemove.fr\\\/en\\\/produit\\\/boum-boum-politiques-du-dancefloor\\\/\"]}]},{\"@type\":\"ImageObject\",\"inLanguage\":\"en-US\",\"@id\":\"https:\\\/\\\/www.booksonthemove.fr\\\/en\\\/produit\\\/boum-boum-politiques-du-dancefloor\\\/#primaryimage\",\"url\":\"https:\\\/\\\/www.booksonthemove.fr\\\/media\\\/bom_2896.jpg\",\"contentUrl\":\"https:\\\/\\\/www.booksonthemove.fr\\\/media\\\/bom_2896.jpg\",\"width\":660,\"height\":1100},{\"@type\":\"BreadcrumbList\",\"@id\":\"https:\\\/\\\/www.booksonthemove.fr\\\/en\\\/produit\\\/boum-boum-politiques-du-dancefloor\\\/#breadcrumb\",\"itemListElement\":[{\"@type\":\"ListItem\",\"position\":1,\"name\":\"Accueil\",\"item\":\"https:\\\/\\\/www.booksonthemove.fr\\\/en\\\/\"},{\"@type\":\"ListItem\",\"position\":2,\"name\":\"online store\",\"item\":\"https:\\\/\\\/www.booksonthemove.fr\\\/en\\\/online-shop\\\/\"},{\"@type\":\"ListItem\",\"position\":3,\"name\":\"Boum Boum &#8211; Politiques du dancefloor\"}]},{\"@type\":\"WebSite\",\"@id\":\"https:\\\/\\\/www.booksonthemove.fr\\\/#website\",\"url\":\"https:\\\/\\\/www.booksonthemove.fr\\\/\",\"name\":\"Books on the Move\",\"description\":\"librairie nomade - danse - mouvement - performance\",\"publisher\":{\"@id\":\"https:\\\/\\\/www.booksonthemove.fr\\\/#organization\"},\"potentialAction\":[{\"@type\":\"SearchAction\",\"target\":{\"@type\":\"EntryPoint\",\"urlTemplate\":\"https:\\\/\\\/www.booksonthemove.fr\\\/?s={search_term_string}\"},\"query-input\":{\"@type\":\"PropertyValueSpecification\",\"valueRequired\":true,\"valueName\":\"search_term_string\"}}],\"inLanguage\":\"en-US\"},{\"@type\":\"Organization\",\"@id\":\"https:\\\/\\\/www.booksonthemove.fr\\\/#organization\",\"name\":\"Books on the Move\",\"url\":\"https:\\\/\\\/www.booksonthemove.fr\\\/\",\"logo\":{\"@type\":\"ImageObject\",\"inLanguage\":\"en-US\",\"@id\":\"https:\\\/\\\/www.booksonthemove.fr\\\/#\\\/schema\\\/logo\\\/image\\\/\",\"url\":\"https:\\\/\\\/www.booksonthemove.fr\\\/media\\\/logo-NB-400.jpg\",\"contentUrl\":\"https:\\\/\\\/www.booksonthemove.fr\\\/media\\\/logo-NB-400.jpg\",\"width\":400,\"height\":143,\"caption\":\"Books on the Move\"},\"image\":{\"@id\":\"https:\\\/\\\/www.booksonthemove.fr\\\/#\\\/schema\\\/logo\\\/image\\\/\"},\"sameAs\":[\"https:\\\/\\\/www.facebook.com\\\/Librairiebooksonthemove\\\/\"]}]}<\/script>\n<!-- \/ Yoast SEO plugin. -->","yoast_head_json":{"title":"Boum Boum - Politiques du dancefloor - Books on the Move","robots":{"index":"index","follow":"follow","max-snippet":"max-snippet:-1","max-image-preview":"max-image-preview:large","max-video-preview":"max-video-preview:-1"},"canonical":"https:\/\/www.booksonthemove.fr\/en\/produit\/boum-boum-politiques-du-dancefloor\/","og_locale":"en_US","og_type":"article","og_title":"Boum Boum - Politiques du dancefloor - Books on the Move","og_description":"AUTEUR : Arnaud Idelon EDITEUR : \u00c9ditions Divergences (2025)  BROCH\u00c9 : 210 pages LANGUE : Fran\u00e7ais ISBN : 979 1 097 08877 4","og_url":"https:\/\/www.booksonthemove.fr\/en\/produit\/boum-boum-politiques-du-dancefloor\/","og_site_name":"Books on the Move","article_publisher":"https:\/\/www.facebook.com\/Librairiebooksonthemove\/","article_modified_time":"2026-04-09T10:47:08+00:00","og_image":[{"width":660,"height":1100,"url":"https:\/\/www.booksonthemove.fr\/media\/bom_2896.jpg","type":"image\/jpeg"}],"twitter_card":"summary_large_image","schema":{"@context":"https:\/\/schema.org","@graph":[{"@type":"WebPage","@id":"https:\/\/www.booksonthemove.fr\/en\/produit\/boum-boum-politiques-du-dancefloor\/","url":"https:\/\/www.booksonthemove.fr\/en\/produit\/boum-boum-politiques-du-dancefloor\/","name":"Boum Boum - Politiques du dancefloor - Books on the Move","isPartOf":{"@id":"https:\/\/www.booksonthemove.fr\/#website"},"primaryImageOfPage":{"@id":"https:\/\/www.booksonthemove.fr\/en\/produit\/boum-boum-politiques-du-dancefloor\/#primaryimage"},"image":{"@id":"https:\/\/www.booksonthemove.fr\/en\/produit\/boum-boum-politiques-du-dancefloor\/#primaryimage"},"thumbnailUrl":"https:\/\/www.booksonthemove.fr\/media\/bom_2896.jpg","datePublished":"2025-02-25T20:07:44+00:00","dateModified":"2026-04-09T10:47:08+00:00","breadcrumb":{"@id":"https:\/\/www.booksonthemove.fr\/en\/produit\/boum-boum-politiques-du-dancefloor\/#breadcrumb"},"inLanguage":"en-US","potentialAction":[{"@type":"ReadAction","target":["https:\/\/www.booksonthemove.fr\/en\/produit\/boum-boum-politiques-du-dancefloor\/"]}]},{"@type":"ImageObject","inLanguage":"en-US","@id":"https:\/\/www.booksonthemove.fr\/en\/produit\/boum-boum-politiques-du-dancefloor\/#primaryimage","url":"https:\/\/www.booksonthemove.fr\/media\/bom_2896.jpg","contentUrl":"https:\/\/www.booksonthemove.fr\/media\/bom_2896.jpg","width":660,"height":1100},{"@type":"BreadcrumbList","@id":"https:\/\/www.booksonthemove.fr\/en\/produit\/boum-boum-politiques-du-dancefloor\/#breadcrumb","itemListElement":[{"@type":"ListItem","position":1,"name":"Accueil","item":"https:\/\/www.booksonthemove.fr\/en\/"},{"@type":"ListItem","position":2,"name":"online store","item":"https:\/\/www.booksonthemove.fr\/en\/online-shop\/"},{"@type":"ListItem","position":3,"name":"Boum Boum &#8211; Politiques du dancefloor"}]},{"@type":"WebSite","@id":"https:\/\/www.booksonthemove.fr\/#website","url":"https:\/\/www.booksonthemove.fr\/","name":"Books on the Move","description":"librairie nomade - danse - mouvement - performance","publisher":{"@id":"https:\/\/www.booksonthemove.fr\/#organization"},"potentialAction":[{"@type":"SearchAction","target":{"@type":"EntryPoint","urlTemplate":"https:\/\/www.booksonthemove.fr\/?s={search_term_string}"},"query-input":{"@type":"PropertyValueSpecification","valueRequired":true,"valueName":"search_term_string"}}],"inLanguage":"en-US"},{"@type":"Organization","@id":"https:\/\/www.booksonthemove.fr\/#organization","name":"Books on the Move","url":"https:\/\/www.booksonthemove.fr\/","logo":{"@type":"ImageObject","inLanguage":"en-US","@id":"https:\/\/www.booksonthemove.fr\/#\/schema\/logo\/image\/","url":"https:\/\/www.booksonthemove.fr\/media\/logo-NB-400.jpg","contentUrl":"https:\/\/www.booksonthemove.fr\/media\/logo-NB-400.jpg","width":400,"height":143,"caption":"Books on the Move"},"image":{"@id":"https:\/\/www.booksonthemove.fr\/#\/schema\/logo\/image\/"},"sameAs":["https:\/\/www.facebook.com\/Librairiebooksonthemove\/"]}]}},"_links":{"self":[{"href":"https:\/\/www.booksonthemove.fr\/en\/wp-json\/wp\/v2\/product\/44841","targetHints":{"allow":["GET"]}}],"collection":[{"href":"https:\/\/www.booksonthemove.fr\/en\/wp-json\/wp\/v2\/product"}],"about":[{"href":"https:\/\/www.booksonthemove.fr\/en\/wp-json\/wp\/v2\/types\/product"}],"wp:featuredmedia":[{"embeddable":true,"href":"https:\/\/www.booksonthemove.fr\/en\/wp-json\/wp\/v2\/media\/44838"}],"wp:attachment":[{"href":"https:\/\/www.booksonthemove.fr\/en\/wp-json\/wp\/v2\/media?parent=44841"}],"wp:term":[{"taxonomy":"product_brand","embeddable":true,"href":"https:\/\/www.booksonthemove.fr\/en\/wp-json\/wp\/v2\/product_brand?post=44841"},{"taxonomy":"product_cat","embeddable":true,"href":"https:\/\/www.booksonthemove.fr\/en\/wp-json\/wp\/v2\/product_cat?post=44841"},{"taxonomy":"product_tag","embeddable":true,"href":"https:\/\/www.booksonthemove.fr\/en\/wp-json\/wp\/v2\/product_tag?post=44841"}],"curies":[{"name":"wp","href":"https:\/\/api.w.org\/{rel}","templated":true}]}}