{"id":44873,"date":"2025-02-28T14:41:22","date_gmt":"2025-02-28T13:41:22","guid":{"rendered":"https:\/\/www.booksonthemove.fr\/produit\/une-histoire-dessinee-de-la-danse\/"},"modified":"2025-05-27T14:31:08","modified_gmt":"2025-05-27T12:31:08","slug":"une-histoire-dessinee-de-la-danse","status":"publish","type":"product","link":"https:\/\/www.booksonthemove.fr\/en\/produit\/une-histoire-dessinee-de-la-danse\/","title":{"rendered":"Une histoire dessin\u00e9e de la danse"},"content":{"rendered":"<p>Danses guerri\u00e8res, macabres, modernes, urbaines : de la Pr\u00e9histoire au XXIe si\u00e8cle, c\u2019est toute la richesse de l\u2019histoire de la danse qui est ici traduite par le dessin.<\/p>\n<p>Andr\u00e9a et Camille traversent les \u00e9poques pour faire l\u2019exp\u00e9rience dans leurs corps de l\u2019\u00e9volution du mouvement. Entre d\u00e9sir de raffinement du geste et soif de nouveaut\u00e9 et d\u2019expression de soi, leurs visions de la danse croisent le d\u00e9veloppement des techniques et du regard port\u00e9 sur cet art en Occident. On y rencontre aussi bien Marie Taglioni, Lo\u00efe Fuller et Pina Bausch que des figures moins connues, de la mime romaine Galeria Copiola \u00e0 Louis-Julien Clarchies, ancien esclave devenu danseur et chef d\u2019orchestre sous Napol\u00e9on.<br \/>\nAlliant rigueur scientifique et puissance des traits, Laura Cappelle et Thomas Gilbert remettent ainsi en mouvement les traces de cet art \u00e9ph\u00e9m\u00e8re.<\/p>\n","protected":false},"excerpt":{"rendered":"<p class=\"bodytext\"><strong>AUTEUR\u00b7E\u00b7S :<\/strong>\u00a0Laura Capelle, Thomas Gilbert<br \/>\n<strong>\u00c9DITEUR :<\/strong>\u00a0Seuil (2024)<\/p>\n<p><strong>BROCH\u00c9 :<\/strong>\u00a0256 pages<br \/>\n<strong>LANGUE :<\/strong> Fran\u00e7ais<br \/>\n<strong>ISBN :<\/strong> 9782021542752<\/p>\n","protected":false},"featured_media":44872,"template":"","meta":[],"product_brand":[],"product_cat":[213,162,136],"product_tag":[],"class_list":{"0":"post-44873","1":"product","2":"type-product","3":"status-publish","4":"has-post-thumbnail","6":"product_cat-comics-en","7":"product_cat-french-en","8":"product_cat-histoire-en","10":"first","11":"instock","12":"taxable","13":"shipping-taxable","14":"purchasable","15":"product-type-simple"},"yoast_head":"<!-- This site is optimized with the Yoast SEO plugin v27.4 - https:\/\/yoast.com\/product\/yoast-seo-wordpress\/ -->\n<title>Une histoire dessin\u00e9e de la danse - Books on the Move<\/title>\n<meta name=\"robots\" content=\"index, follow, max-snippet:-1, max-image-preview:large, max-video-preview:-1\" \/>\n<link rel=\"canonical\" href=\"https:\/\/www.booksonthemove.fr\/produit\/une-histoire-dessinee-de-la-danse\/\" \/>\n<meta property=\"og:locale\" content=\"en_US\" \/>\n<meta property=\"og:type\" content=\"article\" \/>\n<meta property=\"og:title\" content=\"Une histoire dessin\u00e9e de la danse - Books on the Move\" \/>\n<meta property=\"og:description\" content=\"AUTEUR\u00b7E\u00b7S :\u00a0Laura Capelle, Thomas Gilbert \u00c9DITEUR :\u00a0Seuil (2024) BROCH\u00c9 :\u00a0256 pages LANGUE : Fran\u00e7ais ISBN : 9782021542752\" \/>\n<meta property=\"og:url\" content=\"https:\/\/www.booksonthemove.fr\/produit\/une-histoire-dessinee-de-la-danse\/\" \/>\n<meta property=\"og:site_name\" content=\"Books on the Move\" \/>\n<meta property=\"article:publisher\" content=\"https:\/\/www.facebook.com\/Librairiebooksonthemove\/\" \/>\n<meta property=\"article:modified_time\" content=\"2025-05-27T12:31:08+00:00\" \/>\n<meta property=\"og:image\" content=\"https:\/\/www.booksonthemove.fr\/media\/bom_2817.jpg\" \/>\n\t<meta property=\"og:image:width\" content=\"671\" \/>\n\t<meta property=\"og:image:height\" content=\"900\" \/>\n\t<meta property=\"og:image:type\" content=\"image\/jpeg\" \/>\n<meta name=\"twitter:card\" content=\"summary_large_image\" \/>\n<script type=\"application\/ld+json\" class=\"yoast-schema-graph\">{\"@context\":\"https:\\\/\\\/schema.org\",\"@graph\":[{\"@type\":\"WebPage\",\"@id\":\"https:\\\/\\\/www.booksonthemove.fr\\\/produit\\\/une-histoire-dessinee-de-la-danse\\\/\",\"url\":\"https:\\\/\\\/www.booksonthemove.fr\\\/produit\\\/une-histoire-dessinee-de-la-danse\\\/\",\"name\":\"Une histoire dessin\u00e9e de la danse - Books on the Move\",\"isPartOf\":{\"@id\":\"https:\\\/\\\/www.booksonthemove.fr\\\/#website\"},\"primaryImageOfPage\":{\"@id\":\"https:\\\/\\\/www.booksonthemove.fr\\\/produit\\\/une-histoire-dessinee-de-la-danse\\\/#primaryimage\"},\"image\":{\"@id\":\"https:\\\/\\\/www.booksonthemove.fr\\\/produit\\\/une-histoire-dessinee-de-la-danse\\\/#primaryimage\"},\"thumbnailUrl\":\"https:\\\/\\\/www.booksonthemove.fr\\\/media\\\/bom_2817.jpg\",\"datePublished\":\"2025-02-28T13:41:22+00:00\",\"dateModified\":\"2025-05-27T12:31:08+00:00\",\"breadcrumb\":{\"@id\":\"https:\\\/\\\/www.booksonthemove.fr\\\/produit\\\/une-histoire-dessinee-de-la-danse\\\/#breadcrumb\"},\"inLanguage\":\"en-US\",\"potentialAction\":[{\"@type\":\"ReadAction\",\"target\":[\"https:\\\/\\\/www.booksonthemove.fr\\\/produit\\\/une-histoire-dessinee-de-la-danse\\\/\"]}]},{\"@type\":\"ImageObject\",\"inLanguage\":\"en-US\",\"@id\":\"https:\\\/\\\/www.booksonthemove.fr\\\/produit\\\/une-histoire-dessinee-de-la-danse\\\/#primaryimage\",\"url\":\"https:\\\/\\\/www.booksonthemove.fr\\\/media\\\/bom_2817.jpg\",\"contentUrl\":\"https:\\\/\\\/www.booksonthemove.fr\\\/media\\\/bom_2817.jpg\",\"width\":671,\"height\":900},{\"@type\":\"BreadcrumbList\",\"@id\":\"https:\\\/\\\/www.booksonthemove.fr\\\/produit\\\/une-histoire-dessinee-de-la-danse\\\/#breadcrumb\",\"itemListElement\":[{\"@type\":\"ListItem\",\"position\":1,\"name\":\"Accueil\",\"item\":\"https:\\\/\\\/www.booksonthemove.fr\\\/en\\\/\"},{\"@type\":\"ListItem\",\"position\":2,\"name\":\"online store\",\"item\":\"https:\\\/\\\/www.booksonthemove.fr\\\/en\\\/online-shop\\\/\"},{\"@type\":\"ListItem\",\"position\":3,\"name\":\"Une histoire dessin\u00e9e de la danse\"}]},{\"@type\":\"WebSite\",\"@id\":\"https:\\\/\\\/www.booksonthemove.fr\\\/#website\",\"url\":\"https:\\\/\\\/www.booksonthemove.fr\\\/\",\"name\":\"Books on the Move\",\"description\":\"librairie nomade - danse - mouvement - performance\",\"publisher\":{\"@id\":\"https:\\\/\\\/www.booksonthemove.fr\\\/#organization\"},\"potentialAction\":[{\"@type\":\"SearchAction\",\"target\":{\"@type\":\"EntryPoint\",\"urlTemplate\":\"https:\\\/\\\/www.booksonthemove.fr\\\/?s={search_term_string}\"},\"query-input\":{\"@type\":\"PropertyValueSpecification\",\"valueRequired\":true,\"valueName\":\"search_term_string\"}}],\"inLanguage\":\"en-US\"},{\"@type\":\"Organization\",\"@id\":\"https:\\\/\\\/www.booksonthemove.fr\\\/#organization\",\"name\":\"Books on the Move\",\"url\":\"https:\\\/\\\/www.booksonthemove.fr\\\/\",\"logo\":{\"@type\":\"ImageObject\",\"inLanguage\":\"en-US\",\"@id\":\"https:\\\/\\\/www.booksonthemove.fr\\\/#\\\/schema\\\/logo\\\/image\\\/\",\"url\":\"https:\\\/\\\/www.booksonthemove.fr\\\/media\\\/logo-NB-400.jpg\",\"contentUrl\":\"https:\\\/\\\/www.booksonthemove.fr\\\/media\\\/logo-NB-400.jpg\",\"width\":400,\"height\":143,\"caption\":\"Books on the Move\"},\"image\":{\"@id\":\"https:\\\/\\\/www.booksonthemove.fr\\\/#\\\/schema\\\/logo\\\/image\\\/\"},\"sameAs\":[\"https:\\\/\\\/www.facebook.com\\\/Librairiebooksonthemove\\\/\"]}]}<\/script>\n<!-- \/ Yoast SEO plugin. -->","yoast_head_json":{"title":"Une histoire dessin\u00e9e de la danse - Books on the Move","robots":{"index":"index","follow":"follow","max-snippet":"max-snippet:-1","max-image-preview":"max-image-preview:large","max-video-preview":"max-video-preview:-1"},"canonical":"https:\/\/www.booksonthemove.fr\/produit\/une-histoire-dessinee-de-la-danse\/","og_locale":"en_US","og_type":"article","og_title":"Une histoire dessin\u00e9e de la danse - Books on the Move","og_description":"AUTEUR\u00b7E\u00b7S :\u00a0Laura Capelle, Thomas Gilbert \u00c9DITEUR :\u00a0Seuil (2024) BROCH\u00c9 :\u00a0256 pages LANGUE : Fran\u00e7ais ISBN : 9782021542752","og_url":"https:\/\/www.booksonthemove.fr\/produit\/une-histoire-dessinee-de-la-danse\/","og_site_name":"Books on the Move","article_publisher":"https:\/\/www.facebook.com\/Librairiebooksonthemove\/","article_modified_time":"2025-05-27T12:31:08+00:00","og_image":[{"width":671,"height":900,"url":"https:\/\/www.booksonthemove.fr\/media\/bom_2817.jpg","type":"image\/jpeg"}],"twitter_card":"summary_large_image","schema":{"@context":"https:\/\/schema.org","@graph":[{"@type":"WebPage","@id":"https:\/\/www.booksonthemove.fr\/produit\/une-histoire-dessinee-de-la-danse\/","url":"https:\/\/www.booksonthemove.fr\/produit\/une-histoire-dessinee-de-la-danse\/","name":"Une histoire dessin\u00e9e de la danse - Books on the Move","isPartOf":{"@id":"https:\/\/www.booksonthemove.fr\/#website"},"primaryImageOfPage":{"@id":"https:\/\/www.booksonthemove.fr\/produit\/une-histoire-dessinee-de-la-danse\/#primaryimage"},"image":{"@id":"https:\/\/www.booksonthemove.fr\/produit\/une-histoire-dessinee-de-la-danse\/#primaryimage"},"thumbnailUrl":"https:\/\/www.booksonthemove.fr\/media\/bom_2817.jpg","datePublished":"2025-02-28T13:41:22+00:00","dateModified":"2025-05-27T12:31:08+00:00","breadcrumb":{"@id":"https:\/\/www.booksonthemove.fr\/produit\/une-histoire-dessinee-de-la-danse\/#breadcrumb"},"inLanguage":"en-US","potentialAction":[{"@type":"ReadAction","target":["https:\/\/www.booksonthemove.fr\/produit\/une-histoire-dessinee-de-la-danse\/"]}]},{"@type":"ImageObject","inLanguage":"en-US","@id":"https:\/\/www.booksonthemove.fr\/produit\/une-histoire-dessinee-de-la-danse\/#primaryimage","url":"https:\/\/www.booksonthemove.fr\/media\/bom_2817.jpg","contentUrl":"https:\/\/www.booksonthemove.fr\/media\/bom_2817.jpg","width":671,"height":900},{"@type":"BreadcrumbList","@id":"https:\/\/www.booksonthemove.fr\/produit\/une-histoire-dessinee-de-la-danse\/#breadcrumb","itemListElement":[{"@type":"ListItem","position":1,"name":"Accueil","item":"https:\/\/www.booksonthemove.fr\/en\/"},{"@type":"ListItem","position":2,"name":"online store","item":"https:\/\/www.booksonthemove.fr\/en\/online-shop\/"},{"@type":"ListItem","position":3,"name":"Une histoire dessin\u00e9e de la danse"}]},{"@type":"WebSite","@id":"https:\/\/www.booksonthemove.fr\/#website","url":"https:\/\/www.booksonthemove.fr\/","name":"Books on the Move","description":"librairie nomade - danse - mouvement - performance","publisher":{"@id":"https:\/\/www.booksonthemove.fr\/#organization"},"potentialAction":[{"@type":"SearchAction","target":{"@type":"EntryPoint","urlTemplate":"https:\/\/www.booksonthemove.fr\/?s={search_term_string}"},"query-input":{"@type":"PropertyValueSpecification","valueRequired":true,"valueName":"search_term_string"}}],"inLanguage":"en-US"},{"@type":"Organization","@id":"https:\/\/www.booksonthemove.fr\/#organization","name":"Books on the Move","url":"https:\/\/www.booksonthemove.fr\/","logo":{"@type":"ImageObject","inLanguage":"en-US","@id":"https:\/\/www.booksonthemove.fr\/#\/schema\/logo\/image\/","url":"https:\/\/www.booksonthemove.fr\/media\/logo-NB-400.jpg","contentUrl":"https:\/\/www.booksonthemove.fr\/media\/logo-NB-400.jpg","width":400,"height":143,"caption":"Books on the Move"},"image":{"@id":"https:\/\/www.booksonthemove.fr\/#\/schema\/logo\/image\/"},"sameAs":["https:\/\/www.facebook.com\/Librairiebooksonthemove\/"]}]}},"_links":{"self":[{"href":"https:\/\/www.booksonthemove.fr\/en\/wp-json\/wp\/v2\/product\/44873","targetHints":{"allow":["GET"]}}],"collection":[{"href":"https:\/\/www.booksonthemove.fr\/en\/wp-json\/wp\/v2\/product"}],"about":[{"href":"https:\/\/www.booksonthemove.fr\/en\/wp-json\/wp\/v2\/types\/product"}],"wp:featuredmedia":[{"embeddable":true,"href":"https:\/\/www.booksonthemove.fr\/en\/wp-json\/wp\/v2\/media\/44872"}],"wp:attachment":[{"href":"https:\/\/www.booksonthemove.fr\/en\/wp-json\/wp\/v2\/media?parent=44873"}],"wp:term":[{"taxonomy":"product_brand","embeddable":true,"href":"https:\/\/www.booksonthemove.fr\/en\/wp-json\/wp\/v2\/product_brand?post=44873"},{"taxonomy":"product_cat","embeddable":true,"href":"https:\/\/www.booksonthemove.fr\/en\/wp-json\/wp\/v2\/product_cat?post=44873"},{"taxonomy":"product_tag","embeddable":true,"href":"https:\/\/www.booksonthemove.fr\/en\/wp-json\/wp\/v2\/product_tag?post=44873"}],"curies":[{"name":"wp","href":"https:\/\/api.w.org\/{rel}","templated":true}]}}