{"id":45032,"date":"2025-02-28T15:00:30","date_gmt":"2025-02-28T14:00:30","guid":{"rendered":"https:\/\/www.booksonthemove.fr\/produit\/la-boite-a-tutti\/"},"modified":"2025-03-20T19:55:48","modified_gmt":"2025-03-20T18:55:48","slug":"la-boite-a-tutti","status":"publish","type":"product","link":"https:\/\/www.booksonthemove.fr\/en\/produit\/la-boite-a-tutti\/","title":{"rendered":"La bo\u00eete \u00e0 tutti"},"content":{"rendered":"<p>Manuel inclusif de m\u00e9diation danse &amp; musique, pour les parents, les artistes et les professionnelles de la petite enfance.<br \/>\nCe manuel est un outil de m\u00e9diation illustrant de fa\u00e7on simple et directe les propositions de pratique. Des QR codes sur le livre permettent d\u2019acc\u00e9der aux vid\u00e9os rassemblant des exemples de situations concr\u00e8tes, des tutoriels d\u2019activit\u00e9 et des musiques originales pour accompagner la pratique.<br \/>\nLa Bo\u00eete \u00e0 Tutti a \u00e9t\u00e9 con\u00e7ue dans le cadre du projet \u00c9CLOSION, un laboratoire artistique innovant de recherche et d\u2019exp\u00e9rimentation en immersion au sein des cr\u00e8ches pilotes APIMI \u00e0 Bordeaux (Association pour l\u2019Innovation en Mati\u00e8re d\u2019Int\u00e9gration).<br \/>\nLe projet \u00c9CLOSION est men\u00e9 par les artistes Julie L\u00e4derach et Sylvain M\u00e9ret.<br \/>\nLa cr\u00e9ation du livre est confi\u00e9e \u00e0 l\u2019illustratrice <span class=\"wixui-rich-text__text\">Camille Ulrich.<\/span><\/p>\n","protected":false},"excerpt":{"rendered":"<p class=\"bodytext\"><strong>AUTEUR\u00b7E\u00b7S :<\/strong> Julie L\u00e4derach, Sylvain M\u00e9ret &amp; Camille Ulrich<br \/>\n<strong>\u00c9DITEUR :<\/strong> Collectif Tutti &amp; Camille Ulrich (2025)<\/p>\n<p><strong>BROCH\u00c9 :<\/strong> 86 pages<br \/>\n<strong>LANGUE :<\/strong> Fran\u00e7ais<\/p>\n","protected":false},"featured_media":45030,"template":"","meta":[],"product_brand":[],"product_cat":[162,140,746],"product_tag":[],"class_list":{"0":"post-45032","1":"product","2":"type-product","3":"status-publish","4":"has-post-thumbnail","6":"product_cat-french-en","7":"product_cat-education-dance-technique-en","8":"product_cat-petite-enfance-en","10":"first","11":"instock","12":"taxable","13":"shipping-taxable","14":"purchasable","15":"product-type-simple"},"yoast_head":"<!-- This site is optimized with the Yoast SEO plugin v27.5 - https:\/\/yoast.com\/product\/yoast-seo-wordpress\/ -->\n<title>La bo\u00eete \u00e0 tutti - Books on the Move<\/title>\n<meta name=\"robots\" content=\"index, follow, max-snippet:-1, max-image-preview:large, max-video-preview:-1\" \/>\n<link rel=\"canonical\" href=\"https:\/\/www.booksonthemove.fr\/produit\/la-boite-a-tutti\/\" \/>\n<meta property=\"og:locale\" content=\"en_US\" \/>\n<meta property=\"og:type\" content=\"article\" \/>\n<meta property=\"og:title\" content=\"La bo\u00eete \u00e0 tutti - Books on the Move\" \/>\n<meta property=\"og:description\" content=\"AUTEUR\u00b7E\u00b7S : Julie L\u00e4derach, Sylvain M\u00e9ret &amp; Camille Ulrich \u00c9DITEUR : Collectif Tutti &amp; Camille Ulrich (2025) BROCH\u00c9 : 86 pages LANGUE : Fran\u00e7ais\" \/>\n<meta property=\"og:url\" content=\"https:\/\/www.booksonthemove.fr\/produit\/la-boite-a-tutti\/\" \/>\n<meta property=\"og:site_name\" content=\"Books on the Move\" \/>\n<meta property=\"article:publisher\" content=\"https:\/\/www.facebook.com\/Librairiebooksonthemove\/\" \/>\n<meta property=\"article:modified_time\" content=\"2025-03-20T18:55:48+00:00\" \/>\n<meta property=\"og:image\" content=\"https:\/\/www.booksonthemove.fr\/media\/bom_2907.jpeg\" \/>\n\t<meta property=\"og:image:width\" content=\"666\" \/>\n\t<meta property=\"og:image:height\" content=\"800\" \/>\n\t<meta property=\"og:image:type\" content=\"image\/jpeg\" \/>\n<meta name=\"twitter:card\" content=\"summary_large_image\" \/>\n<script type=\"application\/ld+json\" class=\"yoast-schema-graph\">{\"@context\":\"https:\\\/\\\/schema.org\",\"@graph\":[{\"@type\":\"WebPage\",\"@id\":\"https:\\\/\\\/www.booksonthemove.fr\\\/produit\\\/la-boite-a-tutti\\\/\",\"url\":\"https:\\\/\\\/www.booksonthemove.fr\\\/produit\\\/la-boite-a-tutti\\\/\",\"name\":\"La bo\u00eete \u00e0 tutti - Books on the Move\",\"isPartOf\":{\"@id\":\"https:\\\/\\\/www.booksonthemove.fr\\\/#website\"},\"primaryImageOfPage\":{\"@id\":\"https:\\\/\\\/www.booksonthemove.fr\\\/produit\\\/la-boite-a-tutti\\\/#primaryimage\"},\"image\":{\"@id\":\"https:\\\/\\\/www.booksonthemove.fr\\\/produit\\\/la-boite-a-tutti\\\/#primaryimage\"},\"thumbnailUrl\":\"https:\\\/\\\/www.booksonthemove.fr\\\/media\\\/bom_2907.jpeg\",\"datePublished\":\"2025-02-28T14:00:30+00:00\",\"dateModified\":\"2025-03-20T18:55:48+00:00\",\"breadcrumb\":{\"@id\":\"https:\\\/\\\/www.booksonthemove.fr\\\/produit\\\/la-boite-a-tutti\\\/#breadcrumb\"},\"inLanguage\":\"en-US\",\"potentialAction\":[{\"@type\":\"ReadAction\",\"target\":[\"https:\\\/\\\/www.booksonthemove.fr\\\/produit\\\/la-boite-a-tutti\\\/\"]}]},{\"@type\":\"ImageObject\",\"inLanguage\":\"en-US\",\"@id\":\"https:\\\/\\\/www.booksonthemove.fr\\\/produit\\\/la-boite-a-tutti\\\/#primaryimage\",\"url\":\"https:\\\/\\\/www.booksonthemove.fr\\\/media\\\/bom_2907.jpeg\",\"contentUrl\":\"https:\\\/\\\/www.booksonthemove.fr\\\/media\\\/bom_2907.jpeg\",\"width\":666,\"height\":800},{\"@type\":\"BreadcrumbList\",\"@id\":\"https:\\\/\\\/www.booksonthemove.fr\\\/produit\\\/la-boite-a-tutti\\\/#breadcrumb\",\"itemListElement\":[{\"@type\":\"ListItem\",\"position\":1,\"name\":\"Accueil\",\"item\":\"https:\\\/\\\/www.booksonthemove.fr\\\/en\\\/\"},{\"@type\":\"ListItem\",\"position\":2,\"name\":\"online store\",\"item\":\"https:\\\/\\\/www.booksonthemove.fr\\\/en\\\/online-shop\\\/\"},{\"@type\":\"ListItem\",\"position\":3,\"name\":\"La bo\u00eete \u00e0 tutti\"}]},{\"@type\":\"WebSite\",\"@id\":\"https:\\\/\\\/www.booksonthemove.fr\\\/#website\",\"url\":\"https:\\\/\\\/www.booksonthemove.fr\\\/\",\"name\":\"Books on the Move\",\"description\":\"librairie nomade - danse - mouvement - performance\",\"publisher\":{\"@id\":\"https:\\\/\\\/www.booksonthemove.fr\\\/#organization\"},\"potentialAction\":[{\"@type\":\"SearchAction\",\"target\":{\"@type\":\"EntryPoint\",\"urlTemplate\":\"https:\\\/\\\/www.booksonthemove.fr\\\/?s={search_term_string}\"},\"query-input\":{\"@type\":\"PropertyValueSpecification\",\"valueRequired\":true,\"valueName\":\"search_term_string\"}}],\"inLanguage\":\"en-US\"},{\"@type\":\"Organization\",\"@id\":\"https:\\\/\\\/www.booksonthemove.fr\\\/#organization\",\"name\":\"Books on the Move\",\"url\":\"https:\\\/\\\/www.booksonthemove.fr\\\/\",\"logo\":{\"@type\":\"ImageObject\",\"inLanguage\":\"en-US\",\"@id\":\"https:\\\/\\\/www.booksonthemove.fr\\\/#\\\/schema\\\/logo\\\/image\\\/\",\"url\":\"https:\\\/\\\/www.booksonthemove.fr\\\/media\\\/logo-NB-400.jpg\",\"contentUrl\":\"https:\\\/\\\/www.booksonthemove.fr\\\/media\\\/logo-NB-400.jpg\",\"width\":400,\"height\":143,\"caption\":\"Books on the Move\"},\"image\":{\"@id\":\"https:\\\/\\\/www.booksonthemove.fr\\\/#\\\/schema\\\/logo\\\/image\\\/\"},\"sameAs\":[\"https:\\\/\\\/www.facebook.com\\\/Librairiebooksonthemove\\\/\"]}]}<\/script>\n<!-- \/ Yoast SEO plugin. -->","yoast_head_json":{"title":"La bo\u00eete \u00e0 tutti - Books on the Move","robots":{"index":"index","follow":"follow","max-snippet":"max-snippet:-1","max-image-preview":"max-image-preview:large","max-video-preview":"max-video-preview:-1"},"canonical":"https:\/\/www.booksonthemove.fr\/produit\/la-boite-a-tutti\/","og_locale":"en_US","og_type":"article","og_title":"La bo\u00eete \u00e0 tutti - Books on the Move","og_description":"AUTEUR\u00b7E\u00b7S : Julie L\u00e4derach, Sylvain M\u00e9ret &amp; Camille Ulrich \u00c9DITEUR : Collectif Tutti &amp; Camille Ulrich (2025) BROCH\u00c9 : 86 pages LANGUE : Fran\u00e7ais","og_url":"https:\/\/www.booksonthemove.fr\/produit\/la-boite-a-tutti\/","og_site_name":"Books on the Move","article_publisher":"https:\/\/www.facebook.com\/Librairiebooksonthemove\/","article_modified_time":"2025-03-20T18:55:48+00:00","og_image":[{"width":666,"height":800,"url":"https:\/\/www.booksonthemove.fr\/media\/bom_2907.jpeg","type":"image\/jpeg"}],"twitter_card":"summary_large_image","schema":{"@context":"https:\/\/schema.org","@graph":[{"@type":"WebPage","@id":"https:\/\/www.booksonthemove.fr\/produit\/la-boite-a-tutti\/","url":"https:\/\/www.booksonthemove.fr\/produit\/la-boite-a-tutti\/","name":"La bo\u00eete \u00e0 tutti - Books on the Move","isPartOf":{"@id":"https:\/\/www.booksonthemove.fr\/#website"},"primaryImageOfPage":{"@id":"https:\/\/www.booksonthemove.fr\/produit\/la-boite-a-tutti\/#primaryimage"},"image":{"@id":"https:\/\/www.booksonthemove.fr\/produit\/la-boite-a-tutti\/#primaryimage"},"thumbnailUrl":"https:\/\/www.booksonthemove.fr\/media\/bom_2907.jpeg","datePublished":"2025-02-28T14:00:30+00:00","dateModified":"2025-03-20T18:55:48+00:00","breadcrumb":{"@id":"https:\/\/www.booksonthemove.fr\/produit\/la-boite-a-tutti\/#breadcrumb"},"inLanguage":"en-US","potentialAction":[{"@type":"ReadAction","target":["https:\/\/www.booksonthemove.fr\/produit\/la-boite-a-tutti\/"]}]},{"@type":"ImageObject","inLanguage":"en-US","@id":"https:\/\/www.booksonthemove.fr\/produit\/la-boite-a-tutti\/#primaryimage","url":"https:\/\/www.booksonthemove.fr\/media\/bom_2907.jpeg","contentUrl":"https:\/\/www.booksonthemove.fr\/media\/bom_2907.jpeg","width":666,"height":800},{"@type":"BreadcrumbList","@id":"https:\/\/www.booksonthemove.fr\/produit\/la-boite-a-tutti\/#breadcrumb","itemListElement":[{"@type":"ListItem","position":1,"name":"Accueil","item":"https:\/\/www.booksonthemove.fr\/en\/"},{"@type":"ListItem","position":2,"name":"online store","item":"https:\/\/www.booksonthemove.fr\/en\/online-shop\/"},{"@type":"ListItem","position":3,"name":"La bo\u00eete \u00e0 tutti"}]},{"@type":"WebSite","@id":"https:\/\/www.booksonthemove.fr\/#website","url":"https:\/\/www.booksonthemove.fr\/","name":"Books on the Move","description":"librairie nomade - danse - mouvement - performance","publisher":{"@id":"https:\/\/www.booksonthemove.fr\/#organization"},"potentialAction":[{"@type":"SearchAction","target":{"@type":"EntryPoint","urlTemplate":"https:\/\/www.booksonthemove.fr\/?s={search_term_string}"},"query-input":{"@type":"PropertyValueSpecification","valueRequired":true,"valueName":"search_term_string"}}],"inLanguage":"en-US"},{"@type":"Organization","@id":"https:\/\/www.booksonthemove.fr\/#organization","name":"Books on the Move","url":"https:\/\/www.booksonthemove.fr\/","logo":{"@type":"ImageObject","inLanguage":"en-US","@id":"https:\/\/www.booksonthemove.fr\/#\/schema\/logo\/image\/","url":"https:\/\/www.booksonthemove.fr\/media\/logo-NB-400.jpg","contentUrl":"https:\/\/www.booksonthemove.fr\/media\/logo-NB-400.jpg","width":400,"height":143,"caption":"Books on the Move"},"image":{"@id":"https:\/\/www.booksonthemove.fr\/#\/schema\/logo\/image\/"},"sameAs":["https:\/\/www.facebook.com\/Librairiebooksonthemove\/"]}]}},"_links":{"self":[{"href":"https:\/\/www.booksonthemove.fr\/en\/wp-json\/wp\/v2\/product\/45032","targetHints":{"allow":["GET"]}}],"collection":[{"href":"https:\/\/www.booksonthemove.fr\/en\/wp-json\/wp\/v2\/product"}],"about":[{"href":"https:\/\/www.booksonthemove.fr\/en\/wp-json\/wp\/v2\/types\/product"}],"wp:featuredmedia":[{"embeddable":true,"href":"https:\/\/www.booksonthemove.fr\/en\/wp-json\/wp\/v2\/media\/45030"}],"wp:attachment":[{"href":"https:\/\/www.booksonthemove.fr\/en\/wp-json\/wp\/v2\/media?parent=45032"}],"wp:term":[{"taxonomy":"product_brand","embeddable":true,"href":"https:\/\/www.booksonthemove.fr\/en\/wp-json\/wp\/v2\/product_brand?post=45032"},{"taxonomy":"product_cat","embeddable":true,"href":"https:\/\/www.booksonthemove.fr\/en\/wp-json\/wp\/v2\/product_cat?post=45032"},{"taxonomy":"product_tag","embeddable":true,"href":"https:\/\/www.booksonthemove.fr\/en\/wp-json\/wp\/v2\/product_tag?post=45032"}],"curies":[{"name":"wp","href":"https:\/\/api.w.org\/{rel}","templated":true}]}}