{"id":45062,"date":"2025-02-28T19:48:18","date_gmt":"2025-02-28T18:48:18","guid":{"rendered":"https:\/\/www.booksonthemove.fr\/produit\/corps-en-quete-ou-questions-de-mouvement\/"},"modified":"2025-12-10T12:24:19","modified_gmt":"2025-12-10T11:24:19","slug":"corps-en-quete-ou-questions-de-mouvement","status":"publish","type":"product","link":"https:\/\/www.booksonthemove.fr\/en\/produit\/corps-en-quete-ou-questions-de-mouvement\/","title":{"rendered":"Corps en.qu\u00eate ou questions de mouvement"},"content":{"rendered":"<p>Cet ouvrage offre la possibilit\u00e9 aux lecteurs et lectrices d&#8217;aborder ce que la &#8220;danse&#8221; permet de sentir et de penser du m\u00eame pas. Aucunement un livre explicatif, mais plut\u00f4t un album pour cheminer \u00e0 partir d&#8217;un fil commun &#8211; le corps pris dans ce qu&#8217;il est\/vit\/se meut\/danse, laissant ainsi fleurir multiples questions<\/p>\n<p>En effet, au d\u00e9part rien de lin\u00e9aire, et pourtant un fil se tire\u2009!<\/p>\n<p>Il faut dire que les unes comme les autres avaient tout\u00b7es en commun quelque chose qui les reliait, les entrem\u00ealait, les entra\u00eenait voire les propulsait. Un quelque chose qui ne pouvait les l\u00e2cher, car ce quelque chose \u00e9tait dans ce qu\u2019il\u00b7elles pensaient, et ce qu\u2019il\u00b7elles pensaient n\u2019\u00e9tait autre chose qu\u2019eux pris par ce quelque chose. D\u00e9termin\u00e9s et amus\u00e9es par la situation, ils n\u2019h\u00e9sit\u00e8rent pas \u00e0 en longer le fil, laissant fleurir une kyrielle de questions. Ainsi joyeuses et curieux, leur esprit suivait la cadence en qu\u00eate d\u2019approcher ce qui rythmait sans rel\u00e2che ce\u00a0quelque chose. Mais qu\u2019allaient-ils d\u00e9couvrir\u2009? Qu\u2019allaient-elles donner \u00e0 renforcer\u2009? Qu\u2019allait-il se partager\u2009?<\/p>\n<p>Ici, une approche pour aiguiser les app\u00e9tits avides de mouvements int\u00e9rieurs et ext\u00e9rieurs (entre dessins, textes et mises en jeu).<br \/>\n. 1 travers\u00e9e d\u2019images par des questions ou inversement<br \/>\n. 4 jeux \u00e0 danse autour du \u00ab corps se questionnant \u00bb et de \u00ab questions se dansant \/ se dessinant \u00bb .<br \/>\n. 3 pages de parsem\u00e9es de questions autour du corps en rapport au temps, \u00e0 l\u2019espace, au poids et \u00e0 l\u2019\u00e9nergie<\/p>\n","protected":false},"excerpt":{"rendered":"<p><strong>AUTEURE :<\/strong> Mary Chebbah<br \/>\n<strong>EDITEUR :<\/strong> collection dan\u00e7er, Quadrille (2025)<\/p>\n<p><strong>RELI\u00c9 :<\/strong> 112 pages<br \/>\n<strong>LANGUE :<\/strong> Fran\u00e7ais<br \/>\n<strong>ISBN13 :<\/strong> <span class=\"texteFigures\">978 2 956 33036 3<\/span><b> <\/b><\/p>\n","protected":false},"featured_media":45072,"template":"","meta":[],"product_brand":[],"product_cat":[298,162],"product_tag":[],"class_list":{"0":"post-45062","1":"product","2":"type-product","3":"status-publish","4":"has-post-thumbnail","6":"product_cat-childrens-and-youth-books","7":"product_cat-french-en","9":"first","10":"instock","11":"taxable","12":"shipping-taxable","13":"purchasable","14":"product-type-simple"},"yoast_head":"<!-- This site is optimized with the Yoast SEO plugin v27.4 - https:\/\/yoast.com\/product\/yoast-seo-wordpress\/ -->\n<title>Corps en.qu\u00eate ou questions de mouvement - Books on the Move<\/title>\n<meta name=\"robots\" content=\"index, follow, max-snippet:-1, max-image-preview:large, max-video-preview:-1\" \/>\n<link rel=\"canonical\" href=\"https:\/\/www.booksonthemove.fr\/en\/produit\/corps-en-quete-ou-questions-de-mouvement\/\" \/>\n<meta property=\"og:locale\" content=\"en_US\" \/>\n<meta property=\"og:type\" content=\"article\" \/>\n<meta property=\"og:title\" content=\"Corps en.qu\u00eate ou questions de mouvement - Books on the Move\" \/>\n<meta property=\"og:description\" content=\"AUTEURE : Mary Chebbah EDITEUR : collection dan\u00e7er, Quadrille (2025)  RELI\u00c9 : 112 pages LANGUE : Fran\u00e7ais ISBN13 : 978 2 956 33036 3\" \/>\n<meta property=\"og:url\" content=\"https:\/\/www.booksonthemove.fr\/en\/produit\/corps-en-quete-ou-questions-de-mouvement\/\" \/>\n<meta property=\"og:site_name\" content=\"Books on the Move\" \/>\n<meta property=\"article:publisher\" content=\"https:\/\/www.facebook.com\/Librairiebooksonthemove\/\" \/>\n<meta property=\"article:modified_time\" content=\"2025-12-10T11:24:19+00:00\" \/>\n<meta property=\"og:image\" content=\"https:\/\/www.booksonthemove.fr\/media\/bom_2921-scaled.jpeg\" \/>\n\t<meta property=\"og:image:width\" content=\"1846\" \/>\n\t<meta property=\"og:image:height\" content=\"2560\" \/>\n\t<meta property=\"og:image:type\" content=\"image\/jpeg\" \/>\n<meta name=\"twitter:card\" content=\"summary_large_image\" \/>\n<script type=\"application\/ld+json\" class=\"yoast-schema-graph\">{\"@context\":\"https:\\\/\\\/schema.org\",\"@graph\":[{\"@type\":\"WebPage\",\"@id\":\"https:\\\/\\\/www.booksonthemove.fr\\\/en\\\/produit\\\/corps-en-quete-ou-questions-de-mouvement\\\/\",\"url\":\"https:\\\/\\\/www.booksonthemove.fr\\\/en\\\/produit\\\/corps-en-quete-ou-questions-de-mouvement\\\/\",\"name\":\"Corps en.qu\u00eate ou questions de mouvement - Books on the Move\",\"isPartOf\":{\"@id\":\"https:\\\/\\\/www.booksonthemove.fr\\\/#website\"},\"primaryImageOfPage\":{\"@id\":\"https:\\\/\\\/www.booksonthemove.fr\\\/en\\\/produit\\\/corps-en-quete-ou-questions-de-mouvement\\\/#primaryimage\"},\"image\":{\"@id\":\"https:\\\/\\\/www.booksonthemove.fr\\\/en\\\/produit\\\/corps-en-quete-ou-questions-de-mouvement\\\/#primaryimage\"},\"thumbnailUrl\":\"https:\\\/\\\/www.booksonthemove.fr\\\/media\\\/bom_2921-scaled.jpeg\",\"datePublished\":\"2025-02-28T18:48:18+00:00\",\"dateModified\":\"2025-12-10T11:24:19+00:00\",\"breadcrumb\":{\"@id\":\"https:\\\/\\\/www.booksonthemove.fr\\\/en\\\/produit\\\/corps-en-quete-ou-questions-de-mouvement\\\/#breadcrumb\"},\"inLanguage\":\"en-US\",\"potentialAction\":[{\"@type\":\"ReadAction\",\"target\":[\"https:\\\/\\\/www.booksonthemove.fr\\\/en\\\/produit\\\/corps-en-quete-ou-questions-de-mouvement\\\/\"]}]},{\"@type\":\"ImageObject\",\"inLanguage\":\"en-US\",\"@id\":\"https:\\\/\\\/www.booksonthemove.fr\\\/en\\\/produit\\\/corps-en-quete-ou-questions-de-mouvement\\\/#primaryimage\",\"url\":\"https:\\\/\\\/www.booksonthemove.fr\\\/media\\\/bom_2921-scaled.jpeg\",\"contentUrl\":\"https:\\\/\\\/www.booksonthemove.fr\\\/media\\\/bom_2921-scaled.jpeg\",\"width\":1846,\"height\":2560},{\"@type\":\"BreadcrumbList\",\"@id\":\"https:\\\/\\\/www.booksonthemove.fr\\\/en\\\/produit\\\/corps-en-quete-ou-questions-de-mouvement\\\/#breadcrumb\",\"itemListElement\":[{\"@type\":\"ListItem\",\"position\":1,\"name\":\"Accueil\",\"item\":\"https:\\\/\\\/www.booksonthemove.fr\\\/en\\\/\"},{\"@type\":\"ListItem\",\"position\":2,\"name\":\"online store\",\"item\":\"https:\\\/\\\/www.booksonthemove.fr\\\/en\\\/online-shop\\\/\"},{\"@type\":\"ListItem\",\"position\":3,\"name\":\"Corps en.qu\u00eate ou questions de mouvement\"}]},{\"@type\":\"WebSite\",\"@id\":\"https:\\\/\\\/www.booksonthemove.fr\\\/#website\",\"url\":\"https:\\\/\\\/www.booksonthemove.fr\\\/\",\"name\":\"Books on the Move\",\"description\":\"librairie nomade - danse - mouvement - performance\",\"publisher\":{\"@id\":\"https:\\\/\\\/www.booksonthemove.fr\\\/#organization\"},\"potentialAction\":[{\"@type\":\"SearchAction\",\"target\":{\"@type\":\"EntryPoint\",\"urlTemplate\":\"https:\\\/\\\/www.booksonthemove.fr\\\/?s={search_term_string}\"},\"query-input\":{\"@type\":\"PropertyValueSpecification\",\"valueRequired\":true,\"valueName\":\"search_term_string\"}}],\"inLanguage\":\"en-US\"},{\"@type\":\"Organization\",\"@id\":\"https:\\\/\\\/www.booksonthemove.fr\\\/#organization\",\"name\":\"Books on the Move\",\"url\":\"https:\\\/\\\/www.booksonthemove.fr\\\/\",\"logo\":{\"@type\":\"ImageObject\",\"inLanguage\":\"en-US\",\"@id\":\"https:\\\/\\\/www.booksonthemove.fr\\\/#\\\/schema\\\/logo\\\/image\\\/\",\"url\":\"https:\\\/\\\/www.booksonthemove.fr\\\/media\\\/logo-NB-400.jpg\",\"contentUrl\":\"https:\\\/\\\/www.booksonthemove.fr\\\/media\\\/logo-NB-400.jpg\",\"width\":400,\"height\":143,\"caption\":\"Books on the Move\"},\"image\":{\"@id\":\"https:\\\/\\\/www.booksonthemove.fr\\\/#\\\/schema\\\/logo\\\/image\\\/\"},\"sameAs\":[\"https:\\\/\\\/www.facebook.com\\\/Librairiebooksonthemove\\\/\"]}]}<\/script>\n<!-- \/ Yoast SEO plugin. -->","yoast_head_json":{"title":"Corps en.qu\u00eate ou questions de mouvement - Books on the Move","robots":{"index":"index","follow":"follow","max-snippet":"max-snippet:-1","max-image-preview":"max-image-preview:large","max-video-preview":"max-video-preview:-1"},"canonical":"https:\/\/www.booksonthemove.fr\/en\/produit\/corps-en-quete-ou-questions-de-mouvement\/","og_locale":"en_US","og_type":"article","og_title":"Corps en.qu\u00eate ou questions de mouvement - Books on the Move","og_description":"AUTEURE : Mary Chebbah EDITEUR : collection dan\u00e7er, Quadrille (2025)  RELI\u00c9 : 112 pages LANGUE : Fran\u00e7ais ISBN13 : 978 2 956 33036 3","og_url":"https:\/\/www.booksonthemove.fr\/en\/produit\/corps-en-quete-ou-questions-de-mouvement\/","og_site_name":"Books on the Move","article_publisher":"https:\/\/www.facebook.com\/Librairiebooksonthemove\/","article_modified_time":"2025-12-10T11:24:19+00:00","og_image":[{"width":1846,"height":2560,"url":"https:\/\/www.booksonthemove.fr\/media\/bom_2921-scaled.jpeg","type":"image\/jpeg"}],"twitter_card":"summary_large_image","schema":{"@context":"https:\/\/schema.org","@graph":[{"@type":"WebPage","@id":"https:\/\/www.booksonthemove.fr\/en\/produit\/corps-en-quete-ou-questions-de-mouvement\/","url":"https:\/\/www.booksonthemove.fr\/en\/produit\/corps-en-quete-ou-questions-de-mouvement\/","name":"Corps en.qu\u00eate ou questions de mouvement - Books on the Move","isPartOf":{"@id":"https:\/\/www.booksonthemove.fr\/#website"},"primaryImageOfPage":{"@id":"https:\/\/www.booksonthemove.fr\/en\/produit\/corps-en-quete-ou-questions-de-mouvement\/#primaryimage"},"image":{"@id":"https:\/\/www.booksonthemove.fr\/en\/produit\/corps-en-quete-ou-questions-de-mouvement\/#primaryimage"},"thumbnailUrl":"https:\/\/www.booksonthemove.fr\/media\/bom_2921-scaled.jpeg","datePublished":"2025-02-28T18:48:18+00:00","dateModified":"2025-12-10T11:24:19+00:00","breadcrumb":{"@id":"https:\/\/www.booksonthemove.fr\/en\/produit\/corps-en-quete-ou-questions-de-mouvement\/#breadcrumb"},"inLanguage":"en-US","potentialAction":[{"@type":"ReadAction","target":["https:\/\/www.booksonthemove.fr\/en\/produit\/corps-en-quete-ou-questions-de-mouvement\/"]}]},{"@type":"ImageObject","inLanguage":"en-US","@id":"https:\/\/www.booksonthemove.fr\/en\/produit\/corps-en-quete-ou-questions-de-mouvement\/#primaryimage","url":"https:\/\/www.booksonthemove.fr\/media\/bom_2921-scaled.jpeg","contentUrl":"https:\/\/www.booksonthemove.fr\/media\/bom_2921-scaled.jpeg","width":1846,"height":2560},{"@type":"BreadcrumbList","@id":"https:\/\/www.booksonthemove.fr\/en\/produit\/corps-en-quete-ou-questions-de-mouvement\/#breadcrumb","itemListElement":[{"@type":"ListItem","position":1,"name":"Accueil","item":"https:\/\/www.booksonthemove.fr\/en\/"},{"@type":"ListItem","position":2,"name":"online store","item":"https:\/\/www.booksonthemove.fr\/en\/online-shop\/"},{"@type":"ListItem","position":3,"name":"Corps en.qu\u00eate ou questions de mouvement"}]},{"@type":"WebSite","@id":"https:\/\/www.booksonthemove.fr\/#website","url":"https:\/\/www.booksonthemove.fr\/","name":"Books on the Move","description":"librairie nomade - danse - mouvement - performance","publisher":{"@id":"https:\/\/www.booksonthemove.fr\/#organization"},"potentialAction":[{"@type":"SearchAction","target":{"@type":"EntryPoint","urlTemplate":"https:\/\/www.booksonthemove.fr\/?s={search_term_string}"},"query-input":{"@type":"PropertyValueSpecification","valueRequired":true,"valueName":"search_term_string"}}],"inLanguage":"en-US"},{"@type":"Organization","@id":"https:\/\/www.booksonthemove.fr\/#organization","name":"Books on the Move","url":"https:\/\/www.booksonthemove.fr\/","logo":{"@type":"ImageObject","inLanguage":"en-US","@id":"https:\/\/www.booksonthemove.fr\/#\/schema\/logo\/image\/","url":"https:\/\/www.booksonthemove.fr\/media\/logo-NB-400.jpg","contentUrl":"https:\/\/www.booksonthemove.fr\/media\/logo-NB-400.jpg","width":400,"height":143,"caption":"Books on the Move"},"image":{"@id":"https:\/\/www.booksonthemove.fr\/#\/schema\/logo\/image\/"},"sameAs":["https:\/\/www.facebook.com\/Librairiebooksonthemove\/"]}]}},"_links":{"self":[{"href":"https:\/\/www.booksonthemove.fr\/en\/wp-json\/wp\/v2\/product\/45062","targetHints":{"allow":["GET"]}}],"collection":[{"href":"https:\/\/www.booksonthemove.fr\/en\/wp-json\/wp\/v2\/product"}],"about":[{"href":"https:\/\/www.booksonthemove.fr\/en\/wp-json\/wp\/v2\/types\/product"}],"wp:featuredmedia":[{"embeddable":true,"href":"https:\/\/www.booksonthemove.fr\/en\/wp-json\/wp\/v2\/media\/45072"}],"wp:attachment":[{"href":"https:\/\/www.booksonthemove.fr\/en\/wp-json\/wp\/v2\/media?parent=45062"}],"wp:term":[{"taxonomy":"product_brand","embeddable":true,"href":"https:\/\/www.booksonthemove.fr\/en\/wp-json\/wp\/v2\/product_brand?post=45062"},{"taxonomy":"product_cat","embeddable":true,"href":"https:\/\/www.booksonthemove.fr\/en\/wp-json\/wp\/v2\/product_cat?post=45062"},{"taxonomy":"product_tag","embeddable":true,"href":"https:\/\/www.booksonthemove.fr\/en\/wp-json\/wp\/v2\/product_tag?post=45062"}],"curies":[{"name":"wp","href":"https:\/\/api.w.org\/{rel}","templated":true}]}}