{"id":45141,"date":"2025-04-11T19:22:33","date_gmt":"2025-04-11T17:22:33","guid":{"rendered":"https:\/\/www.booksonthemove.fr\/produit\/le-travail-de-lauteur%c2%b7rice-operations-protocoles-exercices-pour-le-jeu\/"},"modified":"2025-05-09T23:00:10","modified_gmt":"2025-05-09T21:00:10","slug":"le-travail-de-lauteur%c2%b7rice-operations-protocoles-exercices-pour-le-jeu","status":"publish","type":"product","link":"https:\/\/www.booksonthemove.fr\/en\/produit\/le-travail-de-lauteur%c2%b7rice-operations-protocoles-exercices-pour-le-jeu\/","title":{"rendered":"Le travail de l&#8217;auteur\u00b7rice &#8211; Op\u00e9rations, protocoles, exercices pour le jeu"},"content":{"rendered":"<div class=\"accroche\">Une analyse pluridisciplinaire, fond\u00e9e sur une mise en perspective historique de p\u00e9dagogies du th\u00e9\u00e2tre et une approche \u00e9minemment contemporaine, de la formation de l&#8217;acteur.ice.<\/div>\n<div class=\"citation\">Que travaille-t-on quand on s&#8217;exerce au th\u00e9\u00e2tre ? Quelles op\u00e9rations sont mises en \u0153uvre par l&#8217;acteur\u00b7rice pour jouer ? Quelles comp\u00e9tences sont requises dans la pratique du jeu ? C&#8217;est \u00e0 ces questions que tente de r\u00e9pondre cette enqu\u00eate dirig\u00e9e par Anne Pellois, historienne du jeu, associant une \u00e9quipe d&#8217;une vingtaine de chercheur\u00b7euses acad\u00e9miques et praticien\u00b7nes dans les domaines du th\u00e9\u00e2tre, de la danse, de la musique, de la marionnette, de la philosophie et de la litt\u00e9rature.<br \/>\nCe livre rend compte des processus de formation des interpr\u00e8tes de th\u00e9\u00e2tre et les comp\u00e9tences vis\u00e9es. La technicit\u00e9 des exercices \u00e9tudi\u00e9s et discut\u00e9s contient des savoirs et savoir-faire sp\u00e9cifiques, dont il s&#8217;agit de saisir les m\u00e9canismes et l&#8217;efficacit\u00e9. L&#8217;analyse est fond\u00e9e sur une mise en perspective historique des formations de l&#8217;acteur.ice et une approche contemporaine pluridisciplinaire<\/div>\n<div><\/div>\n","protected":false},"excerpt":{"rendered":"<p><strong>AUTEURE :<\/strong> Anne Pellois<br \/>\n<strong>EDITEUR :<\/strong> Les presses du r\u00e9el (2025)<\/p>\n<p><strong>BROCH\u00c9 :<\/strong>\u00a0368 pages<br \/>\n<strong>LANGUE :<\/strong> Fran\u00e7ais<br \/>\n<strong>ISBN13 :<\/strong> 978-2-37896-562-4<\/p>\n","protected":false},"featured_media":45140,"template":"","meta":[],"product_brand":[],"product_cat":[162,241],"product_tag":[],"class_list":{"0":"post-45141","1":"product","2":"type-product","3":"status-publish","4":"has-post-thumbnail","6":"product_cat-french-en","7":"product_cat-theater-en","9":"first","10":"instock","11":"taxable","12":"shipping-taxable","13":"purchasable","14":"product-type-simple"},"yoast_head":"<!-- This site is optimized with the Yoast SEO plugin v27.4 - https:\/\/yoast.com\/product\/yoast-seo-wordpress\/ -->\n<title>Le travail de l&#039;auteur\u00b7rice - Op\u00e9rations, protocoles, exercices pour le jeu - Books on the Move<\/title>\n<meta name=\"robots\" content=\"index, follow, max-snippet:-1, max-image-preview:large, max-video-preview:-1\" \/>\n<link rel=\"canonical\" href=\"https:\/\/www.booksonthemove.fr\/produit\/le-travail-de-lauteur\u00b7rice-operations-protocoles-exercices-pour-le-jeu\/\" \/>\n<meta property=\"og:locale\" content=\"en_US\" \/>\n<meta property=\"og:type\" content=\"article\" \/>\n<meta property=\"og:title\" content=\"Le travail de l&#039;auteur\u00b7rice - Op\u00e9rations, protocoles, exercices pour le jeu - Books on the Move\" \/>\n<meta property=\"og:description\" content=\"AUTEURE : Anne Pellois EDITEUR : Les presses du r\u00e9el (2025)  BROCH\u00c9 :\u00a0368 pages LANGUE : Fran\u00e7ais ISBN13 : 978-2-37896-562-4\" \/>\n<meta property=\"og:url\" content=\"https:\/\/www.booksonthemove.fr\/produit\/le-travail-de-lauteur\u00b7rice-operations-protocoles-exercices-pour-le-jeu\/\" \/>\n<meta property=\"og:site_name\" content=\"Books on the Move\" \/>\n<meta property=\"article:publisher\" content=\"https:\/\/www.facebook.com\/Librairiebooksonthemove\/\" \/>\n<meta property=\"article:modified_time\" content=\"2025-05-09T21:00:10+00:00\" \/>\n<meta property=\"og:image\" content=\"https:\/\/www.booksonthemove.fr\/media\/bom_2915.jpeg\" \/>\n\t<meta property=\"og:image:width\" content=\"759\" \/>\n\t<meta property=\"og:image:height\" content=\"900\" \/>\n\t<meta property=\"og:image:type\" content=\"image\/jpeg\" \/>\n<meta name=\"twitter:card\" content=\"summary_large_image\" \/>\n<script type=\"application\/ld+json\" class=\"yoast-schema-graph\">{\"@context\":\"https:\\\/\\\/schema.org\",\"@graph\":[{\"@type\":\"WebPage\",\"@id\":\"https:\\\/\\\/www.booksonthemove.fr\\\/produit\\\/le-travail-de-lauteur%c2%b7rice-operations-protocoles-exercices-pour-le-jeu\\\/\",\"url\":\"https:\\\/\\\/www.booksonthemove.fr\\\/produit\\\/le-travail-de-lauteur%c2%b7rice-operations-protocoles-exercices-pour-le-jeu\\\/\",\"name\":\"Le travail de l'auteur\u00b7rice - Op\u00e9rations, protocoles, exercices pour le jeu - Books on the Move\",\"isPartOf\":{\"@id\":\"https:\\\/\\\/www.booksonthemove.fr\\\/#website\"},\"primaryImageOfPage\":{\"@id\":\"https:\\\/\\\/www.booksonthemove.fr\\\/produit\\\/le-travail-de-lauteur%c2%b7rice-operations-protocoles-exercices-pour-le-jeu\\\/#primaryimage\"},\"image\":{\"@id\":\"https:\\\/\\\/www.booksonthemove.fr\\\/produit\\\/le-travail-de-lauteur%c2%b7rice-operations-protocoles-exercices-pour-le-jeu\\\/#primaryimage\"},\"thumbnailUrl\":\"https:\\\/\\\/www.booksonthemove.fr\\\/media\\\/bom_2915.jpeg\",\"datePublished\":\"2025-04-11T17:22:33+00:00\",\"dateModified\":\"2025-05-09T21:00:10+00:00\",\"breadcrumb\":{\"@id\":\"https:\\\/\\\/www.booksonthemove.fr\\\/produit\\\/le-travail-de-lauteur%c2%b7rice-operations-protocoles-exercices-pour-le-jeu\\\/#breadcrumb\"},\"inLanguage\":\"en-US\",\"potentialAction\":[{\"@type\":\"ReadAction\",\"target\":[\"https:\\\/\\\/www.booksonthemove.fr\\\/produit\\\/le-travail-de-lauteur%c2%b7rice-operations-protocoles-exercices-pour-le-jeu\\\/\"]}]},{\"@type\":\"ImageObject\",\"inLanguage\":\"en-US\",\"@id\":\"https:\\\/\\\/www.booksonthemove.fr\\\/produit\\\/le-travail-de-lauteur%c2%b7rice-operations-protocoles-exercices-pour-le-jeu\\\/#primaryimage\",\"url\":\"https:\\\/\\\/www.booksonthemove.fr\\\/media\\\/bom_2915.jpeg\",\"contentUrl\":\"https:\\\/\\\/www.booksonthemove.fr\\\/media\\\/bom_2915.jpeg\",\"width\":759,\"height\":900},{\"@type\":\"BreadcrumbList\",\"@id\":\"https:\\\/\\\/www.booksonthemove.fr\\\/produit\\\/le-travail-de-lauteur%c2%b7rice-operations-protocoles-exercices-pour-le-jeu\\\/#breadcrumb\",\"itemListElement\":[{\"@type\":\"ListItem\",\"position\":1,\"name\":\"Accueil\",\"item\":\"https:\\\/\\\/www.booksonthemove.fr\\\/en\\\/\"},{\"@type\":\"ListItem\",\"position\":2,\"name\":\"online store\",\"item\":\"https:\\\/\\\/www.booksonthemove.fr\\\/en\\\/online-shop\\\/\"},{\"@type\":\"ListItem\",\"position\":3,\"name\":\"Le travail de l&rsquo;auteur\u00b7rice &#8211; Op\u00e9rations, protocoles, exercices pour le jeu\"}]},{\"@type\":\"WebSite\",\"@id\":\"https:\\\/\\\/www.booksonthemove.fr\\\/#website\",\"url\":\"https:\\\/\\\/www.booksonthemove.fr\\\/\",\"name\":\"Books on the Move\",\"description\":\"librairie nomade - danse - mouvement - performance\",\"publisher\":{\"@id\":\"https:\\\/\\\/www.booksonthemove.fr\\\/#organization\"},\"potentialAction\":[{\"@type\":\"SearchAction\",\"target\":{\"@type\":\"EntryPoint\",\"urlTemplate\":\"https:\\\/\\\/www.booksonthemove.fr\\\/?s={search_term_string}\"},\"query-input\":{\"@type\":\"PropertyValueSpecification\",\"valueRequired\":true,\"valueName\":\"search_term_string\"}}],\"inLanguage\":\"en-US\"},{\"@type\":\"Organization\",\"@id\":\"https:\\\/\\\/www.booksonthemove.fr\\\/#organization\",\"name\":\"Books on the Move\",\"url\":\"https:\\\/\\\/www.booksonthemove.fr\\\/\",\"logo\":{\"@type\":\"ImageObject\",\"inLanguage\":\"en-US\",\"@id\":\"https:\\\/\\\/www.booksonthemove.fr\\\/#\\\/schema\\\/logo\\\/image\\\/\",\"url\":\"https:\\\/\\\/www.booksonthemove.fr\\\/media\\\/logo-NB-400.jpg\",\"contentUrl\":\"https:\\\/\\\/www.booksonthemove.fr\\\/media\\\/logo-NB-400.jpg\",\"width\":400,\"height\":143,\"caption\":\"Books on the Move\"},\"image\":{\"@id\":\"https:\\\/\\\/www.booksonthemove.fr\\\/#\\\/schema\\\/logo\\\/image\\\/\"},\"sameAs\":[\"https:\\\/\\\/www.facebook.com\\\/Librairiebooksonthemove\\\/\"]}]}<\/script>\n<!-- \/ Yoast SEO plugin. -->","yoast_head_json":{"title":"Le travail de l'auteur\u00b7rice - Op\u00e9rations, protocoles, exercices pour le jeu - Books on the Move","robots":{"index":"index","follow":"follow","max-snippet":"max-snippet:-1","max-image-preview":"max-image-preview:large","max-video-preview":"max-video-preview:-1"},"canonical":"https:\/\/www.booksonthemove.fr\/produit\/le-travail-de-lauteur\u00b7rice-operations-protocoles-exercices-pour-le-jeu\/","og_locale":"en_US","og_type":"article","og_title":"Le travail de l'auteur\u00b7rice - Op\u00e9rations, protocoles, exercices pour le jeu - Books on the Move","og_description":"AUTEURE : Anne Pellois EDITEUR : Les presses du r\u00e9el (2025)  BROCH\u00c9 :\u00a0368 pages LANGUE : Fran\u00e7ais ISBN13 : 978-2-37896-562-4","og_url":"https:\/\/www.booksonthemove.fr\/produit\/le-travail-de-lauteur\u00b7rice-operations-protocoles-exercices-pour-le-jeu\/","og_site_name":"Books on the Move","article_publisher":"https:\/\/www.facebook.com\/Librairiebooksonthemove\/","article_modified_time":"2025-05-09T21:00:10+00:00","og_image":[{"width":759,"height":900,"url":"https:\/\/www.booksonthemove.fr\/media\/bom_2915.jpeg","type":"image\/jpeg"}],"twitter_card":"summary_large_image","schema":{"@context":"https:\/\/schema.org","@graph":[{"@type":"WebPage","@id":"https:\/\/www.booksonthemove.fr\/produit\/le-travail-de-lauteur%c2%b7rice-operations-protocoles-exercices-pour-le-jeu\/","url":"https:\/\/www.booksonthemove.fr\/produit\/le-travail-de-lauteur%c2%b7rice-operations-protocoles-exercices-pour-le-jeu\/","name":"Le travail de l'auteur\u00b7rice - Op\u00e9rations, protocoles, exercices pour le jeu - Books on the Move","isPartOf":{"@id":"https:\/\/www.booksonthemove.fr\/#website"},"primaryImageOfPage":{"@id":"https:\/\/www.booksonthemove.fr\/produit\/le-travail-de-lauteur%c2%b7rice-operations-protocoles-exercices-pour-le-jeu\/#primaryimage"},"image":{"@id":"https:\/\/www.booksonthemove.fr\/produit\/le-travail-de-lauteur%c2%b7rice-operations-protocoles-exercices-pour-le-jeu\/#primaryimage"},"thumbnailUrl":"https:\/\/www.booksonthemove.fr\/media\/bom_2915.jpeg","datePublished":"2025-04-11T17:22:33+00:00","dateModified":"2025-05-09T21:00:10+00:00","breadcrumb":{"@id":"https:\/\/www.booksonthemove.fr\/produit\/le-travail-de-lauteur%c2%b7rice-operations-protocoles-exercices-pour-le-jeu\/#breadcrumb"},"inLanguage":"en-US","potentialAction":[{"@type":"ReadAction","target":["https:\/\/www.booksonthemove.fr\/produit\/le-travail-de-lauteur%c2%b7rice-operations-protocoles-exercices-pour-le-jeu\/"]}]},{"@type":"ImageObject","inLanguage":"en-US","@id":"https:\/\/www.booksonthemove.fr\/produit\/le-travail-de-lauteur%c2%b7rice-operations-protocoles-exercices-pour-le-jeu\/#primaryimage","url":"https:\/\/www.booksonthemove.fr\/media\/bom_2915.jpeg","contentUrl":"https:\/\/www.booksonthemove.fr\/media\/bom_2915.jpeg","width":759,"height":900},{"@type":"BreadcrumbList","@id":"https:\/\/www.booksonthemove.fr\/produit\/le-travail-de-lauteur%c2%b7rice-operations-protocoles-exercices-pour-le-jeu\/#breadcrumb","itemListElement":[{"@type":"ListItem","position":1,"name":"Accueil","item":"https:\/\/www.booksonthemove.fr\/en\/"},{"@type":"ListItem","position":2,"name":"online store","item":"https:\/\/www.booksonthemove.fr\/en\/online-shop\/"},{"@type":"ListItem","position":3,"name":"Le travail de l&rsquo;auteur\u00b7rice &#8211; Op\u00e9rations, protocoles, exercices pour le jeu"}]},{"@type":"WebSite","@id":"https:\/\/www.booksonthemove.fr\/#website","url":"https:\/\/www.booksonthemove.fr\/","name":"Books on the Move","description":"librairie nomade - danse - mouvement - performance","publisher":{"@id":"https:\/\/www.booksonthemove.fr\/#organization"},"potentialAction":[{"@type":"SearchAction","target":{"@type":"EntryPoint","urlTemplate":"https:\/\/www.booksonthemove.fr\/?s={search_term_string}"},"query-input":{"@type":"PropertyValueSpecification","valueRequired":true,"valueName":"search_term_string"}}],"inLanguage":"en-US"},{"@type":"Organization","@id":"https:\/\/www.booksonthemove.fr\/#organization","name":"Books on the Move","url":"https:\/\/www.booksonthemove.fr\/","logo":{"@type":"ImageObject","inLanguage":"en-US","@id":"https:\/\/www.booksonthemove.fr\/#\/schema\/logo\/image\/","url":"https:\/\/www.booksonthemove.fr\/media\/logo-NB-400.jpg","contentUrl":"https:\/\/www.booksonthemove.fr\/media\/logo-NB-400.jpg","width":400,"height":143,"caption":"Books on the Move"},"image":{"@id":"https:\/\/www.booksonthemove.fr\/#\/schema\/logo\/image\/"},"sameAs":["https:\/\/www.facebook.com\/Librairiebooksonthemove\/"]}]}},"_links":{"self":[{"href":"https:\/\/www.booksonthemove.fr\/en\/wp-json\/wp\/v2\/product\/45141","targetHints":{"allow":["GET"]}}],"collection":[{"href":"https:\/\/www.booksonthemove.fr\/en\/wp-json\/wp\/v2\/product"}],"about":[{"href":"https:\/\/www.booksonthemove.fr\/en\/wp-json\/wp\/v2\/types\/product"}],"wp:featuredmedia":[{"embeddable":true,"href":"https:\/\/www.booksonthemove.fr\/en\/wp-json\/wp\/v2\/media\/45140"}],"wp:attachment":[{"href":"https:\/\/www.booksonthemove.fr\/en\/wp-json\/wp\/v2\/media?parent=45141"}],"wp:term":[{"taxonomy":"product_brand","embeddable":true,"href":"https:\/\/www.booksonthemove.fr\/en\/wp-json\/wp\/v2\/product_brand?post=45141"},{"taxonomy":"product_cat","embeddable":true,"href":"https:\/\/www.booksonthemove.fr\/en\/wp-json\/wp\/v2\/product_cat?post=45141"},{"taxonomy":"product_tag","embeddable":true,"href":"https:\/\/www.booksonthemove.fr\/en\/wp-json\/wp\/v2\/product_tag?post=45141"}],"curies":[{"name":"wp","href":"https:\/\/api.w.org\/{rel}","templated":true}]}}