{"id":45178,"date":"2025-04-11T17:52:54","date_gmt":"2025-04-11T15:52:54","guid":{"rendered":"https:\/\/www.booksonthemove.fr\/produit\/esquisses-pour-la-terre\/"},"modified":"2025-04-28T11:00:23","modified_gmt":"2025-04-28T09:00:23","slug":"esquisses-pour-la-terre","status":"publish","type":"product","link":"https:\/\/www.booksonthemove.fr\/en\/produit\/esquisses-pour-la-terre\/","title":{"rendered":"Esquisses pour la terre"},"content":{"rendered":"<p>L\u2019esquisse, en peinture, est un dessin pr\u00e9paratoire, un croquis, une \u00e9bauche avant l\u2019oeuvre d\u00e9finitive. Et ici, effectivement, rien de d\u00e9finitif dans le propos de Val\u00e9rie Linder, dont la plume et le trait \u00e9bauchent une esquisse plurielle.<br \/>\nCes \u00abesquisses pour la terre\u00bb saturent l\u2019image : elles emplissent les doubles pages, d\u00e9bordent du cadre ou se font multiples ; les personnages se fondent dans le paysage ; les v\u00e9g\u00e9taux sont luxuriants.<br \/>\nLe texte commence par tutoyer le lecteur, pour entrer dans le livre-paysage, avant de glisser vers un nous plus collectif, l\u2019invitant \u00e0 aimer cette terre qui nous porte, \u00e0 s\u2019en \u00e9tonner, s\u2019en nourrir par les exp\u00e9riences du quotidien. Curiosit\u00e9, humilit\u00e9 et simplicit\u00e9 guident le lecteur tout au long du livre. Car une fois encore, Val\u00e9rie Linder nous invite \u00e0 poser des gestes et des regards clairs \u2013 \u00e0 nos pieds ou en levant les yeux. Le sol, le jardin, le potager, les graines, la montagne, le paysage\u2026 autant de th\u00e8mes qu\u2019elle aborde dans chacun de ses livres, en gardant une sensibilit\u00e9 aiguis\u00e9e et un souci de transmission.<br \/>\nCette terre qui nous entoure est revisit\u00e9e par l\u2019auteure dans un \u00e9merveillement conscient qui, par sa capacit\u00e9 \u00e0 amener du beau et du bon sous nos yeux, nous aide \u00e0 r\u00e9fl\u00e9chir \u00e0 notre bien commun.<br \/>\nEsquisser la terre devient alors une n\u00e9cessit\u00e9 \u00e0 la port\u00e9e de toutes et tous.<\/p>\n","protected":false},"excerpt":{"rendered":"<p><b>AUTEURE :<\/b>\u00a0Val\u00e9rie Linder<br \/>\n<b>EDITEUR : <\/b>Esperlu\u00e8te (2022)<\/p>\n<p><strong>BROCH\u00c9 :<\/strong>\u00a038 pages<br \/>\n<b>LANGUE : <\/b>Fran\u00e7ais<br \/>\n<strong>ISBN13 :<\/strong> 9782359841565<\/p>\n","protected":false},"featured_media":45177,"template":"","meta":[],"product_brand":[],"product_cat":[212,301,209,162,292],"product_tag":[],"class_list":{"0":"post-45178","1":"product","2":"type-product","3":"status-publish","4":"has-post-thumbnail","6":"product_cat-artists-books-en","7":"product_cat-arts-plastiques-en","8":"product_cat-environment-en","9":"product_cat-french-en","10":"product_cat-nature-en","12":"first","13":"instock","14":"taxable","15":"shipping-taxable","16":"purchasable","17":"product-type-simple"},"yoast_head":"<!-- This site is optimized with the Yoast SEO plugin v27.4 - https:\/\/yoast.com\/product\/yoast-seo-wordpress\/ -->\n<title>Esquisses pour la terre - Books on the Move<\/title>\n<meta name=\"robots\" content=\"index, follow, max-snippet:-1, max-image-preview:large, max-video-preview:-1\" \/>\n<link rel=\"canonical\" href=\"https:\/\/www.booksonthemove.fr\/produit\/esquisses-pour-la-terre\/\" \/>\n<meta property=\"og:locale\" content=\"en_US\" \/>\n<meta property=\"og:type\" content=\"article\" \/>\n<meta property=\"og:title\" content=\"Esquisses pour la terre - Books on the Move\" \/>\n<meta property=\"og:description\" content=\"AUTEURE :\u00a0Val\u00e9rie Linder EDITEUR : Esperlu\u00e8te (2022)  BROCH\u00c9 :\u00a038 pages LANGUE : Fran\u00e7ais ISBN13 : 9782359841565\" \/>\n<meta property=\"og:url\" content=\"https:\/\/www.booksonthemove.fr\/produit\/esquisses-pour-la-terre\/\" \/>\n<meta property=\"og:site_name\" content=\"Books on the Move\" \/>\n<meta property=\"article:publisher\" content=\"https:\/\/www.facebook.com\/Librairiebooksonthemove\/\" \/>\n<meta property=\"article:modified_time\" content=\"2025-04-28T09:00:23+00:00\" \/>\n<meta property=\"og:image\" content=\"https:\/\/www.booksonthemove.fr\/media\/bom_2918.jpg\" \/>\n\t<meta property=\"og:image:width\" content=\"667\" \/>\n\t<meta property=\"og:image:height\" content=\"900\" \/>\n\t<meta property=\"og:image:type\" content=\"image\/jpeg\" \/>\n<meta name=\"twitter:card\" content=\"summary_large_image\" \/>\n<script type=\"application\/ld+json\" class=\"yoast-schema-graph\">{\"@context\":\"https:\\\/\\\/schema.org\",\"@graph\":[{\"@type\":\"WebPage\",\"@id\":\"https:\\\/\\\/www.booksonthemove.fr\\\/produit\\\/esquisses-pour-la-terre\\\/\",\"url\":\"https:\\\/\\\/www.booksonthemove.fr\\\/produit\\\/esquisses-pour-la-terre\\\/\",\"name\":\"Esquisses pour la terre - Books on the Move\",\"isPartOf\":{\"@id\":\"https:\\\/\\\/www.booksonthemove.fr\\\/#website\"},\"primaryImageOfPage\":{\"@id\":\"https:\\\/\\\/www.booksonthemove.fr\\\/produit\\\/esquisses-pour-la-terre\\\/#primaryimage\"},\"image\":{\"@id\":\"https:\\\/\\\/www.booksonthemove.fr\\\/produit\\\/esquisses-pour-la-terre\\\/#primaryimage\"},\"thumbnailUrl\":\"https:\\\/\\\/www.booksonthemove.fr\\\/media\\\/bom_2918.jpg\",\"datePublished\":\"2025-04-11T15:52:54+00:00\",\"dateModified\":\"2025-04-28T09:00:23+00:00\",\"breadcrumb\":{\"@id\":\"https:\\\/\\\/www.booksonthemove.fr\\\/produit\\\/esquisses-pour-la-terre\\\/#breadcrumb\"},\"inLanguage\":\"en-US\",\"potentialAction\":[{\"@type\":\"ReadAction\",\"target\":[\"https:\\\/\\\/www.booksonthemove.fr\\\/produit\\\/esquisses-pour-la-terre\\\/\"]}]},{\"@type\":\"ImageObject\",\"inLanguage\":\"en-US\",\"@id\":\"https:\\\/\\\/www.booksonthemove.fr\\\/produit\\\/esquisses-pour-la-terre\\\/#primaryimage\",\"url\":\"https:\\\/\\\/www.booksonthemove.fr\\\/media\\\/bom_2918.jpg\",\"contentUrl\":\"https:\\\/\\\/www.booksonthemove.fr\\\/media\\\/bom_2918.jpg\",\"width\":667,\"height\":900},{\"@type\":\"BreadcrumbList\",\"@id\":\"https:\\\/\\\/www.booksonthemove.fr\\\/produit\\\/esquisses-pour-la-terre\\\/#breadcrumb\",\"itemListElement\":[{\"@type\":\"ListItem\",\"position\":1,\"name\":\"Accueil\",\"item\":\"https:\\\/\\\/www.booksonthemove.fr\\\/en\\\/\"},{\"@type\":\"ListItem\",\"position\":2,\"name\":\"online store\",\"item\":\"https:\\\/\\\/www.booksonthemove.fr\\\/en\\\/online-shop\\\/\"},{\"@type\":\"ListItem\",\"position\":3,\"name\":\"Esquisses pour la terre\"}]},{\"@type\":\"WebSite\",\"@id\":\"https:\\\/\\\/www.booksonthemove.fr\\\/#website\",\"url\":\"https:\\\/\\\/www.booksonthemove.fr\\\/\",\"name\":\"Books on the Move\",\"description\":\"librairie nomade - danse - mouvement - performance\",\"publisher\":{\"@id\":\"https:\\\/\\\/www.booksonthemove.fr\\\/#organization\"},\"potentialAction\":[{\"@type\":\"SearchAction\",\"target\":{\"@type\":\"EntryPoint\",\"urlTemplate\":\"https:\\\/\\\/www.booksonthemove.fr\\\/?s={search_term_string}\"},\"query-input\":{\"@type\":\"PropertyValueSpecification\",\"valueRequired\":true,\"valueName\":\"search_term_string\"}}],\"inLanguage\":\"en-US\"},{\"@type\":\"Organization\",\"@id\":\"https:\\\/\\\/www.booksonthemove.fr\\\/#organization\",\"name\":\"Books on the Move\",\"url\":\"https:\\\/\\\/www.booksonthemove.fr\\\/\",\"logo\":{\"@type\":\"ImageObject\",\"inLanguage\":\"en-US\",\"@id\":\"https:\\\/\\\/www.booksonthemove.fr\\\/#\\\/schema\\\/logo\\\/image\\\/\",\"url\":\"https:\\\/\\\/www.booksonthemove.fr\\\/media\\\/logo-NB-400.jpg\",\"contentUrl\":\"https:\\\/\\\/www.booksonthemove.fr\\\/media\\\/logo-NB-400.jpg\",\"width\":400,\"height\":143,\"caption\":\"Books on the Move\"},\"image\":{\"@id\":\"https:\\\/\\\/www.booksonthemove.fr\\\/#\\\/schema\\\/logo\\\/image\\\/\"},\"sameAs\":[\"https:\\\/\\\/www.facebook.com\\\/Librairiebooksonthemove\\\/\"]}]}<\/script>\n<!-- \/ Yoast SEO plugin. -->","yoast_head_json":{"title":"Esquisses pour la terre - Books on the Move","robots":{"index":"index","follow":"follow","max-snippet":"max-snippet:-1","max-image-preview":"max-image-preview:large","max-video-preview":"max-video-preview:-1"},"canonical":"https:\/\/www.booksonthemove.fr\/produit\/esquisses-pour-la-terre\/","og_locale":"en_US","og_type":"article","og_title":"Esquisses pour la terre - Books on the Move","og_description":"AUTEURE :\u00a0Val\u00e9rie Linder EDITEUR : Esperlu\u00e8te (2022)  BROCH\u00c9 :\u00a038 pages LANGUE : Fran\u00e7ais ISBN13 : 9782359841565","og_url":"https:\/\/www.booksonthemove.fr\/produit\/esquisses-pour-la-terre\/","og_site_name":"Books on the Move","article_publisher":"https:\/\/www.facebook.com\/Librairiebooksonthemove\/","article_modified_time":"2025-04-28T09:00:23+00:00","og_image":[{"width":667,"height":900,"url":"https:\/\/www.booksonthemove.fr\/media\/bom_2918.jpg","type":"image\/jpeg"}],"twitter_card":"summary_large_image","schema":{"@context":"https:\/\/schema.org","@graph":[{"@type":"WebPage","@id":"https:\/\/www.booksonthemove.fr\/produit\/esquisses-pour-la-terre\/","url":"https:\/\/www.booksonthemove.fr\/produit\/esquisses-pour-la-terre\/","name":"Esquisses pour la terre - Books on the Move","isPartOf":{"@id":"https:\/\/www.booksonthemove.fr\/#website"},"primaryImageOfPage":{"@id":"https:\/\/www.booksonthemove.fr\/produit\/esquisses-pour-la-terre\/#primaryimage"},"image":{"@id":"https:\/\/www.booksonthemove.fr\/produit\/esquisses-pour-la-terre\/#primaryimage"},"thumbnailUrl":"https:\/\/www.booksonthemove.fr\/media\/bom_2918.jpg","datePublished":"2025-04-11T15:52:54+00:00","dateModified":"2025-04-28T09:00:23+00:00","breadcrumb":{"@id":"https:\/\/www.booksonthemove.fr\/produit\/esquisses-pour-la-terre\/#breadcrumb"},"inLanguage":"en-US","potentialAction":[{"@type":"ReadAction","target":["https:\/\/www.booksonthemove.fr\/produit\/esquisses-pour-la-terre\/"]}]},{"@type":"ImageObject","inLanguage":"en-US","@id":"https:\/\/www.booksonthemove.fr\/produit\/esquisses-pour-la-terre\/#primaryimage","url":"https:\/\/www.booksonthemove.fr\/media\/bom_2918.jpg","contentUrl":"https:\/\/www.booksonthemove.fr\/media\/bom_2918.jpg","width":667,"height":900},{"@type":"BreadcrumbList","@id":"https:\/\/www.booksonthemove.fr\/produit\/esquisses-pour-la-terre\/#breadcrumb","itemListElement":[{"@type":"ListItem","position":1,"name":"Accueil","item":"https:\/\/www.booksonthemove.fr\/en\/"},{"@type":"ListItem","position":2,"name":"online store","item":"https:\/\/www.booksonthemove.fr\/en\/online-shop\/"},{"@type":"ListItem","position":3,"name":"Esquisses pour la terre"}]},{"@type":"WebSite","@id":"https:\/\/www.booksonthemove.fr\/#website","url":"https:\/\/www.booksonthemove.fr\/","name":"Books on the Move","description":"librairie nomade - danse - mouvement - performance","publisher":{"@id":"https:\/\/www.booksonthemove.fr\/#organization"},"potentialAction":[{"@type":"SearchAction","target":{"@type":"EntryPoint","urlTemplate":"https:\/\/www.booksonthemove.fr\/?s={search_term_string}"},"query-input":{"@type":"PropertyValueSpecification","valueRequired":true,"valueName":"search_term_string"}}],"inLanguage":"en-US"},{"@type":"Organization","@id":"https:\/\/www.booksonthemove.fr\/#organization","name":"Books on the Move","url":"https:\/\/www.booksonthemove.fr\/","logo":{"@type":"ImageObject","inLanguage":"en-US","@id":"https:\/\/www.booksonthemove.fr\/#\/schema\/logo\/image\/","url":"https:\/\/www.booksonthemove.fr\/media\/logo-NB-400.jpg","contentUrl":"https:\/\/www.booksonthemove.fr\/media\/logo-NB-400.jpg","width":400,"height":143,"caption":"Books on the Move"},"image":{"@id":"https:\/\/www.booksonthemove.fr\/#\/schema\/logo\/image\/"},"sameAs":["https:\/\/www.facebook.com\/Librairiebooksonthemove\/"]}]}},"_links":{"self":[{"href":"https:\/\/www.booksonthemove.fr\/en\/wp-json\/wp\/v2\/product\/45178","targetHints":{"allow":["GET"]}}],"collection":[{"href":"https:\/\/www.booksonthemove.fr\/en\/wp-json\/wp\/v2\/product"}],"about":[{"href":"https:\/\/www.booksonthemove.fr\/en\/wp-json\/wp\/v2\/types\/product"}],"wp:featuredmedia":[{"embeddable":true,"href":"https:\/\/www.booksonthemove.fr\/en\/wp-json\/wp\/v2\/media\/45177"}],"wp:attachment":[{"href":"https:\/\/www.booksonthemove.fr\/en\/wp-json\/wp\/v2\/media?parent=45178"}],"wp:term":[{"taxonomy":"product_brand","embeddable":true,"href":"https:\/\/www.booksonthemove.fr\/en\/wp-json\/wp\/v2\/product_brand?post=45178"},{"taxonomy":"product_cat","embeddable":true,"href":"https:\/\/www.booksonthemove.fr\/en\/wp-json\/wp\/v2\/product_cat?post=45178"},{"taxonomy":"product_tag","embeddable":true,"href":"https:\/\/www.booksonthemove.fr\/en\/wp-json\/wp\/v2\/product_tag?post=45178"}],"curies":[{"name":"wp","href":"https:\/\/api.w.org\/{rel}","templated":true}]}}