{"id":45295,"date":"2025-05-13T11:08:56","date_gmt":"2025-05-13T09:08:56","guid":{"rendered":"https:\/\/www.booksonthemove.fr\/produit\/microbiota-creer-et-soigner\/"},"modified":"2025-05-15T08:19:24","modified_gmt":"2025-05-15T06:19:24","slug":"microbiota-creer-et-soigner","status":"publish","type":"product","link":"https:\/\/www.booksonthemove.fr\/en\/produit\/microbiota-creer-et-soigner\/","title":{"rendered":"Microbiota \u2013 Cr\u00e9er et soigner"},"content":{"rendered":"<div class=\"accroche\">Une recherche de Marion Laval-Jeantet autour du soin th\u00e9rapeutique, prolongeant ses travaux d\u00e9velopp\u00e9s avec Beno\u00eet Mangin, sous le nom d&#8217;Art Orient\u00e9 Objet, sur le microbiote, ces \u00ab\u00a0\u00e9trangers microscopiques\u00a0\u00bb que nous h\u00e9bergeons, qui nous font vivre, ou nous parasitent, repla\u00e7ant l&#8217;homme dans le grand bouillon des esp\u00e8ces, aux croisements de l&#8217;art scientifique, de la biologie, de l&#8217;anthropologie, de la psychologie et de l&#8217;\u00e9thologie.<\/div>\n<div>\/<\/div>\n<div class=\"citation\">Art Orient\u00e9 Objet a con\u00e7u pour le mus\u00e9e des Beaux-Arts de Dole et la maison natale de Louis Pasteur une exposition Art et Sciences en forme d&#8217;hommage au grand savant, qui pr\u00e9sente rien de moins qu&#8217;une nouvelle vision de la biologie actuelle. Dans cet ouvrage qui en d\u00e9coule, Marion Laval-Jeantet, artiste-chercheuse, nous fait comprendre les nouveaux enjeux de l&#8217;art face \u00e0 un monde globalis\u00e9 et aux connaissances nouvelles que nous ouvre l&#8217;\u00e9tude du microbiote. De d\u00e9couvertes th\u00e9rapeutiques salvatrices en constats \u00e9cologiques essentiels, elle nous dessine un monde o\u00f9 les \u00e9cosyst\u00e8mes, les animaux et les hommes sont reli\u00e9s du microscopique au macroscopique. Ainsi, elle met pleinement en lumi\u00e8re une nouvelle donne de l&#8217;art scientifique \u00e0 travers le concept de <em>One Health<\/em> (Une seule sant\u00e9) : nous, humains, nous percevons comme des individus physiquement dissoci\u00e9s, alors que biologiquement et culturellement nous ne faisons qu&#8217;un avec notre environnement et cela n&#8217;est pas sans cons\u00e9quences sur notre sant\u00e9.<\/div>\n<div>\/<\/div>\n<div class=\"note\">Publi\u00e9 suite \u00e0 l&#8217;exposition \u00ab Art Orient\u00e9 Objet \u2013 Microbiota\u00a0\u00bb au Mus\u00e9e des Beaux-Arts et \u00e0 la Maison natale de Louis Pasteur, Dole, en 2016.<\/div>\n","protected":false},"excerpt":{"rendered":"<p><b>AUTEUR : <\/b>Marion Laval-Jeantet<br \/>\n<b>\u00c9DITEUR : <\/b>Les presses du r\u00e9el (2025)<\/p>\n<p><strong>RELI\u00c9 :<\/strong> 176 pages<br \/>\n<b>LANGUE : <\/b>Fran\u00e7ais<br \/>\n<strong>ISBN13 :<\/strong> 978-2-37896-498-6<\/p>\n","protected":false},"featured_media":45294,"template":"","meta":[],"product_brand":[],"product_cat":[224,301,225,209,162,163,152,294],"product_tag":[],"class_list":{"0":"post-45295","1":"product","2":"type-product","3":"status-publish","4":"has-post-thumbnail","6":"product_cat-animal-related-en","7":"product_cat-arts-plastiques-en","8":"product_cat-exhibitions-catalogues-en","9":"product_cat-environment-en","10":"product_cat-french-en","11":"product_cat-france-en","12":"product_cat-performance-en","13":"product_cat-science-en","15":"first","16":"instock","17":"taxable","18":"shipping-taxable","19":"purchasable","20":"product-type-simple"},"yoast_head":"<!-- This site is optimized with the Yoast SEO plugin v27.4 - https:\/\/yoast.com\/product\/yoast-seo-wordpress\/ -->\n<title>Microbiota \u2013 Cr\u00e9er et soigner - Books on the Move<\/title>\n<meta name=\"robots\" content=\"index, follow, max-snippet:-1, max-image-preview:large, max-video-preview:-1\" \/>\n<link rel=\"canonical\" href=\"https:\/\/www.booksonthemove.fr\/produit\/microbiota-creer-et-soigner\/\" \/>\n<meta property=\"og:locale\" content=\"en_US\" \/>\n<meta property=\"og:type\" content=\"article\" \/>\n<meta property=\"og:title\" content=\"Microbiota \u2013 Cr\u00e9er et soigner - Books on the Move\" \/>\n<meta property=\"og:description\" content=\"AUTEUR : Marion Laval-Jeantet \u00c9DITEUR : Les presses du r\u00e9el (2025)  RELI\u00c9 : 176 pages LANGUE : Fran\u00e7ais ISBN13 : 978-2-37896-498-6\" \/>\n<meta property=\"og:url\" content=\"https:\/\/www.booksonthemove.fr\/produit\/microbiota-creer-et-soigner\/\" \/>\n<meta property=\"og:site_name\" content=\"Books on the Move\" \/>\n<meta property=\"article:publisher\" content=\"https:\/\/www.facebook.com\/Librairiebooksonthemove\/\" \/>\n<meta property=\"article:modified_time\" content=\"2025-05-15T06:19:24+00:00\" \/>\n<meta property=\"og:image\" content=\"https:\/\/www.booksonthemove.fr\/media\/bom_2936.jpg\" \/>\n\t<meta property=\"og:image:width\" content=\"606\" \/>\n\t<meta property=\"og:image:height\" content=\"800\" \/>\n\t<meta property=\"og:image:type\" content=\"image\/jpeg\" \/>\n<meta name=\"twitter:card\" content=\"summary_large_image\" \/>\n<script type=\"application\/ld+json\" class=\"yoast-schema-graph\">{\"@context\":\"https:\\\/\\\/schema.org\",\"@graph\":[{\"@type\":\"WebPage\",\"@id\":\"https:\\\/\\\/www.booksonthemove.fr\\\/produit\\\/microbiota-creer-et-soigner\\\/\",\"url\":\"https:\\\/\\\/www.booksonthemove.fr\\\/produit\\\/microbiota-creer-et-soigner\\\/\",\"name\":\"Microbiota \u2013 Cr\u00e9er et soigner - Books on the Move\",\"isPartOf\":{\"@id\":\"https:\\\/\\\/www.booksonthemove.fr\\\/#website\"},\"primaryImageOfPage\":{\"@id\":\"https:\\\/\\\/www.booksonthemove.fr\\\/produit\\\/microbiota-creer-et-soigner\\\/#primaryimage\"},\"image\":{\"@id\":\"https:\\\/\\\/www.booksonthemove.fr\\\/produit\\\/microbiota-creer-et-soigner\\\/#primaryimage\"},\"thumbnailUrl\":\"https:\\\/\\\/www.booksonthemove.fr\\\/media\\\/bom_2936.jpg\",\"datePublished\":\"2025-05-13T09:08:56+00:00\",\"dateModified\":\"2025-05-15T06:19:24+00:00\",\"breadcrumb\":{\"@id\":\"https:\\\/\\\/www.booksonthemove.fr\\\/produit\\\/microbiota-creer-et-soigner\\\/#breadcrumb\"},\"inLanguage\":\"en-US\",\"potentialAction\":[{\"@type\":\"ReadAction\",\"target\":[\"https:\\\/\\\/www.booksonthemove.fr\\\/produit\\\/microbiota-creer-et-soigner\\\/\"]}]},{\"@type\":\"ImageObject\",\"inLanguage\":\"en-US\",\"@id\":\"https:\\\/\\\/www.booksonthemove.fr\\\/produit\\\/microbiota-creer-et-soigner\\\/#primaryimage\",\"url\":\"https:\\\/\\\/www.booksonthemove.fr\\\/media\\\/bom_2936.jpg\",\"contentUrl\":\"https:\\\/\\\/www.booksonthemove.fr\\\/media\\\/bom_2936.jpg\",\"width\":606,\"height\":800},{\"@type\":\"BreadcrumbList\",\"@id\":\"https:\\\/\\\/www.booksonthemove.fr\\\/produit\\\/microbiota-creer-et-soigner\\\/#breadcrumb\",\"itemListElement\":[{\"@type\":\"ListItem\",\"position\":1,\"name\":\"Accueil\",\"item\":\"https:\\\/\\\/www.booksonthemove.fr\\\/en\\\/\"},{\"@type\":\"ListItem\",\"position\":2,\"name\":\"online store\",\"item\":\"https:\\\/\\\/www.booksonthemove.fr\\\/en\\\/online-shop\\\/\"},{\"@type\":\"ListItem\",\"position\":3,\"name\":\"Microbiota \u2013 Cr\u00e9er et soigner\"}]},{\"@type\":\"WebSite\",\"@id\":\"https:\\\/\\\/www.booksonthemove.fr\\\/#website\",\"url\":\"https:\\\/\\\/www.booksonthemove.fr\\\/\",\"name\":\"Books on the Move\",\"description\":\"librairie nomade - danse - mouvement - performance\",\"publisher\":{\"@id\":\"https:\\\/\\\/www.booksonthemove.fr\\\/#organization\"},\"potentialAction\":[{\"@type\":\"SearchAction\",\"target\":{\"@type\":\"EntryPoint\",\"urlTemplate\":\"https:\\\/\\\/www.booksonthemove.fr\\\/?s={search_term_string}\"},\"query-input\":{\"@type\":\"PropertyValueSpecification\",\"valueRequired\":true,\"valueName\":\"search_term_string\"}}],\"inLanguage\":\"en-US\"},{\"@type\":\"Organization\",\"@id\":\"https:\\\/\\\/www.booksonthemove.fr\\\/#organization\",\"name\":\"Books on the Move\",\"url\":\"https:\\\/\\\/www.booksonthemove.fr\\\/\",\"logo\":{\"@type\":\"ImageObject\",\"inLanguage\":\"en-US\",\"@id\":\"https:\\\/\\\/www.booksonthemove.fr\\\/#\\\/schema\\\/logo\\\/image\\\/\",\"url\":\"https:\\\/\\\/www.booksonthemove.fr\\\/media\\\/logo-NB-400.jpg\",\"contentUrl\":\"https:\\\/\\\/www.booksonthemove.fr\\\/media\\\/logo-NB-400.jpg\",\"width\":400,\"height\":143,\"caption\":\"Books on the Move\"},\"image\":{\"@id\":\"https:\\\/\\\/www.booksonthemove.fr\\\/#\\\/schema\\\/logo\\\/image\\\/\"},\"sameAs\":[\"https:\\\/\\\/www.facebook.com\\\/Librairiebooksonthemove\\\/\"]}]}<\/script>\n<!-- \/ Yoast SEO plugin. -->","yoast_head_json":{"title":"Microbiota \u2013 Cr\u00e9er et soigner - Books on the Move","robots":{"index":"index","follow":"follow","max-snippet":"max-snippet:-1","max-image-preview":"max-image-preview:large","max-video-preview":"max-video-preview:-1"},"canonical":"https:\/\/www.booksonthemove.fr\/produit\/microbiota-creer-et-soigner\/","og_locale":"en_US","og_type":"article","og_title":"Microbiota \u2013 Cr\u00e9er et soigner - Books on the Move","og_description":"AUTEUR : Marion Laval-Jeantet \u00c9DITEUR : Les presses du r\u00e9el (2025)  RELI\u00c9 : 176 pages LANGUE : Fran\u00e7ais ISBN13 : 978-2-37896-498-6","og_url":"https:\/\/www.booksonthemove.fr\/produit\/microbiota-creer-et-soigner\/","og_site_name":"Books on the Move","article_publisher":"https:\/\/www.facebook.com\/Librairiebooksonthemove\/","article_modified_time":"2025-05-15T06:19:24+00:00","og_image":[{"width":606,"height":800,"url":"https:\/\/www.booksonthemove.fr\/media\/bom_2936.jpg","type":"image\/jpeg"}],"twitter_card":"summary_large_image","schema":{"@context":"https:\/\/schema.org","@graph":[{"@type":"WebPage","@id":"https:\/\/www.booksonthemove.fr\/produit\/microbiota-creer-et-soigner\/","url":"https:\/\/www.booksonthemove.fr\/produit\/microbiota-creer-et-soigner\/","name":"Microbiota \u2013 Cr\u00e9er et soigner - Books on the Move","isPartOf":{"@id":"https:\/\/www.booksonthemove.fr\/#website"},"primaryImageOfPage":{"@id":"https:\/\/www.booksonthemove.fr\/produit\/microbiota-creer-et-soigner\/#primaryimage"},"image":{"@id":"https:\/\/www.booksonthemove.fr\/produit\/microbiota-creer-et-soigner\/#primaryimage"},"thumbnailUrl":"https:\/\/www.booksonthemove.fr\/media\/bom_2936.jpg","datePublished":"2025-05-13T09:08:56+00:00","dateModified":"2025-05-15T06:19:24+00:00","breadcrumb":{"@id":"https:\/\/www.booksonthemove.fr\/produit\/microbiota-creer-et-soigner\/#breadcrumb"},"inLanguage":"en-US","potentialAction":[{"@type":"ReadAction","target":["https:\/\/www.booksonthemove.fr\/produit\/microbiota-creer-et-soigner\/"]}]},{"@type":"ImageObject","inLanguage":"en-US","@id":"https:\/\/www.booksonthemove.fr\/produit\/microbiota-creer-et-soigner\/#primaryimage","url":"https:\/\/www.booksonthemove.fr\/media\/bom_2936.jpg","contentUrl":"https:\/\/www.booksonthemove.fr\/media\/bom_2936.jpg","width":606,"height":800},{"@type":"BreadcrumbList","@id":"https:\/\/www.booksonthemove.fr\/produit\/microbiota-creer-et-soigner\/#breadcrumb","itemListElement":[{"@type":"ListItem","position":1,"name":"Accueil","item":"https:\/\/www.booksonthemove.fr\/en\/"},{"@type":"ListItem","position":2,"name":"online store","item":"https:\/\/www.booksonthemove.fr\/en\/online-shop\/"},{"@type":"ListItem","position":3,"name":"Microbiota \u2013 Cr\u00e9er et soigner"}]},{"@type":"WebSite","@id":"https:\/\/www.booksonthemove.fr\/#website","url":"https:\/\/www.booksonthemove.fr\/","name":"Books on the Move","description":"librairie nomade - danse - mouvement - performance","publisher":{"@id":"https:\/\/www.booksonthemove.fr\/#organization"},"potentialAction":[{"@type":"SearchAction","target":{"@type":"EntryPoint","urlTemplate":"https:\/\/www.booksonthemove.fr\/?s={search_term_string}"},"query-input":{"@type":"PropertyValueSpecification","valueRequired":true,"valueName":"search_term_string"}}],"inLanguage":"en-US"},{"@type":"Organization","@id":"https:\/\/www.booksonthemove.fr\/#organization","name":"Books on the Move","url":"https:\/\/www.booksonthemove.fr\/","logo":{"@type":"ImageObject","inLanguage":"en-US","@id":"https:\/\/www.booksonthemove.fr\/#\/schema\/logo\/image\/","url":"https:\/\/www.booksonthemove.fr\/media\/logo-NB-400.jpg","contentUrl":"https:\/\/www.booksonthemove.fr\/media\/logo-NB-400.jpg","width":400,"height":143,"caption":"Books on the Move"},"image":{"@id":"https:\/\/www.booksonthemove.fr\/#\/schema\/logo\/image\/"},"sameAs":["https:\/\/www.facebook.com\/Librairiebooksonthemove\/"]}]}},"_links":{"self":[{"href":"https:\/\/www.booksonthemove.fr\/en\/wp-json\/wp\/v2\/product\/45295","targetHints":{"allow":["GET"]}}],"collection":[{"href":"https:\/\/www.booksonthemove.fr\/en\/wp-json\/wp\/v2\/product"}],"about":[{"href":"https:\/\/www.booksonthemove.fr\/en\/wp-json\/wp\/v2\/types\/product"}],"wp:featuredmedia":[{"embeddable":true,"href":"https:\/\/www.booksonthemove.fr\/en\/wp-json\/wp\/v2\/media\/45294"}],"wp:attachment":[{"href":"https:\/\/www.booksonthemove.fr\/en\/wp-json\/wp\/v2\/media?parent=45295"}],"wp:term":[{"taxonomy":"product_brand","embeddable":true,"href":"https:\/\/www.booksonthemove.fr\/en\/wp-json\/wp\/v2\/product_brand?post=45295"},{"taxonomy":"product_cat","embeddable":true,"href":"https:\/\/www.booksonthemove.fr\/en\/wp-json\/wp\/v2\/product_cat?post=45295"},{"taxonomy":"product_tag","embeddable":true,"href":"https:\/\/www.booksonthemove.fr\/en\/wp-json\/wp\/v2\/product_tag?post=45295"}],"curies":[{"name":"wp","href":"https:\/\/api.w.org\/{rel}","templated":true}]}}