{"id":45307,"date":"2025-05-13T11:56:32","date_gmt":"2025-05-13T09:56:32","guid":{"rendered":"https:\/\/www.booksonthemove.fr\/produit\/roven-n-18-special-reve-et-sommeil\/"},"modified":"2025-06-03T09:19:04","modified_gmt":"2025-06-03T07:19:04","slug":"roven-n-18-special-reve-et-sommeil","status":"publish","type":"product","link":"https:\/\/www.booksonthemove.fr\/en\/produit\/roven-n-18-special-reve-et-sommeil\/","title":{"rendered":"Roven n\u00b0 18 \u2013 Sp\u00e9cial r\u00eave et sommeil"},"content":{"rendered":"<p>Au sommaire de <em>Roven<\/em> n\u00b0 18, num\u00e9ro sp\u00e9cial r\u00eave et sommeil : ponctuation de Julie Redon\u00a0; essai sur la notation des r\u00eaves, par Guitemie Maldonado\u00a0; entretiens avec Marisa Cornejo par Julie Enckell, avec Jim Shaw par Camille Vi\u00e9ville, avec Drawing Now Paris\u00a0; David B. par Arnaud Fourrier\u00a0; approche historique par Le\u00efla Jarbouai (Redon, Millet, Courbet, Granville, Salomon)\u00a0; portfolios de Chlo\u00e9 Vanderstraeten (et entretien par Alexandre Leger), Kathy Acker, Martine Atrax, Federico Fellini, Stella Geppert, Lina Jabbour, Christine Rebet, Jean-Jacques Rullier, Sandra V\u00e1squez de la Horra\u00a0; collection Frac Picardie.<\/p>\n","protected":false},"excerpt":{"rendered":"<p><b>AUTEUR\u00b7ES : <\/b>ouvrage collectif<br \/>\n<b>EDITEUR : <\/b>Roven (2025)<\/p>\n<p><b>BROCH\u00c9 : <\/b>128 pages<br \/>\n<b>LANGUE : <\/b>Fran\u00e7ais<br \/>\n<strong>ISBN13:<\/strong> 978-2-918450-43-6<\/p>\n","protected":false},"featured_media":45306,"template":"","meta":[],"product_brand":[],"product_cat":[744,162,211],"product_tag":[],"class_list":{"0":"post-45307","1":"product","2":"type-product","3":"status-publish","4":"has-post-thumbnail","6":"product_cat-arts-visuels-en","7":"product_cat-french-en","8":"product_cat-magazines-en","10":"first","11":"instock","12":"taxable","13":"shipping-taxable","14":"purchasable","15":"product-type-simple"},"yoast_head":"<!-- This site is optimized with the Yoast SEO plugin v27.4 - https:\/\/yoast.com\/product\/yoast-seo-wordpress\/ -->\n<title>Roven n\u00b0 18 \u2013 Sp\u00e9cial r\u00eave et sommeil - Books on the Move<\/title>\n<meta name=\"robots\" content=\"index, follow, max-snippet:-1, max-image-preview:large, max-video-preview:-1\" \/>\n<link rel=\"canonical\" href=\"https:\/\/www.booksonthemove.fr\/produit\/roven-n-18-special-reve-et-sommeil\/\" \/>\n<meta property=\"og:locale\" content=\"en_US\" \/>\n<meta property=\"og:type\" content=\"article\" \/>\n<meta property=\"og:title\" content=\"Roven n\u00b0 18 \u2013 Sp\u00e9cial r\u00eave et sommeil - Books on the Move\" \/>\n<meta property=\"og:description\" content=\"AUTEUR\u00b7ES : ouvrage collectif EDITEUR : Roven (2025)  BROCH\u00c9 : 128 pages LANGUE : Fran\u00e7ais ISBN13: 978-2-918450-43-6\" \/>\n<meta property=\"og:url\" content=\"https:\/\/www.booksonthemove.fr\/produit\/roven-n-18-special-reve-et-sommeil\/\" \/>\n<meta property=\"og:site_name\" content=\"Books on the Move\" \/>\n<meta property=\"article:publisher\" content=\"https:\/\/www.facebook.com\/Librairiebooksonthemove\/\" \/>\n<meta property=\"article:modified_time\" content=\"2025-06-03T07:19:04+00:00\" \/>\n<meta property=\"og:image\" content=\"https:\/\/www.booksonthemove.fr\/media\/bom_2937.jpg\" \/>\n\t<meta property=\"og:image:width\" content=\"647\" \/>\n\t<meta property=\"og:image:height\" content=\"800\" \/>\n\t<meta property=\"og:image:type\" content=\"image\/jpeg\" \/>\n<meta name=\"twitter:card\" content=\"summary_large_image\" \/>\n<script type=\"application\/ld+json\" class=\"yoast-schema-graph\">{\"@context\":\"https:\\\/\\\/schema.org\",\"@graph\":[{\"@type\":\"WebPage\",\"@id\":\"https:\\\/\\\/www.booksonthemove.fr\\\/produit\\\/roven-n-18-special-reve-et-sommeil\\\/\",\"url\":\"https:\\\/\\\/www.booksonthemove.fr\\\/produit\\\/roven-n-18-special-reve-et-sommeil\\\/\",\"name\":\"Roven n\u00b0 18 \u2013 Sp\u00e9cial r\u00eave et sommeil - Books on the Move\",\"isPartOf\":{\"@id\":\"https:\\\/\\\/www.booksonthemove.fr\\\/#website\"},\"primaryImageOfPage\":{\"@id\":\"https:\\\/\\\/www.booksonthemove.fr\\\/produit\\\/roven-n-18-special-reve-et-sommeil\\\/#primaryimage\"},\"image\":{\"@id\":\"https:\\\/\\\/www.booksonthemove.fr\\\/produit\\\/roven-n-18-special-reve-et-sommeil\\\/#primaryimage\"},\"thumbnailUrl\":\"https:\\\/\\\/www.booksonthemove.fr\\\/media\\\/bom_2937.jpg\",\"datePublished\":\"2025-05-13T09:56:32+00:00\",\"dateModified\":\"2025-06-03T07:19:04+00:00\",\"breadcrumb\":{\"@id\":\"https:\\\/\\\/www.booksonthemove.fr\\\/produit\\\/roven-n-18-special-reve-et-sommeil\\\/#breadcrumb\"},\"inLanguage\":\"en-US\",\"potentialAction\":[{\"@type\":\"ReadAction\",\"target\":[\"https:\\\/\\\/www.booksonthemove.fr\\\/produit\\\/roven-n-18-special-reve-et-sommeil\\\/\"]}]},{\"@type\":\"ImageObject\",\"inLanguage\":\"en-US\",\"@id\":\"https:\\\/\\\/www.booksonthemove.fr\\\/produit\\\/roven-n-18-special-reve-et-sommeil\\\/#primaryimage\",\"url\":\"https:\\\/\\\/www.booksonthemove.fr\\\/media\\\/bom_2937.jpg\",\"contentUrl\":\"https:\\\/\\\/www.booksonthemove.fr\\\/media\\\/bom_2937.jpg\",\"width\":647,\"height\":800},{\"@type\":\"BreadcrumbList\",\"@id\":\"https:\\\/\\\/www.booksonthemove.fr\\\/produit\\\/roven-n-18-special-reve-et-sommeil\\\/#breadcrumb\",\"itemListElement\":[{\"@type\":\"ListItem\",\"position\":1,\"name\":\"Accueil\",\"item\":\"https:\\\/\\\/www.booksonthemove.fr\\\/en\\\/\"},{\"@type\":\"ListItem\",\"position\":2,\"name\":\"online store\",\"item\":\"https:\\\/\\\/www.booksonthemove.fr\\\/en\\\/online-shop\\\/\"},{\"@type\":\"ListItem\",\"position\":3,\"name\":\"Roven n\u00b0 18 \u2013 Sp\u00e9cial r\u00eave et sommeil\"}]},{\"@type\":\"WebSite\",\"@id\":\"https:\\\/\\\/www.booksonthemove.fr\\\/#website\",\"url\":\"https:\\\/\\\/www.booksonthemove.fr\\\/\",\"name\":\"Books on the Move\",\"description\":\"librairie nomade - danse - mouvement - performance\",\"publisher\":{\"@id\":\"https:\\\/\\\/www.booksonthemove.fr\\\/#organization\"},\"potentialAction\":[{\"@type\":\"SearchAction\",\"target\":{\"@type\":\"EntryPoint\",\"urlTemplate\":\"https:\\\/\\\/www.booksonthemove.fr\\\/?s={search_term_string}\"},\"query-input\":{\"@type\":\"PropertyValueSpecification\",\"valueRequired\":true,\"valueName\":\"search_term_string\"}}],\"inLanguage\":\"en-US\"},{\"@type\":\"Organization\",\"@id\":\"https:\\\/\\\/www.booksonthemove.fr\\\/#organization\",\"name\":\"Books on the Move\",\"url\":\"https:\\\/\\\/www.booksonthemove.fr\\\/\",\"logo\":{\"@type\":\"ImageObject\",\"inLanguage\":\"en-US\",\"@id\":\"https:\\\/\\\/www.booksonthemove.fr\\\/#\\\/schema\\\/logo\\\/image\\\/\",\"url\":\"https:\\\/\\\/www.booksonthemove.fr\\\/media\\\/logo-NB-400.jpg\",\"contentUrl\":\"https:\\\/\\\/www.booksonthemove.fr\\\/media\\\/logo-NB-400.jpg\",\"width\":400,\"height\":143,\"caption\":\"Books on the Move\"},\"image\":{\"@id\":\"https:\\\/\\\/www.booksonthemove.fr\\\/#\\\/schema\\\/logo\\\/image\\\/\"},\"sameAs\":[\"https:\\\/\\\/www.facebook.com\\\/Librairiebooksonthemove\\\/\"]}]}<\/script>\n<!-- \/ Yoast SEO plugin. -->","yoast_head_json":{"title":"Roven n\u00b0 18 \u2013 Sp\u00e9cial r\u00eave et sommeil - Books on the Move","robots":{"index":"index","follow":"follow","max-snippet":"max-snippet:-1","max-image-preview":"max-image-preview:large","max-video-preview":"max-video-preview:-1"},"canonical":"https:\/\/www.booksonthemove.fr\/produit\/roven-n-18-special-reve-et-sommeil\/","og_locale":"en_US","og_type":"article","og_title":"Roven n\u00b0 18 \u2013 Sp\u00e9cial r\u00eave et sommeil - Books on the Move","og_description":"AUTEUR\u00b7ES : ouvrage collectif EDITEUR : Roven (2025)  BROCH\u00c9 : 128 pages LANGUE : Fran\u00e7ais ISBN13: 978-2-918450-43-6","og_url":"https:\/\/www.booksonthemove.fr\/produit\/roven-n-18-special-reve-et-sommeil\/","og_site_name":"Books on the Move","article_publisher":"https:\/\/www.facebook.com\/Librairiebooksonthemove\/","article_modified_time":"2025-06-03T07:19:04+00:00","og_image":[{"width":647,"height":800,"url":"https:\/\/www.booksonthemove.fr\/media\/bom_2937.jpg","type":"image\/jpeg"}],"twitter_card":"summary_large_image","schema":{"@context":"https:\/\/schema.org","@graph":[{"@type":"WebPage","@id":"https:\/\/www.booksonthemove.fr\/produit\/roven-n-18-special-reve-et-sommeil\/","url":"https:\/\/www.booksonthemove.fr\/produit\/roven-n-18-special-reve-et-sommeil\/","name":"Roven n\u00b0 18 \u2013 Sp\u00e9cial r\u00eave et sommeil - Books on the Move","isPartOf":{"@id":"https:\/\/www.booksonthemove.fr\/#website"},"primaryImageOfPage":{"@id":"https:\/\/www.booksonthemove.fr\/produit\/roven-n-18-special-reve-et-sommeil\/#primaryimage"},"image":{"@id":"https:\/\/www.booksonthemove.fr\/produit\/roven-n-18-special-reve-et-sommeil\/#primaryimage"},"thumbnailUrl":"https:\/\/www.booksonthemove.fr\/media\/bom_2937.jpg","datePublished":"2025-05-13T09:56:32+00:00","dateModified":"2025-06-03T07:19:04+00:00","breadcrumb":{"@id":"https:\/\/www.booksonthemove.fr\/produit\/roven-n-18-special-reve-et-sommeil\/#breadcrumb"},"inLanguage":"en-US","potentialAction":[{"@type":"ReadAction","target":["https:\/\/www.booksonthemove.fr\/produit\/roven-n-18-special-reve-et-sommeil\/"]}]},{"@type":"ImageObject","inLanguage":"en-US","@id":"https:\/\/www.booksonthemove.fr\/produit\/roven-n-18-special-reve-et-sommeil\/#primaryimage","url":"https:\/\/www.booksonthemove.fr\/media\/bom_2937.jpg","contentUrl":"https:\/\/www.booksonthemove.fr\/media\/bom_2937.jpg","width":647,"height":800},{"@type":"BreadcrumbList","@id":"https:\/\/www.booksonthemove.fr\/produit\/roven-n-18-special-reve-et-sommeil\/#breadcrumb","itemListElement":[{"@type":"ListItem","position":1,"name":"Accueil","item":"https:\/\/www.booksonthemove.fr\/en\/"},{"@type":"ListItem","position":2,"name":"online store","item":"https:\/\/www.booksonthemove.fr\/en\/online-shop\/"},{"@type":"ListItem","position":3,"name":"Roven n\u00b0 18 \u2013 Sp\u00e9cial r\u00eave et sommeil"}]},{"@type":"WebSite","@id":"https:\/\/www.booksonthemove.fr\/#website","url":"https:\/\/www.booksonthemove.fr\/","name":"Books on the Move","description":"librairie nomade - danse - mouvement - performance","publisher":{"@id":"https:\/\/www.booksonthemove.fr\/#organization"},"potentialAction":[{"@type":"SearchAction","target":{"@type":"EntryPoint","urlTemplate":"https:\/\/www.booksonthemove.fr\/?s={search_term_string}"},"query-input":{"@type":"PropertyValueSpecification","valueRequired":true,"valueName":"search_term_string"}}],"inLanguage":"en-US"},{"@type":"Organization","@id":"https:\/\/www.booksonthemove.fr\/#organization","name":"Books on the Move","url":"https:\/\/www.booksonthemove.fr\/","logo":{"@type":"ImageObject","inLanguage":"en-US","@id":"https:\/\/www.booksonthemove.fr\/#\/schema\/logo\/image\/","url":"https:\/\/www.booksonthemove.fr\/media\/logo-NB-400.jpg","contentUrl":"https:\/\/www.booksonthemove.fr\/media\/logo-NB-400.jpg","width":400,"height":143,"caption":"Books on the Move"},"image":{"@id":"https:\/\/www.booksonthemove.fr\/#\/schema\/logo\/image\/"},"sameAs":["https:\/\/www.facebook.com\/Librairiebooksonthemove\/"]}]}},"_links":{"self":[{"href":"https:\/\/www.booksonthemove.fr\/en\/wp-json\/wp\/v2\/product\/45307","targetHints":{"allow":["GET"]}}],"collection":[{"href":"https:\/\/www.booksonthemove.fr\/en\/wp-json\/wp\/v2\/product"}],"about":[{"href":"https:\/\/www.booksonthemove.fr\/en\/wp-json\/wp\/v2\/types\/product"}],"wp:featuredmedia":[{"embeddable":true,"href":"https:\/\/www.booksonthemove.fr\/en\/wp-json\/wp\/v2\/media\/45306"}],"wp:attachment":[{"href":"https:\/\/www.booksonthemove.fr\/en\/wp-json\/wp\/v2\/media?parent=45307"}],"wp:term":[{"taxonomy":"product_brand","embeddable":true,"href":"https:\/\/www.booksonthemove.fr\/en\/wp-json\/wp\/v2\/product_brand?post=45307"},{"taxonomy":"product_cat","embeddable":true,"href":"https:\/\/www.booksonthemove.fr\/en\/wp-json\/wp\/v2\/product_cat?post=45307"},{"taxonomy":"product_tag","embeddable":true,"href":"https:\/\/www.booksonthemove.fr\/en\/wp-json\/wp\/v2\/product_tag?post=45307"}],"curies":[{"name":"wp","href":"https:\/\/api.w.org\/{rel}","templated":true}]}}