{"id":45356,"date":"2025-05-13T12:54:51","date_gmt":"2025-05-13T10:54:51","guid":{"rendered":"https:\/\/www.booksonthemove.fr\/produit\/rendre-leau-a-la-terre-alliances-dans-les-rivieres-face-au-chaos-climatique\/"},"modified":"2025-07-26T20:28:08","modified_gmt":"2025-07-26T18:28:08","slug":"rendre-leau-a-la-terre-alliances-dans-les-rivieres-face-au-chaos-climatique","status":"publish","type":"product","link":"https:\/\/www.booksonthemove.fr\/en\/produit\/rendre-leau-a-la-terre-alliances-dans-les-rivieres-face-au-chaos-climatique\/","title":{"rendered":"Rendre l&#8217;eau \u00e0 la terre &#8211; Alliances dans les rivi\u00e8res face au chaos climatique"},"content":{"rendered":"<p>Sur la plan\u00e8te Terre, une rivi\u00e8re vivante s\u2019entoure de milieux humides qui prot\u00e8gent la vie. Pourtant, nous lui avons pris ces milieux pour d\u00e9ployer nos villes et nos agricultures industrielles. Corset\u00e9es, drain\u00e9es, b\u00e9tonn\u00e9es, les rivi\u00e8res ne peuvent plus nous pr\u00e9server d\u2019un climat d\u00e9r\u00e9gl\u00e9. Face au p\u00e9ril, il est temps de rendre l\u2019eau \u00e0 la terre, pour abreuver les d\u00e9serts que l\u2019extractivisme nous laisse en h\u00e9ritage.<br \/>\nComment ramener l\u2019eau \u00e0 la vie ? En enqu\u00eatant sur le temps profond des rivi\u00e8res. On d\u00e9couvre qu\u2019elles ont co\u00e9volu\u00e9 avec une forme de vie qui travaille depuis des millions d\u2019ann\u00e9es \u00e0 hydrater les milieux : c\u2019est le castor. Il ralentit l\u2019eau, l\u2019infiltre dans les sols, la purifie et la donne en partage \u00e0 tous les vivants. Il fa\u00e7onne ainsi des oasis de vie qui peuvent nous aider \u00e0 traverser les s\u00e9cheresses, les feux et les crues. Son action amplifie la vie. Traqu\u00e9 pendant des si\u00e8cles comme un nuisible, peut-il devenir aujourd\u2019hui un alli\u00e9 ? Le castor peut-il nous inspirer une philosophie de l\u2019action enfin lib\u00e9r\u00e9e du culte du p\u00e9trole, du machinisme et du contr\u00f4le ? Saurons-nous apprendre d\u2019un autre animal comment gu\u00e9rir les rivi\u00e8res ?<br \/>\nL\u2019enjeu est de changer de paradigme, vers une pens\u00e9e de l\u2019eau vivante capable de d\u00e9salt\u00e9rer un monde assoiff\u00e9. En ces temps boulevers\u00e9s, il est temps de passer des alliances avec des puissances non humaines. D\u2019explorer la possibilit\u00e9 de participer, en humains, \u00e0 l\u2019autogu\u00e9rison du monde. Et d\u2019apprendre, nous aussi, \u00e0 amplifier la vie.<\/p>\n","protected":false},"excerpt":{"rendered":"<p class=\"bodytext\"><strong>AUTEUR\u00b7ES :<\/strong> Baptiste Morizot &amp; Suzanne Husky<br \/>\n<strong>\u00c9DITEUR :<\/strong> Actes Sud (2024)<\/p>\n<p><strong>BROCH\u00c9 :<\/strong> 352 pages<br \/>\n<strong>LANGUE :<\/strong> Fran\u00e7ais<br \/>\n<strong>ISBN :<\/strong> 978-2-330-12973-6<\/p>\n","protected":false},"featured_media":45351,"template":"","meta":[],"product_brand":[],"product_cat":[213,209,227,162],"product_tag":[],"class_list":{"0":"post-45356","1":"product","2":"type-product","3":"status-publish","4":"has-post-thumbnail","6":"product_cat-comics-en","7":"product_cat-environment-en","8":"product_cat-essays-en","9":"product_cat-french-en","11":"first","12":"instock","13":"taxable","14":"shipping-taxable","15":"purchasable","16":"product-type-simple"},"yoast_head":"<!-- This site is optimized with the Yoast SEO plugin v27.4 - https:\/\/yoast.com\/product\/yoast-seo-wordpress\/ -->\n<title>Rendre l&#039;eau \u00e0 la terre - Alliances dans les rivi\u00e8res face au chaos climatique - Books on the Move<\/title>\n<meta name=\"robots\" content=\"index, follow, max-snippet:-1, max-image-preview:large, max-video-preview:-1\" \/>\n<link rel=\"canonical\" href=\"https:\/\/www.booksonthemove.fr\/en\/produit\/rendre-leau-a-la-terre-alliances-dans-les-rivieres-face-au-chaos-climatique\/\" \/>\n<meta property=\"og:locale\" content=\"en_US\" \/>\n<meta property=\"og:type\" content=\"article\" \/>\n<meta property=\"og:title\" content=\"Rendre l&#039;eau \u00e0 la terre - Alliances dans les rivi\u00e8res face au chaos climatique - Books on the Move\" \/>\n<meta property=\"og:description\" content=\"AUTEUR\u00b7ES : Baptiste Morizot &amp; Suzanne Husky \u00c9DITEUR : Actes Sud (2024) BROCH\u00c9 : 352 pages LANGUE : Fran\u00e7ais ISBN : 978-2-330-12973-6\" \/>\n<meta property=\"og:url\" content=\"https:\/\/www.booksonthemove.fr\/en\/produit\/rendre-leau-a-la-terre-alliances-dans-les-rivieres-face-au-chaos-climatique\/\" \/>\n<meta property=\"og:site_name\" content=\"Books on the Move\" \/>\n<meta property=\"article:publisher\" content=\"https:\/\/www.facebook.com\/Librairiebooksonthemove\/\" \/>\n<meta property=\"article:modified_time\" content=\"2025-07-26T18:28:08+00:00\" \/>\n<meta property=\"og:image\" content=\"https:\/\/www.booksonthemove.fr\/media\/bom_2935.jpg\" \/>\n\t<meta property=\"og:image:width\" content=\"720\" \/>\n\t<meta property=\"og:image:height\" content=\"1101\" \/>\n\t<meta property=\"og:image:type\" content=\"image\/jpeg\" \/>\n<meta name=\"twitter:card\" content=\"summary_large_image\" \/>\n<script type=\"application\/ld+json\" class=\"yoast-schema-graph\">{\"@context\":\"https:\\\/\\\/schema.org\",\"@graph\":[{\"@type\":\"WebPage\",\"@id\":\"https:\\\/\\\/www.booksonthemove.fr\\\/en\\\/produit\\\/rendre-leau-a-la-terre-alliances-dans-les-rivieres-face-au-chaos-climatique\\\/\",\"url\":\"https:\\\/\\\/www.booksonthemove.fr\\\/en\\\/produit\\\/rendre-leau-a-la-terre-alliances-dans-les-rivieres-face-au-chaos-climatique\\\/\",\"name\":\"Rendre l'eau \u00e0 la terre - Alliances dans les rivi\u00e8res face au chaos climatique - Books on the Move\",\"isPartOf\":{\"@id\":\"https:\\\/\\\/www.booksonthemove.fr\\\/#website\"},\"primaryImageOfPage\":{\"@id\":\"https:\\\/\\\/www.booksonthemove.fr\\\/en\\\/produit\\\/rendre-leau-a-la-terre-alliances-dans-les-rivieres-face-au-chaos-climatique\\\/#primaryimage\"},\"image\":{\"@id\":\"https:\\\/\\\/www.booksonthemove.fr\\\/en\\\/produit\\\/rendre-leau-a-la-terre-alliances-dans-les-rivieres-face-au-chaos-climatique\\\/#primaryimage\"},\"thumbnailUrl\":\"https:\\\/\\\/www.booksonthemove.fr\\\/media\\\/bom_2935.jpg\",\"datePublished\":\"2025-05-13T10:54:51+00:00\",\"dateModified\":\"2025-07-26T18:28:08+00:00\",\"breadcrumb\":{\"@id\":\"https:\\\/\\\/www.booksonthemove.fr\\\/en\\\/produit\\\/rendre-leau-a-la-terre-alliances-dans-les-rivieres-face-au-chaos-climatique\\\/#breadcrumb\"},\"inLanguage\":\"en-US\",\"potentialAction\":[{\"@type\":\"ReadAction\",\"target\":[\"https:\\\/\\\/www.booksonthemove.fr\\\/en\\\/produit\\\/rendre-leau-a-la-terre-alliances-dans-les-rivieres-face-au-chaos-climatique\\\/\"]}]},{\"@type\":\"ImageObject\",\"inLanguage\":\"en-US\",\"@id\":\"https:\\\/\\\/www.booksonthemove.fr\\\/en\\\/produit\\\/rendre-leau-a-la-terre-alliances-dans-les-rivieres-face-au-chaos-climatique\\\/#primaryimage\",\"url\":\"https:\\\/\\\/www.booksonthemove.fr\\\/media\\\/bom_2935.jpg\",\"contentUrl\":\"https:\\\/\\\/www.booksonthemove.fr\\\/media\\\/bom_2935.jpg\",\"width\":720,\"height\":1101},{\"@type\":\"BreadcrumbList\",\"@id\":\"https:\\\/\\\/www.booksonthemove.fr\\\/en\\\/produit\\\/rendre-leau-a-la-terre-alliances-dans-les-rivieres-face-au-chaos-climatique\\\/#breadcrumb\",\"itemListElement\":[{\"@type\":\"ListItem\",\"position\":1,\"name\":\"Accueil\",\"item\":\"https:\\\/\\\/www.booksonthemove.fr\\\/en\\\/\"},{\"@type\":\"ListItem\",\"position\":2,\"name\":\"online store\",\"item\":\"https:\\\/\\\/www.booksonthemove.fr\\\/en\\\/online-shop\\\/\"},{\"@type\":\"ListItem\",\"position\":3,\"name\":\"Rendre l&rsquo;eau \u00e0 la terre &#8211; Alliances dans les rivi\u00e8res face au chaos climatique\"}]},{\"@type\":\"WebSite\",\"@id\":\"https:\\\/\\\/www.booksonthemove.fr\\\/#website\",\"url\":\"https:\\\/\\\/www.booksonthemove.fr\\\/\",\"name\":\"Books on the Move\",\"description\":\"librairie nomade - danse - mouvement - performance\",\"publisher\":{\"@id\":\"https:\\\/\\\/www.booksonthemove.fr\\\/#organization\"},\"potentialAction\":[{\"@type\":\"SearchAction\",\"target\":{\"@type\":\"EntryPoint\",\"urlTemplate\":\"https:\\\/\\\/www.booksonthemove.fr\\\/?s={search_term_string}\"},\"query-input\":{\"@type\":\"PropertyValueSpecification\",\"valueRequired\":true,\"valueName\":\"search_term_string\"}}],\"inLanguage\":\"en-US\"},{\"@type\":\"Organization\",\"@id\":\"https:\\\/\\\/www.booksonthemove.fr\\\/#organization\",\"name\":\"Books on the Move\",\"url\":\"https:\\\/\\\/www.booksonthemove.fr\\\/\",\"logo\":{\"@type\":\"ImageObject\",\"inLanguage\":\"en-US\",\"@id\":\"https:\\\/\\\/www.booksonthemove.fr\\\/#\\\/schema\\\/logo\\\/image\\\/\",\"url\":\"https:\\\/\\\/www.booksonthemove.fr\\\/media\\\/logo-NB-400.jpg\",\"contentUrl\":\"https:\\\/\\\/www.booksonthemove.fr\\\/media\\\/logo-NB-400.jpg\",\"width\":400,\"height\":143,\"caption\":\"Books on the Move\"},\"image\":{\"@id\":\"https:\\\/\\\/www.booksonthemove.fr\\\/#\\\/schema\\\/logo\\\/image\\\/\"},\"sameAs\":[\"https:\\\/\\\/www.facebook.com\\\/Librairiebooksonthemove\\\/\"]}]}<\/script>\n<!-- \/ Yoast SEO plugin. -->","yoast_head_json":{"title":"Rendre l'eau \u00e0 la terre - Alliances dans les rivi\u00e8res face au chaos climatique - Books on the Move","robots":{"index":"index","follow":"follow","max-snippet":"max-snippet:-1","max-image-preview":"max-image-preview:large","max-video-preview":"max-video-preview:-1"},"canonical":"https:\/\/www.booksonthemove.fr\/en\/produit\/rendre-leau-a-la-terre-alliances-dans-les-rivieres-face-au-chaos-climatique\/","og_locale":"en_US","og_type":"article","og_title":"Rendre l'eau \u00e0 la terre - Alliances dans les rivi\u00e8res face au chaos climatique - Books on the Move","og_description":"AUTEUR\u00b7ES : Baptiste Morizot &amp; Suzanne Husky \u00c9DITEUR : Actes Sud (2024) BROCH\u00c9 : 352 pages LANGUE : Fran\u00e7ais ISBN : 978-2-330-12973-6","og_url":"https:\/\/www.booksonthemove.fr\/en\/produit\/rendre-leau-a-la-terre-alliances-dans-les-rivieres-face-au-chaos-climatique\/","og_site_name":"Books on the Move","article_publisher":"https:\/\/www.facebook.com\/Librairiebooksonthemove\/","article_modified_time":"2025-07-26T18:28:08+00:00","og_image":[{"width":720,"height":1101,"url":"https:\/\/www.booksonthemove.fr\/media\/bom_2935.jpg","type":"image\/jpeg"}],"twitter_card":"summary_large_image","schema":{"@context":"https:\/\/schema.org","@graph":[{"@type":"WebPage","@id":"https:\/\/www.booksonthemove.fr\/en\/produit\/rendre-leau-a-la-terre-alliances-dans-les-rivieres-face-au-chaos-climatique\/","url":"https:\/\/www.booksonthemove.fr\/en\/produit\/rendre-leau-a-la-terre-alliances-dans-les-rivieres-face-au-chaos-climatique\/","name":"Rendre l'eau \u00e0 la terre - Alliances dans les rivi\u00e8res face au chaos climatique - Books on the Move","isPartOf":{"@id":"https:\/\/www.booksonthemove.fr\/#website"},"primaryImageOfPage":{"@id":"https:\/\/www.booksonthemove.fr\/en\/produit\/rendre-leau-a-la-terre-alliances-dans-les-rivieres-face-au-chaos-climatique\/#primaryimage"},"image":{"@id":"https:\/\/www.booksonthemove.fr\/en\/produit\/rendre-leau-a-la-terre-alliances-dans-les-rivieres-face-au-chaos-climatique\/#primaryimage"},"thumbnailUrl":"https:\/\/www.booksonthemove.fr\/media\/bom_2935.jpg","datePublished":"2025-05-13T10:54:51+00:00","dateModified":"2025-07-26T18:28:08+00:00","breadcrumb":{"@id":"https:\/\/www.booksonthemove.fr\/en\/produit\/rendre-leau-a-la-terre-alliances-dans-les-rivieres-face-au-chaos-climatique\/#breadcrumb"},"inLanguage":"en-US","potentialAction":[{"@type":"ReadAction","target":["https:\/\/www.booksonthemove.fr\/en\/produit\/rendre-leau-a-la-terre-alliances-dans-les-rivieres-face-au-chaos-climatique\/"]}]},{"@type":"ImageObject","inLanguage":"en-US","@id":"https:\/\/www.booksonthemove.fr\/en\/produit\/rendre-leau-a-la-terre-alliances-dans-les-rivieres-face-au-chaos-climatique\/#primaryimage","url":"https:\/\/www.booksonthemove.fr\/media\/bom_2935.jpg","contentUrl":"https:\/\/www.booksonthemove.fr\/media\/bom_2935.jpg","width":720,"height":1101},{"@type":"BreadcrumbList","@id":"https:\/\/www.booksonthemove.fr\/en\/produit\/rendre-leau-a-la-terre-alliances-dans-les-rivieres-face-au-chaos-climatique\/#breadcrumb","itemListElement":[{"@type":"ListItem","position":1,"name":"Accueil","item":"https:\/\/www.booksonthemove.fr\/en\/"},{"@type":"ListItem","position":2,"name":"online store","item":"https:\/\/www.booksonthemove.fr\/en\/online-shop\/"},{"@type":"ListItem","position":3,"name":"Rendre l&rsquo;eau \u00e0 la terre &#8211; Alliances dans les rivi\u00e8res face au chaos climatique"}]},{"@type":"WebSite","@id":"https:\/\/www.booksonthemove.fr\/#website","url":"https:\/\/www.booksonthemove.fr\/","name":"Books on the Move","description":"librairie nomade - danse - mouvement - performance","publisher":{"@id":"https:\/\/www.booksonthemove.fr\/#organization"},"potentialAction":[{"@type":"SearchAction","target":{"@type":"EntryPoint","urlTemplate":"https:\/\/www.booksonthemove.fr\/?s={search_term_string}"},"query-input":{"@type":"PropertyValueSpecification","valueRequired":true,"valueName":"search_term_string"}}],"inLanguage":"en-US"},{"@type":"Organization","@id":"https:\/\/www.booksonthemove.fr\/#organization","name":"Books on the Move","url":"https:\/\/www.booksonthemove.fr\/","logo":{"@type":"ImageObject","inLanguage":"en-US","@id":"https:\/\/www.booksonthemove.fr\/#\/schema\/logo\/image\/","url":"https:\/\/www.booksonthemove.fr\/media\/logo-NB-400.jpg","contentUrl":"https:\/\/www.booksonthemove.fr\/media\/logo-NB-400.jpg","width":400,"height":143,"caption":"Books on the Move"},"image":{"@id":"https:\/\/www.booksonthemove.fr\/#\/schema\/logo\/image\/"},"sameAs":["https:\/\/www.facebook.com\/Librairiebooksonthemove\/"]}]}},"_links":{"self":[{"href":"https:\/\/www.booksonthemove.fr\/en\/wp-json\/wp\/v2\/product\/45356","targetHints":{"allow":["GET"]}}],"collection":[{"href":"https:\/\/www.booksonthemove.fr\/en\/wp-json\/wp\/v2\/product"}],"about":[{"href":"https:\/\/www.booksonthemove.fr\/en\/wp-json\/wp\/v2\/types\/product"}],"wp:featuredmedia":[{"embeddable":true,"href":"https:\/\/www.booksonthemove.fr\/en\/wp-json\/wp\/v2\/media\/45351"}],"wp:attachment":[{"href":"https:\/\/www.booksonthemove.fr\/en\/wp-json\/wp\/v2\/media?parent=45356"}],"wp:term":[{"taxonomy":"product_brand","embeddable":true,"href":"https:\/\/www.booksonthemove.fr\/en\/wp-json\/wp\/v2\/product_brand?post=45356"},{"taxonomy":"product_cat","embeddable":true,"href":"https:\/\/www.booksonthemove.fr\/en\/wp-json\/wp\/v2\/product_cat?post=45356"},{"taxonomy":"product_tag","embeddable":true,"href":"https:\/\/www.booksonthemove.fr\/en\/wp-json\/wp\/v2\/product_tag?post=45356"}],"curies":[{"name":"wp","href":"https:\/\/api.w.org\/{rel}","templated":true}]}}