{"id":45365,"date":"2025-06-20T18:22:32","date_gmt":"2025-06-20T16:22:32","guid":{"rendered":"https:\/\/www.booksonthemove.fr\/produit\/jouer-outils-pratiques-concepts-a-lusage-des-actrices-et-des-acteurs\/"},"modified":"2026-03-17T11:05:52","modified_gmt":"2026-03-17T10:05:52","slug":"jouer-outils-pratiques-concepts-a-lusage-des-actrices-et-des-acteurs","status":"publish","type":"product","link":"https:\/\/www.booksonthemove.fr\/en\/produit\/jouer-outils-pratiques-concepts-a-lusage-des-actrices-et-des-acteurs\/","title":{"rendered":"Jouer &#8211; Outils, pratiques, concepts \u00e0 l&#8217;usage des actrices et des acteurs"},"content":{"rendered":"<div class=\"displayDescription\">\n<p>Ce livre est le fruit du travail de recherche transdisciplinaire men\u00e9 depuis dix\u00a0ans par\u00a0Daria\u00a0Lippi et Juliette Salmon au sein de\u00a0la\u00a0Fabrique autonome des acteurs, situ\u00e9e\u00a0\u00e0\u00a0Bataville en Moselle. Con\u00e7u comme un\u00a0manuel, l\u2019ouvrage propose une pratique du jeu bas\u00e9e sur l\u2019\u00e9tude et l\u2019entra\u00eenement r\u00e9guliers. Il\u00a0confronte le travail de l\u2019actrice et de l\u2019acteur \u00e0\u00a0d\u2019autres disciplines artistiques, mais aussi sportives et scientifiques dont les techniques et\u00a0les\u00a0connaissances sp\u00e9cifiques sont traduites en\u00a0protocoles directement applicables \u00e0 la sc\u00e8ne.<\/p>\n<p>Organis\u00e9 en livrets, <em>Jouer<\/em> est introduit par\u00a0un\u00a0mode d\u2019emploi et structur\u00e9 en trois types d\u2019approches (les\u00a0pratiques, les outils et les concepts) qui\u00a0refl\u00e8tent des modalit\u00e9s de mise au travail diff\u00e9rentes. Chaque exercice est d\u00e9crit de fa\u00e7on \u00e0\u00a0\u00eatre accessible aux\u00a0praticiennes et praticiens de\u00a0tous niveaux et de\u00a0n\u2019importe quelle \u00e9cole ou\u00a0esth\u00e9tique. Leurs effets sont explicit\u00e9s et partag\u00e9s tant de l\u2019int\u00e9rieur que de l\u2019ext\u00e9rieur de\u00a0l\u2019action.<\/p>\n<\/div>\n","protected":false},"excerpt":{"rendered":"<p><strong>AUTRICES :<\/strong>\u00a0Daria Lippi et Juliette Salmon<br \/>\n<strong>EDITEUR :<\/strong> B42 (2023)<\/p>\n<p><strong>BROCH\u00c9 :<\/strong>\u00a0336 pages<br \/>\n<strong>LANGUE :<\/strong>\u00a0Fran\u00e7ais<br \/>\n<strong>ISBN13 :<\/strong> 978 2 494 98304 5<\/p>\n","protected":false},"featured_media":45364,"template":"","meta":[],"product_brand":[],"product_cat":[162,241],"product_tag":[],"class_list":{"0":"post-45365","1":"product","2":"type-product","3":"status-publish","4":"has-post-thumbnail","6":"product_cat-french-en","7":"product_cat-theater-en","9":"first","10":"instock","11":"taxable","12":"shipping-taxable","13":"purchasable","14":"product-type-simple"},"yoast_head":"<!-- This site is optimized with the Yoast SEO plugin v27.4 - https:\/\/yoast.com\/product\/yoast-seo-wordpress\/ -->\n<title>Jouer - Outils, pratiques, concepts \u00e0 l&#039;usage des actrices et des acteurs - Books on the Move<\/title>\n<meta name=\"robots\" content=\"index, follow, max-snippet:-1, max-image-preview:large, max-video-preview:-1\" \/>\n<link rel=\"canonical\" href=\"https:\/\/www.booksonthemove.fr\/en\/produit\/jouer-outils-pratiques-concepts-a-lusage-des-actrices-et-des-acteurs\/\" \/>\n<meta property=\"og:locale\" content=\"en_US\" \/>\n<meta property=\"og:type\" content=\"article\" \/>\n<meta property=\"og:title\" content=\"Jouer - Outils, pratiques, concepts \u00e0 l&#039;usage des actrices et des acteurs - Books on the Move\" \/>\n<meta property=\"og:description\" content=\"AUTRICES :\u00a0Daria Lippi et Juliette Salmon EDITEUR : B42 (2023)  BROCH\u00c9 :\u00a0336 pages LANGUE :\u00a0Fran\u00e7ais ISBN13 : 978 2 494 98304 5\" \/>\n<meta property=\"og:url\" content=\"https:\/\/www.booksonthemove.fr\/en\/produit\/jouer-outils-pratiques-concepts-a-lusage-des-actrices-et-des-acteurs\/\" \/>\n<meta property=\"og:site_name\" content=\"Books on the Move\" \/>\n<meta property=\"article:publisher\" content=\"https:\/\/www.facebook.com\/Librairiebooksonthemove\/\" \/>\n<meta property=\"article:modified_time\" content=\"2026-03-17T10:05:52+00:00\" \/>\n<meta property=\"og:image\" content=\"https:\/\/www.booksonthemove.fr\/media\/bom_2844.jpg\" \/>\n\t<meta property=\"og:image:width\" content=\"314\" \/>\n\t<meta property=\"og:image:height\" content=\"500\" \/>\n\t<meta property=\"og:image:type\" content=\"image\/jpeg\" \/>\n<meta name=\"twitter:card\" content=\"summary_large_image\" \/>\n<script type=\"application\/ld+json\" class=\"yoast-schema-graph\">{\"@context\":\"https:\\\/\\\/schema.org\",\"@graph\":[{\"@type\":\"WebPage\",\"@id\":\"https:\\\/\\\/www.booksonthemove.fr\\\/en\\\/produit\\\/jouer-outils-pratiques-concepts-a-lusage-des-actrices-et-des-acteurs\\\/\",\"url\":\"https:\\\/\\\/www.booksonthemove.fr\\\/en\\\/produit\\\/jouer-outils-pratiques-concepts-a-lusage-des-actrices-et-des-acteurs\\\/\",\"name\":\"Jouer - Outils, pratiques, concepts \u00e0 l'usage des actrices et des acteurs - Books on the Move\",\"isPartOf\":{\"@id\":\"https:\\\/\\\/www.booksonthemove.fr\\\/#website\"},\"primaryImageOfPage\":{\"@id\":\"https:\\\/\\\/www.booksonthemove.fr\\\/en\\\/produit\\\/jouer-outils-pratiques-concepts-a-lusage-des-actrices-et-des-acteurs\\\/#primaryimage\"},\"image\":{\"@id\":\"https:\\\/\\\/www.booksonthemove.fr\\\/en\\\/produit\\\/jouer-outils-pratiques-concepts-a-lusage-des-actrices-et-des-acteurs\\\/#primaryimage\"},\"thumbnailUrl\":\"https:\\\/\\\/www.booksonthemove.fr\\\/media\\\/bom_2844.jpg\",\"datePublished\":\"2025-06-20T16:22:32+00:00\",\"dateModified\":\"2026-03-17T10:05:52+00:00\",\"breadcrumb\":{\"@id\":\"https:\\\/\\\/www.booksonthemove.fr\\\/en\\\/produit\\\/jouer-outils-pratiques-concepts-a-lusage-des-actrices-et-des-acteurs\\\/#breadcrumb\"},\"inLanguage\":\"en-US\",\"potentialAction\":[{\"@type\":\"ReadAction\",\"target\":[\"https:\\\/\\\/www.booksonthemove.fr\\\/en\\\/produit\\\/jouer-outils-pratiques-concepts-a-lusage-des-actrices-et-des-acteurs\\\/\"]}]},{\"@type\":\"ImageObject\",\"inLanguage\":\"en-US\",\"@id\":\"https:\\\/\\\/www.booksonthemove.fr\\\/en\\\/produit\\\/jouer-outils-pratiques-concepts-a-lusage-des-actrices-et-des-acteurs\\\/#primaryimage\",\"url\":\"https:\\\/\\\/www.booksonthemove.fr\\\/media\\\/bom_2844.jpg\",\"contentUrl\":\"https:\\\/\\\/www.booksonthemove.fr\\\/media\\\/bom_2844.jpg\",\"width\":314,\"height\":500},{\"@type\":\"BreadcrumbList\",\"@id\":\"https:\\\/\\\/www.booksonthemove.fr\\\/en\\\/produit\\\/jouer-outils-pratiques-concepts-a-lusage-des-actrices-et-des-acteurs\\\/#breadcrumb\",\"itemListElement\":[{\"@type\":\"ListItem\",\"position\":1,\"name\":\"Accueil\",\"item\":\"https:\\\/\\\/www.booksonthemove.fr\\\/en\\\/\"},{\"@type\":\"ListItem\",\"position\":2,\"name\":\"online store\",\"item\":\"https:\\\/\\\/www.booksonthemove.fr\\\/en\\\/online-shop\\\/\"},{\"@type\":\"ListItem\",\"position\":3,\"name\":\"Jouer &#8211; Outils, pratiques, concepts \u00e0 l&rsquo;usage des actrices et des acteurs\"}]},{\"@type\":\"WebSite\",\"@id\":\"https:\\\/\\\/www.booksonthemove.fr\\\/#website\",\"url\":\"https:\\\/\\\/www.booksonthemove.fr\\\/\",\"name\":\"Books on the Move\",\"description\":\"librairie nomade - danse - mouvement - performance\",\"publisher\":{\"@id\":\"https:\\\/\\\/www.booksonthemove.fr\\\/#organization\"},\"potentialAction\":[{\"@type\":\"SearchAction\",\"target\":{\"@type\":\"EntryPoint\",\"urlTemplate\":\"https:\\\/\\\/www.booksonthemove.fr\\\/?s={search_term_string}\"},\"query-input\":{\"@type\":\"PropertyValueSpecification\",\"valueRequired\":true,\"valueName\":\"search_term_string\"}}],\"inLanguage\":\"en-US\"},{\"@type\":\"Organization\",\"@id\":\"https:\\\/\\\/www.booksonthemove.fr\\\/#organization\",\"name\":\"Books on the Move\",\"url\":\"https:\\\/\\\/www.booksonthemove.fr\\\/\",\"logo\":{\"@type\":\"ImageObject\",\"inLanguage\":\"en-US\",\"@id\":\"https:\\\/\\\/www.booksonthemove.fr\\\/#\\\/schema\\\/logo\\\/image\\\/\",\"url\":\"https:\\\/\\\/www.booksonthemove.fr\\\/media\\\/logo-NB-400.jpg\",\"contentUrl\":\"https:\\\/\\\/www.booksonthemove.fr\\\/media\\\/logo-NB-400.jpg\",\"width\":400,\"height\":143,\"caption\":\"Books on the Move\"},\"image\":{\"@id\":\"https:\\\/\\\/www.booksonthemove.fr\\\/#\\\/schema\\\/logo\\\/image\\\/\"},\"sameAs\":[\"https:\\\/\\\/www.facebook.com\\\/Librairiebooksonthemove\\\/\"]}]}<\/script>\n<!-- \/ Yoast SEO plugin. -->","yoast_head_json":{"title":"Jouer - Outils, pratiques, concepts \u00e0 l'usage des actrices et des acteurs - Books on the Move","robots":{"index":"index","follow":"follow","max-snippet":"max-snippet:-1","max-image-preview":"max-image-preview:large","max-video-preview":"max-video-preview:-1"},"canonical":"https:\/\/www.booksonthemove.fr\/en\/produit\/jouer-outils-pratiques-concepts-a-lusage-des-actrices-et-des-acteurs\/","og_locale":"en_US","og_type":"article","og_title":"Jouer - Outils, pratiques, concepts \u00e0 l'usage des actrices et des acteurs - Books on the Move","og_description":"AUTRICES :\u00a0Daria Lippi et Juliette Salmon EDITEUR : B42 (2023)  BROCH\u00c9 :\u00a0336 pages LANGUE :\u00a0Fran\u00e7ais ISBN13 : 978 2 494 98304 5","og_url":"https:\/\/www.booksonthemove.fr\/en\/produit\/jouer-outils-pratiques-concepts-a-lusage-des-actrices-et-des-acteurs\/","og_site_name":"Books on the Move","article_publisher":"https:\/\/www.facebook.com\/Librairiebooksonthemove\/","article_modified_time":"2026-03-17T10:05:52+00:00","og_image":[{"width":314,"height":500,"url":"https:\/\/www.booksonthemove.fr\/media\/bom_2844.jpg","type":"image\/jpeg"}],"twitter_card":"summary_large_image","schema":{"@context":"https:\/\/schema.org","@graph":[{"@type":"WebPage","@id":"https:\/\/www.booksonthemove.fr\/en\/produit\/jouer-outils-pratiques-concepts-a-lusage-des-actrices-et-des-acteurs\/","url":"https:\/\/www.booksonthemove.fr\/en\/produit\/jouer-outils-pratiques-concepts-a-lusage-des-actrices-et-des-acteurs\/","name":"Jouer - Outils, pratiques, concepts \u00e0 l'usage des actrices et des acteurs - Books on the Move","isPartOf":{"@id":"https:\/\/www.booksonthemove.fr\/#website"},"primaryImageOfPage":{"@id":"https:\/\/www.booksonthemove.fr\/en\/produit\/jouer-outils-pratiques-concepts-a-lusage-des-actrices-et-des-acteurs\/#primaryimage"},"image":{"@id":"https:\/\/www.booksonthemove.fr\/en\/produit\/jouer-outils-pratiques-concepts-a-lusage-des-actrices-et-des-acteurs\/#primaryimage"},"thumbnailUrl":"https:\/\/www.booksonthemove.fr\/media\/bom_2844.jpg","datePublished":"2025-06-20T16:22:32+00:00","dateModified":"2026-03-17T10:05:52+00:00","breadcrumb":{"@id":"https:\/\/www.booksonthemove.fr\/en\/produit\/jouer-outils-pratiques-concepts-a-lusage-des-actrices-et-des-acteurs\/#breadcrumb"},"inLanguage":"en-US","potentialAction":[{"@type":"ReadAction","target":["https:\/\/www.booksonthemove.fr\/en\/produit\/jouer-outils-pratiques-concepts-a-lusage-des-actrices-et-des-acteurs\/"]}]},{"@type":"ImageObject","inLanguage":"en-US","@id":"https:\/\/www.booksonthemove.fr\/en\/produit\/jouer-outils-pratiques-concepts-a-lusage-des-actrices-et-des-acteurs\/#primaryimage","url":"https:\/\/www.booksonthemove.fr\/media\/bom_2844.jpg","contentUrl":"https:\/\/www.booksonthemove.fr\/media\/bom_2844.jpg","width":314,"height":500},{"@type":"BreadcrumbList","@id":"https:\/\/www.booksonthemove.fr\/en\/produit\/jouer-outils-pratiques-concepts-a-lusage-des-actrices-et-des-acteurs\/#breadcrumb","itemListElement":[{"@type":"ListItem","position":1,"name":"Accueil","item":"https:\/\/www.booksonthemove.fr\/en\/"},{"@type":"ListItem","position":2,"name":"online store","item":"https:\/\/www.booksonthemove.fr\/en\/online-shop\/"},{"@type":"ListItem","position":3,"name":"Jouer &#8211; Outils, pratiques, concepts \u00e0 l&rsquo;usage des actrices et des acteurs"}]},{"@type":"WebSite","@id":"https:\/\/www.booksonthemove.fr\/#website","url":"https:\/\/www.booksonthemove.fr\/","name":"Books on the Move","description":"librairie nomade - danse - mouvement - performance","publisher":{"@id":"https:\/\/www.booksonthemove.fr\/#organization"},"potentialAction":[{"@type":"SearchAction","target":{"@type":"EntryPoint","urlTemplate":"https:\/\/www.booksonthemove.fr\/?s={search_term_string}"},"query-input":{"@type":"PropertyValueSpecification","valueRequired":true,"valueName":"search_term_string"}}],"inLanguage":"en-US"},{"@type":"Organization","@id":"https:\/\/www.booksonthemove.fr\/#organization","name":"Books on the Move","url":"https:\/\/www.booksonthemove.fr\/","logo":{"@type":"ImageObject","inLanguage":"en-US","@id":"https:\/\/www.booksonthemove.fr\/#\/schema\/logo\/image\/","url":"https:\/\/www.booksonthemove.fr\/media\/logo-NB-400.jpg","contentUrl":"https:\/\/www.booksonthemove.fr\/media\/logo-NB-400.jpg","width":400,"height":143,"caption":"Books on the Move"},"image":{"@id":"https:\/\/www.booksonthemove.fr\/#\/schema\/logo\/image\/"},"sameAs":["https:\/\/www.facebook.com\/Librairiebooksonthemove\/"]}]}},"_links":{"self":[{"href":"https:\/\/www.booksonthemove.fr\/en\/wp-json\/wp\/v2\/product\/45365","targetHints":{"allow":["GET"]}}],"collection":[{"href":"https:\/\/www.booksonthemove.fr\/en\/wp-json\/wp\/v2\/product"}],"about":[{"href":"https:\/\/www.booksonthemove.fr\/en\/wp-json\/wp\/v2\/types\/product"}],"wp:featuredmedia":[{"embeddable":true,"href":"https:\/\/www.booksonthemove.fr\/en\/wp-json\/wp\/v2\/media\/45364"}],"wp:attachment":[{"href":"https:\/\/www.booksonthemove.fr\/en\/wp-json\/wp\/v2\/media?parent=45365"}],"wp:term":[{"taxonomy":"product_brand","embeddable":true,"href":"https:\/\/www.booksonthemove.fr\/en\/wp-json\/wp\/v2\/product_brand?post=45365"},{"taxonomy":"product_cat","embeddable":true,"href":"https:\/\/www.booksonthemove.fr\/en\/wp-json\/wp\/v2\/product_cat?post=45365"},{"taxonomy":"product_tag","embeddable":true,"href":"https:\/\/www.booksonthemove.fr\/en\/wp-json\/wp\/v2\/product_tag?post=45365"}],"curies":[{"name":"wp","href":"https:\/\/api.w.org\/{rel}","templated":true}]}}