{"id":45394,"date":"2025-06-21T18:57:20","date_gmt":"2025-06-21T16:57:20","guid":{"rendered":"https:\/\/www.booksonthemove.fr\/produit\/devenir-animal-une-cosmologie-terrestre\/"},"modified":"2025-06-22T19:58:10","modified_gmt":"2025-06-22T17:58:10","slug":"devenir-animal-une-cosmologie-terrestre","status":"publish","type":"product","link":"https:\/\/www.booksonthemove.fr\/en\/produit\/devenir-animal-une-cosmologie-terrestre\/","title":{"rendered":"Devenir animal &#8211; Une cosmologie terrestre"},"content":{"rendered":"<p>Avec Devenir animal David Abram a \u00e9crit un chef-d\u2019\u0153uvre \u00e0 la fois litt\u00e9raire et philosophique. Le livre suit une m\u00e9thode simple qui consiste \u00e0 d\u00e9ployer des r\u00e9cits philosophiques \u00e0 partir de motifs ordinaires\u2009: l\u2019ombre, la maison, le bois et la pierre, la r\u00e9ciprocit\u00e9, l\u2019humeur, le chant des oiseaux\u2026 En d\u00e9crivant des exp\u00e9riences personnelles avec une sensibilit\u00e9 et une pr\u00e9cision uniques, Abram montre le sens que prend la vie humaine d\u00e8s lors qu\u2019elle est envisag\u00e9e \u00e0 partir de sa corpor\u00e9it\u00e9 et de son appartenance \u00e0 la Terre. Puisant \u00e0 la fois dans l\u2019approche ph\u00e9nom\u00e9nologique et dans la pens\u00e9e de peuples autochtones, il montre comment se r\u00e9v\u00e8lent, dans notre exp\u00e9rience concr\u00e8te, toutes les intelligences du \u00ab\u2009monde plus qu\u2019humain\u2009\u00bb qui nous portent et nous enveloppent. Nous sommes au monde par notre corps, nous ne sommes rien d\u2019autre que notre corps, mais notre corps est beaucoup plus qu\u2019un organisme vivant, c\u2019est \u00ab\u2009notre capacit\u00e9 de m\u00e9tamorphose\u2009\u00bb. Cette capacit\u00e9 qui porte en elle, aujourd\u2019hui, l\u2019\u00e9vidente n\u00e9cessit\u00e9 d\u2019une m\u00e9tamorphose de notre relation \u00e0 la Terre vivante.<\/p>\n","protected":false},"excerpt":{"rendered":"<p><strong>AUTEUR :<\/strong> David Abram<br \/>\n<strong>EDITEUR :<\/strong> \u00c9ditions Dehors (2024)<\/p>\n<p><strong>BROCH\u00c9 :<\/strong> 328 pages<br \/>\n<strong>LANGUE :<\/strong> Fran\u00e7ais<br \/>\n<strong>ISBN13 :<\/strong> 978-2-3675-1038-5<\/p>\n","protected":false},"featured_media":45393,"template":"","meta":[],"product_brand":[],"product_cat":[224,146,209,162,219,206],"product_tag":[],"class_list":{"0":"post-45394","1":"product","2":"type-product","3":"status-publish","4":"has-post-thumbnail","6":"product_cat-animal-related-en","7":"product_cat-theoretical-texts-en","8":"product_cat-environment-en","9":"product_cat-french-en","10":"product_cat-literature-en","11":"product_cat-philosophy-aesthetics-en","13":"first","14":"instock","15":"taxable","16":"shipping-taxable","17":"purchasable","18":"product-type-simple"},"yoast_head":"<!-- This site is optimized with the Yoast SEO plugin v27.4 - https:\/\/yoast.com\/product\/yoast-seo-wordpress\/ -->\n<title>Devenir animal - Une cosmologie terrestre - Books on the Move<\/title>\n<meta name=\"robots\" content=\"index, follow, max-snippet:-1, max-image-preview:large, max-video-preview:-1\" \/>\n<link rel=\"canonical\" href=\"https:\/\/www.booksonthemove.fr\/en\/produit\/devenir-animal-une-cosmologie-terrestre\/\" \/>\n<meta property=\"og:locale\" content=\"en_US\" \/>\n<meta property=\"og:type\" content=\"article\" \/>\n<meta property=\"og:title\" content=\"Devenir animal - Une cosmologie terrestre - Books on the Move\" \/>\n<meta property=\"og:description\" content=\"AUTEUR : David Abram EDITEUR : \u00c9ditions Dehors (2024)  BROCH\u00c9 : 328 pages LANGUE : Fran\u00e7ais ISBN13 : 978-2-3675-1038-5\" \/>\n<meta property=\"og:url\" content=\"https:\/\/www.booksonthemove.fr\/en\/produit\/devenir-animal-une-cosmologie-terrestre\/\" \/>\n<meta property=\"og:site_name\" content=\"Books on the Move\" \/>\n<meta property=\"article:publisher\" content=\"https:\/\/www.facebook.com\/Librairiebooksonthemove\/\" \/>\n<meta property=\"article:modified_time\" content=\"2025-06-22T17:58:10+00:00\" \/>\n<meta property=\"og:image\" content=\"https:\/\/www.booksonthemove.fr\/media\/bom_2823.jpg\" \/>\n\t<meta property=\"og:image:width\" content=\"987\" \/>\n\t<meta property=\"og:image:height\" content=\"1500\" \/>\n\t<meta property=\"og:image:type\" content=\"image\/jpeg\" \/>\n<meta name=\"twitter:card\" content=\"summary_large_image\" \/>\n<script type=\"application\/ld+json\" class=\"yoast-schema-graph\">{\"@context\":\"https:\\\/\\\/schema.org\",\"@graph\":[{\"@type\":\"WebPage\",\"@id\":\"https:\\\/\\\/www.booksonthemove.fr\\\/en\\\/produit\\\/devenir-animal-une-cosmologie-terrestre\\\/\",\"url\":\"https:\\\/\\\/www.booksonthemove.fr\\\/en\\\/produit\\\/devenir-animal-une-cosmologie-terrestre\\\/\",\"name\":\"Devenir animal - Une cosmologie terrestre - Books on the Move\",\"isPartOf\":{\"@id\":\"https:\\\/\\\/www.booksonthemove.fr\\\/#website\"},\"primaryImageOfPage\":{\"@id\":\"https:\\\/\\\/www.booksonthemove.fr\\\/en\\\/produit\\\/devenir-animal-une-cosmologie-terrestre\\\/#primaryimage\"},\"image\":{\"@id\":\"https:\\\/\\\/www.booksonthemove.fr\\\/en\\\/produit\\\/devenir-animal-une-cosmologie-terrestre\\\/#primaryimage\"},\"thumbnailUrl\":\"https:\\\/\\\/www.booksonthemove.fr\\\/media\\\/bom_2823.jpg\",\"datePublished\":\"2025-06-21T16:57:20+00:00\",\"dateModified\":\"2025-06-22T17:58:10+00:00\",\"breadcrumb\":{\"@id\":\"https:\\\/\\\/www.booksonthemove.fr\\\/en\\\/produit\\\/devenir-animal-une-cosmologie-terrestre\\\/#breadcrumb\"},\"inLanguage\":\"en-US\",\"potentialAction\":[{\"@type\":\"ReadAction\",\"target\":[\"https:\\\/\\\/www.booksonthemove.fr\\\/en\\\/produit\\\/devenir-animal-une-cosmologie-terrestre\\\/\"]}]},{\"@type\":\"ImageObject\",\"inLanguage\":\"en-US\",\"@id\":\"https:\\\/\\\/www.booksonthemove.fr\\\/en\\\/produit\\\/devenir-animal-une-cosmologie-terrestre\\\/#primaryimage\",\"url\":\"https:\\\/\\\/www.booksonthemove.fr\\\/media\\\/bom_2823.jpg\",\"contentUrl\":\"https:\\\/\\\/www.booksonthemove.fr\\\/media\\\/bom_2823.jpg\",\"width\":987,\"height\":1500},{\"@type\":\"BreadcrumbList\",\"@id\":\"https:\\\/\\\/www.booksonthemove.fr\\\/en\\\/produit\\\/devenir-animal-une-cosmologie-terrestre\\\/#breadcrumb\",\"itemListElement\":[{\"@type\":\"ListItem\",\"position\":1,\"name\":\"Accueil\",\"item\":\"https:\\\/\\\/www.booksonthemove.fr\\\/en\\\/\"},{\"@type\":\"ListItem\",\"position\":2,\"name\":\"online store\",\"item\":\"https:\\\/\\\/www.booksonthemove.fr\\\/en\\\/online-shop\\\/\"},{\"@type\":\"ListItem\",\"position\":3,\"name\":\"Devenir animal &#8211; Une cosmologie terrestre\"}]},{\"@type\":\"WebSite\",\"@id\":\"https:\\\/\\\/www.booksonthemove.fr\\\/#website\",\"url\":\"https:\\\/\\\/www.booksonthemove.fr\\\/\",\"name\":\"Books on the Move\",\"description\":\"librairie nomade - danse - mouvement - performance\",\"publisher\":{\"@id\":\"https:\\\/\\\/www.booksonthemove.fr\\\/#organization\"},\"potentialAction\":[{\"@type\":\"SearchAction\",\"target\":{\"@type\":\"EntryPoint\",\"urlTemplate\":\"https:\\\/\\\/www.booksonthemove.fr\\\/?s={search_term_string}\"},\"query-input\":{\"@type\":\"PropertyValueSpecification\",\"valueRequired\":true,\"valueName\":\"search_term_string\"}}],\"inLanguage\":\"en-US\"},{\"@type\":\"Organization\",\"@id\":\"https:\\\/\\\/www.booksonthemove.fr\\\/#organization\",\"name\":\"Books on the Move\",\"url\":\"https:\\\/\\\/www.booksonthemove.fr\\\/\",\"logo\":{\"@type\":\"ImageObject\",\"inLanguage\":\"en-US\",\"@id\":\"https:\\\/\\\/www.booksonthemove.fr\\\/#\\\/schema\\\/logo\\\/image\\\/\",\"url\":\"https:\\\/\\\/www.booksonthemove.fr\\\/media\\\/logo-NB-400.jpg\",\"contentUrl\":\"https:\\\/\\\/www.booksonthemove.fr\\\/media\\\/logo-NB-400.jpg\",\"width\":400,\"height\":143,\"caption\":\"Books on the Move\"},\"image\":{\"@id\":\"https:\\\/\\\/www.booksonthemove.fr\\\/#\\\/schema\\\/logo\\\/image\\\/\"},\"sameAs\":[\"https:\\\/\\\/www.facebook.com\\\/Librairiebooksonthemove\\\/\"]}]}<\/script>\n<!-- \/ Yoast SEO plugin. -->","yoast_head_json":{"title":"Devenir animal - Une cosmologie terrestre - Books on the Move","robots":{"index":"index","follow":"follow","max-snippet":"max-snippet:-1","max-image-preview":"max-image-preview:large","max-video-preview":"max-video-preview:-1"},"canonical":"https:\/\/www.booksonthemove.fr\/en\/produit\/devenir-animal-une-cosmologie-terrestre\/","og_locale":"en_US","og_type":"article","og_title":"Devenir animal - Une cosmologie terrestre - Books on the Move","og_description":"AUTEUR : David Abram EDITEUR : \u00c9ditions Dehors (2024)  BROCH\u00c9 : 328 pages LANGUE : Fran\u00e7ais ISBN13 : 978-2-3675-1038-5","og_url":"https:\/\/www.booksonthemove.fr\/en\/produit\/devenir-animal-une-cosmologie-terrestre\/","og_site_name":"Books on the Move","article_publisher":"https:\/\/www.facebook.com\/Librairiebooksonthemove\/","article_modified_time":"2025-06-22T17:58:10+00:00","og_image":[{"width":987,"height":1500,"url":"https:\/\/www.booksonthemove.fr\/media\/bom_2823.jpg","type":"image\/jpeg"}],"twitter_card":"summary_large_image","schema":{"@context":"https:\/\/schema.org","@graph":[{"@type":"WebPage","@id":"https:\/\/www.booksonthemove.fr\/en\/produit\/devenir-animal-une-cosmologie-terrestre\/","url":"https:\/\/www.booksonthemove.fr\/en\/produit\/devenir-animal-une-cosmologie-terrestre\/","name":"Devenir animal - Une cosmologie terrestre - Books on the Move","isPartOf":{"@id":"https:\/\/www.booksonthemove.fr\/#website"},"primaryImageOfPage":{"@id":"https:\/\/www.booksonthemove.fr\/en\/produit\/devenir-animal-une-cosmologie-terrestre\/#primaryimage"},"image":{"@id":"https:\/\/www.booksonthemove.fr\/en\/produit\/devenir-animal-une-cosmologie-terrestre\/#primaryimage"},"thumbnailUrl":"https:\/\/www.booksonthemove.fr\/media\/bom_2823.jpg","datePublished":"2025-06-21T16:57:20+00:00","dateModified":"2025-06-22T17:58:10+00:00","breadcrumb":{"@id":"https:\/\/www.booksonthemove.fr\/en\/produit\/devenir-animal-une-cosmologie-terrestre\/#breadcrumb"},"inLanguage":"en-US","potentialAction":[{"@type":"ReadAction","target":["https:\/\/www.booksonthemove.fr\/en\/produit\/devenir-animal-une-cosmologie-terrestre\/"]}]},{"@type":"ImageObject","inLanguage":"en-US","@id":"https:\/\/www.booksonthemove.fr\/en\/produit\/devenir-animal-une-cosmologie-terrestre\/#primaryimage","url":"https:\/\/www.booksonthemove.fr\/media\/bom_2823.jpg","contentUrl":"https:\/\/www.booksonthemove.fr\/media\/bom_2823.jpg","width":987,"height":1500},{"@type":"BreadcrumbList","@id":"https:\/\/www.booksonthemove.fr\/en\/produit\/devenir-animal-une-cosmologie-terrestre\/#breadcrumb","itemListElement":[{"@type":"ListItem","position":1,"name":"Accueil","item":"https:\/\/www.booksonthemove.fr\/en\/"},{"@type":"ListItem","position":2,"name":"online store","item":"https:\/\/www.booksonthemove.fr\/en\/online-shop\/"},{"@type":"ListItem","position":3,"name":"Devenir animal &#8211; Une cosmologie terrestre"}]},{"@type":"WebSite","@id":"https:\/\/www.booksonthemove.fr\/#website","url":"https:\/\/www.booksonthemove.fr\/","name":"Books on the Move","description":"librairie nomade - danse - mouvement - performance","publisher":{"@id":"https:\/\/www.booksonthemove.fr\/#organization"},"potentialAction":[{"@type":"SearchAction","target":{"@type":"EntryPoint","urlTemplate":"https:\/\/www.booksonthemove.fr\/?s={search_term_string}"},"query-input":{"@type":"PropertyValueSpecification","valueRequired":true,"valueName":"search_term_string"}}],"inLanguage":"en-US"},{"@type":"Organization","@id":"https:\/\/www.booksonthemove.fr\/#organization","name":"Books on the Move","url":"https:\/\/www.booksonthemove.fr\/","logo":{"@type":"ImageObject","inLanguage":"en-US","@id":"https:\/\/www.booksonthemove.fr\/#\/schema\/logo\/image\/","url":"https:\/\/www.booksonthemove.fr\/media\/logo-NB-400.jpg","contentUrl":"https:\/\/www.booksonthemove.fr\/media\/logo-NB-400.jpg","width":400,"height":143,"caption":"Books on the Move"},"image":{"@id":"https:\/\/www.booksonthemove.fr\/#\/schema\/logo\/image\/"},"sameAs":["https:\/\/www.facebook.com\/Librairiebooksonthemove\/"]}]}},"_links":{"self":[{"href":"https:\/\/www.booksonthemove.fr\/en\/wp-json\/wp\/v2\/product\/45394","targetHints":{"allow":["GET"]}}],"collection":[{"href":"https:\/\/www.booksonthemove.fr\/en\/wp-json\/wp\/v2\/product"}],"about":[{"href":"https:\/\/www.booksonthemove.fr\/en\/wp-json\/wp\/v2\/types\/product"}],"wp:featuredmedia":[{"embeddable":true,"href":"https:\/\/www.booksonthemove.fr\/en\/wp-json\/wp\/v2\/media\/45393"}],"wp:attachment":[{"href":"https:\/\/www.booksonthemove.fr\/en\/wp-json\/wp\/v2\/media?parent=45394"}],"wp:term":[{"taxonomy":"product_brand","embeddable":true,"href":"https:\/\/www.booksonthemove.fr\/en\/wp-json\/wp\/v2\/product_brand?post=45394"},{"taxonomy":"product_cat","embeddable":true,"href":"https:\/\/www.booksonthemove.fr\/en\/wp-json\/wp\/v2\/product_cat?post=45394"},{"taxonomy":"product_tag","embeddable":true,"href":"https:\/\/www.booksonthemove.fr\/en\/wp-json\/wp\/v2\/product_tag?post=45394"}],"curies":[{"name":"wp","href":"https:\/\/api.w.org\/{rel}","templated":true}]}}