{"id":45468,"date":"2025-06-23T13:30:43","date_gmt":"2025-06-23T11:30:43","guid":{"rendered":"https:\/\/www.booksonthemove.fr\/produit\/choregraphies-dessiner-danser-xviie-xxie-siecle\/"},"modified":"2026-03-07T12:29:19","modified_gmt":"2026-03-07T11:29:19","slug":"choregraphies-dessiner-danser-xviie-xxie-siecle","status":"publish","type":"product","link":"https:\/\/www.booksonthemove.fr\/en\/produit\/choregraphies-dessiner-danser-xviie-xxie-siecle\/","title":{"rendered":"Chor\u00e9graphies &#8211; Dessiner, danser (XVIIe-XXIe si\u00e8cle)"},"content":{"rendered":"<p>L&#8217;ouvrage met en lumi\u00e8re les relations tiss\u00e9es entre danse et dessin, en abordant les pratiques graphiques de danseurs et de chor\u00e9graphes. Des carnets de r\u00e9p\u00e9tition aux partitions grand format, des dessins de ma\u00eetres de ballet aux exp\u00e9riences personnelles de notation, le catalogue interroge la mani\u00e8re dont le dessin peut \u00eatre constitutif d&#8217;une pratique chor\u00e9graphique, dans un processus de cr\u00e9ation, de transmission \u00e0 des danseurs, dans une d\u00e9marche de diffusion, voire de pr\u00e9servation. Tous les types de danse sont pris en compte, qu&#8217;il s&#8217;agisse de pratique professionnelle ou amateur : le ballet, la danse contemporaine, les danses de soci\u00e9t\u00e9, les danses r\u00e9gionales&#8230; le tout sur un temps long, du si\u00e8cle de Louis XIV \u00e0 nos jours. Alors qu&#8217;il n&#8217;existe pas un unique syst\u00e8me de notation en danse et que la transmission reste avant tout une transmission orale et somatique, d&#8217;un corps \u00e0 un autre, dessin et pratiques graphiques ont pu s&#8217;\u00e9panouir avec une grande libert\u00e9 : de l&#8217;invention d&#8217;une pluralit\u00e9 de syst\u00e8mes de notation \u00e0 des exp\u00e9riences plus individuelles de dessin et de partitions, l&#8217;ouvrage pr\u00e9sente ces ancrages mat\u00e9riels de la cr\u00e9ation chor\u00e9graphique, avec une attention particuli\u00e8re \u00e0 la conjonction du geste et du crayon.<\/p>\n<p>Catalogue de l&#8217;exposition pr\u00e9sent\u00e9e au Mus\u00e9e des Beaux-Arts de Besan\u00e7on, du 19 avril au 21 septembre 2025. <\/p>\n","protected":false},"excerpt":{"rendered":"<p><strong>AUTRICES :<\/strong> sous la direction de Pauline Chevalier et Amandine Royer<br \/>\n<strong>EDITEURS :<\/strong> MBAA \/ INHA \/ Li\u00e9nart (2025)<\/p>\n<p><strong>BROCH\u00c9 :<\/strong> 250 pages<br \/>\n<strong>LANGUE :<\/strong> Fran\u00e7ais<br \/>\n<strong>ISBN :<\/strong> 978 2 359 06462 9<\/p>\n","protected":false},"featured_media":45467,"template":"","meta":[],"product_brand":[],"product_cat":[225,162,243],"product_tag":[],"class_list":{"0":"post-45468","1":"product","2":"type-product","3":"status-publish","4":"has-post-thumbnail","6":"product_cat-exhibitions-catalogues-en","7":"product_cat-french-en","8":"product_cat-scores-en","10":"first","11":"outofstock","12":"taxable","13":"shipping-taxable","14":"purchasable","15":"product-type-simple"},"yoast_head":"<!-- This site is optimized with the Yoast SEO plugin v27.4 - https:\/\/yoast.com\/product\/yoast-seo-wordpress\/ -->\n<title>Chor\u00e9graphies - Dessiner, danser (XVIIe-XXIe si\u00e8cle) - Books on the Move<\/title>\n<meta name=\"robots\" content=\"index, follow, max-snippet:-1, max-image-preview:large, max-video-preview:-1\" \/>\n<link rel=\"canonical\" href=\"https:\/\/www.booksonthemove.fr\/en\/produit\/choregraphies-dessiner-danser-xviie-xxie-siecle\/\" \/>\n<meta property=\"og:locale\" content=\"en_US\" \/>\n<meta property=\"og:type\" content=\"article\" \/>\n<meta property=\"og:title\" content=\"Chor\u00e9graphies - Dessiner, danser (XVIIe-XXIe si\u00e8cle) - Books on the Move\" \/>\n<meta property=\"og:description\" content=\"AUTRICES : sous la direction de Pauline Chevalier et Amandine Royer EDITEURS : MBAA \/ INHA \/ Li\u00e9nart (2025)  BROCH\u00c9 : 250 pages LANGUE : Fran\u00e7ais ISBN : 978 2 359 06462 9\" \/>\n<meta property=\"og:url\" content=\"https:\/\/www.booksonthemove.fr\/en\/produit\/choregraphies-dessiner-danser-xviie-xxie-siecle\/\" \/>\n<meta property=\"og:site_name\" content=\"Books on the Move\" \/>\n<meta property=\"article:publisher\" content=\"https:\/\/www.facebook.com\/Librairiebooksonthemove\/\" \/>\n<meta property=\"article:modified_time\" content=\"2026-03-07T11:29:19+00:00\" \/>\n<meta property=\"og:image\" content=\"https:\/\/www.booksonthemove.fr\/media\/bom_2951.jpg\" \/>\n\t<meta property=\"og:image:width\" content=\"381\" \/>\n\t<meta property=\"og:image:height\" content=\"522\" \/>\n\t<meta property=\"og:image:type\" content=\"image\/jpeg\" \/>\n<meta name=\"twitter:card\" content=\"summary_large_image\" \/>\n<script type=\"application\/ld+json\" class=\"yoast-schema-graph\">{\"@context\":\"https:\\\/\\\/schema.org\",\"@graph\":[{\"@type\":\"WebPage\",\"@id\":\"https:\\\/\\\/www.booksonthemove.fr\\\/en\\\/produit\\\/choregraphies-dessiner-danser-xviie-xxie-siecle\\\/\",\"url\":\"https:\\\/\\\/www.booksonthemove.fr\\\/en\\\/produit\\\/choregraphies-dessiner-danser-xviie-xxie-siecle\\\/\",\"name\":\"Chor\u00e9graphies - Dessiner, danser (XVIIe-XXIe si\u00e8cle) - Books on the Move\",\"isPartOf\":{\"@id\":\"https:\\\/\\\/www.booksonthemove.fr\\\/#website\"},\"primaryImageOfPage\":{\"@id\":\"https:\\\/\\\/www.booksonthemove.fr\\\/en\\\/produit\\\/choregraphies-dessiner-danser-xviie-xxie-siecle\\\/#primaryimage\"},\"image\":{\"@id\":\"https:\\\/\\\/www.booksonthemove.fr\\\/en\\\/produit\\\/choregraphies-dessiner-danser-xviie-xxie-siecle\\\/#primaryimage\"},\"thumbnailUrl\":\"https:\\\/\\\/www.booksonthemove.fr\\\/media\\\/bom_2951.jpg\",\"datePublished\":\"2025-06-23T11:30:43+00:00\",\"dateModified\":\"2026-03-07T11:29:19+00:00\",\"breadcrumb\":{\"@id\":\"https:\\\/\\\/www.booksonthemove.fr\\\/en\\\/produit\\\/choregraphies-dessiner-danser-xviie-xxie-siecle\\\/#breadcrumb\"},\"inLanguage\":\"en-US\",\"potentialAction\":[{\"@type\":\"ReadAction\",\"target\":[\"https:\\\/\\\/www.booksonthemove.fr\\\/en\\\/produit\\\/choregraphies-dessiner-danser-xviie-xxie-siecle\\\/\"]}]},{\"@type\":\"ImageObject\",\"inLanguage\":\"en-US\",\"@id\":\"https:\\\/\\\/www.booksonthemove.fr\\\/en\\\/produit\\\/choregraphies-dessiner-danser-xviie-xxie-siecle\\\/#primaryimage\",\"url\":\"https:\\\/\\\/www.booksonthemove.fr\\\/media\\\/bom_2951.jpg\",\"contentUrl\":\"https:\\\/\\\/www.booksonthemove.fr\\\/media\\\/bom_2951.jpg\",\"width\":381,\"height\":522},{\"@type\":\"BreadcrumbList\",\"@id\":\"https:\\\/\\\/www.booksonthemove.fr\\\/en\\\/produit\\\/choregraphies-dessiner-danser-xviie-xxie-siecle\\\/#breadcrumb\",\"itemListElement\":[{\"@type\":\"ListItem\",\"position\":1,\"name\":\"Accueil\",\"item\":\"https:\\\/\\\/www.booksonthemove.fr\\\/en\\\/\"},{\"@type\":\"ListItem\",\"position\":2,\"name\":\"online store\",\"item\":\"https:\\\/\\\/www.booksonthemove.fr\\\/en\\\/online-shop\\\/\"},{\"@type\":\"ListItem\",\"position\":3,\"name\":\"Chor\u00e9graphies &#8211; Dessiner, danser (XVIIe-XXIe si\u00e8cle)\"}]},{\"@type\":\"WebSite\",\"@id\":\"https:\\\/\\\/www.booksonthemove.fr\\\/#website\",\"url\":\"https:\\\/\\\/www.booksonthemove.fr\\\/\",\"name\":\"Books on the Move\",\"description\":\"librairie nomade - danse - mouvement - performance\",\"publisher\":{\"@id\":\"https:\\\/\\\/www.booksonthemove.fr\\\/#organization\"},\"potentialAction\":[{\"@type\":\"SearchAction\",\"target\":{\"@type\":\"EntryPoint\",\"urlTemplate\":\"https:\\\/\\\/www.booksonthemove.fr\\\/?s={search_term_string}\"},\"query-input\":{\"@type\":\"PropertyValueSpecification\",\"valueRequired\":true,\"valueName\":\"search_term_string\"}}],\"inLanguage\":\"en-US\"},{\"@type\":\"Organization\",\"@id\":\"https:\\\/\\\/www.booksonthemove.fr\\\/#organization\",\"name\":\"Books on the Move\",\"url\":\"https:\\\/\\\/www.booksonthemove.fr\\\/\",\"logo\":{\"@type\":\"ImageObject\",\"inLanguage\":\"en-US\",\"@id\":\"https:\\\/\\\/www.booksonthemove.fr\\\/#\\\/schema\\\/logo\\\/image\\\/\",\"url\":\"https:\\\/\\\/www.booksonthemove.fr\\\/media\\\/logo-NB-400.jpg\",\"contentUrl\":\"https:\\\/\\\/www.booksonthemove.fr\\\/media\\\/logo-NB-400.jpg\",\"width\":400,\"height\":143,\"caption\":\"Books on the Move\"},\"image\":{\"@id\":\"https:\\\/\\\/www.booksonthemove.fr\\\/#\\\/schema\\\/logo\\\/image\\\/\"},\"sameAs\":[\"https:\\\/\\\/www.facebook.com\\\/Librairiebooksonthemove\\\/\"]}]}<\/script>\n<!-- \/ Yoast SEO plugin. -->","yoast_head_json":{"title":"Chor\u00e9graphies - Dessiner, danser (XVIIe-XXIe si\u00e8cle) - Books on the Move","robots":{"index":"index","follow":"follow","max-snippet":"max-snippet:-1","max-image-preview":"max-image-preview:large","max-video-preview":"max-video-preview:-1"},"canonical":"https:\/\/www.booksonthemove.fr\/en\/produit\/choregraphies-dessiner-danser-xviie-xxie-siecle\/","og_locale":"en_US","og_type":"article","og_title":"Chor\u00e9graphies - Dessiner, danser (XVIIe-XXIe si\u00e8cle) - Books on the Move","og_description":"AUTRICES : sous la direction de Pauline Chevalier et Amandine Royer EDITEURS : MBAA \/ INHA \/ Li\u00e9nart (2025)  BROCH\u00c9 : 250 pages LANGUE : Fran\u00e7ais ISBN : 978 2 359 06462 9","og_url":"https:\/\/www.booksonthemove.fr\/en\/produit\/choregraphies-dessiner-danser-xviie-xxie-siecle\/","og_site_name":"Books on the Move","article_publisher":"https:\/\/www.facebook.com\/Librairiebooksonthemove\/","article_modified_time":"2026-03-07T11:29:19+00:00","og_image":[{"width":381,"height":522,"url":"https:\/\/www.booksonthemove.fr\/media\/bom_2951.jpg","type":"image\/jpeg"}],"twitter_card":"summary_large_image","schema":{"@context":"https:\/\/schema.org","@graph":[{"@type":"WebPage","@id":"https:\/\/www.booksonthemove.fr\/en\/produit\/choregraphies-dessiner-danser-xviie-xxie-siecle\/","url":"https:\/\/www.booksonthemove.fr\/en\/produit\/choregraphies-dessiner-danser-xviie-xxie-siecle\/","name":"Chor\u00e9graphies - Dessiner, danser (XVIIe-XXIe si\u00e8cle) - Books on the Move","isPartOf":{"@id":"https:\/\/www.booksonthemove.fr\/#website"},"primaryImageOfPage":{"@id":"https:\/\/www.booksonthemove.fr\/en\/produit\/choregraphies-dessiner-danser-xviie-xxie-siecle\/#primaryimage"},"image":{"@id":"https:\/\/www.booksonthemove.fr\/en\/produit\/choregraphies-dessiner-danser-xviie-xxie-siecle\/#primaryimage"},"thumbnailUrl":"https:\/\/www.booksonthemove.fr\/media\/bom_2951.jpg","datePublished":"2025-06-23T11:30:43+00:00","dateModified":"2026-03-07T11:29:19+00:00","breadcrumb":{"@id":"https:\/\/www.booksonthemove.fr\/en\/produit\/choregraphies-dessiner-danser-xviie-xxie-siecle\/#breadcrumb"},"inLanguage":"en-US","potentialAction":[{"@type":"ReadAction","target":["https:\/\/www.booksonthemove.fr\/en\/produit\/choregraphies-dessiner-danser-xviie-xxie-siecle\/"]}]},{"@type":"ImageObject","inLanguage":"en-US","@id":"https:\/\/www.booksonthemove.fr\/en\/produit\/choregraphies-dessiner-danser-xviie-xxie-siecle\/#primaryimage","url":"https:\/\/www.booksonthemove.fr\/media\/bom_2951.jpg","contentUrl":"https:\/\/www.booksonthemove.fr\/media\/bom_2951.jpg","width":381,"height":522},{"@type":"BreadcrumbList","@id":"https:\/\/www.booksonthemove.fr\/en\/produit\/choregraphies-dessiner-danser-xviie-xxie-siecle\/#breadcrumb","itemListElement":[{"@type":"ListItem","position":1,"name":"Accueil","item":"https:\/\/www.booksonthemove.fr\/en\/"},{"@type":"ListItem","position":2,"name":"online store","item":"https:\/\/www.booksonthemove.fr\/en\/online-shop\/"},{"@type":"ListItem","position":3,"name":"Chor\u00e9graphies &#8211; Dessiner, danser (XVIIe-XXIe si\u00e8cle)"}]},{"@type":"WebSite","@id":"https:\/\/www.booksonthemove.fr\/#website","url":"https:\/\/www.booksonthemove.fr\/","name":"Books on the Move","description":"librairie nomade - danse - mouvement - performance","publisher":{"@id":"https:\/\/www.booksonthemove.fr\/#organization"},"potentialAction":[{"@type":"SearchAction","target":{"@type":"EntryPoint","urlTemplate":"https:\/\/www.booksonthemove.fr\/?s={search_term_string}"},"query-input":{"@type":"PropertyValueSpecification","valueRequired":true,"valueName":"search_term_string"}}],"inLanguage":"en-US"},{"@type":"Organization","@id":"https:\/\/www.booksonthemove.fr\/#organization","name":"Books on the Move","url":"https:\/\/www.booksonthemove.fr\/","logo":{"@type":"ImageObject","inLanguage":"en-US","@id":"https:\/\/www.booksonthemove.fr\/#\/schema\/logo\/image\/","url":"https:\/\/www.booksonthemove.fr\/media\/logo-NB-400.jpg","contentUrl":"https:\/\/www.booksonthemove.fr\/media\/logo-NB-400.jpg","width":400,"height":143,"caption":"Books on the Move"},"image":{"@id":"https:\/\/www.booksonthemove.fr\/#\/schema\/logo\/image\/"},"sameAs":["https:\/\/www.facebook.com\/Librairiebooksonthemove\/"]}]}},"_links":{"self":[{"href":"https:\/\/www.booksonthemove.fr\/en\/wp-json\/wp\/v2\/product\/45468","targetHints":{"allow":["GET"]}}],"collection":[{"href":"https:\/\/www.booksonthemove.fr\/en\/wp-json\/wp\/v2\/product"}],"about":[{"href":"https:\/\/www.booksonthemove.fr\/en\/wp-json\/wp\/v2\/types\/product"}],"wp:featuredmedia":[{"embeddable":true,"href":"https:\/\/www.booksonthemove.fr\/en\/wp-json\/wp\/v2\/media\/45467"}],"wp:attachment":[{"href":"https:\/\/www.booksonthemove.fr\/en\/wp-json\/wp\/v2\/media?parent=45468"}],"wp:term":[{"taxonomy":"product_brand","embeddable":true,"href":"https:\/\/www.booksonthemove.fr\/en\/wp-json\/wp\/v2\/product_brand?post=45468"},{"taxonomy":"product_cat","embeddable":true,"href":"https:\/\/www.booksonthemove.fr\/en\/wp-json\/wp\/v2\/product_cat?post=45468"},{"taxonomy":"product_tag","embeddable":true,"href":"https:\/\/www.booksonthemove.fr\/en\/wp-json\/wp\/v2\/product_tag?post=45468"}],"curies":[{"name":"wp","href":"https:\/\/api.w.org\/{rel}","templated":true}]}}