{"id":45509,"date":"2025-06-23T13:55:46","date_gmt":"2025-06-23T11:55:46","guid":{"rendered":"https:\/\/www.booksonthemove.fr\/produit\/tout-le-monde-peut-etre-feministe\/"},"modified":"2026-03-29T17:48:10","modified_gmt":"2026-03-29T15:48:10","slug":"tout-le-monde-peut-etre-feministe","status":"publish","type":"product","link":"https:\/\/www.booksonthemove.fr\/en\/produit\/tout-le-monde-peut-etre-feministe\/","title":{"rendered":"Tout le monde peut \u00eatre f\u00e9ministe"},"content":{"rendered":"<p>\u00ab Pour faire simple, le f\u00e9minisme est un mouvement qui vise \u00e0 mettre fin au sexisme, \u00e0 l\u2019exploitation et \u00e0 l\u2019oppression sexistes. \u00bb Ainsi d\u00e9bute cette efficace et accessible introduction \u00e0 la th\u00e9orie f\u00e9ministe, \u00e9crite par l\u2019une de ses figures les plus influentes, la militante noire-am\u00e9ricaine bell hooks. Con\u00e7u pour pouvoir \u00eatre lu par tout le monde, ce livre r\u00e9pond de mani\u00e8re simple et argument\u00e9e \u00e0 la question \u00ab qu\u2019est-ce que le f\u00e9minisme ? \u00bb, en soulignant l\u2019importance du mouvement f\u00e9ministe aujourd\u2019hui. Ce petit guide, \u00e0 mettre entre toutes les mains, nous invite \u00e0 rechercher des alternatives \u00e0 la culture patriarcale, raciste et homophobe, et \u00e0 b\u00e2tir ainsi un avenir diff\u00e9rent.<\/p>\n","protected":false},"excerpt":{"rendered":"<p><strong>AUTRICE :<\/strong> Bell Hooks<br \/>\n<strong>EDITEUR :<\/strong> \u00c9ditions Divergences (2020)<\/p>\n<p><strong>BROCH\u00c9 :<\/strong> 160 pages<br \/>\n<strong>LANGUE :<\/strong> Fran\u00e7ais<br \/>\n<strong>ISBN :<\/strong> 979 1 097 08828 6<\/p>\n","protected":false},"featured_media":45508,"template":"","meta":[],"product_brand":[],"product_cat":[202,162],"product_tag":[],"class_list":{"0":"post-45509","1":"product","2":"type-product","3":"status-publish","4":"has-post-thumbnail","6":"product_cat-feminism-en","7":"product_cat-french-en","9":"first","10":"outofstock","11":"taxable","12":"shipping-taxable","13":"purchasable","14":"product-type-simple"},"yoast_head":"<!-- This site is optimized with the Yoast SEO plugin v27.4 - https:\/\/yoast.com\/product\/yoast-seo-wordpress\/ -->\n<title>Tout le monde peut \u00eatre f\u00e9ministe - Books on the Move<\/title>\n<meta name=\"robots\" content=\"index, follow, max-snippet:-1, max-image-preview:large, max-video-preview:-1\" \/>\n<link rel=\"canonical\" href=\"https:\/\/www.booksonthemove.fr\/en\/produit\/tout-le-monde-peut-etre-feministe\/\" \/>\n<meta property=\"og:locale\" content=\"en_US\" \/>\n<meta property=\"og:type\" content=\"article\" \/>\n<meta property=\"og:title\" content=\"Tout le monde peut \u00eatre f\u00e9ministe - Books on the Move\" \/>\n<meta property=\"og:description\" content=\"AUTRICE : Bell Hooks EDITEUR : \u00c9ditions Divergences (2020)  BROCH\u00c9 : 160 pages LANGUE : Fran\u00e7ais ISBN : 979 1 097 08828 6\" \/>\n<meta property=\"og:url\" content=\"https:\/\/www.booksonthemove.fr\/en\/produit\/tout-le-monde-peut-etre-feministe\/\" \/>\n<meta property=\"og:site_name\" content=\"Books on the Move\" \/>\n<meta property=\"article:publisher\" content=\"https:\/\/www.facebook.com\/Librairiebooksonthemove\/\" \/>\n<meta property=\"article:modified_time\" content=\"2026-03-29T15:48:10+00:00\" \/>\n<meta property=\"og:image\" content=\"https:\/\/www.booksonthemove.fr\/media\/bom_2956.jpeg\" \/>\n\t<meta property=\"og:image:width\" content=\"480\" \/>\n\t<meta property=\"og:image:height\" content=\"800\" \/>\n\t<meta property=\"og:image:type\" content=\"image\/jpeg\" \/>\n<meta name=\"twitter:card\" content=\"summary_large_image\" \/>\n<script type=\"application\/ld+json\" class=\"yoast-schema-graph\">{\"@context\":\"https:\\\/\\\/schema.org\",\"@graph\":[{\"@type\":\"WebPage\",\"@id\":\"https:\\\/\\\/www.booksonthemove.fr\\\/en\\\/produit\\\/tout-le-monde-peut-etre-feministe\\\/\",\"url\":\"https:\\\/\\\/www.booksonthemove.fr\\\/en\\\/produit\\\/tout-le-monde-peut-etre-feministe\\\/\",\"name\":\"Tout le monde peut \u00eatre f\u00e9ministe - Books on the Move\",\"isPartOf\":{\"@id\":\"https:\\\/\\\/www.booksonthemove.fr\\\/#website\"},\"primaryImageOfPage\":{\"@id\":\"https:\\\/\\\/www.booksonthemove.fr\\\/en\\\/produit\\\/tout-le-monde-peut-etre-feministe\\\/#primaryimage\"},\"image\":{\"@id\":\"https:\\\/\\\/www.booksonthemove.fr\\\/en\\\/produit\\\/tout-le-monde-peut-etre-feministe\\\/#primaryimage\"},\"thumbnailUrl\":\"https:\\\/\\\/www.booksonthemove.fr\\\/media\\\/bom_2956.jpeg\",\"datePublished\":\"2025-06-23T11:55:46+00:00\",\"dateModified\":\"2026-03-29T15:48:10+00:00\",\"breadcrumb\":{\"@id\":\"https:\\\/\\\/www.booksonthemove.fr\\\/en\\\/produit\\\/tout-le-monde-peut-etre-feministe\\\/#breadcrumb\"},\"inLanguage\":\"en-US\",\"potentialAction\":[{\"@type\":\"ReadAction\",\"target\":[\"https:\\\/\\\/www.booksonthemove.fr\\\/en\\\/produit\\\/tout-le-monde-peut-etre-feministe\\\/\"]}]},{\"@type\":\"ImageObject\",\"inLanguage\":\"en-US\",\"@id\":\"https:\\\/\\\/www.booksonthemove.fr\\\/en\\\/produit\\\/tout-le-monde-peut-etre-feministe\\\/#primaryimage\",\"url\":\"https:\\\/\\\/www.booksonthemove.fr\\\/media\\\/bom_2956.jpeg\",\"contentUrl\":\"https:\\\/\\\/www.booksonthemove.fr\\\/media\\\/bom_2956.jpeg\",\"width\":480,\"height\":800},{\"@type\":\"BreadcrumbList\",\"@id\":\"https:\\\/\\\/www.booksonthemove.fr\\\/en\\\/produit\\\/tout-le-monde-peut-etre-feministe\\\/#breadcrumb\",\"itemListElement\":[{\"@type\":\"ListItem\",\"position\":1,\"name\":\"Accueil\",\"item\":\"https:\\\/\\\/www.booksonthemove.fr\\\/en\\\/\"},{\"@type\":\"ListItem\",\"position\":2,\"name\":\"online store\",\"item\":\"https:\\\/\\\/www.booksonthemove.fr\\\/en\\\/online-shop\\\/\"},{\"@type\":\"ListItem\",\"position\":3,\"name\":\"Tout le monde peut \u00eatre f\u00e9ministe\"}]},{\"@type\":\"WebSite\",\"@id\":\"https:\\\/\\\/www.booksonthemove.fr\\\/#website\",\"url\":\"https:\\\/\\\/www.booksonthemove.fr\\\/\",\"name\":\"Books on the Move\",\"description\":\"librairie nomade - danse - mouvement - performance\",\"publisher\":{\"@id\":\"https:\\\/\\\/www.booksonthemove.fr\\\/#organization\"},\"potentialAction\":[{\"@type\":\"SearchAction\",\"target\":{\"@type\":\"EntryPoint\",\"urlTemplate\":\"https:\\\/\\\/www.booksonthemove.fr\\\/?s={search_term_string}\"},\"query-input\":{\"@type\":\"PropertyValueSpecification\",\"valueRequired\":true,\"valueName\":\"search_term_string\"}}],\"inLanguage\":\"en-US\"},{\"@type\":\"Organization\",\"@id\":\"https:\\\/\\\/www.booksonthemove.fr\\\/#organization\",\"name\":\"Books on the Move\",\"url\":\"https:\\\/\\\/www.booksonthemove.fr\\\/\",\"logo\":{\"@type\":\"ImageObject\",\"inLanguage\":\"en-US\",\"@id\":\"https:\\\/\\\/www.booksonthemove.fr\\\/#\\\/schema\\\/logo\\\/image\\\/\",\"url\":\"https:\\\/\\\/www.booksonthemove.fr\\\/media\\\/logo-NB-400.jpg\",\"contentUrl\":\"https:\\\/\\\/www.booksonthemove.fr\\\/media\\\/logo-NB-400.jpg\",\"width\":400,\"height\":143,\"caption\":\"Books on the Move\"},\"image\":{\"@id\":\"https:\\\/\\\/www.booksonthemove.fr\\\/#\\\/schema\\\/logo\\\/image\\\/\"},\"sameAs\":[\"https:\\\/\\\/www.facebook.com\\\/Librairiebooksonthemove\\\/\"]}]}<\/script>\n<!-- \/ Yoast SEO plugin. -->","yoast_head_json":{"title":"Tout le monde peut \u00eatre f\u00e9ministe - Books on the Move","robots":{"index":"index","follow":"follow","max-snippet":"max-snippet:-1","max-image-preview":"max-image-preview:large","max-video-preview":"max-video-preview:-1"},"canonical":"https:\/\/www.booksonthemove.fr\/en\/produit\/tout-le-monde-peut-etre-feministe\/","og_locale":"en_US","og_type":"article","og_title":"Tout le monde peut \u00eatre f\u00e9ministe - Books on the Move","og_description":"AUTRICE : Bell Hooks EDITEUR : \u00c9ditions Divergences (2020)  BROCH\u00c9 : 160 pages LANGUE : Fran\u00e7ais ISBN : 979 1 097 08828 6","og_url":"https:\/\/www.booksonthemove.fr\/en\/produit\/tout-le-monde-peut-etre-feministe\/","og_site_name":"Books on the Move","article_publisher":"https:\/\/www.facebook.com\/Librairiebooksonthemove\/","article_modified_time":"2026-03-29T15:48:10+00:00","og_image":[{"width":480,"height":800,"url":"https:\/\/www.booksonthemove.fr\/media\/bom_2956.jpeg","type":"image\/jpeg"}],"twitter_card":"summary_large_image","schema":{"@context":"https:\/\/schema.org","@graph":[{"@type":"WebPage","@id":"https:\/\/www.booksonthemove.fr\/en\/produit\/tout-le-monde-peut-etre-feministe\/","url":"https:\/\/www.booksonthemove.fr\/en\/produit\/tout-le-monde-peut-etre-feministe\/","name":"Tout le monde peut \u00eatre f\u00e9ministe - Books on the Move","isPartOf":{"@id":"https:\/\/www.booksonthemove.fr\/#website"},"primaryImageOfPage":{"@id":"https:\/\/www.booksonthemove.fr\/en\/produit\/tout-le-monde-peut-etre-feministe\/#primaryimage"},"image":{"@id":"https:\/\/www.booksonthemove.fr\/en\/produit\/tout-le-monde-peut-etre-feministe\/#primaryimage"},"thumbnailUrl":"https:\/\/www.booksonthemove.fr\/media\/bom_2956.jpeg","datePublished":"2025-06-23T11:55:46+00:00","dateModified":"2026-03-29T15:48:10+00:00","breadcrumb":{"@id":"https:\/\/www.booksonthemove.fr\/en\/produit\/tout-le-monde-peut-etre-feministe\/#breadcrumb"},"inLanguage":"en-US","potentialAction":[{"@type":"ReadAction","target":["https:\/\/www.booksonthemove.fr\/en\/produit\/tout-le-monde-peut-etre-feministe\/"]}]},{"@type":"ImageObject","inLanguage":"en-US","@id":"https:\/\/www.booksonthemove.fr\/en\/produit\/tout-le-monde-peut-etre-feministe\/#primaryimage","url":"https:\/\/www.booksonthemove.fr\/media\/bom_2956.jpeg","contentUrl":"https:\/\/www.booksonthemove.fr\/media\/bom_2956.jpeg","width":480,"height":800},{"@type":"BreadcrumbList","@id":"https:\/\/www.booksonthemove.fr\/en\/produit\/tout-le-monde-peut-etre-feministe\/#breadcrumb","itemListElement":[{"@type":"ListItem","position":1,"name":"Accueil","item":"https:\/\/www.booksonthemove.fr\/en\/"},{"@type":"ListItem","position":2,"name":"online store","item":"https:\/\/www.booksonthemove.fr\/en\/online-shop\/"},{"@type":"ListItem","position":3,"name":"Tout le monde peut \u00eatre f\u00e9ministe"}]},{"@type":"WebSite","@id":"https:\/\/www.booksonthemove.fr\/#website","url":"https:\/\/www.booksonthemove.fr\/","name":"Books on the Move","description":"librairie nomade - danse - mouvement - performance","publisher":{"@id":"https:\/\/www.booksonthemove.fr\/#organization"},"potentialAction":[{"@type":"SearchAction","target":{"@type":"EntryPoint","urlTemplate":"https:\/\/www.booksonthemove.fr\/?s={search_term_string}"},"query-input":{"@type":"PropertyValueSpecification","valueRequired":true,"valueName":"search_term_string"}}],"inLanguage":"en-US"},{"@type":"Organization","@id":"https:\/\/www.booksonthemove.fr\/#organization","name":"Books on the Move","url":"https:\/\/www.booksonthemove.fr\/","logo":{"@type":"ImageObject","inLanguage":"en-US","@id":"https:\/\/www.booksonthemove.fr\/#\/schema\/logo\/image\/","url":"https:\/\/www.booksonthemove.fr\/media\/logo-NB-400.jpg","contentUrl":"https:\/\/www.booksonthemove.fr\/media\/logo-NB-400.jpg","width":400,"height":143,"caption":"Books on the Move"},"image":{"@id":"https:\/\/www.booksonthemove.fr\/#\/schema\/logo\/image\/"},"sameAs":["https:\/\/www.facebook.com\/Librairiebooksonthemove\/"]}]}},"_links":{"self":[{"href":"https:\/\/www.booksonthemove.fr\/en\/wp-json\/wp\/v2\/product\/45509","targetHints":{"allow":["GET"]}}],"collection":[{"href":"https:\/\/www.booksonthemove.fr\/en\/wp-json\/wp\/v2\/product"}],"about":[{"href":"https:\/\/www.booksonthemove.fr\/en\/wp-json\/wp\/v2\/types\/product"}],"wp:featuredmedia":[{"embeddable":true,"href":"https:\/\/www.booksonthemove.fr\/en\/wp-json\/wp\/v2\/media\/45508"}],"wp:attachment":[{"href":"https:\/\/www.booksonthemove.fr\/en\/wp-json\/wp\/v2\/media?parent=45509"}],"wp:term":[{"taxonomy":"product_brand","embeddable":true,"href":"https:\/\/www.booksonthemove.fr\/en\/wp-json\/wp\/v2\/product_brand?post=45509"},{"taxonomy":"product_cat","embeddable":true,"href":"https:\/\/www.booksonthemove.fr\/en\/wp-json\/wp\/v2\/product_cat?post=45509"},{"taxonomy":"product_tag","embeddable":true,"href":"https:\/\/www.booksonthemove.fr\/en\/wp-json\/wp\/v2\/product_tag?post=45509"}],"curies":[{"name":"wp","href":"https:\/\/api.w.org\/{rel}","templated":true}]}}