{"id":45720,"date":"2025-06-25T11:34:04","date_gmt":"2025-06-25T09:34:04","guid":{"rendered":"https:\/\/www.booksonthemove.fr\/produit\/sexe-et-genre-sur-le-divan-theories-du-sexuel-dans-le-discours-de-la-clinique-psy-en-france-contemporaine\/"},"modified":"2025-08-30T22:06:14","modified_gmt":"2025-08-30T20:06:14","slug":"sexe-et-genre-sur-le-divan-theories-du-sexuel-dans-le-discours-de-la-clinique-psy-en-france-contemporaine","status":"publish","type":"product","link":"https:\/\/www.booksonthemove.fr\/en\/produit\/sexe-et-genre-sur-le-divan-theories-du-sexuel-dans-le-discours-de-la-clinique-psy-en-france-contemporaine\/","title":{"rendered":"Sexe et genre sur le divan &#8211; Th\u00e9ories du sexuel dans le discours de la clinique psy en France contemporaine"},"content":{"rendered":"<p>R\u00e9alis\u00e9 \u00e0 partir d&#8217;entretiens et d&#8217;une analyse de la litt\u00e9rature sp\u00e9cialis\u00e9e, cet ouvrage se propose d&#8217;\u00e9tudier les effets des th\u00e9ories psy du genre et de la sexualit\u00e9 sur l&#8217;\u00e9coute des th\u00e9rapeutes fran\u00e7ais(e)s et vise \u00e0 prolonger les efforts de celles et ceux qui cherchent \u00e0 am\u00e9liorer l&#8217;accompagnement des psychoth\u00e9rapeutes.<\/p>\n","protected":false},"excerpt":{"rendered":"<p><strong>AUTEURE : <\/strong>Tiphaine Besnard<br \/>\n<strong>EDITEUR :<\/strong> \u00c9ditions L\u2019Harmattan (2017)<\/p>\n<p><strong>BROCH\u00c9 :<\/strong> 282 pages<br \/>\n<strong>LANGUE :<\/strong> Fran\u00e7ais<br \/>\n<strong>ISBN13 :<\/strong> 978-2-343-10726-4<\/p>\n","protected":false},"featured_media":45719,"template":"","meta":[],"product_brand":[],"product_cat":[143,146,162],"product_tag":[],"class_list":{"0":"post-45720","1":"product","2":"type-product","3":"status-publish","4":"has-post-thumbnail","6":"product_cat-gender-studies-en","7":"product_cat-theoretical-texts-en","8":"product_cat-french-en","10":"first","11":"instock","12":"taxable","13":"shipping-taxable","14":"purchasable","15":"product-type-simple"},"yoast_head":"<!-- This site is optimized with the Yoast SEO plugin v27.4 - https:\/\/yoast.com\/product\/yoast-seo-wordpress\/ -->\n<title>Sexe et genre sur le divan - Th\u00e9ories du sexuel dans le discours de la clinique psy en France contemporaine - Books on the Move<\/title>\n<meta name=\"robots\" content=\"index, follow, max-snippet:-1, max-image-preview:large, max-video-preview:-1\" \/>\n<link rel=\"canonical\" href=\"https:\/\/www.booksonthemove.fr\/en\/produit\/sexe-et-genre-sur-le-divan-theories-du-sexuel-dans-le-discours-de-la-clinique-psy-en-france-contemporaine\/\" \/>\n<meta property=\"og:locale\" content=\"en_US\" \/>\n<meta property=\"og:type\" content=\"article\" \/>\n<meta property=\"og:title\" content=\"Sexe et genre sur le divan - Th\u00e9ories du sexuel dans le discours de la clinique psy en France contemporaine - Books on the Move\" \/>\n<meta property=\"og:description\" content=\"AUTEURE : Tiphaine Besnard EDITEUR : \u00c9ditions L\u2019Harmattan (2017)  BROCH\u00c9 : 282 pages LANGUE : Fran\u00e7ais ISBN13 : 978-2-343-10726-4\" \/>\n<meta property=\"og:url\" content=\"https:\/\/www.booksonthemove.fr\/en\/produit\/sexe-et-genre-sur-le-divan-theories-du-sexuel-dans-le-discours-de-la-clinique-psy-en-france-contemporaine\/\" \/>\n<meta property=\"og:site_name\" content=\"Books on the Move\" \/>\n<meta property=\"article:publisher\" content=\"https:\/\/www.facebook.com\/Librairiebooksonthemove\/\" \/>\n<meta property=\"article:modified_time\" content=\"2025-08-30T20:06:14+00:00\" \/>\n<meta property=\"og:image\" content=\"https:\/\/www.booksonthemove.fr\/media\/bom_2961.jpg\" \/>\n\t<meta property=\"og:image:width\" content=\"330\" \/>\n\t<meta property=\"og:image:height\" content=\"522\" \/>\n\t<meta property=\"og:image:type\" content=\"image\/jpeg\" \/>\n<meta name=\"twitter:card\" content=\"summary_large_image\" \/>\n<script type=\"application\/ld+json\" class=\"yoast-schema-graph\">{\"@context\":\"https:\\\/\\\/schema.org\",\"@graph\":[{\"@type\":\"WebPage\",\"@id\":\"https:\\\/\\\/www.booksonthemove.fr\\\/en\\\/produit\\\/sexe-et-genre-sur-le-divan-theories-du-sexuel-dans-le-discours-de-la-clinique-psy-en-france-contemporaine\\\/\",\"url\":\"https:\\\/\\\/www.booksonthemove.fr\\\/en\\\/produit\\\/sexe-et-genre-sur-le-divan-theories-du-sexuel-dans-le-discours-de-la-clinique-psy-en-france-contemporaine\\\/\",\"name\":\"Sexe et genre sur le divan - Th\u00e9ories du sexuel dans le discours de la clinique psy en France contemporaine - Books on the Move\",\"isPartOf\":{\"@id\":\"https:\\\/\\\/www.booksonthemove.fr\\\/#website\"},\"primaryImageOfPage\":{\"@id\":\"https:\\\/\\\/www.booksonthemove.fr\\\/en\\\/produit\\\/sexe-et-genre-sur-le-divan-theories-du-sexuel-dans-le-discours-de-la-clinique-psy-en-france-contemporaine\\\/#primaryimage\"},\"image\":{\"@id\":\"https:\\\/\\\/www.booksonthemove.fr\\\/en\\\/produit\\\/sexe-et-genre-sur-le-divan-theories-du-sexuel-dans-le-discours-de-la-clinique-psy-en-france-contemporaine\\\/#primaryimage\"},\"thumbnailUrl\":\"https:\\\/\\\/www.booksonthemove.fr\\\/media\\\/bom_2961.jpg\",\"datePublished\":\"2025-06-25T09:34:04+00:00\",\"dateModified\":\"2025-08-30T20:06:14+00:00\",\"breadcrumb\":{\"@id\":\"https:\\\/\\\/www.booksonthemove.fr\\\/en\\\/produit\\\/sexe-et-genre-sur-le-divan-theories-du-sexuel-dans-le-discours-de-la-clinique-psy-en-france-contemporaine\\\/#breadcrumb\"},\"inLanguage\":\"en-US\",\"potentialAction\":[{\"@type\":\"ReadAction\",\"target\":[\"https:\\\/\\\/www.booksonthemove.fr\\\/en\\\/produit\\\/sexe-et-genre-sur-le-divan-theories-du-sexuel-dans-le-discours-de-la-clinique-psy-en-france-contemporaine\\\/\"]}]},{\"@type\":\"ImageObject\",\"inLanguage\":\"en-US\",\"@id\":\"https:\\\/\\\/www.booksonthemove.fr\\\/en\\\/produit\\\/sexe-et-genre-sur-le-divan-theories-du-sexuel-dans-le-discours-de-la-clinique-psy-en-france-contemporaine\\\/#primaryimage\",\"url\":\"https:\\\/\\\/www.booksonthemove.fr\\\/media\\\/bom_2961.jpg\",\"contentUrl\":\"https:\\\/\\\/www.booksonthemove.fr\\\/media\\\/bom_2961.jpg\",\"width\":330,\"height\":522},{\"@type\":\"BreadcrumbList\",\"@id\":\"https:\\\/\\\/www.booksonthemove.fr\\\/en\\\/produit\\\/sexe-et-genre-sur-le-divan-theories-du-sexuel-dans-le-discours-de-la-clinique-psy-en-france-contemporaine\\\/#breadcrumb\",\"itemListElement\":[{\"@type\":\"ListItem\",\"position\":1,\"name\":\"Accueil\",\"item\":\"https:\\\/\\\/www.booksonthemove.fr\\\/en\\\/\"},{\"@type\":\"ListItem\",\"position\":2,\"name\":\"online store\",\"item\":\"https:\\\/\\\/www.booksonthemove.fr\\\/en\\\/online-shop\\\/\"},{\"@type\":\"ListItem\",\"position\":3,\"name\":\"Sexe et genre sur le divan &#8211; Th\u00e9ories du sexuel dans le discours de la clinique psy en France contemporaine\"}]},{\"@type\":\"WebSite\",\"@id\":\"https:\\\/\\\/www.booksonthemove.fr\\\/#website\",\"url\":\"https:\\\/\\\/www.booksonthemove.fr\\\/\",\"name\":\"Books on the Move\",\"description\":\"librairie nomade - danse - mouvement - performance\",\"publisher\":{\"@id\":\"https:\\\/\\\/www.booksonthemove.fr\\\/#organization\"},\"potentialAction\":[{\"@type\":\"SearchAction\",\"target\":{\"@type\":\"EntryPoint\",\"urlTemplate\":\"https:\\\/\\\/www.booksonthemove.fr\\\/?s={search_term_string}\"},\"query-input\":{\"@type\":\"PropertyValueSpecification\",\"valueRequired\":true,\"valueName\":\"search_term_string\"}}],\"inLanguage\":\"en-US\"},{\"@type\":\"Organization\",\"@id\":\"https:\\\/\\\/www.booksonthemove.fr\\\/#organization\",\"name\":\"Books on the Move\",\"url\":\"https:\\\/\\\/www.booksonthemove.fr\\\/\",\"logo\":{\"@type\":\"ImageObject\",\"inLanguage\":\"en-US\",\"@id\":\"https:\\\/\\\/www.booksonthemove.fr\\\/#\\\/schema\\\/logo\\\/image\\\/\",\"url\":\"https:\\\/\\\/www.booksonthemove.fr\\\/media\\\/logo-NB-400.jpg\",\"contentUrl\":\"https:\\\/\\\/www.booksonthemove.fr\\\/media\\\/logo-NB-400.jpg\",\"width\":400,\"height\":143,\"caption\":\"Books on the Move\"},\"image\":{\"@id\":\"https:\\\/\\\/www.booksonthemove.fr\\\/#\\\/schema\\\/logo\\\/image\\\/\"},\"sameAs\":[\"https:\\\/\\\/www.facebook.com\\\/Librairiebooksonthemove\\\/\"]}]}<\/script>\n<!-- \/ Yoast SEO plugin. -->","yoast_head_json":{"title":"Sexe et genre sur le divan - Th\u00e9ories du sexuel dans le discours de la clinique psy en France contemporaine - Books on the Move","robots":{"index":"index","follow":"follow","max-snippet":"max-snippet:-1","max-image-preview":"max-image-preview:large","max-video-preview":"max-video-preview:-1"},"canonical":"https:\/\/www.booksonthemove.fr\/en\/produit\/sexe-et-genre-sur-le-divan-theories-du-sexuel-dans-le-discours-de-la-clinique-psy-en-france-contemporaine\/","og_locale":"en_US","og_type":"article","og_title":"Sexe et genre sur le divan - Th\u00e9ories du sexuel dans le discours de la clinique psy en France contemporaine - Books on the Move","og_description":"AUTEURE : Tiphaine Besnard EDITEUR : \u00c9ditions L\u2019Harmattan (2017)  BROCH\u00c9 : 282 pages LANGUE : Fran\u00e7ais ISBN13 : 978-2-343-10726-4","og_url":"https:\/\/www.booksonthemove.fr\/en\/produit\/sexe-et-genre-sur-le-divan-theories-du-sexuel-dans-le-discours-de-la-clinique-psy-en-france-contemporaine\/","og_site_name":"Books on the Move","article_publisher":"https:\/\/www.facebook.com\/Librairiebooksonthemove\/","article_modified_time":"2025-08-30T20:06:14+00:00","og_image":[{"width":330,"height":522,"url":"https:\/\/www.booksonthemove.fr\/media\/bom_2961.jpg","type":"image\/jpeg"}],"twitter_card":"summary_large_image","schema":{"@context":"https:\/\/schema.org","@graph":[{"@type":"WebPage","@id":"https:\/\/www.booksonthemove.fr\/en\/produit\/sexe-et-genre-sur-le-divan-theories-du-sexuel-dans-le-discours-de-la-clinique-psy-en-france-contemporaine\/","url":"https:\/\/www.booksonthemove.fr\/en\/produit\/sexe-et-genre-sur-le-divan-theories-du-sexuel-dans-le-discours-de-la-clinique-psy-en-france-contemporaine\/","name":"Sexe et genre sur le divan - Th\u00e9ories du sexuel dans le discours de la clinique psy en France contemporaine - Books on the Move","isPartOf":{"@id":"https:\/\/www.booksonthemove.fr\/#website"},"primaryImageOfPage":{"@id":"https:\/\/www.booksonthemove.fr\/en\/produit\/sexe-et-genre-sur-le-divan-theories-du-sexuel-dans-le-discours-de-la-clinique-psy-en-france-contemporaine\/#primaryimage"},"image":{"@id":"https:\/\/www.booksonthemove.fr\/en\/produit\/sexe-et-genre-sur-le-divan-theories-du-sexuel-dans-le-discours-de-la-clinique-psy-en-france-contemporaine\/#primaryimage"},"thumbnailUrl":"https:\/\/www.booksonthemove.fr\/media\/bom_2961.jpg","datePublished":"2025-06-25T09:34:04+00:00","dateModified":"2025-08-30T20:06:14+00:00","breadcrumb":{"@id":"https:\/\/www.booksonthemove.fr\/en\/produit\/sexe-et-genre-sur-le-divan-theories-du-sexuel-dans-le-discours-de-la-clinique-psy-en-france-contemporaine\/#breadcrumb"},"inLanguage":"en-US","potentialAction":[{"@type":"ReadAction","target":["https:\/\/www.booksonthemove.fr\/en\/produit\/sexe-et-genre-sur-le-divan-theories-du-sexuel-dans-le-discours-de-la-clinique-psy-en-france-contemporaine\/"]}]},{"@type":"ImageObject","inLanguage":"en-US","@id":"https:\/\/www.booksonthemove.fr\/en\/produit\/sexe-et-genre-sur-le-divan-theories-du-sexuel-dans-le-discours-de-la-clinique-psy-en-france-contemporaine\/#primaryimage","url":"https:\/\/www.booksonthemove.fr\/media\/bom_2961.jpg","contentUrl":"https:\/\/www.booksonthemove.fr\/media\/bom_2961.jpg","width":330,"height":522},{"@type":"BreadcrumbList","@id":"https:\/\/www.booksonthemove.fr\/en\/produit\/sexe-et-genre-sur-le-divan-theories-du-sexuel-dans-le-discours-de-la-clinique-psy-en-france-contemporaine\/#breadcrumb","itemListElement":[{"@type":"ListItem","position":1,"name":"Accueil","item":"https:\/\/www.booksonthemove.fr\/en\/"},{"@type":"ListItem","position":2,"name":"online store","item":"https:\/\/www.booksonthemove.fr\/en\/online-shop\/"},{"@type":"ListItem","position":3,"name":"Sexe et genre sur le divan &#8211; Th\u00e9ories du sexuel dans le discours de la clinique psy en France contemporaine"}]},{"@type":"WebSite","@id":"https:\/\/www.booksonthemove.fr\/#website","url":"https:\/\/www.booksonthemove.fr\/","name":"Books on the Move","description":"librairie nomade - danse - mouvement - performance","publisher":{"@id":"https:\/\/www.booksonthemove.fr\/#organization"},"potentialAction":[{"@type":"SearchAction","target":{"@type":"EntryPoint","urlTemplate":"https:\/\/www.booksonthemove.fr\/?s={search_term_string}"},"query-input":{"@type":"PropertyValueSpecification","valueRequired":true,"valueName":"search_term_string"}}],"inLanguage":"en-US"},{"@type":"Organization","@id":"https:\/\/www.booksonthemove.fr\/#organization","name":"Books on the Move","url":"https:\/\/www.booksonthemove.fr\/","logo":{"@type":"ImageObject","inLanguage":"en-US","@id":"https:\/\/www.booksonthemove.fr\/#\/schema\/logo\/image\/","url":"https:\/\/www.booksonthemove.fr\/media\/logo-NB-400.jpg","contentUrl":"https:\/\/www.booksonthemove.fr\/media\/logo-NB-400.jpg","width":400,"height":143,"caption":"Books on the Move"},"image":{"@id":"https:\/\/www.booksonthemove.fr\/#\/schema\/logo\/image\/"},"sameAs":["https:\/\/www.facebook.com\/Librairiebooksonthemove\/"]}]}},"_links":{"self":[{"href":"https:\/\/www.booksonthemove.fr\/en\/wp-json\/wp\/v2\/product\/45720","targetHints":{"allow":["GET"]}}],"collection":[{"href":"https:\/\/www.booksonthemove.fr\/en\/wp-json\/wp\/v2\/product"}],"about":[{"href":"https:\/\/www.booksonthemove.fr\/en\/wp-json\/wp\/v2\/types\/product"}],"wp:featuredmedia":[{"embeddable":true,"href":"https:\/\/www.booksonthemove.fr\/en\/wp-json\/wp\/v2\/media\/45719"}],"wp:attachment":[{"href":"https:\/\/www.booksonthemove.fr\/en\/wp-json\/wp\/v2\/media?parent=45720"}],"wp:term":[{"taxonomy":"product_brand","embeddable":true,"href":"https:\/\/www.booksonthemove.fr\/en\/wp-json\/wp\/v2\/product_brand?post=45720"},{"taxonomy":"product_cat","embeddable":true,"href":"https:\/\/www.booksonthemove.fr\/en\/wp-json\/wp\/v2\/product_cat?post=45720"},{"taxonomy":"product_tag","embeddable":true,"href":"https:\/\/www.booksonthemove.fr\/en\/wp-json\/wp\/v2\/product_tag?post=45720"}],"curies":[{"name":"wp","href":"https:\/\/api.w.org\/{rel}","templated":true}]}}