{"id":45744,"date":"2025-06-25T11:41:13","date_gmt":"2025-06-25T09:41:13","guid":{"rendered":"https:\/\/www.booksonthemove.fr\/produit\/corpus-le-jeu-qui-fait-danser\/"},"modified":"2026-03-16T10:48:10","modified_gmt":"2026-03-16T09:48:10","slug":"corpus-le-jeu-qui-fait-danser","status":"publish","type":"product","link":"https:\/\/www.booksonthemove.fr\/en\/produit\/corpus-le-jeu-qui-fait-danser\/","title":{"rendered":"CORPUS &#8211; Le jeu qui fait danser"},"content":{"rendered":"<p>CORPUS est n\u00e9 d\u2019une collaboration avec la maison d\u2019\u00e9dition Minus \u00e9ditions. Ce jeu de soci\u00e9t\u00e9 se pr\u00e9sente sous la forme d\u2019un jeu de cartes rus\u00e9 pour infiltrer la danse et l\u2019imagerie corporelle dans le quotidien des foyers, familles, lieu de vies des enfants. Le graphisme sp\u00e9cifique sur le recto et verso des cartes permet une entr\u00e9e crescendo dans l\u2019univers de la danse.<\/p>\n<p>Le but du jeu : faire des pieds et des mains pour cr\u00e9er avec la complicit\u00e9 des autres joueurs un PODOpersonnage. A l\u2019issue de cette \u00e9tape, un bonus chor\u00e9graphique finalisera la partie.<br \/>\n\u00c0 partir de 4 ans.<\/p>\n","protected":false},"excerpt":{"rendered":"<p><strong>CONCEPTION :<\/strong> B\u00e9r\u00e9nice Legrand et Minus \u00e9ditions<br \/>\n<strong>CONTRIBUTIONS :<\/strong> Doroth\u00e9e Lamy et Zoranne Serrano<br \/>\n<strong>PRODUCTION :<\/strong> La Ruse (2021)<\/p>\n<p><b>CONTENU DE LA BOITE :<\/b> 59 cartes &amp; 1 r\u00e8gle de jeu<br \/>\n<b>LANGUE : <\/b>Fran\u00e7ais<\/p>\n","protected":false},"featured_media":45739,"template":"","meta":[],"product_brand":[],"product_cat":[369,162],"product_tag":[],"class_list":{"0":"post-45744","1":"product","2":"type-product","3":"status-publish","4":"has-post-thumbnail","6":"product_cat-cartes-en","7":"product_cat-french-en","9":"first","10":"instock","11":"taxable","12":"shipping-taxable","13":"purchasable","14":"product-type-simple"},"yoast_head":"<!-- This site is optimized with the Yoast SEO plugin v27.4 - https:\/\/yoast.com\/product\/yoast-seo-wordpress\/ -->\n<title>CORPUS - Le jeu qui fait danser - Books on the Move<\/title>\n<meta name=\"robots\" content=\"index, follow, max-snippet:-1, max-image-preview:large, max-video-preview:-1\" \/>\n<link rel=\"canonical\" href=\"https:\/\/www.booksonthemove.fr\/en\/produit\/corpus-le-jeu-qui-fait-danser\/\" \/>\n<meta property=\"og:locale\" content=\"en_US\" \/>\n<meta property=\"og:type\" content=\"article\" \/>\n<meta property=\"og:title\" content=\"CORPUS - Le jeu qui fait danser - Books on the Move\" \/>\n<meta property=\"og:description\" content=\"CONCEPTION : B\u00e9r\u00e9nice Legrand et Minus \u00e9ditions CONTRIBUTIONS : Doroth\u00e9e Lamy et Zoranne Serrano PRODUCTION : La Ruse (2021)  CONTENU DE LA BOITE : 59 cartes &amp; 1 r\u00e8gle de jeu LANGUE : Fran\u00e7ais\" \/>\n<meta property=\"og:url\" content=\"https:\/\/www.booksonthemove.fr\/en\/produit\/corpus-le-jeu-qui-fait-danser\/\" \/>\n<meta property=\"og:site_name\" content=\"Books on the Move\" \/>\n<meta property=\"article:publisher\" content=\"https:\/\/www.facebook.com\/Librairiebooksonthemove\/\" \/>\n<meta property=\"article:modified_time\" content=\"2026-03-16T09:48:10+00:00\" \/>\n<meta property=\"og:image\" content=\"https:\/\/www.booksonthemove.fr\/media\/bom_2986-scaled.jpeg\" \/>\n\t<meta property=\"og:image:width\" content=\"1469\" \/>\n\t<meta property=\"og:image:height\" content=\"2560\" \/>\n\t<meta property=\"og:image:type\" content=\"image\/jpeg\" \/>\n<meta name=\"twitter:card\" content=\"summary_large_image\" \/>\n<script type=\"application\/ld+json\" class=\"yoast-schema-graph\">{\"@context\":\"https:\\\/\\\/schema.org\",\"@graph\":[{\"@type\":\"WebPage\",\"@id\":\"https:\\\/\\\/www.booksonthemove.fr\\\/en\\\/produit\\\/corpus-le-jeu-qui-fait-danser\\\/\",\"url\":\"https:\\\/\\\/www.booksonthemove.fr\\\/en\\\/produit\\\/corpus-le-jeu-qui-fait-danser\\\/\",\"name\":\"CORPUS - Le jeu qui fait danser - Books on the Move\",\"isPartOf\":{\"@id\":\"https:\\\/\\\/www.booksonthemove.fr\\\/#website\"},\"primaryImageOfPage\":{\"@id\":\"https:\\\/\\\/www.booksonthemove.fr\\\/en\\\/produit\\\/corpus-le-jeu-qui-fait-danser\\\/#primaryimage\"},\"image\":{\"@id\":\"https:\\\/\\\/www.booksonthemove.fr\\\/en\\\/produit\\\/corpus-le-jeu-qui-fait-danser\\\/#primaryimage\"},\"thumbnailUrl\":\"https:\\\/\\\/www.booksonthemove.fr\\\/media\\\/bom_2986-scaled.jpeg\",\"datePublished\":\"2025-06-25T09:41:13+00:00\",\"dateModified\":\"2026-03-16T09:48:10+00:00\",\"breadcrumb\":{\"@id\":\"https:\\\/\\\/www.booksonthemove.fr\\\/en\\\/produit\\\/corpus-le-jeu-qui-fait-danser\\\/#breadcrumb\"},\"inLanguage\":\"en-US\",\"potentialAction\":[{\"@type\":\"ReadAction\",\"target\":[\"https:\\\/\\\/www.booksonthemove.fr\\\/en\\\/produit\\\/corpus-le-jeu-qui-fait-danser\\\/\"]}]},{\"@type\":\"ImageObject\",\"inLanguage\":\"en-US\",\"@id\":\"https:\\\/\\\/www.booksonthemove.fr\\\/en\\\/produit\\\/corpus-le-jeu-qui-fait-danser\\\/#primaryimage\",\"url\":\"https:\\\/\\\/www.booksonthemove.fr\\\/media\\\/bom_2986-scaled.jpeg\",\"contentUrl\":\"https:\\\/\\\/www.booksonthemove.fr\\\/media\\\/bom_2986-scaled.jpeg\",\"width\":1469,\"height\":2560},{\"@type\":\"BreadcrumbList\",\"@id\":\"https:\\\/\\\/www.booksonthemove.fr\\\/en\\\/produit\\\/corpus-le-jeu-qui-fait-danser\\\/#breadcrumb\",\"itemListElement\":[{\"@type\":\"ListItem\",\"position\":1,\"name\":\"Accueil\",\"item\":\"https:\\\/\\\/www.booksonthemove.fr\\\/en\\\/\"},{\"@type\":\"ListItem\",\"position\":2,\"name\":\"online store\",\"item\":\"https:\\\/\\\/www.booksonthemove.fr\\\/en\\\/online-shop\\\/\"},{\"@type\":\"ListItem\",\"position\":3,\"name\":\"CORPUS &#8211; Le jeu qui fait danser\"}]},{\"@type\":\"WebSite\",\"@id\":\"https:\\\/\\\/www.booksonthemove.fr\\\/#website\",\"url\":\"https:\\\/\\\/www.booksonthemove.fr\\\/\",\"name\":\"Books on the Move\",\"description\":\"librairie nomade - danse - mouvement - performance\",\"publisher\":{\"@id\":\"https:\\\/\\\/www.booksonthemove.fr\\\/#organization\"},\"potentialAction\":[{\"@type\":\"SearchAction\",\"target\":{\"@type\":\"EntryPoint\",\"urlTemplate\":\"https:\\\/\\\/www.booksonthemove.fr\\\/?s={search_term_string}\"},\"query-input\":{\"@type\":\"PropertyValueSpecification\",\"valueRequired\":true,\"valueName\":\"search_term_string\"}}],\"inLanguage\":\"en-US\"},{\"@type\":\"Organization\",\"@id\":\"https:\\\/\\\/www.booksonthemove.fr\\\/#organization\",\"name\":\"Books on the Move\",\"url\":\"https:\\\/\\\/www.booksonthemove.fr\\\/\",\"logo\":{\"@type\":\"ImageObject\",\"inLanguage\":\"en-US\",\"@id\":\"https:\\\/\\\/www.booksonthemove.fr\\\/#\\\/schema\\\/logo\\\/image\\\/\",\"url\":\"https:\\\/\\\/www.booksonthemove.fr\\\/media\\\/logo-NB-400.jpg\",\"contentUrl\":\"https:\\\/\\\/www.booksonthemove.fr\\\/media\\\/logo-NB-400.jpg\",\"width\":400,\"height\":143,\"caption\":\"Books on the Move\"},\"image\":{\"@id\":\"https:\\\/\\\/www.booksonthemove.fr\\\/#\\\/schema\\\/logo\\\/image\\\/\"},\"sameAs\":[\"https:\\\/\\\/www.facebook.com\\\/Librairiebooksonthemove\\\/\"]}]}<\/script>\n<!-- \/ Yoast SEO plugin. -->","yoast_head_json":{"title":"CORPUS - Le jeu qui fait danser - Books on the Move","robots":{"index":"index","follow":"follow","max-snippet":"max-snippet:-1","max-image-preview":"max-image-preview:large","max-video-preview":"max-video-preview:-1"},"canonical":"https:\/\/www.booksonthemove.fr\/en\/produit\/corpus-le-jeu-qui-fait-danser\/","og_locale":"en_US","og_type":"article","og_title":"CORPUS - Le jeu qui fait danser - Books on the Move","og_description":"CONCEPTION : B\u00e9r\u00e9nice Legrand et Minus \u00e9ditions CONTRIBUTIONS : Doroth\u00e9e Lamy et Zoranne Serrano PRODUCTION : La Ruse (2021)  CONTENU DE LA BOITE : 59 cartes &amp; 1 r\u00e8gle de jeu LANGUE : Fran\u00e7ais","og_url":"https:\/\/www.booksonthemove.fr\/en\/produit\/corpus-le-jeu-qui-fait-danser\/","og_site_name":"Books on the Move","article_publisher":"https:\/\/www.facebook.com\/Librairiebooksonthemove\/","article_modified_time":"2026-03-16T09:48:10+00:00","og_image":[{"width":1469,"height":2560,"url":"https:\/\/www.booksonthemove.fr\/media\/bom_2986-scaled.jpeg","type":"image\/jpeg"}],"twitter_card":"summary_large_image","schema":{"@context":"https:\/\/schema.org","@graph":[{"@type":"WebPage","@id":"https:\/\/www.booksonthemove.fr\/en\/produit\/corpus-le-jeu-qui-fait-danser\/","url":"https:\/\/www.booksonthemove.fr\/en\/produit\/corpus-le-jeu-qui-fait-danser\/","name":"CORPUS - Le jeu qui fait danser - Books on the Move","isPartOf":{"@id":"https:\/\/www.booksonthemove.fr\/#website"},"primaryImageOfPage":{"@id":"https:\/\/www.booksonthemove.fr\/en\/produit\/corpus-le-jeu-qui-fait-danser\/#primaryimage"},"image":{"@id":"https:\/\/www.booksonthemove.fr\/en\/produit\/corpus-le-jeu-qui-fait-danser\/#primaryimage"},"thumbnailUrl":"https:\/\/www.booksonthemove.fr\/media\/bom_2986-scaled.jpeg","datePublished":"2025-06-25T09:41:13+00:00","dateModified":"2026-03-16T09:48:10+00:00","breadcrumb":{"@id":"https:\/\/www.booksonthemove.fr\/en\/produit\/corpus-le-jeu-qui-fait-danser\/#breadcrumb"},"inLanguage":"en-US","potentialAction":[{"@type":"ReadAction","target":["https:\/\/www.booksonthemove.fr\/en\/produit\/corpus-le-jeu-qui-fait-danser\/"]}]},{"@type":"ImageObject","inLanguage":"en-US","@id":"https:\/\/www.booksonthemove.fr\/en\/produit\/corpus-le-jeu-qui-fait-danser\/#primaryimage","url":"https:\/\/www.booksonthemove.fr\/media\/bom_2986-scaled.jpeg","contentUrl":"https:\/\/www.booksonthemove.fr\/media\/bom_2986-scaled.jpeg","width":1469,"height":2560},{"@type":"BreadcrumbList","@id":"https:\/\/www.booksonthemove.fr\/en\/produit\/corpus-le-jeu-qui-fait-danser\/#breadcrumb","itemListElement":[{"@type":"ListItem","position":1,"name":"Accueil","item":"https:\/\/www.booksonthemove.fr\/en\/"},{"@type":"ListItem","position":2,"name":"online store","item":"https:\/\/www.booksonthemove.fr\/en\/online-shop\/"},{"@type":"ListItem","position":3,"name":"CORPUS &#8211; Le jeu qui fait danser"}]},{"@type":"WebSite","@id":"https:\/\/www.booksonthemove.fr\/#website","url":"https:\/\/www.booksonthemove.fr\/","name":"Books on the Move","description":"librairie nomade - danse - mouvement - performance","publisher":{"@id":"https:\/\/www.booksonthemove.fr\/#organization"},"potentialAction":[{"@type":"SearchAction","target":{"@type":"EntryPoint","urlTemplate":"https:\/\/www.booksonthemove.fr\/?s={search_term_string}"},"query-input":{"@type":"PropertyValueSpecification","valueRequired":true,"valueName":"search_term_string"}}],"inLanguage":"en-US"},{"@type":"Organization","@id":"https:\/\/www.booksonthemove.fr\/#organization","name":"Books on the Move","url":"https:\/\/www.booksonthemove.fr\/","logo":{"@type":"ImageObject","inLanguage":"en-US","@id":"https:\/\/www.booksonthemove.fr\/#\/schema\/logo\/image\/","url":"https:\/\/www.booksonthemove.fr\/media\/logo-NB-400.jpg","contentUrl":"https:\/\/www.booksonthemove.fr\/media\/logo-NB-400.jpg","width":400,"height":143,"caption":"Books on the Move"},"image":{"@id":"https:\/\/www.booksonthemove.fr\/#\/schema\/logo\/image\/"},"sameAs":["https:\/\/www.facebook.com\/Librairiebooksonthemove\/"]}]}},"_links":{"self":[{"href":"https:\/\/www.booksonthemove.fr\/en\/wp-json\/wp\/v2\/product\/45744","targetHints":{"allow":["GET"]}}],"collection":[{"href":"https:\/\/www.booksonthemove.fr\/en\/wp-json\/wp\/v2\/product"}],"about":[{"href":"https:\/\/www.booksonthemove.fr\/en\/wp-json\/wp\/v2\/types\/product"}],"wp:featuredmedia":[{"embeddable":true,"href":"https:\/\/www.booksonthemove.fr\/en\/wp-json\/wp\/v2\/media\/45739"}],"wp:attachment":[{"href":"https:\/\/www.booksonthemove.fr\/en\/wp-json\/wp\/v2\/media?parent=45744"}],"wp:term":[{"taxonomy":"product_brand","embeddable":true,"href":"https:\/\/www.booksonthemove.fr\/en\/wp-json\/wp\/v2\/product_brand?post=45744"},{"taxonomy":"product_cat","embeddable":true,"href":"https:\/\/www.booksonthemove.fr\/en\/wp-json\/wp\/v2\/product_cat?post=45744"},{"taxonomy":"product_tag","embeddable":true,"href":"https:\/\/www.booksonthemove.fr\/en\/wp-json\/wp\/v2\/product_tag?post=45744"}],"curies":[{"name":"wp","href":"https:\/\/api.w.org\/{rel}","templated":true}]}}