{"id":45785,"date":"2025-09-15T16:59:57","date_gmt":"2025-09-15T14:59:57","guid":{"rendered":"https:\/\/www.booksonthemove.fr\/produit\/jeux-sonores-games-sound\/"},"modified":"2025-09-19T16:01:05","modified_gmt":"2025-09-19T14:01:05","slug":"jeux-sonores-games-sound","status":"publish","type":"product","link":"https:\/\/www.booksonthemove.fr\/en\/produit\/jeux-sonores-games-sound\/","title":{"rendered":"Jeux Sonores \/ Games Sound"},"content":{"rendered":"<div class=\"accroche\">Six jeux sonores \u00e0 faire chez soi ou sur sc\u00e8ne m\u00eame sans expertise musicale ! (un projet du collectif Jeux Sonores, initi\u00e9 en 2021 par S\u00e9bastien Roux, qui rassemble cinq personnes aux pratiques et parcours vari\u00e9s, \u00e0 l&#8217;intersection des arts sonores, de la m\u00e9diation musicale et de la recherche scientifique).<\/div>\n<div class=\"citation\"><em>Jeux sonores<\/em> est un ouvrage tout public. Ces pi\u00e8ces sonores sont constitu\u00e9es de protocoles ludiques qui s&#8217;apparentent aux jeux de soci\u00e9t\u00e9. Chacune de ces pi\u00e8ces utilise le son comme medium. Elles contiennent des objectifs, des r\u00e8gles et leurs conditions de victoire.\u00a0 Faites preuve d&#8217;attention et de strat\u00e9gie pour remporter la partie. Les six jeux rassembl\u00e9s ici alternent jeux comp\u00e9titifs et jeux collaboratifs, jeux de m\u00e9moire et jeux d&#8217;\u00e9coute, jeux vocaux et jeux instrumentaux \u2013 mobilisant des objets du quotidien faciles \u00e0 trouver et simples d&#8217;utilisation. \u00c0 jouer \u00e0 plusieurs : de 2 \u00e0 21 personnes (selon les jeux).<\/div>\n<div><\/div>\n<div>******<\/div>\n<div><\/div>\n<div>\n<div class=\"accroche\">Six sound games to play at home or on stage, even without musical expertise! (a project by the Jeux Sonores collective, initiated in 2021 by S\u00e9bastien Roux, which brings together five people with a variety of practices and backgrounds, at the intersection of the sound arts, musical mediation and scientific research).<\/div>\n<div class=\"citation\">These sound pieces are made up of playful protocols akin to board games. Each piece uses sound as a medium. They contain objectives, rules and victory conditions. Be careful and strategic to win the game. The six games in this collection alternate between competitive and collaborative games, memory games and listening games, vocal games and instrumental games\u2014using everyday objects that are easy to find and simple to use. Multiplayer: from 2 to 21 people (depending on the game).<\/div>\n<\/div>\n<div><\/div>\n<div>******<\/div>\n<div><\/div>\n<div>Contributions: Diane Blondeau, Cl\u00e9ment Canonne, Cl\u00e9ment Lebrun, S\u00e9bastien Roux, Aymeric Stamm.<\/div>\n","protected":false},"excerpt":{"rendered":"<p><b>AUTEURE\/AUTHOR : <\/b>Edit\u00e9 par\/by Garance Dor<br \/>\n<b>EDITEUR\/PUBLISHER : <\/b>les \u00e9ditions Vroum (2025)<\/p>\n<p><strong>BROCH\u00c9 \/ PAPERBACK :<\/strong> 84 pages<br \/>\n<b>LANGUES\/LANGUAGES : <\/b>Fran\u00e7ais\/Anglais, English\/French<br \/>\n<strong>ISBN13 :<\/strong> 978-2-493008-18-3<\/p>\n","protected":false},"featured_media":45784,"template":"","meta":[],"product_brand":[],"product_cat":[135,162,751,200,243],"product_tag":[],"class_list":{"0":"post-45785","1":"product","2":"type-product","3":"status-publish","4":"has-post-thumbnail","6":"product_cat-english-en","7":"product_cat-french-en","8":"product_cat-jeux-en","9":"product_cat-music-en","10":"product_cat-scores-en","12":"first","13":"instock","14":"taxable","15":"shipping-taxable","16":"purchasable","17":"product-type-simple"},"yoast_head":"<!-- This site is optimized with the Yoast SEO plugin v27.4 - https:\/\/yoast.com\/product\/yoast-seo-wordpress\/ -->\n<title>Jeux Sonores \/ Games Sound - Books on the Move<\/title>\n<meta name=\"robots\" content=\"index, follow, max-snippet:-1, max-image-preview:large, max-video-preview:-1\" \/>\n<link rel=\"canonical\" href=\"https:\/\/www.booksonthemove.fr\/en\/produit\/jeux-sonores-games-sound\/\" \/>\n<meta property=\"og:locale\" content=\"en_US\" \/>\n<meta property=\"og:type\" content=\"article\" \/>\n<meta property=\"og:title\" content=\"Jeux Sonores \/ Games Sound - Books on the Move\" \/>\n<meta property=\"og:description\" content=\"AUTEURE\/AUTHOR : Edit\u00e9 par\/by Garance Dor EDITEUR\/PUBLISHER : les \u00e9ditions Vroum (2025)  BROCH\u00c9 \/ PAPERBACK : 84 pages LANGUES\/LANGUAGES : Fran\u00e7ais\/Anglais, English\/French ISBN13 : 978-2-493008-18-3\" \/>\n<meta property=\"og:url\" content=\"https:\/\/www.booksonthemove.fr\/en\/produit\/jeux-sonores-games-sound\/\" \/>\n<meta property=\"og:site_name\" content=\"Books on the Move\" \/>\n<meta property=\"article:publisher\" content=\"https:\/\/www.facebook.com\/Librairiebooksonthemove\/\" \/>\n<meta property=\"article:modified_time\" content=\"2025-09-19T14:01:05+00:00\" \/>\n<meta property=\"og:image\" content=\"https:\/\/www.booksonthemove.fr\/media\/bom_2989.jpg\" \/>\n\t<meta property=\"og:image:width\" content=\"1142\" \/>\n\t<meta property=\"og:image:height\" content=\"2218\" \/>\n\t<meta property=\"og:image:type\" content=\"image\/jpeg\" \/>\n<meta name=\"twitter:card\" content=\"summary_large_image\" \/>\n<script type=\"application\/ld+json\" class=\"yoast-schema-graph\">{\"@context\":\"https:\\\/\\\/schema.org\",\"@graph\":[{\"@type\":\"WebPage\",\"@id\":\"https:\\\/\\\/www.booksonthemove.fr\\\/en\\\/produit\\\/jeux-sonores-games-sound\\\/\",\"url\":\"https:\\\/\\\/www.booksonthemove.fr\\\/en\\\/produit\\\/jeux-sonores-games-sound\\\/\",\"name\":\"Jeux Sonores \\\/ Games Sound - Books on the Move\",\"isPartOf\":{\"@id\":\"https:\\\/\\\/www.booksonthemove.fr\\\/#website\"},\"primaryImageOfPage\":{\"@id\":\"https:\\\/\\\/www.booksonthemove.fr\\\/en\\\/produit\\\/jeux-sonores-games-sound\\\/#primaryimage\"},\"image\":{\"@id\":\"https:\\\/\\\/www.booksonthemove.fr\\\/en\\\/produit\\\/jeux-sonores-games-sound\\\/#primaryimage\"},\"thumbnailUrl\":\"https:\\\/\\\/www.booksonthemove.fr\\\/media\\\/bom_2989.jpg\",\"datePublished\":\"2025-09-15T14:59:57+00:00\",\"dateModified\":\"2025-09-19T14:01:05+00:00\",\"breadcrumb\":{\"@id\":\"https:\\\/\\\/www.booksonthemove.fr\\\/en\\\/produit\\\/jeux-sonores-games-sound\\\/#breadcrumb\"},\"inLanguage\":\"en-US\",\"potentialAction\":[{\"@type\":\"ReadAction\",\"target\":[\"https:\\\/\\\/www.booksonthemove.fr\\\/en\\\/produit\\\/jeux-sonores-games-sound\\\/\"]}]},{\"@type\":\"ImageObject\",\"inLanguage\":\"en-US\",\"@id\":\"https:\\\/\\\/www.booksonthemove.fr\\\/en\\\/produit\\\/jeux-sonores-games-sound\\\/#primaryimage\",\"url\":\"https:\\\/\\\/www.booksonthemove.fr\\\/media\\\/bom_2989.jpg\",\"contentUrl\":\"https:\\\/\\\/www.booksonthemove.fr\\\/media\\\/bom_2989.jpg\",\"width\":1142,\"height\":2218},{\"@type\":\"BreadcrumbList\",\"@id\":\"https:\\\/\\\/www.booksonthemove.fr\\\/en\\\/produit\\\/jeux-sonores-games-sound\\\/#breadcrumb\",\"itemListElement\":[{\"@type\":\"ListItem\",\"position\":1,\"name\":\"Accueil\",\"item\":\"https:\\\/\\\/www.booksonthemove.fr\\\/en\\\/\"},{\"@type\":\"ListItem\",\"position\":2,\"name\":\"online store\",\"item\":\"https:\\\/\\\/www.booksonthemove.fr\\\/en\\\/online-shop\\\/\"},{\"@type\":\"ListItem\",\"position\":3,\"name\":\"Jeux Sonores \\\/ Games Sound\"}]},{\"@type\":\"WebSite\",\"@id\":\"https:\\\/\\\/www.booksonthemove.fr\\\/#website\",\"url\":\"https:\\\/\\\/www.booksonthemove.fr\\\/\",\"name\":\"Books on the Move\",\"description\":\"librairie nomade - danse - mouvement - performance\",\"publisher\":{\"@id\":\"https:\\\/\\\/www.booksonthemove.fr\\\/#organization\"},\"potentialAction\":[{\"@type\":\"SearchAction\",\"target\":{\"@type\":\"EntryPoint\",\"urlTemplate\":\"https:\\\/\\\/www.booksonthemove.fr\\\/?s={search_term_string}\"},\"query-input\":{\"@type\":\"PropertyValueSpecification\",\"valueRequired\":true,\"valueName\":\"search_term_string\"}}],\"inLanguage\":\"en-US\"},{\"@type\":\"Organization\",\"@id\":\"https:\\\/\\\/www.booksonthemove.fr\\\/#organization\",\"name\":\"Books on the Move\",\"url\":\"https:\\\/\\\/www.booksonthemove.fr\\\/\",\"logo\":{\"@type\":\"ImageObject\",\"inLanguage\":\"en-US\",\"@id\":\"https:\\\/\\\/www.booksonthemove.fr\\\/#\\\/schema\\\/logo\\\/image\\\/\",\"url\":\"https:\\\/\\\/www.booksonthemove.fr\\\/media\\\/logo-NB-400.jpg\",\"contentUrl\":\"https:\\\/\\\/www.booksonthemove.fr\\\/media\\\/logo-NB-400.jpg\",\"width\":400,\"height\":143,\"caption\":\"Books on the Move\"},\"image\":{\"@id\":\"https:\\\/\\\/www.booksonthemove.fr\\\/#\\\/schema\\\/logo\\\/image\\\/\"},\"sameAs\":[\"https:\\\/\\\/www.facebook.com\\\/Librairiebooksonthemove\\\/\"]}]}<\/script>\n<!-- \/ Yoast SEO plugin. -->","yoast_head_json":{"title":"Jeux Sonores \/ Games Sound - Books on the Move","robots":{"index":"index","follow":"follow","max-snippet":"max-snippet:-1","max-image-preview":"max-image-preview:large","max-video-preview":"max-video-preview:-1"},"canonical":"https:\/\/www.booksonthemove.fr\/en\/produit\/jeux-sonores-games-sound\/","og_locale":"en_US","og_type":"article","og_title":"Jeux Sonores \/ Games Sound - Books on the Move","og_description":"AUTEURE\/AUTHOR : Edit\u00e9 par\/by Garance Dor EDITEUR\/PUBLISHER : les \u00e9ditions Vroum (2025)  BROCH\u00c9 \/ PAPERBACK : 84 pages LANGUES\/LANGUAGES : Fran\u00e7ais\/Anglais, English\/French ISBN13 : 978-2-493008-18-3","og_url":"https:\/\/www.booksonthemove.fr\/en\/produit\/jeux-sonores-games-sound\/","og_site_name":"Books on the Move","article_publisher":"https:\/\/www.facebook.com\/Librairiebooksonthemove\/","article_modified_time":"2025-09-19T14:01:05+00:00","og_image":[{"width":1142,"height":2218,"url":"https:\/\/www.booksonthemove.fr\/media\/bom_2989.jpg","type":"image\/jpeg"}],"twitter_card":"summary_large_image","schema":{"@context":"https:\/\/schema.org","@graph":[{"@type":"WebPage","@id":"https:\/\/www.booksonthemove.fr\/en\/produit\/jeux-sonores-games-sound\/","url":"https:\/\/www.booksonthemove.fr\/en\/produit\/jeux-sonores-games-sound\/","name":"Jeux Sonores \/ Games Sound - Books on the Move","isPartOf":{"@id":"https:\/\/www.booksonthemove.fr\/#website"},"primaryImageOfPage":{"@id":"https:\/\/www.booksonthemove.fr\/en\/produit\/jeux-sonores-games-sound\/#primaryimage"},"image":{"@id":"https:\/\/www.booksonthemove.fr\/en\/produit\/jeux-sonores-games-sound\/#primaryimage"},"thumbnailUrl":"https:\/\/www.booksonthemove.fr\/media\/bom_2989.jpg","datePublished":"2025-09-15T14:59:57+00:00","dateModified":"2025-09-19T14:01:05+00:00","breadcrumb":{"@id":"https:\/\/www.booksonthemove.fr\/en\/produit\/jeux-sonores-games-sound\/#breadcrumb"},"inLanguage":"en-US","potentialAction":[{"@type":"ReadAction","target":["https:\/\/www.booksonthemove.fr\/en\/produit\/jeux-sonores-games-sound\/"]}]},{"@type":"ImageObject","inLanguage":"en-US","@id":"https:\/\/www.booksonthemove.fr\/en\/produit\/jeux-sonores-games-sound\/#primaryimage","url":"https:\/\/www.booksonthemove.fr\/media\/bom_2989.jpg","contentUrl":"https:\/\/www.booksonthemove.fr\/media\/bom_2989.jpg","width":1142,"height":2218},{"@type":"BreadcrumbList","@id":"https:\/\/www.booksonthemove.fr\/en\/produit\/jeux-sonores-games-sound\/#breadcrumb","itemListElement":[{"@type":"ListItem","position":1,"name":"Accueil","item":"https:\/\/www.booksonthemove.fr\/en\/"},{"@type":"ListItem","position":2,"name":"online store","item":"https:\/\/www.booksonthemove.fr\/en\/online-shop\/"},{"@type":"ListItem","position":3,"name":"Jeux Sonores \/ Games Sound"}]},{"@type":"WebSite","@id":"https:\/\/www.booksonthemove.fr\/#website","url":"https:\/\/www.booksonthemove.fr\/","name":"Books on the Move","description":"librairie nomade - danse - mouvement - performance","publisher":{"@id":"https:\/\/www.booksonthemove.fr\/#organization"},"potentialAction":[{"@type":"SearchAction","target":{"@type":"EntryPoint","urlTemplate":"https:\/\/www.booksonthemove.fr\/?s={search_term_string}"},"query-input":{"@type":"PropertyValueSpecification","valueRequired":true,"valueName":"search_term_string"}}],"inLanguage":"en-US"},{"@type":"Organization","@id":"https:\/\/www.booksonthemove.fr\/#organization","name":"Books on the Move","url":"https:\/\/www.booksonthemove.fr\/","logo":{"@type":"ImageObject","inLanguage":"en-US","@id":"https:\/\/www.booksonthemove.fr\/#\/schema\/logo\/image\/","url":"https:\/\/www.booksonthemove.fr\/media\/logo-NB-400.jpg","contentUrl":"https:\/\/www.booksonthemove.fr\/media\/logo-NB-400.jpg","width":400,"height":143,"caption":"Books on the Move"},"image":{"@id":"https:\/\/www.booksonthemove.fr\/#\/schema\/logo\/image\/"},"sameAs":["https:\/\/www.facebook.com\/Librairiebooksonthemove\/"]}]}},"_links":{"self":[{"href":"https:\/\/www.booksonthemove.fr\/en\/wp-json\/wp\/v2\/product\/45785","targetHints":{"allow":["GET"]}}],"collection":[{"href":"https:\/\/www.booksonthemove.fr\/en\/wp-json\/wp\/v2\/product"}],"about":[{"href":"https:\/\/www.booksonthemove.fr\/en\/wp-json\/wp\/v2\/types\/product"}],"wp:featuredmedia":[{"embeddable":true,"href":"https:\/\/www.booksonthemove.fr\/en\/wp-json\/wp\/v2\/media\/45784"}],"wp:attachment":[{"href":"https:\/\/www.booksonthemove.fr\/en\/wp-json\/wp\/v2\/media?parent=45785"}],"wp:term":[{"taxonomy":"product_brand","embeddable":true,"href":"https:\/\/www.booksonthemove.fr\/en\/wp-json\/wp\/v2\/product_brand?post=45785"},{"taxonomy":"product_cat","embeddable":true,"href":"https:\/\/www.booksonthemove.fr\/en\/wp-json\/wp\/v2\/product_cat?post=45785"},{"taxonomy":"product_tag","embeddable":true,"href":"https:\/\/www.booksonthemove.fr\/en\/wp-json\/wp\/v2\/product_tag?post=45785"}],"curies":[{"name":"wp","href":"https:\/\/api.w.org\/{rel}","templated":true}]}}