{"id":45800,"date":"2025-09-15T17:07:32","date_gmt":"2025-09-15T15:07:32","guid":{"rendered":"https:\/\/www.booksonthemove.fr\/produit\/p-l-s-le-magazine-du-palais-de-tokyo-n-39\/"},"modified":"2025-09-19T16:01:19","modified_gmt":"2025-09-19T14:01:19","slug":"p-l-s-le-magazine-du-palais-de-tokyo-n-39","status":"publish","type":"product","link":"https:\/\/www.booksonthemove.fr\/en\/produit\/p-l-s-le-magazine-du-palais-de-tokyo-n-39\/","title":{"rendered":"P L  S \u2013 Le magazine du Palais de Tokyo n\u00b0 39"},"content":{"rendered":"<div class=\"accroche\">Le num\u00e9ro\u00a039 du magazine du Palais de Tokyo nous entra\u00eene dans des dynamiques de groupe propices \u00e0 l&#8217;exp\u00e9rience et l&#8217;apprentissage de la joie. \u00c0\u00a0travers des d\u00e9marches festives, cr\u00e9atives et sociales, ce\u00a0num\u00e9ro met en lumi\u00e8re le r\u00f4le des pratiques socioculturelles, p\u00e9dagogiques et collectives dans l&#8217;histoire de l&#8217;art. Il\u00a0permet en particulier d&#8217;interroger la notion de participation dans la cr\u00e9ation. Chaque\u00a0contribution nous invite \u00e0 percevoir la port\u00e9e toujours plus grande de la joie collective\u2009; une\u00a0joie qui renvoie \u00e0 notre capacit\u00e9 \u00e0 affecter et \u00e0 \u00eatre affect\u00e9\u00b7es, \u00e0 agir et \u00e0 \u00eatre transform\u00e9\u00b7e, \u00e0\u00a0prendre activement part \u00e0 une\u00a0expansion du pouvoir collectif, rendant possible l&#8217;\u00e9mergence de nouvelles pratiques et de nouveaux mondes.<\/div>\n<div>******<\/div>\n<div>Issue 39 of the magazine of the Palais de Tokyo takes us into group dynamics conducive to the experience and learning of joy. Through festive, creative, and social endeavours, this\u00a0issue highlights the role of sociocultural, educational and collective practices in art history. It\u00a0particularly invites us to reflect on the notion of participation in creation. Each\u00a0contribution encourages us to perceive the ever-growing scope of collective joy\u2014a\u00a0joy that has to do with our capacity to affect and be affected, to act and to be transformed, and to actively take part in an expansion of collective power that makes new practices and new worlds possible.<\/div>\n<div>******<\/div>\n<div class=\"citation\">Contributions : d&#8217;Eva Barois De Caevel, Carla Bergman &amp; Nick Montgomery, Le\u00efla Bergougnoux &amp; Am\u00e9lie Fontaine, Les Cousines, William Drummond, Barbara Ehrenreich, Kiy\u00e9mis, Dimitri Milbrun, C\u00e9line Poulin, Marie Preston &amp; Katia Schneller, RESOLVE Collective.<\/div>\n","protected":false},"excerpt":{"rendered":"<p><strong><b>AUTEUR\u00b7ES\/AUTHOR\u00b7S<\/b>\u00a0:<\/strong> ouvrage collectif sour la direction de Guillaume D\u00e9sanges<br \/>\n<b>EDITEUR\/PUBLISHER :<\/b> Palais de Tokyo (2025)<\/p>\n<p><strong>BROCH\u00c9 \/ PAPERBACK :<\/strong> 112 pages<br \/>\n<b>LANGUES\/LANGUAGES : <\/b>Fran\u00e7ais\/Anglais, English\/French<br \/>\n<strong>ISBN13 :<\/strong> 978-2-84711-150-7<\/p>\n","protected":false},"featured_media":45799,"template":"","meta":[],"product_brand":[],"product_cat":[135,225,162,211],"product_tag":[],"class_list":{"0":"post-45800","1":"product","2":"type-product","3":"status-publish","4":"has-post-thumbnail","6":"product_cat-english-en","7":"product_cat-exhibitions-catalogues-en","8":"product_cat-french-en","9":"product_cat-magazines-en","11":"first","12":"instock","13":"taxable","14":"shipping-taxable","15":"purchasable","16":"product-type-simple"},"yoast_head":"<!-- This site is optimized with the Yoast SEO plugin v27.4 - https:\/\/yoast.com\/product\/yoast-seo-wordpress\/ -->\n<title>P L S \u2013 Le magazine du Palais de Tokyo n\u00b0 39 - Books on the Move<\/title>\n<meta name=\"robots\" content=\"index, follow, max-snippet:-1, max-image-preview:large, max-video-preview:-1\" \/>\n<link rel=\"canonical\" href=\"https:\/\/www.booksonthemove.fr\/en\/produit\/p-l-s-le-magazine-du-palais-de-tokyo-n-39\/\" \/>\n<meta property=\"og:locale\" content=\"en_US\" \/>\n<meta property=\"og:type\" content=\"article\" \/>\n<meta property=\"og:title\" content=\"P L S \u2013 Le magazine du Palais de Tokyo n\u00b0 39 - Books on the Move\" \/>\n<meta property=\"og:description\" content=\"AUTEUR\u00b7ES\/AUTHOR\u00b7S\u00a0: ouvrage collectif sour la direction de Guillaume D\u00e9sanges EDITEUR\/PUBLISHER : Palais de Tokyo (2025)  BROCH\u00c9 \/ PAPERBACK : 112 pages LANGUES\/LANGUAGES : Fran\u00e7ais\/Anglais, English\/French ISBN13 : 978-2-84711-150-7\" \/>\n<meta property=\"og:url\" content=\"https:\/\/www.booksonthemove.fr\/en\/produit\/p-l-s-le-magazine-du-palais-de-tokyo-n-39\/\" \/>\n<meta property=\"og:site_name\" content=\"Books on the Move\" \/>\n<meta property=\"article:publisher\" content=\"https:\/\/www.facebook.com\/Librairiebooksonthemove\/\" \/>\n<meta property=\"article:modified_time\" content=\"2025-09-19T14:01:19+00:00\" \/>\n<meta property=\"og:image\" content=\"https:\/\/www.booksonthemove.fr\/media\/bom_2982.jpg\" \/>\n\t<meta property=\"og:image:width\" content=\"1653\" \/>\n\t<meta property=\"og:image:height\" content=\"2205\" \/>\n\t<meta property=\"og:image:type\" content=\"image\/jpeg\" \/>\n<meta name=\"twitter:card\" content=\"summary_large_image\" \/>\n<script type=\"application\/ld+json\" class=\"yoast-schema-graph\">{\"@context\":\"https:\\\/\\\/schema.org\",\"@graph\":[{\"@type\":\"WebPage\",\"@id\":\"https:\\\/\\\/www.booksonthemove.fr\\\/en\\\/produit\\\/p-l-s-le-magazine-du-palais-de-tokyo-n-39\\\/\",\"url\":\"https:\\\/\\\/www.booksonthemove.fr\\\/en\\\/produit\\\/p-l-s-le-magazine-du-palais-de-tokyo-n-39\\\/\",\"name\":\"P L S \u2013 Le magazine du Palais de Tokyo n\u00b0 39 - Books on the Move\",\"isPartOf\":{\"@id\":\"https:\\\/\\\/www.booksonthemove.fr\\\/#website\"},\"primaryImageOfPage\":{\"@id\":\"https:\\\/\\\/www.booksonthemove.fr\\\/en\\\/produit\\\/p-l-s-le-magazine-du-palais-de-tokyo-n-39\\\/#primaryimage\"},\"image\":{\"@id\":\"https:\\\/\\\/www.booksonthemove.fr\\\/en\\\/produit\\\/p-l-s-le-magazine-du-palais-de-tokyo-n-39\\\/#primaryimage\"},\"thumbnailUrl\":\"https:\\\/\\\/www.booksonthemove.fr\\\/media\\\/bom_2982.jpg\",\"datePublished\":\"2025-09-15T15:07:32+00:00\",\"dateModified\":\"2025-09-19T14:01:19+00:00\",\"breadcrumb\":{\"@id\":\"https:\\\/\\\/www.booksonthemove.fr\\\/en\\\/produit\\\/p-l-s-le-magazine-du-palais-de-tokyo-n-39\\\/#breadcrumb\"},\"inLanguage\":\"en-US\",\"potentialAction\":[{\"@type\":\"ReadAction\",\"target\":[\"https:\\\/\\\/www.booksonthemove.fr\\\/en\\\/produit\\\/p-l-s-le-magazine-du-palais-de-tokyo-n-39\\\/\"]}]},{\"@type\":\"ImageObject\",\"inLanguage\":\"en-US\",\"@id\":\"https:\\\/\\\/www.booksonthemove.fr\\\/en\\\/produit\\\/p-l-s-le-magazine-du-palais-de-tokyo-n-39\\\/#primaryimage\",\"url\":\"https:\\\/\\\/www.booksonthemove.fr\\\/media\\\/bom_2982.jpg\",\"contentUrl\":\"https:\\\/\\\/www.booksonthemove.fr\\\/media\\\/bom_2982.jpg\",\"width\":1653,\"height\":2205},{\"@type\":\"BreadcrumbList\",\"@id\":\"https:\\\/\\\/www.booksonthemove.fr\\\/en\\\/produit\\\/p-l-s-le-magazine-du-palais-de-tokyo-n-39\\\/#breadcrumb\",\"itemListElement\":[{\"@type\":\"ListItem\",\"position\":1,\"name\":\"Accueil\",\"item\":\"https:\\\/\\\/www.booksonthemove.fr\\\/en\\\/\"},{\"@type\":\"ListItem\",\"position\":2,\"name\":\"online store\",\"item\":\"https:\\\/\\\/www.booksonthemove.fr\\\/en\\\/online-shop\\\/\"},{\"@type\":\"ListItem\",\"position\":3,\"name\":\"P L S \u2013 Le magazine du Palais de Tokyo n\u00b0 39\"}]},{\"@type\":\"WebSite\",\"@id\":\"https:\\\/\\\/www.booksonthemove.fr\\\/#website\",\"url\":\"https:\\\/\\\/www.booksonthemove.fr\\\/\",\"name\":\"Books on the Move\",\"description\":\"librairie nomade - danse - mouvement - performance\",\"publisher\":{\"@id\":\"https:\\\/\\\/www.booksonthemove.fr\\\/#organization\"},\"potentialAction\":[{\"@type\":\"SearchAction\",\"target\":{\"@type\":\"EntryPoint\",\"urlTemplate\":\"https:\\\/\\\/www.booksonthemove.fr\\\/?s={search_term_string}\"},\"query-input\":{\"@type\":\"PropertyValueSpecification\",\"valueRequired\":true,\"valueName\":\"search_term_string\"}}],\"inLanguage\":\"en-US\"},{\"@type\":\"Organization\",\"@id\":\"https:\\\/\\\/www.booksonthemove.fr\\\/#organization\",\"name\":\"Books on the Move\",\"url\":\"https:\\\/\\\/www.booksonthemove.fr\\\/\",\"logo\":{\"@type\":\"ImageObject\",\"inLanguage\":\"en-US\",\"@id\":\"https:\\\/\\\/www.booksonthemove.fr\\\/#\\\/schema\\\/logo\\\/image\\\/\",\"url\":\"https:\\\/\\\/www.booksonthemove.fr\\\/media\\\/logo-NB-400.jpg\",\"contentUrl\":\"https:\\\/\\\/www.booksonthemove.fr\\\/media\\\/logo-NB-400.jpg\",\"width\":400,\"height\":143,\"caption\":\"Books on the Move\"},\"image\":{\"@id\":\"https:\\\/\\\/www.booksonthemove.fr\\\/#\\\/schema\\\/logo\\\/image\\\/\"},\"sameAs\":[\"https:\\\/\\\/www.facebook.com\\\/Librairiebooksonthemove\\\/\"]}]}<\/script>\n<!-- \/ Yoast SEO plugin. -->","yoast_head_json":{"title":"P L S \u2013 Le magazine du Palais de Tokyo n\u00b0 39 - Books on the Move","robots":{"index":"index","follow":"follow","max-snippet":"max-snippet:-1","max-image-preview":"max-image-preview:large","max-video-preview":"max-video-preview:-1"},"canonical":"https:\/\/www.booksonthemove.fr\/en\/produit\/p-l-s-le-magazine-du-palais-de-tokyo-n-39\/","og_locale":"en_US","og_type":"article","og_title":"P L S \u2013 Le magazine du Palais de Tokyo n\u00b0 39 - Books on the Move","og_description":"AUTEUR\u00b7ES\/AUTHOR\u00b7S\u00a0: ouvrage collectif sour la direction de Guillaume D\u00e9sanges EDITEUR\/PUBLISHER : Palais de Tokyo (2025)  BROCH\u00c9 \/ PAPERBACK : 112 pages LANGUES\/LANGUAGES : Fran\u00e7ais\/Anglais, English\/French ISBN13 : 978-2-84711-150-7","og_url":"https:\/\/www.booksonthemove.fr\/en\/produit\/p-l-s-le-magazine-du-palais-de-tokyo-n-39\/","og_site_name":"Books on the Move","article_publisher":"https:\/\/www.facebook.com\/Librairiebooksonthemove\/","article_modified_time":"2025-09-19T14:01:19+00:00","og_image":[{"width":1653,"height":2205,"url":"https:\/\/www.booksonthemove.fr\/media\/bom_2982.jpg","type":"image\/jpeg"}],"twitter_card":"summary_large_image","schema":{"@context":"https:\/\/schema.org","@graph":[{"@type":"WebPage","@id":"https:\/\/www.booksonthemove.fr\/en\/produit\/p-l-s-le-magazine-du-palais-de-tokyo-n-39\/","url":"https:\/\/www.booksonthemove.fr\/en\/produit\/p-l-s-le-magazine-du-palais-de-tokyo-n-39\/","name":"P L S \u2013 Le magazine du Palais de Tokyo n\u00b0 39 - Books on the Move","isPartOf":{"@id":"https:\/\/www.booksonthemove.fr\/#website"},"primaryImageOfPage":{"@id":"https:\/\/www.booksonthemove.fr\/en\/produit\/p-l-s-le-magazine-du-palais-de-tokyo-n-39\/#primaryimage"},"image":{"@id":"https:\/\/www.booksonthemove.fr\/en\/produit\/p-l-s-le-magazine-du-palais-de-tokyo-n-39\/#primaryimage"},"thumbnailUrl":"https:\/\/www.booksonthemove.fr\/media\/bom_2982.jpg","datePublished":"2025-09-15T15:07:32+00:00","dateModified":"2025-09-19T14:01:19+00:00","breadcrumb":{"@id":"https:\/\/www.booksonthemove.fr\/en\/produit\/p-l-s-le-magazine-du-palais-de-tokyo-n-39\/#breadcrumb"},"inLanguage":"en-US","potentialAction":[{"@type":"ReadAction","target":["https:\/\/www.booksonthemove.fr\/en\/produit\/p-l-s-le-magazine-du-palais-de-tokyo-n-39\/"]}]},{"@type":"ImageObject","inLanguage":"en-US","@id":"https:\/\/www.booksonthemove.fr\/en\/produit\/p-l-s-le-magazine-du-palais-de-tokyo-n-39\/#primaryimage","url":"https:\/\/www.booksonthemove.fr\/media\/bom_2982.jpg","contentUrl":"https:\/\/www.booksonthemove.fr\/media\/bom_2982.jpg","width":1653,"height":2205},{"@type":"BreadcrumbList","@id":"https:\/\/www.booksonthemove.fr\/en\/produit\/p-l-s-le-magazine-du-palais-de-tokyo-n-39\/#breadcrumb","itemListElement":[{"@type":"ListItem","position":1,"name":"Accueil","item":"https:\/\/www.booksonthemove.fr\/en\/"},{"@type":"ListItem","position":2,"name":"online store","item":"https:\/\/www.booksonthemove.fr\/en\/online-shop\/"},{"@type":"ListItem","position":3,"name":"P L S \u2013 Le magazine du Palais de Tokyo n\u00b0 39"}]},{"@type":"WebSite","@id":"https:\/\/www.booksonthemove.fr\/#website","url":"https:\/\/www.booksonthemove.fr\/","name":"Books on the Move","description":"librairie nomade - danse - mouvement - performance","publisher":{"@id":"https:\/\/www.booksonthemove.fr\/#organization"},"potentialAction":[{"@type":"SearchAction","target":{"@type":"EntryPoint","urlTemplate":"https:\/\/www.booksonthemove.fr\/?s={search_term_string}"},"query-input":{"@type":"PropertyValueSpecification","valueRequired":true,"valueName":"search_term_string"}}],"inLanguage":"en-US"},{"@type":"Organization","@id":"https:\/\/www.booksonthemove.fr\/#organization","name":"Books on the Move","url":"https:\/\/www.booksonthemove.fr\/","logo":{"@type":"ImageObject","inLanguage":"en-US","@id":"https:\/\/www.booksonthemove.fr\/#\/schema\/logo\/image\/","url":"https:\/\/www.booksonthemove.fr\/media\/logo-NB-400.jpg","contentUrl":"https:\/\/www.booksonthemove.fr\/media\/logo-NB-400.jpg","width":400,"height":143,"caption":"Books on the Move"},"image":{"@id":"https:\/\/www.booksonthemove.fr\/#\/schema\/logo\/image\/"},"sameAs":["https:\/\/www.facebook.com\/Librairiebooksonthemove\/"]}]}},"_links":{"self":[{"href":"https:\/\/www.booksonthemove.fr\/en\/wp-json\/wp\/v2\/product\/45800","targetHints":{"allow":["GET"]}}],"collection":[{"href":"https:\/\/www.booksonthemove.fr\/en\/wp-json\/wp\/v2\/product"}],"about":[{"href":"https:\/\/www.booksonthemove.fr\/en\/wp-json\/wp\/v2\/types\/product"}],"wp:featuredmedia":[{"embeddable":true,"href":"https:\/\/www.booksonthemove.fr\/en\/wp-json\/wp\/v2\/media\/45799"}],"wp:attachment":[{"href":"https:\/\/www.booksonthemove.fr\/en\/wp-json\/wp\/v2\/media?parent=45800"}],"wp:term":[{"taxonomy":"product_brand","embeddable":true,"href":"https:\/\/www.booksonthemove.fr\/en\/wp-json\/wp\/v2\/product_brand?post=45800"},{"taxonomy":"product_cat","embeddable":true,"href":"https:\/\/www.booksonthemove.fr\/en\/wp-json\/wp\/v2\/product_cat?post=45800"},{"taxonomy":"product_tag","embeddable":true,"href":"https:\/\/www.booksonthemove.fr\/en\/wp-json\/wp\/v2\/product_tag?post=45800"}],"curies":[{"name":"wp","href":"https:\/\/api.w.org\/{rel}","templated":true}]}}