{"id":45856,"date":"2025-09-21T15:46:15","date_gmt":"2025-09-21T13:46:15","guid":{"rendered":"https:\/\/www.booksonthemove.fr\/produit\/les-sentiers-de-lutopie\/"},"modified":"2025-12-10T09:33:01","modified_gmt":"2025-12-10T08:33:01","slug":"les-sentiers-de-lutopie","status":"publish","type":"product","link":"https:\/\/www.booksonthemove.fr\/en\/produit\/les-sentiers-de-lutopie\/","title":{"rendered":"Les sentiers de l&#8217;utopie"},"content":{"rendered":"<p>\u00c0 la fois r\u00e9cit de voyage et documentaire fictionnel, ce livre-film propose un p\u00e9riple r\u00e9el et imaginaire, une exploration lanc\u00e9e \u00e0 la d\u00e9couverte de formes de vie postcapitalistes.<br \/>\nPendant pr\u00e8s d&#8217;un an, Isabelle Fremeaux et John Jordan sont partis sur les routes europ\u00e9ennes, \u00e0 la rencontre de celles et ceux qui ont choisi, ici et maintenant, de vivre autrement. Ils ont partag\u00e9 d&#8217;autres mani\u00e8res d&#8217;aimer et de manger, de produire et d&#8217;\u00e9changer, de d\u00e9cider des choses ensemble et de se rebeller.<br \/>\nDepuis un &#8221; Camp Climat &#8221; install\u00e9 ill\u00e9galement aux abords de l&#8217;a\u00e9roport d&#8217;Heathrow jusqu&#8217;\u00e0 un hameau squatt\u00e9 par des punks c\u00e9venols, en passant par une \u00e9cole anarchiste g\u00e9r\u00e9e par ses propres \u00e9l\u00e8ves, une communaut\u00e9 agricole anglaise \u00e0 tr\u00e8s faible impact \u00e9cologique, des usines occup\u00e9es en Serbie, un collectif pratiquant l&#8217;amour libre dans une ancienne base de la Stasi ou une femre ayant aboli la propri\u00e9t\u00e9 priv\u00e9e, ils ont d\u00e9couvert des Utopies bien vivantes dans ces interstices invisibles du syst\u00e8me.<br \/>\nDe cette exp\u00e9rience a \u00e9merg\u00e9 <i>Les Sentiers de l&#8217;Utopie. <\/i>Le texte est un r\u00e9cit captivant, qui raconte la vie de chaque communaut\u00e9, ses pratiques et son histoire. Le film, un docu-fiction tourn\u00e9 pendant le voyage, se pr\u00e9sente comme un road-movie po\u00e9tique situ\u00e9 dans l&#8217;avenir. Les personnages et les lieux circulent du livre au film et, pas \u00e0 pas, laissent deviner, dans la br\u00e8che du pr\u00e9sent, les scintillements d&#8217;un autre avenir possible.<\/p>\n","protected":false},"excerpt":{"rendered":"<p><strong>AUTEUR\u00b7ES :<\/strong> Isabelle Fremeaux et John Jordan<br \/>\n<strong>EDITEUR :<\/strong> La D\u00e9couverte (2012)<\/p>\n<p><strong>BROCH\u00c9 :<\/strong> 390 pages<br \/>\n<strong>LANGUE :<\/strong>\u00a0Fran\u00e7ais<br \/>\n<strong>ISBN13 :<\/strong> 978 2 707 15218 3<\/p>\n","protected":false},"featured_media":45855,"template":"","meta":[],"product_brand":[],"product_cat":[157,162],"product_tag":[],"class_list":{"0":"post-45856","1":"product","2":"type-product","3":"status-publish","4":"has-post-thumbnail","6":"product_cat-artists-writings-en","7":"product_cat-french-en","9":"first","10":"instock","11":"taxable","12":"shipping-taxable","13":"purchasable","14":"product-type-simple"},"yoast_head":"<!-- This site is optimized with the Yoast SEO plugin v27.4 - https:\/\/yoast.com\/product\/yoast-seo-wordpress\/ -->\n<title>Les sentiers de l&#039;utopie - Books on the Move<\/title>\n<meta name=\"robots\" content=\"index, follow, max-snippet:-1, max-image-preview:large, max-video-preview:-1\" \/>\n<link rel=\"canonical\" href=\"https:\/\/www.booksonthemove.fr\/en\/produit\/les-sentiers-de-lutopie\/\" \/>\n<meta property=\"og:locale\" content=\"en_US\" \/>\n<meta property=\"og:type\" content=\"article\" \/>\n<meta property=\"og:title\" content=\"Les sentiers de l&#039;utopie - Books on the Move\" \/>\n<meta property=\"og:description\" content=\"AUTEUR\u00b7ES : Isabelle Fremeaux et John Jordan EDITEUR : La D\u00e9couverte (2012)  BROCH\u00c9 : 390 pages LANGUE :\u00a0Fran\u00e7ais ISBN13 : 978 2 707 15218 3\" \/>\n<meta property=\"og:url\" content=\"https:\/\/www.booksonthemove.fr\/en\/produit\/les-sentiers-de-lutopie\/\" \/>\n<meta property=\"og:site_name\" content=\"Books on the Move\" \/>\n<meta property=\"article:publisher\" content=\"https:\/\/www.facebook.com\/Librairiebooksonthemove\/\" \/>\n<meta property=\"article:modified_time\" content=\"2025-12-10T08:33:01+00:00\" \/>\n<meta property=\"og:image\" content=\"https:\/\/www.booksonthemove.fr\/media\/bom_2959.jpg\" \/>\n\t<meta property=\"og:image:width\" content=\"800\" \/>\n\t<meta property=\"og:image:height\" content=\"1216\" \/>\n\t<meta property=\"og:image:type\" content=\"image\/jpeg\" \/>\n<meta name=\"twitter:card\" content=\"summary_large_image\" \/>\n<script type=\"application\/ld+json\" class=\"yoast-schema-graph\">{\"@context\":\"https:\\\/\\\/schema.org\",\"@graph\":[{\"@type\":\"WebPage\",\"@id\":\"https:\\\/\\\/www.booksonthemove.fr\\\/en\\\/produit\\\/les-sentiers-de-lutopie\\\/\",\"url\":\"https:\\\/\\\/www.booksonthemove.fr\\\/en\\\/produit\\\/les-sentiers-de-lutopie\\\/\",\"name\":\"Les sentiers de l'utopie - Books on the Move\",\"isPartOf\":{\"@id\":\"https:\\\/\\\/www.booksonthemove.fr\\\/#website\"},\"primaryImageOfPage\":{\"@id\":\"https:\\\/\\\/www.booksonthemove.fr\\\/en\\\/produit\\\/les-sentiers-de-lutopie\\\/#primaryimage\"},\"image\":{\"@id\":\"https:\\\/\\\/www.booksonthemove.fr\\\/en\\\/produit\\\/les-sentiers-de-lutopie\\\/#primaryimage\"},\"thumbnailUrl\":\"https:\\\/\\\/www.booksonthemove.fr\\\/media\\\/bom_2959.jpg\",\"datePublished\":\"2025-09-21T13:46:15+00:00\",\"dateModified\":\"2025-12-10T08:33:01+00:00\",\"breadcrumb\":{\"@id\":\"https:\\\/\\\/www.booksonthemove.fr\\\/en\\\/produit\\\/les-sentiers-de-lutopie\\\/#breadcrumb\"},\"inLanguage\":\"en-US\",\"potentialAction\":[{\"@type\":\"ReadAction\",\"target\":[\"https:\\\/\\\/www.booksonthemove.fr\\\/en\\\/produit\\\/les-sentiers-de-lutopie\\\/\"]}]},{\"@type\":\"ImageObject\",\"inLanguage\":\"en-US\",\"@id\":\"https:\\\/\\\/www.booksonthemove.fr\\\/en\\\/produit\\\/les-sentiers-de-lutopie\\\/#primaryimage\",\"url\":\"https:\\\/\\\/www.booksonthemove.fr\\\/media\\\/bom_2959.jpg\",\"contentUrl\":\"https:\\\/\\\/www.booksonthemove.fr\\\/media\\\/bom_2959.jpg\",\"width\":800,\"height\":1216},{\"@type\":\"BreadcrumbList\",\"@id\":\"https:\\\/\\\/www.booksonthemove.fr\\\/en\\\/produit\\\/les-sentiers-de-lutopie\\\/#breadcrumb\",\"itemListElement\":[{\"@type\":\"ListItem\",\"position\":1,\"name\":\"Accueil\",\"item\":\"https:\\\/\\\/www.booksonthemove.fr\\\/en\\\/\"},{\"@type\":\"ListItem\",\"position\":2,\"name\":\"online store\",\"item\":\"https:\\\/\\\/www.booksonthemove.fr\\\/en\\\/online-shop\\\/\"},{\"@type\":\"ListItem\",\"position\":3,\"name\":\"Les sentiers de l&rsquo;utopie\"}]},{\"@type\":\"WebSite\",\"@id\":\"https:\\\/\\\/www.booksonthemove.fr\\\/#website\",\"url\":\"https:\\\/\\\/www.booksonthemove.fr\\\/\",\"name\":\"Books on the Move\",\"description\":\"librairie nomade - danse - mouvement - performance\",\"publisher\":{\"@id\":\"https:\\\/\\\/www.booksonthemove.fr\\\/#organization\"},\"potentialAction\":[{\"@type\":\"SearchAction\",\"target\":{\"@type\":\"EntryPoint\",\"urlTemplate\":\"https:\\\/\\\/www.booksonthemove.fr\\\/?s={search_term_string}\"},\"query-input\":{\"@type\":\"PropertyValueSpecification\",\"valueRequired\":true,\"valueName\":\"search_term_string\"}}],\"inLanguage\":\"en-US\"},{\"@type\":\"Organization\",\"@id\":\"https:\\\/\\\/www.booksonthemove.fr\\\/#organization\",\"name\":\"Books on the Move\",\"url\":\"https:\\\/\\\/www.booksonthemove.fr\\\/\",\"logo\":{\"@type\":\"ImageObject\",\"inLanguage\":\"en-US\",\"@id\":\"https:\\\/\\\/www.booksonthemove.fr\\\/#\\\/schema\\\/logo\\\/image\\\/\",\"url\":\"https:\\\/\\\/www.booksonthemove.fr\\\/media\\\/logo-NB-400.jpg\",\"contentUrl\":\"https:\\\/\\\/www.booksonthemove.fr\\\/media\\\/logo-NB-400.jpg\",\"width\":400,\"height\":143,\"caption\":\"Books on the Move\"},\"image\":{\"@id\":\"https:\\\/\\\/www.booksonthemove.fr\\\/#\\\/schema\\\/logo\\\/image\\\/\"},\"sameAs\":[\"https:\\\/\\\/www.facebook.com\\\/Librairiebooksonthemove\\\/\"]}]}<\/script>\n<!-- \/ Yoast SEO plugin. -->","yoast_head_json":{"title":"Les sentiers de l'utopie - Books on the Move","robots":{"index":"index","follow":"follow","max-snippet":"max-snippet:-1","max-image-preview":"max-image-preview:large","max-video-preview":"max-video-preview:-1"},"canonical":"https:\/\/www.booksonthemove.fr\/en\/produit\/les-sentiers-de-lutopie\/","og_locale":"en_US","og_type":"article","og_title":"Les sentiers de l'utopie - Books on the Move","og_description":"AUTEUR\u00b7ES : Isabelle Fremeaux et John Jordan EDITEUR : La D\u00e9couverte (2012)  BROCH\u00c9 : 390 pages LANGUE :\u00a0Fran\u00e7ais ISBN13 : 978 2 707 15218 3","og_url":"https:\/\/www.booksonthemove.fr\/en\/produit\/les-sentiers-de-lutopie\/","og_site_name":"Books on the Move","article_publisher":"https:\/\/www.facebook.com\/Librairiebooksonthemove\/","article_modified_time":"2025-12-10T08:33:01+00:00","og_image":[{"width":800,"height":1216,"url":"https:\/\/www.booksonthemove.fr\/media\/bom_2959.jpg","type":"image\/jpeg"}],"twitter_card":"summary_large_image","schema":{"@context":"https:\/\/schema.org","@graph":[{"@type":"WebPage","@id":"https:\/\/www.booksonthemove.fr\/en\/produit\/les-sentiers-de-lutopie\/","url":"https:\/\/www.booksonthemove.fr\/en\/produit\/les-sentiers-de-lutopie\/","name":"Les sentiers de l'utopie - Books on the Move","isPartOf":{"@id":"https:\/\/www.booksonthemove.fr\/#website"},"primaryImageOfPage":{"@id":"https:\/\/www.booksonthemove.fr\/en\/produit\/les-sentiers-de-lutopie\/#primaryimage"},"image":{"@id":"https:\/\/www.booksonthemove.fr\/en\/produit\/les-sentiers-de-lutopie\/#primaryimage"},"thumbnailUrl":"https:\/\/www.booksonthemove.fr\/media\/bom_2959.jpg","datePublished":"2025-09-21T13:46:15+00:00","dateModified":"2025-12-10T08:33:01+00:00","breadcrumb":{"@id":"https:\/\/www.booksonthemove.fr\/en\/produit\/les-sentiers-de-lutopie\/#breadcrumb"},"inLanguage":"en-US","potentialAction":[{"@type":"ReadAction","target":["https:\/\/www.booksonthemove.fr\/en\/produit\/les-sentiers-de-lutopie\/"]}]},{"@type":"ImageObject","inLanguage":"en-US","@id":"https:\/\/www.booksonthemove.fr\/en\/produit\/les-sentiers-de-lutopie\/#primaryimage","url":"https:\/\/www.booksonthemove.fr\/media\/bom_2959.jpg","contentUrl":"https:\/\/www.booksonthemove.fr\/media\/bom_2959.jpg","width":800,"height":1216},{"@type":"BreadcrumbList","@id":"https:\/\/www.booksonthemove.fr\/en\/produit\/les-sentiers-de-lutopie\/#breadcrumb","itemListElement":[{"@type":"ListItem","position":1,"name":"Accueil","item":"https:\/\/www.booksonthemove.fr\/en\/"},{"@type":"ListItem","position":2,"name":"online store","item":"https:\/\/www.booksonthemove.fr\/en\/online-shop\/"},{"@type":"ListItem","position":3,"name":"Les sentiers de l&rsquo;utopie"}]},{"@type":"WebSite","@id":"https:\/\/www.booksonthemove.fr\/#website","url":"https:\/\/www.booksonthemove.fr\/","name":"Books on the Move","description":"librairie nomade - danse - mouvement - performance","publisher":{"@id":"https:\/\/www.booksonthemove.fr\/#organization"},"potentialAction":[{"@type":"SearchAction","target":{"@type":"EntryPoint","urlTemplate":"https:\/\/www.booksonthemove.fr\/?s={search_term_string}"},"query-input":{"@type":"PropertyValueSpecification","valueRequired":true,"valueName":"search_term_string"}}],"inLanguage":"en-US"},{"@type":"Organization","@id":"https:\/\/www.booksonthemove.fr\/#organization","name":"Books on the Move","url":"https:\/\/www.booksonthemove.fr\/","logo":{"@type":"ImageObject","inLanguage":"en-US","@id":"https:\/\/www.booksonthemove.fr\/#\/schema\/logo\/image\/","url":"https:\/\/www.booksonthemove.fr\/media\/logo-NB-400.jpg","contentUrl":"https:\/\/www.booksonthemove.fr\/media\/logo-NB-400.jpg","width":400,"height":143,"caption":"Books on the Move"},"image":{"@id":"https:\/\/www.booksonthemove.fr\/#\/schema\/logo\/image\/"},"sameAs":["https:\/\/www.facebook.com\/Librairiebooksonthemove\/"]}]}},"_links":{"self":[{"href":"https:\/\/www.booksonthemove.fr\/en\/wp-json\/wp\/v2\/product\/45856","targetHints":{"allow":["GET"]}}],"collection":[{"href":"https:\/\/www.booksonthemove.fr\/en\/wp-json\/wp\/v2\/product"}],"about":[{"href":"https:\/\/www.booksonthemove.fr\/en\/wp-json\/wp\/v2\/types\/product"}],"wp:featuredmedia":[{"embeddable":true,"href":"https:\/\/www.booksonthemove.fr\/en\/wp-json\/wp\/v2\/media\/45855"}],"wp:attachment":[{"href":"https:\/\/www.booksonthemove.fr\/en\/wp-json\/wp\/v2\/media?parent=45856"}],"wp:term":[{"taxonomy":"product_brand","embeddable":true,"href":"https:\/\/www.booksonthemove.fr\/en\/wp-json\/wp\/v2\/product_brand?post=45856"},{"taxonomy":"product_cat","embeddable":true,"href":"https:\/\/www.booksonthemove.fr\/en\/wp-json\/wp\/v2\/product_cat?post=45856"},{"taxonomy":"product_tag","embeddable":true,"href":"https:\/\/www.booksonthemove.fr\/en\/wp-json\/wp\/v2\/product_tag?post=45856"}],"curies":[{"name":"wp","href":"https:\/\/api.w.org\/{rel}","templated":true}]}}