{"id":45860,"date":"2025-09-21T15:56:31","date_gmt":"2025-09-21T13:56:31","guid":{"rendered":"https:\/\/www.booksonthemove.fr\/produit\/josephine-baker-non-aux-stereotypes\/"},"modified":"2025-09-28T19:35:09","modified_gmt":"2025-09-28T17:35:09","slug":"josephine-baker-non-aux-stereotypes","status":"publish","type":"product","link":"https:\/\/www.booksonthemove.fr\/en\/produit\/josephine-baker-non-aux-stereotypes\/","title":{"rendered":"Jos\u00e9phine Baker &#8211; Non aux st\u00e9r\u00e9otypes"},"content":{"rendered":"<p>C\u2019est une femme inclassable, un vrai d\u00e9fi pour les clich\u00e9s.<br \/>\nElle, Jos\u00e9phine Baker, chanteuse et danseuse noire, star des ann\u00e9es trente, a construit sa c\u00e9l\u00e9brit\u00e9 en retournant les st\u00e9r\u00e9otypes.<br \/>\nElle a fait son entr\u00e9e au Panth\u00e9on le 30 novembre 2021.<\/p>\n<p>Octobre 1925. Une jeune artiste noire venue d\u2019Am\u00e9rique br\u00fble les planches dans le Paris des ann\u00e9es folles. Issue des quartiers pauvres du Missouri o\u00f9 s\u00e9vit encore la s\u00e9gr\u00e9gation raciale, elle chante et danse, tr\u00e8s peu v\u00eatue, avec exub\u00e9rance. Mais derri\u00e8re les plumes et paillettes se cache une force de caract\u00e8re peu commune. Cette diva aux mille vies se bat \u00e0 sa mani\u00e8re pour se lib\u00e9rer des carcans de l\u2019\u00e9poque : la couleur de sa peau et son sexe. Elle fa\u00e7onne son personnage, retournant les clich\u00e9s, avec une libert\u00e9 \u00e9poustouflante. Lorsqu\u2019arrive la Seconde Guerre mondiale, elle accepte d\u2019utiliser sa notori\u00e9t\u00e9 en jouant les espionnes au service de la R\u00e9sistance. Les coups du sort n\u2019\u00e9pargneront pas une Jos\u00e9phine Baker qui adoptera douze enfants du monde entier, finira ruin\u00e9e, mais qui jamais n\u2019abdiquera un pouce de ses combats. Un mod\u00e8le d\u2019\u00e9mancipation.<\/p>\n<p>C\u2019est le destin tumultueux de cette Mata Hari hors norme que nous livre sans fard le roman d\u2019Elsa Solal, au moment m\u00eame o\u00f9 la chanteuse fait son entr\u00e9e au Panth\u00e9on. Une fa\u00e7on passionnante de d\u00e9couvrir sous l\u2019artiste glamour chantant \u00abJ\u2019ai deux amours\u00bb, un symbole \u00e9tonnamment moderne de la lib\u00e9ration des femmes.<\/p>\n","protected":false},"excerpt":{"rendered":"<p><strong>AUTEURE : <\/strong>Elsa SOLAL<br \/>\n<strong>\u00c9DITEUR :<\/strong> Actes Sud (2021)<\/p>\n<p><strong>BROCH\u00c9 :<\/strong> 96 pages<br \/>\n<strong>LANGUE :<\/strong> Fran\u00e7ais<br \/>\n<strong>ISBN <\/strong>: 978-2-330-16010-4<\/p>\n","protected":false},"featured_media":45859,"template":"","meta":[],"product_brand":[],"product_cat":[153,298,162],"product_tag":[],"class_list":{"0":"post-45860","1":"product","2":"type-product","3":"status-publish","4":"has-post-thumbnail","6":"product_cat-biographies-autobiographies-en","7":"product_cat-childrens-and-youth-books","8":"product_cat-french-en","10":"first","11":"instock","12":"taxable","13":"shipping-taxable","14":"purchasable","15":"product-type-simple"},"yoast_head":"<!-- This site is optimized with the Yoast SEO plugin v27.4 - https:\/\/yoast.com\/product\/yoast-seo-wordpress\/ -->\n<title>Jos\u00e9phine Baker - Non aux st\u00e9r\u00e9otypes - Books on the Move<\/title>\n<meta name=\"robots\" content=\"index, follow, max-snippet:-1, max-image-preview:large, max-video-preview:-1\" \/>\n<link rel=\"canonical\" href=\"https:\/\/www.booksonthemove.fr\/en\/produit\/josephine-baker-non-aux-stereotypes\/\" \/>\n<meta property=\"og:locale\" content=\"en_US\" \/>\n<meta property=\"og:type\" content=\"article\" \/>\n<meta property=\"og:title\" content=\"Jos\u00e9phine Baker - Non aux st\u00e9r\u00e9otypes - Books on the Move\" \/>\n<meta property=\"og:description\" content=\"AUTEURE : Elsa SOLAL \u00c9DITEUR : Actes Sud (2021)  BROCH\u00c9 : 96 pages LANGUE : Fran\u00e7ais ISBN : 978-2-330-16010-4\" \/>\n<meta property=\"og:url\" content=\"https:\/\/www.booksonthemove.fr\/en\/produit\/josephine-baker-non-aux-stereotypes\/\" \/>\n<meta property=\"og:site_name\" content=\"Books on the Move\" \/>\n<meta property=\"article:publisher\" content=\"https:\/\/www.facebook.com\/Librairiebooksonthemove\/\" \/>\n<meta property=\"article:modified_time\" content=\"2025-09-28T17:35:09+00:00\" \/>\n<meta property=\"og:image\" content=\"https:\/\/www.booksonthemove.fr\/media\/bom_2901.jpg\" \/>\n\t<meta property=\"og:image:width\" content=\"468\" \/>\n\t<meta property=\"og:image:height\" content=\"749\" \/>\n\t<meta property=\"og:image:type\" content=\"image\/jpeg\" \/>\n<meta name=\"twitter:card\" content=\"summary_large_image\" \/>\n<script type=\"application\/ld+json\" class=\"yoast-schema-graph\">{\"@context\":\"https:\\\/\\\/schema.org\",\"@graph\":[{\"@type\":\"WebPage\",\"@id\":\"https:\\\/\\\/www.booksonthemove.fr\\\/en\\\/produit\\\/josephine-baker-non-aux-stereotypes\\\/\",\"url\":\"https:\\\/\\\/www.booksonthemove.fr\\\/en\\\/produit\\\/josephine-baker-non-aux-stereotypes\\\/\",\"name\":\"Jos\u00e9phine Baker - Non aux st\u00e9r\u00e9otypes - Books on the Move\",\"isPartOf\":{\"@id\":\"https:\\\/\\\/www.booksonthemove.fr\\\/#website\"},\"primaryImageOfPage\":{\"@id\":\"https:\\\/\\\/www.booksonthemove.fr\\\/en\\\/produit\\\/josephine-baker-non-aux-stereotypes\\\/#primaryimage\"},\"image\":{\"@id\":\"https:\\\/\\\/www.booksonthemove.fr\\\/en\\\/produit\\\/josephine-baker-non-aux-stereotypes\\\/#primaryimage\"},\"thumbnailUrl\":\"https:\\\/\\\/www.booksonthemove.fr\\\/media\\\/bom_2901.jpg\",\"datePublished\":\"2025-09-21T13:56:31+00:00\",\"dateModified\":\"2025-09-28T17:35:09+00:00\",\"breadcrumb\":{\"@id\":\"https:\\\/\\\/www.booksonthemove.fr\\\/en\\\/produit\\\/josephine-baker-non-aux-stereotypes\\\/#breadcrumb\"},\"inLanguage\":\"en-US\",\"potentialAction\":[{\"@type\":\"ReadAction\",\"target\":[\"https:\\\/\\\/www.booksonthemove.fr\\\/en\\\/produit\\\/josephine-baker-non-aux-stereotypes\\\/\"]}]},{\"@type\":\"ImageObject\",\"inLanguage\":\"en-US\",\"@id\":\"https:\\\/\\\/www.booksonthemove.fr\\\/en\\\/produit\\\/josephine-baker-non-aux-stereotypes\\\/#primaryimage\",\"url\":\"https:\\\/\\\/www.booksonthemove.fr\\\/media\\\/bom_2901.jpg\",\"contentUrl\":\"https:\\\/\\\/www.booksonthemove.fr\\\/media\\\/bom_2901.jpg\",\"width\":468,\"height\":749},{\"@type\":\"BreadcrumbList\",\"@id\":\"https:\\\/\\\/www.booksonthemove.fr\\\/en\\\/produit\\\/josephine-baker-non-aux-stereotypes\\\/#breadcrumb\",\"itemListElement\":[{\"@type\":\"ListItem\",\"position\":1,\"name\":\"Accueil\",\"item\":\"https:\\\/\\\/www.booksonthemove.fr\\\/en\\\/\"},{\"@type\":\"ListItem\",\"position\":2,\"name\":\"online store\",\"item\":\"https:\\\/\\\/www.booksonthemove.fr\\\/en\\\/online-shop\\\/\"},{\"@type\":\"ListItem\",\"position\":3,\"name\":\"Jos\u00e9phine Baker &#8211; Non aux st\u00e9r\u00e9otypes\"}]},{\"@type\":\"WebSite\",\"@id\":\"https:\\\/\\\/www.booksonthemove.fr\\\/#website\",\"url\":\"https:\\\/\\\/www.booksonthemove.fr\\\/\",\"name\":\"Books on the Move\",\"description\":\"librairie nomade - danse - mouvement - performance\",\"publisher\":{\"@id\":\"https:\\\/\\\/www.booksonthemove.fr\\\/#organization\"},\"potentialAction\":[{\"@type\":\"SearchAction\",\"target\":{\"@type\":\"EntryPoint\",\"urlTemplate\":\"https:\\\/\\\/www.booksonthemove.fr\\\/?s={search_term_string}\"},\"query-input\":{\"@type\":\"PropertyValueSpecification\",\"valueRequired\":true,\"valueName\":\"search_term_string\"}}],\"inLanguage\":\"en-US\"},{\"@type\":\"Organization\",\"@id\":\"https:\\\/\\\/www.booksonthemove.fr\\\/#organization\",\"name\":\"Books on the Move\",\"url\":\"https:\\\/\\\/www.booksonthemove.fr\\\/\",\"logo\":{\"@type\":\"ImageObject\",\"inLanguage\":\"en-US\",\"@id\":\"https:\\\/\\\/www.booksonthemove.fr\\\/#\\\/schema\\\/logo\\\/image\\\/\",\"url\":\"https:\\\/\\\/www.booksonthemove.fr\\\/media\\\/logo-NB-400.jpg\",\"contentUrl\":\"https:\\\/\\\/www.booksonthemove.fr\\\/media\\\/logo-NB-400.jpg\",\"width\":400,\"height\":143,\"caption\":\"Books on the Move\"},\"image\":{\"@id\":\"https:\\\/\\\/www.booksonthemove.fr\\\/#\\\/schema\\\/logo\\\/image\\\/\"},\"sameAs\":[\"https:\\\/\\\/www.facebook.com\\\/Librairiebooksonthemove\\\/\"]}]}<\/script>\n<!-- \/ Yoast SEO plugin. -->","yoast_head_json":{"title":"Jos\u00e9phine Baker - Non aux st\u00e9r\u00e9otypes - Books on the Move","robots":{"index":"index","follow":"follow","max-snippet":"max-snippet:-1","max-image-preview":"max-image-preview:large","max-video-preview":"max-video-preview:-1"},"canonical":"https:\/\/www.booksonthemove.fr\/en\/produit\/josephine-baker-non-aux-stereotypes\/","og_locale":"en_US","og_type":"article","og_title":"Jos\u00e9phine Baker - Non aux st\u00e9r\u00e9otypes - Books on the Move","og_description":"AUTEURE : Elsa SOLAL \u00c9DITEUR : Actes Sud (2021)  BROCH\u00c9 : 96 pages LANGUE : Fran\u00e7ais ISBN : 978-2-330-16010-4","og_url":"https:\/\/www.booksonthemove.fr\/en\/produit\/josephine-baker-non-aux-stereotypes\/","og_site_name":"Books on the Move","article_publisher":"https:\/\/www.facebook.com\/Librairiebooksonthemove\/","article_modified_time":"2025-09-28T17:35:09+00:00","og_image":[{"width":468,"height":749,"url":"https:\/\/www.booksonthemove.fr\/media\/bom_2901.jpg","type":"image\/jpeg"}],"twitter_card":"summary_large_image","schema":{"@context":"https:\/\/schema.org","@graph":[{"@type":"WebPage","@id":"https:\/\/www.booksonthemove.fr\/en\/produit\/josephine-baker-non-aux-stereotypes\/","url":"https:\/\/www.booksonthemove.fr\/en\/produit\/josephine-baker-non-aux-stereotypes\/","name":"Jos\u00e9phine Baker - Non aux st\u00e9r\u00e9otypes - Books on the Move","isPartOf":{"@id":"https:\/\/www.booksonthemove.fr\/#website"},"primaryImageOfPage":{"@id":"https:\/\/www.booksonthemove.fr\/en\/produit\/josephine-baker-non-aux-stereotypes\/#primaryimage"},"image":{"@id":"https:\/\/www.booksonthemove.fr\/en\/produit\/josephine-baker-non-aux-stereotypes\/#primaryimage"},"thumbnailUrl":"https:\/\/www.booksonthemove.fr\/media\/bom_2901.jpg","datePublished":"2025-09-21T13:56:31+00:00","dateModified":"2025-09-28T17:35:09+00:00","breadcrumb":{"@id":"https:\/\/www.booksonthemove.fr\/en\/produit\/josephine-baker-non-aux-stereotypes\/#breadcrumb"},"inLanguage":"en-US","potentialAction":[{"@type":"ReadAction","target":["https:\/\/www.booksonthemove.fr\/en\/produit\/josephine-baker-non-aux-stereotypes\/"]}]},{"@type":"ImageObject","inLanguage":"en-US","@id":"https:\/\/www.booksonthemove.fr\/en\/produit\/josephine-baker-non-aux-stereotypes\/#primaryimage","url":"https:\/\/www.booksonthemove.fr\/media\/bom_2901.jpg","contentUrl":"https:\/\/www.booksonthemove.fr\/media\/bom_2901.jpg","width":468,"height":749},{"@type":"BreadcrumbList","@id":"https:\/\/www.booksonthemove.fr\/en\/produit\/josephine-baker-non-aux-stereotypes\/#breadcrumb","itemListElement":[{"@type":"ListItem","position":1,"name":"Accueil","item":"https:\/\/www.booksonthemove.fr\/en\/"},{"@type":"ListItem","position":2,"name":"online store","item":"https:\/\/www.booksonthemove.fr\/en\/online-shop\/"},{"@type":"ListItem","position":3,"name":"Jos\u00e9phine Baker &#8211; Non aux st\u00e9r\u00e9otypes"}]},{"@type":"WebSite","@id":"https:\/\/www.booksonthemove.fr\/#website","url":"https:\/\/www.booksonthemove.fr\/","name":"Books on the Move","description":"librairie nomade - danse - mouvement - performance","publisher":{"@id":"https:\/\/www.booksonthemove.fr\/#organization"},"potentialAction":[{"@type":"SearchAction","target":{"@type":"EntryPoint","urlTemplate":"https:\/\/www.booksonthemove.fr\/?s={search_term_string}"},"query-input":{"@type":"PropertyValueSpecification","valueRequired":true,"valueName":"search_term_string"}}],"inLanguage":"en-US"},{"@type":"Organization","@id":"https:\/\/www.booksonthemove.fr\/#organization","name":"Books on the Move","url":"https:\/\/www.booksonthemove.fr\/","logo":{"@type":"ImageObject","inLanguage":"en-US","@id":"https:\/\/www.booksonthemove.fr\/#\/schema\/logo\/image\/","url":"https:\/\/www.booksonthemove.fr\/media\/logo-NB-400.jpg","contentUrl":"https:\/\/www.booksonthemove.fr\/media\/logo-NB-400.jpg","width":400,"height":143,"caption":"Books on the Move"},"image":{"@id":"https:\/\/www.booksonthemove.fr\/#\/schema\/logo\/image\/"},"sameAs":["https:\/\/www.facebook.com\/Librairiebooksonthemove\/"]}]}},"_links":{"self":[{"href":"https:\/\/www.booksonthemove.fr\/en\/wp-json\/wp\/v2\/product\/45860","targetHints":{"allow":["GET"]}}],"collection":[{"href":"https:\/\/www.booksonthemove.fr\/en\/wp-json\/wp\/v2\/product"}],"about":[{"href":"https:\/\/www.booksonthemove.fr\/en\/wp-json\/wp\/v2\/types\/product"}],"wp:featuredmedia":[{"embeddable":true,"href":"https:\/\/www.booksonthemove.fr\/en\/wp-json\/wp\/v2\/media\/45859"}],"wp:attachment":[{"href":"https:\/\/www.booksonthemove.fr\/en\/wp-json\/wp\/v2\/media?parent=45860"}],"wp:term":[{"taxonomy":"product_brand","embeddable":true,"href":"https:\/\/www.booksonthemove.fr\/en\/wp-json\/wp\/v2\/product_brand?post=45860"},{"taxonomy":"product_cat","embeddable":true,"href":"https:\/\/www.booksonthemove.fr\/en\/wp-json\/wp\/v2\/product_cat?post=45860"},{"taxonomy":"product_tag","embeddable":true,"href":"https:\/\/www.booksonthemove.fr\/en\/wp-json\/wp\/v2\/product_tag?post=45860"}],"curies":[{"name":"wp","href":"https:\/\/api.w.org\/{rel}","templated":true}]}}