{"id":45957,"date":"2025-10-02T17:01:52","date_gmt":"2025-10-02T15:01:52","guid":{"rendered":"https:\/\/www.booksonthemove.fr\/produit\/composer-en-danse-un-vocabulaire-des-operations-et-des-pratiques\/"},"modified":"2026-03-17T11:06:16","modified_gmt":"2026-03-17T10:06:16","slug":"composer-en-danse-un-vocabulaire-des-operations-et-des-pratiques","status":"publish","type":"product","link":"https:\/\/www.booksonthemove.fr\/en\/produit\/composer-en-danse-un-vocabulaire-des-operations-et-des-pratiques\/","title":{"rendered":"Composer en danse &#8211; Un vocabulaire des op\u00e9rations et des pratiques"},"content":{"rendered":"<p>Si la composition musicale se partage dans des le\u00e7ons, des partitions et des trait\u00e9s, les modes de composition chor\u00e9graphique sont plus confidentiels et sortent rarement des studios de danse. Cet ouvrage con\u00e7u \u00e0 six mains revient sur trois ann\u00e9es d\u2019enqu\u00eate au cours desquelles Julie Perrin, Myriam Gourfink et Yvane Chapuis ont interrog\u00e9 et document\u00e9 la notion m\u00eame de composition en danse, afin d\u2019en d\u00e9gager un lexique des op\u00e9rations et des pratiques. En dialoguant avec dix chor\u00e9graphes, tous\u00b7tes porteur\u00b7euses d\u2019un geste compositionnel reconnu, les autrices ont organis\u00e9 une r\u00e9flexion collective sur les principes de composition de chacun\u00b7e, la place qu\u2019elle occupe aux diff\u00e9rents stades du processus de cr\u00e9ation, les outils qu\u2019elle sollicite, les liens qu\u2019elle \u00e9tablit avec l\u2019interpr\u00e9tation d\u2019une part et l\u2019histoire de la discipline de l\u2019autre.<\/p>\n<p>Avec la pratique comme point d\u2019ancrage, le livre s\u2019ouvre sur trois textes des directrices d\u2019ouvrage, permettant de mettre en perspective cette recherche d\u2019envergure d\u2019un point de vue m\u00e9thodologique et historique. Une vingtaine de notions sont ensuite analys\u00e9es, constituant un glossaire des usages, suivies de la retranscription de quatre discussions sp\u00e9cifiques entre les chor\u00e9graphes et les trois chercheuses. Enfin, dix portraits de circonstance permettent de situer les principaux protagonistes.<\/p>\n<p>Avec la participation de Marco Berrettini, Nathalie Collantes, DD Dorvillier, Myriam Gourfink, Thomas Hauert, R\u00e9my H\u00e9ritier, Daniel Linehan, Laurent Pichard, Lo\u00efc Touz\u00e9 et Cindy Van Acker.<\/p>\n<p>Cet ouvrage est une r\u00e9\u00e9dition du livre aujourd\u2019hui \u00e9puis\u00e9, \u00e9dit\u00e9 dans la collection Nouvelles Sc\u00e8nes des Presses du r\u00e9el et paru en 2020.<\/p>\n","protected":false},"excerpt":{"rendered":"<p class=\"bodytext\"><b>AUTEUR\u00b7ICES : <\/b>sous la direction d&#8217;Yvane Chapuis, Myriam Gourfink &amp; Julie Perrin<br \/>\n<b>\u00c9DITEURS : <\/b>\u00c9ditions B42 &amp; La Manufacture \u2013 Hes-so, Lausanne (r\u00e9\u00e9dition, 2025)<\/p>\n<p class=\"bodytext\"><b>BROCH\u00c9 : <\/b>592 pages<br \/>\n<b>LANGUE : <\/b>Fran\u00e7ais<br \/>\n<strong>ISBN13 :<\/strong> 978-2-494-98335-9<\/p>\n","protected":false},"featured_media":45956,"template":"","meta":[],"product_brand":[],"product_cat":[240,149,162,169,170,139],"product_tag":[],"class_list":{"0":"post-45957","1":"product","2":"type-product","3":"status-publish","4":"has-post-thumbnail","6":"product_cat-choreography-en","7":"product_cat-contemporary-dance-en","8":"product_cat-french-en","9":"product_cat-interviews-conversations-en","10":"product_cat-artists-career-en","11":"product_cat-work-process-en","13":"first","14":"instock","15":"taxable","16":"shipping-taxable","17":"purchasable","18":"product-type-simple"},"yoast_head":"<!-- This site is optimized with the Yoast SEO plugin v27.4 - https:\/\/yoast.com\/product\/yoast-seo-wordpress\/ -->\n<title>Composer en danse - Un vocabulaire des op\u00e9rations et des pratiques - Books on the Move<\/title>\n<meta name=\"robots\" content=\"index, follow, max-snippet:-1, max-image-preview:large, max-video-preview:-1\" \/>\n<link rel=\"canonical\" href=\"https:\/\/www.booksonthemove.fr\/en\/produit\/composer-en-danse-un-vocabulaire-des-operations-et-des-pratiques\/\" \/>\n<meta property=\"og:locale\" content=\"en_US\" \/>\n<meta property=\"og:type\" content=\"article\" \/>\n<meta property=\"og:title\" content=\"Composer en danse - Un vocabulaire des op\u00e9rations et des pratiques - Books on the Move\" \/>\n<meta property=\"og:description\" content=\"AUTEUR\u00b7ICES : sous la direction d&#039;Yvane Chapuis, Myriam Gourfink &amp; Julie Perrin \u00c9DITEURS : \u00c9ditions B42 &amp; La Manufacture \u2013 Hes-so, Lausanne (r\u00e9\u00e9dition, 2025) BROCH\u00c9 : 592 pages LANGUE : Fran\u00e7ais ISBN13 : 978-2-494-98335-9\" \/>\n<meta property=\"og:url\" content=\"https:\/\/www.booksonthemove.fr\/en\/produit\/composer-en-danse-un-vocabulaire-des-operations-et-des-pratiques\/\" \/>\n<meta property=\"og:site_name\" content=\"Books on the Move\" \/>\n<meta property=\"article:publisher\" content=\"https:\/\/www.facebook.com\/Librairiebooksonthemove\/\" \/>\n<meta property=\"article:modified_time\" content=\"2026-03-17T10:06:16+00:00\" \/>\n<meta property=\"og:image\" content=\"https:\/\/www.booksonthemove.fr\/media\/bom_2993.png\" \/>\n\t<meta property=\"og:image:width\" content=\"786\" \/>\n\t<meta property=\"og:image:height\" content=\"924\" \/>\n\t<meta property=\"og:image:type\" content=\"image\/png\" \/>\n<meta name=\"twitter:card\" content=\"summary_large_image\" \/>\n<script type=\"application\/ld+json\" class=\"yoast-schema-graph\">{\"@context\":\"https:\\\/\\\/schema.org\",\"@graph\":[{\"@type\":\"WebPage\",\"@id\":\"https:\\\/\\\/www.booksonthemove.fr\\\/en\\\/produit\\\/composer-en-danse-un-vocabulaire-des-operations-et-des-pratiques\\\/\",\"url\":\"https:\\\/\\\/www.booksonthemove.fr\\\/en\\\/produit\\\/composer-en-danse-un-vocabulaire-des-operations-et-des-pratiques\\\/\",\"name\":\"Composer en danse - Un vocabulaire des op\u00e9rations et des pratiques - Books on the Move\",\"isPartOf\":{\"@id\":\"https:\\\/\\\/www.booksonthemove.fr\\\/#website\"},\"primaryImageOfPage\":{\"@id\":\"https:\\\/\\\/www.booksonthemove.fr\\\/en\\\/produit\\\/composer-en-danse-un-vocabulaire-des-operations-et-des-pratiques\\\/#primaryimage\"},\"image\":{\"@id\":\"https:\\\/\\\/www.booksonthemove.fr\\\/en\\\/produit\\\/composer-en-danse-un-vocabulaire-des-operations-et-des-pratiques\\\/#primaryimage\"},\"thumbnailUrl\":\"https:\\\/\\\/www.booksonthemove.fr\\\/media\\\/bom_2993.png\",\"datePublished\":\"2025-10-02T15:01:52+00:00\",\"dateModified\":\"2026-03-17T10:06:16+00:00\",\"breadcrumb\":{\"@id\":\"https:\\\/\\\/www.booksonthemove.fr\\\/en\\\/produit\\\/composer-en-danse-un-vocabulaire-des-operations-et-des-pratiques\\\/#breadcrumb\"},\"inLanguage\":\"en-US\",\"potentialAction\":[{\"@type\":\"ReadAction\",\"target\":[\"https:\\\/\\\/www.booksonthemove.fr\\\/en\\\/produit\\\/composer-en-danse-un-vocabulaire-des-operations-et-des-pratiques\\\/\"]}]},{\"@type\":\"ImageObject\",\"inLanguage\":\"en-US\",\"@id\":\"https:\\\/\\\/www.booksonthemove.fr\\\/en\\\/produit\\\/composer-en-danse-un-vocabulaire-des-operations-et-des-pratiques\\\/#primaryimage\",\"url\":\"https:\\\/\\\/www.booksonthemove.fr\\\/media\\\/bom_2993.png\",\"contentUrl\":\"https:\\\/\\\/www.booksonthemove.fr\\\/media\\\/bom_2993.png\",\"width\":786,\"height\":924},{\"@type\":\"BreadcrumbList\",\"@id\":\"https:\\\/\\\/www.booksonthemove.fr\\\/en\\\/produit\\\/composer-en-danse-un-vocabulaire-des-operations-et-des-pratiques\\\/#breadcrumb\",\"itemListElement\":[{\"@type\":\"ListItem\",\"position\":1,\"name\":\"Accueil\",\"item\":\"https:\\\/\\\/www.booksonthemove.fr\\\/en\\\/\"},{\"@type\":\"ListItem\",\"position\":2,\"name\":\"online store\",\"item\":\"https:\\\/\\\/www.booksonthemove.fr\\\/en\\\/online-shop\\\/\"},{\"@type\":\"ListItem\",\"position\":3,\"name\":\"Composer en danse &#8211; Un vocabulaire des op\u00e9rations et des pratiques\"}]},{\"@type\":\"WebSite\",\"@id\":\"https:\\\/\\\/www.booksonthemove.fr\\\/#website\",\"url\":\"https:\\\/\\\/www.booksonthemove.fr\\\/\",\"name\":\"Books on the Move\",\"description\":\"librairie nomade - danse - mouvement - performance\",\"publisher\":{\"@id\":\"https:\\\/\\\/www.booksonthemove.fr\\\/#organization\"},\"potentialAction\":[{\"@type\":\"SearchAction\",\"target\":{\"@type\":\"EntryPoint\",\"urlTemplate\":\"https:\\\/\\\/www.booksonthemove.fr\\\/?s={search_term_string}\"},\"query-input\":{\"@type\":\"PropertyValueSpecification\",\"valueRequired\":true,\"valueName\":\"search_term_string\"}}],\"inLanguage\":\"en-US\"},{\"@type\":\"Organization\",\"@id\":\"https:\\\/\\\/www.booksonthemove.fr\\\/#organization\",\"name\":\"Books on the Move\",\"url\":\"https:\\\/\\\/www.booksonthemove.fr\\\/\",\"logo\":{\"@type\":\"ImageObject\",\"inLanguage\":\"en-US\",\"@id\":\"https:\\\/\\\/www.booksonthemove.fr\\\/#\\\/schema\\\/logo\\\/image\\\/\",\"url\":\"https:\\\/\\\/www.booksonthemove.fr\\\/media\\\/logo-NB-400.jpg\",\"contentUrl\":\"https:\\\/\\\/www.booksonthemove.fr\\\/media\\\/logo-NB-400.jpg\",\"width\":400,\"height\":143,\"caption\":\"Books on the Move\"},\"image\":{\"@id\":\"https:\\\/\\\/www.booksonthemove.fr\\\/#\\\/schema\\\/logo\\\/image\\\/\"},\"sameAs\":[\"https:\\\/\\\/www.facebook.com\\\/Librairiebooksonthemove\\\/\"]}]}<\/script>\n<!-- \/ Yoast SEO plugin. -->","yoast_head_json":{"title":"Composer en danse - Un vocabulaire des op\u00e9rations et des pratiques - Books on the Move","robots":{"index":"index","follow":"follow","max-snippet":"max-snippet:-1","max-image-preview":"max-image-preview:large","max-video-preview":"max-video-preview:-1"},"canonical":"https:\/\/www.booksonthemove.fr\/en\/produit\/composer-en-danse-un-vocabulaire-des-operations-et-des-pratiques\/","og_locale":"en_US","og_type":"article","og_title":"Composer en danse - Un vocabulaire des op\u00e9rations et des pratiques - Books on the Move","og_description":"AUTEUR\u00b7ICES : sous la direction d'Yvane Chapuis, Myriam Gourfink &amp; Julie Perrin \u00c9DITEURS : \u00c9ditions B42 &amp; La Manufacture \u2013 Hes-so, Lausanne (r\u00e9\u00e9dition, 2025) BROCH\u00c9 : 592 pages LANGUE : Fran\u00e7ais ISBN13 : 978-2-494-98335-9","og_url":"https:\/\/www.booksonthemove.fr\/en\/produit\/composer-en-danse-un-vocabulaire-des-operations-et-des-pratiques\/","og_site_name":"Books on the Move","article_publisher":"https:\/\/www.facebook.com\/Librairiebooksonthemove\/","article_modified_time":"2026-03-17T10:06:16+00:00","og_image":[{"width":786,"height":924,"url":"https:\/\/www.booksonthemove.fr\/media\/bom_2993.png","type":"image\/png"}],"twitter_card":"summary_large_image","schema":{"@context":"https:\/\/schema.org","@graph":[{"@type":"WebPage","@id":"https:\/\/www.booksonthemove.fr\/en\/produit\/composer-en-danse-un-vocabulaire-des-operations-et-des-pratiques\/","url":"https:\/\/www.booksonthemove.fr\/en\/produit\/composer-en-danse-un-vocabulaire-des-operations-et-des-pratiques\/","name":"Composer en danse - Un vocabulaire des op\u00e9rations et des pratiques - Books on the Move","isPartOf":{"@id":"https:\/\/www.booksonthemove.fr\/#website"},"primaryImageOfPage":{"@id":"https:\/\/www.booksonthemove.fr\/en\/produit\/composer-en-danse-un-vocabulaire-des-operations-et-des-pratiques\/#primaryimage"},"image":{"@id":"https:\/\/www.booksonthemove.fr\/en\/produit\/composer-en-danse-un-vocabulaire-des-operations-et-des-pratiques\/#primaryimage"},"thumbnailUrl":"https:\/\/www.booksonthemove.fr\/media\/bom_2993.png","datePublished":"2025-10-02T15:01:52+00:00","dateModified":"2026-03-17T10:06:16+00:00","breadcrumb":{"@id":"https:\/\/www.booksonthemove.fr\/en\/produit\/composer-en-danse-un-vocabulaire-des-operations-et-des-pratiques\/#breadcrumb"},"inLanguage":"en-US","potentialAction":[{"@type":"ReadAction","target":["https:\/\/www.booksonthemove.fr\/en\/produit\/composer-en-danse-un-vocabulaire-des-operations-et-des-pratiques\/"]}]},{"@type":"ImageObject","inLanguage":"en-US","@id":"https:\/\/www.booksonthemove.fr\/en\/produit\/composer-en-danse-un-vocabulaire-des-operations-et-des-pratiques\/#primaryimage","url":"https:\/\/www.booksonthemove.fr\/media\/bom_2993.png","contentUrl":"https:\/\/www.booksonthemove.fr\/media\/bom_2993.png","width":786,"height":924},{"@type":"BreadcrumbList","@id":"https:\/\/www.booksonthemove.fr\/en\/produit\/composer-en-danse-un-vocabulaire-des-operations-et-des-pratiques\/#breadcrumb","itemListElement":[{"@type":"ListItem","position":1,"name":"Accueil","item":"https:\/\/www.booksonthemove.fr\/en\/"},{"@type":"ListItem","position":2,"name":"online store","item":"https:\/\/www.booksonthemove.fr\/en\/online-shop\/"},{"@type":"ListItem","position":3,"name":"Composer en danse &#8211; Un vocabulaire des op\u00e9rations et des pratiques"}]},{"@type":"WebSite","@id":"https:\/\/www.booksonthemove.fr\/#website","url":"https:\/\/www.booksonthemove.fr\/","name":"Books on the Move","description":"librairie nomade - danse - mouvement - performance","publisher":{"@id":"https:\/\/www.booksonthemove.fr\/#organization"},"potentialAction":[{"@type":"SearchAction","target":{"@type":"EntryPoint","urlTemplate":"https:\/\/www.booksonthemove.fr\/?s={search_term_string}"},"query-input":{"@type":"PropertyValueSpecification","valueRequired":true,"valueName":"search_term_string"}}],"inLanguage":"en-US"},{"@type":"Organization","@id":"https:\/\/www.booksonthemove.fr\/#organization","name":"Books on the Move","url":"https:\/\/www.booksonthemove.fr\/","logo":{"@type":"ImageObject","inLanguage":"en-US","@id":"https:\/\/www.booksonthemove.fr\/#\/schema\/logo\/image\/","url":"https:\/\/www.booksonthemove.fr\/media\/logo-NB-400.jpg","contentUrl":"https:\/\/www.booksonthemove.fr\/media\/logo-NB-400.jpg","width":400,"height":143,"caption":"Books on the Move"},"image":{"@id":"https:\/\/www.booksonthemove.fr\/#\/schema\/logo\/image\/"},"sameAs":["https:\/\/www.facebook.com\/Librairiebooksonthemove\/"]}]}},"_links":{"self":[{"href":"https:\/\/www.booksonthemove.fr\/en\/wp-json\/wp\/v2\/product\/45957","targetHints":{"allow":["GET"]}}],"collection":[{"href":"https:\/\/www.booksonthemove.fr\/en\/wp-json\/wp\/v2\/product"}],"about":[{"href":"https:\/\/www.booksonthemove.fr\/en\/wp-json\/wp\/v2\/types\/product"}],"wp:featuredmedia":[{"embeddable":true,"href":"https:\/\/www.booksonthemove.fr\/en\/wp-json\/wp\/v2\/media\/45956"}],"wp:attachment":[{"href":"https:\/\/www.booksonthemove.fr\/en\/wp-json\/wp\/v2\/media?parent=45957"}],"wp:term":[{"taxonomy":"product_brand","embeddable":true,"href":"https:\/\/www.booksonthemove.fr\/en\/wp-json\/wp\/v2\/product_brand?post=45957"},{"taxonomy":"product_cat","embeddable":true,"href":"https:\/\/www.booksonthemove.fr\/en\/wp-json\/wp\/v2\/product_cat?post=45957"},{"taxonomy":"product_tag","embeddable":true,"href":"https:\/\/www.booksonthemove.fr\/en\/wp-json\/wp\/v2\/product_tag?post=45957"}],"curies":[{"name":"wp","href":"https:\/\/api.w.org\/{rel}","templated":true}]}}