{"id":46164,"date":"2025-11-07T16:10:39","date_gmt":"2025-11-07T15:10:39","guid":{"rendered":"https:\/\/www.booksonthemove.fr\/produit\/peau-pierre-coeur-dur\/"},"modified":"2025-11-12T10:36:43","modified_gmt":"2025-11-12T09:36:43","slug":"peau-pierre-coeur-dur","status":"publish","type":"product","link":"https:\/\/www.booksonthemove.fr\/en\/produit\/peau-pierre-coeur-dur\/","title":{"rendered":"Peau Pierre C\u0153ur Dur"},"content":{"rendered":"<p class=\"has-black-color has-text-color\"><em>Peau Pierre C\u0153ur Dur<\/em> rassemble des textes \u00e9crits par Marie Pons et Coline Gras \u00e0 l\u2019\u00e9t\u00e9 2020 dans la vall\u00e9e de la Caran\u00e7a, dans les montagnes des Pyr\u00e9n\u00e9es Catalanes. Entre ao\u00fbt et septembre, une petite \u00e9quipe est mont\u00e9e au-dessus du refuge de la Caran\u00e7apour exp\u00e9rimenter avec le mouvement, la musique, la pens\u00e9e, la voix, le paysage et les \u00eatres-vivants-l\u00e0. Ces mots ont \u00e9t\u00e9 \u00e9crits au coin du feu, \u00e0 l\u2019int\u00e9rieur du tipi, sur la table en bois devant le refuge, \u00e0 c\u00f4t\u00e9 de la rivi\u00e8re, en haut du pierrier, sur les troncs d\u2019arbres couch\u00e9s. Une fois redescendus dans la plaine, les \u00e9crits sont rest\u00e9s vivants, imbib\u00e9s des sensations, des images, des accidents rocheux, des rencontres et du hasard \u00e9prouv\u00e9s l\u00e0-haut. Comme un nouveau tipi, la maison de micro-\u00e9dition Les Pi\u00f1atas abrite \u00e0 pr\u00e9sent la parution de cette \u00e9dition.<\/p>\n<p class=\"has-black-color has-text-color\">Ce livre s\u2019inscrit dans une pratique que les deux amies partagent ensemble depuis 2014, appel\u00e9e<em> Como se manter vivo ?<\/em> qui m\u00eale la danse, l\u2019\u00e9criture, la marche et la conversation. Ce temps d\u2019\u00e9criture a fait partie du projet <em>D\u00e9paysager<\/em>, un festival de recherche et de cr\u00e9ation dans le paysage dans la vall\u00e9e de la Caran\u00e7a imagin\u00e9 et port\u00e9 par Coline Gras.<\/p>\n","protected":false},"excerpt":{"rendered":"<p><strong>AUTRICES : <\/strong>Marie Pons &amp; Coline Gras<br \/>\n<strong>\u00c9DITEUR :<\/strong> Les Pi\u00f1atas (2023)<\/p>\n<p><strong>BROCH\u00c9 :<\/strong> 52 pages<br \/>\n<strong>LANGUE :<\/strong> Fran\u00e7ais<\/p>\n","protected":false},"featured_media":46163,"template":"","meta":[],"product_brand":[],"product_cat":[212,157,162],"product_tag":[],"class_list":{"0":"post-46164","1":"product","2":"type-product","3":"status-publish","4":"has-post-thumbnail","6":"product_cat-artists-books-en","7":"product_cat-artists-writings-en","8":"product_cat-french-en","10":"first","11":"instock","12":"taxable","13":"shipping-taxable","14":"purchasable","15":"product-type-simple"},"yoast_head":"<!-- This site is optimized with the Yoast SEO plugin v27.4 - https:\/\/yoast.com\/product\/yoast-seo-wordpress\/ -->\n<title>Peau Pierre C\u0153ur Dur - Books on the Move<\/title>\n<meta name=\"robots\" content=\"index, follow, max-snippet:-1, max-image-preview:large, max-video-preview:-1\" \/>\n<link rel=\"canonical\" href=\"https:\/\/www.booksonthemove.fr\/en\/produit\/peau-pierre-coeur-dur\/\" \/>\n<meta property=\"og:locale\" content=\"en_US\" \/>\n<meta property=\"og:type\" content=\"article\" \/>\n<meta property=\"og:title\" content=\"Peau Pierre C\u0153ur Dur - Books on the Move\" \/>\n<meta property=\"og:description\" content=\"AUTRICES : Marie Pons &amp; Coline Gras \u00c9DITEUR : Les Pi\u00f1atas (2023)  BROCH\u00c9 : 52 pages LANGUE : Fran\u00e7ais\" \/>\n<meta property=\"og:url\" content=\"https:\/\/www.booksonthemove.fr\/en\/produit\/peau-pierre-coeur-dur\/\" \/>\n<meta property=\"og:site_name\" content=\"Books on the Move\" \/>\n<meta property=\"article:publisher\" content=\"https:\/\/www.facebook.com\/Librairiebooksonthemove\/\" \/>\n<meta property=\"article:modified_time\" content=\"2025-11-12T09:36:43+00:00\" \/>\n<meta property=\"og:image\" content=\"https:\/\/www.booksonthemove.fr\/media\/bom_2999.jpeg\" \/>\n\t<meta property=\"og:image:width\" content=\"560\" \/>\n\t<meta property=\"og:image:height\" content=\"800\" \/>\n\t<meta property=\"og:image:type\" content=\"image\/jpeg\" \/>\n<meta name=\"twitter:card\" content=\"summary_large_image\" \/>\n<script type=\"application\/ld+json\" class=\"yoast-schema-graph\">{\"@context\":\"https:\\\/\\\/schema.org\",\"@graph\":[{\"@type\":\"WebPage\",\"@id\":\"https:\\\/\\\/www.booksonthemove.fr\\\/en\\\/produit\\\/peau-pierre-coeur-dur\\\/\",\"url\":\"https:\\\/\\\/www.booksonthemove.fr\\\/en\\\/produit\\\/peau-pierre-coeur-dur\\\/\",\"name\":\"Peau Pierre C\u0153ur Dur - Books on the Move\",\"isPartOf\":{\"@id\":\"https:\\\/\\\/www.booksonthemove.fr\\\/#website\"},\"primaryImageOfPage\":{\"@id\":\"https:\\\/\\\/www.booksonthemove.fr\\\/en\\\/produit\\\/peau-pierre-coeur-dur\\\/#primaryimage\"},\"image\":{\"@id\":\"https:\\\/\\\/www.booksonthemove.fr\\\/en\\\/produit\\\/peau-pierre-coeur-dur\\\/#primaryimage\"},\"thumbnailUrl\":\"https:\\\/\\\/www.booksonthemove.fr\\\/media\\\/bom_2999.jpeg\",\"datePublished\":\"2025-11-07T15:10:39+00:00\",\"dateModified\":\"2025-11-12T09:36:43+00:00\",\"breadcrumb\":{\"@id\":\"https:\\\/\\\/www.booksonthemove.fr\\\/en\\\/produit\\\/peau-pierre-coeur-dur\\\/#breadcrumb\"},\"inLanguage\":\"en-US\",\"potentialAction\":[{\"@type\":\"ReadAction\",\"target\":[\"https:\\\/\\\/www.booksonthemove.fr\\\/en\\\/produit\\\/peau-pierre-coeur-dur\\\/\"]}]},{\"@type\":\"ImageObject\",\"inLanguage\":\"en-US\",\"@id\":\"https:\\\/\\\/www.booksonthemove.fr\\\/en\\\/produit\\\/peau-pierre-coeur-dur\\\/#primaryimage\",\"url\":\"https:\\\/\\\/www.booksonthemove.fr\\\/media\\\/bom_2999.jpeg\",\"contentUrl\":\"https:\\\/\\\/www.booksonthemove.fr\\\/media\\\/bom_2999.jpeg\",\"width\":560,\"height\":800},{\"@type\":\"BreadcrumbList\",\"@id\":\"https:\\\/\\\/www.booksonthemove.fr\\\/en\\\/produit\\\/peau-pierre-coeur-dur\\\/#breadcrumb\",\"itemListElement\":[{\"@type\":\"ListItem\",\"position\":1,\"name\":\"Accueil\",\"item\":\"https:\\\/\\\/www.booksonthemove.fr\\\/en\\\/\"},{\"@type\":\"ListItem\",\"position\":2,\"name\":\"online store\",\"item\":\"https:\\\/\\\/www.booksonthemove.fr\\\/en\\\/online-shop\\\/\"},{\"@type\":\"ListItem\",\"position\":3,\"name\":\"Peau Pierre C\u0153ur Dur\"}]},{\"@type\":\"WebSite\",\"@id\":\"https:\\\/\\\/www.booksonthemove.fr\\\/#website\",\"url\":\"https:\\\/\\\/www.booksonthemove.fr\\\/\",\"name\":\"Books on the Move\",\"description\":\"librairie nomade - danse - mouvement - performance\",\"publisher\":{\"@id\":\"https:\\\/\\\/www.booksonthemove.fr\\\/#organization\"},\"potentialAction\":[{\"@type\":\"SearchAction\",\"target\":{\"@type\":\"EntryPoint\",\"urlTemplate\":\"https:\\\/\\\/www.booksonthemove.fr\\\/?s={search_term_string}\"},\"query-input\":{\"@type\":\"PropertyValueSpecification\",\"valueRequired\":true,\"valueName\":\"search_term_string\"}}],\"inLanguage\":\"en-US\"},{\"@type\":\"Organization\",\"@id\":\"https:\\\/\\\/www.booksonthemove.fr\\\/#organization\",\"name\":\"Books on the Move\",\"url\":\"https:\\\/\\\/www.booksonthemove.fr\\\/\",\"logo\":{\"@type\":\"ImageObject\",\"inLanguage\":\"en-US\",\"@id\":\"https:\\\/\\\/www.booksonthemove.fr\\\/#\\\/schema\\\/logo\\\/image\\\/\",\"url\":\"https:\\\/\\\/www.booksonthemove.fr\\\/media\\\/logo-NB-400.jpg\",\"contentUrl\":\"https:\\\/\\\/www.booksonthemove.fr\\\/media\\\/logo-NB-400.jpg\",\"width\":400,\"height\":143,\"caption\":\"Books on the Move\"},\"image\":{\"@id\":\"https:\\\/\\\/www.booksonthemove.fr\\\/#\\\/schema\\\/logo\\\/image\\\/\"},\"sameAs\":[\"https:\\\/\\\/www.facebook.com\\\/Librairiebooksonthemove\\\/\"]}]}<\/script>\n<!-- \/ Yoast SEO plugin. -->","yoast_head_json":{"title":"Peau Pierre C\u0153ur Dur - Books on the Move","robots":{"index":"index","follow":"follow","max-snippet":"max-snippet:-1","max-image-preview":"max-image-preview:large","max-video-preview":"max-video-preview:-1"},"canonical":"https:\/\/www.booksonthemove.fr\/en\/produit\/peau-pierre-coeur-dur\/","og_locale":"en_US","og_type":"article","og_title":"Peau Pierre C\u0153ur Dur - Books on the Move","og_description":"AUTRICES : Marie Pons &amp; Coline Gras \u00c9DITEUR : Les Pi\u00f1atas (2023)  BROCH\u00c9 : 52 pages LANGUE : Fran\u00e7ais","og_url":"https:\/\/www.booksonthemove.fr\/en\/produit\/peau-pierre-coeur-dur\/","og_site_name":"Books on the Move","article_publisher":"https:\/\/www.facebook.com\/Librairiebooksonthemove\/","article_modified_time":"2025-11-12T09:36:43+00:00","og_image":[{"width":560,"height":800,"url":"https:\/\/www.booksonthemove.fr\/media\/bom_2999.jpeg","type":"image\/jpeg"}],"twitter_card":"summary_large_image","schema":{"@context":"https:\/\/schema.org","@graph":[{"@type":"WebPage","@id":"https:\/\/www.booksonthemove.fr\/en\/produit\/peau-pierre-coeur-dur\/","url":"https:\/\/www.booksonthemove.fr\/en\/produit\/peau-pierre-coeur-dur\/","name":"Peau Pierre C\u0153ur Dur - Books on the Move","isPartOf":{"@id":"https:\/\/www.booksonthemove.fr\/#website"},"primaryImageOfPage":{"@id":"https:\/\/www.booksonthemove.fr\/en\/produit\/peau-pierre-coeur-dur\/#primaryimage"},"image":{"@id":"https:\/\/www.booksonthemove.fr\/en\/produit\/peau-pierre-coeur-dur\/#primaryimage"},"thumbnailUrl":"https:\/\/www.booksonthemove.fr\/media\/bom_2999.jpeg","datePublished":"2025-11-07T15:10:39+00:00","dateModified":"2025-11-12T09:36:43+00:00","breadcrumb":{"@id":"https:\/\/www.booksonthemove.fr\/en\/produit\/peau-pierre-coeur-dur\/#breadcrumb"},"inLanguage":"en-US","potentialAction":[{"@type":"ReadAction","target":["https:\/\/www.booksonthemove.fr\/en\/produit\/peau-pierre-coeur-dur\/"]}]},{"@type":"ImageObject","inLanguage":"en-US","@id":"https:\/\/www.booksonthemove.fr\/en\/produit\/peau-pierre-coeur-dur\/#primaryimage","url":"https:\/\/www.booksonthemove.fr\/media\/bom_2999.jpeg","contentUrl":"https:\/\/www.booksonthemove.fr\/media\/bom_2999.jpeg","width":560,"height":800},{"@type":"BreadcrumbList","@id":"https:\/\/www.booksonthemove.fr\/en\/produit\/peau-pierre-coeur-dur\/#breadcrumb","itemListElement":[{"@type":"ListItem","position":1,"name":"Accueil","item":"https:\/\/www.booksonthemove.fr\/en\/"},{"@type":"ListItem","position":2,"name":"online store","item":"https:\/\/www.booksonthemove.fr\/en\/online-shop\/"},{"@type":"ListItem","position":3,"name":"Peau Pierre C\u0153ur Dur"}]},{"@type":"WebSite","@id":"https:\/\/www.booksonthemove.fr\/#website","url":"https:\/\/www.booksonthemove.fr\/","name":"Books on the Move","description":"librairie nomade - danse - mouvement - performance","publisher":{"@id":"https:\/\/www.booksonthemove.fr\/#organization"},"potentialAction":[{"@type":"SearchAction","target":{"@type":"EntryPoint","urlTemplate":"https:\/\/www.booksonthemove.fr\/?s={search_term_string}"},"query-input":{"@type":"PropertyValueSpecification","valueRequired":true,"valueName":"search_term_string"}}],"inLanguage":"en-US"},{"@type":"Organization","@id":"https:\/\/www.booksonthemove.fr\/#organization","name":"Books on the Move","url":"https:\/\/www.booksonthemove.fr\/","logo":{"@type":"ImageObject","inLanguage":"en-US","@id":"https:\/\/www.booksonthemove.fr\/#\/schema\/logo\/image\/","url":"https:\/\/www.booksonthemove.fr\/media\/logo-NB-400.jpg","contentUrl":"https:\/\/www.booksonthemove.fr\/media\/logo-NB-400.jpg","width":400,"height":143,"caption":"Books on the Move"},"image":{"@id":"https:\/\/www.booksonthemove.fr\/#\/schema\/logo\/image\/"},"sameAs":["https:\/\/www.facebook.com\/Librairiebooksonthemove\/"]}]}},"_links":{"self":[{"href":"https:\/\/www.booksonthemove.fr\/en\/wp-json\/wp\/v2\/product\/46164","targetHints":{"allow":["GET"]}}],"collection":[{"href":"https:\/\/www.booksonthemove.fr\/en\/wp-json\/wp\/v2\/product"}],"about":[{"href":"https:\/\/www.booksonthemove.fr\/en\/wp-json\/wp\/v2\/types\/product"}],"wp:featuredmedia":[{"embeddable":true,"href":"https:\/\/www.booksonthemove.fr\/en\/wp-json\/wp\/v2\/media\/46163"}],"wp:attachment":[{"href":"https:\/\/www.booksonthemove.fr\/en\/wp-json\/wp\/v2\/media?parent=46164"}],"wp:term":[{"taxonomy":"product_brand","embeddable":true,"href":"https:\/\/www.booksonthemove.fr\/en\/wp-json\/wp\/v2\/product_brand?post=46164"},{"taxonomy":"product_cat","embeddable":true,"href":"https:\/\/www.booksonthemove.fr\/en\/wp-json\/wp\/v2\/product_cat?post=46164"},{"taxonomy":"product_tag","embeddable":true,"href":"https:\/\/www.booksonthemove.fr\/en\/wp-json\/wp\/v2\/product_tag?post=46164"}],"curies":[{"name":"wp","href":"https:\/\/api.w.org\/{rel}","templated":true}]}}