{"id":46172,"date":"2025-11-07T16:36:18","date_gmt":"2025-11-07T15:36:18","guid":{"rendered":"https:\/\/www.booksonthemove.fr\/produit\/regards-partages-studio-le-regard-du-cygne-danses-de-1984-a-2024\/"},"modified":"2025-11-07T16:58:40","modified_gmt":"2025-11-07T15:58:40","slug":"regards-partages-studio-le-regard-du-cygne-danses-de-1984-a-2024","status":"publish","type":"product","link":"https:\/\/www.booksonthemove.fr\/en\/produit\/regards-partages-studio-le-regard-du-cygne-danses-de-1984-a-2024\/","title":{"rendered":"Regards partag\u00e9s &#8211; studio Le Regard du Cygne &#8211; danses de 1984 \u00e0 2024"},"content":{"rendered":"<p>Un peu plus de cent cinquante photos de danse (parmi des milliers), une trentaine de voix de danseurs (parmi des centaines d&#8217;artistes qui ont b\u00e9n\u00e9fici\u00e9 de l&#8217;\u00e9crin) pour raconter leur lien au lieu, et sept portraits, dont un bic\u00e9phale, de personnalit\u00e9s impliqu\u00e9es dans Le Regard du Cygne (parmi la possibilit\u00e9 de dizaines), c&#8217;est une humble mais importante trace pour dire ce que Le Regard du Cygne a \u00e9t\u00e9 durant 40 ans. Ce livre donne \u00e0 sentir l&#8217;immense vari\u00e9t\u00e9 d&#8217;histoires, d&#8217;esth\u00e9tiques, d&#8217;influences et de liens qui font la danse contemporaine dans nos murs. Dans cet espace, nous aimons qu&#8217;il y ait la place pour chaque mouvement, chaque corps, chaque \u00e9motion. La vitalit\u00e9 et l&#8217;engagement irriguent toute cette aventure.<\/p>\n","protected":false},"excerpt":{"rendered":"<p><b>AUTEUR\u00b7E\u00b7S :<\/b> ouvrage collectif sous la direction de Zo\u00eb Salmon &amp; Amy Swanson<br \/>\n<b>EDITEUR : <\/b>\u00e9ditions Paradox (2024)<\/p>\n<p><b>CARTONN\u00c9 : <\/b>284\u00a0pages<br \/>\n<b>LANGUE : <\/b>Fran\u00e7ais<br \/>\n<strong>ISBN13 <\/strong>: 978-2-915-25986-5<\/p>\n","protected":false},"featured_media":46171,"template":"","meta":[],"product_brand":[],"product_cat":[162,289],"product_tag":[],"class_list":{"0":"post-46172","1":"product","2":"type-product","3":"status-publish","4":"has-post-thumbnail","6":"product_cat-french-en","7":"product_cat-performance-venues-programming","9":"first","10":"instock","11":"taxable","12":"shipping-taxable","13":"purchasable","14":"product-type-simple"},"yoast_head":"<!-- This site is optimized with the Yoast SEO plugin v27.4 - https:\/\/yoast.com\/product\/yoast-seo-wordpress\/ -->\n<title>Regards partag\u00e9s - studio Le Regard du Cygne - danses de 1984 \u00e0 2024 - Books on the Move<\/title>\n<meta name=\"robots\" content=\"index, follow, max-snippet:-1, max-image-preview:large, max-video-preview:-1\" \/>\n<link rel=\"canonical\" href=\"https:\/\/www.booksonthemove.fr\/produit\/regards-partages-studio-le-regard-du-cygne-danses-de-1984-a-2024\/\" \/>\n<meta property=\"og:locale\" content=\"en_US\" \/>\n<meta property=\"og:type\" content=\"article\" \/>\n<meta property=\"og:title\" content=\"Regards partag\u00e9s - studio Le Regard du Cygne - danses de 1984 \u00e0 2024 - Books on the Move\" \/>\n<meta property=\"og:description\" content=\"AUTEUR\u00b7E\u00b7S : ouvrage collectif sous la direction de Zo\u00eb Salmon &amp; Amy Swanson EDITEUR : \u00e9ditions Paradox (2024)  CARTONN\u00c9 : 284\u00a0pages LANGUE : Fran\u00e7ais ISBN13 : 978-2-915-25986-5\" \/>\n<meta property=\"og:url\" content=\"https:\/\/www.booksonthemove.fr\/produit\/regards-partages-studio-le-regard-du-cygne-danses-de-1984-a-2024\/\" \/>\n<meta property=\"og:site_name\" content=\"Books on the Move\" \/>\n<meta property=\"article:publisher\" content=\"https:\/\/www.facebook.com\/Librairiebooksonthemove\/\" \/>\n<meta property=\"article:modified_time\" content=\"2025-11-07T15:58:40+00:00\" \/>\n<meta property=\"og:image\" content=\"https:\/\/www.booksonthemove.fr\/media\/bom_3000-e1762531106118.jpeg\" \/>\n\t<meta property=\"og:image:width\" content=\"513\" \/>\n\t<meta property=\"og:image:height\" content=\"800\" \/>\n\t<meta property=\"og:image:type\" content=\"image\/jpeg\" \/>\n<meta name=\"twitter:card\" content=\"summary_large_image\" \/>\n<script type=\"application\/ld+json\" class=\"yoast-schema-graph\">{\"@context\":\"https:\\\/\\\/schema.org\",\"@graph\":[{\"@type\":\"WebPage\",\"@id\":\"https:\\\/\\\/www.booksonthemove.fr\\\/produit\\\/regards-partages-studio-le-regard-du-cygne-danses-de-1984-a-2024\\\/\",\"url\":\"https:\\\/\\\/www.booksonthemove.fr\\\/produit\\\/regards-partages-studio-le-regard-du-cygne-danses-de-1984-a-2024\\\/\",\"name\":\"Regards partag\u00e9s - studio Le Regard du Cygne - danses de 1984 \u00e0 2024 - Books on the Move\",\"isPartOf\":{\"@id\":\"https:\\\/\\\/www.booksonthemove.fr\\\/#website\"},\"primaryImageOfPage\":{\"@id\":\"https:\\\/\\\/www.booksonthemove.fr\\\/produit\\\/regards-partages-studio-le-regard-du-cygne-danses-de-1984-a-2024\\\/#primaryimage\"},\"image\":{\"@id\":\"https:\\\/\\\/www.booksonthemove.fr\\\/produit\\\/regards-partages-studio-le-regard-du-cygne-danses-de-1984-a-2024\\\/#primaryimage\"},\"thumbnailUrl\":\"https:\\\/\\\/www.booksonthemove.fr\\\/media\\\/bom_3000-e1762531106118.jpeg\",\"datePublished\":\"2025-11-07T15:36:18+00:00\",\"dateModified\":\"2025-11-07T15:58:40+00:00\",\"breadcrumb\":{\"@id\":\"https:\\\/\\\/www.booksonthemove.fr\\\/produit\\\/regards-partages-studio-le-regard-du-cygne-danses-de-1984-a-2024\\\/#breadcrumb\"},\"inLanguage\":\"en-US\",\"potentialAction\":[{\"@type\":\"ReadAction\",\"target\":[\"https:\\\/\\\/www.booksonthemove.fr\\\/produit\\\/regards-partages-studio-le-regard-du-cygne-danses-de-1984-a-2024\\\/\"]}]},{\"@type\":\"ImageObject\",\"inLanguage\":\"en-US\",\"@id\":\"https:\\\/\\\/www.booksonthemove.fr\\\/produit\\\/regards-partages-studio-le-regard-du-cygne-danses-de-1984-a-2024\\\/#primaryimage\",\"url\":\"https:\\\/\\\/www.booksonthemove.fr\\\/media\\\/bom_3000-e1762531106118.jpeg\",\"contentUrl\":\"https:\\\/\\\/www.booksonthemove.fr\\\/media\\\/bom_3000-e1762531106118.jpeg\",\"width\":513,\"height\":800},{\"@type\":\"BreadcrumbList\",\"@id\":\"https:\\\/\\\/www.booksonthemove.fr\\\/produit\\\/regards-partages-studio-le-regard-du-cygne-danses-de-1984-a-2024\\\/#breadcrumb\",\"itemListElement\":[{\"@type\":\"ListItem\",\"position\":1,\"name\":\"Accueil\",\"item\":\"https:\\\/\\\/www.booksonthemove.fr\\\/en\\\/\"},{\"@type\":\"ListItem\",\"position\":2,\"name\":\"online store\",\"item\":\"https:\\\/\\\/www.booksonthemove.fr\\\/en\\\/online-shop\\\/\"},{\"@type\":\"ListItem\",\"position\":3,\"name\":\"Regards partag\u00e9s &#8211; studio Le Regard du Cygne &#8211; danses de 1984 \u00e0 2024\"}]},{\"@type\":\"WebSite\",\"@id\":\"https:\\\/\\\/www.booksonthemove.fr\\\/#website\",\"url\":\"https:\\\/\\\/www.booksonthemove.fr\\\/\",\"name\":\"Books on the Move\",\"description\":\"librairie nomade - danse - mouvement - performance\",\"publisher\":{\"@id\":\"https:\\\/\\\/www.booksonthemove.fr\\\/#organization\"},\"potentialAction\":[{\"@type\":\"SearchAction\",\"target\":{\"@type\":\"EntryPoint\",\"urlTemplate\":\"https:\\\/\\\/www.booksonthemove.fr\\\/?s={search_term_string}\"},\"query-input\":{\"@type\":\"PropertyValueSpecification\",\"valueRequired\":true,\"valueName\":\"search_term_string\"}}],\"inLanguage\":\"en-US\"},{\"@type\":\"Organization\",\"@id\":\"https:\\\/\\\/www.booksonthemove.fr\\\/#organization\",\"name\":\"Books on the Move\",\"url\":\"https:\\\/\\\/www.booksonthemove.fr\\\/\",\"logo\":{\"@type\":\"ImageObject\",\"inLanguage\":\"en-US\",\"@id\":\"https:\\\/\\\/www.booksonthemove.fr\\\/#\\\/schema\\\/logo\\\/image\\\/\",\"url\":\"https:\\\/\\\/www.booksonthemove.fr\\\/media\\\/logo-NB-400.jpg\",\"contentUrl\":\"https:\\\/\\\/www.booksonthemove.fr\\\/media\\\/logo-NB-400.jpg\",\"width\":400,\"height\":143,\"caption\":\"Books on the Move\"},\"image\":{\"@id\":\"https:\\\/\\\/www.booksonthemove.fr\\\/#\\\/schema\\\/logo\\\/image\\\/\"},\"sameAs\":[\"https:\\\/\\\/www.facebook.com\\\/Librairiebooksonthemove\\\/\"]}]}<\/script>\n<!-- \/ Yoast SEO plugin. -->","yoast_head_json":{"title":"Regards partag\u00e9s - studio Le Regard du Cygne - danses de 1984 \u00e0 2024 - Books on the Move","robots":{"index":"index","follow":"follow","max-snippet":"max-snippet:-1","max-image-preview":"max-image-preview:large","max-video-preview":"max-video-preview:-1"},"canonical":"https:\/\/www.booksonthemove.fr\/produit\/regards-partages-studio-le-regard-du-cygne-danses-de-1984-a-2024\/","og_locale":"en_US","og_type":"article","og_title":"Regards partag\u00e9s - studio Le Regard du Cygne - danses de 1984 \u00e0 2024 - Books on the Move","og_description":"AUTEUR\u00b7E\u00b7S : ouvrage collectif sous la direction de Zo\u00eb Salmon &amp; Amy Swanson EDITEUR : \u00e9ditions Paradox (2024)  CARTONN\u00c9 : 284\u00a0pages LANGUE : Fran\u00e7ais ISBN13 : 978-2-915-25986-5","og_url":"https:\/\/www.booksonthemove.fr\/produit\/regards-partages-studio-le-regard-du-cygne-danses-de-1984-a-2024\/","og_site_name":"Books on the Move","article_publisher":"https:\/\/www.facebook.com\/Librairiebooksonthemove\/","article_modified_time":"2025-11-07T15:58:40+00:00","og_image":[{"width":513,"height":800,"url":"https:\/\/www.booksonthemove.fr\/media\/bom_3000-e1762531106118.jpeg","type":"image\/jpeg"}],"twitter_card":"summary_large_image","schema":{"@context":"https:\/\/schema.org","@graph":[{"@type":"WebPage","@id":"https:\/\/www.booksonthemove.fr\/produit\/regards-partages-studio-le-regard-du-cygne-danses-de-1984-a-2024\/","url":"https:\/\/www.booksonthemove.fr\/produit\/regards-partages-studio-le-regard-du-cygne-danses-de-1984-a-2024\/","name":"Regards partag\u00e9s - studio Le Regard du Cygne - danses de 1984 \u00e0 2024 - Books on the Move","isPartOf":{"@id":"https:\/\/www.booksonthemove.fr\/#website"},"primaryImageOfPage":{"@id":"https:\/\/www.booksonthemove.fr\/produit\/regards-partages-studio-le-regard-du-cygne-danses-de-1984-a-2024\/#primaryimage"},"image":{"@id":"https:\/\/www.booksonthemove.fr\/produit\/regards-partages-studio-le-regard-du-cygne-danses-de-1984-a-2024\/#primaryimage"},"thumbnailUrl":"https:\/\/www.booksonthemove.fr\/media\/bom_3000-e1762531106118.jpeg","datePublished":"2025-11-07T15:36:18+00:00","dateModified":"2025-11-07T15:58:40+00:00","breadcrumb":{"@id":"https:\/\/www.booksonthemove.fr\/produit\/regards-partages-studio-le-regard-du-cygne-danses-de-1984-a-2024\/#breadcrumb"},"inLanguage":"en-US","potentialAction":[{"@type":"ReadAction","target":["https:\/\/www.booksonthemove.fr\/produit\/regards-partages-studio-le-regard-du-cygne-danses-de-1984-a-2024\/"]}]},{"@type":"ImageObject","inLanguage":"en-US","@id":"https:\/\/www.booksonthemove.fr\/produit\/regards-partages-studio-le-regard-du-cygne-danses-de-1984-a-2024\/#primaryimage","url":"https:\/\/www.booksonthemove.fr\/media\/bom_3000-e1762531106118.jpeg","contentUrl":"https:\/\/www.booksonthemove.fr\/media\/bom_3000-e1762531106118.jpeg","width":513,"height":800},{"@type":"BreadcrumbList","@id":"https:\/\/www.booksonthemove.fr\/produit\/regards-partages-studio-le-regard-du-cygne-danses-de-1984-a-2024\/#breadcrumb","itemListElement":[{"@type":"ListItem","position":1,"name":"Accueil","item":"https:\/\/www.booksonthemove.fr\/en\/"},{"@type":"ListItem","position":2,"name":"online store","item":"https:\/\/www.booksonthemove.fr\/en\/online-shop\/"},{"@type":"ListItem","position":3,"name":"Regards partag\u00e9s &#8211; studio Le Regard du Cygne &#8211; danses de 1984 \u00e0 2024"}]},{"@type":"WebSite","@id":"https:\/\/www.booksonthemove.fr\/#website","url":"https:\/\/www.booksonthemove.fr\/","name":"Books on the Move","description":"librairie nomade - danse - mouvement - performance","publisher":{"@id":"https:\/\/www.booksonthemove.fr\/#organization"},"potentialAction":[{"@type":"SearchAction","target":{"@type":"EntryPoint","urlTemplate":"https:\/\/www.booksonthemove.fr\/?s={search_term_string}"},"query-input":{"@type":"PropertyValueSpecification","valueRequired":true,"valueName":"search_term_string"}}],"inLanguage":"en-US"},{"@type":"Organization","@id":"https:\/\/www.booksonthemove.fr\/#organization","name":"Books on the Move","url":"https:\/\/www.booksonthemove.fr\/","logo":{"@type":"ImageObject","inLanguage":"en-US","@id":"https:\/\/www.booksonthemove.fr\/#\/schema\/logo\/image\/","url":"https:\/\/www.booksonthemove.fr\/media\/logo-NB-400.jpg","contentUrl":"https:\/\/www.booksonthemove.fr\/media\/logo-NB-400.jpg","width":400,"height":143,"caption":"Books on the Move"},"image":{"@id":"https:\/\/www.booksonthemove.fr\/#\/schema\/logo\/image\/"},"sameAs":["https:\/\/www.facebook.com\/Librairiebooksonthemove\/"]}]}},"_links":{"self":[{"href":"https:\/\/www.booksonthemove.fr\/en\/wp-json\/wp\/v2\/product\/46172","targetHints":{"allow":["GET"]}}],"collection":[{"href":"https:\/\/www.booksonthemove.fr\/en\/wp-json\/wp\/v2\/product"}],"about":[{"href":"https:\/\/www.booksonthemove.fr\/en\/wp-json\/wp\/v2\/types\/product"}],"wp:featuredmedia":[{"embeddable":true,"href":"https:\/\/www.booksonthemove.fr\/en\/wp-json\/wp\/v2\/media\/46171"}],"wp:attachment":[{"href":"https:\/\/www.booksonthemove.fr\/en\/wp-json\/wp\/v2\/media?parent=46172"}],"wp:term":[{"taxonomy":"product_brand","embeddable":true,"href":"https:\/\/www.booksonthemove.fr\/en\/wp-json\/wp\/v2\/product_brand?post=46172"},{"taxonomy":"product_cat","embeddable":true,"href":"https:\/\/www.booksonthemove.fr\/en\/wp-json\/wp\/v2\/product_cat?post=46172"},{"taxonomy":"product_tag","embeddable":true,"href":"https:\/\/www.booksonthemove.fr\/en\/wp-json\/wp\/v2\/product_tag?post=46172"}],"curies":[{"name":"wp","href":"https:\/\/api.w.org\/{rel}","templated":true}]}}