{"id":46239,"date":"2025-11-07T19:51:11","date_gmt":"2025-11-07T18:51:11","guid":{"rendered":"https:\/\/www.booksonthemove.fr\/produit\/la-discoteca\/"},"modified":"2025-11-19T20:08:32","modified_gmt":"2025-11-19T19:08:32","slug":"la-discoteca","status":"publish","type":"product","link":"https:\/\/www.booksonthemove.fr\/en\/produit\/la-discoteca\/","title":{"rendered":"La discoteca"},"content":{"rendered":"<p>La discoteca is a project by Jacopo Miliani comprising of a movie, a neon-light sculpture and a publication. Through an aesthetic marked by numerous cultural references and surreal visions, the artist proposes an open narrative in constant dialogue with the viewer on topics such as the construction of identity, the sphere of sexuality, queerness, gender fluidity and the relationship between personal choices and those imposed by society.\u00a0 The aim of the publishing project is to share a collection of fragments that make up the personal research conducted by Jacopo Miliani in parallel with the shooting of the film. The book is split into various sections, aiming to highlight how discos can be interpreted as contexts of contamination, transformationism, love relationships as well as gestures with strong political and social potential, capable of providing an interpretation of the present and a perspective on the future.<\/p>\n<p>Contributions by \/ Contributi di Jacopo Miliani (artist); Elisa Del Prete (curator of NOS); Mariuccia Casadio, (Art Consultant for Vogue Italia and expert in issues concerning culture and style); Luca Locati Luciani (essayist), and an original conversation with Eva Robin\u2019s.<\/p>\n<p><em>La discoteca<\/em> \u00e8 un progetto di Jacopo Miliani composto da un film, una scultura luminosa al neon e una pubblicazione. Attraverso un\u2019estetica marcata da numerosi riferimenti culturali e visioni surreali, l\u2019artista propone una narrazione aperta in costante dialogo con lo spettatore riguardo ad argomenti come la costruzione dell\u2019identit\u00e0, la sfera della sessualit\u00e0, la queerness, la fluidit\u00e0 di genere, il rapporto tra le scelte personali e quelle imposte dalla societ\u00e0. La pubblicazione condivide una raccolta di frammenti che compongono la ricerca personale condotta da Jacopo Miliani in parallelo alla costruzione del film. Il volume \u00e8 organizzato in diverse sezioni che mirano a evidenziare come le discoteche possano essere interpretate quali contesti di contaminazione, trasformismo, relazioni amorose e gestualit\u00e0 dal forte potenziale politico e sociale, in grado di offrire una lettura sul presente e una prospettiva sul futuro.<\/p>\n","protected":false},"excerpt":{"rendered":"<p><b>AUTHORS\/AUTORI<\/b><b>: <\/b>ouvrage collectif sous la direction\/opera collettiva a cura di Elisa Del Prete &amp; Silvia Litardi<br \/>\n<b>PUBLISHER\/EDITORE: <\/b>Viaindustriae publishing (2021)<\/p>\n<p><b>PAPERBACK\/RILEGATURA: <\/b>192\u00a0pages<br \/>\n<b>LANGUAGE\/LINGUA: <\/b>English\/Italien, Italiano\/Inglese<br \/>\n<b>ISBN13: <\/b>978-88-97753-68-1<\/p>\n","protected":false},"featured_media":46238,"template":"","meta":[],"product_brand":[],"product_cat":[135,212,258,152],"product_tag":[],"class_list":{"0":"post-46239","1":"product","2":"type-product","3":"status-publish","4":"has-post-thumbnail","6":"product_cat-english-en","7":"product_cat-artists-books-en","8":"product_cat-other-languages","9":"product_cat-performance-en","11":"first","12":"instock","13":"taxable","14":"shipping-taxable","15":"purchasable","16":"product-type-simple"},"yoast_head":"<!-- This site is optimized with the Yoast SEO plugin v27.4 - https:\/\/yoast.com\/product\/yoast-seo-wordpress\/ -->\n<title>La discoteca - Books on the Move<\/title>\n<meta name=\"robots\" content=\"index, follow, max-snippet:-1, max-image-preview:large, max-video-preview:-1\" \/>\n<link rel=\"canonical\" href=\"https:\/\/www.booksonthemove.fr\/en\/produit\/la-discoteca\/\" \/>\n<meta property=\"og:locale\" content=\"en_US\" \/>\n<meta property=\"og:type\" content=\"article\" \/>\n<meta property=\"og:title\" content=\"La discoteca - Books on the Move\" \/>\n<meta property=\"og:description\" content=\"AUTHORS\/AUTORI: ouvrage collectif sous la direction\/opera collettiva a cura di Elisa Del Prete &amp; Silvia Litardi PUBLISHER\/EDITORE: Viaindustriae publishing (2021)  PAPERBACK\/RILEGATURA: 192\u00a0pages LANGUAGE\/LINGUA: English\/Italien, Italiano\/Inglese ISBN13: 978-88-97753-68-1\" \/>\n<meta property=\"og:url\" content=\"https:\/\/www.booksonthemove.fr\/en\/produit\/la-discoteca\/\" \/>\n<meta property=\"og:site_name\" content=\"Books on the Move\" \/>\n<meta property=\"article:publisher\" content=\"https:\/\/www.facebook.com\/Librairiebooksonthemove\/\" \/>\n<meta property=\"article:modified_time\" content=\"2025-11-19T19:08:32+00:00\" \/>\n<meta property=\"og:image\" content=\"https:\/\/www.booksonthemove.fr\/media\/bom_3019.jpg\" \/>\n\t<meta property=\"og:image:width\" content=\"708\" \/>\n\t<meta property=\"og:image:height\" content=\"1000\" \/>\n\t<meta property=\"og:image:type\" content=\"image\/jpeg\" \/>\n<meta name=\"twitter:card\" content=\"summary_large_image\" \/>\n<script type=\"application\/ld+json\" class=\"yoast-schema-graph\">{\"@context\":\"https:\\\/\\\/schema.org\",\"@graph\":[{\"@type\":\"WebPage\",\"@id\":\"https:\\\/\\\/www.booksonthemove.fr\\\/en\\\/produit\\\/la-discoteca\\\/\",\"url\":\"https:\\\/\\\/www.booksonthemove.fr\\\/en\\\/produit\\\/la-discoteca\\\/\",\"name\":\"La discoteca - Books on the Move\",\"isPartOf\":{\"@id\":\"https:\\\/\\\/www.booksonthemove.fr\\\/#website\"},\"primaryImageOfPage\":{\"@id\":\"https:\\\/\\\/www.booksonthemove.fr\\\/en\\\/produit\\\/la-discoteca\\\/#primaryimage\"},\"image\":{\"@id\":\"https:\\\/\\\/www.booksonthemove.fr\\\/en\\\/produit\\\/la-discoteca\\\/#primaryimage\"},\"thumbnailUrl\":\"https:\\\/\\\/www.booksonthemove.fr\\\/media\\\/bom_3019.jpg\",\"datePublished\":\"2025-11-07T18:51:11+00:00\",\"dateModified\":\"2025-11-19T19:08:32+00:00\",\"breadcrumb\":{\"@id\":\"https:\\\/\\\/www.booksonthemove.fr\\\/en\\\/produit\\\/la-discoteca\\\/#breadcrumb\"},\"inLanguage\":\"en-US\",\"potentialAction\":[{\"@type\":\"ReadAction\",\"target\":[\"https:\\\/\\\/www.booksonthemove.fr\\\/en\\\/produit\\\/la-discoteca\\\/\"]}]},{\"@type\":\"ImageObject\",\"inLanguage\":\"en-US\",\"@id\":\"https:\\\/\\\/www.booksonthemove.fr\\\/en\\\/produit\\\/la-discoteca\\\/#primaryimage\",\"url\":\"https:\\\/\\\/www.booksonthemove.fr\\\/media\\\/bom_3019.jpg\",\"contentUrl\":\"https:\\\/\\\/www.booksonthemove.fr\\\/media\\\/bom_3019.jpg\",\"width\":708,\"height\":1000},{\"@type\":\"BreadcrumbList\",\"@id\":\"https:\\\/\\\/www.booksonthemove.fr\\\/en\\\/produit\\\/la-discoteca\\\/#breadcrumb\",\"itemListElement\":[{\"@type\":\"ListItem\",\"position\":1,\"name\":\"Accueil\",\"item\":\"https:\\\/\\\/www.booksonthemove.fr\\\/en\\\/\"},{\"@type\":\"ListItem\",\"position\":2,\"name\":\"online store\",\"item\":\"https:\\\/\\\/www.booksonthemove.fr\\\/en\\\/online-shop\\\/\"},{\"@type\":\"ListItem\",\"position\":3,\"name\":\"La discoteca\"}]},{\"@type\":\"WebSite\",\"@id\":\"https:\\\/\\\/www.booksonthemove.fr\\\/#website\",\"url\":\"https:\\\/\\\/www.booksonthemove.fr\\\/\",\"name\":\"Books on the Move\",\"description\":\"librairie nomade - danse - mouvement - performance\",\"publisher\":{\"@id\":\"https:\\\/\\\/www.booksonthemove.fr\\\/#organization\"},\"potentialAction\":[{\"@type\":\"SearchAction\",\"target\":{\"@type\":\"EntryPoint\",\"urlTemplate\":\"https:\\\/\\\/www.booksonthemove.fr\\\/?s={search_term_string}\"},\"query-input\":{\"@type\":\"PropertyValueSpecification\",\"valueRequired\":true,\"valueName\":\"search_term_string\"}}],\"inLanguage\":\"en-US\"},{\"@type\":\"Organization\",\"@id\":\"https:\\\/\\\/www.booksonthemove.fr\\\/#organization\",\"name\":\"Books on the Move\",\"url\":\"https:\\\/\\\/www.booksonthemove.fr\\\/\",\"logo\":{\"@type\":\"ImageObject\",\"inLanguage\":\"en-US\",\"@id\":\"https:\\\/\\\/www.booksonthemove.fr\\\/#\\\/schema\\\/logo\\\/image\\\/\",\"url\":\"https:\\\/\\\/www.booksonthemove.fr\\\/media\\\/logo-NB-400.jpg\",\"contentUrl\":\"https:\\\/\\\/www.booksonthemove.fr\\\/media\\\/logo-NB-400.jpg\",\"width\":400,\"height\":143,\"caption\":\"Books on the Move\"},\"image\":{\"@id\":\"https:\\\/\\\/www.booksonthemove.fr\\\/#\\\/schema\\\/logo\\\/image\\\/\"},\"sameAs\":[\"https:\\\/\\\/www.facebook.com\\\/Librairiebooksonthemove\\\/\"]}]}<\/script>\n<!-- \/ Yoast SEO plugin. -->","yoast_head_json":{"title":"La discoteca - Books on the Move","robots":{"index":"index","follow":"follow","max-snippet":"max-snippet:-1","max-image-preview":"max-image-preview:large","max-video-preview":"max-video-preview:-1"},"canonical":"https:\/\/www.booksonthemove.fr\/en\/produit\/la-discoteca\/","og_locale":"en_US","og_type":"article","og_title":"La discoteca - Books on the Move","og_description":"AUTHORS\/AUTORI: ouvrage collectif sous la direction\/opera collettiva a cura di Elisa Del Prete &amp; Silvia Litardi PUBLISHER\/EDITORE: Viaindustriae publishing (2021)  PAPERBACK\/RILEGATURA: 192\u00a0pages LANGUAGE\/LINGUA: English\/Italien, Italiano\/Inglese ISBN13: 978-88-97753-68-1","og_url":"https:\/\/www.booksonthemove.fr\/en\/produit\/la-discoteca\/","og_site_name":"Books on the Move","article_publisher":"https:\/\/www.facebook.com\/Librairiebooksonthemove\/","article_modified_time":"2025-11-19T19:08:32+00:00","og_image":[{"width":708,"height":1000,"url":"https:\/\/www.booksonthemove.fr\/media\/bom_3019.jpg","type":"image\/jpeg"}],"twitter_card":"summary_large_image","schema":{"@context":"https:\/\/schema.org","@graph":[{"@type":"WebPage","@id":"https:\/\/www.booksonthemove.fr\/en\/produit\/la-discoteca\/","url":"https:\/\/www.booksonthemove.fr\/en\/produit\/la-discoteca\/","name":"La discoteca - Books on the Move","isPartOf":{"@id":"https:\/\/www.booksonthemove.fr\/#website"},"primaryImageOfPage":{"@id":"https:\/\/www.booksonthemove.fr\/en\/produit\/la-discoteca\/#primaryimage"},"image":{"@id":"https:\/\/www.booksonthemove.fr\/en\/produit\/la-discoteca\/#primaryimage"},"thumbnailUrl":"https:\/\/www.booksonthemove.fr\/media\/bom_3019.jpg","datePublished":"2025-11-07T18:51:11+00:00","dateModified":"2025-11-19T19:08:32+00:00","breadcrumb":{"@id":"https:\/\/www.booksonthemove.fr\/en\/produit\/la-discoteca\/#breadcrumb"},"inLanguage":"en-US","potentialAction":[{"@type":"ReadAction","target":["https:\/\/www.booksonthemove.fr\/en\/produit\/la-discoteca\/"]}]},{"@type":"ImageObject","inLanguage":"en-US","@id":"https:\/\/www.booksonthemove.fr\/en\/produit\/la-discoteca\/#primaryimage","url":"https:\/\/www.booksonthemove.fr\/media\/bom_3019.jpg","contentUrl":"https:\/\/www.booksonthemove.fr\/media\/bom_3019.jpg","width":708,"height":1000},{"@type":"BreadcrumbList","@id":"https:\/\/www.booksonthemove.fr\/en\/produit\/la-discoteca\/#breadcrumb","itemListElement":[{"@type":"ListItem","position":1,"name":"Accueil","item":"https:\/\/www.booksonthemove.fr\/en\/"},{"@type":"ListItem","position":2,"name":"online store","item":"https:\/\/www.booksonthemove.fr\/en\/online-shop\/"},{"@type":"ListItem","position":3,"name":"La discoteca"}]},{"@type":"WebSite","@id":"https:\/\/www.booksonthemove.fr\/#website","url":"https:\/\/www.booksonthemove.fr\/","name":"Books on the Move","description":"librairie nomade - danse - mouvement - performance","publisher":{"@id":"https:\/\/www.booksonthemove.fr\/#organization"},"potentialAction":[{"@type":"SearchAction","target":{"@type":"EntryPoint","urlTemplate":"https:\/\/www.booksonthemove.fr\/?s={search_term_string}"},"query-input":{"@type":"PropertyValueSpecification","valueRequired":true,"valueName":"search_term_string"}}],"inLanguage":"en-US"},{"@type":"Organization","@id":"https:\/\/www.booksonthemove.fr\/#organization","name":"Books on the Move","url":"https:\/\/www.booksonthemove.fr\/","logo":{"@type":"ImageObject","inLanguage":"en-US","@id":"https:\/\/www.booksonthemove.fr\/#\/schema\/logo\/image\/","url":"https:\/\/www.booksonthemove.fr\/media\/logo-NB-400.jpg","contentUrl":"https:\/\/www.booksonthemove.fr\/media\/logo-NB-400.jpg","width":400,"height":143,"caption":"Books on the Move"},"image":{"@id":"https:\/\/www.booksonthemove.fr\/#\/schema\/logo\/image\/"},"sameAs":["https:\/\/www.facebook.com\/Librairiebooksonthemove\/"]}]}},"_links":{"self":[{"href":"https:\/\/www.booksonthemove.fr\/en\/wp-json\/wp\/v2\/product\/46239","targetHints":{"allow":["GET"]}}],"collection":[{"href":"https:\/\/www.booksonthemove.fr\/en\/wp-json\/wp\/v2\/product"}],"about":[{"href":"https:\/\/www.booksonthemove.fr\/en\/wp-json\/wp\/v2\/types\/product"}],"wp:featuredmedia":[{"embeddable":true,"href":"https:\/\/www.booksonthemove.fr\/en\/wp-json\/wp\/v2\/media\/46238"}],"wp:attachment":[{"href":"https:\/\/www.booksonthemove.fr\/en\/wp-json\/wp\/v2\/media?parent=46239"}],"wp:term":[{"taxonomy":"product_brand","embeddable":true,"href":"https:\/\/www.booksonthemove.fr\/en\/wp-json\/wp\/v2\/product_brand?post=46239"},{"taxonomy":"product_cat","embeddable":true,"href":"https:\/\/www.booksonthemove.fr\/en\/wp-json\/wp\/v2\/product_cat?post=46239"},{"taxonomy":"product_tag","embeddable":true,"href":"https:\/\/www.booksonthemove.fr\/en\/wp-json\/wp\/v2\/product_tag?post=46239"}],"curies":[{"name":"wp","href":"https:\/\/api.w.org\/{rel}","templated":true}]}}