{"id":46266,"date":"2025-11-07T21:03:44","date_gmt":"2025-11-07T20:03:44","guid":{"rendered":"https:\/\/www.booksonthemove.fr\/produit\/all-incomplete-alternatives-au-capitalisme-logistique\/"},"modified":"2025-11-19T20:06:40","modified_gmt":"2025-11-19T19:06:40","slug":"all-incomplete-alternatives-au-capitalisme-logistique","status":"publish","type":"product","link":"https:\/\/www.booksonthemove.fr\/en\/produit\/all-incomplete-alternatives-au-capitalisme-logistique\/","title":{"rendered":"All Incomplete &#8211; Alternatives au capitalisme logistique"},"content":{"rendered":"<p>Un manifeste pour l&#8217;un des courants principaux de la pens\u00e9e d\u00e9colonis\u00e9e nord-am\u00e9ricaine<\/p>\n<p>Stefano Harney et Fred Moten proposent une r\u00e9flexion r\u00e9volutionnaire sur nos modes de vie, nos \u00e9conomies et nos fa\u00e7ons de penser le collectif.<\/p>\n<p>Et si notre force r\u00e9sidait dans notre incompl\u00e9tude ? Dans cet ouvrage, Stefano Harney et Fred Moten repensent nos mani\u00e8res de vivre, d\u2019\u00e9changer et de cr\u00e9er du lien.<\/p>\n<p>Nos mod\u00e8les \u00e9conomiques et \u00e9thiques reposent sur la certitude que nous sommes des individus complets et souverains, alors qu\u2019en r\u00e9alit\u00e9, nous sommes toustes incompl\u00e8t\u00b7es. Les personnes dont l\u2019individualit\u00e9 a \u00e9t\u00e9 historiquement ni\u00e9e par l\u2019esclavage ont invent\u00e9 des mani\u00e8res de survivre dans les sous-sols du monde de la logistique. <em>All Incomplete<\/em> propose de d\u00e9ployer, \u00e0 leurs c\u00f4t\u00e9s, des alternatives \u00e0 la logique qui va de la plantation esclavagiste au capitalisme globalis\u00e9. Face aux crises climatiques et environnementales qui \u00e9branlent les illusions individualistes des privil\u00e9gi\u00e9\u00b7es, nos fragilit\u00e9s communes appellent \u00e0 une philosophie fond\u00e9e sur le partage des incompl\u00e9tudes plut\u00f4t que sur la qu\u00eate n\u00e9olib\u00e9rale du profit \u00e9conomique.<\/p>\n<p>S\u2019inscrivant dans la tradition radicale noire, un ensemble de pratiques et d\u2019\u00e9crits n\u00e9s des luttes africaines-am\u00e9ricaines, ce livre associe une \u00e9criture po\u00e9tique inspir\u00e9e et une rigueur politique pour questionner les fondements m\u00eames de notre monde, \u00e0 l\u2019\u00e8re des crises \u00e9cologiques et sociales globales. Harney et Moten ouvrent ainsi de nouvelles voies, celles de la po\u00e9sie, de la solidarit\u00e9 et de l\u2019insoumission.<\/p>\n","protected":false},"excerpt":{"rendered":"<p><b>AUTEURS : <\/b>Stefano Harney &amp; Fred Moten<br \/>\n<b>EDITEUR : <\/b>Les liens qui lib\u00e8rent (2025)<\/p>\n<p><strong>BROCH\u00c9 :<\/strong>\u00a0320 pages<br \/>\n<b>LANGUE : <\/b>Fran\u00e7ais<br \/>\n<strong>ISBN13 :<\/strong> 979-10-209-2257-1<\/p>\n","protected":false},"featured_media":46265,"template":"","meta":[],"product_brand":[],"product_cat":[727,146,162],"product_tag":[],"class_list":{"0":"post-46266","1":"product","2":"type-product","3":"status-publish","4":"has-post-thumbnail","6":"product_cat-anti-postcolonialism-en","7":"product_cat-theoretical-texts-en","8":"product_cat-french-en","10":"first","11":"instock","12":"taxable","13":"shipping-taxable","14":"purchasable","15":"product-type-simple"},"yoast_head":"<!-- This site is optimized with the Yoast SEO plugin v27.4 - https:\/\/yoast.com\/product\/yoast-seo-wordpress\/ -->\n<title>All Incomplete - Alternatives au capitalisme logistique - Books on the Move<\/title>\n<meta name=\"robots\" content=\"index, follow, max-snippet:-1, max-image-preview:large, max-video-preview:-1\" \/>\n<link rel=\"canonical\" href=\"https:\/\/www.booksonthemove.fr\/en\/produit\/all-incomplete-alternatives-au-capitalisme-logistique\/\" \/>\n<meta property=\"og:locale\" content=\"en_US\" \/>\n<meta property=\"og:type\" content=\"article\" \/>\n<meta property=\"og:title\" content=\"All Incomplete - Alternatives au capitalisme logistique - Books on the Move\" \/>\n<meta property=\"og:description\" content=\"AUTEURS : Stefano Harney &amp; Fred Moten EDITEUR : Les liens qui lib\u00e8rent (2025)  BROCH\u00c9 :\u00a0320 pages LANGUE : Fran\u00e7ais ISBN13 : 979-10-209-2257-1\" \/>\n<meta property=\"og:url\" content=\"https:\/\/www.booksonthemove.fr\/en\/produit\/all-incomplete-alternatives-au-capitalisme-logistique\/\" \/>\n<meta property=\"og:site_name\" content=\"Books on the Move\" \/>\n<meta property=\"article:publisher\" content=\"https:\/\/www.facebook.com\/Librairiebooksonthemove\/\" \/>\n<meta property=\"article:modified_time\" content=\"2025-11-19T19:06:40+00:00\" \/>\n<meta property=\"og:image\" content=\"https:\/\/www.booksonthemove.fr\/media\/livre_affiche_808.png\" \/>\n\t<meta property=\"og:image:width\" content=\"375\" \/>\n\t<meta property=\"og:image:height\" content=\"570\" \/>\n\t<meta property=\"og:image:type\" content=\"image\/png\" \/>\n<meta name=\"twitter:card\" content=\"summary_large_image\" \/>\n<script type=\"application\/ld+json\" class=\"yoast-schema-graph\">{\"@context\":\"https:\\\/\\\/schema.org\",\"@graph\":[{\"@type\":\"WebPage\",\"@id\":\"https:\\\/\\\/www.booksonthemove.fr\\\/en\\\/produit\\\/all-incomplete-alternatives-au-capitalisme-logistique\\\/\",\"url\":\"https:\\\/\\\/www.booksonthemove.fr\\\/en\\\/produit\\\/all-incomplete-alternatives-au-capitalisme-logistique\\\/\",\"name\":\"All Incomplete - Alternatives au capitalisme logistique - Books on the Move\",\"isPartOf\":{\"@id\":\"https:\\\/\\\/www.booksonthemove.fr\\\/#website\"},\"primaryImageOfPage\":{\"@id\":\"https:\\\/\\\/www.booksonthemove.fr\\\/en\\\/produit\\\/all-incomplete-alternatives-au-capitalisme-logistique\\\/#primaryimage\"},\"image\":{\"@id\":\"https:\\\/\\\/www.booksonthemove.fr\\\/en\\\/produit\\\/all-incomplete-alternatives-au-capitalisme-logistique\\\/#primaryimage\"},\"thumbnailUrl\":\"https:\\\/\\\/www.booksonthemove.fr\\\/media\\\/livre_affiche_808.png\",\"datePublished\":\"2025-11-07T20:03:44+00:00\",\"dateModified\":\"2025-11-19T19:06:40+00:00\",\"breadcrumb\":{\"@id\":\"https:\\\/\\\/www.booksonthemove.fr\\\/en\\\/produit\\\/all-incomplete-alternatives-au-capitalisme-logistique\\\/#breadcrumb\"},\"inLanguage\":\"en-US\",\"potentialAction\":[{\"@type\":\"ReadAction\",\"target\":[\"https:\\\/\\\/www.booksonthemove.fr\\\/en\\\/produit\\\/all-incomplete-alternatives-au-capitalisme-logistique\\\/\"]}]},{\"@type\":\"ImageObject\",\"inLanguage\":\"en-US\",\"@id\":\"https:\\\/\\\/www.booksonthemove.fr\\\/en\\\/produit\\\/all-incomplete-alternatives-au-capitalisme-logistique\\\/#primaryimage\",\"url\":\"https:\\\/\\\/www.booksonthemove.fr\\\/media\\\/livre_affiche_808.png\",\"contentUrl\":\"https:\\\/\\\/www.booksonthemove.fr\\\/media\\\/livre_affiche_808.png\",\"width\":375,\"height\":570},{\"@type\":\"BreadcrumbList\",\"@id\":\"https:\\\/\\\/www.booksonthemove.fr\\\/en\\\/produit\\\/all-incomplete-alternatives-au-capitalisme-logistique\\\/#breadcrumb\",\"itemListElement\":[{\"@type\":\"ListItem\",\"position\":1,\"name\":\"Accueil\",\"item\":\"https:\\\/\\\/www.booksonthemove.fr\\\/en\\\/\"},{\"@type\":\"ListItem\",\"position\":2,\"name\":\"online store\",\"item\":\"https:\\\/\\\/www.booksonthemove.fr\\\/en\\\/online-shop\\\/\"},{\"@type\":\"ListItem\",\"position\":3,\"name\":\"All Incomplete &#8211; Alternatives au capitalisme logistique\"}]},{\"@type\":\"WebSite\",\"@id\":\"https:\\\/\\\/www.booksonthemove.fr\\\/#website\",\"url\":\"https:\\\/\\\/www.booksonthemove.fr\\\/\",\"name\":\"Books on the Move\",\"description\":\"librairie nomade - danse - mouvement - performance\",\"publisher\":{\"@id\":\"https:\\\/\\\/www.booksonthemove.fr\\\/#organization\"},\"potentialAction\":[{\"@type\":\"SearchAction\",\"target\":{\"@type\":\"EntryPoint\",\"urlTemplate\":\"https:\\\/\\\/www.booksonthemove.fr\\\/?s={search_term_string}\"},\"query-input\":{\"@type\":\"PropertyValueSpecification\",\"valueRequired\":true,\"valueName\":\"search_term_string\"}}],\"inLanguage\":\"en-US\"},{\"@type\":\"Organization\",\"@id\":\"https:\\\/\\\/www.booksonthemove.fr\\\/#organization\",\"name\":\"Books on the Move\",\"url\":\"https:\\\/\\\/www.booksonthemove.fr\\\/\",\"logo\":{\"@type\":\"ImageObject\",\"inLanguage\":\"en-US\",\"@id\":\"https:\\\/\\\/www.booksonthemove.fr\\\/#\\\/schema\\\/logo\\\/image\\\/\",\"url\":\"https:\\\/\\\/www.booksonthemove.fr\\\/media\\\/logo-NB-400.jpg\",\"contentUrl\":\"https:\\\/\\\/www.booksonthemove.fr\\\/media\\\/logo-NB-400.jpg\",\"width\":400,\"height\":143,\"caption\":\"Books on the Move\"},\"image\":{\"@id\":\"https:\\\/\\\/www.booksonthemove.fr\\\/#\\\/schema\\\/logo\\\/image\\\/\"},\"sameAs\":[\"https:\\\/\\\/www.facebook.com\\\/Librairiebooksonthemove\\\/\"]}]}<\/script>\n<!-- \/ Yoast SEO plugin. -->","yoast_head_json":{"title":"All Incomplete - Alternatives au capitalisme logistique - Books on the Move","robots":{"index":"index","follow":"follow","max-snippet":"max-snippet:-1","max-image-preview":"max-image-preview:large","max-video-preview":"max-video-preview:-1"},"canonical":"https:\/\/www.booksonthemove.fr\/en\/produit\/all-incomplete-alternatives-au-capitalisme-logistique\/","og_locale":"en_US","og_type":"article","og_title":"All Incomplete - Alternatives au capitalisme logistique - Books on the Move","og_description":"AUTEURS : Stefano Harney &amp; Fred Moten EDITEUR : Les liens qui lib\u00e8rent (2025)  BROCH\u00c9 :\u00a0320 pages LANGUE : Fran\u00e7ais ISBN13 : 979-10-209-2257-1","og_url":"https:\/\/www.booksonthemove.fr\/en\/produit\/all-incomplete-alternatives-au-capitalisme-logistique\/","og_site_name":"Books on the Move","article_publisher":"https:\/\/www.facebook.com\/Librairiebooksonthemove\/","article_modified_time":"2025-11-19T19:06:40+00:00","og_image":[{"width":375,"height":570,"url":"https:\/\/www.booksonthemove.fr\/media\/livre_affiche_808.png","type":"image\/png"}],"twitter_card":"summary_large_image","schema":{"@context":"https:\/\/schema.org","@graph":[{"@type":"WebPage","@id":"https:\/\/www.booksonthemove.fr\/en\/produit\/all-incomplete-alternatives-au-capitalisme-logistique\/","url":"https:\/\/www.booksonthemove.fr\/en\/produit\/all-incomplete-alternatives-au-capitalisme-logistique\/","name":"All Incomplete - Alternatives au capitalisme logistique - Books on the Move","isPartOf":{"@id":"https:\/\/www.booksonthemove.fr\/#website"},"primaryImageOfPage":{"@id":"https:\/\/www.booksonthemove.fr\/en\/produit\/all-incomplete-alternatives-au-capitalisme-logistique\/#primaryimage"},"image":{"@id":"https:\/\/www.booksonthemove.fr\/en\/produit\/all-incomplete-alternatives-au-capitalisme-logistique\/#primaryimage"},"thumbnailUrl":"https:\/\/www.booksonthemove.fr\/media\/livre_affiche_808.png","datePublished":"2025-11-07T20:03:44+00:00","dateModified":"2025-11-19T19:06:40+00:00","breadcrumb":{"@id":"https:\/\/www.booksonthemove.fr\/en\/produit\/all-incomplete-alternatives-au-capitalisme-logistique\/#breadcrumb"},"inLanguage":"en-US","potentialAction":[{"@type":"ReadAction","target":["https:\/\/www.booksonthemove.fr\/en\/produit\/all-incomplete-alternatives-au-capitalisme-logistique\/"]}]},{"@type":"ImageObject","inLanguage":"en-US","@id":"https:\/\/www.booksonthemove.fr\/en\/produit\/all-incomplete-alternatives-au-capitalisme-logistique\/#primaryimage","url":"https:\/\/www.booksonthemove.fr\/media\/livre_affiche_808.png","contentUrl":"https:\/\/www.booksonthemove.fr\/media\/livre_affiche_808.png","width":375,"height":570},{"@type":"BreadcrumbList","@id":"https:\/\/www.booksonthemove.fr\/en\/produit\/all-incomplete-alternatives-au-capitalisme-logistique\/#breadcrumb","itemListElement":[{"@type":"ListItem","position":1,"name":"Accueil","item":"https:\/\/www.booksonthemove.fr\/en\/"},{"@type":"ListItem","position":2,"name":"online store","item":"https:\/\/www.booksonthemove.fr\/en\/online-shop\/"},{"@type":"ListItem","position":3,"name":"All Incomplete &#8211; Alternatives au capitalisme logistique"}]},{"@type":"WebSite","@id":"https:\/\/www.booksonthemove.fr\/#website","url":"https:\/\/www.booksonthemove.fr\/","name":"Books on the Move","description":"librairie nomade - danse - mouvement - performance","publisher":{"@id":"https:\/\/www.booksonthemove.fr\/#organization"},"potentialAction":[{"@type":"SearchAction","target":{"@type":"EntryPoint","urlTemplate":"https:\/\/www.booksonthemove.fr\/?s={search_term_string}"},"query-input":{"@type":"PropertyValueSpecification","valueRequired":true,"valueName":"search_term_string"}}],"inLanguage":"en-US"},{"@type":"Organization","@id":"https:\/\/www.booksonthemove.fr\/#organization","name":"Books on the Move","url":"https:\/\/www.booksonthemove.fr\/","logo":{"@type":"ImageObject","inLanguage":"en-US","@id":"https:\/\/www.booksonthemove.fr\/#\/schema\/logo\/image\/","url":"https:\/\/www.booksonthemove.fr\/media\/logo-NB-400.jpg","contentUrl":"https:\/\/www.booksonthemove.fr\/media\/logo-NB-400.jpg","width":400,"height":143,"caption":"Books on the Move"},"image":{"@id":"https:\/\/www.booksonthemove.fr\/#\/schema\/logo\/image\/"},"sameAs":["https:\/\/www.facebook.com\/Librairiebooksonthemove\/"]}]}},"_links":{"self":[{"href":"https:\/\/www.booksonthemove.fr\/en\/wp-json\/wp\/v2\/product\/46266","targetHints":{"allow":["GET"]}}],"collection":[{"href":"https:\/\/www.booksonthemove.fr\/en\/wp-json\/wp\/v2\/product"}],"about":[{"href":"https:\/\/www.booksonthemove.fr\/en\/wp-json\/wp\/v2\/types\/product"}],"wp:featuredmedia":[{"embeddable":true,"href":"https:\/\/www.booksonthemove.fr\/en\/wp-json\/wp\/v2\/media\/46265"}],"wp:attachment":[{"href":"https:\/\/www.booksonthemove.fr\/en\/wp-json\/wp\/v2\/media?parent=46266"}],"wp:term":[{"taxonomy":"product_brand","embeddable":true,"href":"https:\/\/www.booksonthemove.fr\/en\/wp-json\/wp\/v2\/product_brand?post=46266"},{"taxonomy":"product_cat","embeddable":true,"href":"https:\/\/www.booksonthemove.fr\/en\/wp-json\/wp\/v2\/product_cat?post=46266"},{"taxonomy":"product_tag","embeddable":true,"href":"https:\/\/www.booksonthemove.fr\/en\/wp-json\/wp\/v2\/product_tag?post=46266"}],"curies":[{"name":"wp","href":"https:\/\/api.w.org\/{rel}","templated":true}]}}