{"id":46396,"date":"2025-11-08T19:27:31","date_gmt":"2025-11-08T18:27:31","guid":{"rendered":"https:\/\/www.booksonthemove.fr\/produit\/nadia-lauro-scenographies\/"},"modified":"2026-04-21T12:46:40","modified_gmt":"2026-04-21T10:46:40","slug":"nadia-lauro-scenographies","status":"publish","type":"product","link":"https:\/\/www.booksonthemove.fr\/en\/produit\/nadia-lauro-scenographies\/","title":{"rendered":"Nadia Lauro &#8211; Scenographies"},"content":{"rendered":"<div class=\"accroche\">Une r\u00e9trospective des sc\u00e9nographies saisissantes cr\u00e9\u00e9es par Nadia Lauro depuis le d\u00e9but des ann\u00e9es 2000, environnements visuels, paysages fictionnels, architectures hallucin\u00e9es et d\u00e9cors vivants qui jouent un r\u00f4le \u00e9minent au sein du champ magn\u00e9tique de la danse et de la performance en Europe.<\/div>\n<div class=\"citation\">Ce livre richement illustr\u00e9 retrace l&#8217;\u00e9pop\u00e9e des dispositifs cr\u00e9\u00e9s par Nadia Lauro, notamment au travers de multiples collaborations avec des chor\u00e9graphes et metteur\u00b7euses en sc\u00e8ne embl\u00e9matiques de leur temps tel\u00b7les que\u00a0Jennifer Lacey, Vera Mantero, Beno\u00eet Lachambre, Alain Buffard, Barbara Kraus, Emmanuelle Huynh, Antonija Livingstone, Fanny de Chaill\u00e9, Latifa La\u00e2bissi, Jonathan Capdevielle, Antonia Baehr,\u00a0Yasmine Hugonnet, Nosfell, \u00c9milie Rousset,\u00a0Kate McIntosh, Marion Si\u00e9fert et Meg Stuart. Un ensemble in\u00e9dit d&#8217;essais, de lettres complices ainsi qu&#8217;un glossaire \u00e9largi mettent en lumi\u00e8re l&#8217;ADN exp\u00e9rimental\u00a0des espaces sensibles exceptionnels que Nadia Lauro \u00e9chafaude pour que nous puissions s\u00e9journer ensemble.<\/div>\n<div><\/div>\n<div>*****<\/div>\n<div><\/div>\n<div>\n<div class=\"accroche\">A retrospective of the striking scenographies designed by Nadia Lauro since the early 2000s, visual environments, fictional landscapes, disorienting architectures, and living sets that have played a pivotal role across the vibrant field of dance and performance in Europe.<\/div>\n<div class=\"citation\">This richly illustrated book evocatively captures Nadia Lauro&#8217;s shapeshifting works through multiple collaborations with groundbreaking choreographers and directors such as\u00a0Jennifer Lacey, Vera Mantero, Beno\u00eet Lachambre, Alain Buffard, Barbara Kraus, Emmanuelle Huynh, Antonija Livingstone, Fanny de Chaill\u00e9, Latifa La\u00e2bissi, Jonathan Capdevielle, Antonia Baehr,\u00a0Yasmine Hugonnet, Nosfell, \u00c9milie Rousset,\u00a0Kate McIntosh, Marion Si\u00e9fert,\u00a0and\u00a0Meg Stuart.\u00a0A newly commissioned series of essays and letters as well as an expanded glossary shed light on the experimental DNA of Nadia Lauro&#8217;s\u00a0exceptional affective spaces that hold us together.<\/div>\n<\/div>\n<div><\/div>\n<div>******<\/div>\n<div>\n<div class=\"note\"><\/div>\n<\/div>\n<div>Contributions de\/by No\u00e9mie Solomon, Laure Fernandez,\u00a0Ruth Est\u00e9vez,\u00a0Jeanne Qu\u00e9heillard,\u00a0Isabelle Launay,\u00a0Eylu\u0308l Fidan Ak\u0131nc\u0131,\u00a0Myriam Van Imschoot,\u00a0Sarah Maeght,\u00a0Alexandra Baudelot,\u00a0Will Rawls,\u00a0Cristina Grande,\u00a0Werner Hirsh,\u00a0Carola Caggiano,\u00a0Marie-No\u00eblle.<\/div>\n","protected":false},"excerpt":{"rendered":"<p><b>AUTRICE\/AUTHOR : <\/b>\u00e9dit\u00e9 par\/edited by No\u00e9mie Solomon<br \/>\n<b>EDITEUR\/PUBLISHER : <\/b>les Presses du r\u00e9el (2025)<\/p>\n<p><strong>BROCH\u00c9\/SOFTCOVER :<\/strong> 272 pages<br \/>\n<b>LANGUE\/LANGUAGE : <\/b>Fran\u00e7ais\/Anglais, French\/English<br \/>\n<strong>ISBN13 :<\/strong> 978-2-37896-639-3<\/p>\n","protected":false},"featured_media":46391,"template":"","meta":[],"product_brand":[],"product_cat":[135,297,227,162,755],"product_tag":[],"class_list":{"0":"post-46396","1":"product","2":"type-product","3":"status-publish","4":"has-post-thumbnail","6":"product_cat-english-en","7":"product_cat-correspondences","8":"product_cat-essays-en","9":"product_cat-french-en","10":"product_cat-scenographies","12":"first","13":"instock","14":"taxable","15":"shipping-taxable","16":"purchasable","17":"product-type-simple"},"yoast_head":"<!-- This site is optimized with the Yoast SEO plugin v27.4 - https:\/\/yoast.com\/product\/yoast-seo-wordpress\/ -->\n<title>Nadia Lauro - Scenographies - Books on the Move<\/title>\n<meta name=\"robots\" content=\"index, follow, max-snippet:-1, max-image-preview:large, max-video-preview:-1\" \/>\n<link rel=\"canonical\" href=\"https:\/\/www.booksonthemove.fr\/en\/produit\/nadia-lauro-scenographies\/\" \/>\n<meta property=\"og:locale\" content=\"en_US\" \/>\n<meta property=\"og:type\" content=\"article\" \/>\n<meta property=\"og:title\" content=\"Nadia Lauro - Scenographies - Books on the Move\" \/>\n<meta property=\"og:description\" content=\"AUTRICE\/AUTHOR : \u00e9dit\u00e9 par\/edited by No\u00e9mie Solomon EDITEUR\/PUBLISHER : les Presses du r\u00e9el (2025)  BROCH\u00c9\/SOFTCOVER : 272 pages LANGUE\/LANGUAGE : Fran\u00e7ais\/Anglais, French\/English ISBN13 : 978-2-37896-639-3\" \/>\n<meta property=\"og:url\" content=\"https:\/\/www.booksonthemove.fr\/en\/produit\/nadia-lauro-scenographies\/\" \/>\n<meta property=\"og:site_name\" content=\"Books on the Move\" \/>\n<meta property=\"article:publisher\" content=\"https:\/\/www.facebook.com\/Librairiebooksonthemove\/\" \/>\n<meta property=\"article:modified_time\" content=\"2026-04-21T10:46:40+00:00\" \/>\n<meta property=\"og:image\" content=\"https:\/\/www.booksonthemove.fr\/media\/bom_3009.jpg\" \/>\n\t<meta property=\"og:image:width\" content=\"1487\" \/>\n\t<meta property=\"og:image:height\" content=\"2047\" \/>\n\t<meta property=\"og:image:type\" content=\"image\/jpeg\" \/>\n<meta name=\"twitter:card\" content=\"summary_large_image\" \/>\n<script type=\"application\/ld+json\" class=\"yoast-schema-graph\">{\"@context\":\"https:\\\/\\\/schema.org\",\"@graph\":[{\"@type\":\"WebPage\",\"@id\":\"https:\\\/\\\/www.booksonthemove.fr\\\/en\\\/produit\\\/nadia-lauro-scenographies\\\/\",\"url\":\"https:\\\/\\\/www.booksonthemove.fr\\\/en\\\/produit\\\/nadia-lauro-scenographies\\\/\",\"name\":\"Nadia Lauro - Scenographies - Books on the Move\",\"isPartOf\":{\"@id\":\"https:\\\/\\\/www.booksonthemove.fr\\\/#website\"},\"primaryImageOfPage\":{\"@id\":\"https:\\\/\\\/www.booksonthemove.fr\\\/en\\\/produit\\\/nadia-lauro-scenographies\\\/#primaryimage\"},\"image\":{\"@id\":\"https:\\\/\\\/www.booksonthemove.fr\\\/en\\\/produit\\\/nadia-lauro-scenographies\\\/#primaryimage\"},\"thumbnailUrl\":\"https:\\\/\\\/www.booksonthemove.fr\\\/media\\\/bom_3009.jpg\",\"datePublished\":\"2025-11-08T18:27:31+00:00\",\"dateModified\":\"2026-04-21T10:46:40+00:00\",\"breadcrumb\":{\"@id\":\"https:\\\/\\\/www.booksonthemove.fr\\\/en\\\/produit\\\/nadia-lauro-scenographies\\\/#breadcrumb\"},\"inLanguage\":\"en-US\",\"potentialAction\":[{\"@type\":\"ReadAction\",\"target\":[\"https:\\\/\\\/www.booksonthemove.fr\\\/en\\\/produit\\\/nadia-lauro-scenographies\\\/\"]}]},{\"@type\":\"ImageObject\",\"inLanguage\":\"en-US\",\"@id\":\"https:\\\/\\\/www.booksonthemove.fr\\\/en\\\/produit\\\/nadia-lauro-scenographies\\\/#primaryimage\",\"url\":\"https:\\\/\\\/www.booksonthemove.fr\\\/media\\\/bom_3009.jpg\",\"contentUrl\":\"https:\\\/\\\/www.booksonthemove.fr\\\/media\\\/bom_3009.jpg\",\"width\":1487,\"height\":2047},{\"@type\":\"BreadcrumbList\",\"@id\":\"https:\\\/\\\/www.booksonthemove.fr\\\/en\\\/produit\\\/nadia-lauro-scenographies\\\/#breadcrumb\",\"itemListElement\":[{\"@type\":\"ListItem\",\"position\":1,\"name\":\"Accueil\",\"item\":\"https:\\\/\\\/www.booksonthemove.fr\\\/en\\\/\"},{\"@type\":\"ListItem\",\"position\":2,\"name\":\"online store\",\"item\":\"https:\\\/\\\/www.booksonthemove.fr\\\/en\\\/online-shop\\\/\"},{\"@type\":\"ListItem\",\"position\":3,\"name\":\"Nadia Lauro &#8211; Scenographies\"}]},{\"@type\":\"WebSite\",\"@id\":\"https:\\\/\\\/www.booksonthemove.fr\\\/#website\",\"url\":\"https:\\\/\\\/www.booksonthemove.fr\\\/\",\"name\":\"Books on the Move\",\"description\":\"librairie nomade - danse - mouvement - performance\",\"publisher\":{\"@id\":\"https:\\\/\\\/www.booksonthemove.fr\\\/#organization\"},\"potentialAction\":[{\"@type\":\"SearchAction\",\"target\":{\"@type\":\"EntryPoint\",\"urlTemplate\":\"https:\\\/\\\/www.booksonthemove.fr\\\/?s={search_term_string}\"},\"query-input\":{\"@type\":\"PropertyValueSpecification\",\"valueRequired\":true,\"valueName\":\"search_term_string\"}}],\"inLanguage\":\"en-US\"},{\"@type\":\"Organization\",\"@id\":\"https:\\\/\\\/www.booksonthemove.fr\\\/#organization\",\"name\":\"Books on the Move\",\"url\":\"https:\\\/\\\/www.booksonthemove.fr\\\/\",\"logo\":{\"@type\":\"ImageObject\",\"inLanguage\":\"en-US\",\"@id\":\"https:\\\/\\\/www.booksonthemove.fr\\\/#\\\/schema\\\/logo\\\/image\\\/\",\"url\":\"https:\\\/\\\/www.booksonthemove.fr\\\/media\\\/logo-NB-400.jpg\",\"contentUrl\":\"https:\\\/\\\/www.booksonthemove.fr\\\/media\\\/logo-NB-400.jpg\",\"width\":400,\"height\":143,\"caption\":\"Books on the Move\"},\"image\":{\"@id\":\"https:\\\/\\\/www.booksonthemove.fr\\\/#\\\/schema\\\/logo\\\/image\\\/\"},\"sameAs\":[\"https:\\\/\\\/www.facebook.com\\\/Librairiebooksonthemove\\\/\"]}]}<\/script>\n<!-- \/ Yoast SEO plugin. -->","yoast_head_json":{"title":"Nadia Lauro - Scenographies - Books on the Move","robots":{"index":"index","follow":"follow","max-snippet":"max-snippet:-1","max-image-preview":"max-image-preview:large","max-video-preview":"max-video-preview:-1"},"canonical":"https:\/\/www.booksonthemove.fr\/en\/produit\/nadia-lauro-scenographies\/","og_locale":"en_US","og_type":"article","og_title":"Nadia Lauro - Scenographies - Books on the Move","og_description":"AUTRICE\/AUTHOR : \u00e9dit\u00e9 par\/edited by No\u00e9mie Solomon EDITEUR\/PUBLISHER : les Presses du r\u00e9el (2025)  BROCH\u00c9\/SOFTCOVER : 272 pages LANGUE\/LANGUAGE : Fran\u00e7ais\/Anglais, French\/English ISBN13 : 978-2-37896-639-3","og_url":"https:\/\/www.booksonthemove.fr\/en\/produit\/nadia-lauro-scenographies\/","og_site_name":"Books on the Move","article_publisher":"https:\/\/www.facebook.com\/Librairiebooksonthemove\/","article_modified_time":"2026-04-21T10:46:40+00:00","og_image":[{"width":1487,"height":2047,"url":"https:\/\/www.booksonthemove.fr\/media\/bom_3009.jpg","type":"image\/jpeg"}],"twitter_card":"summary_large_image","schema":{"@context":"https:\/\/schema.org","@graph":[{"@type":"WebPage","@id":"https:\/\/www.booksonthemove.fr\/en\/produit\/nadia-lauro-scenographies\/","url":"https:\/\/www.booksonthemove.fr\/en\/produit\/nadia-lauro-scenographies\/","name":"Nadia Lauro - Scenographies - Books on the Move","isPartOf":{"@id":"https:\/\/www.booksonthemove.fr\/#website"},"primaryImageOfPage":{"@id":"https:\/\/www.booksonthemove.fr\/en\/produit\/nadia-lauro-scenographies\/#primaryimage"},"image":{"@id":"https:\/\/www.booksonthemove.fr\/en\/produit\/nadia-lauro-scenographies\/#primaryimage"},"thumbnailUrl":"https:\/\/www.booksonthemove.fr\/media\/bom_3009.jpg","datePublished":"2025-11-08T18:27:31+00:00","dateModified":"2026-04-21T10:46:40+00:00","breadcrumb":{"@id":"https:\/\/www.booksonthemove.fr\/en\/produit\/nadia-lauro-scenographies\/#breadcrumb"},"inLanguage":"en-US","potentialAction":[{"@type":"ReadAction","target":["https:\/\/www.booksonthemove.fr\/en\/produit\/nadia-lauro-scenographies\/"]}]},{"@type":"ImageObject","inLanguage":"en-US","@id":"https:\/\/www.booksonthemove.fr\/en\/produit\/nadia-lauro-scenographies\/#primaryimage","url":"https:\/\/www.booksonthemove.fr\/media\/bom_3009.jpg","contentUrl":"https:\/\/www.booksonthemove.fr\/media\/bom_3009.jpg","width":1487,"height":2047},{"@type":"BreadcrumbList","@id":"https:\/\/www.booksonthemove.fr\/en\/produit\/nadia-lauro-scenographies\/#breadcrumb","itemListElement":[{"@type":"ListItem","position":1,"name":"Accueil","item":"https:\/\/www.booksonthemove.fr\/en\/"},{"@type":"ListItem","position":2,"name":"online store","item":"https:\/\/www.booksonthemove.fr\/en\/online-shop\/"},{"@type":"ListItem","position":3,"name":"Nadia Lauro &#8211; Scenographies"}]},{"@type":"WebSite","@id":"https:\/\/www.booksonthemove.fr\/#website","url":"https:\/\/www.booksonthemove.fr\/","name":"Books on the Move","description":"librairie nomade - danse - mouvement - performance","publisher":{"@id":"https:\/\/www.booksonthemove.fr\/#organization"},"potentialAction":[{"@type":"SearchAction","target":{"@type":"EntryPoint","urlTemplate":"https:\/\/www.booksonthemove.fr\/?s={search_term_string}"},"query-input":{"@type":"PropertyValueSpecification","valueRequired":true,"valueName":"search_term_string"}}],"inLanguage":"en-US"},{"@type":"Organization","@id":"https:\/\/www.booksonthemove.fr\/#organization","name":"Books on the Move","url":"https:\/\/www.booksonthemove.fr\/","logo":{"@type":"ImageObject","inLanguage":"en-US","@id":"https:\/\/www.booksonthemove.fr\/#\/schema\/logo\/image\/","url":"https:\/\/www.booksonthemove.fr\/media\/logo-NB-400.jpg","contentUrl":"https:\/\/www.booksonthemove.fr\/media\/logo-NB-400.jpg","width":400,"height":143,"caption":"Books on the Move"},"image":{"@id":"https:\/\/www.booksonthemove.fr\/#\/schema\/logo\/image\/"},"sameAs":["https:\/\/www.facebook.com\/Librairiebooksonthemove\/"]}]}},"_links":{"self":[{"href":"https:\/\/www.booksonthemove.fr\/en\/wp-json\/wp\/v2\/product\/46396","targetHints":{"allow":["GET"]}}],"collection":[{"href":"https:\/\/www.booksonthemove.fr\/en\/wp-json\/wp\/v2\/product"}],"about":[{"href":"https:\/\/www.booksonthemove.fr\/en\/wp-json\/wp\/v2\/types\/product"}],"wp:featuredmedia":[{"embeddable":true,"href":"https:\/\/www.booksonthemove.fr\/en\/wp-json\/wp\/v2\/media\/46391"}],"wp:attachment":[{"href":"https:\/\/www.booksonthemove.fr\/en\/wp-json\/wp\/v2\/media?parent=46396"}],"wp:term":[{"taxonomy":"product_brand","embeddable":true,"href":"https:\/\/www.booksonthemove.fr\/en\/wp-json\/wp\/v2\/product_brand?post=46396"},{"taxonomy":"product_cat","embeddable":true,"href":"https:\/\/www.booksonthemove.fr\/en\/wp-json\/wp\/v2\/product_cat?post=46396"},{"taxonomy":"product_tag","embeddable":true,"href":"https:\/\/www.booksonthemove.fr\/en\/wp-json\/wp\/v2\/product_tag?post=46396"}],"curies":[{"name":"wp","href":"https:\/\/api.w.org\/{rel}","templated":true}]}}