{"id":46400,"date":"2025-11-08T19:37:56","date_gmt":"2025-11-08T18:37:56","guid":{"rendered":"https:\/\/www.booksonthemove.fr\/produit\/ecotransfeminismes\/"},"modified":"2026-03-05T16:15:39","modified_gmt":"2026-03-05T15:15:39","slug":"ecotransfeminismes","status":"publish","type":"product","link":"https:\/\/www.booksonthemove.fr\/en\/produit\/ecotransfeminismes\/","title":{"rendered":"\u00c9cotransf\u00e9minismes"},"content":{"rendered":"<p>Dans un contexte o\u00f9 le capitalisme et les grandes entreprises d\u00e9truisent la plan\u00e8te avec une impunit\u00e9 croissante et o\u00f9 les guerres n\u00e9ocoloniales menacent les vies de toustes les vivant\u00b7es, de nombreuses soci\u00e9t\u00e9s sont sous le coup d\u2019une mont\u00e9e en puissance de nouvelles extr\u00eames-droites. \u00c0 l\u2019int\u00e9rieur de ces n\u00e9ofascismes, un dangereux m\u00e9lange de paniques climatiques, migratoires et anti-trans est mobilis\u00e9 pour faire avancer des visions r\u00e9actionnaires.<\/p>\n<p>Face \u00e0 l\u2019urgence \u00e9cologique et sociale, Emma Big\u00e9 et Clovis Maillet enqu\u00eatent sur une famille \u00e9mergente de pens\u00e9es et de luttes : les \u00e9cotransf\u00e9minismes. Des \u00e9cologies qui pensent avec et pour les vies non normatives et qui appellent \u00e0 forger de nouvelles alliances, \u00e0 agir face aux pollutions plastiques comme aux attaques contre les transparentalit\u00e9s, et \u00e0 lutter pour la diversit\u00e9 des esp\u00e8ces, des sexualit\u00e9s et des genres. Un essai sensible et politique pour penser ensemble la puissance des vies trans et la richesse des mondes qu\u2019elles ouvrent.<\/p>\n","protected":false},"excerpt":{"rendered":"<p><strong>AUTEUR\u00b7ES<\/strong><b> : <\/b>Emma Big\u00e9 &amp; Clovis Maillet<br \/>\n<b>\u00c9DITEUR : <\/b>Les liens qui lib\u00e8rent (2025)<\/p>\n<p><strong>BROCH\u00c9 :<\/strong> 272 pages<br \/>\n<b>LANGUE : <\/b>Fran\u00e7ais<br \/>\n<strong>ISBN13 :<\/strong> 979-10-209-2300-4<\/p>\n","protected":false},"featured_media":46399,"template":"","meta":[],"product_brand":[],"product_cat":[143,658,227,162,715],"product_tag":[],"class_list":{"0":"post-46400","1":"product","2":"type-product","3":"status-publish","4":"has-post-thumbnail","6":"product_cat-gender-studies-en","7":"product_cat-ecofeminisme-en","8":"product_cat-essays-en","9":"product_cat-french-en","10":"product_cat-transfem-en","12":"first","13":"outofstock","14":"taxable","15":"shipping-taxable","16":"purchasable","17":"product-type-simple"},"yoast_head":"<!-- This site is optimized with the Yoast SEO plugin v27.4 - https:\/\/yoast.com\/product\/yoast-seo-wordpress\/ -->\n<title>\u00c9cotransf\u00e9minismes - Books on the Move<\/title>\n<meta name=\"robots\" content=\"index, follow, max-snippet:-1, max-image-preview:large, max-video-preview:-1\" \/>\n<link rel=\"canonical\" href=\"https:\/\/www.booksonthemove.fr\/en\/produit\/ecotransfeminismes\/\" \/>\n<meta property=\"og:locale\" content=\"en_US\" \/>\n<meta property=\"og:type\" content=\"article\" \/>\n<meta property=\"og:title\" content=\"\u00c9cotransf\u00e9minismes - Books on the Move\" \/>\n<meta property=\"og:description\" content=\"AUTEUR\u00b7ES : Emma Big\u00e9 &amp; Clovis Maillet \u00c9DITEUR : Les liens qui lib\u00e8rent (2025)  BROCH\u00c9 : 272 pages LANGUE : Fran\u00e7ais ISBN13 : 979-10-209-2300-4\" \/>\n<meta property=\"og:url\" content=\"https:\/\/www.booksonthemove.fr\/en\/produit\/ecotransfeminismes\/\" \/>\n<meta property=\"og:site_name\" content=\"Books on the Move\" \/>\n<meta property=\"article:publisher\" content=\"https:\/\/www.facebook.com\/Librairiebooksonthemove\/\" \/>\n<meta property=\"article:modified_time\" content=\"2026-03-05T15:15:39+00:00\" \/>\n<meta property=\"og:image\" content=\"https:\/\/www.booksonthemove.fr\/media\/bom_3016.jpg\" \/>\n\t<meta property=\"og:image:width\" content=\"720\" \/>\n\t<meta property=\"og:image:height\" content=\"1092\" \/>\n\t<meta property=\"og:image:type\" content=\"image\/jpeg\" \/>\n<meta name=\"twitter:card\" content=\"summary_large_image\" \/>\n<script type=\"application\/ld+json\" class=\"yoast-schema-graph\">{\"@context\":\"https:\\\/\\\/schema.org\",\"@graph\":[{\"@type\":\"WebPage\",\"@id\":\"https:\\\/\\\/www.booksonthemove.fr\\\/en\\\/produit\\\/ecotransfeminismes\\\/\",\"url\":\"https:\\\/\\\/www.booksonthemove.fr\\\/en\\\/produit\\\/ecotransfeminismes\\\/\",\"name\":\"\u00c9cotransf\u00e9minismes - Books on the Move\",\"isPartOf\":{\"@id\":\"https:\\\/\\\/www.booksonthemove.fr\\\/#website\"},\"primaryImageOfPage\":{\"@id\":\"https:\\\/\\\/www.booksonthemove.fr\\\/en\\\/produit\\\/ecotransfeminismes\\\/#primaryimage\"},\"image\":{\"@id\":\"https:\\\/\\\/www.booksonthemove.fr\\\/en\\\/produit\\\/ecotransfeminismes\\\/#primaryimage\"},\"thumbnailUrl\":\"https:\\\/\\\/www.booksonthemove.fr\\\/media\\\/bom_3016.jpg\",\"datePublished\":\"2025-11-08T18:37:56+00:00\",\"dateModified\":\"2026-03-05T15:15:39+00:00\",\"breadcrumb\":{\"@id\":\"https:\\\/\\\/www.booksonthemove.fr\\\/en\\\/produit\\\/ecotransfeminismes\\\/#breadcrumb\"},\"inLanguage\":\"en-US\",\"potentialAction\":[{\"@type\":\"ReadAction\",\"target\":[\"https:\\\/\\\/www.booksonthemove.fr\\\/en\\\/produit\\\/ecotransfeminismes\\\/\"]}]},{\"@type\":\"ImageObject\",\"inLanguage\":\"en-US\",\"@id\":\"https:\\\/\\\/www.booksonthemove.fr\\\/en\\\/produit\\\/ecotransfeminismes\\\/#primaryimage\",\"url\":\"https:\\\/\\\/www.booksonthemove.fr\\\/media\\\/bom_3016.jpg\",\"contentUrl\":\"https:\\\/\\\/www.booksonthemove.fr\\\/media\\\/bom_3016.jpg\",\"width\":720,\"height\":1092},{\"@type\":\"BreadcrumbList\",\"@id\":\"https:\\\/\\\/www.booksonthemove.fr\\\/en\\\/produit\\\/ecotransfeminismes\\\/#breadcrumb\",\"itemListElement\":[{\"@type\":\"ListItem\",\"position\":1,\"name\":\"Accueil\",\"item\":\"https:\\\/\\\/www.booksonthemove.fr\\\/en\\\/\"},{\"@type\":\"ListItem\",\"position\":2,\"name\":\"online store\",\"item\":\"https:\\\/\\\/www.booksonthemove.fr\\\/en\\\/online-shop\\\/\"},{\"@type\":\"ListItem\",\"position\":3,\"name\":\"\u00c9cotransf\u00e9minismes\"}]},{\"@type\":\"WebSite\",\"@id\":\"https:\\\/\\\/www.booksonthemove.fr\\\/#website\",\"url\":\"https:\\\/\\\/www.booksonthemove.fr\\\/\",\"name\":\"Books on the Move\",\"description\":\"librairie nomade - danse - mouvement - performance\",\"publisher\":{\"@id\":\"https:\\\/\\\/www.booksonthemove.fr\\\/#organization\"},\"potentialAction\":[{\"@type\":\"SearchAction\",\"target\":{\"@type\":\"EntryPoint\",\"urlTemplate\":\"https:\\\/\\\/www.booksonthemove.fr\\\/?s={search_term_string}\"},\"query-input\":{\"@type\":\"PropertyValueSpecification\",\"valueRequired\":true,\"valueName\":\"search_term_string\"}}],\"inLanguage\":\"en-US\"},{\"@type\":\"Organization\",\"@id\":\"https:\\\/\\\/www.booksonthemove.fr\\\/#organization\",\"name\":\"Books on the Move\",\"url\":\"https:\\\/\\\/www.booksonthemove.fr\\\/\",\"logo\":{\"@type\":\"ImageObject\",\"inLanguage\":\"en-US\",\"@id\":\"https:\\\/\\\/www.booksonthemove.fr\\\/#\\\/schema\\\/logo\\\/image\\\/\",\"url\":\"https:\\\/\\\/www.booksonthemove.fr\\\/media\\\/logo-NB-400.jpg\",\"contentUrl\":\"https:\\\/\\\/www.booksonthemove.fr\\\/media\\\/logo-NB-400.jpg\",\"width\":400,\"height\":143,\"caption\":\"Books on the Move\"},\"image\":{\"@id\":\"https:\\\/\\\/www.booksonthemove.fr\\\/#\\\/schema\\\/logo\\\/image\\\/\"},\"sameAs\":[\"https:\\\/\\\/www.facebook.com\\\/Librairiebooksonthemove\\\/\"]}]}<\/script>\n<!-- \/ Yoast SEO plugin. -->","yoast_head_json":{"title":"\u00c9cotransf\u00e9minismes - Books on the Move","robots":{"index":"index","follow":"follow","max-snippet":"max-snippet:-1","max-image-preview":"max-image-preview:large","max-video-preview":"max-video-preview:-1"},"canonical":"https:\/\/www.booksonthemove.fr\/en\/produit\/ecotransfeminismes\/","og_locale":"en_US","og_type":"article","og_title":"\u00c9cotransf\u00e9minismes - Books on the Move","og_description":"AUTEUR\u00b7ES : Emma Big\u00e9 &amp; Clovis Maillet \u00c9DITEUR : Les liens qui lib\u00e8rent (2025)  BROCH\u00c9 : 272 pages LANGUE : Fran\u00e7ais ISBN13 : 979-10-209-2300-4","og_url":"https:\/\/www.booksonthemove.fr\/en\/produit\/ecotransfeminismes\/","og_site_name":"Books on the Move","article_publisher":"https:\/\/www.facebook.com\/Librairiebooksonthemove\/","article_modified_time":"2026-03-05T15:15:39+00:00","og_image":[{"width":720,"height":1092,"url":"https:\/\/www.booksonthemove.fr\/media\/bom_3016.jpg","type":"image\/jpeg"}],"twitter_card":"summary_large_image","schema":{"@context":"https:\/\/schema.org","@graph":[{"@type":"WebPage","@id":"https:\/\/www.booksonthemove.fr\/en\/produit\/ecotransfeminismes\/","url":"https:\/\/www.booksonthemove.fr\/en\/produit\/ecotransfeminismes\/","name":"\u00c9cotransf\u00e9minismes - Books on the Move","isPartOf":{"@id":"https:\/\/www.booksonthemove.fr\/#website"},"primaryImageOfPage":{"@id":"https:\/\/www.booksonthemove.fr\/en\/produit\/ecotransfeminismes\/#primaryimage"},"image":{"@id":"https:\/\/www.booksonthemove.fr\/en\/produit\/ecotransfeminismes\/#primaryimage"},"thumbnailUrl":"https:\/\/www.booksonthemove.fr\/media\/bom_3016.jpg","datePublished":"2025-11-08T18:37:56+00:00","dateModified":"2026-03-05T15:15:39+00:00","breadcrumb":{"@id":"https:\/\/www.booksonthemove.fr\/en\/produit\/ecotransfeminismes\/#breadcrumb"},"inLanguage":"en-US","potentialAction":[{"@type":"ReadAction","target":["https:\/\/www.booksonthemove.fr\/en\/produit\/ecotransfeminismes\/"]}]},{"@type":"ImageObject","inLanguage":"en-US","@id":"https:\/\/www.booksonthemove.fr\/en\/produit\/ecotransfeminismes\/#primaryimage","url":"https:\/\/www.booksonthemove.fr\/media\/bom_3016.jpg","contentUrl":"https:\/\/www.booksonthemove.fr\/media\/bom_3016.jpg","width":720,"height":1092},{"@type":"BreadcrumbList","@id":"https:\/\/www.booksonthemove.fr\/en\/produit\/ecotransfeminismes\/#breadcrumb","itemListElement":[{"@type":"ListItem","position":1,"name":"Accueil","item":"https:\/\/www.booksonthemove.fr\/en\/"},{"@type":"ListItem","position":2,"name":"online store","item":"https:\/\/www.booksonthemove.fr\/en\/online-shop\/"},{"@type":"ListItem","position":3,"name":"\u00c9cotransf\u00e9minismes"}]},{"@type":"WebSite","@id":"https:\/\/www.booksonthemove.fr\/#website","url":"https:\/\/www.booksonthemove.fr\/","name":"Books on the Move","description":"librairie nomade - danse - mouvement - performance","publisher":{"@id":"https:\/\/www.booksonthemove.fr\/#organization"},"potentialAction":[{"@type":"SearchAction","target":{"@type":"EntryPoint","urlTemplate":"https:\/\/www.booksonthemove.fr\/?s={search_term_string}"},"query-input":{"@type":"PropertyValueSpecification","valueRequired":true,"valueName":"search_term_string"}}],"inLanguage":"en-US"},{"@type":"Organization","@id":"https:\/\/www.booksonthemove.fr\/#organization","name":"Books on the Move","url":"https:\/\/www.booksonthemove.fr\/","logo":{"@type":"ImageObject","inLanguage":"en-US","@id":"https:\/\/www.booksonthemove.fr\/#\/schema\/logo\/image\/","url":"https:\/\/www.booksonthemove.fr\/media\/logo-NB-400.jpg","contentUrl":"https:\/\/www.booksonthemove.fr\/media\/logo-NB-400.jpg","width":400,"height":143,"caption":"Books on the Move"},"image":{"@id":"https:\/\/www.booksonthemove.fr\/#\/schema\/logo\/image\/"},"sameAs":["https:\/\/www.facebook.com\/Librairiebooksonthemove\/"]}]}},"_links":{"self":[{"href":"https:\/\/www.booksonthemove.fr\/en\/wp-json\/wp\/v2\/product\/46400","targetHints":{"allow":["GET"]}}],"collection":[{"href":"https:\/\/www.booksonthemove.fr\/en\/wp-json\/wp\/v2\/product"}],"about":[{"href":"https:\/\/www.booksonthemove.fr\/en\/wp-json\/wp\/v2\/types\/product"}],"wp:featuredmedia":[{"embeddable":true,"href":"https:\/\/www.booksonthemove.fr\/en\/wp-json\/wp\/v2\/media\/46399"}],"wp:attachment":[{"href":"https:\/\/www.booksonthemove.fr\/en\/wp-json\/wp\/v2\/media?parent=46400"}],"wp:term":[{"taxonomy":"product_brand","embeddable":true,"href":"https:\/\/www.booksonthemove.fr\/en\/wp-json\/wp\/v2\/product_brand?post=46400"},{"taxonomy":"product_cat","embeddable":true,"href":"https:\/\/www.booksonthemove.fr\/en\/wp-json\/wp\/v2\/product_cat?post=46400"},{"taxonomy":"product_tag","embeddable":true,"href":"https:\/\/www.booksonthemove.fr\/en\/wp-json\/wp\/v2\/product_tag?post=46400"}],"curies":[{"name":"wp","href":"https:\/\/api.w.org\/{rel}","templated":true}]}}