{"id":46426,"date":"2025-11-07T16:45:56","date_gmt":"2025-11-07T15:45:56","guid":{"rendered":"https:\/\/www.booksonthemove.fr\/?post_type=product&#038;p=46426"},"modified":"2025-11-30T19:49:56","modified_gmt":"2025-11-30T18:49:56","slug":"concourir-histoires-et-dynamiques-des-concours-en-danse","status":"publish","type":"product","link":"https:\/\/www.booksonthemove.fr\/en\/produit\/concourir-histoires-et-dynamiques-des-concours-en-danse\/","title":{"rendered":"Concourir !? Histoires et dynamiques des concours en danse"},"content":{"rendered":"<p>Des f\u00eates de la Renaissance aux championnats de \u00ab danse bretonne \u00bb, du Prix de Lausanne aux battles de hip-hop, les comp\u00e9titions ont toujours occup\u00e9 une place centrale dans les milieux chor\u00e9graphiques. Qu\u2019elles se tiennent dans un gymnase ou sur une sc\u00e8ne, elles constituent des rituels individuels et collectifs dans la formation des danseurs. Mais concourir en danse, est-ce incorporer des normes ou affirmer sa singularit\u00e9 ? C\u00e9der \u00e0 la rivalit\u00e9 ou exp\u00e9rimenter une forme de rencontre ? Entre virtuosit\u00e9 athl\u00e9tique et recherche artistique, distinction et d\u00e9passement de soi, reconnaissance publique et risque de normalisation, les concours en danse activent de nombreux paradoxes qui traversent le champ de la danse.<\/p>\n<p>C\u2019est \u00e0 ces ambivalences que s\u2019int\u00e9resse cet ouvrage en posant les jalons d\u2019une histoire jusqu\u2019ici peu document\u00e9e. En croisant approches historiques, sociologiques, philosophiques et esth\u00e9tiques, il examine la complexit\u00e9 des dispositifs comp\u00e9titifs autant que leur r\u00f4le dans l\u2019\u00e9conomie, la visibilit\u00e9 et l\u2019invention des danses.<\/p>\n<p>Textes de Michel Briand, Theresa J. Buckland, Laura Cappelle, Carole Christe, Marc Cl\u00e9rivet, Angela Conquet, Ann R. David, Sherril Dodds, Isabelle Dufau, Catherine E. Foley, Laure Guilbert, Rebecca Hilton, Tristan J\u00e9z\u00e9quel Coajou, Gediminas Karoblis, Ak\u00e8ne Lenoir, H\u00e9l\u00e8ne Marqui\u00e9, Marco Mary, Valentine Nagata-Ramos, Anne Nguyen, Ana Rita Nicoliello, Marina Nordera, Emilie Ouedraogo Spencer, M\u00e9lanie Papin, Guillaume Sint\u00e8s, Joanna Szymajda, Thierry Terret, Georgiana Wierre-Gore.<\/p>\n","protected":false},"excerpt":{"rendered":"<p><strong>AUTEUR\u00b7ES :<\/strong> ouvrage collectif sous la direction de Laetitia Basselier<br \/>\n<strong>EDITEUR :<\/strong> Centre national de la danse (2025)<\/p>\n<p><strong>BROCH\u00c9 :<\/strong> 368 pages<br \/>\n<strong>LANGUE :<\/strong> Fran\u00e7ais<br \/>\n<strong>ISBN : <\/strong>979-1-097-38836-2<\/p>\n","protected":false},"featured_media":46427,"template":"","meta":[],"product_brand":[],"product_cat":[215,162,136,206],"product_tag":[],"class_list":{"0":"post-46426","1":"product","2":"type-product","3":"status-publish","4":"has-post-thumbnail","6":"product_cat-symposiums-conferences-en","7":"product_cat-french-en","8":"product_cat-histoire-en","9":"product_cat-philosophy-aesthetics-en","11":"first","12":"instock","13":"taxable","14":"shipping-taxable","15":"purchasable","16":"product-type-simple"},"yoast_head":"<!-- This site is optimized with the Yoast SEO plugin v27.4 - https:\/\/yoast.com\/product\/yoast-seo-wordpress\/ -->\n<title>Concourir !? Histoires et dynamiques des concours en danse - Books on the Move<\/title>\n<meta name=\"robots\" content=\"index, follow, max-snippet:-1, max-image-preview:large, max-video-preview:-1\" \/>\n<link rel=\"canonical\" href=\"https:\/\/www.booksonthemove.fr\/en\/produit\/concourir-histoires-et-dynamiques-des-concours-en-danse\/\" \/>\n<meta property=\"og:locale\" content=\"en_US\" \/>\n<meta property=\"og:type\" content=\"article\" \/>\n<meta property=\"og:title\" content=\"Concourir !? Histoires et dynamiques des concours en danse - Books on the Move\" \/>\n<meta property=\"og:description\" content=\"AUTEUR\u00b7ES : ouvrage collectif sous la direction de Laetitia Basselier EDITEUR : Centre national de la danse (2025)  BROCH\u00c9 : 368 pages LANGUE : Fran\u00e7ais ISBN : 979-1-097-38836-2\" \/>\n<meta property=\"og:url\" content=\"https:\/\/www.booksonthemove.fr\/en\/produit\/concourir-histoires-et-dynamiques-des-concours-en-danse\/\" \/>\n<meta property=\"og:site_name\" content=\"Books on the Move\" \/>\n<meta property=\"article:publisher\" content=\"https:\/\/www.facebook.com\/Librairiebooksonthemove\/\" \/>\n<meta property=\"article:modified_time\" content=\"2025-11-30T18:49:56+00:00\" \/>\n<meta property=\"og:image\" content=\"https:\/\/www.booksonthemove.fr\/media\/bom_3014.jpeg\" \/>\n\t<meta property=\"og:image:width\" content=\"512\" \/>\n\t<meta property=\"og:image:height\" content=\"772\" \/>\n\t<meta property=\"og:image:type\" content=\"image\/jpeg\" \/>\n<meta name=\"twitter:card\" content=\"summary_large_image\" \/>\n<script type=\"application\/ld+json\" class=\"yoast-schema-graph\">{\"@context\":\"https:\\\/\\\/schema.org\",\"@graph\":[{\"@type\":\"WebPage\",\"@id\":\"https:\\\/\\\/www.booksonthemove.fr\\\/en\\\/produit\\\/concourir-histoires-et-dynamiques-des-concours-en-danse\\\/\",\"url\":\"https:\\\/\\\/www.booksonthemove.fr\\\/en\\\/produit\\\/concourir-histoires-et-dynamiques-des-concours-en-danse\\\/\",\"name\":\"Concourir !? Histoires et dynamiques des concours en danse - Books on the Move\",\"isPartOf\":{\"@id\":\"https:\\\/\\\/www.booksonthemove.fr\\\/#website\"},\"primaryImageOfPage\":{\"@id\":\"https:\\\/\\\/www.booksonthemove.fr\\\/en\\\/produit\\\/concourir-histoires-et-dynamiques-des-concours-en-danse\\\/#primaryimage\"},\"image\":{\"@id\":\"https:\\\/\\\/www.booksonthemove.fr\\\/en\\\/produit\\\/concourir-histoires-et-dynamiques-des-concours-en-danse\\\/#primaryimage\"},\"thumbnailUrl\":\"https:\\\/\\\/www.booksonthemove.fr\\\/media\\\/bom_3014.jpeg\",\"datePublished\":\"2025-11-07T15:45:56+00:00\",\"dateModified\":\"2025-11-30T18:49:56+00:00\",\"breadcrumb\":{\"@id\":\"https:\\\/\\\/www.booksonthemove.fr\\\/en\\\/produit\\\/concourir-histoires-et-dynamiques-des-concours-en-danse\\\/#breadcrumb\"},\"inLanguage\":\"en-US\",\"potentialAction\":[{\"@type\":\"ReadAction\",\"target\":[\"https:\\\/\\\/www.booksonthemove.fr\\\/en\\\/produit\\\/concourir-histoires-et-dynamiques-des-concours-en-danse\\\/\"]}]},{\"@type\":\"ImageObject\",\"inLanguage\":\"en-US\",\"@id\":\"https:\\\/\\\/www.booksonthemove.fr\\\/en\\\/produit\\\/concourir-histoires-et-dynamiques-des-concours-en-danse\\\/#primaryimage\",\"url\":\"https:\\\/\\\/www.booksonthemove.fr\\\/media\\\/bom_3014.jpeg\",\"contentUrl\":\"https:\\\/\\\/www.booksonthemove.fr\\\/media\\\/bom_3014.jpeg\",\"width\":512,\"height\":772},{\"@type\":\"BreadcrumbList\",\"@id\":\"https:\\\/\\\/www.booksonthemove.fr\\\/en\\\/produit\\\/concourir-histoires-et-dynamiques-des-concours-en-danse\\\/#breadcrumb\",\"itemListElement\":[{\"@type\":\"ListItem\",\"position\":1,\"name\":\"Accueil\",\"item\":\"https:\\\/\\\/www.booksonthemove.fr\\\/en\\\/\"},{\"@type\":\"ListItem\",\"position\":2,\"name\":\"online store\",\"item\":\"https:\\\/\\\/www.booksonthemove.fr\\\/en\\\/online-shop\\\/\"},{\"@type\":\"ListItem\",\"position\":3,\"name\":\"Concourir !? Histoires et dynamiques des concours en danse\"}]},{\"@type\":\"WebSite\",\"@id\":\"https:\\\/\\\/www.booksonthemove.fr\\\/#website\",\"url\":\"https:\\\/\\\/www.booksonthemove.fr\\\/\",\"name\":\"Books on the Move\",\"description\":\"librairie nomade - danse - mouvement - performance\",\"publisher\":{\"@id\":\"https:\\\/\\\/www.booksonthemove.fr\\\/#organization\"},\"potentialAction\":[{\"@type\":\"SearchAction\",\"target\":{\"@type\":\"EntryPoint\",\"urlTemplate\":\"https:\\\/\\\/www.booksonthemove.fr\\\/?s={search_term_string}\"},\"query-input\":{\"@type\":\"PropertyValueSpecification\",\"valueRequired\":true,\"valueName\":\"search_term_string\"}}],\"inLanguage\":\"en-US\"},{\"@type\":\"Organization\",\"@id\":\"https:\\\/\\\/www.booksonthemove.fr\\\/#organization\",\"name\":\"Books on the Move\",\"url\":\"https:\\\/\\\/www.booksonthemove.fr\\\/\",\"logo\":{\"@type\":\"ImageObject\",\"inLanguage\":\"en-US\",\"@id\":\"https:\\\/\\\/www.booksonthemove.fr\\\/#\\\/schema\\\/logo\\\/image\\\/\",\"url\":\"https:\\\/\\\/www.booksonthemove.fr\\\/media\\\/logo-NB-400.jpg\",\"contentUrl\":\"https:\\\/\\\/www.booksonthemove.fr\\\/media\\\/logo-NB-400.jpg\",\"width\":400,\"height\":143,\"caption\":\"Books on the Move\"},\"image\":{\"@id\":\"https:\\\/\\\/www.booksonthemove.fr\\\/#\\\/schema\\\/logo\\\/image\\\/\"},\"sameAs\":[\"https:\\\/\\\/www.facebook.com\\\/Librairiebooksonthemove\\\/\"]}]}<\/script>\n<!-- \/ Yoast SEO plugin. -->","yoast_head_json":{"title":"Concourir !? Histoires et dynamiques des concours en danse - Books on the Move","robots":{"index":"index","follow":"follow","max-snippet":"max-snippet:-1","max-image-preview":"max-image-preview:large","max-video-preview":"max-video-preview:-1"},"canonical":"https:\/\/www.booksonthemove.fr\/en\/produit\/concourir-histoires-et-dynamiques-des-concours-en-danse\/","og_locale":"en_US","og_type":"article","og_title":"Concourir !? Histoires et dynamiques des concours en danse - Books on the Move","og_description":"AUTEUR\u00b7ES : ouvrage collectif sous la direction de Laetitia Basselier EDITEUR : Centre national de la danse (2025)  BROCH\u00c9 : 368 pages LANGUE : Fran\u00e7ais ISBN : 979-1-097-38836-2","og_url":"https:\/\/www.booksonthemove.fr\/en\/produit\/concourir-histoires-et-dynamiques-des-concours-en-danse\/","og_site_name":"Books on the Move","article_publisher":"https:\/\/www.facebook.com\/Librairiebooksonthemove\/","article_modified_time":"2025-11-30T18:49:56+00:00","og_image":[{"width":512,"height":772,"url":"https:\/\/www.booksonthemove.fr\/media\/bom_3014.jpeg","type":"image\/jpeg"}],"twitter_card":"summary_large_image","schema":{"@context":"https:\/\/schema.org","@graph":[{"@type":"WebPage","@id":"https:\/\/www.booksonthemove.fr\/en\/produit\/concourir-histoires-et-dynamiques-des-concours-en-danse\/","url":"https:\/\/www.booksonthemove.fr\/en\/produit\/concourir-histoires-et-dynamiques-des-concours-en-danse\/","name":"Concourir !? Histoires et dynamiques des concours en danse - Books on the Move","isPartOf":{"@id":"https:\/\/www.booksonthemove.fr\/#website"},"primaryImageOfPage":{"@id":"https:\/\/www.booksonthemove.fr\/en\/produit\/concourir-histoires-et-dynamiques-des-concours-en-danse\/#primaryimage"},"image":{"@id":"https:\/\/www.booksonthemove.fr\/en\/produit\/concourir-histoires-et-dynamiques-des-concours-en-danse\/#primaryimage"},"thumbnailUrl":"https:\/\/www.booksonthemove.fr\/media\/bom_3014.jpeg","datePublished":"2025-11-07T15:45:56+00:00","dateModified":"2025-11-30T18:49:56+00:00","breadcrumb":{"@id":"https:\/\/www.booksonthemove.fr\/en\/produit\/concourir-histoires-et-dynamiques-des-concours-en-danse\/#breadcrumb"},"inLanguage":"en-US","potentialAction":[{"@type":"ReadAction","target":["https:\/\/www.booksonthemove.fr\/en\/produit\/concourir-histoires-et-dynamiques-des-concours-en-danse\/"]}]},{"@type":"ImageObject","inLanguage":"en-US","@id":"https:\/\/www.booksonthemove.fr\/en\/produit\/concourir-histoires-et-dynamiques-des-concours-en-danse\/#primaryimage","url":"https:\/\/www.booksonthemove.fr\/media\/bom_3014.jpeg","contentUrl":"https:\/\/www.booksonthemove.fr\/media\/bom_3014.jpeg","width":512,"height":772},{"@type":"BreadcrumbList","@id":"https:\/\/www.booksonthemove.fr\/en\/produit\/concourir-histoires-et-dynamiques-des-concours-en-danse\/#breadcrumb","itemListElement":[{"@type":"ListItem","position":1,"name":"Accueil","item":"https:\/\/www.booksonthemove.fr\/en\/"},{"@type":"ListItem","position":2,"name":"online store","item":"https:\/\/www.booksonthemove.fr\/en\/online-shop\/"},{"@type":"ListItem","position":3,"name":"Concourir !? Histoires et dynamiques des concours en danse"}]},{"@type":"WebSite","@id":"https:\/\/www.booksonthemove.fr\/#website","url":"https:\/\/www.booksonthemove.fr\/","name":"Books on the Move","description":"librairie nomade - danse - mouvement - performance","publisher":{"@id":"https:\/\/www.booksonthemove.fr\/#organization"},"potentialAction":[{"@type":"SearchAction","target":{"@type":"EntryPoint","urlTemplate":"https:\/\/www.booksonthemove.fr\/?s={search_term_string}"},"query-input":{"@type":"PropertyValueSpecification","valueRequired":true,"valueName":"search_term_string"}}],"inLanguage":"en-US"},{"@type":"Organization","@id":"https:\/\/www.booksonthemove.fr\/#organization","name":"Books on the Move","url":"https:\/\/www.booksonthemove.fr\/","logo":{"@type":"ImageObject","inLanguage":"en-US","@id":"https:\/\/www.booksonthemove.fr\/#\/schema\/logo\/image\/","url":"https:\/\/www.booksonthemove.fr\/media\/logo-NB-400.jpg","contentUrl":"https:\/\/www.booksonthemove.fr\/media\/logo-NB-400.jpg","width":400,"height":143,"caption":"Books on the Move"},"image":{"@id":"https:\/\/www.booksonthemove.fr\/#\/schema\/logo\/image\/"},"sameAs":["https:\/\/www.facebook.com\/Librairiebooksonthemove\/"]}]}},"_links":{"self":[{"href":"https:\/\/www.booksonthemove.fr\/en\/wp-json\/wp\/v2\/product\/46426","targetHints":{"allow":["GET"]}}],"collection":[{"href":"https:\/\/www.booksonthemove.fr\/en\/wp-json\/wp\/v2\/product"}],"about":[{"href":"https:\/\/www.booksonthemove.fr\/en\/wp-json\/wp\/v2\/types\/product"}],"wp:featuredmedia":[{"embeddable":true,"href":"https:\/\/www.booksonthemove.fr\/en\/wp-json\/wp\/v2\/media\/46427"}],"wp:attachment":[{"href":"https:\/\/www.booksonthemove.fr\/en\/wp-json\/wp\/v2\/media?parent=46426"}],"wp:term":[{"taxonomy":"product_brand","embeddable":true,"href":"https:\/\/www.booksonthemove.fr\/en\/wp-json\/wp\/v2\/product_brand?post=46426"},{"taxonomy":"product_cat","embeddable":true,"href":"https:\/\/www.booksonthemove.fr\/en\/wp-json\/wp\/v2\/product_cat?post=46426"},{"taxonomy":"product_tag","embeddable":true,"href":"https:\/\/www.booksonthemove.fr\/en\/wp-json\/wp\/v2\/product_tag?post=46426"}],"curies":[{"name":"wp","href":"https:\/\/api.w.org\/{rel}","templated":true}]}}