{"id":46456,"date":"2025-12-07T14:46:20","date_gmt":"2025-12-07T13:46:20","guid":{"rendered":"https:\/\/www.booksonthemove.fr\/produit\/feministes-des-champs-du-retour-a-la-terre-a-lecologie-queer\/"},"modified":"2026-03-06T16:28:05","modified_gmt":"2026-03-06T15:28:05","slug":"feministes-des-champs-du-retour-a-la-terre-a-lecologie-queer","status":"publish","type":"product","link":"https:\/\/www.booksonthemove.fr\/en\/produit\/feministes-des-champs-du-retour-a-la-terre-a-lecologie-queer\/","title":{"rendered":"F\u00e9ministes des champs &#8211; Du retour \u00e0 la terre \u00e0 l&#8217;\u00e9cologie queer"},"content":{"rendered":"<p>Depuis les ann\u00e9es 1970, le ph\u00e9nom\u00e8ne de retour \u00e0 la terre a contribu\u00e9 \u00e0 une revitalisation politique de certaines campagnes, en interrogeant le rapport \u00e0 l\u2019agriculture et \u00e0 l\u2019alimentation, mais aussi la possibilit\u00e9 de vivre autrement : en communaut\u00e9, en vivant de peu, en repensant le couple, la famille ou encore le rapport au travail. Si l\u2019image des communes <em>hippies<\/em> est entr\u00e9e dans la culture populaire, d\u2019autres initiatives restent encore m\u00e9connues : les utopies concr\u00e8tes port\u00e9es par des personnes <em>queer<\/em>, des femmes lesbiennes s\u00e9paratistes, des f\u00e9ministes qui cherchent \u00e0 lier au quotidien reconnexion \u00e0 la nature et \u00e9mancipation par rapport aux normes de genre et de sexualit\u00e9.<\/p>\n<p>Fruit de plusieurs ann\u00e9es d\u2019enqu\u00eate sur ces vies en marge de la soci\u00e9t\u00e9 dominante, qui disent tant des d\u00e9fis et impasses auxquels cette derni\u00e8re est confront\u00e9e, cet ouvrage permet d\u2019analyser des mani\u00e8res de vivre la d\u00e9croissance, en repensant la notion de communaut\u00e9 et le rapport au milieu de vie. Il souligne le renouvellement de l\u2019imaginaire politique qui s\u2019op\u00e8re, et la multiplicit\u00e9 des cultures \u00e9cof\u00e9ministes.<\/p>\n","protected":false},"excerpt":{"rendered":"<p class=\"bodytext\"><strong>AUTEURE :<\/strong> Constance Rimlinger<br \/>\n<strong>\u00c9DITEUR :<\/strong> Puf (2024)<\/p>\n<p><strong>BROCH\u00c9 :<\/strong> 296 pages<br \/>\n<strong>LANGUE :<\/strong> Fran\u00e7ais<br \/>\n<strong>ISBN :<\/strong> 978 2 130 85425 8<\/p>\n","protected":false},"featured_media":46455,"template":"","meta":[],"product_brand":[],"product_cat":[658,146,162],"product_tag":[],"class_list":{"0":"post-46456","1":"product","2":"type-product","3":"status-publish","4":"has-post-thumbnail","6":"product_cat-ecofeminisme-en","7":"product_cat-theoretical-texts-en","8":"product_cat-french-en","10":"first","11":"outofstock","12":"taxable","13":"shipping-taxable","14":"purchasable","15":"product-type-simple"},"yoast_head":"<!-- This site is optimized with the Yoast SEO plugin v27.4 - https:\/\/yoast.com\/product\/yoast-seo-wordpress\/ -->\n<title>F\u00e9ministes des champs - Du retour \u00e0 la terre \u00e0 l&#039;\u00e9cologie queer - Books on the Move<\/title>\n<meta name=\"robots\" content=\"index, follow, max-snippet:-1, max-image-preview:large, max-video-preview:-1\" \/>\n<link rel=\"canonical\" href=\"https:\/\/www.booksonthemove.fr\/en\/produit\/feministes-des-champs-du-retour-a-la-terre-a-lecologie-queer\/\" \/>\n<meta property=\"og:locale\" content=\"en_US\" \/>\n<meta property=\"og:type\" content=\"article\" \/>\n<meta property=\"og:title\" content=\"F\u00e9ministes des champs - Du retour \u00e0 la terre \u00e0 l&#039;\u00e9cologie queer - Books on the Move\" \/>\n<meta property=\"og:description\" content=\"AUTEURE : Constance Rimlinger \u00c9DITEUR : Puf (2024) BROCH\u00c9 : 296 pages LANGUE : Fran\u00e7ais ISBN : 978 2 130 85425 8\" \/>\n<meta property=\"og:url\" content=\"https:\/\/www.booksonthemove.fr\/en\/produit\/feministes-des-champs-du-retour-a-la-terre-a-lecologie-queer\/\" \/>\n<meta property=\"og:site_name\" content=\"Books on the Move\" \/>\n<meta property=\"article:publisher\" content=\"https:\/\/www.facebook.com\/Librairiebooksonthemove\/\" \/>\n<meta property=\"article:modified_time\" content=\"2026-03-06T15:28:05+00:00\" \/>\n<meta property=\"og:image\" content=\"https:\/\/www.booksonthemove.fr\/media\/bom_3018.jpg\" \/>\n\t<meta property=\"og:image:width\" content=\"885\" \/>\n\t<meta property=\"og:image:height\" content=\"1257\" \/>\n\t<meta property=\"og:image:type\" content=\"image\/jpeg\" \/>\n<meta name=\"twitter:card\" content=\"summary_large_image\" \/>\n<script type=\"application\/ld+json\" class=\"yoast-schema-graph\">{\"@context\":\"https:\\\/\\\/schema.org\",\"@graph\":[{\"@type\":\"WebPage\",\"@id\":\"https:\\\/\\\/www.booksonthemove.fr\\\/en\\\/produit\\\/feministes-des-champs-du-retour-a-la-terre-a-lecologie-queer\\\/\",\"url\":\"https:\\\/\\\/www.booksonthemove.fr\\\/en\\\/produit\\\/feministes-des-champs-du-retour-a-la-terre-a-lecologie-queer\\\/\",\"name\":\"F\u00e9ministes des champs - Du retour \u00e0 la terre \u00e0 l'\u00e9cologie queer - Books on the Move\",\"isPartOf\":{\"@id\":\"https:\\\/\\\/www.booksonthemove.fr\\\/#website\"},\"primaryImageOfPage\":{\"@id\":\"https:\\\/\\\/www.booksonthemove.fr\\\/en\\\/produit\\\/feministes-des-champs-du-retour-a-la-terre-a-lecologie-queer\\\/#primaryimage\"},\"image\":{\"@id\":\"https:\\\/\\\/www.booksonthemove.fr\\\/en\\\/produit\\\/feministes-des-champs-du-retour-a-la-terre-a-lecologie-queer\\\/#primaryimage\"},\"thumbnailUrl\":\"https:\\\/\\\/www.booksonthemove.fr\\\/media\\\/bom_3018.jpg\",\"datePublished\":\"2025-12-07T13:46:20+00:00\",\"dateModified\":\"2026-03-06T15:28:05+00:00\",\"breadcrumb\":{\"@id\":\"https:\\\/\\\/www.booksonthemove.fr\\\/en\\\/produit\\\/feministes-des-champs-du-retour-a-la-terre-a-lecologie-queer\\\/#breadcrumb\"},\"inLanguage\":\"en-US\",\"potentialAction\":[{\"@type\":\"ReadAction\",\"target\":[\"https:\\\/\\\/www.booksonthemove.fr\\\/en\\\/produit\\\/feministes-des-champs-du-retour-a-la-terre-a-lecologie-queer\\\/\"]}]},{\"@type\":\"ImageObject\",\"inLanguage\":\"en-US\",\"@id\":\"https:\\\/\\\/www.booksonthemove.fr\\\/en\\\/produit\\\/feministes-des-champs-du-retour-a-la-terre-a-lecologie-queer\\\/#primaryimage\",\"url\":\"https:\\\/\\\/www.booksonthemove.fr\\\/media\\\/bom_3018.jpg\",\"contentUrl\":\"https:\\\/\\\/www.booksonthemove.fr\\\/media\\\/bom_3018.jpg\",\"width\":885,\"height\":1257},{\"@type\":\"BreadcrumbList\",\"@id\":\"https:\\\/\\\/www.booksonthemove.fr\\\/en\\\/produit\\\/feministes-des-champs-du-retour-a-la-terre-a-lecologie-queer\\\/#breadcrumb\",\"itemListElement\":[{\"@type\":\"ListItem\",\"position\":1,\"name\":\"Accueil\",\"item\":\"https:\\\/\\\/www.booksonthemove.fr\\\/en\\\/\"},{\"@type\":\"ListItem\",\"position\":2,\"name\":\"online store\",\"item\":\"https:\\\/\\\/www.booksonthemove.fr\\\/en\\\/online-shop\\\/\"},{\"@type\":\"ListItem\",\"position\":3,\"name\":\"F\u00e9ministes des champs &#8211; Du retour \u00e0 la terre \u00e0 l&rsquo;\u00e9cologie queer\"}]},{\"@type\":\"WebSite\",\"@id\":\"https:\\\/\\\/www.booksonthemove.fr\\\/#website\",\"url\":\"https:\\\/\\\/www.booksonthemove.fr\\\/\",\"name\":\"Books on the Move\",\"description\":\"librairie nomade - danse - mouvement - performance\",\"publisher\":{\"@id\":\"https:\\\/\\\/www.booksonthemove.fr\\\/#organization\"},\"potentialAction\":[{\"@type\":\"SearchAction\",\"target\":{\"@type\":\"EntryPoint\",\"urlTemplate\":\"https:\\\/\\\/www.booksonthemove.fr\\\/?s={search_term_string}\"},\"query-input\":{\"@type\":\"PropertyValueSpecification\",\"valueRequired\":true,\"valueName\":\"search_term_string\"}}],\"inLanguage\":\"en-US\"},{\"@type\":\"Organization\",\"@id\":\"https:\\\/\\\/www.booksonthemove.fr\\\/#organization\",\"name\":\"Books on the Move\",\"url\":\"https:\\\/\\\/www.booksonthemove.fr\\\/\",\"logo\":{\"@type\":\"ImageObject\",\"inLanguage\":\"en-US\",\"@id\":\"https:\\\/\\\/www.booksonthemove.fr\\\/#\\\/schema\\\/logo\\\/image\\\/\",\"url\":\"https:\\\/\\\/www.booksonthemove.fr\\\/media\\\/logo-NB-400.jpg\",\"contentUrl\":\"https:\\\/\\\/www.booksonthemove.fr\\\/media\\\/logo-NB-400.jpg\",\"width\":400,\"height\":143,\"caption\":\"Books on the Move\"},\"image\":{\"@id\":\"https:\\\/\\\/www.booksonthemove.fr\\\/#\\\/schema\\\/logo\\\/image\\\/\"},\"sameAs\":[\"https:\\\/\\\/www.facebook.com\\\/Librairiebooksonthemove\\\/\"]}]}<\/script>\n<!-- \/ Yoast SEO plugin. -->","yoast_head_json":{"title":"F\u00e9ministes des champs - Du retour \u00e0 la terre \u00e0 l'\u00e9cologie queer - Books on the Move","robots":{"index":"index","follow":"follow","max-snippet":"max-snippet:-1","max-image-preview":"max-image-preview:large","max-video-preview":"max-video-preview:-1"},"canonical":"https:\/\/www.booksonthemove.fr\/en\/produit\/feministes-des-champs-du-retour-a-la-terre-a-lecologie-queer\/","og_locale":"en_US","og_type":"article","og_title":"F\u00e9ministes des champs - Du retour \u00e0 la terre \u00e0 l'\u00e9cologie queer - Books on the Move","og_description":"AUTEURE : Constance Rimlinger \u00c9DITEUR : Puf (2024) BROCH\u00c9 : 296 pages LANGUE : Fran\u00e7ais ISBN : 978 2 130 85425 8","og_url":"https:\/\/www.booksonthemove.fr\/en\/produit\/feministes-des-champs-du-retour-a-la-terre-a-lecologie-queer\/","og_site_name":"Books on the Move","article_publisher":"https:\/\/www.facebook.com\/Librairiebooksonthemove\/","article_modified_time":"2026-03-06T15:28:05+00:00","og_image":[{"width":885,"height":1257,"url":"https:\/\/www.booksonthemove.fr\/media\/bom_3018.jpg","type":"image\/jpeg"}],"twitter_card":"summary_large_image","schema":{"@context":"https:\/\/schema.org","@graph":[{"@type":"WebPage","@id":"https:\/\/www.booksonthemove.fr\/en\/produit\/feministes-des-champs-du-retour-a-la-terre-a-lecologie-queer\/","url":"https:\/\/www.booksonthemove.fr\/en\/produit\/feministes-des-champs-du-retour-a-la-terre-a-lecologie-queer\/","name":"F\u00e9ministes des champs - Du retour \u00e0 la terre \u00e0 l'\u00e9cologie queer - Books on the Move","isPartOf":{"@id":"https:\/\/www.booksonthemove.fr\/#website"},"primaryImageOfPage":{"@id":"https:\/\/www.booksonthemove.fr\/en\/produit\/feministes-des-champs-du-retour-a-la-terre-a-lecologie-queer\/#primaryimage"},"image":{"@id":"https:\/\/www.booksonthemove.fr\/en\/produit\/feministes-des-champs-du-retour-a-la-terre-a-lecologie-queer\/#primaryimage"},"thumbnailUrl":"https:\/\/www.booksonthemove.fr\/media\/bom_3018.jpg","datePublished":"2025-12-07T13:46:20+00:00","dateModified":"2026-03-06T15:28:05+00:00","breadcrumb":{"@id":"https:\/\/www.booksonthemove.fr\/en\/produit\/feministes-des-champs-du-retour-a-la-terre-a-lecologie-queer\/#breadcrumb"},"inLanguage":"en-US","potentialAction":[{"@type":"ReadAction","target":["https:\/\/www.booksonthemove.fr\/en\/produit\/feministes-des-champs-du-retour-a-la-terre-a-lecologie-queer\/"]}]},{"@type":"ImageObject","inLanguage":"en-US","@id":"https:\/\/www.booksonthemove.fr\/en\/produit\/feministes-des-champs-du-retour-a-la-terre-a-lecologie-queer\/#primaryimage","url":"https:\/\/www.booksonthemove.fr\/media\/bom_3018.jpg","contentUrl":"https:\/\/www.booksonthemove.fr\/media\/bom_3018.jpg","width":885,"height":1257},{"@type":"BreadcrumbList","@id":"https:\/\/www.booksonthemove.fr\/en\/produit\/feministes-des-champs-du-retour-a-la-terre-a-lecologie-queer\/#breadcrumb","itemListElement":[{"@type":"ListItem","position":1,"name":"Accueil","item":"https:\/\/www.booksonthemove.fr\/en\/"},{"@type":"ListItem","position":2,"name":"online store","item":"https:\/\/www.booksonthemove.fr\/en\/online-shop\/"},{"@type":"ListItem","position":3,"name":"F\u00e9ministes des champs &#8211; Du retour \u00e0 la terre \u00e0 l&rsquo;\u00e9cologie queer"}]},{"@type":"WebSite","@id":"https:\/\/www.booksonthemove.fr\/#website","url":"https:\/\/www.booksonthemove.fr\/","name":"Books on the Move","description":"librairie nomade - danse - mouvement - performance","publisher":{"@id":"https:\/\/www.booksonthemove.fr\/#organization"},"potentialAction":[{"@type":"SearchAction","target":{"@type":"EntryPoint","urlTemplate":"https:\/\/www.booksonthemove.fr\/?s={search_term_string}"},"query-input":{"@type":"PropertyValueSpecification","valueRequired":true,"valueName":"search_term_string"}}],"inLanguage":"en-US"},{"@type":"Organization","@id":"https:\/\/www.booksonthemove.fr\/#organization","name":"Books on the Move","url":"https:\/\/www.booksonthemove.fr\/","logo":{"@type":"ImageObject","inLanguage":"en-US","@id":"https:\/\/www.booksonthemove.fr\/#\/schema\/logo\/image\/","url":"https:\/\/www.booksonthemove.fr\/media\/logo-NB-400.jpg","contentUrl":"https:\/\/www.booksonthemove.fr\/media\/logo-NB-400.jpg","width":400,"height":143,"caption":"Books on the Move"},"image":{"@id":"https:\/\/www.booksonthemove.fr\/#\/schema\/logo\/image\/"},"sameAs":["https:\/\/www.facebook.com\/Librairiebooksonthemove\/"]}]}},"_links":{"self":[{"href":"https:\/\/www.booksonthemove.fr\/en\/wp-json\/wp\/v2\/product\/46456","targetHints":{"allow":["GET"]}}],"collection":[{"href":"https:\/\/www.booksonthemove.fr\/en\/wp-json\/wp\/v2\/product"}],"about":[{"href":"https:\/\/www.booksonthemove.fr\/en\/wp-json\/wp\/v2\/types\/product"}],"wp:featuredmedia":[{"embeddable":true,"href":"https:\/\/www.booksonthemove.fr\/en\/wp-json\/wp\/v2\/media\/46455"}],"wp:attachment":[{"href":"https:\/\/www.booksonthemove.fr\/en\/wp-json\/wp\/v2\/media?parent=46456"}],"wp:term":[{"taxonomy":"product_brand","embeddable":true,"href":"https:\/\/www.booksonthemove.fr\/en\/wp-json\/wp\/v2\/product_brand?post=46456"},{"taxonomy":"product_cat","embeddable":true,"href":"https:\/\/www.booksonthemove.fr\/en\/wp-json\/wp\/v2\/product_cat?post=46456"},{"taxonomy":"product_tag","embeddable":true,"href":"https:\/\/www.booksonthemove.fr\/en\/wp-json\/wp\/v2\/product_tag?post=46456"}],"curies":[{"name":"wp","href":"https:\/\/api.w.org\/{rel}","templated":true}]}}